{"id":11493,"date":"2024-05-14T14:46:09","date_gmt":"2024-05-14T13:46:09","guid":{"rendered":"https:\/\/canaryvip.com\/?post_type=product&#038;p=11493"},"modified":"2025-08-09T14:10:34","modified_gmt":"2025-08-09T13:10:34","slug":"scuba-diving-open-water-course-tenerife","status":"publish","type":"product","link":"https:\/\/canaryvip.com\/hu\/shop\/scuba-diving-open-water-course-tenerife\/","title":{"rendered":"PADI b\u00fav\u00e1rkod\u00e1s: Tenerife"},"content":{"rendered":"<h2><strong>\ud83e\udd3f PADI ny\u00edltv\u00edzi b\u00fav\u00e1rtanfolyam Tenerife<\/strong><\/h2>\n<p>Fedezd fel a v\u00e9gs\u0151 b\u00fav\u00e1rkod\u00e1s \u00e9lm\u00e9ny\u00e9t a PADI Scuba Diving Open Water tanfolyamunkkal Tenerif\u00e9n. Szerezd meg a b\u00fav\u00e1renged\u00e9lyt, \u00e9s fedezd fel Tenerife v\u00edz alatti vil\u00e1g\u00e1nak csod\u00e1it. Tanfolyamainkat \u00fagy tervezt\u00fck, hogy felk\u00e9sz\u00edtsenek a b\u00fav\u00e1rkod\u00e1sra b\u00e1rmilyen k\u00f6r\u00fclm\u00e9nyek k\u00f6z\u00f6tt, \u00edgy Tenerife t\u00f6k\u00e9letes hely a b\u00fav\u00e1rkod\u00e1s megkezd\u00e9s\u00e9hez.<\/p>\n<h3><strong>\u23f1\ufe0f PADI ny\u00edltv\u00edzi b\u00fav\u00e1rtanfolyam: Tapasztalat nem sz\u00fcks\u00e9ges!<\/strong><\/h3>\n<ul>\n<li><strong>Tan\u00fas\u00edt\u00e1s:<\/strong> Szerezd meg a PADI Open Water bizony\u00edtv\u00e1nyt Tenerif\u00e9n, amely lehet\u0151v\u00e9 teszi, hogy a vil\u00e1g b\u00e1rmely pontj\u00e1n, bele\u00e9rtve m\u00e1s orsz\u00e1gokat is, mer\u00fclj.<\/li>\n<li><strong>Helysz\u00edn:<\/strong> Tanfolyamainkat egy Los Cristianos-i professzion\u00e1lis b\u00fav\u00e1riskol\u00e1ban tartjuk.<\/li>\n<li><strong>Id\u0151tartam:<\/strong> A tanfolyam 2-3 napig tart, 4 mer\u00fcl\u00e9st \u00e9s \u00e1tfog\u00f3 elm\u00e9leti \u00f3r\u00e1kat tartalmaz.<\/li>\n<\/ul>\n<h3><strong>\ud83c\udf0a \u00c1tfog\u00f3 b\u00fav\u00e1rleck\u00e9k Tenerif\u00e9n<\/strong><\/h3>\n<ul>\n<li><strong>K\u00e9pz\u00e9s:<\/strong> Tanulj meg b\u00fav\u00e1rkodni egy magasan k\u00e9pzett PADI oktat\u00f3val, \u00e9s mer\u00fclj maximum 18 m\u00e9teres m\u00e9lys\u00e9gig. Tapasztald meg a v\u00edz alatti vil\u00e1got, mint m\u00e9g soha, ismerd meg az \u00f3ce\u00e1ni \u00e1ramlatokat, a tengeri \u00e9l\u0151vil\u00e1got \u00e9s a v\u00edz alatti t\u00f6rv\u00e9nyeket.<\/li>\n<li><strong>Gyermek tanfolyam:<\/strong> A 10-14 \u00e9ves fiatal b\u00fav\u00e1rok a Junior PADI Open Water bizony\u00edtv\u00e1nyt is megszerezhetik, 12 m\u00e9teres mer\u00fcl\u00e9sekkel.<\/li>\n<li>Teljes felszerelts\u00e9ggel.<\/li>\n<\/ul>\n<h3><strong>\ud83d\udc22 B\u00fav\u00e1rkod\u00e1si felt\u00e9telek Tenerif\u00e9n<\/strong><\/h3>\n<ul>\n<li><strong>V\u00edzh\u0151m\u00e9rs\u00e9klet:<\/strong> Eg\u00e9sz \u00e9vben kellemes b\u00fav\u00e1rkod\u00e1si k\u00f6r\u00fclm\u00e9nyek k\u00f6z\u00f6tt, 18-25 \u00b0C (64-77 \u00b0F) k\u00f6z\u00f6tti h\u0151m\u00e9rs\u00e9kleten.<\/li>\n<li><strong>L\u00e1that\u00f3s\u00e1g:<\/strong> Tapasztalja meg a 15-30 m\u00e9teres v\u00edz alatti tiszta l\u00e1t\u00e1si viszonyokat, amelyek ide\u00e1lisak a k\u00fcl\u00f6nf\u00e9le tengeri \u00e9l\u0151l\u00e9nyek, p\u00e9ld\u00e1ul r\u00e1j\u00e1k, tekn\u0151s\u00f6k, polipok \u00e9s m\u00e1s \u00e9l\u0151l\u00e9nyek megfigyel\u00e9s\u00e9re.<\/li>\n<li><strong>K\u00e9nyelmes elhelyezked\u00e9s:<\/strong> A b\u00fav\u00e1riskola Los Cristianosban tal\u00e1lhat\u00f3, ahonnan k\u00f6nnyen megk\u00f6zel\u00edthet\u0151k a legjobb b\u00fav\u00e1rhelyek, \u00e9s Tenerife d\u00e9li r\u00e9sz\u00e9n fakultat\u00edv felsz\u00e1ll\u00e1si lehet\u0151s\u00e9ggel.<\/li>\n<\/ul>\n<h3><strong>\u2705 Mit tartalmaz a PADI tanfolyam Tenerif\u00e9n?<\/strong><\/h3>\n<ul>\n<li>Fakultat\u00edv fel- \u00e9s lesz\u00e1ll\u00e1si szolg\u00e1ltat\u00e1s.<\/li>\n<li>Tapasztalt oktat\u00f3k \u00e1ltal vezetett b\u00fav\u00e1rleck\u00e9k.<\/li>\n<li>Szekr\u00e9nyek a szem\u00e9lyes t\u00e1rgyak sz\u00e1m\u00e1ra.<\/li>\n<li>20-45 perc mer\u00fcl\u00e9si id\u0151 foglalkoz\u00e1sonk\u00e9nt.<\/li>\n<li>T\u00f6bbnyelv\u0171 \u00fatmutat\u00f3k az egy\u00e9rtelm\u0171 utas\u00edt\u00e1sok\u00e9rt.<\/li>\n<\/ul>\n<h3><strong>\u2696\ufe0f Foglal\u00e1si \u00e9s lemond\u00e1si felt\u00e9telek a tenerifei b\u00fav\u00e1rkod\u00e1shoz<\/strong><\/h3>\n<ul>\n<li><strong>Rugalmas lemond\u00e1sok:<\/strong> A mer\u00fcl\u00e9s el\u0151tt 48 \u00f3r\u00e1val lemondhatja a teljes \u00f6sszeg visszat\u00e9r\u00edt\u00e9s\u00e9\u00e9rt. Meg\u00e9rtj\u00fck, hogy a tervek v\u00e1ltozhatnak.<\/li>\n<li><strong>Id\u0151j\u00e1r\u00e1sf\u00fcgg\u0151:<\/strong> Rossz id\u0151j\u00e1r\u00e1s eset\u00e9n \u00e1t\u00fctemezheti a programot, vagy teljes visszat\u00e9r\u00edt\u00e9st kaphat. Err\u0151l legal\u00e1bb egy \u00f3r\u00e1val kor\u00e1bban t\u00e1j\u00e9koztatjuk \u00d6nt.<\/li>\n<li><strong>Orvosi k\u00f6vetelm\u00e9nyek:<\/strong> A mer\u00fcl\u00e9s el\u0151tt ki kell t\u00f6lteni egy orvosi formanyomtatv\u00e1nyt, amely biztos\u00edtja, hogy \u00d6n alkalmas a mer\u00fcl\u00e9sre.<\/li>\n<\/ul>\n<h3><strong>\ud83c\udf92 Felk\u00e9sz\u00fcl\u00e9s a b\u00fav\u00e1rkalandodra<\/strong><\/h3>\n<ul>\n<li><strong>Mit hozzon mag\u00e1val:<\/strong> F\u00fcrd\u0151ruha, szand\u00e1l, t\u00f6r\u00f6lk\u00f6z\u0151 \u00e9s az CanaryVIP jegy (kinyomtatva vagy a telefonodon).<\/li>\n<li><strong>Eg\u00e9szs\u00e9g \u00e9s biztons\u00e1g:<\/strong> A b\u00fav\u00e1rkod\u00e1s nem aj\u00e1nlott 5 h\u00f3naposn\u00e1l id\u0151sebb terheseknek. A r\u00e9sztvev\u0151knek j\u00f3l kell \u00e9rezni\u00fck magukat a v\u00edzben \u00e9s tudniuk kell \u00faszni.<\/li>\n<li><strong>Felszerel\u00e9s:<\/strong> Minden sz\u00fcks\u00e9ges b\u00fav\u00e1rfelszerel\u00e9st biztos\u00edtunk. Szem\u00e9lyes felszerel\u00e9ssel n\u00f6velheti a k\u00e9nyelmet.<\/li>\n<\/ul>\n<h3>\u2753 <strong>GYIK: A b\u00fav\u00e1rkod\u00e1ssal kapcsolatos k\u00e9rd\u00e9sek megv\u00e1laszolva<\/strong><\/h3>\n<ul>\n<li><strong>Sz\u00fcks\u00e9gem van el\u0151zetes b\u00fav\u00e1rtapasztalatra?<\/strong> Nem, tanfolyamainkat kezd\u0151knek tervezt\u00fck. Csak \u00e1lljon k\u00e9szen egy izgalmas v\u00edz alatti kalandra.<\/li>\n<li><strong>Mit vegyek fel?<\/strong> Minden sz\u00fcks\u00e9ges biztons\u00e1gi \u00e9s b\u00fav\u00e1rfelszerel\u00e9st biztos\u00edtunk.<\/li>\n<li><strong>Vannak \u00e9letkori korl\u00e1toz\u00e1sok?<\/strong> Alkalmas 10 \u00e9ves kort\u00f3l. A 10-14 \u00e9ves gyermekek a Junior Open Water tanfolyamra jelentkezhetnek.<\/li>\n<li><strong>Mi van, ha nem l\u00e1tok tekn\u0151s\u00f6ket vagy r\u00e1j\u00e1kat?<\/strong> B\u00e1r az \u00e9szlel\u00e9sek gyakoriak, nem garant\u00e1lhat\u00f3ak, mivel ez a term\u00e9szett\u0151l f\u00fcgg.<\/li>\n<\/ul>\n<h3><strong>\ud83d\udcc5 Tanfolyam r\u00e9szletei<\/strong><\/h3>\n<ul>\n<li><strong>Id\u0151tartam:<\/strong> A tanfolyam 2-3 napig tart, 4 mer\u00fcl\u00e9ssel \u00e9s elm\u00e9leti \u00f3r\u00e1kkal.<\/li>\n<li><strong>Minim\u00e1lis \u00e9letkor:<\/strong> 10 \u00e9v. A junior b\u00fav\u00e1rok (10-14 \u00e9ves koroszt\u00e1ly) 12 m\u00e9teres m\u00e9lys\u00e9gig kapnak b\u00fav\u00e1rtanfolyamot.<\/li>\n<li><strong>Tan\u00fas\u00edt\u00e1s:<\/strong> A tanfolyam elv\u00e9gz\u00e9se ut\u00e1n PADI Open Water Diver bizony\u00edtv\u00e1nyt kapsz, amely lehet\u0151v\u00e9 teszi, hogy 18 m\u00e9teres m\u00e9lys\u00e9gig mer\u00fclj b\u00e1rhol a vil\u00e1gon, mindig partnereddel egy\u00fctt.<\/li>\n<li><strong>Tanfolyam fel\u00e9p\u00edt\u00e9se:<\/strong>\n<ul>\n<li><strong>Elm\u00e9let:<\/strong> Ismerje meg a felszerel\u00e9st, a biztons\u00e1got \u00e9s a v\u00edz alatti navig\u00e1ci\u00f3t, amelyet a tanfolyam megkezd\u00e9se el\u0151tt online is elv\u00e9gezhet.<\/li>\n<li><strong>Gyakorlati gyakorlatok:<\/strong> A v\u00edz alatti \u00e9s felsz\u00edni gyakorlatokon kereszt\u00fcl szerezzen magabiztoss\u00e1got a felszerel\u00e9ssel kapcsolatban.<\/li>\n<li><strong>Mer\u00fcl\u00e9sek:<\/strong> 4 mer\u00fcl\u00e9s teljes\u00edt\u00e9se - 2 12 m\u00e9terig \u00e9s 2 18 m\u00e9terig, az elm\u00e9leti \u00e9s gyakorlati foglalkoz\u00e1sokon tanult k\u00e9szs\u00e9gek gyakorl\u00e1sa.<\/li>\n<\/ul>\n<\/li>\n<li><strong>Felszerel\u00e9s:<\/strong> A tanfolyam \u00e1ra tartalmazza az \u00f6sszes sz\u00fcks\u00e9ges felszerel\u00e9st.<\/li>\n<li><strong>Tan\u00fas\u00edt\u00e1s juniorok sz\u00e1m\u00e1ra:<\/strong> A 10-14 \u00e9ves gyermekek Junior Open Water Diver min\u0151s\u00edt\u00e9st kapnak, amely 12 m\u00e9teres mer\u00fcl\u00e9sre jogos\u00edt.<\/li>\n<\/ul>\n<h4><strong>\ud83c\udf1e K\u00e9szen \u00e1llsz a mer\u00fcl\u00e9sre?<\/strong><\/h4>\n<p>Induljon el egy felejthetetlen PADI <a href=\"https:\/\/canaryvip.com\/hu\/shop\/scuba-diving-tenerife\/\">B\u00fav\u00e1rkod\u00e1s<\/a> Ny\u00edltv\u00edzi tanfolyam Tenerif\u00e9n. Ak\u00e1r Los Cristianosb\u00f3l mer\u00fclsz, ak\u00e1r tekn\u0151s\u00f6ket figyelsz meg, vagy a vibr\u00e1l\u00f3 tengeri \u00e9letet fedezed fel, az CanaryVIP-vel val\u00f3 kalandod izgalmakat \u00e9s maradand\u00f3 eml\u00e9keket \u00edg\u00e9r.<\/p>\n<p>Foglaljon helyet m\u00e9g ma, \u00e9s mer\u00fclj\u00f6n el az \u00f3ce\u00e1n csod\u00e1iban az CanaryVIP-vel! \ud83e\udd3f\ud83d\udc22\ud83c\udf0a<\/p>","protected":false},"excerpt":{"rendered":"<p><strong>\ud83d\udd0d PADI tanfolyam Tenerife:<\/strong><br \/>\n\u2705 Biztons\u00e1gos fizet\u00e9s.<br \/>\n\ud83c\udfab PADI bizony\u00edtv\u00e1ny megszerz\u00e9se.<br \/>\n\ud83d\udc20 Tengeri \u00e9l\u0151l\u00e9nyek megfigyel\u00e9se.<br \/>\n\ud83d\ude80 2-3 nap A tanfolyam id\u0151tartama.<br \/>\n\ud83e\udd3f Biztos\u00edtott felszerel\u00e9s.<br \/>\n\ud83d\udd59 Reggeli indul\u00e1s.<br \/>\n\ud83d\udcc5 Naponta el\u00e9rhet\u0151.<br \/>\n\ud83d\ude0e Nincs sz\u00fcks\u00e9g b\u00fav\u00e1rkod\u00e1sra.<br \/>\n\ud83c\udfca\ud83c\udffc Alapfok\u00fa \u00fasz\u00e1s sz\u00fcks\u00e9ges.<br \/>\n\ud83e\udd11 Garant\u00e1ltan legjobb \u00e1r.<br \/>\n\ud83d\ude8d Opcion\u00e1lis transzfer szolg\u00e1ltat\u00e1s.<br \/>\n\ud83d\udc6a Csoportos kedvezm\u00e9nyek.<br \/>\n\ud83d\udd01 48 Lemond\u00e1si felt\u00e9telek.<br \/>\n\ud83c\udf0d Angol \u00e9s spanyol \u00fatmutat\u00f3k.<br \/>\n\ud83c\udf1f Foglaljon kor\u00e1n \u00e9s takar\u00edtson meg.<br \/>\n\ud83d\udccd Indul\u00e1s a\u00a0<a href=\"https:\/\/maps.app.goo.gl\/g9c9rZaJv7igjr3t8\">Los Cristianos<\/a>.<\/p>","protected":false},"featured_media":11503,"comment_status":"open","ping_status":"closed","template":"","meta":{"_acf_changed":false},"product_brand":[],"product_cat":[53],"product_tag":[],"class_list":{"0":"post-11493","1":"product","2":"type-product","3":"status-publish","4":"has-post-thumbnail","6":"product_cat-water-sports","7":"wcpa_has_options","9":"first","10":"instock","11":"virtual","12":"purchasable","13":"product-type-simple"},"acf":[],"wcpa_form_fields":{"wcpaData":{"product":{"product_price":370,"price_html":"From&nbsp;<span class=\"woocommerce-Price-amount amount\"><bdi>370,00&nbsp;<span class=\"woocommerce-Price-currencySymbol\">&euro;<\/span><\/bdi><\/span>","original_product_price":370,"price_including_tax":370,"price_excluding_tax":370,"product_id":{"parent":11493,"variation":false},"is_variable":false,"stock_status":"instock","stock_quantity":null,"parent_sku":"CV11493","product_attributes":[],"custom_fields":[],"is_taxable":false,"product_name":"PADI Scuba Diving: Open Water Course Tenerife","hasImage":false},"fields":{"sec_46644afc54864b":{"extra":{"key":"sec_46644afc54864b","section_id":"sec_46644afc54864b","name":"Default","status":1,"cl_rule":"show","enableCl":false,"relations":[],"toggle":true,"title_tag":"h3","show_title":false,"showPrice":"default","form_id":11507,"form_rules":{"exclude_from_discount":true,"fee_label":"Fee","disp_hide_options_price":true,"disp_show_section_price":false,"disp_show_field_price":true,"layout_option":"standard","pric_use_as_fee":false,"process_fee_as":"woo_fee"},"layout_option":"standard"},"fields":[[{"label":"\ud83d\udcc5 Date","active":true,"required":true,"elementId":"date_96644afc54866b","picker_type":"custom","picker_mode":"single","placeholder":"","description":"","tooltip":"","name":"date_96644afc54866b","label_position":"default","desc_position":"default","enablePrice":false,"className":"","enableCl":false,"relations":[{"operator":"and","rules":[{"operator":"AND","rules":{"cl_field":"radio-group_4664295c2b9c39","cl_relation":"is","cl_val":"3 Hour Trip"}}]}],"date_pic_inline":true,"date_pic_inline_hide":true,"min_date":{"type":"days","val":"1"},"max_date":{"type":"days","val":"365"},"date_pic_conf":{"disabledWeeks":[]},"price":"","cl_rule":"show","col":6,"type":"date","error":false,"enableDesign":false,"LabelColor":"","gt_translate_keys":["label","placeholder","description","tooltip"],"price_dependency":false,"cl_dependency":false,"value":""}],[{"active":true,"col":6,"relations":false,"cl_rule":"show","enableCl":false,"price":"","enablePrice":false,"className":"","label_position":"default","desc_position":"default","type":"separator","required":false,"elementId":"separator_76644afc54867a","label":"Separator Field","height":"2","separatorType":"blank","error":false,"gt_translate_keys":["label"],"price_dependency":false,"cl_dependency":false,"value":""}]]},"sec_06644afc54875a":{"extra":{"key":"sec_06644afc54875a","section_id":"sec_06644afc54875a","name":"Dive with a License","status":1,"cl_rule":"show","enableCl":false,"relations":[{"operator":false,"rules":[{"operator":"AND","rules":{"cl_field":"radio-group_26644afc548687","cl_relation":"is","cl_val":"Dive with a License"}}]}],"toggle":true,"title_tag":"h4","show_title":false,"showPrice":"default","form_id":11507,"form_rules":{"exclude_from_discount":true,"fee_label":"Fee","disp_hide_options_price":true,"disp_show_section_price":false,"disp_show_field_price":true,"layout_option":"standard","pric_use_as_fee":false,"process_fee_as":"woo_fee"},"layout_option":"standard"},"fields":[[{"contentType":"rich","active":true,"label":"","elementId":"content_46644afc54876d","value":"<p>\ud83c\udf9f\ufe0f <strong>Reservation<\/strong>: Pay only a deposit now to reserve; the rest is due on the day of the activity upon arrival.<\/p>","inline":true,"show_in_checkout":true,"name":"content_46644afc54876d","enablePrice":false,"className":"","subtype":"div","enableCl":false,"relations":false,"price":"","cl_rule":"show","col":6,"type":"content","gt_translate_keys":["label","value"],"price_dependency":false,"cl_dependency":false}],[{"active":true,"col":6,"relations":false,"cl_rule":"show","enableCl":false,"price":"","enablePrice":true,"className":"","label_position":"default","desc_position":"default","type":"select","required":false,"elementId":"select_96644afc548776","label":"\ud83e\udeaa PADI Open Water Course","name":"select_96644afc548776","values":[{"label":"1 Person (370\u20ac)","value":"1","selected":false,"tempId":"aco_6352","price":"370","gt_translate_keys":["label"]},{"label":"2 People (740\u20ac)","value":"2","selected":false,"tempId":"aco_6353","price":"740","gt_translate_keys":["label"]},{"label":"3 People (1.110\u20ac)","value":"3","selected":false,"tempId":"aco_6354","price":"1110","gt_translate_keys":["label"]},{"label":"4 People (1.480\u20ac)","value":"4","selected":false,"tempId":"aco_922","price":"1480","gt_translate_keys":["label"]}],"dropdown_type":"basic","error":false,"priceOptions":"different_for_all","pricingType":"fixed","placeholder":"Select Amount of People","is_show_price":true,"gt_translate_keys":["label","placeholder"],"price_dependency":["content_106644afc548789","content_46644afc548793","content_76644afc54879c"],"cl_dependency":false,"value":""}],[{"elementId":"separator_106644afc548780","separatorType":"fill","separatorColor":"#66a6b6","className":"","height":"6","enableCl":false,"relations":false,"cl_rule":"show","col":6,"type":"separator","gt_translate_keys":[],"price_dependency":false,"cl_dependency":false,"value":""}],[{"contentType":"plain","active":true,"label":"Deposit Now","elementId":"content_106644afc548789","value":"","inline":true,"show_in_checkout":true,"name":"content_106644afc548789","enablePrice":true,"className":"","fee_label":"","subtype":"div","enableCl":false,"relations":false,"scrollBar":false,"enableDesign":true,"LabelColor":"","LabelSize":"14px","pricingType":"custom","isTemplate":false,"price":"{field.select_96644afc548776.price}*0.1581081","use_as_fee":false,"is_show_price":false,"cl_rule":"show","col":6,"type":"content","error":false,"formulaId":"fmla_1715641843927697789","gt_translate_keys":["label","value"],"price_dependency":false,"cl_dependency":false}],[{"contentType":"plain","active":true,"label":"Payment at Arrival","elementId":"content_46644afc548793","value":"","inline":true,"show_in_checkout":true,"name":"content_46644afc548793","enablePrice":true,"className":"","fee_label":"","subtype":"div","enableCl":false,"relations":[{"operator":false,"rules":[{"operator":"AND","rules":{"cl_field":"content_86644afc5486bd","cl_relation":"is_not_empty","cl_val":""}}]}],"scrollBar":false,"enableDesign":true,"LabelColor":"","LabelSize":"14px","pricingType":"custom","isTemplate":false,"price":"{field.select_96644afc548776.price}*0.8418919","use_as_fee":false,"is_show_price":true,"cl_rule":"disable","col":6,"type":"content","error":false,"formulaId":"fmla_1715642020961697970","gt_translate_keys":["label","value"],"price_dependency":false,"cl_dependency":false}],[{"contentType":"plain","active":true,"label":"Total Amount","elementId":"content_76644afc54879c","value":"","inline":true,"show_in_checkout":true,"name":"content_76644afc54879c","enablePrice":true,"className":"","fee_label":"","subtype":"div","enableCl":false,"relations":[{"operator":false,"rules":[{"operator":"AND","rules":{"cl_field":"content_86644afc5486bd","cl_relation":"is_not_empty","cl_val":""}}]}],"scrollBar":false,"enableDesign":true,"LabelColor":"","LabelSize":"14px","pricingType":"custom","isTemplate":false,"price":"{field.select_96644afc548776.price}","use_as_fee":false,"is_show_price":true,"cl_rule":"disable","col":6,"type":"content","error":false,"gt_translate_keys":["label","value"],"price_dependency":false,"cl_dependency":false}]]},"sec_16644afc54879d":{"extra":{"key":"sec_16644afc54879d","section_id":"sec_16644afc54879d","name":"Pickup Location","status":1,"cl_rule":"show","enableCl":false,"relations":[],"toggle":true,"title_tag":"h4","show_title":false,"showPrice":"default","form_id":11507,"form_rules":{"exclude_from_discount":true,"fee_label":"Fee","disp_hide_options_price":true,"disp_show_section_price":false,"disp_show_field_price":true,"layout_option":"standard","pric_use_as_fee":false,"process_fee_as":"woo_fee"},"layout_option":"standard"},"fields":[[{"active":true,"col":6,"relations":[{"operator":false,"rules":[{"operator":"AND","rules":{"cl_field":"radio-group_4664295c2b9c39","cl_relation":"is","cl_val":"3 Hour Trip"}}]}],"cl_rule":"show","enableCl":false,"price":"","enablePrice":false,"className":"","label_position":"default","desc_position":"default","type":"select","required":true,"elementId":"select_106644afc5487a6","label":"\u23f0 Departure Time","name":"select_106644afc5487a6","values":[{"label":"9:00 AM","value":"9:00","selected":true,"tempId":"aco_1450","gt_translate_keys":["label"]}],"dropdown_type":"basic","error":false,"placeholder":"","gt_translate_keys":["label","placeholder"],"price_dependency":false,"cl_dependency":false,"value":""}],[{"active":true,"col":6,"relations":false,"cl_rule":"show","enableCl":false,"price":"","enablePrice":false,"className":"","label_position":"default","desc_position":"default","type":"separator","required":false,"elementId":"separator_46644afc5487b0","label":"Separator Field","height":"1","separatorType":"blank","error":false,"gt_translate_keys":["label"],"price_dependency":false,"cl_dependency":false,"value":""}],[{"active":true,"col":6,"relations":[{"operator":false,"rules":[{"operator":false,"rules":{"cl_field":"radio-group_4664295c2b9c39","cl_relation":"is_not","cl_val":"4.5 Hour Trip from North Tenerife"}}]}],"cl_rule":"show","enableCl":false,"price":"","enablePrice":false,"className":"","label_position":"default","desc_position":"default","type":"text","subtype":"text","required":false,"elementId":"text_66644afc5487b9","label":"\ud83d\ude8c Pickup Location","name":"text_66644afc5487b9","value":"","error":false,"description":"Pick-up service in Tenerife South available for an extra 2\u20ac per person, to be paid on arrival. Please provide your address or hotel name to book the shuttle service; if not needed, leave it blank. | For Callao Salvaje and Palm-Mar, the extra cost is 4\u20ac per person | El M\u00e9dano: 15\u20ac per car | Golf del Sur: 10\u20ac per car.","repeater":false,"repeater_field_label":"{field_label}","repeater_bind":"","gt_translate_keys":["label","description","value","repeater_field_label"],"price_dependency":false,"cl_dependency":false}]]}},"config":{"price_override":"always","enable_recaptcha":false,"bind_quantity":false,"quantity_bind_formula":false,"disp_summ_show_option_price":true,"disp_summ_show_product_price":false,"disp_summ_show_total_price":false,"disp_summ_show_fee":true,"disp_summ_show_discount":true,"summary_title":"","options_total_label":"Options Price","total_label":"Deposit Amount","options_product_label":"Product Price","fee_label":"Fee","discount_label":"Discount","has_price":true,"has_quantity_formula":false},"mc_unit":1,"tax_rate":1,"tax_rate_real":1,"discount":{"percentage":0,"fixed":0},"design":{"conf":{"LabelPosition":"above","DescPosition":"above","UploadField":"custom_1","QuantityFieldStyle":"custom_1"},"css":{"LeftLabelWidth":"120px"}},"formulas":{"fmla_1715641843927697789":"(({field.select_5483136313.value}>=3)?(24):(({field.select_5483136313.value}>=2)?(38):(({field.select_5483136313.value}>=1)?(52):(0))))","fmla_1715642020961697970":"(({field.select_5483136313.value}>=3)?(56):(({field.select_5483136313.value}>=2)?(112):(({field.select_5483136313.value}>=1)?(168):(0))))"},"lookuptables":[],"clones":false,"cartKey":false}},"_links":{"self":[{"href":"https:\/\/canaryvip.com\/hu\/wp-json\/wp\/v2\/product\/11493","targetHints":{"allow":["GET"]}}],"collection":[{"href":"https:\/\/canaryvip.com\/hu\/wp-json\/wp\/v2\/product"}],"about":[{"href":"https:\/\/canaryvip.com\/hu\/wp-json\/wp\/v2\/types\/product"}],"replies":[{"embeddable":true,"href":"https:\/\/canaryvip.com\/hu\/wp-json\/wp\/v2\/comments?post=11493"}],"wp:featuredmedia":[{"embeddable":true,"href":"https:\/\/canaryvip.com\/hu\/wp-json\/wp\/v2\/media\/11503"}],"wp:attachment":[{"href":"https:\/\/canaryvip.com\/hu\/wp-json\/wp\/v2\/media?parent=11493"}],"wp:term":[{"taxonomy":"product_brand","embeddable":true,"href":"https:\/\/canaryvip.com\/hu\/wp-json\/wp\/v2\/product_brand?post=11493"},{"taxonomy":"product_cat","embeddable":true,"href":"https:\/\/canaryvip.com\/hu\/wp-json\/wp\/v2\/product_cat?post=11493"},{"taxonomy":"product_tag","embeddable":true,"href":"https:\/\/canaryvip.com\/hu\/wp-json\/wp\/v2\/product_tag?post=11493"}],"curies":[{"name":"wp","href":"https:\/\/api.w.org\/{rel}","templated":true}]}}