{"id":11456,"date":"2024-05-12T23:05:18","date_gmt":"2024-05-12T22:05:18","guid":{"rendered":"https:\/\/canaryvip.com\/?post_type=product&#038;p=11456"},"modified":"2026-03-05T17:06:36","modified_gmt":"2026-03-05T17:06:36","slug":"party-boat-tenerife","status":"publish","type":"product","link":"https:\/\/canaryvip.com\/hu\/shop\/party-boat-tenerife\/","title":{"rendered":"Utopia Boat Party Tenerife"},"content":{"rendered":"<h2>\ud83c\udf89 Party Boat Tenerife az CanaryVIP-vel<\/h2>\n<p><strong>Felejthetetlen sz\u00f3rakoz\u00e1s az CanaryVIP-vel:<\/strong> Mer\u00fclj\u00f6n el egy rendk\u00edv\u00fcli kalandban a Party Boat Tenerife jegyeinkkel. A Puerto Col\u00f3nb\u00f3l indul\u00f3, \u00e9l\u00e9nk zene, leny\u0171g\u00f6z\u0151 naps\u00fct\u00e9s \u00e9s kozmopolita t\u00f6meg jellemzi ezt a fergeteges utaz\u00e1st.<\/p>\n<p><strong>CanaryVIP<\/strong> Az CanaryVIP jegyeket k\u00edn\u00e1l a legizgalmasabb tenerifei haj\u00f3s partikra, egyed\u00fcl\u00e1ll\u00f3 \u00e9s felejthetetlen \u00e9lm\u00e9nyt \u00edg\u00e9rve, amely egy izgalmas el\u0151buli, egy energikus haj\u00f3z\u00e1s \u00e9s egy izgalmas afterparty kever\u00e9ke.<\/p>\n<p><strong>V\u00e9gs\u0151 parti \u00e9lm\u00e9ny:<\/strong>\u00a0: Csatlakozzon hozz\u00e1nk ezen a semmihez sem hasonl\u00edthat\u00f3 \u00fcnneps\u00e9gen. House, RnB, Hip Hop, DnB, EDM \u00e9s Reggaeton figyelemre m\u00e9lt\u00f3 kever\u00e9ke, mindezt egy cs\u00facsmin\u0151s\u00e9g\u0171 hangrendszerrel. Profi DJ-k \u00e9s MC-k gondoskodnak a non-stop sz\u00f3rakoztat\u00e1sr\u00f3l, \u00edgy ez lesz a t\u00f6k\u00e9letes bulihaj\u00f3-\u00e9lm\u00e9ny Tenerif\u00e9n.<\/p>\n<h3>\ud83c\udf9f\ufe0f Jegyopci\u00f3k<\/h3>\n<p>Minden jegy tartalmazza a bel\u00e9p\u00e9st egy legend\u00e1s 3 \u00f3r\u00e1s haj\u00f3bulira, ahol House, RnB, Hip Hop, DnB, EDM \u00e9s Reggaeton zen\u00e9t j\u00e1tszanak a legjobb rezidens DJ-k \u00e9s MC-k, egy hatalmas, 15 000 wattos Utopia hangrendszer \u00e9s ingyenes professzion\u00e1lis online fot\u00f3k. V\u00e1lasszon a k\u00f6vetkez\u0151 jegyopci\u00f3k k\u00f6z\u00fcl:<\/p>\n<ul>\n<li><strong>Alapjegy:<\/strong> Tartalmaz 4 italt helyi szeszes italok (rum, whisky, gin, vodka, k\u00f3kuszlik\u0151r, amaretto), Victoria M\u00e1laga s\u00f6r vagy \u00fcd\u00edt\u0151italok (k\u00f3la, narancs, citrom, sprite) k\u00f6z\u00fcl.<\/li>\n<li><strong>Standard Open Bar jegy:<\/strong> Tartalmaz egy korl\u00e1tlan 3 \u00f3r\u00e1s nyitott b\u00e1rt helyi s\u00f6r\u00f6kkel, szeszes italokkal \u00e9s mixerekkel.<\/li>\n<li><strong>Pr\u00e9mium italok jegye:<\/strong> Korl\u00e1tlan mennyis\u00e9g\u0171 pr\u00e9mium m\u00e1rk\u00e1j\u00fa szeszes italt tartalmaz, mint p\u00e9ld\u00e1ul Absolut Vodka, Bacardi, Havanna, Beefeater Gin (norm\u00e1l \u00e9s r\u00f3zsasz\u00edn), Disaronno, Malibu, Jim Beam, Ballantine's whisky, valamint Red Bull \u00e9s pr\u00e9mium kever\u0151italok.<\/li>\n<li><strong>VIP jegy:<\/strong> Tartalmazza az \u00f6sszes Pr\u00e9mium-el\u0151nyt, valamint az els\u0151bbs\u00e9gi besz\u00e1ll\u00e1st \u00e9s az exkluz\u00edv hozz\u00e1f\u00e9r\u00e9st egy priv\u00e1t VIP-helyis\u00e9ghez \u00e9s egy k\u00fcl\u00f6n b\u00e1rhoz a fed\u00e9lzeten.<\/li>\n<\/ul>\n<h3>\u2728 Party Boat Tenerife R\u00e9szletek<\/h3>\n<p><strong>\u00c1tfog\u00f3 parti csomag:<\/strong> Az utaz\u00e1s egy \u00e9l\u00e9nk el\u0151bulival kezd\u0151dik a <a href=\"https:\/\/maps.app.goo.gl\/Vt7HqjMeKHLczpy69\" target=\"_blank\" rel=\"noopener\">Fekete gy\u00f6ngysor,<\/a> ahol ingyen italokat fogyaszthatsz \u00e9s tal\u00e1lkozhatsz a buliz\u00f3 t\u00e1rsaiddal. A f\u0151 esem\u00e9ny egy <strong>3 \u00f3r\u00e1s haj\u00f3\u00fat<\/strong> a fed\u00e9lzeten <strong>Ut\u00f3pia partyhaj\u00f3,<\/strong>\u00a0, nyitott b\u00e1rral \u00e9s dinamikus zenei jelenettel, majd a Black Pearl b\u00e1rban exkluz\u00edv aj\u00e1nlatokkal egy afterpartyval folytat\u00f3dik.<\/p>\n<p><strong>Inkluz\u00edv mindenkinek:<\/strong> Ez a tev\u00e9kenys\u00e9g minden bulirajong\u00f3nak sz\u00f3l, biztos\u00edtva a sz\u00f3rakoz\u00e1s, a zene \u00e9s a t\u00e1rsas \u00e9rintkez\u00e9s kiegyens\u00falyozott kever\u00e9k\u00e9t. Ez a legjobb v\u00e1laszt\u00e1s azok sz\u00e1m\u00e1ra, akik egy vibr\u00e1l\u00f3 \u00e9s eml\u00e9kezetes <a href=\"https:\/\/canaryvip.com\/hu\/tenerife\/boat-excursions\/\">haj\u00f3s t\u00fara \u00e9lm\u00e9nye.<\/a><\/p>\n<h3>\ud83c\udf0a Mire sz\u00e1m\u00edthatsz a Teneriffai Haj\u00f3sbuli kalandodon?<\/h3>\n<ul>\n<li><strong>Izgalmas zene \u00e9s sz\u00f3rakoz\u00e1s:<\/strong>\u00a0: T\u00e1ncoljon a House, RnB, Hip Hop, DnB, EDM \u00e9s Reggaeton ritmusaira ezen a teljesen felszerelt tenerifei partyhaj\u00f3n.<\/li>\n<li><strong>Nyitott b\u00e1r:<\/strong>\u00a0: \u00c9lvezze a 3 \u00f3r\u00e1s nyitott b\u00e1rt s\u00f6r\u00f6k, helyi szeszes italok \u00e9s mixerek v\u00e1laszt\u00e9k\u00e1val a tenerifei partyhaj\u00f3s kir\u00e1ndul\u00e1s alatt.<\/li>\n<li><strong>K\u00e9nyelem \u00e9s k\u00e9nyelem:<\/strong>\u00a0: Pihenjen k\u00e9nyelmes \u00fcl\u0151helyeken, tiszta l\u00e9tes\u00edtm\u00e9nyekben \u00e9s \u00e9l\u00e9nk hangulatban.<\/li>\n<li><strong>Fest\u0151i sz\u00e9ps\u00e9g: <\/strong>: \u00c9lvezze a leny\u0171g\u00f6z\u0151 kil\u00e1t\u00e1st Tenerife partjaira, mik\u00f6zben a hull\u00e1mokon bulizik.<\/li>\n<li><strong>Els\u0151 a biztons\u00e1g: <\/strong>: A leg\u00e9nys\u00e9g egy\u00e9rtelm\u0171 ir\u00e1nymutat\u00e1sokkal \u00e9s t\u00f6bbnyelv\u0171 t\u00e1mogat\u00e1ssal az \u00d6n biztons\u00e1g\u00e1t helyezi el\u0151t\u00e9rbe.<\/li>\n<\/ul>\n<h3>\ud83d\udee5\ufe0f Felk\u00e9sz\u00fcl\u00e9s a tenerifei partyhaj\u00f3s kalandra<\/h3>\n<p>Biztos\u00edtsa a z\u00f6kken\u0151mentes \u00e9lm\u00e9nyt, hozza mag\u00e1val a f\u00fcrd\u0151ruh\u00e1j\u00e1t, naptejet, \u00e9s <strong>CanaryVIP<\/strong> jegy, ak\u00e1r digit\u00e1lisan, ak\u00e1r nyomtatott form\u00e1ban. A tengeribetegs\u00e9g kock\u00e1zat\u00e1nak cs\u00f6kkent\u00e9se \u00e9rdek\u00e9ben javasoljuk, hogy el\u0151tte \u00e9tkezzen, \u00e9s ker\u00fclje az alkoholt. A k\u00e9nyelmes utaz\u00e1s \u00e9rdek\u00e9ben fontolja meg egy utaz\u00e1si betegs\u00e9g elleni tabletta szed\u00e9s\u00e9t indul\u00e1s el\u0151tt.<\/p>\n<h3>\ud83d\udea4 Party Boat Tenerife: Tenerife: A v\u00e9gs\u0151 \u00fcnnepl\u00e9s<\/h3>\n<p>V\u00e1lassza az CanaryVIP-t az \u00d6n <strong>Party Boat Tenerife<\/strong> jegyek, verhetetlen \u00e9rt\u00e9ket \u00e9s kiv\u00e9teles szolg\u00e1ltat\u00e1st k\u00edn\u00e1lva.<br \/>\nCsatlakozzon hozz\u00e1nk a legjobb haj\u00f3s buli \u00e9lm\u00e9ny\u00e9\u00e9rt:<\/p>\n<ul>\n<li><strong>Garant\u00e1ltan a legjobb \u00e1rak:<\/strong> \u00c9lvezze a versenyk\u00e9pes \u00e1rakat egy felejthetetlen tenerifei partics\u00f3nakos \u00e9lm\u00e9ny\u00e9rt.<\/li>\n<li><strong>Csoportos kedvezm\u00e9nyek:<\/strong> Takar\u00edtson meg m\u00e9g t\u00f6bbet a csoportoknak sz\u00f3l\u00f3 k\u00fcl\u00f6nleges \u00e1rainkkal a tenerifei partyhaj\u00f3nkon.<\/li>\n<li><strong>El\u0151zetes foglal\u00e1s:<\/strong> Biztos\u00edtsa a hely\u00e9t id\u0151ben, hogy ne maradjon le err\u0151l az exkluz\u00edv partihaj\u00f3r\u00f3l Tenerif\u00e9n!<\/li>\n<li><strong>Rugalmas lemond\u00e1si felt\u00e9telek:<\/strong> Haszn\u00e1lja ki \u00fcgyf\u00e9lbar\u00e1t lemond\u00e1si felt\u00e9teleinket.<\/li>\n<li><strong>Megb\u00edzhat\u00f3 \u00fczemeltet\u0151:<\/strong> A Kan\u00e1ri-szigetek vezet\u0151 jegyszolg\u00e1ltat\u00f3jak\u00e9nt, <strong>CanaryVIP<\/strong> a tenerifei partihaj\u00f3k kedvel\u0151i sz\u00e1m\u00e1ra a legkedveltebb v\u00e1laszt\u00e1s.<\/li>\n<\/ul>\n<h3>\ud83d\ude99 Tal\u00e1lkoz\u00f3hely \u00e9s parkol\u00e1s<\/h3>\n<p><strong>Csatlakozzon hozz\u00e1nk Puerto Col\u00f3nban:<\/strong> Tal\u00e1lkozzunk a Black Pearl b\u00e1rban a tenerifei partihaj\u00f3s kalandhoz. A z\u00f6kken\u0151mentes besz\u00e1ll\u00e1s \u00e9rdek\u00e9ben legal\u00e1bb 15 perccel az indul\u00e1s el\u0151tt \u00e9rkezzen meg. A kik\u00f6t\u0151ben b\u0151s\u00e9ges parkol\u00f3 \u00e1ll rendelkez\u00e9sre, \u00edgy a Tenerife partihaj\u00f3nkhoz csatlakoz\u00f3k sz\u00e1m\u00e1ra k\u00e9nyelmes a parkol\u00e1s.<\/p>\n<h3>\ud83c\udf1f CanaryVIP \u00e1ltal\u00e1nos szerz\u0151d\u00e9si felt\u00e9telei<\/h3>\n<p>\u00c9lvezze a nyugalmat \u00e1tfog\u00f3 biztos\u00edt\u00e1sainkkal az \u00d6n kalandjaihoz. A k\u00f6vetkez\u0151ket kell tudnia:<\/p>\n<ul>\n<li><strong>Id\u0151j\u00e1r\u00e1si v\u00e9szhelyzeti tervek:<\/strong> Vesz\u00e9lyes id\u0151j\u00e1r\u00e1si k\u00f6r\u00fclm\u00e9nyek eset\u00e9n lehet\u0151s\u00e9g van a program \u00e1t\u00fctemez\u00e9s\u00e9re vagy teljes visszat\u00e9r\u00edt\u00e9sre.<\/li>\n<li><strong>Rugalmas lemond\u00e1si felt\u00e9telek:<\/strong>\n<ul>\n<li>Ingyenes lemond\u00e1s vagy \u00e1t\u00fctemez\u00e9s legfeljebb 7 nappal el\u0151re egy\u00e9ni foglal\u00e1sok eset\u00e9n.<\/li>\n<li>10 f\u0151n\u00e9l nagyobb csoportok eset\u00e9ben ingyenes lemond\u00e1s a rendezv\u00e9ny el\u0151tt 12 nappal.<\/li>\n<li>20 f\u0151 feletti csoportok sz\u00e1m\u00e1ra ingyenes lemond\u00e1s a rendezv\u00e9ny el\u0151tt 16 nappal.<\/li>\n<li>Sz\u00fcks\u00e9ged van r\u00e1, hogy <a href=\"https:\/\/canaryvip.com\/hu\/contact\/\">kapcsolatfelv\u00e9tel<\/a> a t\u00f6rl\u00e9si k\u00e9relmekhez.<\/li>\n<\/ul>\n<\/li>\n<li><strong>Meg nem jelen\u00e9s \u00e9s k\u00e9s\u0151i \u00e9rkez\u00e9s:<\/strong> A meg nem jelen\u00e9s vagy k\u00e9s\u0151i \u00e9rkez\u00e9s eset\u00e9n nem j\u00e1r visszat\u00e9r\u00edt\u00e9s. \u00dcgyeljen arra, hogy id\u0151ben \u00e9rkezzen, mivel a haj\u00f3parti jellemz\u0151en telth\u00e1zas.<\/li>\n<li><strong>Fed\u00e9lzeti viselked\u00e9s:<\/strong> A vend\u00e9gekt\u0151l elv\u00e1rj\u00e1k, hogy a sz\u00f3rakoz\u00e1s \u00e9s a biztons\u00e1gos k\u00f6rnyezetet fenntarts\u00e1k. A helytelen viselked\u00e9s a haj\u00f3r\u00f3l val\u00f3 elt\u00e1vol\u00edt\u00e1st eredm\u00e9nyezheti, visszat\u00e9r\u00edt\u00e9s n\u00e9lk\u00fcl.<\/li>\n<li><strong>Tengeribetegs\u00e9g \u00e9s \u00fatvonalv\u00e1ltoztat\u00e1sok:<\/strong> Ha tengeribetegs\u00e9g l\u00e9p fel, \u00e9s az \u00fatvonalat m\u00f3dos\u00edtani kell, nem j\u00e1r visszat\u00e9r\u00edt\u00e9s.<\/li>\n<li><strong>Panaszok:<\/strong> B\u00e1rmilyen probl\u00e9m\u00e1t az esem\u00e9ny napj\u00e1n a haj\u00f3 szem\u00e9lyzet\u00e9vel kell megbesz\u00e9lni, mivel az CanaryVIP szem\u00e9lyzete nincs jelen a haj\u00f3n.<\/li>\n<\/ul>\n<p>Foglaljon most \u00e9s csatlakozzon hozz\u00e1nk egy felejthetetlen bulira Tenerife hull\u00e1main!<\/p>","protected":false},"excerpt":{"rendered":"<p><strong>\ud83d\udd0d Boat Party Tenerife:<\/strong><br \/>\n\u2705 Biztons\u00e1gos fizet\u00e9s.<br \/>\n\ud83d\ude80 3h Party Boat Trip.<br \/>\n\ud83c\udf7b 3h OPEN BAR Tartalmazza.<br \/>\n\ud83d\udcc6 Szombatonk\u00e9nt 12:30-kor.<br \/>\n\ud83c\udfb6 DJ-k \u00e9s zene.<br \/>\n\ud83d\udeab CSAK +18 \u00e9v.<br \/>\n\ud83e\udd11 Garant\u00e1ltan legjobb \u00e1r.<br \/>\n\ud83c\udf1f Foglaljon most \u00e9s sp\u00f3roljon!<br \/>\n\ud83d\udccd Indul\u00e1s a\u00a0<a href=\"https:\/\/www.google.com\/maps\/place\/Puerto+Col%C3%B3n\/@28.0783432,-16.7368735,18.52z\/data=!4m6!3m5!1s0xc6a9743509c9ebf:0xd62345524f768247!8m2!3d28.0789928!4d-16.7359737!16s%2Fg%2F11c6cqryw_?entry=tts\">Puerto Colon<\/a>.<\/p>","protected":false},"featured_media":11461,"comment_status":"open","ping_status":"closed","template":"","meta":{"_acf_changed":false},"product_brand":[],"product_cat":[46],"product_tag":[],"class_list":{"0":"post-11456","1":"product","2":"type-product","3":"status-publish","4":"has-post-thumbnail","6":"product_cat-boat-excursions","7":"wcpa_has_options","9":"first","10":"instock","11":"sale","12":"virtual","13":"purchasable","14":"product-type-simple"},"acf":[],"wcpa_form_fields":{"wcpaData":{"product":{"product_price":70,"price_html":"From&nbsp;<del aria-hidden=\"true\"><span class=\"woocommerce-Price-amount amount\"><bdi>75,00&nbsp;<span class=\"woocommerce-Price-currencySymbol\">&euro;<\/span><\/bdi><\/span><\/del> <span class=\"screen-reader-text\">Az eredeti \u00e1r: 75,00&nbsp;&euro;.<\/span><ins aria-hidden=\"true\"><span class=\"woocommerce-Price-amount amount\"><bdi>70,00&nbsp;<span class=\"woocommerce-Price-currencySymbol\">&euro;<\/span><\/bdi><\/span><\/ins><span class=\"screen-reader-text\">A jelenlegi \u00e1r: 70,00&nbsp;&euro;.<\/span>","original_product_price":75,"price_including_tax":70,"price_excluding_tax":70,"product_id":{"parent":11456,"variation":false},"is_variable":false,"stock_status":"instock","stock_quantity":null,"parent_sku":"CV11456","product_attributes":[],"custom_fields":[],"is_taxable":false,"product_name":"Utopia Boat Party Tenerife","hasImage":false},"fields":{"sec_06641441f5ff23":{"extra":{"key":"sec_06641441f5ff23","section_id":"sec_06641441f5ff23","name":"Default","status":1,"cl_rule":"show","enableCl":false,"relations":[],"toggle":true,"title_tag":"h3","show_title":false,"showPrice":"default","form_id":11462,"form_rules":{"exclude_from_discount":true,"fee_label":"Fee","disp_hide_options_price":true,"disp_show_section_price":false,"disp_show_field_price":true,"layout_option":"standard","pric_use_as_fee":false,"process_fee_as":"woo_fee"},"layout_option":"standard"},"fields":[[{"active":true,"col":6,"relations":false,"cl_rule":"show","enableCl":false,"price":"","enablePrice":false,"className":"oferta-especial","label_position":"default","desc_position":"default","type":"content","required":false,"elementId":"content_1421636141","label":"","name":"content_1421636141","contentType":"rich","value":"<p><strong>\ud83d\udd25 Utopia Boat Party Limited Time Offer!<br>\n<\/strong>Exclusive 5% discount automatically applied at checkout.<\/p>","error":false,"isTemplate":false,"gt_translate_keys":["label","value"],"price_dependency":false,"cl_dependency":false}],[{"label":"\ud83d\udcc5 Date","active":true,"required":true,"elementId":"date_66641441f5ff41","picker_type":"custom","picker_mode":"single","placeholder":"","description":"","tooltip":"","name":"date_66641441f5ff41","label_position":"default","desc_position":"default","enablePrice":false,"className":"","enableCl":false,"relations":[{"operator":"and","rules":[{"operator":"AND","rules":{"cl_field":"radio-group_56641441f5ff51","cl_relation":"is_not_empty","cl_val":"3 Hour Trip"}}]}],"date_pic_inline":true,"date_pic_inline_hide":true,"min_date":{"type":"days","val":"1"},"max_date":"","date_pic_conf":{"disabledWeeks":[1,2,3,4,5,0],"disabledDates":["2024-05-19","2024-05-26","2025-04-06","2025-04-13","2025-04-16","2025-04-20","2025-04-27","2025-09-01 to 2025-09-30"]},"price":"","cl_rule":"show","col":6,"type":"date","error":false,"enableDesign":false,"LabelColor":"","isWeightTemplate":false,"isTemplate":false,"min_quantity":"1","quantity_decimal":false,"quantity_step":"1","quantity_label":"Quantity","repeater_field_label":"{field_label}","repeater_bind":"","gt_translate_keys":["label","placeholder","description","tooltip","repeater_field_label","quantity_label"],"price_dependency":false,"cl_dependency":false,"value":""}],[{"active":true,"col":6,"relations":[{"operator":false,"rules":[{"operator":"AND","rules":{"cl_field":"","cl_relation":"","cl_val":""}}]}],"cl_rule":"show","enableCl":true,"price":"70","enablePrice":true,"className":"","label_position":"default","desc_position":"below","type":"radio-group","required":false,"elementId":"radio-group_86641441f5ff75","label":"","name":"radio-group_86641441f5ff75","values":[{"label":"\ud83d\udfe2 Basic Ticket (70\u20ac)","value":"Basic Ticket","selected":true,"tempId":"aco_32","tooltip":"","description":"","gt_translate_keys":["label","tooltip","description"]}],"layOut":"","error":false,"checkUi":"button","priceOptions":"fixed_for_all","pricingType":"fixed","enable_quantity":true,"quantity_label":"","min_quantity":"0","options_tooltip":true,"options_description":true,"description":"Ideal for budget-friendly fun. Includes a drinks package with 4 beverages at a discounted price.","enableDesign":false,"gt_translate_keys":["label","description","quantity_label"],"price_dependency":false,"cl_dependency":false,"value":""}],[{"active":true,"col":6,"relations":false,"cl_rule":"show","enableCl":false,"price":"","enablePrice":false,"className":"","label_position":"default","desc_position":"default","type":"separator","required":false,"elementId":"separator_1097273251","label":"Separator Field","height":"3","separatorType":"fill","error":false,"separatorColor":"#4a90e2","gt_translate_keys":["label"],"price_dependency":false,"cl_dependency":false,"value":""}],[{"label":"","active":true,"required":false,"elementId":"radio-group-0169646210","description":"Open bar with unlimited beer, local spirits, and mixers. Perfect for music and drink lovers.","name":"radio-group-0169646210","label_position":"default","desc_position":"below","enablePrice":true,"className":"","enableCl":true,"relations":[{"operator":false,"rules":[{"operator":"AND","rules":{"cl_field":"","cl_relation":"","cl_val":""}}]}],"enableDesign":false,"enable_quantity":true,"quantity_label":"","min_quantity":"0","checkUi":"button","layOut":"","options_tooltip":true,"options_description":true,"values":[{"label":"\ud83c\udf9f\ufe0f Standard Ticket (90\u20ac)","value":"Standard Ticket","selected":true,"tempId":"aco_32","tooltip":"","description":"","gt_translate_keys":["label","tooltip","description"]}],"priceOptions":"fixed_for_all","pricingType":"fixed","price":"90","cl_rule":"show","col":6,"type":"radio-group","error":false,"gt_translate_keys":["label","description","quantity_label"],"price_dependency":false,"cl_dependency":false,"value":""}],[{"elementId":"separator-0973524418","separatorType":"fill","separatorColor":"#4a90e2","className":"","height":"3","enableCl":false,"relations":false,"cl_rule":"show","col":6,"type":"separator","gt_translate_keys":[],"price_dependency":false,"cl_dependency":false,"value":""}],[{"label":"","active":true,"required":false,"elementId":"radio-group_56641441f5ffa1","name":"radio-group_56641441f5ffa1","label_position":"default","desc_position":"below","enablePrice":true,"className":"","enableCl":false,"relations":[{"operator":false,"rules":[{"operator":"AND","rules":{"cl_field":"","cl_relation":"","cl_val":""}}]}],"enable_quantity":true,"quantity_label":"","min_quantity":"0","checkUi":"button","layOut":"","options_tooltip":true,"values":[{"label":"\u2b50\ufe0f Premium Ticket (110\u20ac)","value":"Premium Ticket (95\u20ac)","selected":true,"tempId":"aco_32","tooltip":"","description":"","gt_translate_keys":["label","tooltip","description"]}],"priceOptions":"fixed_for_all","pricingType":"fixed","price":"110","cl_rule":"show","col":6,"type":"radio-group","error":false,"description":"Upgrade your experience with premium spirits like Absolut, Bacardi, Havana, and more, plus Red Bull and premium mixers.","options_description":true,"gt_translate_keys":["label","description","quantity_label"],"price_dependency":false,"cl_dependency":false,"value":""}],[{"elementId":"separator-0973774727","separatorType":"fill","separatorColor":"#4a90e2","className":"","height":"3","enableCl":false,"relations":false,"cl_rule":"show","col":6,"type":"separator","gt_translate_keys":[],"price_dependency":false,"cl_dependency":false,"value":""}],[{"label":"","active":true,"required":false,"elementId":"radio-group-1821003227","description":"The ultimate luxury experience. Access the VIP area with open bar featuring premium spirits, Red Bull, and exclusive vibes.","name":"radio-group-1821003227","label_position":"default","desc_position":"below","enablePrice":true,"className":"","enableCl":false,"relations":[{"operator":false,"rules":[{"operator":"AND","rules":{"cl_field":"","cl_relation":"","cl_val":""}}]}],"enable_quantity":true,"quantity_label":"","min_quantity":"0","checkUi":"button","layOut":"","options_tooltip":true,"options_description":true,"values":[{"label":"\ud83d\udc8e VIP Ticket (130\u20ac)","value":"VIP Ticket","selected":true,"tempId":"aco_32","tooltip":"","description":"","gt_translate_keys":["label","tooltip","description"]}],"priceOptions":"fixed_for_all","pricingType":"fixed","price":"130","cl_rule":"show","col":6,"type":"radio-group","error":false,"gt_translate_keys":["label","description","quantity_label"],"price_dependency":false,"cl_dependency":false,"value":""}],[{"elementId":"separator-0974175336","separatorType":"fill","separatorColor":"#4a90e2","className":"","height":"3","enableCl":false,"relations":false,"cl_rule":"show","col":6,"type":"separator","gt_translate_keys":[],"price_dependency":false,"cl_dependency":false,"value":""}]]}},"config":{"price_override":"always","enable_recaptcha":false,"bind_quantity":false,"quantity_bind_formula":false,"disp_summ_show_option_price":true,"disp_summ_show_product_price":false,"disp_summ_show_total_price":true,"disp_summ_show_fee":true,"disp_summ_show_discount":true,"summary_title":"","options_total_label":"Options Price","total_label":"Total Amount","options_product_label":"Product Price","fee_label":"Fee","discount_label":"Discount","has_price":true,"has_quantity_formula":false},"mc_unit":1,"tax_rate":1,"tax_rate_real":1,"discount":{"percentage":0,"fixed":0},"design":{"conf":{"LabelPosition":"above","DescPosition":"above","UploadField":"custom_1","QuantityFieldStyle":"custom_1"},"css":{"LeftLabelWidth":"120px"}},"formulas":[],"lookuptables":[],"clones":false,"cartKey":false}},"_links":{"self":[{"href":"https:\/\/canaryvip.com\/hu\/wp-json\/wp\/v2\/product\/11456","targetHints":{"allow":["GET"]}}],"collection":[{"href":"https:\/\/canaryvip.com\/hu\/wp-json\/wp\/v2\/product"}],"about":[{"href":"https:\/\/canaryvip.com\/hu\/wp-json\/wp\/v2\/types\/product"}],"replies":[{"embeddable":true,"href":"https:\/\/canaryvip.com\/hu\/wp-json\/wp\/v2\/comments?post=11456"}],"wp:featuredmedia":[{"embeddable":true,"href":"https:\/\/canaryvip.com\/hu\/wp-json\/wp\/v2\/media\/11461"}],"wp:attachment":[{"href":"https:\/\/canaryvip.com\/hu\/wp-json\/wp\/v2\/media?parent=11456"}],"wp:term":[{"taxonomy":"product_brand","embeddable":true,"href":"https:\/\/canaryvip.com\/hu\/wp-json\/wp\/v2\/product_brand?post=11456"},{"taxonomy":"product_cat","embeddable":true,"href":"https:\/\/canaryvip.com\/hu\/wp-json\/wp\/v2\/product_cat?post=11456"},{"taxonomy":"product_tag","embeddable":true,"href":"https:\/\/canaryvip.com\/hu\/wp-json\/wp\/v2\/product_tag?post=11456"}],"curies":[{"name":"wp","href":"https:\/\/api.w.org\/{rel}","templated":true}]}}