{"id":11386,"date":"2024-05-06T14:37:45","date_gmt":"2024-05-06T13:37:45","guid":{"rendered":"https:\/\/canaryvip.com\/?post_type=product&#038;p=11386"},"modified":"2025-08-09T12:38:08","modified_gmt":"2025-08-09T11:38:08","slug":"valkyrie-yacht-hire-tenerife","status":"publish","type":"product","link":"https:\/\/canaryvip.com\/hu\/shop\/valkyrie-yacht-hire-tenerife\/","title":{"rendered":"Valkyrie Boat Hire Tenerife"},"content":{"rendered":"<h2>\ud83d\udee5\ufe0f Valkyrie Yacht Charter Tenerife<\/h2>\n<p>Induljon el egy priv\u00e1t tenerifei jacht kalandra az CanaryVIP Valkyrie Yachtj\u00e1val, amely \u00f6tv\u00f6zi a luxust, a pihen\u00e9st \u00e9s az izgalmas \u00e9lm\u00e9nyt. <a href=\"https:\/\/canaryvip.com\/hu\/tenerife\/boat-hire-tenerife\/\">haj\u00f3b\u00e9rl\u00e9s<\/a> a l\u00e9legzetel\u00e1ll\u00edt\u00f3 tenerifei tengerpart ment\u00e9n. Ez a gy\u00f6ny\u00f6r\u0171 15 m\u00e9teres <em>Princess 45 Fly modell<\/em> a k\u00e9nyelem \u00e9s a st\u00edlus jegy\u00e9ben k\u00e9sz\u00fclt, \u00e9s legfeljebb 10 vend\u00e9g sz\u00e1m\u00e1ra k\u00edn\u00e1l meghitt jachtb\u00e9rl\u00e9st.<\/p>\n<h3>\u2b50\ufe0f <strong>P\u00e1ratlan luxus \u00e9s k\u00e9nyelem a fed\u00e9lzeten<\/strong><\/h3>\n<p><span style=\"text-decoration: underline;\"><strong>Fedezze fel a Valkyrie nevezetes jellemz\u0151it:<\/strong><\/span><\/p>\n<ul>\n<li>T\u00e1gas fed\u00e9lzet, amelyet pihen\u00e9sre \u00e9s fest\u0151i kil\u00e1t\u00e1sra terveztek.<\/li>\n<li>WiFi, Bluetooth hangsz\u00f3r\u00f3k \u00e9s egy k\u00e9nyelmes f\u00fcrd\u0151platform.<\/li>\n<li>Saj\u00e1t zuhanyz\u00f3val \u00e9s WC-vel ell\u00e1tott kabinok, ide\u00e1lis \u00f6lt\u00f6zk\u00f6d\u00e9shez vagy pihen\u00e9shez.<\/li>\n<li>Snorkeling felszerel\u00e9s, uszonyok \u00e9s evez\u0151lap a v\u00edzi tev\u00e9kenys\u00e9gekhez.<\/li>\n<\/ul>\n<h3>\ud83d\udea4 <strong>V\u00e1lassza ki az ide\u00e1lis Tenerife-i haj\u00f3t\u00far\u00e1t<\/strong><\/h3>\n<h4>3 \u00f3r\u00e1s utaz\u00e1s<\/h4>\n<p>Ide\u00e1lis csal\u00e1dok \u00e9s csoportok sz\u00e1m\u00e1ra, akik egy gyors, de eml\u00e9kezetes priv\u00e1t haj\u00f3kir\u00e1ndul\u00e1st keresnek Tenerif\u00e9n.<\/p>\n<ul>\n<li>Haj\u00f3zzon v\u00e9gig Tenerife leny\u0171g\u00f6z\u0151 partvid\u00e9k\u00e9n, ahol delfineket \u00e9s b\u00e1ln\u00e1kat is l\u00e1that.<\/li>\n<li>Horgonyozzon le a tiszta vizekben val\u00f3 \u00fasz\u00e1shoz, b\u00fav\u00e1rkod\u00e1shoz \u00e9s evez\u00e9shez.<\/li>\n<li>\u00c9lvezze a nyitott b\u00e1rpultot, ahol alkoholos italok, t\u00f6bbek k\u00f6z\u00f6tt cava, szeszes italok, kevert italok \u00e9s s\u00f6r\u00f6k, valamint k\u00fcl\u00f6nf\u00e9le alkoholmentes italok, hideg \u00e9s meleg italok k\u00f6z\u00fcl v\u00e1laszthat.<\/li>\n<li>K\u00f3stolja meg a s\u00fclt pizz\u00e1kat, tortill\u00e1kat \u00e9s az ig\u00e9ny szerinti forr\u00f3 paell\u00e1kat, amelyeket k\u00f6nny\u0171 harapnival\u00f3k \u00e9s el\u0151\u00e9telek v\u00e1laszt\u00e9ka eg\u00e9sz\u00edt ki.<\/li>\n<\/ul>\n<h4>5 \u00f3r\u00e1s felfedez\u00e9s<\/h4>\n<p>Fedezze fel Tenerife tengerparti sz\u00e9ps\u00e9geit, \u00e9s t\u00f6lts\u00f6n t\u00f6bb id\u0151t v\u00edzi tev\u00e9kenys\u00e9gekkel.<\/p>\n<ul>\n<li>Navig\u00e1ljon Tenerife figyelemre m\u00e9lt\u00f3 partvid\u00e9k\u00e9n, \u00e9s tartsa szemmel a tengeri \u00e9l\u0151vil\u00e1got.<\/li>\n<li>Horgonyozzon le az Arme\u00f1ime-\u00f6b\u00f6l k\u00f6zel\u00e9ben, ahol sznorkelezhet, \u00faszhat vagy pihenhet a fed\u00e9lzeten.<\/li>\n<li>K\u00e9nyeztesse mag\u00e1t \u00ednyenc harapnival\u00f3kkal, k\u00f6zt\u00fck pizz\u00e1kkal, tortill\u00e1kkal \u00e9s szem\u00e9lyre szabott forr\u00f3 paell\u00e1kkal, valamint k\u00f6nny\u0171 falatokkal \u00e9s el\u0151\u00e9telekkel t\u00e1lc\u00e1kon.<\/li>\n<li>K\u00f3stolja meg a teljes nyitott b\u00e1rt alkoholos \u00e9s alkoholmentes italokkal, valamint az eg\u00e9sz \u00fat sor\u00e1n felszolg\u00e1lt forr\u00f3 k\u00e1v\u00e9t.<\/li>\n<\/ul>\n<h4>8 \u00f3r\u00e1s Grand Tour<\/h4>\n<p>Mer\u00fclj\u00f6n el Tenerife tengerparti csod\u00e1iban, \u00e9s l\u00e1togasson el Los Gigantesba \u00e9s Masc\u00e1ba.<\/p>\n<ul>\n<li>Vitorl\u00e1zzon el a dr\u00e1mai szikl\u00e1k \u00e9s \u00f6bl\u00f6k mellett, t\u00f6bbsz\u00f6r meg\u00e1llva a v\u00edzi tev\u00e9kenys\u00e9gekhez.<\/li>\n<li>Horgonyozzon le leny\u0171g\u00f6z\u0151 helyeken, ahol \u00faszhat, vacsor\u00e1zhat \u00e9s \u00e9lvezheti Tenerife hihetetlen t\u00e1jait.<\/li>\n<li>\u00c9lvezze az \u00e1tfog\u00f3 \u00e9tkez\u00e9si \u00e9lm\u00e9nyt s\u00fclt pizz\u00e1kkal, tortill\u00e1kkal, rendel\u00e9sre k\u00e9sz\u00edtett forr\u00f3 paell\u00e1kkal, valamint k\u00f6nny\u0171 harapnival\u00f3kkal \u00e9s el\u0151\u00e9telekkel teli t\u00e1lc\u00e1kkal.<\/li>\n<li>\u00c9lvezze a nyitott b\u00e1rban kaphat\u00f3 italok sz\u00e9les v\u00e1laszt\u00e9k\u00e1t, \u00edgy biztos\u00edtva a friss\u00edt\u0151 \u00e9lm\u00e9nyt a kaland sor\u00e1n.<\/li>\n<\/ul>\n<h3>\u2705 <strong>All-inclusive szolg\u00e1ltat\u00e1s a tenerifei mag\u00e1njacht kalandj\u00e1hoz<\/strong><\/h3>\n<ul>\n<li>Korl\u00e1tlan italok \u00e9s \u00ednyenc falatok minden koroszt\u00e1ly sz\u00e1m\u00e1ra.<\/li>\n<li>Bar\u00e1ts\u00e1gos, t\u00f6bb nyelven besz\u00e9l\u0151, seg\u00edt\u0151k\u00e9sz szem\u00e9lyzet, k\u00f6zt\u00fck egy kapit\u00e1ny \u00e9s egy pinc\u00e9rn\u0151.<\/li>\n<li>Kiv\u00e1l\u00f3 min\u0151s\u00e9g\u0171 b\u00fav\u00e1rfelszerel\u00e9s \u00e9s evez\u0151lapok a v\u00e9gtelen sz\u00f3rakoz\u00e1shoz.<\/li>\n<\/ul>\n<h3>\ud83d\udccd <strong>Kezdje a Teneriffai Haj\u00f3k\u00f6lcs\u00f6nz\u00e9s kalandj\u00e1t Las Galletasban<\/strong><\/h3>\n<p><a href=\"https:\/\/www.google.com\/maps\/place\/Marina+del+Sur+Tenerife.+Puerto+de+Las+Galletas.\/@28.0069667,-16.6636839,16z\/data=!3m1!4b1!4m6!3m5!1s0xc6aa271048d957b:0x66913daf70f663b3!8m2!3d28.006962!4d-16.661109!16s%2Fg%2F1tfzyr98?entry=tts\" target=\"_blank\" rel=\"noopener\">Las Galletas<\/a> az \u00d6n kapuja a v\u00e9gs\u0151 priv\u00e1t jachtos tenerifei utaz\u00e1shoz, amely b\u0151s\u00e9ges parkol\u00e1si lehet\u0151s\u00e9get k\u00edn\u00e1l a stresszmentes \u00e9lm\u00e9ny \u00e9rdek\u00e9ben.<\/p>\n<h4>\ud83d\udcdc <strong>K\u00f6nny\u0171 foglal\u00e1s \u00e9s egy\u00e9rtelm\u0171 ir\u00e1nyelvek<\/strong><\/h4>\n<p>Az CanaryVIP z\u00f6kken\u0151mentes foglal\u00e1si folyamatot biztos\u00edt \u00e1tl\u00e1that\u00f3 ir\u00e1nyelvekkel:<\/p>\n<ul>\n<li><strong>Id\u0151j\u00e1r\u00e1si garancia:<\/strong> Ha az id\u0151j\u00e1r\u00e1s nem megfelel\u0151, \u00e1t\u00fctemezheti a programot, vagy teljes visszat\u00e9r\u00edt\u00e9st kaphat.<\/li>\n<li><strong>Rugalmas lemond\u00e1s:<\/strong> Az utaz\u00e1s el\u0151tt 5 nappal lemondhatja a teljes \u00f6sszeg visszat\u00e9r\u00edt\u00e9s\u00e9t, a 70% eset\u00e9ben 3-5 napon bel\u00fcl, a 35% eset\u00e9ben pedig 1-3 napon bel\u00fcl.<\/li>\n<li><strong>K\u00f6nny\u0171 hozz\u00e1f\u00e9r\u00e9s\u0171 jegyek:<\/strong> Tartsa k\u00e9zn\u00e9l besz\u00e1ll\u00f3k\u00e1rty\u00e1j\u00e1t a telefonj\u00e1n a probl\u00e9mamentes besz\u00e1ll\u00e1s \u00e9rdek\u00e9ben.<\/li>\n<li><strong>\u00c1tfog\u00f3 gondoz\u00e1s:<\/strong> Ha id\u0151 el\u0151tt kell befejeznie az utaz\u00e1st, a szem\u00e9lyzet seg\u00edt (b\u00e1r visszat\u00e9r\u00edt\u00e9sre nincs lehet\u0151s\u00e9g).<\/li>\n<li><strong>Fizet\u00e9si rugalmass\u00e1g:<\/strong> V\u00e1lassza ki az \u00d6nnek legmegfelel\u0151bb fizet\u00e9si m\u00f3dot.<\/li>\n<\/ul>\n<p>Foglalja le Valkyrie Yacht haj\u00f3\u00fatj\u00e1t az CanaryVIP-vel m\u00e9g ma, hogy haj\u00f3t b\u00e9reljen Tenerif\u00e9n, \u00e9s \u00fagy \u00e9lje \u00e1t a priv\u00e1t jachtb\u00e9rl\u00e9s \u00e9lm\u00e9ny\u00e9t, mint m\u00e9g soha, felejthetetlen pillanatokat szerezve a tengeren.<\/p>","protected":false},"excerpt":{"rendered":"<p>\ud83d\udd0d <strong>Valkyrie Yacht Charter:<\/strong><br \/>\n\u2705 Biztons\u00e1gos fizet\u00e9s.<br \/>\n\ud83d\udd10 Priv\u00e1t t\u00far\u00e1k.<br \/>\n\ud83d\udee5\ufe0f 15 m\u00e9teres jacht.<br \/>\n\u23f3 Napi 3-8 \u00f3r\u00e1s t\u00far\u00e1k.<br \/>\n\ud83d\udd59 Testreszabhat\u00f3 indul\u00e1si id\u0151k.<br \/>\n\ud83c\udf74 \u00c9tkez\u00e9st \u00e9s italokat tartalmaz.<br \/>\n\ud83d\udc65 Legfeljebb 10 vend\u00e9g.<br \/>\n\ud83c\udfc4\u200d\u2640\ufe0f Paddle Boards Included.<br \/>\n\ud83e\udd3f Snorkel felszerel\u00e9s biztos\u00edtott.<br \/>\n\ud83d\udd0a J\u00e1tssza le a zen\u00e9j\u00e9t.<br \/>\n\ud83d\ude97 A sz\u00e1ll\u00edt\u00e1si szolg\u00e1ltat\u00e1s tartalmazza.<br \/>\n\ud83e\udd11 Garant\u00e1ltan legjobb \u00e1r.<br \/>\n\ud83d\udc6a Kedvezm\u00e9nyek aktiv\u00e1lva.<br \/>\n\ud83d\udd01 Ak\u00e1r 5 napos lemond\u00e1s.<br \/>\n\ud83c\udf0d T\u00f6bbnyelv\u0171 leg\u00e9nys\u00e9g.<br \/>\n\ud83c\udf1f Foglaljon kor\u00e1n \u00e9s takar\u00edtson meg!<br \/>\n\ud83d\udccd Indul\u00e1s a <a href=\"https:\/\/www.google.com\/maps\/place\/Marina+del+Sur+Tenerife.+Puerto+de+Las+Galletas.\/@28.0069667,-16.6636839,16z\/data=!3m1!4b1!4m6!3m5!1s0xc6aa271048d957b:0x66913daf70f663b3!8m2!3d28.006962!4d-16.661109!16s%2Fg%2F1tfzyr98?entry=tts\">Las Galletas<\/a>.<\/p>","protected":false},"featured_media":11387,"comment_status":"open","ping_status":"closed","template":"","meta":{"_acf_changed":false},"product_brand":[],"product_cat":[47],"product_tag":[],"class_list":{"0":"post-11386","1":"product","2":"type-product","3":"status-publish","4":"has-post-thumbnail","6":"product_cat-boat-hire-tenerife","7":"wcpa_has_options","9":"first","10":"instock","11":"virtual","12":"purchasable","13":"product-type-simple"},"acf":[],"wcpa_form_fields":{"wcpaData":{"product":{"product_price":750,"price_html":"From&nbsp;<span class=\"woocommerce-Price-amount amount\"><bdi>750,00&nbsp;<span class=\"woocommerce-Price-currencySymbol\">&euro;<\/span><\/bdi><\/span>","original_product_price":750,"price_including_tax":750,"price_excluding_tax":750,"product_id":{"parent":11386,"variation":false},"is_variable":false,"stock_status":"instock","stock_quantity":null,"parent_sku":"CV11386","product_attributes":[],"custom_fields":[],"is_taxable":false,"product_name":"Valkyrie Boat Hire Tenerife","hasImage":false},"fields":{"sec_16638eb5b2356a":{"extra":{"key":"sec_16638eb5b2356a","section_id":"sec_16638eb5b2356a","name":"Default","status":1,"cl_rule":"show","enableCl":false,"relations":[],"toggle":true,"title_tag":"h3","show_title":false,"showPrice":"default","form_id":11397,"form_rules":{"exclude_from_discount":true,"fee_label":"Fee","disp_hide_options_price":true,"disp_show_section_price":false,"disp_show_field_price":true,"layout_option":"standard","pric_use_as_fee":false,"process_fee_as":"woo_fee"},"layout_option":"standard"},"fields":[[{"label":"\ud83d\udcc5 Date","active":true,"required":true,"elementId":"date_06638eb5b2358a","picker_type":"custom","picker_mode":"single","placeholder":"","description":"","tooltip":"","name":"date_06638eb5b2358a","label_position":"default","desc_position":"default","enablePrice":false,"className":"","enableCl":false,"relations":[{"operator":"and","rules":[{"operator":"AND","rules":{"cl_field":"radio-group_565c78ffa81208","cl_relation":"is","cl_val":"3 Hour Trip"}}]}],"date_pic_inline":true,"date_pic_inline_hide":true,"min_date":{"type":"days","val":"2"},"max_date":{"type":"days","val":"365"},"date_pic_conf":{"disabledWeeks":[]},"price":"","cl_rule":"show","col":6,"type":"date","error":false,"enableDesign":false,"LabelColor":"","gt_translate_keys":["label","placeholder","description","tooltip"],"price_dependency":false,"cl_dependency":false,"value":""}],[{"contentType":"rich","active":true,"label":"","elementId":"content_86638eb5b23598","value":"<p>\ud83c\udf9f\ufe0f <strong>Reservation<\/strong>: Pay only a deposit now to reserve; the rest is due on the day of the activity upon arrival.<\/p>","inline":false,"name":"content_86638eb5b23598","enablePrice":false,"className":"","subtype":"p","enableCl":false,"relations":false,"price":"","cl_rule":"show","col":6,"type":"content","error":false,"pricingType":"custom","isTemplate":false,"is_show_price":true,"show_in_checkout":true,"gt_translate_keys":["label","value"],"price_dependency":false,"cl_dependency":false}],[{"elementId":"separator_56638eb5b235a4","separatorType":"blank","className":"","height":"3","enableCl":false,"relations":false,"cl_rule":"show","col":6,"type":"separator","error":false,"gt_translate_keys":[],"price_dependency":false,"cl_dependency":false,"value":""}],[{"active":true,"col":6,"relations":false,"cl_rule":"show","enableCl":false,"price":"","enablePrice":true,"className":"","label_position":"default","desc_position":"default","type":"select","required":true,"elementId":"select_56638eb5b235ae","label":"\u23f3 Trip Duration","name":"select_56638eb5b235ae","values":[{"label":"3 Hours (750\u20ac)","value":"1","selected":false,"tempId":"aco_556","price":"750","gt_translate_keys":["label"]},{"label":"5 Hours (1.150\u20ac)","value":"2","selected":false,"tempId":"aco_640","price":"1150","gt_translate_keys":["label"]},{"label":"8 Hours (1.600\u20ac)","value":"3","selected":false,"tempId":"aco_660","price":"1600","gt_translate_keys":["label"]}],"dropdown_type":"basic","error":false,"placeholder":"Select Trip Duration","priceOptions":"different_for_all","pricingType":"fixed","is_show_price":true,"gt_translate_keys":["label","placeholder"],"price_dependency":["content_86638eb5b235c3"],"cl_dependency":false,"value":""}],[{"elementId":"separator_86638eb5b235b9","separatorType":"fill","className":"","height":"6","enableCl":false,"relations":false,"cl_rule":"show","col":6,"type":"separator","error":false,"separatorColor":"#66a6b6","gt_translate_keys":[],"price_dependency":false,"cl_dependency":false,"value":""}],[{"active":true,"col":6,"relations":false,"cl_rule":"show","enableCl":false,"price":"{field.select_56638eb5b235ae.price}","enablePrice":true,"className":"","label_position":"default","desc_position":"default","type":"content","required":false,"elementId":"content_86638eb5b235c3","label":"Deposit Payment","name":"content_86638eb5b235c3","contentType":"plain","value":"","error":false,"pricingType":"custom","isTemplate":true,"is_show_price":false,"enableDesign":true,"scrollBar":false,"use_as_fee":false,"fee_label":"Payment Now","inline":true,"show_in_checkout":true,"subtype":"div","formulaId":"fmla_1718295979528641619","LabelSize":"14px","gt_translate_keys":["label","value"],"price_dependency":["content_36638eb5b235d5"],"cl_dependency":false}],[{"contentType":"plain","active":true,"label":"Payment at Arrival","elementId":"content_36638eb5b235cc","value":"","inline":true,"show_in_checkout":true,"name":"content_36638eb5b235cc","enablePrice":true,"className":"","fee_label":"Payment at Arrival","subtype":"div","enableCl":false,"relations":false,"scrollBar":false,"enableDesign":true,"pricingType":"custom","isTemplate":true,"price":"({field.radio-group_965c78ffa8129a.quantity}*22) + ({field.radio-group_865c78ffa812a3.quantity}*11)","use_as_fee":false,"is_show_price":true,"cl_rule":"show","col":6,"type":"content","error":false,"formulaId":"fmla_1718296441738487083","LabelSize":"14px","gt_translate_keys":["label","value"],"price_dependency":["content_36638eb5b235d5"],"cl_dependency":false}],[{"contentType":"plain","active":true,"label":"Total Price","elementId":"content_36638eb5b235d5","value":"","inline":true,"show_in_checkout":true,"name":"content_36638eb5b235d5","enablePrice":true,"className":"","fee_label":"Payment at Arrival","subtype":"div","enableCl":false,"relations":false,"scrollBar":false,"enableDesign":true,"LabelSize":"14px","pricingType":"custom","isTemplate":false,"price":"({field.content_86638eb5b235c3.price}) + ({field.content_36638eb5b235cc.price})","formulaId":"fmla_1708360988969136756","use_as_fee":false,"is_show_price":true,"cl_rule":"show","col":6,"type":"content","error":false,"gt_translate_keys":["label","value"],"price_dependency":false,"cl_dependency":false}]]},"sec_26638eb5b235d6":{"extra":{"key":"sec_26638eb5b235d6","section_id":"sec_26638eb5b235d6","name":"Pickup Location","status":1,"cl_rule":"show","enableCl":false,"relations":[],"toggle":true,"title_tag":"h4","show_title":false,"showPrice":"default","form_id":11397,"form_rules":{"exclude_from_discount":true,"fee_label":"Fee","disp_hide_options_price":true,"disp_show_section_price":false,"disp_show_field_price":true,"layout_option":"standard","pric_use_as_fee":false,"process_fee_as":"woo_fee"},"layout_option":"standard"},"fields":[[{"elementId":"separator_36638eb5b235e0","separatorType":"blank","className":"","height":"3","enableCl":false,"relations":false,"cl_rule":"show","col":6,"type":"separator","error":false,"gt_translate_keys":[],"price_dependency":false,"cl_dependency":false,"value":""}],[{"active":true,"col":6,"relations":[{"operator":false,"rules":[{"operator":"AND","rules":{"cl_field":"radio-group_565c78ffa81208","cl_relation":"is","cl_val":"3 Hour Trip"}}]}],"cl_rule":"show","enableCl":false,"price":"","enablePrice":false,"className":"","label_position":"default","desc_position":"default","type":"select","required":false,"elementId":"select_36638eb5b235e9","label":"\u23f0 Departure","name":"select_36638eb5b235e9","values":[{"label":"09:00","value":"09:00","selected":false,"tempId":"aco_1471","gt_translate_keys":["label"]},{"label":"10:00","value":"10:00","selected":false,"tempId":"aco_1472","gt_translate_keys":["label"]},{"label":"11:00","value":"11:00","selected":false,"tempId":"aco_1500","gt_translate_keys":["label"]},{"label":"12:00","value":"12:00","selected":false,"tempId":"aco_1510","gt_translate_keys":["label"]},{"label":"13:00 (1:00 PM)","value":"13:00","selected":false,"tempId":"aco_1520","gt_translate_keys":["label"]},{"label":"14:00 (2:00 PM)","value":"14:00","selected":false,"tempId":"aco_1728","gt_translate_keys":["label"]},{"label":"15:00 (3:00 PM)","value":"15:00","selected":false,"tempId":"aco_1738","gt_translate_keys":["label"]}],"dropdown_type":"basic","error":false,"placeholder":"Whichever Time is Best","gt_translate_keys":["label","placeholder"],"price_dependency":false,"cl_dependency":false,"value":""}],[{"elementId":"separator-9240792349","separatorType":"blank","className":"","height":"1","enableCl":false,"relations":false,"cl_rule":"show","col":6,"type":"separator","gt_translate_keys":[],"price_dependency":false,"cl_dependency":false,"value":""}],[{"label":"\u2705 Number of People","active":true,"required":true,"elementId":"select-6395569238","dropdown_type":"basic","placeholder":"Select Number of People","name":"select-6395569238","label_position":"default","desc_position":"default","enablePrice":false,"className":"","enableCl":false,"relations":[{"operator":false,"rules":[{"operator":"AND","rules":{"cl_field":"radio-group_565c78ffa81208","cl_relation":"is","cl_val":"3 Hour Trip"}}]}],"values":[{"label":"1 person","value":"1","selected":false,"tempId":"aco_1471","gt_translate_keys":["label"]},{"label":"2 people","value":"2","selected":false,"tempId":"aco_1472","gt_translate_keys":["label"]},{"label":"3 people","value":"3","selected":false,"tempId":"aco_1500","gt_translate_keys":["label"]},{"label":"4 people","value":"4","selected":false,"tempId":"aco_1510","gt_translate_keys":["label"]},{"label":"5 people","value":"5","selected":false,"tempId":"aco_1520","gt_translate_keys":["label"]},{"label":"6 people","value":"6","selected":false,"tempId":"aco_1728","gt_translate_keys":["label"]},{"label":"7 people","value":"7","selected":false,"tempId":"aco_1738","gt_translate_keys":["label"]},{"label":"8 people","value":"8","selected":false,"tempId":"aco_1748","gt_translate_keys":["label"]},{"label":"9 people","value":"9","selected":false,"tempId":"aco_1912","gt_translate_keys":["label"]},{"label":"10 people","value":"10","selected":false,"tempId":"aco_1922","gt_translate_keys":["label"]}],"price":"","cl_rule":"show","col":6,"type":"select","error":false,"gt_translate_keys":["label","placeholder"],"price_dependency":false,"cl_dependency":false,"value":""}],[{"elementId":"separator-8246171731","separatorType":"blank","className":"","height":"1","enableCl":false,"relations":false,"cl_rule":"show","col":6,"type":"separator","error":false,"gt_translate_keys":[],"price_dependency":false,"cl_dependency":false,"value":""}],[{"active":true,"col":6,"relations":false,"cl_rule":"show","enableCl":false,"price":"","enablePrice":false,"className":"","label_position":"default","desc_position":"default","type":"text","subtype":"text","required":false,"elementId":"text_1786063067","label":"\ud83d\ude8c Pickup Location","name":"text_1786063067","value":"","error":false,"description":"Free pick-up service in Tenerife South. Simply provide your address or hotel name.","gt_translate_keys":["label","description","value"],"price_dependency":false,"cl_dependency":false}]]}},"config":{"price_override":"always","enable_recaptcha":false,"bind_quantity":false,"quantity_bind_formula":false,"disp_summ_show_option_price":true,"disp_summ_show_product_price":false,"disp_summ_show_total_price":false,"disp_summ_show_fee":true,"disp_summ_show_discount":true,"summary_title":"","options_total_label":"Options Price","total_label":"Deposit Amount","options_product_label":"Product Price","fee_label":"Fee","discount_label":"Discount","has_price":true,"has_quantity_formula":false},"mc_unit":1,"tax_rate":1,"tax_rate_real":1,"discount":{"percentage":0,"fixed":0},"design":{"conf":{"LabelPosition":"above","DescPosition":"above","UploadField":"custom_1","QuantityFieldStyle":"custom_1"},"css":{"LeftLabelWidth":"120px"}},"formulas":{"fmla_1718295979528641619":"(({field.select_56638eb5b235ae.value}>=3)?(400):(({field.select_56638eb5b235ae.value}>=2)?(300):(({field.select_56638eb5b235ae.value}>=1)?(210):(0))))","fmla_1718296441738487083":"(({field.select_56638eb5b235ae.value}>=3)?(1200):(({field.select_56638eb5b235ae.value}>=2)?(850):(({field.select_56638eb5b235ae.value}>=1)?(540):(0))))"},"lookuptables":[],"clones":false,"cartKey":false}},"_links":{"self":[{"href":"https:\/\/canaryvip.com\/hu\/wp-json\/wp\/v2\/product\/11386","targetHints":{"allow":["GET"]}}],"collection":[{"href":"https:\/\/canaryvip.com\/hu\/wp-json\/wp\/v2\/product"}],"about":[{"href":"https:\/\/canaryvip.com\/hu\/wp-json\/wp\/v2\/types\/product"}],"replies":[{"embeddable":true,"href":"https:\/\/canaryvip.com\/hu\/wp-json\/wp\/v2\/comments?post=11386"}],"wp:featuredmedia":[{"embeddable":true,"href":"https:\/\/canaryvip.com\/hu\/wp-json\/wp\/v2\/media\/11387"}],"wp:attachment":[{"href":"https:\/\/canaryvip.com\/hu\/wp-json\/wp\/v2\/media?parent=11386"}],"wp:term":[{"taxonomy":"product_brand","embeddable":true,"href":"https:\/\/canaryvip.com\/hu\/wp-json\/wp\/v2\/product_brand?post=11386"},{"taxonomy":"product_cat","embeddable":true,"href":"https:\/\/canaryvip.com\/hu\/wp-json\/wp\/v2\/product_cat?post=11386"},{"taxonomy":"product_tag","embeddable":true,"href":"https:\/\/canaryvip.com\/hu\/wp-json\/wp\/v2\/product_tag?post=11386"}],"curies":[{"name":"wp","href":"https:\/\/api.w.org\/{rel}","templated":true}]}}