{"id":11308,"date":"2024-04-16T23:45:59","date_gmt":"2024-04-16T22:45:59","guid":{"rendered":"https:\/\/canaryvip.com\/?post_type=product&#038;p=11308"},"modified":"2025-08-09T12:39:52","modified_gmt":"2025-08-09T11:39:52","slug":"banana-boat-tenerife","status":"publish","type":"product","link":"https:\/\/canaryvip.com\/hu\/shop\/banana-boat-tenerife\/","title":{"rendered":"Ban\u00e1nhaj\u00f3 Tenerife"},"content":{"rendered":"<h2><strong>\ud83c\udf4c Banana Boat Tenerife - Vad hull\u00e1mok \u00e9s nevet\u00e9s<\/strong><\/h2>\n<p>K\u00e9sz\u00fclj\u00f6n fel egy csobban\u00e1snyi sz\u00f3rakoz\u00e1sra a mi <strong>Ban\u00e1nhaj\u00f3 Tenerife<\/strong> lovagoljatok! Ide\u00e1lisak csal\u00e1dok \u00e9s csoportok sz\u00e1m\u00e1ra, ezek a t\u00far\u00e1k a sebess\u00e9get, a csobban\u00e1st \u00e9s a nevet\u00e9st \u00f6tv\u00f6zik egy eml\u00e9kezetes nap\u00e9rt a v\u00edzen. A <strong>Ban\u00e1nhaj\u00f3 kir\u00e1ndul\u00e1sok<\/strong> id\u0151tlen m\u00f3dja annak, hogy Costa Adej\u00e9ben megtapasztalja a tenger izgalm\u00e1t.<\/p>\n<h3><strong>\ud83c\udf0a Kezdd a kalandot Puerto Col\u00f3nban<\/strong><\/h3>\n<ul>\n<li><strong>Izgalmas ind\u00edt\u00e1s:<\/strong> A ban\u00e1nhaj\u00f3s utaz\u00e1s a k\u00f6vetkez\u0151 \u00e1llom\u00e1son kezd\u0151dik <a href=\"https:\/\/maps.app.goo.gl\/bkqEhAxsobcjz9wG9\" target=\"_blank\" rel=\"noopener\">Puerto Col\u00f3n,<\/a> ahol lelkes vezet\u0151ink \u00fcdv\u00f6zlik \u00d6nt, \u00e9s egy gyors biztons\u00e1gi eligaz\u00edt\u00e1st tartanak, miel\u0151tt felsz\u00e1ll az ikonikus s\u00e1rga tutajra.<\/li>\n<li><strong>Izgalmas utaz\u00e1s:<\/strong> M\u00e1sszon fel a felf\u00fajhat\u00f3 ban\u00e1nra, \u00e9s kapaszkodjon er\u0151sen, mik\u00f6zben a motorcs\u00f3nak h\u00fazza a hull\u00e1mok ment\u00e9n. K\u00e9sz\u00fclj fel a mer\u00fcl\u00e9sekre \u00e9s a d\u00f6ccen\u00e9sekre, mik\u00f6zben nevetsz \u00e9s sikoltozol \u00f6r\u00f6m\u00f6dben bar\u00e1taiddal \u00e9s csal\u00e1doddal!<\/li>\n<\/ul>\n<h3><strong>\u2728 Mit\u0151l k\u00fcl\u00f6nlegesek a ban\u00e1nhaj\u00f3 t\u00far\u00e1ink?<\/strong><\/h3>\n<ul>\n<li><strong>Hozz\u00e1f\u00e9rhet\u0151 sz\u00f3rakoz\u00e1s:<\/strong> Mind\u00f6ssze 15 \u20ac szem\u00e9lyenk\u00e9nt biztos\u00edtja a hely\u00e9t ezen a n\u00e9pszer\u0171 v\u00edzi sporton, amely csoportok sz\u00e1m\u00e1ra is t\u00f6k\u00e9letes. Ez egy megfizethet\u0151 \u00e9s izgalmas kir\u00e1ndul\u00e1s mindenki sz\u00e1m\u00e1ra!<\/li>\n<li><strong>K\u00f6vetkezetes dics\u00e9ret:<\/strong> B\u00fcszk\u00e9k vagyunk arra az \u00f6r\u00f6mre \u00e9s nevet\u00e9sre, amit a lovasaink \u00e1ltal \u00edrt elragad\u00f3 v\u00e9lem\u00e9nyek t\u00fckr\u00f6znek. Az \u00f6n\u00f6k sz\u00f3rakoz\u00e1sa a legfontosabb sz\u00e1munkra!<\/li>\n<li><strong>Rugalmas foglal\u00e1sok:<\/strong> V\u00e1ltozott a terv? Ak\u00e1r 24 \u00f3r\u00e1val kor\u00e1bban is lemondhatja a foglal\u00e1st, \u00e9s teljes \u00f6sszeg visszat\u00e9r\u00edt\u00e9sre ker\u00fcl - elk\u00f6telezetts\u00e9g\u00fcnk, hogy megfelelj\u00fcnk az \u00d6n nyaral\u00e1si ig\u00e9nyeinek.<\/li>\n<\/ul>\n<h3><strong>\ud83d\ude80 Ban\u00e1ncs\u00f3nak\u00e1z\u00e1s Tenerif\u00e9n<\/strong><\/h3>\n<ul>\n<li><strong>Csoportdinamika:<\/strong> Tapasztalja meg az izgalmakat ak\u00e1r 12 lovassal. A k\u00f6z\u00f6s izgalom \u00e9s a k\u00f6z\u00f6s reakci\u00f3k felejthetetlen kalandot jelentenek.<\/li>\n<li><strong>Biztons\u00e1gban \u00e9s \u00e9ps\u00e9gben:<\/strong> Kik\u00e9pzett szem\u00e9lyzet\u00fcnk az elej\u00e9t\u0151l a v\u00e9g\u00e9ig biztons\u00e1gos utaz\u00e1st biztos\u00edt, \u00e9s szak\u00e9rt\u0151 gondoss\u00e1ggal kezeli a haj\u00f3t, hogy maximaliz\u00e1lja az \u00d6n \u00e9lvezet\u00e9t \u00e9s biztons\u00e1g\u00e1t.<\/li>\n<\/ul>\n<h3><strong>\ud83c\udf1f T\u00f6bb mint ban\u00e1ncs\u00f3nakok<\/strong><\/h3>\n<ul>\n<li>B\u0151v\u00edtse v\u00edzi sportkalandjait az olyan lehet\u0151s\u00e9gekkel, mint <a href=\"https:\/\/canaryvip.com\/hu\/shop\/jetski-tenerife\/\">jet ski Tenerife<\/a>, <a href=\"https:\/\/canaryvip.com\/hu\/shop\/parasailing-tenerife\/\">parasailing Tenerife<\/a>, s\u0151t <a href=\"https:\/\/canaryvip.com\/hu\/tenerife\/boat-excursions\/\">b\u00e1lnafigyel\u0151 t\u00far\u00e1k<\/a>, mind ugyanarr\u00f3l a ny\u00fczsg\u0151 helysz\u00ednr\u0151l, Puerto Col\u00f3nb\u00f3l.<\/li>\n<\/ul>\n<h3>\ud83d\udcc5 <strong>Foglalja le a Ban\u00e1nhaj\u00f3z\u00e1s Tenerif\u00e9n m\u00e9g ma<\/strong><\/h3>\n<p>Ak\u00e1r izgalomra, ak\u00e1r egy sz\u00f3rakoztat\u00f3 csoportos tev\u00e9kenys\u00e9gre v\u00e1gyik, a Ban\u00e1nhaj\u00f3 t\u00far\u00e1k t\u00f6k\u00e9letes kever\u00e9k\u00e9t k\u00edn\u00e1lj\u00e1k mindkett\u0151nek. Biztos\u00edtsa hely\u00e9t m\u00e9g ma, \u00e9s k\u00e9sz\u00fclj\u00f6n fel egy izgalmas \u00e9lm\u00e9nyre a v\u00edzen.<\/p>\n<h3>\u2705 <strong>Mit tartalmaz a ban\u00e1nhaj\u00f3z\u00e1s?<\/strong><\/h3>\n<ul>\n<li>Teljes biztons\u00e1gi eligaz\u00edt\u00e1s \u00e9s ment\u0151mell\u00e9ny minden versenyz\u0151nek.<\/li>\n<li>Egy izgalmas 10 perces utaz\u00e1s.<\/li>\n<li>A kalandr\u00f3l k\u00e9sz\u00fclt f\u00e9nyk\u00e9pek megv\u00e1s\u00e1rolhat\u00f3k, hogy meg\u00f6r\u00f6k\u00edts\u00e9k a vid\u00e1m pillanatokat.<\/li>\n<\/ul>\n<h3><strong>\u2696\ufe0f Megb\u00edzhat\u00f3 foglal\u00e1s \u00e9s egyszer\u0171 lemond\u00e1s<\/strong><\/h3>\n<ul>\n<li><strong>K\u00f6nny\u0171 foglal\u00e1s:<\/strong> Foglaljon nyugodtan, \u00e9s tudja, hogy ak\u00e1r 24 \u00f3r\u00e1val el\u0151re lemondhatja a foglal\u00e1st, \u00e9s teljes visszat\u00e9r\u00edt\u00e9st kap, ha tervei megv\u00e1ltoznak.<\/li>\n<li><strong>Mindenkit megh\u00edvunk:<\/strong> Alkalmas 10 \u00e9s 65 \u00e9v k\u00f6z\u00f6tti izgalomkeres\u0151k sz\u00e1m\u00e1ra. A p\u00e1ly\u00e1inkat \u00fagy tervezt\u00fck, hogy mindenki sz\u00e1m\u00e1ra befogad\u00f3ak \u00e9s \u00e9lvezetesek legyenek.<\/li>\n<\/ul>\n<h3><strong>\ud83c\udf92 Felk\u00e9sz\u00fcl\u00e9s az utaz\u00e1sra<\/strong><\/h3>\n<ul>\n<li><strong>Megfelel\u0151 felszerel\u00e9st viseljen:<\/strong> Gyere f\u00fcrd\u0151ruh\u00e1ban, \u00e9s k\u00e9sz\u00fclj fel, hogy vizes leszel! Ne felejts el t\u00f6r\u00f6lk\u00f6z\u0151t \u00e9s naptejet hozni a nap elleni v\u00e9delemhez.<\/li>\n<li><strong>Tartsa biztons\u00e1gban az \u00e9rt\u00e9kt\u00e1rgyakat:<\/strong> Cip\u0151it \u00e9s cs\u00fasz\u00e1smentes t\u00e1rgyait a dokkn\u00e1l l\u00e9v\u0151 biztons\u00e1gos t\u00e1rol\u00f3 dobozainkban hagyhatja. Hozzon mag\u00e1val v\u00edz\u00e1ll\u00f3 f\u00e9nyk\u00e9pez\u0151g\u00e9pet, ha szem\u00e9lyes fot\u00f3kat szeretne k\u00e9sz\u00edteni.<\/li>\n<li><strong>Eg\u00e9szs\u00e9g \u00e9s biztons\u00e1g:<\/strong> Tev\u00e9kenys\u00e9g\u00fcnk nem alkalmas terheseknek, de szinte mindenki m\u00e1snak fantasztikus! Gy\u0151z\u0151dj\u00f6n meg r\u00f3la, hogy k\u00e9szen \u00e1ll a fizikai lovagl\u00e1sra.<\/li>\n<\/ul>\n<h3>\u2753 <strong>Gyakran ism\u00e9telt k\u00e9rd\u00e9sek<\/strong><\/h3>\n<ul>\n<li><strong>R\u00e9szt vehet b\u00e1rki a Ban\u00e1nhaj\u00f3z\u00e1son?<\/strong> Igen! A Ban\u00e1nhaj\u00f3 t\u00far\u00e1k 10 \u00e9s 65 \u00e9v k\u00f6z\u00f6ttiek sz\u00e1m\u00e1ra t\u00f6k\u00e9letesek. Nincs sz\u00fcks\u00e9g el\u0151zetes \u00fasz\u00f3tud\u00e1sra, mivel minden r\u00e9sztvev\u0151t ment\u0151mell\u00e9nnyel l\u00e1tunk el.<\/li>\n<li><strong>Mire sz\u00e1m\u00edthatok az \u00fat sor\u00e1n?<\/strong> Sz\u00e1m\u00edtson arra, hogy lefr\u00f6csk\u00f6lik, lefr\u00f6csk\u00f6lik \u00e9s kinevetik (j\u00f3 hangulatban)! Minden a sz\u00f3rakoz\u00e1sr\u00f3l \u00e9s az \u00f3ce\u00e1n izgalm\u00e1nak megtapasztal\u00e1s\u00e1r\u00f3l sz\u00f3l.<\/li>\n<\/ul>\n<h4><strong>\ud83c\udf1e K\u00e9szen \u00e1llsz a lovagl\u00e1sra?<\/strong><\/h4>\n<p>Mer\u00fclj\u00f6n el a sz\u00f3rakoz\u00e1sban a Ban\u00e1ncs\u00f3nakos t\u00far\u00e1kon a <strong>CanaryVIP.<\/strong> Foglaljon most, \u00e9s k\u00e9sz\u00fclj\u00f6n fel, hogy hull\u00e1mokat kavarjon Tenerife gy\u00f6ny\u00f6r\u0171 tenger\u00e9ben!<\/p>","protected":false},"excerpt":{"rendered":"<p>\ud83d\udd0d <strong>Banana Boat Tenerife:<br \/>\n<\/strong>\u2705 Biztons\u00e1gos fizet\u00e9s.<br \/>\n\ud83d\udc65 Legfeljebb 12 lovas egy \u00fatra.<br \/>\n\ud83d\ude80 Az utaz\u00e1s 10 percig tart.<br \/>\n\ud83c\udfde\ufe0f Nagy sebess\u00e9g\u0171 utaz\u00e1sok.<br \/>\n\ud83d\udd59 A nap folyam\u00e1n.<br \/>\n\ud83d\udcc5 Naponta el\u00e9rhet\u0151.<br \/>\n\ud83e\udd11 Garant\u00e1ltan legjobb \u00e1r.<br \/>\n\ud83d\udc6a Kedvezm\u00e9nyek csoportoknak.<br \/>\n\ud83d\udd01 24 \u00f3r\u00e1s lemond\u00e1si felt\u00e9telek.<br \/>\n\ud83c\udf0d T\u00f6bbnyelv\u0171 t\u00e1mogat\u00e1s.<br \/>\n\ud83c\udf1f Foglaljon el\u0151re, hogy megtakar\u00edtson.<br \/>\n\ud83d\udccd Indul\u00e1s a <a href=\"https:\/\/maps.app.goo.gl\/bkqEhAxsobcjz9wG9\">Puerto Col\u00f3n<\/a>.<\/p>","protected":false},"featured_media":11311,"comment_status":"open","ping_status":"closed","template":"","meta":{"_acf_changed":false},"product_brand":[],"product_cat":[53],"product_tag":[],"class_list":{"0":"post-11308","1":"product","2":"type-product","3":"status-publish","4":"has-post-thumbnail","6":"product_cat-water-sports","7":"wcpa_has_options","9":"first","10":"instock","11":"virtual","12":"purchasable","13":"product-type-simple"},"acf":[],"wcpa_form_fields":{"wcpaData":{"product":{"product_price":18,"price_html":"From&nbsp;<span class=\"woocommerce-Price-amount amount\"><bdi>18,00&nbsp;<span class=\"woocommerce-Price-currencySymbol\">&euro;<\/span><\/bdi><\/span>","original_product_price":18,"price_including_tax":18,"price_excluding_tax":18,"product_id":{"parent":11308,"variation":false},"is_variable":false,"stock_status":"instock","stock_quantity":null,"parent_sku":"CV11308","product_attributes":[],"custom_fields":[],"is_taxable":false,"product_name":"Banana Boat Tenerife","hasImage":false},"fields":{"sec_7661f1665d94fb":{"extra":{"key":"sec_7661f1665d94fb","section_id":"sec_7661f1665d94fb","name":"Default","status":1,"cl_rule":"show","enableCl":false,"relations":[],"toggle":true,"title_tag":"h3","show_title":false,"showPrice":"default","form_id":11314,"form_rules":{"exclude_from_discount":true,"fee_label":"Fee","disp_hide_options_price":true,"disp_show_section_price":false,"disp_show_field_price":true,"layout_option":"standard","pric_use_as_fee":false,"process_fee_as":"woo_fee"},"layout_option":"standard"},"fields":[[{"label":"\ud83d\udcc5 Date","active":true,"required":true,"elementId":"date_3661f1665d951b","picker_type":"custom","picker_mode":"single","placeholder":"","description":"","tooltip":"","name":"date_3661f1665d951b","label_position":"default","desc_position":"default","enablePrice":false,"className":"","enableCl":false,"relations":[{"operator":"and","rules":[{"operator":"AND","rules":{"cl_field":"radio-group_5661bc90f5e8f5","cl_relation":"is_not_empty","cl_val":"3 Hour Trip"}}]}],"date_pic_inline":true,"date_pic_inline_hide":true,"min_date":{"type":"days","val":"1"},"max_date":{"type":"days","val":"365"},"date_pic_conf":{"disabledWeeks":[]},"price":"","cl_rule":"show","col":6,"type":"date","error":false,"enableDesign":false,"LabelColor":"","gt_translate_keys":["label","placeholder","description","tooltip"],"price_dependency":false,"cl_dependency":false,"value":""}],[{"active":true,"col":6,"relations":false,"cl_rule":"show","enableCl":false,"price":"","enablePrice":false,"className":"","label_position":"default","desc_position":"default","type":"select","required":true,"elementId":"select_3477053266","label":"\u23f0 Departure Time","name":"select_3477053266","values":[{"label":"Whichever Time is Best","value":"Whichever Time is Best","selected":false,"tempId":"aco_312","gt_translate_keys":["label"]},{"label":"10:30","value":"10:30","selected":false,"tempId":"aco_313","gt_translate_keys":["label"]},{"label":"11:30","value":"11:30","selected":false,"tempId":"aco_314","gt_translate_keys":["label"]},{"label":"12:30 ","value":"12:30","selected":false,"tempId":"aco_711","gt_translate_keys":["label"]},{"label":"13:30","value":"13:30","selected":false,"tempId":"aco_721","gt_translate_keys":["label"]},{"label":"14:30","value":"14:30","selected":false,"tempId":"aco_983","gt_translate_keys":["label"]},{"label":"15:30","value":"15:30","selected":false,"tempId":"aco_993","gt_translate_keys":["label"]},{"label":"16:30","value":"16:30","selected":false,"tempId":"aco_1183","gt_translate_keys":["label"]}],"dropdown_type":"basic","error":false,"multiple":false,"placeholder":"None","gt_translate_keys":["label","placeholder"],"price_dependency":false,"cl_dependency":false,"value":""}],[{"active":true,"col":6,"relations":[{"operator":false,"rules":[{"operator":"AND","rules":{"cl_field":"","cl_relation":"","cl_val":""}}]}],"cl_rule":"show","enableCl":true,"price":"18","enablePrice":true,"className":"","label_position":"default","desc_position":"default","type":"radio-group","required":false,"elementId":"radio-group_0661f1665d9537","label":"","name":"radio-group_0661f1665d9537","values":[{"label":"\ud83d\udc64 People (18\u20ac)","value":"People","selected":true,"tempId":"aco_32","tooltip":"","description":"","gt_translate_keys":["label","tooltip","description"]}],"layOut":"","error":false,"checkUi":"button","priceOptions":"fixed_for_all","pricingType":"fixed","enable_quantity":true,"quantity_label":"","min_quantity":"0","options_tooltip":true,"options_description":true,"is_show_price":true,"gt_translate_keys":["label","quantity_label"],"price_dependency":["content_2802764779","content-8155931385","content-8167489432"],"cl_dependency":false,"value":""}],[{"active":true,"col":6,"relations":false,"cl_rule":"show","enableCl":false,"price":"","enablePrice":false,"className":"","label_position":"default","desc_position":"default","type":"separator","required":false,"elementId":"separator_2804989181","label":"Separator Field","height":"6","separatorType":"fill","error":false,"separatorColor":"#66a5b6","gt_translate_keys":["label"],"price_dependency":false,"cl_dependency":false,"value":""}],[{"active":true,"col":6,"relations":false,"cl_rule":"show","enableCl":false,"price":"{field.radio-group_0661f1665d9537.price}*0.30","enablePrice":true,"className":"","label_position":"default","desc_position":"default","type":"content","required":false,"elementId":"content_2802764779","label":"Deposit Now","name":"content_2802764779","contentType":"plain","value":"","error":false,"subtype":"div","inline":true,"show_in_checkout":true,"pricingType":"custom","isTemplate":false,"gt_translate_keys":["label","value"],"price_dependency":false,"cl_dependency":false}],[{"contentType":"plain","active":true,"label":"Payment at Arrival","elementId":"content-8155931385","value":"","inline":true,"show_in_checkout":true,"name":"content-8155931385","enablePrice":true,"className":"","subtype":"div","enableCl":false,"relations":false,"pricingType":"custom","isTemplate":false,"price":"{field.radio-group_0661f1665d9537.price}*0.70","is_show_price":true,"cl_rule":"show","col":6,"type":"content","error":false,"gt_translate_keys":["label","value"],"price_dependency":false,"cl_dependency":false}],[{"contentType":"plain","active":true,"label":"Total Price","elementId":"content-8167489432","value":"","inline":true,"show_in_checkout":true,"name":"content-8167489432","enablePrice":true,"className":"","subtype":"div","enableCl":false,"relations":false,"pricingType":"custom","isTemplate":false,"price":"{field.radio-group_0661f1665d9537.price}","is_show_price":true,"cl_rule":"show","col":6,"type":"content","error":false,"gt_translate_keys":["label","value"],"price_dependency":false,"cl_dependency":false}]]}},"config":{"price_override":"always","enable_recaptcha":false,"bind_quantity":false,"quantity_bind_formula":false,"disp_summ_show_option_price":true,"disp_summ_show_product_price":false,"disp_summ_show_total_price":true,"disp_summ_show_fee":true,"disp_summ_show_discount":true,"summary_title":"","options_total_label":"Options Price","total_label":"Total Amount","options_product_label":"Product Price","fee_label":"Fee","discount_label":"Discount","has_price":true,"has_quantity_formula":false},"mc_unit":1,"tax_rate":1,"tax_rate_real":1,"discount":{"percentage":0,"fixed":0},"design":{"conf":{"LabelPosition":"above","DescPosition":"above","UploadField":"custom_1","QuantityFieldStyle":"custom_1"},"css":{"LeftLabelWidth":"120px"}},"formulas":[],"lookuptables":[],"clones":false,"cartKey":false}},"_links":{"self":[{"href":"https:\/\/canaryvip.com\/hu\/wp-json\/wp\/v2\/product\/11308","targetHints":{"allow":["GET"]}}],"collection":[{"href":"https:\/\/canaryvip.com\/hu\/wp-json\/wp\/v2\/product"}],"about":[{"href":"https:\/\/canaryvip.com\/hu\/wp-json\/wp\/v2\/types\/product"}],"replies":[{"embeddable":true,"href":"https:\/\/canaryvip.com\/hu\/wp-json\/wp\/v2\/comments?post=11308"}],"wp:featuredmedia":[{"embeddable":true,"href":"https:\/\/canaryvip.com\/hu\/wp-json\/wp\/v2\/media\/11311"}],"wp:attachment":[{"href":"https:\/\/canaryvip.com\/hu\/wp-json\/wp\/v2\/media?parent=11308"}],"wp:term":[{"taxonomy":"product_brand","embeddable":true,"href":"https:\/\/canaryvip.com\/hu\/wp-json\/wp\/v2\/product_brand?post=11308"},{"taxonomy":"product_cat","embeddable":true,"href":"https:\/\/canaryvip.com\/hu\/wp-json\/wp\/v2\/product_cat?post=11308"},{"taxonomy":"product_tag","embeddable":true,"href":"https:\/\/canaryvip.com\/hu\/wp-json\/wp\/v2\/product_tag?post=11308"}],"curies":[{"name":"wp","href":"https:\/\/api.w.org\/{rel}","templated":true}]}}