{"id":11303,"date":"2024-04-16T23:11:21","date_gmt":"2024-04-16T22:11:21","guid":{"rendered":"https:\/\/canaryvip.com\/?post_type=product&#038;p=11303"},"modified":"2025-08-09T12:40:39","modified_gmt":"2025-08-09T11:40:39","slug":"flyfish-tenerife","status":"publish","type":"product","link":"https:\/\/canaryvip.com\/hu\/shop\/flyfish-tenerife\/","title":{"rendered":"FlyFish Tenerife"},"content":{"rendered":"<h2><strong>\ud83c\udf0a FlyFish Tenerife - Lovagl\u00e1s az \u00f3ce\u00e1n hull\u00e1main<\/strong><\/h2>\n<p>K\u00e9sz\u00fclj\u00f6n fel egy adrenalin-pump\u00e1l\u00f3 \u00e9lm\u00e9nyre a mi <strong>FlyFish Tenerife<\/strong> kaland! \u00c9rezze a tenger feletti rep\u00fcl\u00e9s \u00e9lm\u00e9ny\u00e9t, mik\u00f6zben a speci\u00e1lisan erre a c\u00e9lra tervezett felf\u00fajhat\u00f3 tutajunkba kapaszkodik. A <strong>FlyFish kir\u00e1ndul\u00e1sok<\/strong> \u00edg\u00e9rjen egy felejthetetlen napot a nagy sebess\u00e9g\u0171 v\u00edzi sportokkal Costa Adeje gy\u00f6ny\u00f6r\u0171 k\u00f6rnyezet\u00e9ben.<\/p>\n<h3><strong>\ud83d\udea4 A FlyFish kaland elind\u00edt\u00e1sa<\/strong><\/h3>\n<ul>\n<li><strong>A kaland elkezd\u0151dik:<\/strong> Az utaz\u00e1s k\u00f6zvetlen\u00fcl a <a href=\"https:\/\/maps.app.goo.gl\/bkqEhAxsobcjz9wG9\" target=\"_blank\" rel=\"noopener\">Puerto Col\u00f3n,<\/a>\u00a0a FlyFish kaland hivatalos kiindul\u00f3pontja. \u00c9rkez\u00e9skor bemutatjuk a FlyFish izgalmas vil\u00e1g\u00e1t, \u00e1tfog\u00f3 biztons\u00e1gi eligaz\u00edt\u00e1st kap, \u00e9s felk\u00e9sz\u00fcl a v\u00e1rakoz\u00f3 izgalmas utaz\u00e1sra.<\/li>\n<li><strong>A FlyFish Experience:<\/strong> Kapaszkodjon be, \u00e9s kapaszkodjon er\u0151sen, mik\u00f6zben a motorcs\u00f3nak a hull\u00e1mokon kereszt\u00fcl sodorja \u00d6nt. \u00c9lvezze a tengerv\u00edz csobog\u00e1s\u00e1t \u00e9s a szelet az arc\u00e1ban ezen a fergeteges utaz\u00e1son.<\/li>\n<\/ul>\n<p>&nbsp;<\/p>\n<h3><strong>\u2728 Mi\u00e9rt v\u00e1lassza az CanaryVIP-t a FlyFish \u00e9lm\u00e9ny\u00e9hez?<\/strong><\/h3>\n<ul>\n<li><strong>Versenyk\u00e9pes \u00e1rk\u00e9pz\u00e9s:<\/strong> M\u00e1r 45 \u20ac\/f\u0151 \u00e1ron besz\u00e1llhatsz a fed\u00e9lzetre, \u00e9s fantasztikus csoportos \u00e9s n\u00e9z\u0151i \u00e1rak is el\u00e9rhet\u0151ek. Min\u0151s\u00e9g \u00e9s izgalom verhetetlen \u00e1ron!<\/li>\n<li><strong>\u00dcgyf\u00e9l dics\u00e9ret:<\/strong> Kiv\u00e9teles szolg\u00e1ltat\u00e1sainkr\u00f3l h\u00edresek, \u00e9s b\u00fcszk\u00e9k vagyunk vend\u00e9geink kiv\u00e1l\u00f3 \u00e9rt\u00e9kel\u00e9seire. Az \u00d6n nagyszer\u0171 \u00e9lm\u00e9nye a c\u00e9lunk!<\/li>\n<li><strong>Foglal\u00e1si rugalmass\u00e1g:<\/strong> V\u00e1ltozott a terv? Ne agg\u00f3djon - rugalmas lemond\u00e1si szab\u00e1lyzatunkkal ak\u00e1r 24 \u00f3r\u00e1val az utaz\u00e1s el\u0151tt lemondhatja a teljes \u00f6sszeget.<\/li>\n<\/ul>\n<h3><strong>\ud83d\ude80 Fly High with FlyFish Tenerife<\/strong><\/h3>\n<ul>\n<li><strong>\u00c9lvezetes utaz\u00e1sok:<\/strong> A FlyFish egy vad utaz\u00e1sra viszi \u00d6nt Playa de Las Am\u00e9ricas vizei f\u00f6l\u00f6tt, 10 izgalmas percen \u00e1t sz\u00e1rnyalva \u00e9s mer\u00fclve a hull\u00e1mokkal.<\/li>\n<li><strong>Szak\u00e9rt\u0151i \u00fatmutat\u00e1s:<\/strong> K\u00e9pzett oktat\u00f3ink biztons\u00e1gos \u00e9s eml\u00e9kezetes \u00e9lm\u00e9nyt ny\u00fajtanak, \u00e9s z\u00f6kken\u0151mentesen vezetik \u00d6nt az elej\u00e9t\u0151l a v\u00e9g\u00e9ig.<\/li>\n<\/ul>\n<h3><strong>\ud83c\udf1f T\u00f6bb mint csak FlyFish<\/strong><\/h3>\n<ul>\n<li>T\u00f6bbet keres? K\u00edn\u00e1lunk sz\u00e9les v\u00e1laszt\u00e9kot <a href=\"https:\/\/canaryvip.com\/hu\/tenerife\/water-sports\/\">v\u00edzi tev\u00e9kenys\u00e9gek Tenerif\u00e9n,<\/a>\u00a0a  c\u00edmr\u0151l <a href=\"https:\/\/canaryvip.com\/hu\/shop\/jetski-tenerife\/\">jet ski<\/a> a sikl\u00f3erny\u0151z\u00e9sig, \u00edgy mindig van valami \u00faj kipr\u00f3b\u00e1lnival\u00f3.<\/li>\n<li>Kalandjaink nem korl\u00e1toz\u00f3dnak Tenerif\u00e9re - n\u00e9zze meg aj\u00e1nlatainkat Gran Canari\u00e1n m\u00e9g t\u00f6bb v\u00edzi sz\u00f3rakoz\u00e1s\u00e9rt!<\/li>\n<\/ul>\n<h3>\ud83d\udcc5 <strong>Foglalja le FlyFish \u00e9lm\u00e9ny\u00e9t ma<\/strong><\/h3>\n<p>Ne hagyja ki ezt az egyed\u00fcl\u00e1ll\u00f3 kalandot. T\u00f6k\u00e9letes az adrenalinf\u00fcgg\u0151knek \u00e9s a csobban\u00e1sra v\u00e1gy\u00f3 izgalomrajong\u00f3knak. Foglalja le most a FlyFish lovagl\u00e1st, \u00e9s tegyen egy csipetnyi izgalmat a tenerifei nyaral\u00e1s\u00e1ba.<\/p>\n<h3>\u2705 <strong>Mit tartalmaz a FlyFish Ride?<\/strong><\/h3>\n<ul>\n<li>Minden biztons\u00e1gi felszerel\u00e9s \u00e9s teljes eligaz\u00edt\u00e1s indul\u00e1s el\u0151tt.<\/li>\n<li>Egy 10 perces FlyFish utaz\u00e1s, amely az adrenalinszinted emelked\u00e9s\u00e9t \u00edg\u00e9ri.<\/li>\n<li>Professzion\u00e1lis fel\u00fcgyelet \u00e9s fot\u00f3z\u00e1si lehet\u0151s\u00e9gek a mer\u00e9sz h\u0151stetteid meg\u00f6r\u00f6k\u00edt\u00e9s\u00e9re (a fot\u00f3k megv\u00e1s\u00e1rolhat\u00f3k).<\/li>\n<\/ul>\n<h3><strong>\u2696\ufe0f Megb\u00edzhat\u00f3 foglal\u00e1si \u00e9s lemond\u00e1si lehet\u0151s\u00e9gek<\/strong><\/h3>\n<ul>\n<li><strong>Egyszer\u0171 foglal\u00e1s:<\/strong> Foglalja le a hely\u00e9t k\u00f6nnyed\u00e9n \u00e9s magabiztosan, tudva, hogy ak\u00e1r 24 \u00f3r\u00e1val kor\u00e1bban lemondhatja a teljes visszat\u00e9r\u00edt\u00e9s ellen\u00e9ben.<\/li>\n<li><strong>Inkluz\u00edv \u00e9lm\u00e9ny:<\/strong> Mindenkit sz\u00edvesen l\u00e1tunk az izgalmakat keres\u0151 egy\u00e9ni utaz\u00f3kt\u00f3l az izgalmas kir\u00e1ndul\u00e1st keres\u0151 csoportokig. Tudassa vel\u00fcnk a preferenci\u00e1it, \u00e9s mi szem\u00e9lyre szabjuk az utaz\u00e1st.<\/li>\n<\/ul>\n<h3><strong>\ud83c\udf92 Felk\u00e9sz\u00fcl\u00e9s a FlyFish kalandra<\/strong><\/h3>\n<ul>\n<li><strong>K\u00e9sz\u00fclj\u00f6n fel a vizesed\u00e9sre:<\/strong> Vegyen fel f\u00fcrd\u0151ruh\u00e1t, hozzon mag\u00e1val t\u00f6r\u00f6lk\u00f6z\u0151t, \u00e9s kenje be mag\u00e1t naptejjel. Ez egy csobban\u00e1s lesz!<\/li>\n<li><strong>F\u00e9nyk\u00e9pez\u0151g\u00e9p alapfelszerelts\u00e9g:<\/strong> Hozzon mag\u00e1val egy v\u00edz\u00e1ll\u00f3 f\u00e9nyk\u00e9pez\u0151g\u00e9pet vagy egy v\u00e9d\u0151tokkal ell\u00e1tott telefont, hogy meg\u00f6r\u00f6k\u00edthesse a FlyFish pillanatait. Tartsa szabadon a kez\u00e9t az integet\u00e9shez \u00e9s a szor\u00edt\u00e1shoz!<\/li>\n<li><strong>Hozz\u00e1f\u00e9rhet\u0151s\u00e9g:<\/strong> Ez a tev\u00e9kenys\u00e9g 10 \u00e9s 65 \u00e9v k\u00f6z\u00f6ttiek sz\u00e1m\u00e1ra is nagyszer\u0171. Felh\u00edvjuk figyelm\u00e9t, hogy terhes n\u0151knek \u00e9s a v\u00edzben nem mozg\u00f3 szem\u00e9lyeknek nem aj\u00e1nlott.<\/li>\n<\/ul>\n<h3>\u2753 <strong>Gyakran ism\u00e9telt k\u00e9rd\u00e9sek<\/strong><\/h3>\n<ul>\n<li><strong>Ki vehet r\u00e9szt a FlyFish Tenerife versenyen?<\/strong> 10 \u00e9s 65 \u00e9v k\u00f6z\u00f6tti kalandorokat v\u00e1runk! A biztons\u00e1g \u00e9rdek\u00e9ben alapvet\u0151 \u00fasz\u00e1stud\u00e1s sz\u00fcks\u00e9ges.<\/li>\n<li><strong>Mennyire biztons\u00e1gos a FlyFish?<\/strong> A biztons\u00e1g a legfontosabb sz\u00e1munkra. Minden r\u00e9sztvev\u0151 ment\u0151mell\u00e9nnyel van felszerelve, \u00e9s tapasztalt csapatunk gondoskodik a biztons\u00e1gos \u00e9s \u00e9lvezetes \u00e9lm\u00e9nyr\u0151l.<\/li>\n<\/ul>\n<h4><strong>\ud83c\udf1e K\u00e9szen \u00e1llsz a csobban\u00e1sra?<\/strong><\/h4>\n<p>Tapasztalja meg a FlyFish izgalm\u00e1t Tenerif\u00e9n a <strong>CanaryVIP.<\/strong> Foglalja le kalandj\u00e1t m\u00e9g ma, \u00e9s k\u00e9sz\u00fclj\u00f6n fel egy felejthetetlen nagy sebess\u00e9g\u0171 utaz\u00e1sra az \u00f3ce\u00e1n felsz\u00edne felett!<\/p>","protected":false},"excerpt":{"rendered":"<p>\ud83d\udd0d <strong>FlyFish Tenerife:<\/strong><br \/>\n\u2705 Biztons\u00e1gos fizet\u00e9s.<br \/>\n\ud83d\udc65 Legfeljebb 3 lovas egy \u00fatra.<br \/>\n\ud83d\ude80 Az utaz\u00e1s k\u00f6r\u00fclbel\u00fcl 10 percig tart.<br \/>\n\ud83c\udfde\ufe0f Nagy sebess\u00e9g\u0171 v\u00edzi akci\u00f3.<br \/>\n\ud83d\udd59 Eg\u00e9sz nap el\u00e9rhet\u0151.<br \/>\n\ud83d\udcc5 Naponta rendelkez\u00e9sre \u00e1ll\u00f3 utaz\u00e1sok.<br \/>\n\ud83e\udd11 Garant\u00e1ltan legjobb \u00e1r.<br \/>\n\ud83d\udc6a Kedvezm\u00e9nyek csoportoknak.<br \/>\n\ud83d\udd01 24 \u00f3r\u00e1s lemond\u00e1si felt\u00e9telek.<br \/>\n\ud83c\udf0d T\u00f6bbnyelv\u0171 t\u00e1mogat\u00e1s.<br \/>\n\ud83c\udf1f Foglaljon el\u0151re, hogy megtakar\u00edtson.<br \/>\n\ud83d\udccd Indul\u00e1s a <a href=\"https:\/\/maps.app.goo.gl\/bkqEhAxsobcjz9wG9\">Puerto Col\u00f3n.<\/a><\/p>","protected":false},"featured_media":11317,"comment_status":"open","ping_status":"closed","template":"","meta":{"_acf_changed":false},"product_brand":[],"product_cat":[53],"product_tag":[],"class_list":{"0":"post-11303","1":"product","2":"type-product","3":"status-publish","4":"has-post-thumbnail","6":"product_cat-water-sports","7":"wcpa_has_options","9":"first","10":"instock","11":"virtual","12":"purchasable","13":"product-type-simple"},"acf":[],"wcpa_form_fields":{"wcpaData":{"product":{"product_price":18,"price_html":"From&nbsp;<span class=\"woocommerce-Price-amount amount\"><bdi>18,00&nbsp;<span class=\"woocommerce-Price-currencySymbol\">&euro;<\/span><\/bdi><\/span>","original_product_price":18,"price_including_tax":18,"price_excluding_tax":18,"product_id":{"parent":11303,"variation":false},"is_variable":false,"stock_status":"instock","stock_quantity":null,"parent_sku":"CV11303","product_attributes":[],"custom_fields":[],"is_taxable":false,"product_name":"FlyFish Tenerife","hasImage":false},"fields":{"sec_7661f1665d94fb":{"extra":{"key":"sec_7661f1665d94fb","section_id":"sec_7661f1665d94fb","name":"Default","status":1,"cl_rule":"show","enableCl":false,"relations":[],"toggle":true,"title_tag":"h3","show_title":false,"showPrice":"default","form_id":11314,"form_rules":{"exclude_from_discount":true,"fee_label":"Fee","disp_hide_options_price":true,"disp_show_section_price":false,"disp_show_field_price":true,"layout_option":"standard","pric_use_as_fee":false,"process_fee_as":"woo_fee"},"layout_option":"standard"},"fields":[[{"label":"\ud83d\udcc5 Date","active":true,"required":true,"elementId":"date_3661f1665d951b","picker_type":"custom","picker_mode":"single","placeholder":"","description":"","tooltip":"","name":"date_3661f1665d951b","label_position":"default","desc_position":"default","enablePrice":false,"className":"","enableCl":false,"relations":[{"operator":"and","rules":[{"operator":"AND","rules":{"cl_field":"radio-group_5661bc90f5e8f5","cl_relation":"is_not_empty","cl_val":"3 Hour Trip"}}]}],"date_pic_inline":true,"date_pic_inline_hide":true,"min_date":{"type":"days","val":"1"},"max_date":{"type":"days","val":"365"},"date_pic_conf":{"disabledWeeks":[]},"price":"","cl_rule":"show","col":6,"type":"date","error":false,"enableDesign":false,"LabelColor":"","gt_translate_keys":["label","placeholder","description","tooltip"],"price_dependency":false,"cl_dependency":false,"value":""}],[{"active":true,"col":6,"relations":false,"cl_rule":"show","enableCl":false,"price":"","enablePrice":false,"className":"","label_position":"default","desc_position":"default","type":"select","required":true,"elementId":"select_3477053266","label":"\u23f0 Departure Time","name":"select_3477053266","values":[{"label":"Whichever Time is Best","value":"Whichever Time is Best","selected":false,"tempId":"aco_312","gt_translate_keys":["label"]},{"label":"10:30","value":"10:30","selected":false,"tempId":"aco_313","gt_translate_keys":["label"]},{"label":"11:30","value":"11:30","selected":false,"tempId":"aco_314","gt_translate_keys":["label"]},{"label":"12:30 ","value":"12:30","selected":false,"tempId":"aco_711","gt_translate_keys":["label"]},{"label":"13:30","value":"13:30","selected":false,"tempId":"aco_721","gt_translate_keys":["label"]},{"label":"14:30","value":"14:30","selected":false,"tempId":"aco_983","gt_translate_keys":["label"]},{"label":"15:30","value":"15:30","selected":false,"tempId":"aco_993","gt_translate_keys":["label"]},{"label":"16:30","value":"16:30","selected":false,"tempId":"aco_1183","gt_translate_keys":["label"]}],"dropdown_type":"basic","error":false,"multiple":false,"placeholder":"None","gt_translate_keys":["label","placeholder"],"price_dependency":false,"cl_dependency":false,"value":""}],[{"active":true,"col":6,"relations":[{"operator":false,"rules":[{"operator":"AND","rules":{"cl_field":"","cl_relation":"","cl_val":""}}]}],"cl_rule":"show","enableCl":true,"price":"18","enablePrice":true,"className":"","label_position":"default","desc_position":"default","type":"radio-group","required":false,"elementId":"radio-group_0661f1665d9537","label":"","name":"radio-group_0661f1665d9537","values":[{"label":"\ud83d\udc64 People (18\u20ac)","value":"People","selected":true,"tempId":"aco_32","tooltip":"","description":"","gt_translate_keys":["label","tooltip","description"]}],"layOut":"","error":false,"checkUi":"button","priceOptions":"fixed_for_all","pricingType":"fixed","enable_quantity":true,"quantity_label":"","min_quantity":"0","options_tooltip":true,"options_description":true,"is_show_price":true,"gt_translate_keys":["label","quantity_label"],"price_dependency":["content_2802764779","content-8155931385","content-8167489432"],"cl_dependency":false,"value":""}],[{"active":true,"col":6,"relations":false,"cl_rule":"show","enableCl":false,"price":"","enablePrice":false,"className":"","label_position":"default","desc_position":"default","type":"separator","required":false,"elementId":"separator_2804989181","label":"Separator Field","height":"6","separatorType":"fill","error":false,"separatorColor":"#66a5b6","gt_translate_keys":["label"],"price_dependency":false,"cl_dependency":false,"value":""}],[{"active":true,"col":6,"relations":false,"cl_rule":"show","enableCl":false,"price":"{field.radio-group_0661f1665d9537.price}*0.30","enablePrice":true,"className":"","label_position":"default","desc_position":"default","type":"content","required":false,"elementId":"content_2802764779","label":"Deposit Now","name":"content_2802764779","contentType":"plain","value":"","error":false,"subtype":"div","inline":true,"show_in_checkout":true,"pricingType":"custom","isTemplate":false,"gt_translate_keys":["label","value"],"price_dependency":false,"cl_dependency":false}],[{"contentType":"plain","active":true,"label":"Payment at Arrival","elementId":"content-8155931385","value":"","inline":true,"show_in_checkout":true,"name":"content-8155931385","enablePrice":true,"className":"","subtype":"div","enableCl":false,"relations":false,"pricingType":"custom","isTemplate":false,"price":"{field.radio-group_0661f1665d9537.price}*0.70","is_show_price":true,"cl_rule":"show","col":6,"type":"content","error":false,"gt_translate_keys":["label","value"],"price_dependency":false,"cl_dependency":false}],[{"contentType":"plain","active":true,"label":"Total Price","elementId":"content-8167489432","value":"","inline":true,"show_in_checkout":true,"name":"content-8167489432","enablePrice":true,"className":"","subtype":"div","enableCl":false,"relations":false,"pricingType":"custom","isTemplate":false,"price":"{field.radio-group_0661f1665d9537.price}","is_show_price":true,"cl_rule":"show","col":6,"type":"content","error":false,"gt_translate_keys":["label","value"],"price_dependency":false,"cl_dependency":false}]]}},"config":{"price_override":"always","enable_recaptcha":false,"bind_quantity":false,"quantity_bind_formula":false,"disp_summ_show_option_price":true,"disp_summ_show_product_price":false,"disp_summ_show_total_price":true,"disp_summ_show_fee":true,"disp_summ_show_discount":true,"summary_title":"","options_total_label":"Options Price","total_label":"Total Amount","options_product_label":"Product Price","fee_label":"Fee","discount_label":"Discount","has_price":true,"has_quantity_formula":false},"mc_unit":1,"tax_rate":1,"tax_rate_real":1,"discount":{"percentage":0,"fixed":0},"design":{"conf":{"LabelPosition":"above","DescPosition":"above","UploadField":"custom_1","QuantityFieldStyle":"custom_1"},"css":{"LeftLabelWidth":"120px"}},"formulas":[],"lookuptables":[],"clones":false,"cartKey":false}},"_links":{"self":[{"href":"https:\/\/canaryvip.com\/hu\/wp-json\/wp\/v2\/product\/11303","targetHints":{"allow":["GET"]}}],"collection":[{"href":"https:\/\/canaryvip.com\/hu\/wp-json\/wp\/v2\/product"}],"about":[{"href":"https:\/\/canaryvip.com\/hu\/wp-json\/wp\/v2\/types\/product"}],"replies":[{"embeddable":true,"href":"https:\/\/canaryvip.com\/hu\/wp-json\/wp\/v2\/comments?post=11303"}],"wp:featuredmedia":[{"embeddable":true,"href":"https:\/\/canaryvip.com\/hu\/wp-json\/wp\/v2\/media\/11317"}],"wp:attachment":[{"href":"https:\/\/canaryvip.com\/hu\/wp-json\/wp\/v2\/media?parent=11303"}],"wp:term":[{"taxonomy":"product_brand","embeddable":true,"href":"https:\/\/canaryvip.com\/hu\/wp-json\/wp\/v2\/product_brand?post=11303"},{"taxonomy":"product_cat","embeddable":true,"href":"https:\/\/canaryvip.com\/hu\/wp-json\/wp\/v2\/product_cat?post=11303"},{"taxonomy":"product_tag","embeddable":true,"href":"https:\/\/canaryvip.com\/hu\/wp-json\/wp\/v2\/product_tag?post=11303"}],"curies":[{"name":"wp","href":"https:\/\/api.w.org\/{rel}","templated":true}]}}