{"id":11298,"date":"2024-04-16T15:58:27","date_gmt":"2024-04-16T14:58:27","guid":{"rendered":"https:\/\/canaryvip.com\/?post_type=product&#038;p=11298"},"modified":"2025-08-09T12:41:31","modified_gmt":"2025-08-09T11:41:31","slug":"parasailing-tenerife","status":"publish","type":"product","link":"https:\/\/canaryvip.com\/hu\/shop\/parasailing-tenerife\/","title":{"rendered":"Parasailing Tenerife"},"content":{"rendered":"<h2><strong>\ud83e\ude82 Parasailing Tenerife - sikl\u00e1s a krist\u00e1lytiszta vizek felett<\/strong><\/h2>\n<p>Csatlakozzon hozz\u00e1nk egy izgalmas <strong>ejt\u0151erny\u0151s kaland Tenerif\u00e9n<\/strong> \u00e9s tapasztalja meg az \u00f3ce\u00e1n feletti rep\u00fcl\u00e9s izgalm\u00e1t! A <strong>Tenerifei ejt\u0151erny\u0151s kir\u00e1ndul\u00e1sok<\/strong> l\u00e9legzetel\u00e1ll\u00edt\u00f3 kil\u00e1t\u00e1st ny\u00fajtanak Costa Adeje egyed\u00fcl\u00e1ll\u00f3 perspekt\u00edv\u00e1j\u00e1b\u00f3l. Ak\u00e1r egyed\u00fcl, ak\u00e1r bar\u00e1taival szeretne rep\u00fclni, garant\u00e1ljuk, hogy felejthetetlen \u00e9lm\u00e9nyben lesz r\u00e9sze a magasban.<\/p>\n<h3><strong>\ud83c\udf0a Kezdje a kalandot Puerto Col\u00f3nban<\/strong><\/h3>\n<ul>\n<li><strong>\u00dcdv\u00f6zl\u0151 kezd\u00e9s:<\/strong> A kaland kezd\u0151dik a <a href=\"https:\/\/maps.app.goo.gl\/bkqEhAxsobcjz9wG9\" target=\"_blank\" rel=\"noopener\">Puerto Col\u00f3n,<\/a>\u00a0Costa Adeje, ahol bar\u00e1ts\u00e1gos idegenvezet\u0151ink fogadj\u00e1k \u00d6nt. Felszerelik \u00d6nt az \u00f6sszes sz\u00fcks\u00e9ges felszerel\u00e9ssel, \u00e9s elmondj\u00e1k, mire sz\u00e1m\u00edthat a rep\u00fcl\u00e9s sor\u00e1n.<\/li>\n<li><strong>Rep\u00fcl\u00e9s el\u0151k\u00e9sz\u00edt\u00e9se:<\/strong> K\u00e9sz\u00fclj\u00f6n fel arra, hogy biztons\u00e1gosan r\u00f6gz\u00fclj\u00f6n az erny\u0151vitorl\u00e1hoz, miel\u0151tt felsz\u00e1llna a platformr\u00f3l. D\u0151lj\u00f6n h\u00e1tra, \u00e9s \u00e9lvezze a hull\u00e1mok f\u00f6l\u00e9 emelked\u00e9s m\u00e1mor\u00edt\u00f3 \u00e9rz\u00e9s\u00e9t.<\/li>\n<\/ul>\n<h3><strong>\u2728 Mit\u0151l emelkedik ki a Tenerife-i ejt\u0151erny\u0151s szolg\u00e1ltat\u00e1sunk?<\/strong><\/h3>\n<ul>\n<li><strong>Megfizethet\u0151 kiv\u00e1l\u00f3s\u00e1g:<\/strong> \u00c9lvezze a versenyk\u00e9pes \u00e1rakat, amelyek mind\u00f6ssze 45 \u20ac-t\u00f3l kezd\u0151dnek szem\u00e9lyenk\u00e9nt, csoportoknak \u00e9s n\u00e9z\u0151knek pedig k\u00fcl\u00f6nleges \u00e1rakkal. Tapasztalja meg a magas sz\u00ednvonal\u00fa kalandot an\u00e9lk\u00fcl, hogy a p\u00e9nzt\u00e1rc\u00e1ja megroppanna!<\/li>\n<li><strong>\u00dcgyf\u00e9lel\u00e9gedetts\u00e9g:<\/strong> B\u00fcszk\u00e9k vagyunk a kiv\u00e1l\u00f3 h\u00edrnev\u00fcnkre, amelyet az olyan kalandorok, mint \u00d6n is, ragyog\u00f3 v\u00e9lem\u00e9nyei t\u00e1masztanak al\u00e1. A min\u0151s\u00e9g \u00e9s az izgalom ir\u00e1nti elk\u00f6telezetts\u00e9g\u00fcnk minden egyes rep\u00fcl\u00e9s\u00fcnk\u00f6n \u00e1t\u00fct.<\/li>\n<li><strong>Rugalmas foglal\u00e1s:<\/strong> V\u00e1ltozott a terv? Semmi gond. Rugalmas lemond\u00e1si szab\u00e1lyzatunknak k\u00f6sz\u00f6nhet\u0151en a kaland el\u0151tt 24 \u00f3r\u00e1val lemondhatja a foglal\u00e1s\u00e1t, \u00e9s teljes \u00f6sszeg visszat\u00e9r\u00edt\u00e9s j\u00e1r \u00e9rte.<\/li>\n<li><strong>Szakmai szak\u00e9rtelem:<\/strong> Csapatunk nagy tapasztalata a parasailingben biztos\u00edtja a biztons\u00e1gos \u00e9s izgalmas \u00e9lm\u00e9nyt az elej\u00e9t\u0151l a v\u00e9g\u00e9ig.<\/li>\n<\/ul>\n<h3><strong>\ud83d\ude80 Tapasztalja meg a sikl\u00f3erny\u0151z\u00e9s izgalm\u00e1t Tenerif\u00e9n<\/strong><\/h3>\n<ul>\n<li><strong>Fest\u0151i rep\u00fcl\u00e9sek:<\/strong> Sikl\u00e1s Puerto Colon \u00e9s Playa de Las Am\u00e9ricas leny\u0171g\u00f6z\u0151 vizei felett. K\u00f6r\u00fclbel\u00fcl 10 percet t\u00f6lt a leveg\u0151ben, \u00e9lvezve a nyugodt k\u00f6rnyezetet \u00e9s a fest\u0151i kil\u00e1t\u00e1st.<\/li>\n<li><strong>Biztons\u00e1gos lesz\u00e1ll\u00e1s:<\/strong> Kik\u00e9pzett szakembereink ir\u00e1ny\u00edtj\u00e1k a partrasz\u00e1ll\u00e1st, esetleg a v\u00edzbe cs\u00fasztatva egy j\u00e1t\u00e9kos csobban\u00e1s erej\u00e9ig, miel\u0151tt biztons\u00e1gosan visszat\u00e9rne a haj\u00f3ra.<\/li>\n<\/ul>\n<h3><strong>\ud83c\udf1f Tov\u00e1bbi v\u00edzi sportok \u00e9s kalandok<\/strong><\/h3>\n<ul>\n<li>Fedezze fel az ejt\u0151erny\u0151z\u00e9sen t\u00fal a k\u00f6vetkez\u0151 k\u00edn\u00e1latunkkal <a href=\"https:\/\/canaryvip.com\/hu\/tenerife\/water-sports\/\">v\u00edzi tev\u00e9kenys\u00e9gek Tenerif\u00e9n.<\/a>\u00a0A  c\u00edmr\u0151l <a href=\"https:\/\/canaryvip.com\/hu\/shop\/jetski-tenerife\/\">jet ski<\/a> a nyugodtabb v\u00edzi sportokig, mindenki sz\u00e1m\u00e1ra van valami.<\/li>\n<li>Gran Canari\u00e1ra l\u00e1togat? Ne hagyja ki az ottani parasailing kalandokat sem!<\/li>\n<\/ul>\n<h3>\ud83d\udcc5 <strong>Foglalja le ejt\u0151erny\u0151s t\u00far\u00e1j\u00e1t Tenerif\u00e9n m\u00e9g ma<\/strong><\/h3>\n<p>Mer\u00fclj\u00f6n el az \u00e9gbe ejt\u0151erny\u0151s kalandjainkkal. T\u00f6k\u00e9letes az izgalomra v\u00e1gy\u00f3knak \u00e9s azoknak, akik Tenerife partjainak egyed\u00fcl\u00e1ll\u00f3 l\u00e1tv\u00e1ny\u00e1t szeretn\u00e9k \u00e9lvezni. Biztos\u00edtson helyet most egy k\u00fcl\u00f6nleges utaz\u00e1shoz a tenger felett.<\/p>\n<h3>\u2705 <strong>Mit tartalmaz a sikl\u00f3erny\u0151s kaland?<\/strong><\/h3>\n<ul>\n<li>\u00c1tfog\u00f3 biztons\u00e1gi eligaz\u00edt\u00e1s \u00e9s minden sz\u00fcks\u00e9ges felszerel\u00e9s.<\/li>\n<li>K\u00f6r\u00fclbel\u00fcl 10 perc rep\u00fcl\u00e9si id\u0151, \u00f6sszesen k\u00f6r\u00fclbel\u00fcl 40 perc a haj\u00f3val val\u00f3 utaz\u00e1ssal egy\u00fctt.<\/li>\n<li>Profi idegenvezet\u0151 \u00e9s fot\u00f3s, aki meg\u00f6r\u00f6k\u00edti a pillanatokat (a f\u00e9nyk\u00e9pek megv\u00e1s\u00e1rolhat\u00f3k).<\/li>\n<\/ul>\n<h3><strong>\u2696\ufe0f Megb\u00edzhat\u00f3 foglal\u00e1s \u00e9s egyszer\u0171 lemond\u00e1s<\/strong><\/h3>\n<ul>\n<li><strong>Egyszer\u0171 foglal\u00e1sok:<\/strong> Foglaljon nyugodtan, mert tudja, hogy ak\u00e1r 24 \u00f3r\u00e1val kor\u00e1bban lemondhatja a foglal\u00e1st, \u00e9s teljes visszat\u00e9r\u00edt\u00e9st kap - t\u00f6k\u00e9letes azok sz\u00e1m\u00e1ra, akiknek v\u00e1ltoz\u00f3 utaz\u00e1si tervei vannak.<\/li>\n<li><strong>Hozz\u00e1f\u00e9rhet\u0151s\u00e9g mindenkinek:<\/strong> T\u00far\u00e1inkat \u00fagy tervezt\u00fck, hogy mindenki sz\u00e1m\u00e1ra megfelel\u0151 legyen, \u00e9s lehet\u0151s\u00e9g van egyed\u00fcl, p\u00e1rban vagy h\u00e1rmasban rep\u00fclni. Besz\u00e9lje meg az idegenvezet\u0151nkkel a preferenci\u00e1it, hogy testre szabhassa az \u00e9lm\u00e9nyt.<\/li>\n<\/ul>\n<h3><strong>\ud83c\udf92 Tippek a fantasztikus rep\u00fcl\u00e9shez<\/strong><\/h3>\n<ul>\n<li><strong>Mit viselj\u00fcnk:<\/strong> F\u00fcrd\u0151ruh\u00e1t aj\u00e1nlunk, mivel lehet, hogy egy kicsit vizes leszel. Ne feledkezzen meg a naptejr\u0151l \u00e9s a t\u00f6r\u00f6lk\u00f6z\u0151r\u0151l!<\/li>\n<li><strong>Kamerak\u00e9sz:<\/strong> Hozza mag\u00e1val f\u00e9nyk\u00e9pez\u0151g\u00e9p\u00e9t vagy telefonj\u00e1t, hogy meg\u00f6r\u00f6k\u00edtse a leny\u0171g\u00f6z\u0151 kil\u00e1t\u00e1st - csak \u00f3vatosan, nehogy leejtse!<\/li>\n<li><strong>Eg\u00e9szs\u00e9g \u00e9s biztons\u00e1g:<\/strong> B\u00e1r a parasailing minden koroszt\u00e1ly sz\u00e1m\u00e1ra alkalmas, k\u00edm\u00e9letes tev\u00e9kenys\u00e9g, terhes n\u0151knek nem aj\u00e1nlott.<\/li>\n<\/ul>\n<h3>\u2753 <strong>Gyakran ism\u00e9telt k\u00e9rd\u00e9sek<\/strong><\/h3>\n<ul>\n<li><strong>Lehet ejt\u0151erny\u0151zni?<\/strong> Igen, a tenerifei parasailing t\u00f6k\u00e9letes 3 \u00e9ves kort\u00f3l. Nem sz\u00fcks\u00e9ges \u00fasz\u00f3tud\u00e1s, mivel k\u00f6zvetlen\u00fcl a haj\u00f3ra sz\u00e1llsz fel \u00e9s le.<\/li>\n<li><strong>Milyen biztons\u00e1gi int\u00e9zked\u00e9sek vannak?<\/strong> A biztons\u00e1g a legfontosabb sz\u00e1munkra. \u00d6n ment\u0151mell\u00e9nnyel lesz felszerelve, \u00e9s szak\u00e9rt\u0151 vezet\u0151ink biztos\u00edtj\u00e1k a z\u00f6kken\u0151mentes lebonyol\u00edt\u00e1st a felsz\u00e1ll\u00e1st\u00f3l a lesz\u00e1ll\u00e1sig.<\/li>\n<\/ul>\n<h4><strong>\ud83c\udf1e K\u00e9szen \u00e1llsz a rep\u00fcl\u00e9sre?<\/strong><\/h4>\n<p>Emelje \u00faj magass\u00e1gokba a tenerifei nyaral\u00e1s\u00e1t ejt\u0151erny\u0151s \u00e9lm\u00e9nyeinkkel. Foglaljon rep\u00fcl\u0151jegyet m\u00e9g ma, \u00e9s \u00e9lvezze a gy\u00f6ny\u00f6r\u0171 kan\u00e1ri-szigeteki vizek felett lebeg\u00e9s izgalm\u00e1t.<\/p>","protected":false},"excerpt":{"rendered":"<p>\ud83d\udd0d <strong>Parasailing Tenerife:<br \/>\n<\/strong>\u2705 Biztons\u00e1gos fizet\u00e9s.<br \/>\n\ud83d\udc65 Legfeljebb 3 utas egy j\u00e1ratra.<br \/>\n\ud83d\ude80 Rep\u00fcl\u00e9s id\u0151tartama 10 perc.<br \/>\n\ud83c\udfde\ufe0f Sz\u00e1rnyal az \u00f3ce\u00e1n felett.<br \/>\n\ud83d\udd59 Rep\u00fcl\u00e9sek a nap folyam\u00e1n.<br \/>\n\ud83d\udcc5 Naponta el\u00e9rhet\u0151 j\u00e1ratok.<br \/>\n\ud83e\udd11 Garant\u00e1ltan legjobb \u00e1r.<br \/>\n\ud83d\udc6a Kedvezm\u00e9nyek csoportoknak.<br \/>\n\ud83d\udd01 24 \u00f3r\u00e1s lemond\u00e1si felt\u00e9telek.<br \/>\n\ud83c\udf0d \u00datmutat\u00f3k angol \u00e9s spanyol nyelven.<br \/>\n\ud83c\udf1f Foglaljon el\u0151re, hogy megtakar\u00edtson.<br \/>\n\ud83d\udccd Felsz\u00e1ll\u00e1s <a href=\"https:\/\/maps.app.goo.gl\/bkqEhAxsobcjz9wG9\">Puerto Col\u00f3n.<\/a><\/p>","protected":false},"featured_media":11302,"comment_status":"open","ping_status":"closed","template":"","meta":{"_acf_changed":false},"product_brand":[],"product_cat":[53],"product_tag":[],"class_list":{"0":"post-11298","1":"product","2":"type-product","3":"status-publish","4":"has-post-thumbnail","6":"product_cat-water-sports","7":"wcpa_has_options","9":"first","10":"instock","11":"virtual","12":"purchasable","13":"product-type-simple"},"acf":[],"wcpa_form_fields":{"wcpaData":{"product":{"product_price":55,"price_html":"From&nbsp;<span class=\"woocommerce-Price-amount amount\"><bdi>55,00&nbsp;<span class=\"woocommerce-Price-currencySymbol\">&euro;<\/span><\/bdi><\/span>","original_product_price":55,"price_including_tax":55,"price_excluding_tax":55,"product_id":{"parent":11298,"variation":false},"is_variable":false,"stock_status":"instock","stock_quantity":null,"parent_sku":"CV11298","product_attributes":[],"custom_fields":[],"is_taxable":false,"product_name":"Parasailing Tenerife","hasImage":false},"fields":{"sec_4661f18b33f9ea":{"extra":{"key":"sec_4661f18b33f9ea","section_id":"sec_4661f18b33f9ea","name":"Default","status":1,"cl_rule":"show","enableCl":false,"relations":[],"toggle":true,"title_tag":"h3","show_title":false,"showPrice":"default","form_id":11316,"form_rules":{"exclude_from_discount":true,"fee_label":"Fee","disp_hide_options_price":true,"disp_show_section_price":false,"disp_show_field_price":true,"layout_option":"standard","pric_use_as_fee":false,"process_fee_as":"woo_fee"},"layout_option":"standard"},"fields":[[{"label":"\ud83d\udcc5 Date","active":true,"required":true,"elementId":"date_9661f18b33fa0a","picker_type":"custom","picker_mode":"single","placeholder":"","description":"","tooltip":"","name":"date_9661f18b33fa0a","label_position":"default","desc_position":"default","enablePrice":false,"className":"","enableCl":false,"relations":[{"operator":"and","rules":[{"operator":"AND","rules":{"cl_field":"radio-group_5661bc90f5e8f5","cl_relation":"is_not_empty","cl_val":"3 Hour Trip"}}]}],"date_pic_inline":true,"date_pic_inline_hide":true,"min_date":{"type":"days","val":"0"},"max_date":{"type":"days","val":"365"},"date_pic_conf":{"disabledWeeks":[],"disabledDates":[]},"price":"","cl_rule":"show","col":6,"type":"date","error":false,"enableDesign":false,"LabelColor":"","gt_translate_keys":["label","placeholder","description","tooltip"],"price_dependency":false,"cl_dependency":false,"value":""}],[{"active":true,"col":6,"relations":false,"cl_rule":"show","enableCl":false,"price":"","enablePrice":false,"className":"","label_position":"default","desc_position":"default","type":"select","required":true,"elementId":"select_2661f18b33fa25","label":"\u23f0 Departure Time","name":"select_2661f18b33fa25","values":[{"label":"Whichever Time is Best","value":"Whichever Time is Best","selected":false,"tempId":"aco_312","gt_translate_keys":["label"]},{"label":"10:00","value":"10:00","selected":false,"tempId":"aco_313","gt_translate_keys":["label"]},{"label":"11:00","value":"11:00","selected":false,"tempId":"aco_314","gt_translate_keys":["label"]},{"label":"12:00","value":"12:00","selected":false,"tempId":"aco_711","gt_translate_keys":["label"]},{"label":"13:00 (1:00 PM)","value":"13:00","selected":false,"tempId":"aco_721","gt_translate_keys":["label"]},{"label":"14:00 (2:00 PM)","value":"14:00","selected":false,"tempId":"aco_983","gt_translate_keys":["label"]},{"label":"15:00 (3:00 PM)","value":"15:00","selected":false,"tempId":"aco_993","gt_translate_keys":["label"]},{"label":"16:00 (4:00 PM)","value":"16:00","selected":false,"tempId":"aco_1183","gt_translate_keys":["label"]}],"dropdown_type":"basic","error":false,"multiple":false,"placeholder":"None","gt_translate_keys":["label","placeholder"],"price_dependency":false,"cl_dependency":false,"value":""}],[{"active":true,"col":6,"relations":false,"cl_rule":"show","enableCl":false,"price":"","enablePrice":false,"className":"","label_position":"default","desc_position":"default","type":"separator","required":false,"elementId":"separator_6164213577","label":"Separator Field","height":"3","separatorType":"fill","error":false,"separatorColor":"#66a5b6","gt_translate_keys":["label"],"price_dependency":false,"cl_dependency":false,"value":""}],[{"active":true,"col":6,"relations":false,"cl_rule":"show","enableCl":false,"price":"","enablePrice":false,"className":"","label_position":"default","desc_position":"default","type":"content","required":false,"elementId":"content_2993137763","label":"","name":"content_2993137763","contentType":"rich","value":"<p>\ud83c\udf9f\ufe0f <strong>Reservation<\/strong>: Pay only a deposit now to reserve; the rest is due on the day of the activity upon arrival.<\/p>","error":false,"gt_translate_keys":["label","value"],"price_dependency":false,"cl_dependency":false}],[{"active":true,"col":6,"relations":[{"operator":false,"rules":[{"operator":"AND","rules":{"cl_field":"","cl_relation":"","cl_val":""}}]}],"cl_rule":"show","enableCl":true,"price":"55","enablePrice":true,"className":"","label_position":"default","desc_position":"default","type":"radio-group","required":false,"elementId":"radio-group_6661f18b33fa1a","label":"","name":"radio-group_6661f18b33fa1a","values":[{"label":"\ud83d\udc64 Participant (55\u20ac)","value":"Participant","selected":true,"tempId":"aco_32","tooltip":"","description":"","gt_translate_keys":["label","tooltip","description"]}],"layOut":"","error":false,"checkUi":"button","priceOptions":"fixed_for_all","pricingType":"fixed","enable_quantity":true,"quantity_label":"","min_quantity":"0","options_tooltip":true,"options_description":true,"is_show_price":true,"gt_translate_keys":["label","quantity_label"],"price_dependency":["content-2927599540"],"cl_dependency":false,"value":""}],[{"label":"","active":true,"required":false,"elementId":"radio-group-9560399481","name":"radio-group-9560399481","label_position":"default","desc_position":"default","enablePrice":true,"className":"","enableCl":true,"relations":[{"operator":false,"rules":[{"operator":"AND","rules":{"cl_field":"","cl_relation":"","cl_val":""}}]}],"enable_quantity":true,"quantity_label":"","min_quantity":"0","checkUi":"button","layOut":"","options_tooltip":true,"options_description":true,"values":[{"label":"\ud83d\udc40 Spectator (45\u20ac)","value":"Spectator","selected":true,"tempId":"aco_32","tooltip":"","description":"","gt_translate_keys":["label","tooltip","description"]}],"priceOptions":"fixed_for_all","pricingType":"fixed","price":"45","is_show_price":true,"cl_rule":"show","col":6,"type":"radio-group","error":false,"gt_translate_keys":["label","quantity_label"],"price_dependency":false,"cl_dependency":false,"value":""}],[{"elementId":"separator-6195229594","separatorType":"fill","separatorColor":"#66a5b6","className":"","height":"3","enableCl":false,"relations":false,"cl_rule":"show","col":6,"type":"separator","error":false,"gt_translate_keys":[],"price_dependency":false,"cl_dependency":false,"value":""}],[{"active":true,"col":6,"relations":false,"cl_rule":"show","enableCl":false,"price":"({field.radio-group_6661f18b33fa1a.quantity}*15)+({field.radio-group-9560399481.quantity}*10)","enablePrice":true,"className":"","label_position":"default","desc_position":"default","type":"content","required":false,"elementId":"content_1028160381","label":"Deposit Payment","name":"content_1028160381","contentType":"plain","value":"","error":false,"subtype":"div","pricingType":"custom","isTemplate":false,"inline":true,"show_in_checkout":true,"gt_translate_keys":["label","value"],"price_dependency":false,"cl_dependency":false}],[{"contentType":"plain","active":true,"label":"Payment at Arrival","elementId":"content-2904205255","value":"","inline":true,"show_in_checkout":true,"name":"content-2904205255","enablePrice":true,"className":"","subtype":"div","enableCl":false,"relations":false,"pricingType":"custom","isTemplate":false,"price":"({field.radio-group_6661f18b33fa1a.quantity}*40)+({field.radio-group-9560399481.quantity}*35)","is_show_price":true,"cl_rule":"show","col":6,"type":"content","error":false,"gt_translate_keys":["label","value"],"price_dependency":false,"cl_dependency":false}],[{"contentType":"plain","active":true,"label":"Total Amount","elementId":"content-2927599540","value":"","inline":true,"show_in_checkout":true,"name":"content-2927599540","enablePrice":true,"className":"","subtype":"div","enableCl":false,"relations":false,"pricingType":"custom","isTemplate":false,"price":"{field.radio-group_6661f18b33fa1a.price}+{field.radio-group-9560399481.quantity}","is_show_price":true,"cl_rule":"show","col":6,"type":"content","error":false,"gt_translate_keys":["label","value"],"price_dependency":false,"cl_dependency":false}]]}},"config":{"price_override":"always","enable_recaptcha":false,"bind_quantity":false,"quantity_bind_formula":false,"disp_summ_show_option_price":true,"disp_summ_show_product_price":false,"disp_summ_show_total_price":false,"disp_summ_show_fee":true,"disp_summ_show_discount":true,"summary_title":"","options_total_label":"Options Price","total_label":"Total Amount","options_product_label":"Product Price","fee_label":"Fee","discount_label":"Discount","has_price":true,"has_quantity_formula":false},"mc_unit":1,"tax_rate":1,"tax_rate_real":1,"discount":{"percentage":0,"fixed":0},"design":{"conf":{"LabelPosition":"above","DescPosition":"above","UploadField":"custom_1","QuantityFieldStyle":"custom_1"},"css":{"LeftLabelWidth":"120px"}},"formulas":[],"lookuptables":[],"clones":false,"cartKey":false}},"_links":{"self":[{"href":"https:\/\/canaryvip.com\/hu\/wp-json\/wp\/v2\/product\/11298","targetHints":{"allow":["GET"]}}],"collection":[{"href":"https:\/\/canaryvip.com\/hu\/wp-json\/wp\/v2\/product"}],"about":[{"href":"https:\/\/canaryvip.com\/hu\/wp-json\/wp\/v2\/types\/product"}],"replies":[{"embeddable":true,"href":"https:\/\/canaryvip.com\/hu\/wp-json\/wp\/v2\/comments?post=11298"}],"wp:featuredmedia":[{"embeddable":true,"href":"https:\/\/canaryvip.com\/hu\/wp-json\/wp\/v2\/media\/11302"}],"wp:attachment":[{"href":"https:\/\/canaryvip.com\/hu\/wp-json\/wp\/v2\/media?parent=11298"}],"wp:term":[{"taxonomy":"product_brand","embeddable":true,"href":"https:\/\/canaryvip.com\/hu\/wp-json\/wp\/v2\/product_brand?post=11298"},{"taxonomy":"product_cat","embeddable":true,"href":"https:\/\/canaryvip.com\/hu\/wp-json\/wp\/v2\/product_cat?post=11298"},{"taxonomy":"product_tag","embeddable":true,"href":"https:\/\/canaryvip.com\/hu\/wp-json\/wp\/v2\/product_tag?post=11298"}],"curies":[{"name":"wp","href":"https:\/\/api.w.org\/{rel}","templated":true}]}}