{"id":11261,"date":"2024-04-14T23:07:38","date_gmt":"2024-04-14T22:07:38","guid":{"rendered":"https:\/\/canaryvip.com\/?post_type=product&#038;p=11261"},"modified":"2025-06-29T14:59:11","modified_gmt":"2025-06-29T13:59:11","slug":"gladiux-show-tenerife","status":"publish","type":"product","link":"https:\/\/canaryvip.com\/hu\/shop\/gladiux-show-tenerife\/","title":{"rendered":"Gladiux Show Tenerife"},"content":{"rendered":"<h2>\ud83d\udee1\ufe0f Tapasztalja meg az \u00f3kori R\u00f3ma izgalm\u00e1t: Gladiux Show Tenerife<\/h2>\n<p>Induljon el egy izgalmas utaz\u00e1sra az \u00f3kori R\u00f3m\u00e1ba a Gladiux Show-val a fens\u00e9ges <strong>Gladiux Xanadu Tenerif\u00e9n.<\/strong> Ez a show t\u00f6k\u00e9letes a t\u00f6rt\u00e9nelem szerelmeseinek \u00e9s azoknak, akik egy egyed\u00fcl\u00e1ll\u00f3 sz\u00f3rakoz\u00e1st keresnek, hiszen a gladi\u00e1torcsat\u00e1k izgalm\u00e1t \u00f6tv\u00f6zi a k\u00f6z\u00e9pkori zene \u00e9s t\u00e1nc eleganci\u00e1j\u00e1val.<\/p>\n<h3>\ud83c\udfdf\ufe0f A r\u00f3mai vit\u00e9zek \u00e9jszak\u00e1ja: \u00fatvonalterv \u00e9s kiemelt esem\u00e9nyek<\/h3>\n<ul>\n<li><strong>Menetrend:<\/strong> Csatlakozzon hozz\u00e1nk szerd\u00e1nk\u00e9nt 21:00-kor egy adrenalin-n\u00f6vel\u0151 bemutat\u00f3ra, vagy szombatonk\u00e9nt 19:30-kor a legn\u00e9pszer\u0171bb \u00fcnneps\u00e9g\u00fcnkre, amely egy pazar grillezett vacsor\u00e1t is mag\u00e1ban foglal.<\/li>\n<li><strong>Helysz\u00edn:<\/strong> A Costa Adeje v\u00e1ros\u00e1t\u00f3l mind\u00f6ssze 20 percre tal\u00e1lhat\u00f3 Gladiux Xanadu fest\u0151i k\u00f6rnyezetet k\u00edn\u00e1l, amely k\u00f6zvetlen\u00fcl a gladi\u00e1torok \u00e9s a r\u00f3mai szekerek idej\u00e9be rep\u00edti \u00d6nt.<\/li>\n<li><strong>Konyha:<\/strong> Szombatonk\u00e9nt vegyes grillvacsor\u00e1t fogyaszthat, szerd\u00e1nk\u00e9nt pedig \u00e0 la carte \u00e9tkezhet. \u00c9tkez\u00e9s\u00e9t sangria, bor \u00e9s \u00fcd\u00edt\u0151italok v\u00e1laszt\u00e9k\u00e1val eg\u00e9sz\u00edtheti ki.<\/li>\n<\/ul>\n<h3>\ud83c\udf9f\ufe0f Testre szabhatja gladi\u00e1tori \u00e9lm\u00e9ny\u00e9t<\/h3>\n<ul>\n<li><strong>Jegyek:<\/strong> Mer\u00fclj\u00f6n el a Gladiux Xanadu izgalmas l\u00e9gk\u00f6r\u00e9ben rugalmas jegyv\u00e1laszt\u00e9kunkkal, amelyet \u00fagy tervezt\u00fcnk, hogy a k\u00fcl\u00f6nb\u00f6z\u0151 preferenci\u00e1knak \u00e9s csoportm\u00e9reteknek megfeleljen.<\/li>\n<li><strong>Csoportos foglal\u00e1s:<\/strong> T\u00f6k\u00e9letes v\u00e1llalati rendezv\u00e9nyekre, priv\u00e1t partikra, sz\u00fclet\u00e9snapokra \u00e9s egy\u00e9b rendezv\u00e9nyekre. Testre szabhatja rendezv\u00e9ny\u00e9t tematikus gladi\u00e1torjelmezekkel, mag\u00e1val ragad\u00f3 el\u0151ad\u00e1sokkal \u00e9s szem\u00e9lyre szabott sz\u00f3rakoztat\u00f3 csomagokkal. L\u00e1togasson el az CanaryVIP <a href=\"https:\/\/canaryvip.com\/hu\/contact\/\">kapcsolatfelv\u00e9teli oldal<\/a> r\u00e9szletes inform\u00e1ci\u00f3k\u00e9rt \u00e9s az \u00d6n egyedi ig\u00e9nyeihez igaz\u00edtott felejthetetlen \u00e9lm\u00e9ny megtervez\u00e9s\u00e9hez.<\/li>\n<\/ul>\n<h3>\ud83d\udde1\ufe0f Mer\u00fcl\u00e9s az ar\u00e9n\u00e1ba<\/h3>\n<ul>\n<li><strong>A csat\u00e1k:<\/strong> Legyen tan\u00faja a k\u00e9pzett lovasok \u00e1ltal el\u0151adott izgalmas gladi\u00e1torharcoknak, amelyeket \u00fagy terveztek, hogy a biztons\u00e1g vesz\u00e9lyeztet\u00e9se n\u00e9lk\u00fcl mutass\u00e1k be a r\u00f3mai harcok pomp\u00e1j\u00e1t.<\/li>\n<li><strong>Interakt\u00edv sz\u00f3rakoztat\u00e1s:<\/strong> \u00c9rezd az \u00f3kori R\u00f3ma l\u00fcktet\u00e9s\u00e9t, mik\u00f6zben kedvenc gladi\u00e1torodnak szurkolsz az ac\u00e9l \u00e9s a szurkol\u00e1s csattan\u00e1sa k\u00f6zepette.<\/li>\n<\/ul>\n<h3>\ud83c\udf89 Rendezv\u00e9nyszervez\u00e9s a Gladiux Xanadu-ban<\/h3>\n<ul>\n<li><strong>Mag\u00e1nrendezv\u00e9nyek:<\/strong> A Gladiux Xanadu nemcsak l\u00e1tv\u00e1nyos showhelysz\u00edn, hanem mag\u00e1nfoglal\u00e1sra is rendelkez\u00e9sre \u00e1ll. Ide\u00e1lis tematikus partikhoz, gladi\u00e1torjelmezekkel \u00e9s az \u00d6n ig\u00e9nyeihez igaz\u00edtott el\u0151ad\u00e1sokkal.<\/li>\n<\/ul>\n<h3>\ud83c\udf56 \u00dcnnepelj, mint egy r\u00f3mai<\/h3>\n<p><strong>Men\u00fcbe\u00e1ll\u00edt\u00e1sok:<\/strong> K\u00e9nyeztesse mag\u00e1t szombat esti k\u00fcl\u00f6nleges grillezett mix\u00fcnkkel, vagy v\u00e1lasszon veget\u00e1ri\u00e1nus \u00e9s glut\u00e9nmentes \u00e9teleink k\u00f6z\u00fcl b\u00e1rmelyik este. \u00c9lvezze a hagyom\u00e1nyos r\u00f3mai \u00e9teleket helyi finoms\u00e1gokkal p\u00e1ros\u00edtva.<\/p>\n<p><strong>VACSORA:<\/strong><\/p>\n<ul>\n<li><strong>\u00dcdv\u00f6z\u00f6lj\u00fck:<\/strong> Egy poh\u00e1r Cava<\/li>\n<li><strong>Ind\u00edt\u00f3:<\/strong> Keny\u00e9r \u00e9s vaj<\/li>\n<li><strong>K\u00fcl\u00f6nlegess\u00e9g:<\/strong>\n<ul>\n<li><strong>Els\u0151 fog\u00e1s:<\/strong> Z\u00f6lds\u00e9gleves<\/li>\n<li><strong>M\u00e1sodik fog\u00e1s:<\/strong> H\u00fas grill grill grill: Paradicsomos-sajtos sal\u00e1ta, Chips, Xanad\u00fa kan\u00e1ri mojo.<\/li>\n<\/ul>\n<\/li>\n<li><strong>Desszert:<\/strong> Tipikus kan\u00e1ri puding \u00e9s kr\u00e9m<\/li>\n<li><strong>Italok:<\/strong> Bor, sangria, \u00fcd\u00edt\u0151k, s\u00f6r \u00e9s v\u00edz<\/li>\n<\/ul>\n<p><strong>V\u00e1laszthat\u00f3:<\/strong> Veget\u00e1ri\u00e1nus \/ glut\u00e9nmentes men\u00fc<\/p>\n<h3>\u2696\ufe0f Foglal\u00e1si \u00e9s lemond\u00e1si felt\u00e9telek<\/h3>\n<ul>\n<li><strong>El\u0151zetes foglal\u00e1s:<\/strong> Biztos\u00edtsa hely\u00e9t kor\u00e1n a <strong>CanaryVIP<\/strong> hogy versenyk\u00e9pes \u00e1rakat \u00e9lvezhessen, \u00e9s biztos\u00edtsa a z\u00f6kken\u0151mentesen megtervezett l\u00e1togat\u00e1st.<\/li>\n<li><strong>Rugalmas lemond\u00e1sok:<\/strong> Egy\u00e9ni foglal\u00e1sok eset\u00e9n a lefoglalt \u00fcl\u00e9s el\u0151tt 24 \u00f3r\u00e1val ingyenes lemond\u00e1si lehet\u0151s\u00e9get k\u00edn\u00e1lunk, csoportok eset\u00e9n pedig kiterjesztett lemond\u00e1si lehet\u0151s\u00e9get. Tekintse meg a csoportos lemond\u00e1sokra vonatkoz\u00f3 r\u00e9szletes szab\u00e1lyzatunkat a weboldalunkon.<\/li>\n<\/ul>\n<h3>\ud83d\ude97 Tervezze meg l\u00e1togat\u00e1s\u00e1t<\/h3>\n<ul>\n<li><strong>Helysz\u00edn-hozz\u00e1f\u00e9r\u00e9s:<\/strong> A Gladiux Xanadu k\u00f6nnyen megk\u00f6zel\u00edthet\u0151 a helysz\u00edni ingyenes parkol\u00e1ssal vagy a Tenerife d\u00e9li r\u00e9sz\u00e9r\u0151l n\u00e9vleges d\u00edj ellen\u00e9ben ig\u00e9nybe vehet\u0151 fakultat\u00edv transzferszolg\u00e1ltat\u00e1ssal.<\/li>\n<li><strong>Rendezv\u00e9nyek \u00e9jszak\u00e1i:<\/strong> A Gladiux show-k minden szerd\u00e1n \u00e9s szombaton megtekinthet\u0151k, a t\u00f6bbi napon pedig alkalmi \u00e9tkez\u00e9si vagy lovas \u00e9lm\u00e9nyeket k\u00edn\u00e1lnak a helysz\u00ednen.<\/li>\n<\/ul>\n<h3>\ud83c\udf1f L\u00e9pjen be a t\u00f6rt\u00e9nelem ar\u00e9n\u00e1j\u00e1ba<\/h3>\n<p>Ne hagyja ki ezt az egyed\u00fcl\u00e1ll\u00f3 lehet\u0151s\u00e9get, hogy \u00e1t\u00e9lje a t\u00f6rt\u00e9nelmi dr\u00e1ma \u00e9s a r\u00f3mai l\u00e1tv\u00e1nyoss\u00e1g \u00e9jszak\u00e1j\u00e1t a Gladiux Show Tenerif\u00e9n.<\/p>\n<p>Foglalja le hely\u00e9t m\u00e9g ma, \u00e9s hagyja, hogy az \u00f3kori gladi\u00e1torok \u00e9s a k\u00f6z\u00e9pkori \u00fcnneps\u00e9gek pomp\u00e1ja gazdag\u00edtsa utaz\u00e1si kalandj\u00e1t. Foglaljon most, \u00e9s biztos\u00edtsa a t\u00f6rt\u00e9nelem, a l\u00e1tv\u00e1nyoss\u00e1g \u00e9s a kulin\u00e1ris \u00e9lvezetek felejthetetlen est\u00e9j\u00e9t! \ud83c\udff0\ud83c\udf57<\/p>","protected":false},"excerpt":{"rendered":"<p>\ud83d\udd0d <strong>Gladiux Show Highlights:<\/strong><br \/>\n\u2705 Biztons\u00e1gos fizet\u00e9s.<br \/>\n\ud83d\udd25 Izgalmas gladi\u00e1tor csat\u00e1k.<br \/>\n\ud83d\udcc5 szerd\u00e1nk\u00e9nt \u00e9s szombatonk\u00e9nt.<br \/>\n\u23f0 Mutasd: 19:30 - 21:00.<br \/>\n\ud83c\udf56 Grillezett vacsora.<br \/>\n\ud83c\udf77 Sangria, bor \u00e9s \u00fcd\u00edt\u0151italok.<br \/>\n\ud83c\udf0d Angol nyelv\u0171 m\u0171sorok.<br \/>\n\ud83d\ude97 Ingyenes parkol\u00e1s \u00e9s fakultat\u00edv transzfer.<br \/>\n\ud83e\udd11 Garant\u00e1ltan legjobb \u00e1r.<br \/>\n\ud83d\udc65 Csoportos kedvezm\u00e9nyek.<br \/>\n\ud83d\udd04 Ingyenes lemond\u00e1s 24 \u00f3r\u00e1ig.<br \/>\n\ud83c\udf1f Foglaljon kor\u00e1n, n\u00e9pszer\u0171 esem\u00e9ny!<br \/>\n\ud83c\udfdb\ufe0f Helysz\u00edn <a href=\"https:\/\/maps.app.goo.gl\/R9fiHWAcP4tLy9Mu9\">Xanadu<\/a>, Tenerife.<\/p>","protected":false},"featured_media":11279,"comment_status":"open","ping_status":"closed","template":"","meta":{"_acf_changed":false},"product_brand":[],"product_cat":[59],"product_tag":[],"class_list":{"0":"post-11261","1":"product","2":"type-product","3":"status-publish","4":"has-post-thumbnail","6":"product_cat-evening-shows","7":"wcpa_has_options","9":"first","10":"instock","11":"virtual","12":"purchasable","13":"product-type-simple"},"acf":[],"wcpa_form_fields":{"wcpaData":{"product":{"product_price":35,"price_html":"From&nbsp;<span class=\"woocommerce-Price-amount amount\"><bdi>35,00&nbsp;<span class=\"woocommerce-Price-currencySymbol\">&euro;<\/span><\/bdi><\/span>","original_product_price":35,"price_including_tax":35,"price_excluding_tax":35,"product_id":{"parent":11261,"variation":false},"is_variable":false,"stock_status":"instock","stock_quantity":null,"parent_sku":"CV11261","product_attributes":[],"custom_fields":[],"is_taxable":false,"product_name":"Gladiux Show Tenerife","hasImage":false},"fields":{"sec_h102qb2r1b7":{"extra":{"key":"sec_h102qb2r1b7","section_id":"sec_h102qb2r1b7","name":"Calendar","status":1,"cl_rule":"show","enableCl":false,"relations":[],"toggle":true,"title_tag":"h4","show_title":false,"showPrice":"default","form_id":11474,"form_rules":{"exclude_from_discount":true,"fee_label":"Fee","disp_hide_options_price":true,"disp_show_section_price":false,"disp_show_field_price":true,"layout_option":"standard","pric_use_as_fee":false,"process_fee_as":"woo_fee"},"layout_option":"standard"},"fields":[[{"active":true,"col":6,"relations":false,"cl_rule":"show","enableCl":false,"price":"","enablePrice":false,"className":"","label_position":"default","desc_position":"default","type":"content","required":false,"elementId":"content_8084577962","label":"","name":"content_8084577962","contentType":"rich","value":"<p><strong>Show not available at this moment.<\/strong><\/p>","error":false,"enableDesign":true,"DescColor":"#ff0700","gt_translate_keys":["label","value"],"price_dependency":false,"cl_dependency":false}],[{"label":"\ud83d\udcc5 Date","active":true,"required":true,"elementId":"date_96641647ba4193","picker_type":"custom","picker_mode":"single","placeholder":"","description":"","tooltip":"","name":"date_96641647ba4193","label_position":"default","desc_position":"default","enablePrice":false,"className":"","enableCl":false,"relations":[{"operator":"and","rules":[{"operator":"AND","rules":{"cl_field":"radio-group_96641647ba41a2","cl_relation":"is_not_empty","cl_val":"3 Hour Trip"}}]}],"date_pic_inline":true,"date_pic_inline_hide":true,"min_date":{"type":"days","val":"3"},"max_date":{"type":"days","val":"365"},"date_pic_conf":{"disabledWeeks":[0,1,2,3,4,5,6]},"price":"","cl_rule":"show","col":6,"type":"date","error":false,"enableDesign":false,"LabelColor":"","gt_translate_keys":["label","placeholder","description","tooltip"],"price_dependency":false,"cl_dependency":[false,false],"value":""}]]},"sec_106641647ba41a3":{"extra":{"key":"sec_106641647ba41a3","section_id":"sec_106641647ba41a3","name":"Regular","status":1,"cl_rule":"show","enableCl":true,"relations":[{"operator":false,"rules":[{"operator":"AND","rules":{"cl_field":"date_96641647ba4193","cl_relation":"is_not_empty","cl_val":""}}]}],"toggle":true,"title_tag":"h4","show_title":false,"showPrice":"default","form_id":11474,"form_rules":{"exclude_from_discount":true,"fee_label":"Fee","disp_hide_options_price":true,"disp_show_section_price":false,"disp_show_field_price":true,"layout_option":"standard","pric_use_as_fee":false,"process_fee_as":"woo_fee"},"layout_option":"standard"},"fields":[[{"active":true,"col":6,"relations":false,"cl_rule":"show","enableCl":false,"price":"","enablePrice":false,"className":"","label_position":"default","desc_position":"default","type":"separator","required":false,"elementId":"separator_76641647ba41af","label":"Separator Field","height":"1","separatorType":"blank","error":false,"gt_translate_keys":["label"],"price_dependency":false,"cl_dependency":false,"value":""}],[{"active":true,"col":6,"relations":false,"cl_rule":"show","enableCl":false,"price":"","enablePrice":false,"className":"","label_position":"default","desc_position":"default","type":"content","required":false,"elementId":"content_76641647ba41c3","label":"People","name":"content_76641647ba41c3","contentType":"plain","value":"","error":false,"show_in_checkout":true,"inline":false,"gt_translate_keys":["label","value"],"price_dependency":false,"cl_dependency":false}],[{"active":true,"col":6,"relations":[{"operator":false,"rules":[{"operator":"AND","rules":{"cl_field":"","cl_relation":"","cl_val":""}}]}],"cl_rule":"show","enableCl":true,"price":"45","enablePrice":true,"className":"","label_position":"default","desc_position":"default","type":"radio-group","required":false,"elementId":"radio-group_66641647ba41cd","label":"","name":"radio-group_66641647ba41cd","values":[{"label":"\ud83d\udc64 Adult (45\u20ac)","value":"Adult (45\u20ac)","selected":true,"tempId":"aco_32","tooltip":"+13 Years","description":"","gt_translate_keys":["label","tooltip","description"]}],"layOut":"","error":false,"checkUi":"button","priceOptions":"fixed_for_all","pricingType":"fixed","enable_quantity":true,"quantity_label":"","min_quantity":"0","options_tooltip":true,"options_description":true,"is_show_price":true,"gt_translate_keys":["label","quantity_label"],"price_dependency":["content_3820311617","content-5561342072","content-5624102109"],"cl_dependency":false,"value":""}],[{"label":"","active":true,"required":false,"elementId":"radio-group_46641647ba41d8","name":"radio-group_46641647ba41d8","label_position":"default","desc_position":"default","enablePrice":true,"className":"","enableCl":true,"relations":[{"operator":false,"rules":[{"operator":"AND","rules":{"cl_field":"","cl_relation":"","cl_val":""}}]}],"enable_quantity":true,"quantity_label":"","min_quantity":"0","checkUi":"button","layOut":"","options_tooltip":true,"options_description":true,"values":[{"label":"\ud83d\udc66 Child (22,50\u20ac)","value":"Child (22,50\u20ac)","selected":true,"tempId":"aco_32","tooltip":"4-12 Years","description":"","gt_translate_keys":["label","tooltip","description"]}],"priceOptions":"fixed_for_all","pricingType":"fixed","price":"22.50","cl_rule":"show","col":6,"type":"radio-group","error":false,"is_show_price":true,"gt_translate_keys":["label","quantity_label"],"price_dependency":["content_3820311617","content-5561342072","content-5624102109"],"cl_dependency":false,"value":""}],[{"label":"","active":true,"required":false,"elementId":"radio-group-1941437839","name":"radio-group-1941437839","label_position":"default","desc_position":"default","enablePrice":true,"className":"","enableCl":true,"relations":[{"operator":false,"rules":[{"operator":"AND","rules":{"cl_field":"","cl_relation":"","cl_val":""}}]}],"enable_quantity":true,"quantity_label":"","min_quantity":"0","checkUi":"button","layOut":"","options_tooltip":true,"options_description":true,"values":[{"label":"\ud83d\udc76 Toddle (Free)","value":"Toddle (Free)","selected":true,"tempId":"aco_32","tooltip":"0-3 Years","description":"","gt_translate_keys":["label","tooltip","description"]}],"priceOptions":"fixed_for_all","pricingType":"fixed","price":"0","cl_rule":"show","col":6,"type":"radio-group","error":false,"is_show_price":true,"gt_translate_keys":["label","quantity_label"],"price_dependency":false,"cl_dependency":false,"value":""}],[{"elementId":"separator_96641647ba41b9","separatorType":"fill","className":"","height":"6","enableCl":false,"relations":false,"cl_rule":"show","col":6,"type":"separator","error":false,"separatorColor":"#66a6b6","gt_translate_keys":[],"price_dependency":false,"cl_dependency":false,"value":""}],[{"active":true,"col":6,"relations":false,"cl_rule":"show","enableCl":false,"price":"({field.radio-group_66641647ba41cd.price}*0.3)+({field.radio-group_46641647ba41d8.price}*0.3)","enablePrice":true,"className":"","label_position":"default","desc_position":"default","type":"content","required":false,"elementId":"content_3820311617","label":"Deposit Now","name":"content_3820311617","contentType":"plain","value":"","error":false,"inline":true,"show_in_checkout":true,"subtype":"div","enableDesign":true,"LabelSize":"14px","pricingType":"custom","isTemplate":false,"gt_translate_keys":["label","value"],"price_dependency":false,"cl_dependency":false}],[{"contentType":"plain","active":true,"label":"Payment at Arrival","elementId":"content-5561342072","value":"","inline":true,"show_in_checkout":true,"name":"content-5561342072","enablePrice":true,"className":"","subtype":"div","enableCl":false,"relations":false,"enableDesign":true,"LabelSize":"14px","pricingType":"custom","isTemplate":false,"price":"({field.radio-group_66641647ba41cd.price}*0.7)+({field.radio-group_46641647ba41d8.price}*0.7)","cl_rule":"show","col":6,"type":"content","error":false,"is_show_price":true,"gt_translate_keys":["label","value"],"price_dependency":false,"cl_dependency":false}],[{"contentType":"plain","active":true,"label":"Total Amount","elementId":"content-5624102109","value":"","inline":true,"show_in_checkout":true,"name":"content-5624102109","enablePrice":true,"className":"","subtype":"div","enableCl":false,"relations":false,"enableDesign":true,"LabelSize":"14px","pricingType":"custom","isTemplate":false,"price":"({field.radio-group_66641647ba41cd.price})+({field.radio-group_46641647ba41d8.price})","is_show_price":true,"cl_rule":"show","col":6,"type":"content","error":false,"gt_translate_keys":["label","value"],"price_dependency":false,"cl_dependency":false}]]},"sec_26641647ba4202":{"extra":{"key":"sec_26641647ba4202","section_id":"sec_26641647ba4202","name":"Shuttle Service?","status":1,"cl_rule":"show","enableCl":true,"relations":[{"operator":false,"rules":[{"operator":"AND","rules":{"cl_field":"date_96641647ba4193","cl_relation":"is_not_empty","cl_val":""}}]}],"toggle":true,"title_tag":"h4","show_title":false,"showPrice":"default","form_id":11474,"form_rules":{"exclude_from_discount":true,"fee_label":"Fee","disp_hide_options_price":true,"disp_show_section_price":false,"disp_show_field_price":true,"layout_option":"standard","pric_use_as_fee":false,"process_fee_as":"woo_fee"},"layout_option":"standard"},"fields":[[{"active":true,"col":6,"relations":false,"cl_rule":"show","enableCl":false,"price":"","enablePrice":false,"className":"","label_position":"default","desc_position":"below","type":"checkbox","required":false,"elementId":"checkbox_16641647ba420b","label":"Bus Transfer? (15\u20ac)","name":"checkbox_16641647ba420b","value":"","check_value":"Yes","checkUi":"toggle","error":false,"description":"Pick-up from your hotel in south Tenerife. PAID AT ARRIVAL.","gt_translate_keys":["label","description","value","check_value"],"price_dependency":false,"cl_dependency":["content_106641647ba4214","radio-group_06641647ba421f","radio-group-1726047280","text_16641647ba4231"]}],[{"active":true,"col":6,"relations":false,"cl_rule":"show","enableCl":false,"price":"","enablePrice":false,"className":"","label_position":"default","desc_position":"default","type":"separator","required":false,"elementId":"separator_9863862717","label":"Separator Field","height":"5","separatorType":"blank","error":false,"gt_translate_keys":["label"],"price_dependency":false,"cl_dependency":false,"value":""}],[{"contentType":"plain","active":true,"label":"People for Bus Transfer (Paid at Arrival)","elementId":"content_106641647ba4214","value":"","inline":false,"show_in_checkout":true,"name":"content_106641647ba4214","enablePrice":false,"className":"","enableCl":true,"relations":[{"operator":false,"rules":[{"operator":"AND","rules":{"cl_field":"checkbox_16641647ba420b","cl_relation":"is","cl_val":true}}]}],"price":"","cl_rule":"show","col":6,"type":"content","error":false,"gt_translate_keys":["label","value"],"price_dependency":false,"cl_dependency":false}],[{"label":"","active":true,"required":false,"elementId":"radio-group_06641647ba421f","name":"radio-group_06641647ba421f","label_position":"default","desc_position":"default","enablePrice":true,"className":"","enableCl":true,"relations":[{"operator":false,"rules":[{"operator":"AND","rules":{"cl_field":"checkbox_16641647ba420b","cl_relation":"is","cl_val":true}}]}],"enable_quantity":true,"quantity_label":"","min_quantity":"0","checkUi":"button","layOut":"","options_tooltip":true,"values":[{"label":"\ud83d\udc64 Transport (15\u20ac)","value":"Transport (15\u20ac)","selected":true,"tempId":"aco_32","tooltip":"+4 Years","gt_translate_keys":["label","tooltip"]}],"priceOptions":"fixed_for_all","pricingType":"fixed","price":"15","cl_rule":"show","col":6,"type":"radio-group","error":false,"is_show_price":true,"gt_translate_keys":["label","quantity_label"],"price_dependency":false,"cl_dependency":false,"value":""}],[{"label":"","active":true,"required":false,"elementId":"radio-group-1726047280","name":"radio-group-1726047280","label_position":"default","desc_position":"default","enablePrice":true,"className":"","enableCl":true,"relations":[{"operator":false,"rules":[{"operator":"AND","rules":{"cl_field":"checkbox_16641647ba420b","cl_relation":"is","cl_val":true}}]}],"enable_quantity":true,"quantity_label":"","min_quantity":"0","checkUi":"button","layOut":"","options_tooltip":true,"values":[{"label":"\ud83d\udc76 Toddler Transport (Free)","value":"Toddler Transport (Free)","selected":true,"tempId":"aco_32","tooltip":"0-3 Years","gt_translate_keys":["label","tooltip"]}],"priceOptions":"fixed_for_all","pricingType":"fixed","price":"0","cl_rule":"show","col":6,"type":"radio-group","error":false,"gt_translate_keys":["label","quantity_label"],"price_dependency":false,"cl_dependency":false,"value":""}],[{"active":true,"col":6,"relations":[{"operator":false,"rules":[{"operator":"AND","rules":{"cl_field":"checkbox_16641647ba420b","cl_relation":"is","cl_val":true}}]}],"cl_rule":"show","enableCl":true,"price":"","enablePrice":false,"className":"","label_position":"default","desc_position":"default","type":"text","subtype":"text","required":false,"elementId":"text_16641647ba4231","label":"\ud83d\ude8c Pickup Location","name":"text_16641647ba4231","value":"","error":false,"description":"Pick-up service in Tenerife South. Simply provide your address or hotel name.","gt_translate_keys":["label","description","value"],"price_dependency":false,"cl_dependency":false}]]}},"config":{"price_override":"always","enable_recaptcha":false,"bind_quantity":false,"quantity_bind_formula":false,"disp_summ_show_option_price":false,"disp_summ_show_product_price":false,"disp_summ_show_total_price":false,"disp_summ_show_fee":false,"disp_summ_show_discount":false,"summary_title":"","options_total_label":"Options Price","total_label":"Total Amount","options_product_label":"Product Price","fee_label":"Fee","discount_label":"Discount","has_price":true,"has_quantity_formula":false},"mc_unit":1,"tax_rate":1,"tax_rate_real":1,"discount":{"percentage":0,"fixed":0},"design":{"conf":{"LabelPosition":"above","DescPosition":"above","UploadField":"custom_1","QuantityFieldStyle":"custom_1"},"css":{"LeftLabelWidth":"120px"}},"formulas":[],"lookuptables":[],"clones":false,"cartKey":false}},"_links":{"self":[{"href":"https:\/\/canaryvip.com\/hu\/wp-json\/wp\/v2\/product\/11261","targetHints":{"allow":["GET"]}}],"collection":[{"href":"https:\/\/canaryvip.com\/hu\/wp-json\/wp\/v2\/product"}],"about":[{"href":"https:\/\/canaryvip.com\/hu\/wp-json\/wp\/v2\/types\/product"}],"replies":[{"embeddable":true,"href":"https:\/\/canaryvip.com\/hu\/wp-json\/wp\/v2\/comments?post=11261"}],"wp:featuredmedia":[{"embeddable":true,"href":"https:\/\/canaryvip.com\/hu\/wp-json\/wp\/v2\/media\/11279"}],"wp:attachment":[{"href":"https:\/\/canaryvip.com\/hu\/wp-json\/wp\/v2\/media?parent=11261"}],"wp:term":[{"taxonomy":"product_brand","embeddable":true,"href":"https:\/\/canaryvip.com\/hu\/wp-json\/wp\/v2\/product_brand?post=11261"},{"taxonomy":"product_cat","embeddable":true,"href":"https:\/\/canaryvip.com\/hu\/wp-json\/wp\/v2\/product_cat?post=11261"},{"taxonomy":"product_tag","embeddable":true,"href":"https:\/\/canaryvip.com\/hu\/wp-json\/wp\/v2\/product_tag?post=11261"}],"curies":[{"name":"wp","href":"https:\/\/api.w.org\/{rel}","templated":true}]}}