{"id":11181,"date":"2024-04-11T19:47:34","date_gmt":"2024-04-11T18:47:34","guid":{"rendered":"https:\/\/canaryvip.com\/?post_type=product&#038;p=11181"},"modified":"2026-03-06T15:02:30","modified_gmt":"2026-03-06T15:02:30","slug":"la-gomera-jeep-safari-from-tenerife","status":"publish","type":"product","link":"https:\/\/canaryvip.com\/hu\/shop\/la-gomera-jeep-safari-from-tenerife\/","title":{"rendered":"La Gomera dzsip szafari Tenerif\u00e9r\u0151l"},"content":{"rendered":"<h2>Induljon el a <strong>La Gomera dzsip szafari t\u00fara Tenerif\u00e9r\u0151l<\/strong><\/h2>\n<p>Csatlakozzon hozz\u00e1nk egy izgalmas <strong>Jeep szafari La Gomera sziget\u00e9n,<\/strong> a Kan\u00e1ri-szigetek egyed\u00fcl\u00e1ll\u00f3 gy\u00f6ngyszeme. Tapasztalja meg a kiscsoportos t\u00far\u00e1inkat, amelyek ide\u00e1lisak csal\u00e1dok vagy bar\u00e1tok sz\u00e1m\u00e1ra, \u00e9s legfeljebb 8 utasnak adnak helyet dzsipenk\u00e9nt.<\/p>\n<p>Mer\u00fclj\u00f6n el a var\u00e1zslatos vil\u00e1gba, mik\u00f6zben \u00e1tutazik az Atlanti-\u00f3ce\u00e1non Tenerif\u00e9r\u0151l San Sebasti\u00e1n de La Gomera partjaira. K\u00e9nyelmes kompjaink z\u00f6kken\u0151mentesen sz\u00e1ll\u00edtj\u00e1k \u00d6nt, felk\u00e9sz\u00edtve egy olyan kalandra, amely a term\u00e9szeti sz\u00e9ps\u00e9get a kultur\u00e1lis \u00f6r\u00f6ks\u00e9ggel \u00f6tv\u00f6zi.<\/p>\n<p><strong>\u26a0\ufe0f <span style=\"text-decoration: underline;\">FONTOS FIGYELMEZTET\u00c9S:<\/span><\/strong> K\u00e9rj\u00fck, ne feledje, hogy a t\u00fara napj\u00e1n \u00e9rv\u00e9nyes \u00fatlevelet vigyen mag\u00e1val. \u00c9rv\u00e9nyes \u00fatlev\u00e9l n\u00e9lk\u00fcl nem sz\u00e1llhat fel a La Gomera fel\u00e9 tart\u00f3 kompra, \u00e9s visszat\u00e9r\u00edt\u00e9sre sincs lehet\u0151s\u00e9g. Gy\u0151z\u0151dj\u00f6n meg r\u00f3la, hogy \u00fatlevel\u00e9t k\u00e9szenl\u00e9tben tartja, hogy \u00e9lvezhesse a La Gomera term\u00e9szeti sz\u00e9ps\u00e9g\u00e9vel teli eml\u00e9kezetes utaz\u00e1st.<\/p>\n<h3><strong>La Gomera t\u00fara f\u00e9nypontjai:<\/strong><\/h3>\n<ul>\n<li>\ud83c\udf3f <strong>Garajonay Nemzeti Park:<\/strong> Fedezze fel az UNESCO Vil\u00e1g\u00f6r\u00f6ks\u00e9g r\u00e9sz\u00e9t k\u00e9pez\u0151 \u0151si bab\u00e9rerd\u0151ket \u00e9s a buja z\u00f6ldell\u0151 t\u00e1jat. A term\u00e9szet szerelmeseinek paradicsoma \u00e9s a biol\u00f3giai sokf\u00e9les\u00e9g l\u00e1tv\u00e1nyoss\u00e1ga.<\/li>\n<li>\ud83c\udfde\ufe0f <strong>Hermigua:<\/strong> A z\u00f6ldell\u0151 p\u00e1lmaligetekr\u0151l \u00e9s a kan\u00e1ri-szigeteki guarapo gy\u00fcm\u00f6lcsl\u00e9 el\u0151\u00e1ll\u00edt\u00e1s\u00e1r\u00f3l ismert. Fedezze fel, hogy Hermigua mi\u00e9rt h\u00edres magas \u00e9letmin\u0151s\u00e9g\u00e9r\u0151l \u00e9s fest\u0151i sz\u00e9ps\u00e9g\u00e9r\u0151l.<\/li>\n<li>\ud83c\udf74 <strong>Autentikus helyi konyha:<\/strong> K\u00f3stolja meg a hagyom\u00e1nyos kan\u00e1ri-szigeteki \u00e9teleket egy helyi \u00e9tteremben, ahol meg\u00edzlelheti azokat az \u00edzeket, amelyek La Gomera konyh\u00e1j\u00e1t felejthetetlenn\u00e9 teszik.<\/li>\n<li>\ud83c\udf0a <strong>San Sebasti\u00e1n de La Gomera:<\/strong> S\u00e9t\u00e1ljon a sziget f\u0151v\u00e1ros\u00e1nak sz\u00ednes utc\u00e1in, csod\u00e1lja meg \u00e9p\u00edt\u00e9szeti sz\u00e9ps\u00e9geit, \u00e9s \u00e9lvezze a szabadid\u0151t, hogy saj\u00e1t maga fedezze fel a v\u00e1rost.<\/li>\n<li>\ud83c\udf04 <strong>Agulo:<\/strong> J\u00e1rd v\u00e9gig ezt a b\u00e1jos falut, amely keskeny macskak\u00f6ves utc\u00e1ir\u00f3l \u00e9s az Atlanti-\u00f3ce\u00e1nra ny\u00edl\u00f3 l\u00e9legzetel\u00e1ll\u00edt\u00f3 kil\u00e1t\u00e1sr\u00f3l ismert.<\/li>\n<li>\ud83c\udfd6\ufe0f <strong>Laguna Grande:<\/strong> Egy figyelemre m\u00e9lt\u00f3 \u00e9s nyugodt hely, amely t\u00f6k\u00e9letes a szeml\u00e9l\u0151d\u00e9sre a Garajonay-n bel\u00fcl. Egyed\u00fcl\u00e1ll\u00f3 k\u00f6rnyezeti k\u00f6rnyezete miatt t\u00far\u00e1nk egyik legfontosabb \u00e1llom\u00e1sa.<\/li>\n<\/ul>\n<h3><strong>Mit tartalmaz a La Gomera dzsip szafari t\u00far\u00e1nk:<\/strong><\/h3>\n<ul>\n<li>\ud83d\ude90 <strong>Menetrendszerinti sz\u00e1ll\u00edt\u00e1s:<\/strong> K\u00e9nyelmes fel- \u00e9s lesz\u00e1ll\u00e1si szolg\u00e1ltat\u00e1st k\u00edn\u00e1lunk a sz\u00e1ll\u00e1shely\u00e9r\u0151l vagy egy k\u00f6zeli helyr\u0151l Puerto de la Cruzban vagy Playa de las Am\u00e9ricasban.<\/li>\n<li>\u26f4\ufe0f <strong>Komp-transzferek:<\/strong> \u00c9lvezze a z\u00f6kken\u0151mentes kompj\u00e1ratokat La Gomera sziget\u00e9re \u00e9s vissza, \u00e9s biztos\u00edtsa a k\u00e9nyelmes utaz\u00e1st az Atlanti-\u00f3ce\u00e1non.<\/li>\n<li>\ud83c\udf7d\ufe0f <strong>Eb\u00e9d \u00e9s helyi k\u00f3stol\u00f3k:<\/strong> A helyi kulin\u00e1ris \u00e9lvezetekb\u0151l \u00edzel\u00edt\u0151t kaphat, \u00e9s egy finom vacsora is szerepel a programban.<\/li>\n<li>\ud83d\udde3\ufe0f <strong>T\u00f6bbnyelv\u0171 t\u00e1mogat\u00e1s:<\/strong> T\u00far\u00e1inkat t\u00f6bb nyelven, t\u00f6bbek k\u00f6z\u00f6tt spanyolul, angolul, n\u00e9met\u00fcl, franci\u00e1ul, olaszul, hollandul \u00e9s lengyel\u00fcl k\u00edn\u00e1ljuk, hogy a legk\u00fcl\u00f6nf\u00e9l\u00e9bb vend\u00e9geinket is kiszolg\u00e1ljuk.<\/li>\n<\/ul>\n<h3><b>Foglal\u00e1si politika \u00e9s rugalmass\u00e1g<\/b><\/h3>\n<p><span style=\"font-weight: 400;\">\ud83d\udd01 <\/span><b>Ingyenes lemond\u00e1s 48 \u00f3r\u00e1ig:<\/b><span style=\"font-weight: 400;\"> A tervek v\u00e1ltozhatnak. A foglal\u00e1s lemondhat\u00f3 vagy m\u00f3dos\u00edthat\u00f3 legfeljebb <\/span><b>48 \u00f3r\u00e1val a tev\u00e9kenys\u00e9g el\u0151tt<\/b><span style=\"font-weight: 400;\"> \u00e9s teljes visszat\u00e9r\u00edt\u00e9st kap.<\/span><\/p>\n<p><span style=\"font-weight: 400;\">\ud83d\udeab <\/span><b>Meg nem jelen\u00e9s szab\u00e1lyzata:<\/b><span style=\"font-weight: 400;\"> Ha nem vesz r\u00e9szt a tev\u00e9kenys\u00e9gen, vagy t\u00fal k\u00e9s\u0151n \u00e9rkezik ahhoz, hogy r\u00e9szt vegyen rajta, a foglal\u00e1s a k\u00f6vetkez\u0151k\u00e9ppen min\u0151s\u00fcl <\/span><b>nem jelenik meg \u00e9s nem visszat\u00e9r\u00edthet\u0151.<\/b><span style=\"font-weight: 400;\">.<\/span><\/p>\n<p><span style=\"font-weight: 400;\">\ud83c\udf0a <\/span><b>Id\u0151j\u00e1r\u00e1si felt\u00e9telek:<\/b><span style=\"font-weight: 400;\"> Ha a t\u00fara nem tud k\u00f6zlekedni a nem biztons\u00e1gos id\u0151j\u00e1r\u00e1si k\u00f6r\u00fclm\u00e9nyek miatt, akkor lehet\u0151s\u00e9ge van arra, hogy <\/span><b>\u00e1t\u00fctemezni egy m\u00e1sik napra, vagy teljes visszat\u00e9r\u00edt\u00e9st kapni.<\/b><span style=\"font-weight: 400;\">.<\/span><\/p>\n<h4><strong>Foglalja le dzsip szafari kalandj\u00e1t La Gomera sziget\u00e9n m\u00e9g ma!<\/strong><\/h4>\n<p>Ne hagyja ki ezt az exkluz\u00edv lehet\u0151s\u00e9get, hogy felfedezze a leny\u0171g\u00f6z\u0151 t\u00e1jakat \u00e9s a kultur\u00e1lis gazdags\u00e1got a <a href=\"https:\/\/www.google.com\/maps\/place\/La+Gomera\/@28.1188754,-17.3060924,12z\/data=!3m1!4b1!4m6!3m5!1s0xc6ae33697cbc54d:0x59c58fe23f47d04e!8m2!3d28.1033035!4d-17.2193578!16zL20vMDFnNG1q?entry=ttu\" target=\"_blank\" rel=\"noopener\">La Gomera<\/a> a  c\u00edmen <a href=\"https:\/\/canaryvip.com\/hu\/\">CanaryVIP.<\/a><\/p>\n<p>Garajonay var\u00e1zslatos erdej\u00e9t\u0151l Agulo fest\u0151i utc\u00e1in \u00e1t \u00e9s azon t\u00fal, induljon el egy felfedez\u00e9sekkel \u00e9s kalandokkal teli utaz\u00e1sra. Foglalja le hely\u00e9t most, \u00e9s tapasztalja meg La Gomera legjav\u00e1t!<\/p>","protected":false},"excerpt":{"rendered":"<p>\ud83d\udd0d <strong>A t\u00fara f\u00e9nypontjai:<\/strong><br \/>\n\u2705 Biztons\u00e1gos fizet\u00e9s.<br \/>\n\ud83c\uddee\ud83c\udde8 Fedezze fel La Gomera sziget\u00e9t.<br \/>\n\ud83c\udf33 L\u00e1togasson el a Garajonay Parkba.<br \/>\n\ud83d\udde3\ufe0f \u00c9l\u0151 f\u00fcty\u00fcl\u0151s el\u0151ad\u00e1s.<br \/>\n\ud83c\udf7d\ufe0f Kan\u00e1ri-szigeteki eb\u00e9det tartalmaz.<br \/>\n\ud83d\udcc5 H\u00e9tf\u0151t\u0151l szombatig.<br \/>\n\u23f0 Id\u0151tartam K\u00f6r\u00fclbel\u00fcl 9h.<br \/>\n\ud83d\ude8c Sz\u00e1llodai fel- \u00e9s lesz\u00e1ll\u00e1s.<br \/>\n\ud83d\udd04 48 \u00f3r\u00e1s ingyenes lemond\u00e1s.<br \/>\n\ud83c\udf0d \u00datmutat\u00f3 az \u00d6n nyelv\u00e9n.<br \/>\n\ud83e\udd11 Garant\u00e1ltan legjobb \u00e1r.<br \/>\n\ud83c\udf1f Foglaljon most \u00e9s sp\u00f3roljon!<\/p>","protected":false},"featured_media":11183,"comment_status":"open","ping_status":"closed","template":"","meta":{"_acf_changed":false},"product_brand":[],"product_cat":[67],"product_tag":[],"class_list":{"0":"post-11181","1":"product","2":"type-product","3":"status-publish","4":"has-post-thumbnail","6":"product_cat-jeep-tours","7":"wcpa_has_options","9":"first","10":"instock","11":"virtual","12":"purchasable","13":"product-type-simple"},"acf":[],"wcpa_form_fields":{"wcpaData":{"product":{"product_price":145,"price_html":"From&nbsp;<span class=\"woocommerce-Price-amount amount\"><bdi>145,00&nbsp;<span class=\"woocommerce-Price-currencySymbol\">&euro;<\/span><\/bdi><\/span>","original_product_price":145,"price_including_tax":145,"price_excluding_tax":145,"product_id":{"parent":11181,"variation":false},"is_variable":false,"stock_status":"instock","stock_quantity":null,"parent_sku":"CV11181","product_attributes":[],"custom_fields":[],"is_taxable":false,"product_name":"La Gomera Jeep Safari from Tenerife","hasImage":false},"fields":{"sec_36619078bba64e":{"extra":{"key":"sec_36619078bba64e","section_id":"sec_36619078bba64e","name":"Tickets","status":1,"cl_rule":"show","enableCl":false,"relations":[{"operator":false,"rules":[{"operator":"AND","rules":{"cl_field":"radio-group_665df45fcbc30b","cl_relation":"is","cl_val":"Siam Park Regular Tickets"}}]}],"toggle":true,"title_tag":"h4","show_title":false,"showPrice":"default","form_id":11188,"form_rules":{"exclude_from_discount":true,"fee_label":"Fee","disp_hide_options_price":true,"disp_show_section_price":false,"disp_show_field_price":true,"layout_option":"standard","pric_use_as_fee":false,"process_fee_as":"woo_fee"},"layout_option":"standard"},"fields":[[{"active":true,"col":6,"relations":false,"cl_rule":"show","enableCl":false,"price":"","enablePrice":false,"className":"","label_position":"default","desc_position":"default","type":"select","required":true,"elementId":"select_06619078bba6b6","label":"\ud83c\udf0e Language","name":"select_06619078bba6b6","values":[{"label":"English","value":"English","selected":false,"tempId":"aco_1213","gt_translate_keys":["label"]},{"label":"Dutch","value":"Dutch","selected":false,"tempId":"aco_693","gt_translate_keys":["label"]},{"label":"German","value":"German","selected":false,"tempId":"aco_1567","gt_translate_keys":["label"]},{"label":"French","value":"French","selected":false,"tempId":"aco_1215","gt_translate_keys":["label"]},{"label":"Polish","value":"Polish","selected":false,"tempId":"aco_1212","gt_translate_keys":["label"]},{"label":"Italian","value":"Italian","selected":false,"tempId":"aco_611","gt_translate_keys":["label"]},{"label":"Spanish","value":"Spanish","selected":false,"tempId":"aco_1214","gt_translate_keys":["label"]}],"dropdown_type":"basic","error":false,"placeholder":"None","gt_translate_keys":["label","placeholder"],"price_dependency":false,"cl_dependency":["date_86619078bba66f","date_86619078bba66f","date_86619078bba66f","date-8573541398","date-8573541398","date-0948401647","date-1264231762"],"value":""}],[{"label":"\ud83d\udcc5 Date","active":true,"required":true,"elementId":"date_86619078bba66f","picker_type":"custom","picker_mode":"single","placeholder":"","description":"","tooltip":"","name":"date_86619078bba66f","label_position":"default","desc_position":"default","enablePrice":false,"className":"","enableCl":true,"relations":[{"operator":"and","rules":[{"operator":"or","rules":{"cl_field":"select_06619078bba6b6","cl_relation":"is","cl_val":"Dutch"}},{"operator":"or","rules":{"cl_field":"select_06619078bba6b6","cl_relation":"is","cl_val":"German"}},{"operator":"AND","rules":{"cl_field":"select_06619078bba6b6","cl_relation":"is","cl_val":"French"}}]}],"date_pic_inline":true,"date_pic_inline_hide":true,"min_date":{"type":"days","val":"3"},"max_date":{"type":"days","val":"365"},"date_pic_conf":{"disabledWeeks":[0,6]},"price":"","cl_rule":"show","col":6,"type":"date","error":false,"enableDesign":false,"LabelColor":"","isWeightTemplate":false,"isTemplate":false,"min_quantity":"1","quantity_decimal":false,"quantity_step":"1","quantity_label":"Quantity","repeater_field_label":"{field_label}","repeater_bind":"","gt_translate_keys":["label","placeholder","description","tooltip","repeater_field_label","quantity_label"],"price_dependency":false,"cl_dependency":false,"value":""}],[{"label":"\ud83d\udcc5 Date","active":true,"required":true,"elementId":"date-8573541398","picker_type":"custom","picker_mode":"single","placeholder":"","description":"","tooltip":"","name":"date-8573541398","label_position":"default","desc_position":"default","enablePrice":false,"className":"","enableCl":true,"relations":[{"operator":"and","rules":[{"operator":"or","rules":{"cl_field":"select_06619078bba6b6","cl_relation":"is","cl_val":"English"}},{"operator":false,"rules":{"cl_field":"select_06619078bba6b6","cl_relation":"is","cl_val":"Spanish"}}]}],"enableDesign":false,"LabelColor":"","date_pic_inline":true,"date_pic_inline_hide":true,"min_date":{"type":"days","val":"3"},"max_date":{"type":"days","val":"365"},"date_pic_conf":{"disabledWeeks":[0,2,3,6,4]},"price":"","cl_rule":"show","col":6,"type":"date","error":false,"isWeightTemplate":false,"isTemplate":false,"min_quantity":"1","quantity_decimal":false,"quantity_step":"1","quantity_label":"Quantity","repeater_field_label":"{field_label}","repeater_bind":"","gt_translate_keys":["label","placeholder","description","tooltip","repeater_field_label","quantity_label"],"price_dependency":false,"cl_dependency":false,"value":""}],[{"label":"\ud83d\udcc5 Date","active":true,"required":true,"elementId":"date-0948401647","picker_type":"custom","picker_mode":"single","placeholder":"","description":"","tooltip":"","name":"date-0948401647","label_position":"default","desc_position":"default","enablePrice":false,"className":"","enableCl":true,"relations":[{"operator":"and","rules":[{"operator":false,"rules":{"cl_field":"select_06619078bba6b6","cl_relation":"is","cl_val":"Polish"}}]}],"enableDesign":false,"LabelColor":"","date_pic_inline":true,"date_pic_inline_hide":true,"min_date":{"type":"days","val":"3"},"max_date":{"type":"days","val":"365"},"date_pic_conf":{"disabledWeeks":[0,2,4,5]},"price":"","cl_rule":"show","col":6,"type":"date","error":false,"isWeightTemplate":false,"isTemplate":false,"min_quantity":"1","quantity_decimal":false,"quantity_step":"1","quantity_label":"Quantity","repeater_field_label":"{field_label}","repeater_bind":"","gt_translate_keys":["label","placeholder","description","tooltip","repeater_field_label","quantity_label"],"price_dependency":false,"cl_dependency":false,"value":""}],[{"label":"\ud83d\udcc5 Date","active":true,"required":true,"elementId":"date-1264231762","picker_type":"custom","picker_mode":"single","placeholder":"","description":"","tooltip":"","name":"date-1264231762","label_position":"default","desc_position":"default","enablePrice":false,"className":"","enableCl":true,"relations":[{"operator":"and","rules":[{"operator":false,"rules":{"cl_field":"select_06619078bba6b6","cl_relation":"is","cl_val":"Italian"}}]}],"enableDesign":false,"LabelColor":"","date_pic_inline":true,"date_pic_inline_hide":true,"min_date":{"type":"days","val":"3"},"max_date":{"type":"days","val":"365"},"date_pic_conf":{"disabledWeeks":[0,1,2,3,5,6]},"price":"","cl_rule":"show","col":6,"type":"date","error":false,"isWeightTemplate":false,"isTemplate":false,"min_quantity":"1","quantity_decimal":false,"quantity_step":"1","quantity_label":"Quantity","repeater_field_label":"{field_label}","repeater_bind":"","gt_translate_keys":["label","placeholder","description","tooltip","repeater_field_label","quantity_label"],"price_dependency":false,"cl_dependency":false,"value":""}],[{"elementId":"separator_76619078bba67e","separatorType":"blank","className":"","height":"10","enableCl":false,"relations":false,"cl_rule":"show","col":6,"type":"separator","gt_translate_keys":[],"price_dependency":false,"cl_dependency":false,"value":""}],[{"active":true,"col":6,"relations":false,"cl_rule":"show","enableCl":false,"price":"","enablePrice":false,"className":"","label_position":"default","desc_position":"default","type":"content","required":false,"elementId":"content_106619078bba68a","label":"People","name":"content_106619078bba68a","contentType":"plain","value":"","error":false,"show_in_checkout":true,"inline":false,"gt_translate_keys":["label","value"],"price_dependency":false,"cl_dependency":false}],[{"active":true,"col":6,"relations":[{"operator":false,"rules":[{"operator":"AND","rules":{"cl_field":"","cl_relation":"","cl_val":""}}]}],"cl_rule":"show","enableCl":true,"price":"145","enablePrice":true,"className":"","label_position":"default","desc_position":"default","type":"radio-group","required":false,"elementId":"radio-group_96619078bba696","label":"","name":"radio-group_96619078bba696","values":[{"label":"\ud83d\udc64 Adult (145\u20ac)","value":"Adult","selected":true,"tempId":"aco_32","tooltip":"+12 Years","description":"","gt_translate_keys":["label","tooltip","description"]}],"layOut":"","error":false,"checkUi":"button","priceOptions":"fixed_for_all","pricingType":"fixed","enable_quantity":true,"quantity_label":"","min_quantity":"0","options_tooltip":true,"options_description":true,"gt_translate_keys":["label","quantity_label"],"price_dependency":false,"cl_dependency":false,"value":""}],[{"label":"","active":true,"required":false,"elementId":"radio-group_56619078bba6a2","name":"radio-group_56619078bba6a2","label_position":"default","desc_position":"default","enablePrice":true,"className":"","enableCl":false,"relations":false,"enable_quantity":true,"quantity_label":"","min_quantity":"0","checkUi":"button","layOut":"","values":[{"label":"\ud83d\udc66 Child (118\u20ac)","value":"Child","selected":true,"tempId":"aco_32","tooltip":"3-11 Years","description":"","gt_translate_keys":["label","tooltip","description"]}],"priceOptions":"fixed_for_all","pricingType":"fixed","price":"118","cl_rule":"show","col":6,"type":"radio-group","error":false,"options_tooltip":true,"options_description":true,"gt_translate_keys":["label","quantity_label"],"price_dependency":false,"cl_dependency":false,"value":""}],[{"label":"","active":true,"required":false,"elementId":"radio-group_96619078bba6ad","name":"radio-group_96619078bba6ad","label_position":"default","desc_position":"default","enablePrice":true,"className":"","enableCl":false,"relations":false,"enable_quantity":true,"quantity_label":"","min_quantity":"0","checkUi":"button","layOut":"","options_tooltip":true,"options_description":true,"values":[{"label":"\ud83d\udc76 Toddler (6,25\u20ac)","value":"Toddler","selected":true,"tempId":"aco_32","tooltip":"0-2 Years","description":"","gt_translate_keys":["label","tooltip","description"]}],"priceOptions":"fixed_for_all","pricingType":"fixed","price":"6,25","cl_rule":"show","col":6,"type":"radio-group","error":false,"gt_translate_keys":["label","quantity_label"],"price_dependency":false,"cl_dependency":false,"value":""}],[{"active":true,"col":6,"relations":false,"cl_rule":"show","enableCl":false,"price":"","enablePrice":false,"className":"","label_position":"default","desc_position":"default","type":"separator","required":false,"elementId":"separator_86619078bba6c1","label":"Separator Field","height":"7","separatorType":"blank","error":false,"gt_translate_keys":["label"],"price_dependency":false,"cl_dependency":false,"value":""}],[{"active":true,"col":6,"relations":false,"cl_rule":"show","enableCl":false,"price":"","enablePrice":false,"className":"","label_position":"default","desc_position":"default","type":"text","subtype":"text","required":true,"elementId":"text_76619078bba6ca","label":"\ud83d\ude8c Pickup Location","name":"text_76619078bba6ca","value":"","description":"Free pick-up service in Tenerife South. Simply provide your address or hotel name.","error":false,"isWeightTemplate":false,"isTemplate":false,"min_quantity":"1","quantity_decimal":false,"quantity_step":"1","quantity_label":"Quantity","repeater_field_label":"{field_label}","repeater_bind":"","gt_translate_keys":["label","description","value","repeater_field_label","quantity_label"],"price_dependency":false,"cl_dependency":false}]]}},"config":{"price_override":"always","enable_recaptcha":false,"bind_quantity":false,"quantity_bind_formula":false,"disp_summ_show_option_price":true,"disp_summ_show_product_price":false,"disp_summ_show_total_price":true,"disp_summ_show_fee":true,"disp_summ_show_discount":true,"summary_title":"","options_total_label":"Options Price","total_label":"Total Amount","options_product_label":"Product Price","fee_label":"Fee","discount_label":"Discount","has_price":true,"has_quantity_formula":false},"mc_unit":1,"tax_rate":1,"tax_rate_real":1,"discount":{"percentage":0,"fixed":0},"design":{"conf":{"LabelPosition":"above","DescPosition":"above","UploadField":"custom_1","QuantityFieldStyle":"custom_1"},"css":{"LeftLabelWidth":"120px"}},"formulas":[],"lookuptables":[],"clones":false,"cartKey":false}},"_links":{"self":[{"href":"https:\/\/canaryvip.com\/hu\/wp-json\/wp\/v2\/product\/11181","targetHints":{"allow":["GET"]}}],"collection":[{"href":"https:\/\/canaryvip.com\/hu\/wp-json\/wp\/v2\/product"}],"about":[{"href":"https:\/\/canaryvip.com\/hu\/wp-json\/wp\/v2\/types\/product"}],"replies":[{"embeddable":true,"href":"https:\/\/canaryvip.com\/hu\/wp-json\/wp\/v2\/comments?post=11181"}],"wp:featuredmedia":[{"embeddable":true,"href":"https:\/\/canaryvip.com\/hu\/wp-json\/wp\/v2\/media\/11183"}],"wp:attachment":[{"href":"https:\/\/canaryvip.com\/hu\/wp-json\/wp\/v2\/media?parent=11181"}],"wp:term":[{"taxonomy":"product_brand","embeddable":true,"href":"https:\/\/canaryvip.com\/hu\/wp-json\/wp\/v2\/product_brand?post=11181"},{"taxonomy":"product_cat","embeddable":true,"href":"https:\/\/canaryvip.com\/hu\/wp-json\/wp\/v2\/product_cat?post=11181"},{"taxonomy":"product_tag","embeddable":true,"href":"https:\/\/canaryvip.com\/hu\/wp-json\/wp\/v2\/product_tag?post=11181"}],"curies":[{"name":"wp","href":"https:\/\/api.w.org\/{rel}","templated":true}]}}