{"id":11043,"date":"2024-04-11T00:15:30","date_gmt":"2024-04-10T23:15:30","guid":{"rendered":"https:\/\/canaryvip.com\/?post_type=product&#038;p=11043"},"modified":"2025-08-09T12:45:04","modified_gmt":"2025-08-09T11:45:04","slug":"jeep-teide-masca-guided-tour","status":"publish","type":"product","link":"https:\/\/canaryvip.com\/hu\/shop\/jeep-teide-masca-guided-tour\/","title":{"rendered":"Teide &amp; Masca dzsip szafari Tenerife"},"content":{"rendered":"<h2>\ud83c\udf1f Fedezd fel <strong>Teide \u00e9s Masca a dzsipes t\u00far\u00e1nkkal<\/strong> \ud83d\ude99<\/h2>\n<p>Induljon el egy mag\u00e1val ragad\u00f3 utaz\u00e1sra az CanaryVIP-vel, amikor a Teide \u00e9s Masca dzsipes vezetett t\u00far\u00e1nkon kereszt\u00fcl exkluz\u00edv felfedez\u0151\u00fatra indul Tenerife legcsod\u00e1latosabb t\u00e1jaira \u00e9s fest\u0151i falvaiba. Ez a kaland t\u00f6k\u00e9letes csal\u00e1dok, egy\u00e9nek vagy kis csoportok sz\u00e1m\u00e1ra, \u00e9s egy meghitt \u00e9s felejthetetlen \u00e9lm\u00e9nyt biztos\u00edt legfeljebb 8 f\u0151nek dzsipenk\u00e9nt.<\/p>\n<p>Mer\u00fclj\u00f6n el m\u00e9lyebben Tenerife sz\u00edv\u00e9be, tapasztalja meg leny\u0171g\u00f6z\u0151 term\u00e9szeti sz\u00e9ps\u00e9geit \u00e9s gazdag kultur\u00e1lis \u00f6r\u00f6ks\u00e9g\u00e9t robusztus, terepj\u00e1r\u00f3 4\u00d74-es dzsipjeink k\u00e9nyelm\u00e9b\u0151l, tapasztalt \u00e9s t\u00f6bb nyelven besz\u00e9l\u0151 sof\u0151rjeink vezet\u00e9s\u00e9vel.<\/p>\n<h3><strong>Kib\u0151v\u00edtett kaland f\u00e9nypontjai: Teide \u00e9s Masca<\/strong><\/h3>\n<ul>\n<li>\ud83c\udf0b <strong>Pico Viejo<\/strong>: Tapasztalja meg a Pico Viejo leny\u0171g\u00f6z\u0151 sz\u00e9ps\u00e9g\u00e9t. A 800 m\u00e9ter \u00e1tm\u00e9r\u0151j\u0171, soksz\u00edn\u0171 kr\u00e1ter\u00e9r\u0151l ismert ikonikus vulk\u00e1n p\u00e1ratlan l\u00e1tv\u00e1nyt ny\u00fajt, p\u00e1ratlan kil\u00e1t\u00e1st \u00e9s a term\u00e9szet m\u0171v\u00e9szet\u00e9nek vibr\u00e1l\u00f3 bemutat\u00f3j\u00e1t.<\/li>\n<li>\ud83c\udfdc\ufe0f <strong>Roques de Garc\u00eda<\/strong>: Csod\u00e1lja meg a Roques de Garc\u00ed\u00e1t, a Teide Nemzeti Park f\u00f6l\u00f6tt magasod\u00f3 sziklaalakzatokat. Ezek a k\u00fcl\u00f6n\u00f6s, k\u00fcl\u00f6nb\u00f6z\u0151 anyagok r\u00e9tegeib\u0151l kialakult strukt\u00far\u00e1k a t\u00fara legk\u00fcl\u00f6nlegesebb l\u00e1tnival\u00f3i k\u00f6z\u00e9 tartoznak.<\/li>\n<li>\ud83c\udf04 <strong>Aripe \u00e9s Chirche<\/strong>: S\u00e9t\u00e1ljon v\u00e9gig Aripe \u00e9s Chirche hangulatos utc\u00e1in, amelyek eredeti, 18. \u00e9s 19. sz\u00e1zadi \u00e9p\u00edt\u00e9szet\u0171, fest\u0151i falvak. Tapasztalja meg az autentikus tenerifei vid\u00e9ki \u00e9letet, amelyet a term\u00e9szet \u00e9s a nyugalom vesz k\u00f6r\u00fcl.<\/li>\n<li>\ud83c\udfde\ufe0f <strong>Teide Nemzeti Park<\/strong>: Fedezze fel az UNESCO Vil\u00e1g\u00f6r\u00f6ks\u00e9g r\u00e9sz\u00e9t k\u00e9pez\u0151 Teide Nemzeti Parkot, a term\u00e9szeti csodavil\u00e1got, amelyet a fens\u00e9ges Teide-hegy ural. A v\u00e1ltozatos sz\u00ednek, a vadvil\u00e1g \u00e9s a sz\u00fcrre\u00e1lis t\u00e1jak teszik a parkot kir\u00e1ndul\u00e1sunk k\u00f6z\u00e9ppontj\u00e1v\u00e1.<\/li>\n<li>\ud83c\udf32 <strong>Vilaflor<\/strong>: L\u00e1togasson el a Vilaflorba, amely a vulk\u00e1n cs\u00facs\u00e1hoz k\u00f6zeli feny\u0151f\u00e1k k\u00f6z\u00f6tt fekszik. Fedezze fel az ilyen magass\u00e1gban val\u00f3 \u00e9let nyugalm\u00e1t, \u00e9lvezze a tiszta leveg\u0151t \u00e9s a nemzeti parkra ny\u00edl\u00f3 leny\u0171g\u00f6z\u0151 kil\u00e1t\u00e1st.<\/li>\n<li>\ud83c\udfde\ufe0f <strong>Masca<\/strong>: Masca, Tenerife egyik legfest\u0151ibb faluja, a kan\u00e1ri term\u00e9szeti \u00e9p\u00edt\u00e9szet megtestes\u00edt\u0151je. T\u00far\u00e1nk sor\u00e1n els\u0151 k\u00e9zb\u0151l szerezhetsz tapasztalatot err\u0151l a b\u00e1jos helys\u00e9gr\u0151l.<\/li>\n<\/ul>\n<h3><strong>Tov\u00e1bbfejlesztett t\u00fara r\u00e9szletei:<\/strong><\/h3>\n<ul>\n<li>\ud83d\ude99 <strong>J\u00e1rm\u0171vek \u00e9s k\u00f6zleked\u00e9s:<\/strong> J\u00e1rja be a zord terepeket n\u00e9gyker\u00e9k-meghajt\u00e1s\u00fa dzsipjeinkkel, biztos\u00edtva a k\u00e9nyelmes \u00e9s izgalmas kalandot. A szigetek k\u00f6z\u00f6tti utaz\u00e1ssal j\u00e1r\u00f3 t\u00far\u00e1k eset\u00e9ben a komp\u00e1tkel\u00e9st is biztos\u00edtjuk, ami z\u00f6kken\u0151mentes \u00e9lm\u00e9nyt ny\u00fajt.<\/li>\n<li>\ud83d\udc65 <strong>Kiscsoportos garancia:<\/strong> \u00c9lvezze a szem\u00e9lyre szabottabb kalandot kis csoportokban, konvojban, ahol egy dzsipben legfeljebb 8 utas utazhat, a sof\u0151rrel egy\u00fctt.<\/li>\n<li>\ud83d\udd12 <strong>Priv\u00e1t opci\u00f3 el\u00e9rhet\u0151:<\/strong> Ha exkluz\u00edv \u00e9lm\u00e9nyt szeretne, v\u00e1lassza VIP- vagy priv\u00e1t t\u00far\u00e1nkat, amely lehet\u0151v\u00e9 teszi, hogy \u00d6n v\u00e1lassza ki \u00fatit\u00e1rsait.<\/li>\n<li>\ud83d\udd01 <strong>Inkluz\u00edv k\u00f6zleked\u00e9s:<\/strong> K\u00e9nyelmes fel- \u00e9s lesz\u00e1ll\u00e1si szolg\u00e1ltat\u00e1st k\u00edn\u00e1lunk a sz\u00e1ll\u00e1shely\u00e9r\u0151l vagy egy k\u00f6zeli pontr\u00f3l, \u00edgy az \u00e9lm\u00e9ny az elej\u00e9t\u0151l a v\u00e9g\u00e9ig probl\u00e9mamentes lesz.<\/li>\n<\/ul>\n<h3><strong>\u00c1tfog\u00f3 t\u00farainform\u00e1ci\u00f3k:<\/strong><\/h3>\n<ul>\n<li>\ud83d\udd58 <strong>Id\u0151tartam \u00e9s id\u0151beoszt\u00e1s:<\/strong> A t\u00fara k\u00f6r\u00fclbel\u00fcl 7 \u00f3r\u00e1n \u00e1t tart, 09:00 \u00e9s 16:00 \u00f3ra k\u00f6z\u00f6tt, \u00edgy \u00d6n teljes m\u00e9rt\u00e9kben elmer\u00fclhet Tenerife sz\u00e9ps\u00e9g\u00e9ben.<\/li>\n<li>\ud83d\uddd3\ufe0f <strong>El\u00e9rhet\u0151 napok:<\/strong> Induljon el ezen a kalandon h\u00e9tf\u0151t\u0151l szombatig, rugalmas lehet\u0151s\u00e9geket biztos\u00edtva, hogy az \u00d6n id\u0151beoszt\u00e1s\u00e1hoz igazodjon.<\/li>\n<li>\ud83c\udf0d <strong>K\u00edn\u00e1lt nyelvek:<\/strong> T\u00far\u00e1inkat t\u00f6bb nyelven, t\u00f6bbek k\u00f6z\u00f6tt spanyolul, angolul, n\u00e9met\u00fcl, franci\u00e1ul, olaszul, hollandul \u00e9s lengyel\u00fcl tartjuk, \u00edgy a glob\u00e1lis k\u00f6z\u00f6ns\u00e9get is kiszolg\u00e1ljuk.<\/li>\n<\/ul>\n<h3><strong>Friss\u00edtett foglal\u00e1si \u00e9s lemond\u00e1si szab\u00e1lyzat:<\/strong><\/h3>\n<ul>\n<li>\ud83d\udd04 <strong>Rugalmas lemond\u00e1sok:<\/strong> Tudjuk, hogy a tervek v\u00e1ltozhatnak, ez\u00e9rt a maxim\u00e1lis nyugalom \u00e9rdek\u00e9ben ak\u00e1r 24 \u00f3r\u00e1val el\u0151re is lemondhatja vagy \u00e1t\u00fctemezheti t\u00far\u00e1j\u00e1t.<\/li>\n<li>\u26c5 <strong>Id\u0151j\u00e1r\u00e1si garancia:<\/strong> Ha a kedvez\u0151tlen id\u0151j\u00e1r\u00e1si k\u00f6r\u00fclm\u00e9nyek miatt a t\u00fara lemond\u00e1sra ker\u00fclne, akkor lehet\u0151s\u00e9ge van \u00e1t\u00fctemezni vagy teljes visszat\u00e9r\u00edt\u00e9st kapni, \u00edgy biztos\u00edtva a gondtalan foglal\u00e1si \u00e9lm\u00e9nyt.<\/li>\n<li>\ud83d\udce9 <strong>K\u00f6nny\u0171 kapcsolatfelv\u00e9tel:<\/strong> B\u00e1rmilyen k\u00e9rd\u00e9ssel vagy m\u00f3dos\u00edt\u00e1ssal kapcsolatban, egyszer\u0171en <a href=\"https:\/\/canaryvip.com\/hu\/contact\/\">forduljon hozz\u00e1nk<\/a>, \u00e9s mi gondoskodunk arr\u00f3l, hogy az \u00d6n ig\u00e9nyeit kiel\u00e9g\u00edts\u00fck.<\/li>\n<\/ul>\n<h4><strong>Foglalja le tenerifei dzsip kalandj\u00e1t most!<\/strong><\/h4>\n<p>Ne hagyja ki ezt a p\u00e1ratlan lehet\u0151s\u00e9get, hogy az CanaryVIP-vel felfedezze Tenerife pomp\u00e1j\u00e1t. A vulkanikus fens\u00e9ges <a href=\"https:\/\/canaryvip.com\/hu\/discover-the-teide-the-ultimate-guide-iconic-volcano\/\">Teide Nemzeti Park<\/a> a Masca t\u00f6rt\u00e9nelmi var\u00e1zs\u00e1ig, \u00e9s azon t\u00fal, induljon el egy olyan utaz\u00e1sra, amely tele van sz\u00e9ps\u00e9ggel, kalanddal \u00e9s felfedez\u00e9sre v\u00e1r\u00f3 t\u00f6rt\u00e9netekkel.<\/p>","protected":false},"excerpt":{"rendered":"<p><strong>\ud83d\udd0d A t\u00fara f\u00e9nypontjai:<\/strong><br \/>\n\u2705 Biztons\u00e1gos fizet\u00e9s.<br \/>\n\ud83d\uddfb L\u00e1togasson el a Teide Nemzeti Parkba.<br \/>\n\ud83d\udee4\ufe0f L\u00e1togasson el Masca faluba.<br \/>\n\u23f0 Id\u0151tartam K\u00f6r\u00fclbel\u00fcl 7h.<br \/>\n\ud83d\udcc5 H\u00e9tf\u0151t\u0151l szombatig.<br \/>\n\ud83d\ude8c Sz\u00e1llodai fel- \u00e9s lesz\u00e1ll\u00e1s.<br \/>\n\ud83d\udd04 24 \u00f3r\u00e1s ingyenes lemond\u00e1s.<br \/>\n\ud83e\udd11 Garant\u00e1ltan legjobb \u00e1r.<br \/>\n\ud83c\udf81 Csoportos kedvezm\u00e9nyek.<br \/>\n\ud83c\udf0d T\u00e1mogat\u00e1s t\u00f6bb nyelven.<br \/>\n\ud83c\udf1f Foglaljon most \u00e9s sp\u00f3roljon!<\/p>","protected":false},"featured_media":11145,"comment_status":"open","ping_status":"closed","template":"","meta":{"_acf_changed":false},"product_brand":[],"product_cat":[67],"product_tag":[],"class_list":{"0":"post-11043","1":"product","2":"type-product","3":"status-publish","4":"has-post-thumbnail","6":"product_cat-jeep-tours","7":"wcpa_has_options","9":"first","10":"instock","11":"virtual","12":"purchasable","13":"product-type-simple"},"acf":[],"wcpa_form_fields":{"wcpaData":{"product":{"product_price":66,"price_html":"From&nbsp;<span class=\"woocommerce-Price-amount amount\"><bdi>66,00&nbsp;<span class=\"woocommerce-Price-currencySymbol\">&euro;<\/span><\/bdi><\/span>","original_product_price":66,"price_including_tax":66,"price_excluding_tax":66,"product_id":{"parent":11043,"variation":false},"is_variable":false,"stock_status":"instock","stock_quantity":null,"parent_sku":"CV11043","product_attributes":[],"custom_fields":[],"is_taxable":false,"product_name":"Teide & Masca Jeep Safari Tenerife","hasImage":false},"fields":{"sec_2661916538e0c2":{"extra":{"key":"sec_2661916538e0c2","section_id":"sec_2661916538e0c2","name":"Tickets","status":1,"cl_rule":"show","enableCl":false,"relations":[{"operator":false,"rules":[{"operator":"AND","rules":{"cl_field":"radio-group_665df45fcbc30b","cl_relation":"is","cl_val":"Siam Park Regular Tickets"}}]}],"toggle":true,"title_tag":"h4","show_title":false,"showPrice":"default","form_id":11191,"form_rules":{"exclude_from_discount":true,"fee_label":"Fee","disp_hide_options_price":true,"disp_show_section_price":false,"disp_show_field_price":true,"layout_option":"standard","pric_use_as_fee":false,"process_fee_as":"woo_fee"},"layout_option":"standard"},"fields":[[{"active":true,"col":6,"relations":false,"cl_rule":"show","enableCl":false,"price":"","enablePrice":false,"className":"","label_position":"default","desc_position":"default","type":"select","required":true,"elementId":"select_9661916538e0e4","label":"\ud83c\udf0e Language","name":"select_9661916538e0e4","values":[{"label":"English","value":"English","selected":false,"tempId":"aco_1213","gt_translate_keys":["label"]},{"label":"Dutch","value":"Dutch","selected":false,"tempId":"aco_693","gt_translate_keys":["label"]},{"label":"German","value":"German","selected":false,"tempId":"aco_1567","gt_translate_keys":["label"]},{"label":"French","value":"French","selected":false,"tempId":"aco_1215","gt_translate_keys":["label"]},{"label":"Polish","value":"Polish","selected":false,"tempId":"aco_1212","gt_translate_keys":["label"]},{"label":"Italian","value":"Italian","selected":false,"tempId":"aco_611","gt_translate_keys":["label"]},{"label":"Spanish","value":"Spanish","selected":false,"tempId":"aco_1214","gt_translate_keys":["label"]}],"dropdown_type":"basic","error":false,"placeholder":"Select Language","gt_translate_keys":["label","placeholder"],"price_dependency":false,"cl_dependency":["date_8661916538e0f2","date_8661916538e0f2","date_8661916538e0f2","date_8661916538e0f2","date_6661916538e0fc","date_1661916538e106","date_8661916538e10f","radio-group_10661916538e130","radio-group-3329476112","radio-group_2661916538e13c","radio-group-3332331927","radio-group_6661916538e147"],"value":""}],[{"label":"\ud83d\udcc5 Date","active":true,"required":true,"elementId":"date_8661916538e0f2","picker_type":"custom","picker_mode":"single","placeholder":"","description":"","tooltip":"","name":"date_8661916538e0f2","label_position":"default","desc_position":"default","enablePrice":false,"className":"","enableCl":true,"relations":[{"operator":"and","rules":[{"operator":"or","rules":{"cl_field":"select_9661916538e0e4","cl_relation":"is","cl_val":"Dutch"}},{"operator":"or","rules":{"cl_field":"select_9661916538e0e4","cl_relation":"is","cl_val":"German"}},{"operator":"or","rules":{"cl_field":"select_9661916538e0e4","cl_relation":"is","cl_val":"French"}},{"operator":"AND","rules":{"cl_field":"select_9661916538e0e4","cl_relation":"is","cl_val":"English"}}]}],"date_pic_inline":true,"date_pic_inline_hide":true,"min_date":{"type":"days","val":"4"},"max_date":{"type":"days","val":"80"},"date_pic_conf":{"disabledWeeks":[0],"disabledDates":["2025-04-11"]},"price":"","cl_rule":"show","col":6,"type":"date","error":false,"enableDesign":false,"LabelColor":"","isWeightTemplate":false,"isTemplate":false,"min_quantity":"1","quantity_decimal":false,"quantity_step":"1","quantity_label":"Quantity","repeater_field_label":"{field_label}","repeater_bind":"","gt_translate_keys":["label","placeholder","description","tooltip","repeater_field_label","quantity_label"],"price_dependency":false,"cl_dependency":false,"value":""}],[{"label":"\ud83d\udcc5 Date","active":true,"required":true,"elementId":"date_6661916538e0fc","picker_type":"custom","picker_mode":"single","placeholder":"","description":"","tooltip":"","name":"date_6661916538e0fc","label_position":"default","desc_position":"default","enablePrice":false,"className":"","enableCl":true,"relations":[{"operator":"and","rules":[{"operator":false,"rules":{"cl_field":"select_9661916538e0e4","cl_relation":"is","cl_val":"Spanish"}}]}],"enableDesign":false,"LabelColor":"","date_pic_inline":true,"date_pic_inline_hide":true,"min_date":{"type":"days","val":"4"},"max_date":{"type":"days","val":"365"},"date_pic_conf":{"disabledWeeks":[0,1,3,5,6]},"price":"","cl_rule":"show","col":6,"type":"date","error":false,"isWeightTemplate":false,"isTemplate":false,"min_quantity":"1","quantity_decimal":false,"quantity_step":"1","quantity_label":"Quantity","repeater_field_label":"{field_label}","repeater_bind":"","gt_translate_keys":["label","placeholder","description","tooltip","repeater_field_label","quantity_label"],"price_dependency":false,"cl_dependency":false,"value":""}],[{"label":"\ud83d\udcc5 Date","active":true,"required":true,"elementId":"date_1661916538e106","picker_type":"custom","picker_mode":"single","placeholder":"","description":"","tooltip":"","name":"date_1661916538e106","label_position":"default","desc_position":"default","enablePrice":false,"className":"","enableCl":true,"relations":[{"operator":"and","rules":[{"operator":false,"rules":{"cl_field":"select_9661916538e0e4","cl_relation":"is","cl_val":"Polish"}}]}],"enableDesign":false,"LabelColor":"","date_pic_inline":true,"date_pic_inline_hide":true,"min_date":{"type":"days","val":"4"},"max_date":{"type":"days","val":"365"},"date_pic_conf":{"disabledWeeks":[0,1,3,4,5,6]},"price":"","cl_rule":"show","col":6,"type":"date","error":false,"isWeightTemplate":false,"isTemplate":false,"min_quantity":"1","quantity_decimal":false,"quantity_step":"1","quantity_label":"Quantity","repeater_field_label":"{field_label}","repeater_bind":"","gt_translate_keys":["label","placeholder","description","tooltip","repeater_field_label","quantity_label"],"price_dependency":false,"cl_dependency":false,"value":""}],[{"label":"\ud83d\udcc5 Date","active":true,"required":true,"elementId":"date_8661916538e10f","picker_type":"custom","picker_mode":"single","placeholder":"","description":"","tooltip":"","name":"date_8661916538e10f","label_position":"default","desc_position":"default","enablePrice":false,"className":"","enableCl":true,"relations":[{"operator":"and","rules":[{"operator":false,"rules":{"cl_field":"select_9661916538e0e4","cl_relation":"is","cl_val":"Italian"}}]}],"enableDesign":false,"LabelColor":"","date_pic_inline":true,"date_pic_inline_hide":true,"min_date":{"type":"days","val":"4"},"max_date":{"type":"days","val":"365"},"date_pic_conf":{"disabledWeeks":[0,1,2,5,4]},"price":"","cl_rule":"show","col":6,"type":"date","error":false,"isWeightTemplate":false,"isTemplate":false,"min_quantity":"1","quantity_decimal":false,"quantity_step":"1","quantity_label":"Quantity","repeater_field_label":"{field_label}","repeater_bind":"","gt_translate_keys":["label","placeholder","description","tooltip","repeater_field_label","quantity_label"],"price_dependency":false,"cl_dependency":false,"value":""}],[{"elementId":"separator_7661916538e11a","separatorType":"blank","className":"","height":"10","enableCl":false,"relations":false,"cl_rule":"show","col":6,"type":"separator","gt_translate_keys":[],"price_dependency":false,"cl_dependency":false,"value":""}],[{"active":true,"col":6,"relations":[{"operator":false,"rules":[{"operator":"AND","rules":{"cl_field":"select_9661916538e0e4","cl_relation":"is_not","cl_val":"Polish"}}]}],"cl_rule":"show","enableCl":true,"price":"66","enablePrice":true,"className":"","label_position":"default","desc_position":"default","type":"radio-group","required":false,"elementId":"radio-group_10661916538e130","label":"","name":"radio-group_10661916538e130","values":[{"label":"\ud83d\udc64 Adult (66\u20ac)","value":"Adult","selected":true,"tempId":"aco_32","tooltip":"+12 Years","description":"","gt_translate_keys":["label","tooltip","description"]}],"layOut":"","error":false,"checkUi":"button","priceOptions":"fixed_for_all","pricingType":"fixed","enable_quantity":true,"quantity_label":"","min_quantity":"0","options_tooltip":true,"options_description":true,"gt_translate_keys":["label","quantity_label"],"price_dependency":false,"cl_dependency":false,"value":""}],[{"label":"","active":true,"required":false,"elementId":"radio-group-3329476112","name":"radio-group-3329476112","label_position":"default","desc_position":"default","enablePrice":true,"className":"","enableCl":true,"relations":[{"operator":false,"rules":[{"operator":"AND","rules":{"cl_field":"select_9661916538e0e4","cl_relation":"is","cl_val":"Polish"}}]}],"enable_quantity":true,"quantity_label":"","min_quantity":"0","checkUi":"button","layOut":"","options_tooltip":true,"options_description":true,"values":[{"label":"\ud83d\udc64 Adult (70\u20ac)","value":"Adult","selected":true,"tempId":"aco_32","tooltip":"+12 Years","description":"","gt_translate_keys":["label","tooltip","description"]}],"priceOptions":"fixed_for_all","pricingType":"fixed","price":"70","cl_rule":"show","col":6,"type":"radio-group","error":false,"gt_translate_keys":["label","quantity_label"],"price_dependency":false,"cl_dependency":false,"value":""}],[{"label":"","active":true,"required":false,"elementId":"radio-group_2661916538e13c","name":"radio-group_2661916538e13c","label_position":"default","desc_position":"default","enablePrice":true,"className":"","enableCl":true,"relations":[{"operator":false,"rules":[{"operator":"AND","rules":{"cl_field":"select_9661916538e0e4","cl_relation":"is_not","cl_val":"Polish"}}]}],"enable_quantity":true,"quantity_label":"","min_quantity":"0","checkUi":"button","layOut":"","values":[{"label":"\ud83d\udc66 Child (52\u20ac)","value":"Child","selected":true,"tempId":"aco_32","tooltip":"3-11 Years","description":"","gt_translate_keys":["label","tooltip","description"]}],"priceOptions":"fixed_for_all","pricingType":"fixed","price":"52","cl_rule":"show","col":6,"type":"radio-group","error":false,"options_tooltip":true,"options_description":true,"gt_translate_keys":["label","quantity_label"],"price_dependency":false,"cl_dependency":false,"value":""}],[{"label":"","active":true,"required":false,"elementId":"radio-group-3332331927","name":"radio-group-3332331927","label_position":"default","desc_position":"default","enablePrice":true,"className":"","enableCl":true,"relations":[{"operator":false,"rules":[{"operator":"AND","rules":{"cl_field":"select_9661916538e0e4","cl_relation":"is","cl_val":"Polish"}}]}],"enable_quantity":true,"quantity_label":"","min_quantity":"0","checkUi":"button","layOut":"","options_tooltip":true,"options_description":true,"values":[{"label":"\ud83d\udc66 Child (55\u20ac)","value":"Child","selected":true,"tempId":"aco_32","tooltip":"3-11 Years","description":"","gt_translate_keys":["label","tooltip","description"]}],"priceOptions":"fixed_for_all","pricingType":"fixed","price":"55","cl_rule":"show","col":6,"type":"radio-group","error":false,"gt_translate_keys":["label","quantity_label"],"price_dependency":false,"cl_dependency":false,"value":""}],[{"label":"","active":true,"required":false,"elementId":"radio-group_6661916538e147","name":"radio-group_6661916538e147","label_position":"default","desc_position":"default","enablePrice":true,"className":"","enableCl":true,"relations":[{"operator":false,"rules":[{"operator":"AND","rules":{"cl_field":"select_9661916538e0e4","cl_relation":"is_not_empty","cl_val":""}}]}],"enable_quantity":true,"quantity_label":"","min_quantity":"0","checkUi":"button","layOut":"","options_tooltip":true,"options_description":true,"values":[{"label":"\ud83d\udc76 Toddler (Free)","value":"Toddler","selected":true,"tempId":"aco_32","tooltip":"0-2 Years","description":"","gt_translate_keys":["label","tooltip","description"]}],"priceOptions":"fixed_for_all","pricingType":"fixed","price":"0","cl_rule":"show","col":6,"type":"radio-group","error":false,"gt_translate_keys":["label","quantity_label"],"price_dependency":false,"cl_dependency":false,"value":""}],[{"active":true,"col":6,"relations":false,"cl_rule":"show","enableCl":false,"price":"","enablePrice":false,"className":"","label_position":"default","desc_position":"default","type":"separator","required":false,"elementId":"separator_6661916538e151","label":"Separator Field","height":"7","separatorType":"blank","error":false,"gt_translate_keys":["label"],"price_dependency":false,"cl_dependency":false,"value":""}],[{"active":true,"col":6,"relations":false,"cl_rule":"show","enableCl":false,"price":"","enablePrice":false,"className":"","label_position":"default","desc_position":"default","type":"text","subtype":"text","required":false,"elementId":"text_4661916538e15b","label":"\ud83d\ude8c Pickup Location","name":"text_4661916538e15b","value":"","description":"Free pick-up service in Tenerife South. Simply provide your address or hotel name.","error":false,"gt_translate_keys":["label","description","value"],"price_dependency":false,"cl_dependency":false}]]}},"config":{"price_override":"always","enable_recaptcha":false,"bind_quantity":false,"quantity_bind_formula":false,"disp_summ_show_option_price":true,"disp_summ_show_product_price":false,"disp_summ_show_total_price":true,"disp_summ_show_fee":true,"disp_summ_show_discount":true,"summary_title":"","options_total_label":"Options Price","total_label":"Total Amount","options_product_label":"Product Price","fee_label":"Fee","discount_label":"Discount","has_price":true,"has_quantity_formula":false},"mc_unit":1,"tax_rate":1,"tax_rate_real":1,"discount":{"percentage":0,"fixed":0},"design":{"conf":{"LabelPosition":"above","DescPosition":"above","UploadField":"custom_1","QuantityFieldStyle":"custom_1"},"css":{"LeftLabelWidth":"120px"}},"formulas":[],"lookuptables":[],"clones":false,"cartKey":false}},"_links":{"self":[{"href":"https:\/\/canaryvip.com\/hu\/wp-json\/wp\/v2\/product\/11043","targetHints":{"allow":["GET"]}}],"collection":[{"href":"https:\/\/canaryvip.com\/hu\/wp-json\/wp\/v2\/product"}],"about":[{"href":"https:\/\/canaryvip.com\/hu\/wp-json\/wp\/v2\/types\/product"}],"replies":[{"embeddable":true,"href":"https:\/\/canaryvip.com\/hu\/wp-json\/wp\/v2\/comments?post=11043"}],"wp:featuredmedia":[{"embeddable":true,"href":"https:\/\/canaryvip.com\/hu\/wp-json\/wp\/v2\/media\/11145"}],"wp:attachment":[{"href":"https:\/\/canaryvip.com\/hu\/wp-json\/wp\/v2\/media?parent=11043"}],"wp:term":[{"taxonomy":"product_brand","embeddable":true,"href":"https:\/\/canaryvip.com\/hu\/wp-json\/wp\/v2\/product_brand?post=11043"},{"taxonomy":"product_cat","embeddable":true,"href":"https:\/\/canaryvip.com\/hu\/wp-json\/wp\/v2\/product_cat?post=11043"},{"taxonomy":"product_tag","embeddable":true,"href":"https:\/\/canaryvip.com\/hu\/wp-json\/wp\/v2\/product_tag?post=11043"}],"curies":[{"name":"wp","href":"https:\/\/api.w.org\/{rel}","templated":true}]}}