{"id":10904,"date":"2024-04-08T11:19:03","date_gmt":"2024-04-08T10:19:03","guid":{"rendered":"https:\/\/canaryvip.com\/?post_type=product&#038;p=10904"},"modified":"2025-06-28T21:05:29","modified_gmt":"2025-06-28T20:05:29","slug":"rent-boat-saxdor-200-with-license","status":"publish","type":"product","link":"https:\/\/canaryvip.com\/hu\/shop\/rent-boat-saxdor-200-with-license\/","title":{"rendered":"B\u00e9reljen haj\u00f3t Saxdor 200 jogos\u00edtv\u00e1nnyal Tenerife"},"content":{"rendered":"<h2>\ud83d\udea4 B\u00e9reljen Saxdor 200 licenccel az CanaryVIP-n\u00e9l<\/h2>\n<p><strong>Vegye \u00e1t a korm\u00e1nyt a tengeri kalandban az CanaryVIP-vel:<\/strong> Vezesse a saj\u00e1t napj\u00e1t a tengeren a Saxdor 200-assal, egy kiv\u00e1l\u00f3 nyitott haj\u00f3val, amely a modern designt \u00e9s az eg\u00e9sz napos vitorl\u00e1z\u00e1si k\u00e9pess\u00e9get \u00f6tv\u00f6zi.<\/p>\n<p>A 2023-ban sz\u00fcletett, 6 m\u00e9ter hossz\u00fa, eleg\u00e1ns haj\u00f3 t\u00f6k\u00e9letes azok sz\u00e1m\u00e1ra, akik st\u00edlusosan \u00e9s k\u00f6nnyed\u00e9n szeretn\u00e9nek Tenerife vizeiben navig\u00e1lni.<br \/>\nElindulunk a fest\u0151i sz\u00e9ps\u00e9g\u0171 <a href=\"https:\/\/maps.app.goo.gl\/F7XZ1rpbWXBTYFND9\" target=\"_blank\" rel=\"noopener\">Los Gigantes,<\/a> a <strong>Saxdor 200 licenccel<\/strong>\u00a0exkluz\u00edv lehet\u0151s\u00e9get k\u00edn\u00e1l arra, hogy felfedezzen rejtett \u00f6bl\u00f6ket, napozzon a fed\u00e9lzeten, vagy \u00e9lvezze a fed\u00e9lzeti eb\u00e9det az Atlanti-\u00f3ce\u00e1n az\u00fark\u00e9k \u00f6lel\u00e9s\u00e9ben.<\/p>\n<p><strong>Az elegancia \u00e9s a teljes\u00edtm\u00e9ny haj\u00f3ja:<\/strong>\u00a0A Saxdor 200 kiv\u00e1l\u00f3s\u00e1gra tervezt\u00e9k, 115 l\u00f3er\u0151s motorral, amely prec\u00edzen siklik a v\u00edzen. A 6 utas befogad\u00e1s\u00e1ra alkalmas, kalandra k\u00e9sz \u00fczemanyagtart\u00e1llyal ez a haj\u00f3 az \u00d6n kapuja Tenerife d\u00e9li r\u00e9sz\u00e9nek kincseihez.<\/p>\n<h3>\ud83d\udea4 Saxdor 200 Tenerife: Tenerife: Your Day, Your Way<\/h3>\n<ul>\n<li><strong>Kifinomult diz\u00e1jn:<\/strong> \u00c9lvezze a 2023-as Saxdor 200-as luxust, amely st\u00edlusos megjelen\u00e9s\u00e9r\u0151l \u00e9s k\u00e9nyelmes \u00fcl\u00e9seir\u0151l ismert.<\/li>\n<li><strong>Felejthetetlen kil\u00e1t\u00e1s:<\/strong> Navig\u00e1ljon Masca \u00e9s Los Gigantes h\u00edres szikl\u00e1i fel\u00e9, ahol a tengeri \u00e9l\u0151vil\u00e1g term\u00e9szetes \u00e9l\u0151hely\u00e9n vir\u00e1gzik.<\/li>\n<li><strong>Mag\u00e1nyos \u00fasz\u00e1sok:<\/strong> Horgonyozzon le nyugodt \u00f6bl\u00f6kben, amelyek t\u00f6k\u00e9letesek \u00fasz\u00e1sra, b\u00fav\u00e1rkod\u00e1sra, vagy egyszer\u0171en csak s\u00fctk\u00e9rez\u00e9sre a napf\u00e9nyben.<\/li>\n<li><strong>Fed\u00e9lzeti \u00e9lvezetek:<\/strong> A b\u00e9rl\u00e9s mag\u00e1ban foglalja a v\u00edzi \u00e9tkez\u00e9sek szabads\u00e1g\u00e1t, \u00edgy a kulin\u00e1ris \u00e9lm\u00e9nyek fokoz\u00f3dnak.<\/li>\n<li><strong>Z\u00f6kken\u0151mentes vitorl\u00e1z\u00e1s:<\/strong> Er\u0151s motorj\u00e1val \u00e9s felhaszn\u00e1l\u00f3bar\u00e1t kezel\u00e9s\u00e9vel a Saxdor 200 z\u00f6kken\u0151mentes utaz\u00e1st biztos\u00edt a hull\u00e1mokon.<\/li>\n<\/ul>\n<h3>\u2728 A Saxdor 200 b\u00e9rl\u00e9s r\u00e9szletei<\/h3>\n<p><strong>Az \u00d6nre szabott \u00e9lm\u00e9ny:<\/strong> Ak\u00e1r egy meghitt egynapos kir\u00e1ndul\u00e1st keres k\u00e9t szem\u00e9lyre, ak\u00e1r egy \u00e9l\u00e9nk kir\u00e1ndul\u00e1st a bar\u00e1taival, a legfeljebb 6 vend\u00e9get befogad\u00f3 Saxdor 200-as haj\u00f3nk minden alkalomra fel van szerelve. Minden egyes b\u00e9rl\u00e9shez \u00e1tfog\u00f3 \u00fatmutat\u00e1s j\u00e1r, amely biztos\u00edtja, hogy a tengeren t\u00f6lt\u00f6tt id\u0151 biztons\u00e1gos \u00e9s \u00e9lvezetes legyen.<\/p>\n<p><strong>Egy olyan b\u00e9rlem\u00e9ny, amely mindenki ig\u00e9nyeit kiel\u00e9g\u00edti:<\/strong> A csal\u00e1dok, csoportok vagy egy\u00e9ni kalandorok sz\u00e1m\u00e1ra t\u00f6k\u00e9letes, a Saxdor 200 Licencekkel a luxus \u00e9s a kaland p\u00e1ratlan kever\u00e9k\u00e9t \u00edg\u00e9ri, amelyet a tenerifei partok leny\u0171g\u00f6z\u0151 h\u00e1ttere eg\u00e9sz\u00edt ki.<\/p>\n<h3>\ud83d\udea4 Felk\u00e9sz\u00fcl\u00e9s a Saxdor 200 utaz\u00e1sra<\/h3>\n<p>K\u00e9sz\u00fclj\u00f6n fel egy kiv\u00e9teles napra a v\u00edzen olyan alapvet\u0151 dolgokkal, mint a f\u00fcrd\u0151ruha \u00e9s a naptej. Minden sz\u00fcks\u00e9ges navig\u00e1ci\u00f3s felszerel\u00e9st biztos\u00edtunk, \u00edgy \u00d6n csak a felfedez\u00e9sre \u00e9s a vitorl\u00e1z\u00e1s \u00f6r\u00f6m\u00e9re koncentr\u00e1lhat.<\/p>\n<p>Gondoskodjon r\u00f3la, hogy f\u00e9nyk\u00e9pez\u0151g\u00e9pe k\u00e9zn\u00e9l legyen, hogy meg\u00f6r\u00f6k\u00edthesse Tenerife partjainak sz\u00e9ps\u00e9g\u00e9t \u00e9s a hull\u00e1mok alatt t\u00e1ncol\u00f3 tengeri \u00e9l\u0151vil\u00e1got. Az CanaryVIP-vel a Saxdor 200 fed\u00e9lzet\u00e9n minden pillanatot \u00fagy tervezt\u00fcnk, hogy eml\u00e9kezetes legyen.<\/p>\n<h3>\ud83d\ude99 Csatlakoz\u00e1si pont \u00e9s parkol\u00e1s<\/h3>\n<p><strong>Set Off from <a href=\"https:\/\/maps.app.goo.gl\/F7XZ1rpbWXBTYFND9\" target=\"_blank\" rel=\"noopener\">Los Gigantes<\/a>:<\/strong> A haj\u00f3s kaland kezd\u0151dik a <strong>Puerto de Los Gigantes.<\/strong> A k\u00e9nyelmes parkol\u00e1s a kik\u00f6t\u0151ben lehet\u0151v\u00e9 teszi a kir\u00e1ndul\u00e1s stresszmentes megkezd\u00e9s\u00e9t. A z\u00f6kken\u0151mentes indul\u00e1s \u00e9rdek\u00e9ben javasoljuk, hogy egy kicsit kor\u00e1bban \u00e9rkezzen.<\/p>\n<h3>\ud83d\udea4 Szint\u00e9n el\u00e9rhet\u0151: Compass 160e b\u00e9rl\u00e9s jogos\u00edtv\u00e1ny n\u00e9lk\u00fcl<\/h3>\n<p>Azok sz\u00e1m\u00e1ra, akik a szabadabb vitorl\u00e1z\u00e1s \u00e9lm\u00e9ny\u00e9t kedvelik, k\u00edn\u00e1ljuk a<strong> <a href=\"https:\/\/canaryvip.com\/hu\/shop\/rent-boat-compass-160e-without-license\/\">Ir\u00e1nyt\u0171 160e,<\/a><\/strong> rendelkez\u00e9sre \u00e1ll\u00f3 b\u00e9relhet egy haj\u00f3t enged\u00e9ly n\u00e9lk\u00fcl. Ez a lehet\u0151s\u00e9g t\u00f6k\u00e9letes azoknak a kalandoroknak, akik saj\u00e1t maguk akarj\u00e1k ir\u00e1ny\u00edtani Tenerife gy\u00f6ny\u00f6r\u0171 vizei k\u00f6r\u00fcl a haj\u00f3z\u00e1st.<\/p>\n<p>Induljon el ugyanarr\u00f3l a k\u00e9nyelmes helyr\u0151l, Puerto de Los Gigantesb\u00f3l, \u00e9s fedezze fel a tenger szabads\u00e1g\u00e1t an\u00e9lk\u00fcl, hogy cs\u00f3nak\u00e1z\u00e1si enged\u00e9lyre lenne sz\u00fcks\u00e9ge. Ak\u00e1r eldugott \u00f6bl\u00f6ket szeretne felfedezni, ak\u00e1r egyszer\u0171en csak a ny\u00edlt vizet szeretn\u00e9 \u00e9lvezni a saj\u00e1t temp\u00f3j\u00e1ban, a Compass 160e megb\u00edzhat\u00f3 \u00e9s st\u00edlusos v\u00e1laszt\u00e1s.<\/p>\n<h3>\ud83c\udf1f Az CanaryVIP elk\u00f6telezetts\u00e9ge \u00d6n mellett<\/h3>\n<p>Az CanaryVIP-n\u00e9l az \u00d6n el\u00e9gedetts\u00e9ge a legfontosabb szempont. \u00c9lvezze a rugalmas lemond\u00e1si felt\u00e9teleket, \u00edgy biztos\u00edtva a nyugalmat, amikor lefoglalja Saxdor 200 b\u00e9rl\u00e9s\u00e9t. Elk\u00f6telezettek vagyunk a rendk\u00edv\u00fcli \u00e9lm\u00e9ny ny\u00fajt\u00e1sa ir\u00e1nt, amelyet a biztons\u00e1gra val\u00f3 apr\u00f3l\u00e9kos odafigyel\u00e9s \u00e9s a tenerifei tengerek pomp\u00e1j\u00e1nak megoszt\u00e1sa ir\u00e1nti szenved\u00e9ly jellemez.<\/p>\n<p>Induljon felfedez\u0151 \u00fatra a <strong>Saxdor 200 licenccel,<\/strong>\u00a0, Tenerife fens\u00e9ges vizei k\u00f6z\u00f6tt navig\u00e1lva, \u00e9s felfedezve a rejtett gy\u00f6ngyszemeket a partok ment\u00e9n. <strong>Los Gigantes.<\/strong><\/p>\n<p>Foglaljon most egy exkluz\u00edv tengeri kalandra, amely \u00f6tv\u00f6zi a szabads\u00e1got, a luxust \u00e9s a Kan\u00e1ri-szigetek term\u00e9szeti sz\u00e9ps\u00e9g\u00e9t.<\/p>","protected":false},"excerpt":{"rendered":"<p><strong>\ud83d\udd0d No Worries Charta:<\/strong><br \/>\n\u2705 Biztons\u00e1gos fizet\u00e9s.<br \/>\n\ud83e\udeaa Haj\u00f3enged\u00e9ly sz\u00fcks\u00e9ges.<br \/>\n\ud83d\udee5\ufe0f 6m hossz\u00fa haj\u00f3.<br \/>\n\u23f3 3-8 \u00f3ra napi b\u00e9rl\u00e9se.<br \/>\n\ud83d\udd59 Testreszabhat\u00f3 indul\u00e1si id\u0151k.<br \/>\n\ud83d\udc65 Legfeljebb 6 vend\u00e9g.<br \/>\n\ud83e\udd3f Snorkel felszerel\u00e9s biztos\u00edtott.<br \/>\n\ud83e\udd11 Garant\u00e1ltan legjobb \u00e1r.<br \/>\n\ud83d\udc6a Kedvezm\u00e9nyek aktiv\u00e1lva.<br \/>\n\ud83d\udd01 Ak\u00e1r 4 napos lemond\u00e1s.<br \/>\n\ud83c\udf0d T\u00f6bbnyelv\u0171 leg\u00e9nys\u00e9g.<br \/>\n\ud83c\udf1f Foglaljon kor\u00e1n \u00e9s takar\u00edtson meg!<br \/>\n\ud83d\udccd Indul\u00e1s a\u00a0<a href=\"https:\/\/maps.app.goo.gl\/F7XZ1rpbWXBTYFND9\">Los Gigantes<\/a>.<\/p>","protected":false},"featured_media":11029,"comment_status":"open","ping_status":"closed","template":"","meta":{"_acf_changed":false},"product_brand":[],"product_cat":[130],"product_tag":[],"class_list":{"0":"post-10904","1":"product","2":"type-product","3":"status-publish","4":"has-post-thumbnail","6":"product_cat-self-drive-boat-hire","7":"wcpa_has_options","9":"first","10":"instock","11":"virtual","12":"purchasable","13":"product-type-simple"},"acf":[],"wcpa_form_fields":{"wcpaData":{"product":{"product_price":300,"price_html":"From&nbsp;<span class=\"woocommerce-Price-amount amount\"><bdi>300,00&nbsp;<span class=\"woocommerce-Price-currencySymbol\">&euro;<\/span><\/bdi><\/span>","original_product_price":300,"price_including_tax":300,"price_excluding_tax":300,"product_id":{"parent":10904,"variation":false},"is_variable":false,"stock_status":"instock","stock_quantity":null,"parent_sku":"CV10904","product_attributes":[],"custom_fields":[],"is_taxable":false,"product_name":"Rent Boat Saxdor 200 with License Tenerife","hasImage":false},"fields":{"sec_4668282996d361":{"extra":{"key":"sec_4668282996d361","section_id":"sec_4668282996d361","name":"Contact us","status":1,"cl_rule":"show","enableCl":false,"relations":[],"toggle":true,"title_tag":"h3","show_title":false,"showPrice":"default","form_id":12153,"form_rules":{"exclude_from_discount":true,"fee_label":"Fee","disp_hide_options_price":true,"disp_show_section_price":false,"disp_show_field_price":true,"layout_option":"standard","pric_use_as_fee":false,"process_fee_as":"woo_fee"},"layout_option":"standard"},"fields":[[{"active":true,"col":6,"relations":false,"cl_rule":"show","enableCl":false,"price":"","enablePrice":false,"className":"","label_position":"default","desc_position":"default","type":"content","required":false,"elementId":"content_8291538701","label":"","name":"content_8291538701","contentType":"rich","value":"<p><a href=\"https:\/\/api.whatsapp.com\/send\/?phone=34629670312&amp;text&amp;type=phone_number&amp;app_absent=0\" target=\"_blank\"><strong>Contact us on WhatsApp<\/strong><\/a><strong> to get a personalized price for this activity\/excursion\/rental.<\/strong><\/p>","error":false,"subtype":"div","gt_translate_keys":["label","value"],"price_dependency":false,"cl_dependency":false}]]}},"config":{"price_override":"","enable_recaptcha":false,"bind_quantity":false,"quantity_bind_formula":false,"disp_summ_show_option_price":true,"disp_summ_show_product_price":true,"disp_summ_show_total_price":true,"disp_summ_show_fee":true,"disp_summ_show_discount":true,"summary_title":"","options_total_label":"Options Price","total_label":"Total","options_product_label":"Product Price","fee_label":"Fee","discount_label":"Discount","has_price":true,"has_quantity_formula":false},"mc_unit":1,"tax_rate":1,"tax_rate_real":1,"discount":{"percentage":0,"fixed":0},"design":{"conf":{"LabelPosition":"above","DescPosition":"above","UploadField":"custom_1","QuantityFieldStyle":"custom_1"},"css":{"LeftLabelWidth":"120px"}},"formulas":[],"lookuptables":[],"clones":false,"cartKey":false}},"_links":{"self":[{"href":"https:\/\/canaryvip.com\/hu\/wp-json\/wp\/v2\/product\/10904","targetHints":{"allow":["GET"]}}],"collection":[{"href":"https:\/\/canaryvip.com\/hu\/wp-json\/wp\/v2\/product"}],"about":[{"href":"https:\/\/canaryvip.com\/hu\/wp-json\/wp\/v2\/types\/product"}],"replies":[{"embeddable":true,"href":"https:\/\/canaryvip.com\/hu\/wp-json\/wp\/v2\/comments?post=10904"}],"wp:featuredmedia":[{"embeddable":true,"href":"https:\/\/canaryvip.com\/hu\/wp-json\/wp\/v2\/media\/11029"}],"wp:attachment":[{"href":"https:\/\/canaryvip.com\/hu\/wp-json\/wp\/v2\/media?parent=10904"}],"wp:term":[{"taxonomy":"product_brand","embeddable":true,"href":"https:\/\/canaryvip.com\/hu\/wp-json\/wp\/v2\/product_brand?post=10904"},{"taxonomy":"product_cat","embeddable":true,"href":"https:\/\/canaryvip.com\/hu\/wp-json\/wp\/v2\/product_cat?post=10904"},{"taxonomy":"product_tag","embeddable":true,"href":"https:\/\/canaryvip.com\/hu\/wp-json\/wp\/v2\/product_tag?post=10904"}],"curies":[{"name":"wp","href":"https:\/\/api.w.org\/{rel}","templated":true}]}}