{"id":10522,"date":"2024-03-23T17:19:31","date_gmt":"2024-03-23T17:19:31","guid":{"rendered":"https:\/\/canaryvip.com\/?post_type=product&#038;p=10522"},"modified":"2026-01-01T21:05:33","modified_gmt":"2026-01-01T21:05:33","slug":"submarine-tenerife","status":"publish","type":"product","link":"https:\/\/canaryvip.com\/hu\/shop\/submarine-tenerife\/","title":{"rendered":"Tengeralattj\u00e1r\u00f3 szafari Tenerife"},"content":{"rendered":"<h2>\ud83c\udf0a Mer\u00fclj\u00f6n m\u00e9lyre a Teneriffa tengeralattj\u00e1r\u00f3 szafarival<\/h2>\n<p>\u00c9lje \u00e1t a v\u00e9gs\u0151 kalandot a mi <strong>tengeralattj\u00e1r\u00f3 szafari Tenerife,<\/strong>\u00a0ahol az izgalmas felfedez\u00e9s tal\u00e1lkozik az oktat\u00e1si c\u00e9l\u00fa felfedez\u00e9ssel a hull\u00e1mok alatt. Ez az egyed\u00fcl\u00e1ll\u00f3 utaz\u00e1s az \u00f3ce\u00e1n rejtett csod\u00e1inak felfedez\u00e9s\u00e9re invit\u00e1l, \u00edgy minden felfedez\u0151 sz\u00e1m\u00e1ra k\u00f6telez\u0151 program. B\u00e1r a tengeri \u00e9l\u0151vil\u00e1g megfigyel\u00e9sei v\u00e1ltoz\u00f3ak, ennek az utaz\u00e1snak a l\u00e9nyege meggy\u0151z\u0151 ok arra, hogy belev\u00e1gjon egy <strong>tengeralattj\u00e1r\u00f3 Tenerife<\/strong> kaland.<\/p>\n<h4><strong>Fedezze fel Tenerife ikonikus s\u00e1rga tengeralattj\u00e1r\u00f3j\u00e1t<\/strong><\/h4>\n<p>Ikonikus s\u00e1rga tengeralattj\u00e1r\u00f3nk, egy technol\u00f3giai csoda, 30-60 m\u00e9terre mer\u00fcl az \u00f3ce\u00e1n m\u00e9ly\u00e9re. Legyen szemtan\u00faja a v\u00edz alatti vil\u00e1g leny\u0171g\u00f6z\u0151 sz\u00e9ps\u00e9g\u00e9nek, \u00e9s ismerje meg a tengeralattj\u00e1r\u00f3 m\u0171k\u00f6d\u00e9s\u00e9nek fort\u00e9lyait tapasztalt leg\u00e9nys\u00e9g\u00fcnkt\u0151l ezen a fed\u00e9lzeten. <strong>tengeralattj\u00e1r\u00f3 szafari Tenerife.<\/strong><\/p>\n<h4><strong>Tengeralattj\u00e1r\u00f3 Tenerife, egy l\u00e1tv\u00e1nyos v\u00edz alatti t\u00fara<\/strong><\/h4>\n<p>A v\u00edz alatti felfedez\u00e9shez szabott tengeralattj\u00e1r\u00f3nk intim betekint\u00e9st ny\u00fajt a tengeri k\u00f6rnyezetbe. M\u00edg a b\u00e1ln\u00e1kkal \u00e9s delfinekkel val\u00f3 tal\u00e1lkoz\u00e1s kev\u00e9sb\u00e9 gyakori a <strong>tengeralattj\u00e1r\u00f3 szafari Tenerife,<\/strong>\u00a0arra b\u00e1tor\u00edtjuk vend\u00e9geinket, hogy fedezz\u00e9k fel <a href=\"https:\/\/canaryvip.com\/hu\/tenerife\/boat-excursions\/?swcfpc=1\">B\u00e1lna- \u00e9s delfinmegfigyel\u0151 haj\u00f3kir\u00e1ndul\u00e1sok Tenerif\u00e9n<\/a> hogy egy egyed\u00fcl\u00e1ll\u00f3 perspekt\u00edv\u00e1b\u00f3l szemtan\u00fai lehessenek ezeknek a csod\u00e1latos teremtm\u00e9nyeknek.<\/p>\n<h2>\ud83d\udea4 K\u00e9sz\u00fclj fel a tengeralattj\u00e1r\u00f3-szafari kalandodra Tenerif\u00e9n<\/h2>\n<p>Kezdje a kalandot egy \u00e1tfog\u00f3 biztons\u00e1gi eligaz\u00edt\u00e1ssal, amely a besz\u00e1ll\u00e1shoz vezet. Amint elhelyezkedik a kil\u00e1t\u00f3ablakkal ell\u00e1tott \u00fcl\u00e9seken, k\u00e9sz\u00fclj\u00f6n fel arra, hogy a l\u00e9legzetel\u00e1ll\u00edt\u00f3 jelenetek leny\u0171g\u00f6zik majd a rep\u00fcl\u00e9s sor\u00e1n. <strong>tengeralattj\u00e1r\u00f3 szafari Tenerife.<\/strong><\/p>\n<h4><strong>Fedezze fel a Kan\u00e1ri-szigetek tengeri biodiverzit\u00e1s\u00e1t<\/strong><\/h4>\n<p>A Kan\u00e1ri-szigetek k\u00f6r\u00fcli vizek hemzsegnek az \u00e9lett\u0151l, leny\u0171g\u00f6z\u0151 l\u00e1tv\u00e1nyt ny\u00fajtva a helyi halak, r\u00e1j\u00e1k, \u00e9s ha a szerencse \u00fagy hozza, delfinek vagy b\u00e1ln\u00e1k, fokozva a <strong>tengeralattj\u00e1r\u00f3 Tenerife<\/strong> tapasztalat.<\/p>\n<h4><strong>Tov\u00e1bbfejlesztett v\u00edz alatti l\u00e1tv\u00e1ny \u00e9lm\u00e9ny<\/strong><\/h4>\n<p>Tengeralattj\u00e1r\u00f3nk minden egyes kil\u00e1t\u00f3helyen szem\u00e9lyes TV k\u00e9perny\u0151kkel van felszerelve, amelyek alternat\u00edv perspekt\u00edv\u00e1kat \u00e9s \u00e9rt\u00e9kes inform\u00e1ci\u00f3kat k\u00edn\u00e1lnak a tengeralattj\u00e1r\u00f3 \u00fatj\u00e1r\u00f3l, bele\u00e9rtve a m\u00e9lys\u00e9get \u00e9s a h\u0151m\u00e9rs\u00e9kletet, gazdag\u00edtva ezzel az \u00d6n \u00e9lm\u00e9ny\u00e9t. <strong>tengeralattj\u00e1r\u00f3 szafari Tenerife<\/strong> kaland.<\/p>\n<h2>\u2728 Alapvet\u0151 inform\u00e1ci\u00f3k a tengeralattj\u00e1r\u00f3-szafari Tenerif\u00e9n<\/h2>\n<p>P\u00e1ratlan s\u00e1rga tengeralattj\u00e1r\u00f3nk k\u00e9nyelmes \u00e9s biztons\u00e1gos felfedez\u00e9st biztos\u00edt mindenki sz\u00e1m\u00e1ra, \u00edgy ez a legjobb v\u00e1laszt\u00e1s egy <strong>tengeralattj\u00e1r\u00f3 Tenerife<\/strong> kaland.<\/p>\n<h4><strong>Tengeralattj\u00e1r\u00f3 szafari Tenerife, amit tudnia kell<\/strong><\/h4>\n<p>A megk\u00f6zel\u00edt\u0151leg egy \u00f3r\u00e1s id\u0151tartamn\u00e1l az \u00d6n biztons\u00e1g\u00e1t \u00e9s k\u00e9nyelm\u00e9t helyezz\u00fck el\u0151t\u00e9rbe. Csoportos foglal\u00e1sok eset\u00e9n k\u00fcl\u00f6nleges kedvezm\u00e9nyeket biztos\u00edtunk, \u00edgy ez t\u00f6k\u00e9letes csoportos tev\u00e9kenys\u00e9g.<\/p>\n<h4><strong>Amit l\u00e1tni fog<\/strong><\/h4>\n<p>K\u00e9sz\u00fclj\u00f6n fel a v\u00e1ltozatos tengeri \u00e9l\u0151vil\u00e1ggal val\u00f3 tal\u00e1lkoz\u00e1sra, a tengeralattj\u00e1r\u00f3nk k\u00fcl\u00f6nleges funkci\u00f3i pedig fokozz\u00e1k az \u00e9lm\u00e9nyt, \u00edgy biztos\u00edtva, hogy minden pillanat a fed\u00e9lzeten eml\u00e9kezetes legyen.<\/p>\n<h4><strong>Miel\u0151tt elindul<\/strong><\/h4>\n<p>Legyen a <strong>CanaryVIP<\/strong> jegyet, \u00e9s fontolja meg a sz\u00fcks\u00e9ges \u00f3vint\u00e9zked\u00e9seket az utaz\u00e1si betegs\u00e9g ellen. Ez a csal\u00e1dbar\u00e1t kaland 2 \u00e9ves kort\u00f3l v\u00e1rja a r\u00e9sztvev\u0151ket, a 16 \u00e9v alatti gyermekeknek feln\u0151tt k\u00eds\u00e9r\u0151vel kell utazniuk.<\/p>\n<h3>\ud83d\ude99 Ingyenes \u00e1tv\u00e9tel, tal\u00e1lkoz\u00f3 \u00e9s ir\u00e1nyelvek<\/h3>\n<p>Az \u00d6n <strong>tengeralattj\u00e1r\u00f3 Tenerife<\/strong> a kaland kezd\u0151dik <a href=\"https:\/\/maps.app.goo.gl\/NhudtS2DwkDHnEAP8\" target=\"_blank\" rel=\"noopener\">Puerto Amarilla kik\u00f6t\u0151<\/a> San Miguel de Abon\u00e1ban. K\u00e9rj\u00fck, hogy a z\u00f6kken\u0151mentes indul\u00e1s \u00e9rdek\u00e9ben legal\u00e1bb 15 perccel az indul\u00e1s el\u0151tt \u00e9rkezzen meg a jegy\u00e9vel.<\/p>\n<h4><strong>Ingyenes \u00e9s fizet\u0151s \u00e1tv\u00e9teli szolg\u00e1ltat\u00e1sok<\/strong><\/h4>\n<p>Az \u00d6n k\u00e9nyelme \u00e9rdek\u00e9ben ingyenes felsz\u00e1ll\u00e1si szolg\u00e1ltat\u00e1st k\u00edn\u00e1lunk D\u00e9l-Tenerif\u00e9n, \u00edgy k\u00f6nnyen \u00e9s k\u00e9nyelmesen juthat el hozz\u00e1nk. Ezen k\u00edv\u00fcl az \u00c9szak-Tenerif\u00e9n tart\u00f3zkod\u00f3 vend\u00e9geink sz\u00e1m\u00e1ra fizet\u0151s felsz\u00e1ll\u00e1si szolg\u00e1ltat\u00e1s \u00e1ll rendelkez\u00e9sre, amely a sziget eg\u00e9sz ter\u00fclet\u00e9r\u0151l hozz\u00e1f\u00e9r\u00e9st biztos\u00edt egyed\u00fcl\u00e1ll\u00f3 \u00e9lm\u00e9nyeinkhez.<\/p>\n<h4><strong>Z\u00f6kken\u0151mentes lemond\u00e1s az \u00d6n k\u00e9nyelm\u00e9\u00e9rt<\/strong><\/h4>\n<p>Rugalmass\u00e1got biztos\u00edtunk a t\u00fara lemond\u00e1s\u00e1hoz vagy \u00e1t\u00fctemez\u00e9s\u00e9hez ak\u00e1r 24 \u00f3r\u00e1val a t\u00fara el\u0151tt, minden tov\u00e1bbi k\u00f6lts\u00e9g n\u00e9lk\u00fcl. A k\u00e9s\u0151i lemond\u00e1sok vagy meg nem jelen\u00e9sek d\u00edjat vonnak maguk ut\u00e1n, mivel minden vend\u00e9g\u00fcnkkel szembeni tisztess\u00e9ges b\u00e1n\u00e1sm\u00f3d ir\u00e1nti elk\u00f6telezetts\u00e9g\u00fcnk r\u00e9sze.<\/p>\n<p>Csatlakozzon az CanaryVIP-hez egy p\u00e1ratlan <strong>tengeralattj\u00e1r\u00f3 szafari Tenerife,<\/strong>\u00a0ahol a biztons\u00e1got, az \u00e9lvezetet \u00e9s a tengeri k\u00f6rnyezet tisztelet\u00e9t \u00f6tv\u00f6zz\u00fck az \u00f3ce\u00e1n m\u00e9lys\u00e9geinek rendk\u00edv\u00fcli felfedez\u00e9s\u00e9vel. K\u00e9szen \u00e1ll a kalandra? Mer\u00fclj\u00f6n el vel\u00fcnk, \u00e9s fedezze fel a v\u00edz alatti vil\u00e1g titkait!<\/p>","protected":false},"excerpt":{"rendered":"<p><strong>\ud83d\udd0d Tengeralattj\u00e1r\u00f3 Tenerife:<\/strong><br \/>\n\u2705 Biztons\u00e1gos fizet\u00e9s.<br \/>\n\ud83d\udc1f Fedezze fel a tengeri \u00e9letet.<br \/>\n\ud83d\ude80 1h utaz\u00e1sok.<br \/>\n<span>\ud83d\udd59 T\u00f6bb id\u0151keret.<\/span><br \/>\n\ud83d\udcc5 Minden nap, kiv\u00e9ve szombaton.<br \/>\n\ud83e\udd11 Garant\u00e1ltan legjobb \u00e1r.<br \/>\n\ud83d\udc6a Kedvezm\u00e9nyek aktiv\u00e1lva.<br \/>\n\ud83d\udd01 Legfeljebb 24h lemond\u00e1s.<br \/>\n\ud83c\udf0d T\u00f6bbnyelv\u0171 leg\u00e9nys\u00e9g.<br \/>\n\ud83c\udf1f Foglaljon most \u00e9s sp\u00f3roljon!<br \/>\n\ud83d\udccd Indul\u00e1s a <a href=\"https:\/\/maps.app.goo.gl\/aeD9xSzsoLo9TsdF8\" target=\"_blank\" rel=\"noopener\">Amarilla Golf<\/a>.<\/p>","protected":false},"featured_media":10706,"comment_status":"open","ping_status":"closed","template":"","meta":{"_acf_changed":false},"product_brand":[],"product_cat":[46],"product_tag":[],"class_list":{"0":"post-10522","1":"product","2":"type-product","3":"status-publish","4":"has-post-thumbnail","6":"product_cat-boat-excursions","7":"wcpa_has_options","9":"first","10":"instock","11":"virtual","12":"purchasable","13":"product-type-simple"},"acf":[],"wcpa_form_fields":{"wcpaData":{"product":{"product_price":61,"price_html":"From&nbsp;<span class=\"woocommerce-Price-amount amount\"><bdi>61,00&nbsp;<span class=\"woocommerce-Price-currencySymbol\">&euro;<\/span><\/bdi><\/span>","original_product_price":61,"price_including_tax":61,"price_excluding_tax":61,"product_id":{"parent":10522,"variation":false},"is_variable":false,"stock_status":"instock","stock_quantity":null,"parent_sku":"CV10522","product_attributes":[],"custom_fields":[],"is_taxable":false,"product_name":"Submarine Safari Tenerife","hasImage":false},"fields":{"sec_7661bc90f5e8c6":{"extra":{"key":"sec_7661bc90f5e8c6","section_id":"sec_7661bc90f5e8c6","name":"Default","status":1,"cl_rule":"show","enableCl":false,"relations":[],"toggle":true,"title_tag":"h3","show_title":false,"showPrice":"default","form_id":11259,"form_rules":{"exclude_from_discount":true,"fee_label":"Fee","disp_hide_options_price":true,"disp_show_section_price":false,"disp_show_field_price":true,"layout_option":"standard","pric_use_as_fee":false,"process_fee_as":"woo_fee"},"layout_option":"standard"},"fields":[[{"label":"\ud83d\udcc5 Date","active":true,"required":true,"elementId":"date_9661bc90f5e8e5","picker_type":"custom","picker_mode":"single","placeholder":"","description":"","tooltip":"","name":"date_9661bc90f5e8e5","label_position":"default","desc_position":"default","enablePrice":false,"className":"","enableCl":false,"relations":[{"operator":"and","rules":[{"operator":"AND","rules":{"cl_field":"radio-group_5661bc90f5e8f5","cl_relation":"is_not_empty","cl_val":"3 Hour Trip"}}]}],"date_pic_inline":true,"date_pic_inline_hide":true,"min_date":{"type":"days","val":"2"},"max_date":{"type":"days","val":"365"},"date_pic_conf":{"disabledWeeks":[6],"disabledDates":["2024-05-19 to 2024-05-25"]},"price":"","cl_rule":"show","col":6,"type":"date","error":false,"enableDesign":false,"LabelColor":"","gt_translate_keys":["label","placeholder","description","tooltip"],"price_dependency":false,"cl_dependency":false,"value":""}],[{"active":true,"col":6,"relations":false,"cl_rule":"show","enableCl":false,"price":"","enablePrice":false,"className":"","label_position":"default","desc_position":"default","type":"content","required":false,"elementId":"content_10661bc90f5e917","label":"People","name":"content_10661bc90f5e917","contentType":"plain","value":"","error":false,"show_in_checkout":true,"inline":false,"gt_translate_keys":["label","value"],"price_dependency":false,"cl_dependency":false}],[{"active":true,"col":6,"relations":[{"operator":false,"rules":[{"operator":"AND","rules":{"cl_field":"","cl_relation":"","cl_val":""}}]}],"cl_rule":"show","enableCl":true,"price":"61","enablePrice":true,"className":"","label_position":"default","desc_position":"default","type":"radio-group","required":false,"elementId":"radio-group_5661bc90f5e923","label":"","name":"radio-group_5661bc90f5e923","values":[{"label":"\ud83d\udc64 Adult (61\u20ac)","value":"Adult","selected":true,"tempId":"aco_32","tooltip":"+15 Years","description":"","gt_translate_keys":["label","tooltip","description"]}],"layOut":"","error":false,"checkUi":"button","priceOptions":"fixed_for_all","pricingType":"fixed","enable_quantity":true,"quantity_label":"","min_quantity":"0","options_tooltip":true,"options_description":true,"gt_translate_keys":["label","quantity_label"],"price_dependency":false,"cl_dependency":false,"value":""}],[{"label":"","active":true,"required":false,"elementId":"radio-group_6661bc90f5e92d","name":"radio-group_6661bc90f5e92d","label_position":"default","desc_position":"default","enablePrice":true,"className":"","enableCl":true,"relations":[{"operator":false,"rules":[{"operator":"AND","rules":{"cl_field":"","cl_relation":"","cl_val":""}}]}],"enable_quantity":true,"quantity_label":"","min_quantity":"0","checkUi":"button","layOut":"","options_tooltip":true,"options_description":true,"values":[{"label":"\ud83d\udc66 Child (37\u20ac)","value":"Child","selected":true,"tempId":"aco_32","tooltip":"2-14 Years","description":"","gt_translate_keys":["label","tooltip","description"]}],"priceOptions":"fixed_for_all","pricingType":"fixed","price":"37","cl_rule":"show","col":6,"type":"radio-group","error":false,"gt_translate_keys":["label","quantity_label"],"price_dependency":false,"cl_dependency":false,"value":""}],[{"active":true,"col":6,"relations":false,"cl_rule":"show","enableCl":false,"price":"","enablePrice":false,"className":"","label_position":"default","desc_position":"default","type":"select","required":false,"elementId":"select_2793421639","label":"\ud83c\udf0e Tour Language","name":"select_2793421639","values":[{"label":"\ud83c\uddec\ud83c\udde7 English","value":"English","selected":false,"tempId":"aco_744","gt_translate_keys":["label"]},{"label":"\ud83c\uddea\ud83c\uddf8 Spanish","value":"Spanish","selected":false,"tempId":"aco_754","gt_translate_keys":["label"]},{"label":"\ud83c\udde9\ud83c\uddf0 Danish","value":"Danish","selected":false,"tempId":"aco_354","gt_translate_keys":["label"]},{"label":"\ud83c\udde9\ud83c\uddea Deutsch","value":"Deutsch","selected":false,"tempId":"aco_355","gt_translate_keys":["label"]},{"label":"\ud83c\uddf3\ud83c\uddf1 Dutch","value":"Dutch","selected":false,"tempId":"aco_356","gt_translate_keys":["label"]},{"label":"\ud83c\uddeb\ud83c\uddee Finnish","value":"Finnish","selected":false,"tempId":"aco_1070","gt_translate_keys":["label"]},{"label":"\ud83c\uddeb\ud83c\uddf7 French","value":"French","selected":false,"tempId":"aco_1278","gt_translate_keys":["label"]},{"label":"\ud83c\udded\ud83c\uddfa Hungarian","value":"Hungarian","selected":false,"tempId":"aco_1396","gt_translate_keys":["label"]},{"label":"\ud83c\uddee\ud83c\uddf9 Italian","value":"Italian","selected":false,"tempId":"aco_1568","gt_translate_keys":["label"]},{"label":"\ud83c\uddf5\ud83c\uddf1 Polish","value":"Polish","selected":false,"tempId":"aco_1650","gt_translate_keys":["label"]},{"label":"\ud83c\uddf7\ud83c\uddf4 Romanian","value":"Romanian","selected":false,"tempId":"aco_1660","gt_translate_keys":["label"]},{"label":"\ud83c\uddf8\ud83c\uddea Swedish","value":"Swedish","selected":false,"tempId":"aco_1922","gt_translate_keys":["label"]}],"dropdown_type":"basic","error":false,"placeholder":"Select Preferred Language","gt_translate_keys":["label","placeholder"],"price_dependency":false,"cl_dependency":false,"value":""}]]},"sec_10661bc90f5e958":{"extra":{"key":"sec_10661bc90f5e958","section_id":"sec_10661bc90f5e958","name":"Shuttle Service?","status":1,"cl_rule":"show","enableCl":false,"relations":[{"operator":false,"rules":[{"operator":"AND","rules":{"cl_field":"radio-group_5661bc90f5e8f5","cl_relation":"is_not_empty","cl_val":""}}]}],"toggle":true,"title_tag":"h4","show_title":false,"showPrice":"default","form_id":11259,"form_rules":{"exclude_from_discount":true,"fee_label":"Fee","disp_hide_options_price":true,"disp_show_section_price":false,"disp_show_field_price":true,"layout_option":"standard","pric_use_as_fee":false,"process_fee_as":"woo_fee"},"layout_option":"standard"},"fields":[[{"active":true,"col":6,"relations":false,"cl_rule":"show","enableCl":false,"price":"","enablePrice":false,"className":"","label_position":"default","desc_position":"default","type":"separator","required":false,"elementId":"separator_2797064121","label":"Separator Field","height":"4","separatorType":"blank","error":false,"gt_translate_keys":["label"],"price_dependency":false,"cl_dependency":false,"value":""}],[{"active":true,"col":6,"relations":[{"operator":false,"rules":[{"operator":"or","rules":{"cl_field":"checkbox_9661bc90f5e962","cl_relation":"is_empty","cl_val":"Adult (57\u20ac)"}},{"operator":"AND","rules":{"cl_field":"checkbox_9661bc90f5e962","cl_relation":"is","cl_val":false}}]}],"cl_rule":"show","enableCl":true,"price":"","enablePrice":false,"className":"","label_position":"default","desc_position":"default","type":"text","subtype":"text","required":false,"elementId":"text_4981331526","label":"\ud83d\ude8c South Tenerife Free Pickup","name":"text_4981331526","value":"","description":"Free pick-up service in Tenerife South. Simply provide your address or hotel name.","error":false,"gt_translate_keys":["label","description","value"],"price_dependency":false,"cl_dependency":false}],[{"active":true,"col":6,"relations":false,"cl_rule":"show","enableCl":false,"price":"","enablePrice":false,"className":"","label_position":"default","desc_position":"default","type":"separator","required":false,"elementId":"separator_8316621916","label":"Separator Field","height":"10","separatorType":"blank","gt_translate_keys":["label"],"price_dependency":false,"cl_dependency":false,"value":""}],[{"active":true,"col":6,"relations":false,"cl_rule":"show","enableCl":false,"price":"({field.radio-group_5661bc90f5e923.quantity}*13)+({field.radio-group_6661bc90f5e92d.quantity}*8)","enablePrice":true,"className":"","label_position":"default","desc_position":"below","type":"checkbox","required":false,"elementId":"checkbox_9661bc90f5e962","label":"Pickup from North Tenerife? (13\u20ac)","name":"checkbox_9661bc90f5e962","value":"","check_value":"Yes","checkUi":"toggle","error":false,"description":"Pick-up from your hotel in North Tenerife available for an extra \u20ac13\/adult and \u20ac8\/child.","pricingType":"custom","isTemplate":false,"gt_translate_keys":["label","description","value","check_value"],"price_dependency":false,"cl_dependency":["text_4981331526","text_4981331526","text-6367321769"]}],[{"label":"\ud83d\ude8c North Tenerife Pickup Location","active":true,"required":false,"elementId":"text-6367321769","value":"","description":"Pick-up service in Tenerife North. Simply provide your address or hotel name.","name":"text-6367321769","label_position":"default","desc_position":"default","enablePrice":false,"className":"","enableCl":true,"relations":[{"operator":false,"rules":[{"operator":"AND","rules":{"cl_field":"checkbox_9661bc90f5e962","cl_relation":"is","cl_val":true}}]}],"subtype":"text","price":"","cl_rule":"show","col":6,"type":"text","error":false,"gt_translate_keys":["label","description","value"],"price_dependency":false,"cl_dependency":false}]]}},"config":{"price_override":"always","enable_recaptcha":false,"bind_quantity":false,"quantity_bind_formula":false,"disp_summ_show_option_price":true,"disp_summ_show_product_price":false,"disp_summ_show_total_price":true,"disp_summ_show_fee":true,"disp_summ_show_discount":true,"summary_title":"","options_total_label":"Options Price","total_label":"Total Amount","options_product_label":"Product Price","fee_label":"Fee","discount_label":"Discount","has_price":true,"has_quantity_formula":false},"mc_unit":1,"tax_rate":1,"tax_rate_real":1,"discount":{"percentage":0,"fixed":0},"design":{"conf":{"LabelPosition":"above","DescPosition":"above","UploadField":"custom_1","QuantityFieldStyle":"custom_1"},"css":{"LeftLabelWidth":"120px"}},"formulas":[],"lookuptables":[],"clones":false,"cartKey":false}},"_links":{"self":[{"href":"https:\/\/canaryvip.com\/hu\/wp-json\/wp\/v2\/product\/10522","targetHints":{"allow":["GET"]}}],"collection":[{"href":"https:\/\/canaryvip.com\/hu\/wp-json\/wp\/v2\/product"}],"about":[{"href":"https:\/\/canaryvip.com\/hu\/wp-json\/wp\/v2\/types\/product"}],"replies":[{"embeddable":true,"href":"https:\/\/canaryvip.com\/hu\/wp-json\/wp\/v2\/comments?post=10522"}],"wp:featuredmedia":[{"embeddable":true,"href":"https:\/\/canaryvip.com\/hu\/wp-json\/wp\/v2\/media\/10706"}],"wp:attachment":[{"href":"https:\/\/canaryvip.com\/hu\/wp-json\/wp\/v2\/media?parent=10522"}],"wp:term":[{"taxonomy":"product_brand","embeddable":true,"href":"https:\/\/canaryvip.com\/hu\/wp-json\/wp\/v2\/product_brand?post=10522"},{"taxonomy":"product_cat","embeddable":true,"href":"https:\/\/canaryvip.com\/hu\/wp-json\/wp\/v2\/product_cat?post=10522"},{"taxonomy":"product_tag","embeddable":true,"href":"https:\/\/canaryvip.com\/hu\/wp-json\/wp\/v2\/product_tag?post=10522"}],"curies":[{"name":"wp","href":"https:\/\/api.w.org\/{rel}","templated":true}]}}