{"id":10465,"date":"2024-03-22T00:31:19","date_gmt":"2024-03-22T00:31:19","guid":{"rendered":"https:\/\/canaryvip.com\/?post_type=product&#038;p=10465"},"modified":"2025-08-09T12:48:53","modified_gmt":"2025-08-09T11:48:53","slug":"kayaking-tenerife","status":"publish","type":"product","link":"https:\/\/canaryvip.com\/hu\/shop\/kayaking-tenerife\/","title":{"rendered":"Kajakoz\u00e1s tekn\u0151s\u00f6kkel Tenerife"},"content":{"rendered":"<h2><strong>\ud83d\udea3 Kajakoz\u00e1s Tenerif\u00e9n - evezz a Paradicsomon kereszt\u00fcl<\/strong><\/h2>\n<p>Fedezze fel Tenerife nyugodt vizeinek sz\u00e9ps\u00e9g\u00e9t a mi p\u00e1ratlan <strong>Kajakos kalandok.<\/strong>\u00a0. \u00c9rezze a tengeren val\u00f3 szelel\u00e9s \u00f6r\u00f6m\u00e9t, ahol az akt\u00edv sportok izgalma keveredik a term\u00e9szet nyugtat\u00f3 \u00f6lel\u00e9s\u00e9vel. A mi <strong>kajakoz\u00e1s Tenerife<\/strong> t\u00far\u00e1k, tan\u00faskod\u00e1s <a href=\"https:\/\/canaryvip.com\/hu\/tenerife\/boat-excursions\/\"><strong>delfin \u00e9szlel\u00e9sek<\/strong><\/a> \u00e9s <strong>snorkelez\u00e9s tekn\u0151s\u00f6kkel<\/strong> tiszteletteljes, nem tolakod\u00f3 m\u00f3don, ide\u00e1lis mened\u00e9ket k\u00edn\u00e1lva a term\u00e9szet szerelmeseinek.<\/p>\n<h3><strong>\u23f1\ufe0f \u00d3ce\u00e1n felfedez\u00e9se kajakoz\u00e1ssal Tenerif\u00e9n<\/strong><\/h3>\n<ul>\n<li><strong>Kaland:<\/strong> Ind\u00edtsa el a <strong>kajakoz\u00e1s Tenerife<\/strong> utaz\u00e1s Los Cristianos partjait\u00f3l, a v\u00edzi testmozg\u00e1s \u00e9s a ny\u00edlt tenger cs\u00e1b\u00edt\u00e1s\u00e1nak kever\u00e9k\u00e9vel. T\u00far\u00e1ink er\u0151teljes evez\u00e9st \u00e9s szem\u00e9lyes tal\u00e1lkoz\u00e1st \u00edg\u00e9rnek Tenerife \u00e9l\u00e9nk tengeri \u00e9l\u0151vil\u00e1g\u00e1val.<\/li>\n<li><strong>Jellemz\u0151k:<\/strong> B\u00e1r a vadon \u00e9l\u0151 \u00e1llatok megfigyel\u00e9se v\u00e1ltoz\u00f3 lehet, elk\u00f6telezetts\u00e9g\u00fcnk, hogy egy rendk\u00edv\u00fcli <strong>kajakoz\u00e1s Tenerife<\/strong> a tapasztalat \u00e1lland\u00f3 marad.<\/li>\n<li><strong>Hozz\u00e1adott el\u0151ny\u00f6k:<\/strong> A kajakoz\u00e1s izgalm\u00e1n t\u00fal, haszn\u00e1lja ki a lehet\u0151s\u00e9get, hogy sznorkelezzen Palm Mar krist\u00e1lytiszta viz\u00e9ben, amely a tengeri tekn\u0151s\u00f6k \u00e9s a tengeri fajok sokas\u00e1g\u00e1nak szent\u00e9lye. Ez gazdag\u00edtja a kalandot, \u00e9s lehet\u0151v\u00e9 teszi a k\u00f6zeli tal\u00e1lkoz\u00e1st az \u00f3ce\u00e1n csod\u00e1ival.<\/li>\n<\/ul>\n<h3><strong>\ud83c\udf0a Tengeri \u00e9l\u0151vil\u00e1ggal val\u00f3 tal\u00e1lkoz\u00e1s Tenerif\u00e9n a kajakoz\u00e1s sor\u00e1n<\/strong><\/h3>\n<ul>\n<li><strong>Tapasztalat:<\/strong> Evezzen \u00e1t Tenerife nyugodt vizein a mi <strong>kajakt\u00far\u00e1k<\/strong> a delfinek term\u00e9szetes k\u00f6rnyezet\u00fckben val\u00f3 megfigyel\u00e9s\u00e9re. B\u00e1r a delfinekkel val\u00f3 \u00fasz\u00e1st nem enged\u00e9lyezz\u00fck, t\u00far\u00e1inkon a tisztelet \u00e9s az \u00e1h\u00edtat \u00e9rz\u00e9s\u00e9t keltj\u00fck e csod\u00e1latos teremtm\u00e9nyek ir\u00e1nt.<\/li>\n<li><strong>Kiemelt pontok:<\/strong> A snorkeling szegmensben a v\u00edz alatti vil\u00e1gba mer\u00fclhetsz, nagy val\u00f3sz\u00edn\u0171s\u00e9ggel tekn\u0151s\u00f6k \u00e9s r\u00e1j\u00e1k mellett \u00faszva, bemutatva Tenerife tengeri \u00e9l\u0151vil\u00e1g\u00e1nak pomp\u00e1j\u00e1t \u00e9s soksz\u00edn\u0171s\u00e9g\u00e9t.<\/li>\n<li><strong>K\u00e9nyelem:<\/strong> V\u00e1lassza stresszmentes \u00e1tv\u00e9teli szolg\u00e1ltat\u00e1sunkat egy kis fel\u00e1r ellen\u00e9ben, ami garant\u00e1lja a z\u00f6kken\u0151mentes indul\u00e1st az \u00d6n sz\u00e1m\u00e1ra. <strong>kajakoz\u00e1s Tenerife<\/strong> kaland. Az \u00d6n k\u00e9nyelm\u00e9t helyezz\u00fck el\u0151t\u00e9rbe, \u00e9s biztos\u00edtjuk, hogy az utaz\u00e1s minden r\u00e9sze z\u00f6kken\u0151mentes legyen.<\/li>\n<\/ul>\n<h3>\ud83c\udf1f Alapvet\u0151 inform\u00e1ci\u00f3k a Kajakoz\u00e1s Tenerife \u00e9lm\u00e9ny\u00e9hez<\/h3>\n<ul>\n<li><strong>Biztons\u00e1g biztos\u00edt\u00e1sa<\/strong>: Minden <strong>kajakoz\u00e1s Tenerife<\/strong> t\u00far\u00e1t a biztons\u00e1g ir\u00e1nti elk\u00f6telezetts\u00e9g\u00fcnk t\u00e1mogatja. Minden t\u00fara el\u0151tt r\u00e9szletes biztons\u00e1gi eligaz\u00edt\u00e1st tartunk, \u00e9s minden r\u00e9sztvev\u0151t felszerel\u00fcnk alapvet\u0151 felszerel\u00e9ssel, t\u00f6bbek k\u00f6z\u00f6tt ment\u0151mell\u00e9nnyel \u00e9s b\u00fav\u00e1rszettekkel, a biztons\u00e1gos \u00e9s \u00e9lvezetes kaland \u00e9rdek\u00e9ben.<\/li>\n<li><strong>T\u00f6bbnyelv\u0171 \u00fatmutat\u00f3k<\/strong>: Szakk\u00e9pzett idegenvezet\u0151ink angolul \u00e9s spanyolul is j\u00f3l besz\u00e9lnek, szem\u00e9lyre szabott \u00e9s informat\u00edv komment\u00e1rokat adnak az eg\u00e9sz \u00fat sor\u00e1n. <strong>kajakoz\u00e1s Tenerife<\/strong> kir\u00e1ndul\u00e1s. Ez biztos\u00edtja a nemzetk\u00f6zi kalandorok sz\u00e1m\u00e1ra a bar\u00e1ts\u00e1gos l\u00e9gk\u00f6rt, \u00edgy a t\u00fara minden egyes pillanata egyszerre lesz \u00e9rdekes \u00e9s tanuls\u00e1gos.<\/li>\n<li><strong>Szak\u00e9rt\u0151i oktat\u00e1s<\/strong>: Az \u00d6n <strong>kajakoz\u00e1s Tenerife<\/strong> tapasztalatokkal, csapatunk szak\u00e9rt\u0151i tippeket ad a kajakoz\u00e1si technik\u00e1kr\u00f3l \u00e9s a biztons\u00e1gi gyakorlatokr\u00f3l. Ak\u00e1r kezd\u0151, ak\u00e1r m\u00e1r van tapasztalata, \u00fatmutat\u00e1saink c\u00e9lja, hogy n\u00f6velje \u00f6nbizalm\u00e1t \u00e9s \u00e9lvezet\u00e9t a v\u00edzen.<\/li>\n<\/ul>\n<h3>\ud83d\udcc5 <strong>Biztos\u00edtsa a kajakos kalandj\u00e1t Tenerif\u00e9n \u00e9s foglaljon most<\/strong><\/h3>\n<p>A <strong>Tenerifei kajakt\u00far\u00e1k<\/strong> \u00e1tgondoltan \u00f6ssze\u00e1ll\u00edtottak, hogy a sziget term\u00e9szeti csod\u00e1iba mer\u00fclj\u00f6n el, \u00e9s olyan k\u00fcl\u00f6nleges \u00e9lm\u00e9nyt ny\u00fajtsanak, amely szorosan \u00f6sszekapcsolja \u00d6nt a tengerrel.<br \/>\nMivel a helyek gyorsan betelnek, javasoljuk, hogy foglaljon id\u0151ben. V\u00e1lasszon <strong>CanaryVIP<\/strong> a z\u00f6kken\u0151mentes foglal\u00e1si folyamat \u00e9rdek\u00e9ben, \u00edgy biztos\u00edtva az \u00d6n hely\u00e9t ebben a v\u00edzi paradicsomban.<\/p>\n<h3>\u2705 <strong>Mit tartalmaz a Tenerifei kajakoz\u00e1s?<\/strong><\/h3>\n<ul>\n<li>Fakultat\u00edv fel- \u00e9s lesz\u00e1ll\u00e1si szolg\u00e1ltat\u00e1s n\u00e9vleges d\u00edj ellen\u00e9ben, ami k\u00e9nyelmesen fokozza a kalandot.<\/li>\n<li>Tapasztalt oktat\u00f3k \u00e1ltal vezetett t\u00fara, amely egyes\u00edti a kajakoz\u00e1st \u00e9s a b\u00fav\u00e1rkod\u00e1st.<\/li>\n<li>K\u00f6r\u00fclbel\u00fcl 1,5 \u00f3r\u00e1s kajakoz\u00e1s, amelyet egy 30 perces b\u00fav\u00e1rkod\u00e1s eg\u00e9sz\u00edt ki a v\u00edz alatti vil\u00e1g felfedez\u00e9s\u00e9hez.<\/li>\n<li>Z\u00e1rhat\u00f3 szekr\u00e9nyek, amelyekben biztons\u00e1gosan t\u00e1rolhatja holmij\u00e1t, mik\u00f6zben \u00e9lvezheti a v\u00edzi \u00e9lm\u00e9nyeket.<\/li>\n<li>T\u00f6bbnyelv\u0171 idegenvezet\u0151, amely biztos\u00edtja az egy\u00e9rtelm\u0171 kommunik\u00e1ci\u00f3t \u00e9s a gazdag \u00e9lm\u00e9nyt.<\/li>\n<\/ul>\n<h3><strong>\u2696\ufe0f Foglal\u00e1si \u00e9s lemond\u00e1si felt\u00e9telek a Tenerife-i kajakoz\u00e1shoz:<\/strong><\/h3>\n<ul>\n<li><strong>Tervezzen el\u0151re:<\/strong> Foglaljon id\u0151ben, hogy biztos\u00edtsa a hely\u00e9t, \u00e9s \u00e9lvezze a k\u00fcl\u00f6nleges kedvezm\u00e9nyt az CanaryVIP seg\u00edts\u00e9g\u00e9vel. Ne feledje, hogy a kajakos kalandok, k\u00fcl\u00f6n\u00f6sen azok, amelyek vadvil\u00e1ggal val\u00f3 tal\u00e1lkoz\u00e1st k\u00edn\u00e1lnak, nagy keresletnek \u00f6rvendenek.<\/li>\n<li><strong>Rugalmas lemond\u00e1sok:<\/strong> Az \u00e9let kisz\u00e1m\u00edthatatlan. A t\u00fara el\u0151tt legfeljebb 24 \u00f3r\u00e1val lemondhatja a t\u00far\u00e1t, \u00e9s a teljes \u00f6sszeget visszakapja. A stresszmentes \u00e9lm\u00e9ny \u00e9rdek\u00e9ben meg\u00e9rtj\u00fck, hogy sz\u00fcks\u00e9g van a rugalmass\u00e1gra.<\/li>\n<li><strong>R\u00e9szv\u00e9teli k\u00f6vetelm\u00e9nyek:<\/strong> Alkalmas olyan egy\u00e9nek sz\u00e1m\u00e1ra, akik el\u00e9gg\u00e9 fittek \u00e9s j\u00f3l \u00e9rzik magukat a v\u00edzben. Kor\u00e1bbi kajakoz\u00e1si tapasztalat nem sz\u00fcks\u00e9ges, de a r\u00e9sztvev\u0151knek tudniuk kell \u00faszni a b\u00fav\u00e1rkod\u00e1shoz.<\/li>\n<\/ul>\n<h3><strong>\ud83c\udf92 Felk\u00e9sz\u00fcl\u00e9s a kajakos kalandra:<\/strong><\/h3>\n<ul>\n<li><strong>Mit hozzon mag\u00e1val:<\/strong> A k\u00e9nyelem kulcsfontoss\u00e1g\u00fa a kalandoz\u00e1shoz. H\u0171v\u00f6sebb napokon \u00f6lt\u00f6zz\u00f6n f\u00fcrd\u0151ruh\u00e1ba a b\u00fav\u00e1rruha al\u00e1. B\u00e1r a szand\u00e1l nem aj\u00e1nlott, a strapab\u00edr\u00f3 cip\u0151 elengedhetetlen az utaz\u00e1shoz. Ne felejtsen el naptejet, napk\u00f6zbeni t\u00far\u00e1khoz kalapot, \u00e9s t\u00f6r\u00f6lk\u00f6z\u0151t csomagolni a sznorkelez\u00e9s ut\u00e1ni f\u00fcrd\u0151z\u00e9shez.<\/li>\n<li><strong>Fot\u00f3eml\u00e9kek:<\/strong> B\u00e1r nem k\u00edn\u00e1lunk fot\u00f3szolg\u00e1ltat\u00e1st, sz\u00edvesen l\u00e1tjuk, ha f\u00e9nyk\u00e9pez\u0151g\u00e9pet vagy telefont hoz mag\u00e1val, hogy meg\u00f6r\u00f6k\u00edtse a l\u00e9legzetel\u00e1ll\u00edt\u00f3 kil\u00e1t\u00e1st. Felh\u00edvjuk figyelm\u00e9t, hogy ezen t\u00e1rgyak sz\u00e1ll\u00edt\u00e1sa saj\u00e1t felel\u0151ss\u00e9g\u00e9re t\u00f6rt\u00e9nik.<\/li>\n<li><strong>Eg\u00e9szs\u00e9g \u00e9s biztons\u00e1g:<\/strong> Az \u00f6sszes r\u00e9sztvev\u0151 biztons\u00e1g\u00e1nak \u00e9s el\u00e9gedetts\u00e9g\u00e9nek garant\u00e1l\u00e1sa \u00e9rdek\u00e9ben a tev\u00e9kenys\u00e9get nem javasoljuk olyan szem\u00e9lyek sz\u00e1m\u00e1ra, akik 5 h\u00f3napn\u00e1l hosszabb ideje terhesek. Alapvet\u0151 fontoss\u00e1g\u00fa, hogy minden kajakos rendelkezzen alapvet\u0151 \u00fasz\u00e1stud\u00e1ssal, k\u00fcl\u00f6n\u00f6sen a t\u00fara snorkelinges r\u00e9sz\u00e9hez.<\/li>\n<\/ul>\n<h3>\u2753 <strong>GYIK: A kajakoz\u00e1ssal kapcsolatos k\u00e9rd\u00e9sek megv\u00e1laszolva<\/strong><\/h3>\n<ul>\n<li><strong>Sz\u00fcks\u00e9gem van el\u0151zetes kajakoz\u00e1si tapasztalatra?<\/strong> Egy\u00e1ltal\u00e1n nem, vezet\u0151ink elsaj\u00e1t\u00edthatj\u00e1k az alapvet\u0151 evez\u00e9si technik\u00e1kat. Csak legyen k\u00e9nyelmesen a v\u00edzben, \u00e9s \u00e1lljon k\u00e9szen egy izgalmas napra.<\/li>\n<li><strong>Mit vegyek fel?<\/strong> A f\u00fcrd\u0151ruha \u00e9s a naptej mellett a h\u0171v\u00f6sebb napokon c\u00e9lszer\u0171 b\u00fav\u00e1rruh\u00e1t is viselni. Minden sz\u00fcks\u00e9ges biztons\u00e1gi \u00e9s b\u00fav\u00e1rfelszerel\u00e9st biztos\u00edtunk.<\/li>\n<li><strong>Vannak \u00e9letkori korl\u00e1toz\u00e1sok?<\/strong> A kajakosoknak legal\u00e1bb 6 \u00e9vesnek kell lenni\u00fck. A 6 \u00e9s 11 \u00e9v k\u00f6z\u00f6tti gyermekeket feln\u0151ttnek kell k\u00eds\u00e9rnie.<\/li>\n<li><strong>Lehet kajakot cser\u00e9lni?<\/strong> Term\u00e9szetesen v\u00e1laszthat, hogy egyed\u00fcl, t\u00e1rs\u00e1val vagy h\u00e1romf\u0151s csoportban szeretne kajakozni, an\u00e9lk\u00fcl, hogy ez befoly\u00e1soln\u00e1 az \u00e1rat.<\/li>\n<\/ul>\n<h4><strong>\ud83c\udf1e K\u00e9szen \u00e1llsz a tenger \u00e1t\u00f6lel\u00e9s\u00e9re?<\/strong><\/h4>\n<p>Mer\u00fclj\u00f6n el egy felejthetetlen kajakoz\u00e1si \u00e9lm\u00e9nyben Tenerife partjain\u00e1l. Ak\u00e1r Los Cristianos vizei k\u00f6z\u00f6tt navig\u00e1l, ak\u00e1r megcsod\u00e1lhatja <strong>delfinek,<\/strong>\u00a0vagy <strong>snorkeling tekn\u0151s\u00f6kkel,<\/strong>\u00a0a kalandod a <strong>CanaryVIP<\/strong> a sz\u00e9ps\u00e9g, az \u00e9lvezet \u00e9s a maradand\u00f3 eml\u00e9kek kever\u00e9k\u00e9nek \u00edg\u00e9rkezik.<br \/>\nFoglalja le hely\u00e9t m\u00e9g ma, \u00e9s k\u00e9sz\u00fclj\u00f6n fel, hogy leny\u0171g\u00f6zze az \u00f3ce\u00e1n csod\u00e1ja! \ud83d\udea3\u200d\u2640\ufe0f\ud83d\udc2c\ud83d\udc22<\/p>\n<p>Egy p\u00e1ratlan kaland\u00e9rt Tenerife \u00e9rintetlen vizein, biztos\u00edtsa a kajakt\u00fara foglal\u00e1s\u00e1t n\u00e1lunk m\u00e9g ma!<\/p>","protected":false},"excerpt":{"rendered":"<p><strong>\ud83d\udd0d Kajakoz\u00e1s Tenerif\u00e9n:<\/strong><br \/>\n\u2705 Biztons\u00e1gos fizet\u00e9s.<br \/>\n\ud83d\udc0b Delfin \u00e9s tekn\u0151s megfigyel\u00e9sek.<br \/>\n\ud83d\ude80 2h Kalandok.<br \/>\n\ud83e\udd3f Snorkel felszerel\u00e9s biztos\u00edtott.<br \/>\n\ud83d\udd59 T\u00f6bb indul\u00e1si id\u0151pont.<br \/>\n\ud83d\udcc5 Minden nap el\u00e9rhet\u0151.<br \/>\n\ud83e\udd11 Garant\u00e1ltan legjobb \u00e1r.<br \/>\n\ud83d\ude8d Opcion\u00e1lis transzfer szolg\u00e1ltat\u00e1s.<br \/>\n\ud83d\udc6a Csal\u00e1di \u00e9s csoportos kedvezm\u00e9nyek.<br \/>\n\ud83d\udd01 24 \u00f3r\u00e1s lemond\u00e1si felt\u00e9telek.<br \/>\n\ud83c\udf0d Angol \u00e9s spanyol \u00fatmutat\u00f3k.<br \/>\n\ud83c\udf1f Foglaljon kor\u00e1n \u00e9s takar\u00edtson meg.<br \/>\n\ud83d\udccd Indul\u00e1s a <a href=\"https:\/\/maps.app.goo.gl\/g9c9rZaJv7igjr3t8\">Los Cristianos<\/a>.<\/p>","protected":false},"featured_media":10794,"comment_status":"open","ping_status":"closed","template":"","meta":{"_acf_changed":false},"product_brand":[],"product_cat":[53],"product_tag":[],"class_list":{"0":"post-10465","1":"product","2":"type-product","3":"status-publish","4":"has-post-thumbnail","6":"product_cat-water-sports","7":"wcpa_has_options","9":"first","10":"instock","11":"sale","12":"virtual","13":"purchasable","14":"product-type-simple"},"acf":[],"wcpa_form_fields":{"wcpaData":{"product":{"product_price":35,"price_html":"From&nbsp;<del aria-hidden=\"true\"><span class=\"woocommerce-Price-amount amount\"><bdi>45,00&nbsp;<span class=\"woocommerce-Price-currencySymbol\">&euro;<\/span><\/bdi><\/span><\/del> <span class=\"screen-reader-text\">Az eredeti \u00e1r: 45,00&nbsp;&euro;.<\/span><ins aria-hidden=\"true\"><span class=\"woocommerce-Price-amount amount\"><bdi>35,00&nbsp;<span class=\"woocommerce-Price-currencySymbol\">&euro;<\/span><\/bdi><\/span><\/ins><span class=\"screen-reader-text\">A jelenlegi \u00e1r: 35,00&nbsp;&euro;.<\/span>","original_product_price":45,"price_including_tax":35,"price_excluding_tax":35,"product_id":{"parent":10465,"variation":false},"is_variable":false,"stock_status":"instock","stock_quantity":null,"parent_sku":"CV10465","product_attributes":[],"custom_fields":[],"is_taxable":false,"product_name":"Kayaking with Turtles Tenerife","hasImage":false},"fields":{"sec_1066337d57eb5e3":{"extra":{"key":"sec_1066337d57eb5e3","section_id":"sec_1066337d57eb5e3","name":"Default","status":1,"cl_rule":"show","enableCl":false,"relations":[],"toggle":true,"title_tag":"h3","show_title":false,"showPrice":"default","form_id":11372,"form_rules":{"exclude_from_discount":true,"fee_label":"Fee","disp_hide_options_price":true,"disp_show_section_price":false,"disp_show_field_price":true,"layout_option":"standard","pric_use_as_fee":false,"process_fee_as":"woo_fee"},"layout_option":"standard"},"fields":[[{"label":"\ud83d\udcc5 Date","active":true,"required":true,"elementId":"date_666337d57eb607","picker_type":"custom","picker_mode":"single","placeholder":"","description":"","tooltip":"","name":"date_666337d57eb607","label_position":"default","desc_position":"default","enablePrice":false,"className":"","enableCl":false,"relations":[{"operator":"and","rules":[{"operator":"AND","rules":{"cl_field":"radio-group_5661bc90f5e8f5","cl_relation":"is_not_empty","cl_val":"3 Hour Trip"}}]}],"date_pic_inline":true,"date_pic_inline_hide":true,"min_date":{"type":"days","val":"0"},"max_date":{"type":"days","val":"365"},"date_pic_conf":{"disabledWeeks":[]},"price":"","cl_rule":"show","col":6,"type":"date","error":false,"enableDesign":false,"LabelColor":"","gt_translate_keys":["label","placeholder","description","tooltip"],"price_dependency":false,"cl_dependency":false,"value":""}],[{"active":true,"col":6,"relations":false,"cl_rule":"show","enableCl":false,"price":"","enablePrice":false,"className":"","label_position":"default","desc_position":"default","type":"select","required":true,"elementId":"select_566337d57eb62f","label":"\u23f0 Departure Time","name":"select_566337d57eb62f","values":[{"label":"Whichever Time is Best","value":"Whichever Time is Best","selected":false,"tempId":"aco_312","gt_translate_keys":["label"]},{"label":"10:00","value":"10:00","selected":false,"tempId":"aco_313","gt_translate_keys":["label"]},{"label":"12:30 (12:30 PM)","value":"12:30","selected":false,"tempId":"aco_314","gt_translate_keys":["label"]},{"label":"14:00 (2:00 PM)","value":"14:00","selected":false,"tempId":"aco_711","gt_translate_keys":["label"]}],"dropdown_type":"basic","error":false,"multiple":false,"placeholder":"None","gt_translate_keys":["label","placeholder"],"price_dependency":false,"cl_dependency":false,"value":""}],[{"active":true,"col":6,"relations":false,"cl_rule":"show","enableCl":false,"price":"","enablePrice":false,"className":"","label_position":"default","desc_position":"default","type":"content","required":false,"elementId":"content_1042762875","label":"","name":"content_1042762875","contentType":"rich","value":"<p>\ud83c\udf9f\ufe0f <strong>Reservation<\/strong>: Pay only a deposit now to reserve; the rest is due on the day of the activity upon arrival.<\/p>","show_in_checkout":true,"error":false,"gt_translate_keys":["label","value"],"price_dependency":false,"cl_dependency":false}],[{"active":true,"col":6,"relations":[{"operator":false,"rules":[{"operator":"AND","rules":{"cl_field":"","cl_relation":"","cl_val":""}}]}],"cl_rule":"show","enableCl":false,"price":"35","enablePrice":true,"className":"","label_position":"default","desc_position":"default","type":"radio-group","required":false,"elementId":"radio-group_166337d57eb617","label":"","name":"radio-group_166337d57eb617","values":[{"label":"\ud83d\udc64 Adult (35\u20ac)","value":"Adult","selected":true,"tempId":"aco_32","tooltip":"+11 Years","description":"","gt_translate_keys":["label","tooltip","description"]}],"layOut":"","error":false,"checkUi":"button","priceOptions":"fixed_for_all","pricingType":"fixed","enable_quantity":true,"quantity_label":"","min_quantity":"0","options_tooltip":true,"options_description":true,"is_show_price":true,"isWeightTemplate":false,"isTemplate":false,"quantity_decimal":false,"quantity_step":"1","repeater_field_label":"{field_label}","repeater_bind":"","gt_translate_keys":["label","repeater_field_label","quantity_label"],"price_dependency":false,"cl_dependency":false,"value":""}],[{"label":"","active":true,"required":false,"elementId":"radio-group_166337d57eb624","name":"radio-group_166337d57eb624","label_position":"default","desc_position":"default","enablePrice":true,"className":"","enableCl":false,"relations":[{"operator":false,"rules":[{"operator":"AND","rules":{"cl_field":"","cl_relation":"","cl_val":""}}]}],"enable_quantity":true,"quantity_label":"","min_quantity":"0","checkUi":"button","layOut":"","options_tooltip":true,"options_description":true,"values":[{"label":"\ud83d\udc66 Child (20\u20ac)","value":"Child","selected":true,"tempId":"aco_32","tooltip":"6-10 Years","description":"","gt_translate_keys":["label","tooltip","description"]}],"priceOptions":"fixed_for_all","pricingType":"fixed","price":"20","cl_rule":"show","col":6,"type":"radio-group","error":false,"is_show_price":true,"isWeightTemplate":false,"isTemplate":false,"quantity_decimal":false,"quantity_step":"1","repeater_field_label":"{field_label}","repeater_bind":"","gt_translate_keys":["label","repeater_field_label","quantity_label"],"price_dependency":false,"cl_dependency":false,"value":""}],[{"active":true,"col":6,"relations":false,"cl_rule":"show","enableCl":false,"price":"","enablePrice":false,"className":"","label_position":"default","desc_position":"default","type":"separator","required":false,"elementId":"separator_9019492152","label":"Separator Field","height":"6","separatorType":"fill","error":false,"separatorColor":"#66a6b6","gt_translate_keys":["label"],"price_dependency":false,"cl_dependency":false,"value":""}],[{"active":true,"col":6,"relations":false,"cl_rule":"show","enableCl":false,"price":"({field.radio-group_166337d57eb617.quantity}*10)+({field.radio-group_166337d57eb624.quantity}*7.50)","enablePrice":true,"className":"","label_position":"default","desc_position":"default","type":"content","required":false,"elementId":"content_8712621725","label":"Deposit Now","name":"content_8712621725","contentType":"plain","value":"","error":false,"pricingType":"custom","isTemplate":false,"is_show_price":false,"show_in_checkout":true,"enableDesign":true,"LabelSize":"14px","inline":true,"gt_translate_keys":["label","value"],"price_dependency":["content-8850121983"],"cl_dependency":false}],[{"contentType":"plain","active":true,"label":"Payment at Arrival","elementId":"content-8797651822","value":"","name":"content-8797651822","enablePrice":true,"className":"","enableCl":false,"relations":false,"price":"({field.radio-group_166337d57eb617.quantity}*25)+({field.radio-group_166337d57eb624.quantity}*12.50)","cl_rule":"show","col":6,"type":"content","error":false,"is_show_price":true,"pricingType":"custom","isTemplate":false,"show_in_checkout":true,"enableDesign":true,"LabelSize":"14px","inline":true,"gt_translate_keys":["label","value"],"price_dependency":["content-8850121983"],"cl_dependency":false}],[{"contentType":"plain","active":true,"label":"Total Amount","elementId":"content-8850121983","value":"","name":"content-8850121983","enablePrice":true,"className":"","enableCl":false,"relations":false,"price":"{field.content_8712621725.price}+{field.content-8797651822.price}","cl_rule":"show","col":6,"type":"content","error":false,"is_show_price":true,"pricingType":"custom","isTemplate":false,"show_in_checkout":true,"enableDesign":true,"LabelSize":"14px","inline":true,"gt_translate_keys":["label","value"],"price_dependency":false,"cl_dependency":false}]]},"sec_he1t7j115":{"extra":{"key":"sec_he1t7j115","section_id":"sec_he1t7j115","name":"Pickup","status":1,"cl_rule":"show","enableCl":false,"relations":[],"toggle":true,"title_tag":"h4","show_title":false,"showPrice":"default","form_id":11372,"form_rules":{"exclude_from_discount":true,"fee_label":"Fee","disp_hide_options_price":true,"disp_show_section_price":false,"disp_show_field_price":true,"layout_option":"standard","pric_use_as_fee":false,"process_fee_as":"woo_fee"},"layout_option":"standard"},"fields":[[{"active":true,"col":6,"relations":false,"cl_rule":"show","enableCl":false,"price":"","enablePrice":false,"className":"","label_position":"default","desc_position":"default","type":"text","subtype":"text","required":false,"elementId":"text_0736264724","label":"\ud83d\ude8c Pickup Location","name":"text_0736264724","value":"","error":false,"description":"Pick-up service in Tenerife South available for an extra 2\u20ac per person, to be paid on arrival. Please provide your address or hotel name to book the shuttle service; if not needed, leave it blank. | For Callao Salvaje and Palm-Mar, the extra cost is 4\u20ac per person | El M\u00e9dano: 15\u20ac per car | Golf del Sur: 10\u20ac per car.","gt_translate_keys":["label","description","value"],"price_dependency":false,"cl_dependency":false}]]}},"config":{"price_override":"always","enable_recaptcha":false,"bind_quantity":false,"quantity_bind_formula":false,"disp_summ_show_option_price":true,"disp_summ_show_product_price":false,"disp_summ_show_total_price":false,"disp_summ_show_fee":true,"disp_summ_show_discount":true,"summary_title":"","options_total_label":"Options Price","total_label":"Total Amount","options_product_label":"Product Price","fee_label":"Fee","discount_label":"Discount","has_price":true,"has_quantity_formula":false},"mc_unit":1,"tax_rate":1,"tax_rate_real":1,"discount":{"percentage":0,"fixed":0},"design":{"conf":{"LabelPosition":"above","DescPosition":"above","UploadField":"custom_1","QuantityFieldStyle":"custom_1"},"css":{"LeftLabelWidth":"120px"}},"formulas":[],"lookuptables":[],"clones":false,"cartKey":false}},"_links":{"self":[{"href":"https:\/\/canaryvip.com\/hu\/wp-json\/wp\/v2\/product\/10465","targetHints":{"allow":["GET"]}}],"collection":[{"href":"https:\/\/canaryvip.com\/hu\/wp-json\/wp\/v2\/product"}],"about":[{"href":"https:\/\/canaryvip.com\/hu\/wp-json\/wp\/v2\/types\/product"}],"replies":[{"embeddable":true,"href":"https:\/\/canaryvip.com\/hu\/wp-json\/wp\/v2\/comments?post=10465"}],"wp:featuredmedia":[{"embeddable":true,"href":"https:\/\/canaryvip.com\/hu\/wp-json\/wp\/v2\/media\/10794"}],"wp:attachment":[{"href":"https:\/\/canaryvip.com\/hu\/wp-json\/wp\/v2\/media?parent=10465"}],"wp:term":[{"taxonomy":"product_brand","embeddable":true,"href":"https:\/\/canaryvip.com\/hu\/wp-json\/wp\/v2\/product_brand?post=10465"},{"taxonomy":"product_cat","embeddable":true,"href":"https:\/\/canaryvip.com\/hu\/wp-json\/wp\/v2\/product_cat?post=10465"},{"taxonomy":"product_tag","embeddable":true,"href":"https:\/\/canaryvip.com\/hu\/wp-json\/wp\/v2\/product_tag?post=10465"}],"curies":[{"name":"wp","href":"https:\/\/api.w.org\/{rel}","templated":true}]}}