{"id":10402,"date":"2024-03-21T20:41:42","date_gmt":"2024-03-21T20:41:42","guid":{"rendered":"https:\/\/canaryvip.com\/?post_type=product&#038;p=10402"},"modified":"2025-08-09T12:49:42","modified_gmt":"2025-08-09T11:49:42","slug":"aqua-termal-spa-tenerife","status":"publish","type":"product","link":"https:\/\/canaryvip.com\/hu\/shop\/aqua-termal-spa-tenerife\/","title":{"rendered":"Aqua Termal SPA Tenerife"},"content":{"rendered":"<h2><strong>\ud83d\udebf Fedezze fel a nyugalmat az Aqua Club Termal SPA Tenerif\u00e9n<\/strong><\/h2>\n<p>L\u00e9pjen be a nyugodt vil\u00e1g\u00e1ba <strong>Aqua Club Termal SPA Tenerife,<\/strong>\u00a0, ahol a pihen\u00e9s \u00e9s a wellness tal\u00e1lkozik egy buja o\u00e1zisban, amelyet Tenerife t\u00f6k\u00e9letes spa \u00e9lm\u00e9ny\u00e9hez terveztek. Ez a tenerifei kiterjedt mened\u00e9khely kiterjedt term\u00e1lk\u00f6rrel rendelkezik, pezsg\u0151f\u00fcrd\u0151kkel, relax\u00e1ci\u00f3s \u00e9s toniz\u00e1l\u00f3 medenc\u00e9kkel, t\u00f6r\u00f6kf\u00fcrd\u0151vel, zuhanytemplommal, l\u00e1bf\u00fcrd\u0151vel, szaun\u00e1val, float\u00e1riummal \u00e9s egy k\u00fcl\u00f6n relax\u00e1ci\u00f3s ter\u00fclettel.<\/p>\n<p>A gondosan \u00f6ssze\u00e1ll\u00edtott k\u00e9nyelmi szolg\u00e1ltat\u00e1sok a <strong>Aqua Club Termal SPA Tenerife<\/strong> \u00fagy tervezt\u00e9k, hogy a v\u00edz ter\u00e1pi\u00e1s erej\u00e9vel enyh\u00edts\u00e9k a modern \u00e9let stressz\u00e9t \u00e9s fesz\u00fclts\u00e9g\u00e9t, \u00edgy Tenerife kiemelked\u0151 c\u00e9lpontja a nyugalmat keres\u0151k sz\u00e1m\u00e1ra.<\/p>\n<h3><strong>\ud83d\udec1 Mi\u00e9rt emelkedik ki az Aqua Club Termal SPA Tenerife?<\/strong><\/h3>\n<ul>\n<li><strong>Kiterjedt wellness aj\u00e1nlatok:<\/strong> A t\u00f6bb mint 1000 n\u00e9gyzetm\u00e9teres tenerifei f\u00fcrd\u0151 12 k\u00fcl\u00f6nb\u00f6z\u0151 z\u00f3n\u00e1val rendelkez\u0151 term\u00e1lk\u00f6rrel b\u00fcszk\u00e9lkedhet, amelyek mindegyike egyedi kikapcsol\u00f3d\u00e1si \u00e9s megfiatalod\u00e1si \u00e9lm\u00e9nyt ny\u00fajt.<\/li>\n<li><strong>Luxus \u00e9s k\u00e9nyelem:<\/strong> A vend\u00e9gek 4 pazar balin\u00e9z \u00e1gyon pihenhetnek, \u00e9s 11 eleg\u00e1ns kabinban tal\u00e1lhatj\u00e1k meg a mag\u00e1n\u00e9letet \u00e9s a nyugalmat, ami fokozza a nyugodt spa \u00e9lm\u00e9nyt Tenerif\u00e9n.<\/li>\n<li><strong>K\u00fcl\u00f6nb\u00f6z\u0151 relax\u00e1ci\u00f3s lehet\u0151s\u00e9gek:<\/strong> Az Aqua Club Termal SPA Tenerife az \u00e9l\u00e9nk\u00edt\u0151 f\u00fav\u00f3k\u00e1kkal ell\u00e1tott dinamikus medenc\u00e9kt\u0151l a nyugtat\u00f3 jacuzzikig \u00e9s a kontrasztos h\u0151m\u00e9rs\u00e9klet\u0171 medenc\u00e9kig minden ig\u00e9nyt kiel\u00e9g\u00edt a pihen\u00e9s \u00e9s a felfriss\u00fcl\u00e9s ter\u00e9n.<\/li>\n<li><strong>Szem\u00e9lyre szabott aj\u00e1nl\u00e1sok:<\/strong> A tenerifei gy\u00f3gyf\u00fcrd\u0151 tapasztalt szakemberei alapos aj\u00e1nl\u00e1sokat k\u00edn\u00e1lnak, hogy a vend\u00e9geket szem\u00e9lyre szabott relax\u00e1ci\u00f3s utaz\u00e1son kereszt\u00fcl vezess\u00e9k.<\/li>\n<\/ul>\n<h3><strong>\ud83c\udf1f Az Aqua Club Termal SPA Tenerife els\u0151 oszt\u00e1ly\u00fa szolg\u00e1ltat\u00e1sai \u00e9s felszerelts\u00e9gei<\/strong><\/h3>\n<p><strong>Aqua Club Termal SPA Tenerife<\/strong> a luxus \u00e9s a nyugalom megtestes\u00edt\u0151je, amely sz\u00e1mos olyan l\u00e9tes\u00edtm\u00e9nyt k\u00edn\u00e1l, amelyeket a legnagyobb kikapcsol\u00f3d\u00e1sra terveztek Tenerif\u00e9n. A dinamikus medence a k\u00fcl\u00f6nb\u00f6z\u0151 v\u00edzsugarakkal \u00e9s bubor\u00e9k\u00e1gyakkal j\u00e1t\u00e9kos, m\u00e9gis nyugtat\u00f3 \u00e9lm\u00e9nyt ny\u00fajt.<\/p>\n<p>A float\u00e1rium lehet\u0151v\u00e9 teszi a vend\u00e9gek sz\u00e1m\u00e1ra, hogy a nagy s\u00f3tartalm\u00fa v\u00edzben szinte s\u00falytalan \u00e1llapotba ker\u00fcljenek, ami el\u0151seg\u00edti az izmok ellazul\u00e1s\u00e1t \u00e9s a k\u00f6nnyeds\u00e9g \u00e9rz\u00e9s\u00e9t. A f\u00fcrd\u0151 kontrasztos medenc\u00e9i, k\u00f6zt\u00fck a fiatal\u00edt\u00f3 toniz\u00e1l\u00f3 medence \u00e9s a nagy jacuzzi melege v\u00e1ltozatos term\u00e1l\u00e9lm\u00e9nyeket k\u00edn\u00e1lnak Tenerif\u00e9n.<\/p>\n<p>A t\u00f6r\u00f6kf\u00fcrd\u0151 g\u0151z\u00f6lg\u0151 var\u00e1zsa \u00e9s a szauna sz\u00e1raz forr\u00f3s\u00e1ga m\u00e9regtelen\u00edt\u0151 hat\u00e1s\u00fa, m\u00edg az egyed\u00fcl\u00e1ll\u00f3 l\u00e1bf\u00fcrd\u0151 \u00e9s a nyugodt pihen\u0151hely t\u00f6k\u00e9letes lez\u00e1r\u00e1sa a f\u00fcrd\u0151utaz\u00e1snak.<\/p>\n<h3><strong>\ud83c\udf3a Al\u00e1\u00edrt \u00e9lm\u00e9nyek az Aqua Club Termal SPA Tenerife sz\u00e1llod\u00e1ban<\/strong><\/h3>\n<ul>\n<li><strong>Dinamikus medence \u00e9lvezet:<\/strong> A 34\u00ba-os dinamikus medence t\u00f6bb mint 600 m3 v\u00edzzel \u00e9s k\u00fcl\u00f6nb\u00f6z\u0151 f\u00fav\u00f3k\u00e1kkal felszerelt, sz\u00f3rakoztat\u00f3 kikapcsol\u00f3d\u00e1st \u00e9s az izomfesz\u00fclts\u00e9gek old\u00e1s\u00e1t k\u00edn\u00e1lja, ak\u00e1r egyed\u00fcl, ak\u00e1r t\u00e1rsas\u00e1gban, Tenerif\u00e9n.<\/li>\n<li><strong>V\u00e9gs\u0151 jacuzzi relax\u00e1ci\u00f3:<\/strong> A vend\u00e9gek elmer\u00fclhetnek a tenerifei spa nagy jacuzzij\u00e1ban, \u00e9lvezhetik a meleg v\u00edz \u00e9s a massz\u00edroz\u00f3 f\u00fav\u00f3k\u00e1k ter\u00e1pi\u00e1s erej\u00e9t a m\u00e9lyen pihentet\u0151 \u00e9lm\u00e9ny \u00e9rdek\u00e9ben.<\/li>\n<li><strong>Friss\u00edt\u0151 toniz\u00e1l\u00f3 medence:<\/strong> A toniz\u00e1l\u00f3 medence h\u0171v\u00f6s viz\u00e9vel \u00e9l\u00e9nk\u00edti a testet, fokozza a v\u00e9rkering\u00e9st, \u00e9s friss\u00edt\u0151 kontrasztot ny\u00fajt a tenerifei gy\u00f3gyf\u00fcrd\u0151 meleg\u00e9vel szemben.<\/li>\n<li><strong>K\u00f6nnyed lebeg\u00e9s a Floatariumban:<\/strong> A floatarium er\u0151sen s\u00f3s vize olyan lebeg\u0151 \u00e9rz\u00e9st kelt, amely cs\u00f6kkenti a gravit\u00e1ci\u00f3s ellen\u00e1ll\u00e1st, cs\u00f6kkenti az izomfesz\u00fclts\u00e9get \u00e9s el\u0151seg\u00edti a relax\u00e1ci\u00f3t Tenerif\u00e9n.<\/li>\n<\/ul>\n<h3><strong>\ud83d\udd25 H\u0151- \u00e9s g\u0151zter\u00e1pi\u00e1k a m\u00e9regtelen\u00edt\u00e9s\u00e9rt Tenerif\u00e9n<\/strong><\/h3>\n<ul>\n<li><strong>Tiszt\u00edt\u00f3 t\u00f6r\u00f6k f\u00fcrd\u0151:<\/strong> A t\u00f6r\u00f6kf\u00fcrd\u0151 a h\u0151 \u00e9s a p\u00e1ratartalom optim\u00e1lis kombin\u00e1ci\u00f3j\u00e1val g\u0151z\u00f6lg\u0151 mened\u00e9ket k\u00edn\u00e1l a m\u00e9ly tisztul\u00e1shoz \u00e9s kikapcsol\u00f3d\u00e1shoz Tenerif\u00e9n.<\/li>\n<li><strong>Gyeng\u00e9d szauna el\u0151tti bemeleg\u00edt\u00e9s:<\/strong> Az el\u0151szauna k\u00edm\u00e9letesen hozz\u00e1szoktatja a testet a magasabb h\u0151m\u00e9rs\u00e9klethez, felk\u00e9sz\u00edtve azt a tenerifei szauna intenz\u00edv h\u0151fok\u00e1ra.<\/li>\n<li><strong>Tiszt\u00edt\u00f3 szauna \u00e9lm\u00e9ny:<\/strong> A szauna sz\u00e1raz h\u0151je megtiszt\u00edtja a testet, \u00e9s m\u00e9regtelen\u00edt\u0151 menek\u00fcl\u00e9st k\u00edn\u00e1l, mivel Tenerif\u00e9n ak\u00e1r 90 fokos h\u0151m\u00e9rs\u00e9kletet is el\u00e9rhet.<\/li>\n<\/ul>\n<h3><strong>\ud83d\udc63 L\u00e1bf\u00fcrd\u0151 \u00e9s relax\u00e1ci\u00f3s z\u00f3na: Utaz\u00e1s a nyugalomba Tenerif\u00e9n<\/strong><\/h3>\n<ul>\n<li><strong>Nyugtat\u00f3 l\u00e1bf\u00fcrd\u0151:<\/strong> A f\u00fcrd\u0151 exkluz\u00edv l\u00e1bf\u00fcrd\u0151je a l\u00e1bak gyeng\u00e9d massz\u00edroz\u00e1s\u00e1val \u00e9s nyugtat\u00f3 v\u00edzzel egyed\u00fcl\u00e1ll\u00f3 m\u00f3don ny\u00fajt kikapcsol\u00f3d\u00e1st \u00e9s j\u00f3 k\u00f6z\u00e9rzetet Tenerif\u00e9n.<\/li>\n<li><strong>Nyugodt relax\u00e1ci\u00f3s ter\u00fclet:<\/strong> Miut\u00e1n felfedezt\u00e9k a spa v\u00e1ltozatos k\u00edn\u00e1lat\u00e1t, a vend\u00e9gek a relax\u00e1ci\u00f3s z\u00f3n\u00e1ban pihenhetnek, amelyet k\u00e9nyelmes nyug\u00e1gyakkal d\u00edsz\u00edtettek, hogy Tenerif\u00e9n a v\u00e9gs\u0151 pihen\u00e9s \u00e9lm\u00e9ny\u00e9t \u00e9lvezhess\u00e9k.<\/li>\n<\/ul>\n<h4><strong>\ud83c\udf05 Induljon el a wellness \u00e9s a nyugalom \u00fatj\u00e1ra a SPA Tenerif\u00e9n<\/strong><\/h4>\n<p><strong>Aqua Club Termal SPA<\/strong> Tenerife megh\u00edvja vend\u00e9geit <strong>induljon el a wellness fel\u00e9 vezet\u0151 \u00faton<\/strong>, ahol a mindennapi \u00e9let stressze elolvad a nyugtat\u00f3 vizek \u00e9s a nyugodt tenerifei t\u00e1jak h\u00e1tter\u00e9ben.<\/p>\n<p>Ez a f\u00fcrd\u0151 <a href=\"https:\/\/canaryvip.com\/hu\/tenerife\/\">Tenerife<\/a> nem csup\u00e1n egy \u00fati c\u00e9l, hanem egy holisztikus \u00e9lm\u00e9ny, amelyet \u00fagy terveztek, hogy a test, a l\u00e9lek \u00e9s a szellem megfiatal\u00edt\u00e1s\u00e1ra szolg\u00e1ljon a term\u00e1lkezel\u00e9sek, a luxus felszerel\u00e9sek \u00e9s a nyugodt k\u00f6rnyezet \u00e1tfog\u00f3 v\u00e1laszt\u00e9k\u00e1val. Ak\u00e1r mag\u00e1nyra, ak\u00e1r a pihen\u00e9s k\u00f6z\u00f6s \u00e9lm\u00e9ny\u00e9re v\u00e1gyik, az Aqua Club Termal SPA Tenerife p\u00e1ratlan k\u00f6rnyezetet biztos\u00edt a nyugalom \u00e9s a meg\u00fajul\u00e1s felfedez\u00e9s\u00e9hez Tenerif\u00e9n.<\/p>\n<p>Tapasztalja meg a pihen\u00e9s \u00e9s a wellness cs\u00facs\u00e1t az Aqua Club Termal SPA Tenerif\u00e9n, ahol minden l\u00e1togat\u00e1s a nyugalom \u00e9s a meg\u00fajul\u00e1s megbecs\u00fclt pillanat\u00e1v\u00e1 v\u00e1lik.<\/p>\n<p>Foglalja le most a nyugalomba vezet\u0151 utaz\u00e1s\u00e1t, \u00e9s l\u00e9pjen be egy olyan vil\u00e1gba, ahol a wellness \u00e9s a luxus tal\u00e1lkozik, hogy felejthetetlen spa \u00e9lm\u00e9nyt ny\u00fajtson Tenerif\u00e9n. \ud83c\udf0a\ud83d\udc86\u200d\u2640\ufe0f\ud83c\udf3a<\/p>","protected":false},"excerpt":{"rendered":"<p>\ud83d\udd0d <strong>Aqua Termal SPA<\/strong>:<br \/>\n\u2705 Biztons\u00e1gos fizet\u00e9s.<br \/>\n\ud83d\udec1 12 f\u00fcrd\u0151z\u00f3na.<br \/>\n\ud83e\udd70 1.000 m2 Termikus \u00e1ramk\u00f6r.<br \/>\n\ud83d\udcc5 Minden nap nyitva.<br \/>\n\ud83e\uddd6 Szak\u00e9rt\u0151i \u00fatmutat\u00e1s.<br \/>\n\ud83d\udc76 16+ \u00dcdv\u00f6z\u00f6lj\u00fck.<br \/>\n\u23f0 Rugalmas id\u0151k.<br \/>\n\ud83d\ude97 K\u00f6nny\u0171 hozz\u00e1f\u00e9r\u00e9s.<br \/>\n\ud83d\udd04 24 \u00f3r\u00e1s ingyenes lemond\u00e1s.<br \/>\n\ud83e\udd11 Garant\u00e1ltan legjobb \u00e1r.<br \/>\n\ud83c\udf81 Csoportos kedvezm\u00e9nyek.<br \/>\n\ud83c\udf0d T\u00e1mogat\u00e1s t\u00f6bb nyelven.<br \/>\n\ud83c\udf1f Foglaljon most \u00e9s sp\u00f3roljon!<\/p>","protected":false},"featured_media":10405,"comment_status":"open","ping_status":"closed","template":"","meta":{"_acf_changed":false},"product_brand":[],"product_cat":[82],"product_tag":[],"class_list":{"0":"post-10402","1":"product","2":"type-product","3":"status-publish","4":"has-post-thumbnail","6":"product_cat-fun-activities","7":"wcpa_has_options","9":"first","10":"instock","11":"virtual","12":"purchasable","13":"product-type-simple"},"acf":[],"wcpa_form_fields":{"wcpaData":{"product":{"product_price":33,"price_html":"From&nbsp;<span class=\"woocommerce-Price-amount amount\"><bdi>33,00&nbsp;<span class=\"woocommerce-Price-currencySymbol\">&euro;<\/span><\/bdi><\/span>","original_product_price":33,"price_including_tax":33,"price_excluding_tax":33,"product_id":{"parent":10402,"variation":false},"is_variable":false,"stock_status":"instock","stock_quantity":null,"parent_sku":"CV10402","product_attributes":[],"custom_fields":[],"is_taxable":false,"product_name":"Aqua Termal SPA Tenerife","hasImage":false},"fields":{"sec_665faf63b6c2b9":{"extra":{"key":"sec_665faf63b6c2b9","section_id":"sec_665faf63b6c2b9","name":"Default","status":1,"cl_rule":"show","enableCl":false,"relations":[],"toggle":true,"title_tag":"h3","show_title":false,"showPrice":"default","form_id":10404,"form_rules":{"exclude_from_discount":true,"fee_label":"Fee","disp_hide_options_price":true,"disp_show_section_price":false,"disp_show_field_price":true,"layout_option":"standard","pric_use_as_fee":false,"process_fee_as":"woo_fee"},"layout_option":"standard"},"fields":[[{"label":"\ud83d\udcc5 Date","active":true,"required":true,"elementId":"date_065faf63b6c2e9","picker_type":"custom","picker_mode":"single","placeholder":"","description":"","tooltip":"","name":"date_065faf63b6c2e9","label_position":"default","desc_position":"default","enablePrice":false,"className":"","enableCl":false,"relations":[{"operator":"and","rules":[{"operator":"AND","rules":{"cl_field":"radio-group_965faf63b6c2db","cl_relation":"is","cl_val":"3 Hour Trip"}}]}],"date_pic_inline":true,"date_pic_inline_hide":true,"min_date":{"type":"days","val":"1"},"max_date":{"type":"days","val":"365"},"date_pic_conf":{"disabledWeeks":[]},"price":"","cl_rule":"show","col":6,"type":"date","error":false,"enableDesign":false,"LabelColor":"","gt_translate_keys":["label","placeholder","description","tooltip"],"price_dependency":false,"cl_dependency":false,"value":""}],[{"active":true,"col":6,"relations":[{"operator":false,"rules":[{"operator":"AND","rules":{"cl_field":"","cl_relation":"","cl_val":""}}]}],"cl_rule":"show","enableCl":false,"price":"","enablePrice":false,"className":"","label_position":"default","desc_position":"default","type":"radio-group","required":true,"elementId":"radio-group_965faf63b6c2db","label":"\ud83c\udf1f Type of Ticket","name":"radio-group_965faf63b6c2db","values":[{"label":"Regular Tickets (40\u20ac)","value":"Regular Tickets","selected":false,"tempId":"aco_32","description":"Regular Admission Tickets.","gt_translate_keys":["label","description"]},{"label":"Resident Tickets (35\u20ac)","value":"Resident Tickets","selected":false,"tempId":"aco_33","description":"Regular Tickets for Canary Island Residents. You must present a valid document as proof of residency.","gt_translate_keys":["label","description"]}],"layOut":"","error":false,"checkUi":"toggle","enableDesign":false,"scrollBar":false,"description":"","other":false,"options_description":true,"show_selected_option":false,"gt_translate_keys":["label","description"],"price_dependency":false,"cl_dependency":[false,false],"value":""}]]},"sec_065faf63b6c2dd":{"extra":{"key":"sec_065faf63b6c2dd","section_id":"sec_065faf63b6c2dd","name":"Regular Ticket","status":1,"cl_rule":"show","enableCl":true,"relations":[{"operator":false,"rules":[{"operator":"AND","rules":{"cl_field":"radio-group_965faf63b6c2db","cl_relation":"is","cl_val":"Regular Tickets"}}]}],"toggle":true,"title_tag":"h4","show_title":false,"showPrice":"default","form_id":10404,"form_rules":{"exclude_from_discount":true,"fee_label":"Fee","disp_hide_options_price":true,"disp_show_section_price":false,"disp_show_field_price":true,"layout_option":"standard","pric_use_as_fee":false,"process_fee_as":"woo_fee"},"layout_option":"standard"},"fields":[[{"active":true,"col":6,"relations":false,"cl_rule":"show","enableCl":false,"price":"","enablePrice":false,"className":"","label_position":"default","desc_position":"default","type":"separator","required":false,"elementId":"separator_165faf63b6c2ff","label":"Separator Field","height":"10","separatorType":"blank","error":false,"gt_translate_keys":["label"],"price_dependency":false,"cl_dependency":false,"value":""}],[{"contentType":"rich","active":true,"label":"","elementId":"content_765faf63b6c308","value":"<p>\ud83c\udf9f\ufe0f <strong>Reservation<\/strong>: Pay only a deposit now to reserve; the rest is due on the day of the activity upon arrival.<\/p>","inline":true,"name":"content_765faf63b6c308","enablePrice":false,"className":"","subtype":"div","enableCl":false,"relations":false,"price":"","cl_rule":"show","col":6,"type":"content","error":false,"show_in_checkout":true,"gt_translate_keys":["label","value"],"price_dependency":false,"cl_dependency":false}],[{"active":true,"col":6,"relations":false,"cl_rule":"show","enableCl":false,"price":"","enablePrice":false,"className":"","label_position":"default","desc_position":"default","type":"content","required":false,"elementId":"content_465faf63b6c311","label":"People","name":"content_465faf63b6c311","contentType":"plain","value":"","error":false,"show_in_checkout":true,"inline":false,"gt_translate_keys":["label","value"],"price_dependency":false,"cl_dependency":false}],[{"active":true,"col":6,"relations":[{"operator":false,"rules":[{"operator":"AND","rules":{"cl_field":"","cl_relation":"","cl_val":""}}]}],"cl_rule":"show","enableCl":true,"price":"40","enablePrice":true,"className":"","label_position":"default","desc_position":"default","type":"radio-group","required":false,"elementId":"radio-group_065faf63b6c31c","label":"","name":"radio-group_065faf63b6c31c","values":[{"label":"\ud83d\udc64 People (40\u20ac)","value":"People","selected":true,"tempId":"aco_32","tooltip":"","description":"","gt_translate_keys":["label","tooltip","description"]}],"layOut":"","error":false,"checkUi":"button","priceOptions":"fixed_for_all","pricingType":"fixed","enable_quantity":true,"quantity_label":"","min_quantity":"0","options_tooltip":true,"options_description":true,"is_show_price":true,"gt_translate_keys":["label","quantity_label"],"price_dependency":false,"cl_dependency":false,"value":""}],[{"elementId":"separator_665faf63b6c33a","separatorType":"fill","separatorColor":"#66a6b6","className":"","height":"6","enableCl":false,"relations":false,"cl_rule":"show","col":6,"type":"separator","error":false,"gt_translate_keys":[],"price_dependency":false,"cl_dependency":false,"value":""}],[{"active":true,"col":6,"relations":false,"cl_rule":"show","enableCl":false,"price":"({field.radio-group_065faf63b6c31c.quantity}*11.43)","enablePrice":true,"className":"","label_position":"default","desc_position":"default","type":"content","required":false,"elementId":"content_465faf63b6c343","label":"Deposit Now","name":"content_465faf63b6c343","contentType":"plain","value":"","error":false,"pricingType":"custom","isTemplate":false,"is_show_price":false,"enableDesign":true,"scrollBar":false,"use_as_fee":false,"fee_label":"","inline":true,"show_in_checkout":true,"subtype":"div","LabelSize":"14px","LabelColor":"","gt_translate_keys":["label","value"],"price_dependency":false,"cl_dependency":false}],[{"contentType":"plain","active":true,"label":"Payment at Arrival","elementId":"content_565faf63b6c34c","value":"","inline":true,"show_in_checkout":true,"name":"content_565faf63b6c34c","enablePrice":true,"className":"","fee_label":"","subtype":"div","enableCl":false,"relations":[{"operator":false,"rules":[{"operator":"AND","rules":{"cl_field":"content_465faf63b6c343","cl_relation":"is_not_empty","cl_val":""}}]}],"scrollBar":false,"enableDesign":true,"pricingType":"custom","isTemplate":false,"price":"({field.radio-group_065faf63b6c31c.quantity}*28.57)","use_as_fee":false,"is_show_price":true,"cl_rule":"disable","col":6,"type":"content","error":false,"LabelSize":"14px","LabelColor":"","gt_translate_keys":["label","value"],"price_dependency":false,"cl_dependency":false}],[{"contentType":"plain","active":true,"label":"Total Amount","elementId":"content_665faf63b6c355","value":"","inline":true,"show_in_checkout":true,"name":"content_665faf63b6c355","enablePrice":true,"className":"","fee_label":"","subtype":"div","enableCl":false,"relations":[{"operator":false,"rules":[{"operator":"AND","rules":{"cl_field":"content_465faf63b6c343","cl_relation":"is_not_empty","cl_val":""}}]}],"scrollBar":false,"enableDesign":true,"LabelColor":"","LabelSize":"14px","pricingType":"custom","isTemplate":false,"price":"({field.radio-group_065faf63b6c31c.quantity}*40)","use_as_fee":false,"is_show_price":true,"cl_rule":"disable","col":6,"type":"content","error":false,"gt_translate_keys":["label","value"],"price_dependency":false,"cl_dependency":false}]]},"sec_1065faf63b6c356":{"extra":{"key":"sec_1065faf63b6c356","section_id":"sec_1065faf63b6c356","name":"Resident Ticket","status":1,"cl_rule":"show","enableCl":true,"relations":[{"operator":false,"rules":[{"operator":"AND","rules":{"cl_field":"radio-group_965faf63b6c2db","cl_relation":"is","cl_val":"Resident Tickets"}}]}],"toggle":true,"title_tag":"h4","show_title":false,"showPrice":"default","form_id":10404,"form_rules":{"exclude_from_discount":true,"fee_label":"Fee","disp_hide_options_price":true,"disp_show_section_price":false,"disp_show_field_price":true,"layout_option":"standard","pric_use_as_fee":false,"process_fee_as":"woo_fee"},"layout_option":"standard"},"fields":[[{"elementId":"separator_965faf63b6c370","separatorType":"blank","className":"","height":"10","enableCl":false,"relations":false,"cl_rule":"show","col":6,"type":"separator","gt_translate_keys":[],"price_dependency":false,"cl_dependency":false,"value":""}],[{"contentType":"rich","active":true,"label":"","elementId":"content_265faf63b6c379","value":"<p>\ud83c\udf9f\ufe0f <strong>Reservation<\/strong>: Pay only a deposit now to reserve; the rest is due on the day of the activity upon arrival.<\/p>","inline":true,"name":"content_265faf63b6c379","enablePrice":false,"className":"","subtype":"div","enableCl":false,"relations":false,"price":"","cl_rule":"show","col":6,"type":"content","error":false,"pricingType":"custom","isTemplate":false,"is_show_price":true,"show_in_checkout":true,"gt_translate_keys":["label","value"],"price_dependency":false,"cl_dependency":false}],[{"contentType":"plain","active":true,"label":"People","elementId":"content_165faf63b6c382","value":"","inline":false,"show_in_checkout":true,"name":"content_165faf63b6c382","enablePrice":false,"className":"","enableCl":false,"relations":false,"price":"","cl_rule":"show","col":6,"type":"content","gt_translate_keys":["label","value"],"price_dependency":false,"cl_dependency":false}],[{"label":"","active":true,"required":false,"elementId":"radio-group-1935652763","name":"radio-group-1935652763","label_position":"default","desc_position":"default","enablePrice":true,"className":"","enableCl":true,"relations":[{"operator":false,"rules":[{"operator":"AND","rules":{"cl_field":"","cl_relation":"","cl_val":""}}]}],"enable_quantity":true,"quantity_label":"","min_quantity":"0","checkUi":"button","layOut":"","options_tooltip":true,"options_description":true,"values":[{"label":"\ud83d\udc64 People (35\u20ac)","value":"People","selected":true,"tempId":"aco_32","tooltip":"","description":"","gt_translate_keys":["label","tooltip","description"]}],"priceOptions":"fixed_for_all","pricingType":"fixed","price":"35","cl_rule":"show","col":6,"type":"radio-group","error":false,"is_show_price":true,"gt_translate_keys":["label","quantity_label"],"price_dependency":false,"cl_dependency":false,"value":""}],[{"elementId":"separator_565faf63b6c3a9","separatorType":"fill","separatorColor":"#66a6b6","className":"","height":"6","enableCl":false,"relations":false,"cl_rule":"show","col":6,"type":"separator","error":false,"gt_translate_keys":[],"price_dependency":false,"cl_dependency":false,"value":""}],[{"contentType":"plain","active":true,"label":"Deposit Now","elementId":"content_565faf63b6c3b2","value":"","inline":true,"show_in_checkout":true,"name":"content_565faf63b6c3b2","enablePrice":true,"className":"","fee_label":"","subtype":"div","enableCl":false,"relations":false,"scrollBar":false,"enableDesign":true,"LabelColor":"","LabelSize":"14px","pricingType":"custom","isTemplate":false,"price":"({field.radio-group-1935652763.quantity}*7)","use_as_fee":false,"is_show_price":false,"cl_rule":"show","col":6,"type":"content","error":false,"gt_translate_keys":["label","value"],"price_dependency":false,"cl_dependency":false}],[{"contentType":"plain","active":true,"label":"Payment at Arrival","elementId":"content_565faf63b6c3bb","value":"","inline":true,"show_in_checkout":true,"name":"content_565faf63b6c3bb","enablePrice":true,"className":"","fee_label":"","subtype":"div","enableCl":false,"relations":[{"operator":false,"rules":[{"operator":"AND","rules":{"cl_field":"content_465faf63b6c343","cl_relation":"is_not_empty","cl_val":""}}]}],"scrollBar":false,"enableDesign":true,"LabelColor":"","LabelSize":"14px","pricingType":"custom","isTemplate":false,"price":"({field.radio-group-1935652763.quantity}*28)","use_as_fee":false,"is_show_price":true,"cl_rule":"disable","col":6,"type":"content","error":false,"gt_translate_keys":["label","value"],"price_dependency":false,"cl_dependency":false}],[{"contentType":"plain","active":true,"label":"Total Amount","elementId":"content_265faf63b6c3c3","value":"","inline":true,"show_in_checkout":true,"name":"content_265faf63b6c3c3","enablePrice":true,"className":"","fee_label":"","subtype":"div","enableCl":false,"relations":[{"operator":false,"rules":[{"operator":"AND","rules":{"cl_field":"content_465faf63b6c343","cl_relation":"is_not_empty","cl_val":""}}]}],"scrollBar":false,"enableDesign":true,"LabelColor":"","LabelSize":"14px","pricingType":"custom","isTemplate":false,"price":"({field.radio-group-1935652763.quantity}*35)","use_as_fee":false,"is_show_price":true,"cl_rule":"disable","col":6,"type":"content","error":false,"gt_translate_keys":["label","value"],"price_dependency":false,"cl_dependency":false}]]}},"config":{"price_override":"always","enable_recaptcha":false,"bind_quantity":false,"quantity_bind_formula":false,"disp_summ_show_option_price":true,"disp_summ_show_product_price":false,"disp_summ_show_total_price":false,"disp_summ_show_fee":true,"disp_summ_show_discount":true,"summary_title":"","options_total_label":"Options Price","total_label":"Deposit Amount","options_product_label":"Product Price","fee_label":"Fee","discount_label":"Discount","has_price":true,"has_quantity_formula":false},"mc_unit":1,"tax_rate":1,"tax_rate_real":1,"discount":{"percentage":0,"fixed":0},"design":{"conf":{"LabelPosition":"above","DescPosition":"above","UploadField":"custom_1","QuantityFieldStyle":"custom_1"},"css":{"LeftLabelWidth":"120px"}},"formulas":[],"lookuptables":[],"clones":false,"cartKey":false}},"_links":{"self":[{"href":"https:\/\/canaryvip.com\/hu\/wp-json\/wp\/v2\/product\/10402","targetHints":{"allow":["GET"]}}],"collection":[{"href":"https:\/\/canaryvip.com\/hu\/wp-json\/wp\/v2\/product"}],"about":[{"href":"https:\/\/canaryvip.com\/hu\/wp-json\/wp\/v2\/types\/product"}],"replies":[{"embeddable":true,"href":"https:\/\/canaryvip.com\/hu\/wp-json\/wp\/v2\/comments?post=10402"}],"wp:featuredmedia":[{"embeddable":true,"href":"https:\/\/canaryvip.com\/hu\/wp-json\/wp\/v2\/media\/10405"}],"wp:attachment":[{"href":"https:\/\/canaryvip.com\/hu\/wp-json\/wp\/v2\/media?parent=10402"}],"wp:term":[{"taxonomy":"product_brand","embeddable":true,"href":"https:\/\/canaryvip.com\/hu\/wp-json\/wp\/v2\/product_brand?post=10402"},{"taxonomy":"product_cat","embeddable":true,"href":"https:\/\/canaryvip.com\/hu\/wp-json\/wp\/v2\/product_cat?post=10402"},{"taxonomy":"product_tag","embeddable":true,"href":"https:\/\/canaryvip.com\/hu\/wp-json\/wp\/v2\/product_tag?post=10402"}],"curies":[{"name":"wp","href":"https:\/\/api.w.org\/{rel}","templated":true}]}}