{"id":10186,"date":"2024-03-28T05:27:33","date_gmt":"2024-03-28T05:27:33","guid":{"rendered":"https:\/\/canaryvip.com\/?post_type=product&#038;p=10186"},"modified":"2025-06-28T23:11:45","modified_gmt":"2025-06-28T22:11:45","slug":"rent-a-car-tenerife","status":"publish","type":"product","link":"https:\/\/canaryvip.com\/hu\/shop\/rent-a-car-tenerife\/","title":{"rendered":"Aut\u00f3b\u00e9rl\u00e9s Tenerife"},"content":{"rendered":"<h2>\ud83d\ude99 Fedezze fel Tenerif\u00e9t Premier Aut\u00f3b\u00e9rl\u00e9si szolg\u00e1ltat\u00e1sunkkal<\/h2>\n<p>Tapasztalja meg a legnagyobb szabads\u00e1got, hogy saj\u00e1t temp\u00f3j\u00e1ban fedezze fel Tenerife l\u00e9legzetel\u00e1ll\u00edt\u00f3 t\u00e1jait. A <strong>Aut\u00f3b\u00e9rl\u00e9s Tenerife<\/strong> szolg\u00e1ltat\u00e1s <strong>CanaryVIP<\/strong> p\u00e1ratlan k\u00e9nyelmet \u00e9s rugalmass\u00e1got k\u00edn\u00e1l a szigeti utaz\u00e1shoz. Az \u00e9rintetlen strandokon val\u00f3 napoz\u00e1st\u00f3l a fens\u00e9ges hegyvid\u00e9keken val\u00f3 t\u00far\u00e1z\u00e1sig <a href=\"https:\/\/canaryvip.com\/hu\/discover-the-teide-the-ultimate-guide-iconic-volcano\/\">Teide Nemzeti Park,<\/a>\u00a0\u00e9s a sziget rejtett kincseinek felfedez\u00e9se, v\u00e1ltozatos flott\u00e1nk az \u00d6n jegye egy felejthetetlen kalandhoz.<\/p>\n<h3>\u2b50\ufe0f Mi\u00e9rt v\u00e1lassza a Rent a Car Tenerife-t?<\/h3>\n<p>A v\u00e1laszt\u00e1s <strong>Aut\u00f3k\u00f6lcs\u00f6nz\u00e9s Tenerife<\/strong> az CanaryVIP-vel a szabads\u00e1g aj\u00e1nd\u00e9k\u00e1t jelenti. T\u00f6bb\u00e9 nem k\u00f6tik a t\u00f6megk\u00f6zleked\u00e9s korl\u00e1tai vagy a szervezett t\u00far\u00e1k merev id\u0151beoszt\u00e1sa, \u00edgy szabadon felfedezheti ezt a leny\u0171g\u00f6z\u0151 szigetet a saj\u00e1t temp\u00f3j\u00e1ban \u00e9s \u00e9rdekl\u0151d\u00e9si k\u00f6r\u00e9nek megfelel\u0151en.<\/p>\n<ul>\n<li><strong>Rugalmass\u00e1g:<\/strong> A <strong>aut\u00f3k\u00f6lcs\u00f6nz\u0151 Tenerife<\/strong> az \u00d6n kez\u00e9be adja az \u00fatvonaltervez\u00e9s ir\u00e1ny\u00edt\u00e1s\u00e1t. Napkelt\u00e9t\u0151l napnyugt\u00e1ig \u00d6n d\u00f6nti el, mit \u00e9s mikor szeretne l\u00e1tni.<\/li>\n<li><strong>Fajta:<\/strong> Flott\u00e1nk v\u00e1ltozatos, minden ig\u00e9nyt \u00e9s preferenci\u00e1t kiel\u00e9g\u00edt. Ak\u00e1r egy kompakt aut\u00f3t keres a v\u00e1rosi kir\u00e1ndul\u00e1sokhoz, ak\u00e1r egy t\u00e1gas SUV-t a terepj\u00e1r\u00f3s kalandokhoz a <strong>Tenerife D\u00e9l,<\/strong>\u00a0mi fedez\u00fcnk t\u00e9ged.<\/li>\n<li><strong>Versenyk\u00e9pes \u00e1rk\u00e9pz\u00e9s:<\/strong> A min\u0151s\u00e9g fel\u00e1ldoz\u00e1sa n\u00e9lk\u00fcli megfizethet\u0151s\u00e9g az, amire t\u00f6reksz\u00fcnk. A <strong>aut\u00f3b\u00e9rl\u00e9s<\/strong> Tenerif\u00e9n a legjobb \u00e1r-\u00e9rt\u00e9k ar\u00e1nyt k\u00edn\u00e1lj\u00e1k, \u00edgy biztos\u00edtva a sziget k\u00f6lts\u00e9ghat\u00e9kony felfedez\u00e9s\u00e9t.<\/li>\n<li><strong>K\u00e9nyelem:<\/strong> Vegye fel b\u00e9raut\u00f3j\u00e1t a k\u00f6vetkez\u0151 kulcsfontoss\u00e1g\u00fa helyeken, mint p\u00e9ld\u00e1ul <strong><a href=\"https:\/\/maps.app.goo.gl\/YAWX2KPn75tN8YMUA\" target=\"_blank\" rel=\"noopener\">Tenerife South rep\u00fcl\u0151t\u00e9r<\/a>.<\/strong>\u00a0A lesz\u00e1ll\u00e1s pillanat\u00e1t\u00f3l kezdve a tenerifei kaland k\u00e9sedelem n\u00e9lk\u00fcl elkezd\u0151dik.<\/li>\n<\/ul>\n<h4>\ud83c\udf0d Fedezze fel Tenerif\u00e9t \u00fagy, ahogy m\u00e9g soha<\/h4>\n<p>Tenerife vonzereje nem csak a h\u00edres strandokban \u00e9s turisztikai l\u00e1tv\u00e1nyoss\u00e1gokban rejlik, hanem a kev\u00e9sb\u00e9 ismert helyekben is. A <strong>aut\u00f3k\u00f6lcs\u00f6nz\u0151 Tenerife,<\/strong>\u00a0a sziget gazdag t\u00f6rt\u00e9nelm\u00e9nek, vibr\u00e1l\u00f3 kult\u00far\u00e1j\u00e1nak \u00e9s leny\u0171g\u00f6z\u0151 term\u00e9szeti sz\u00e9ps\u00e9g\u00e9nek felfedez\u00e9s\u00e9hez. Vezessen \u00e1t fest\u0151i falvakon, l\u00e1togasson el a helyi piacokra, \u00e9s tal\u00e1lja meg a paradicsom saj\u00e1t szelet\u00e9t a f\u00e9lrees\u0151 strandokon.<\/p>\n<h4>\ud83d\udd0d Fedezzen fel t\u00f6bbet aut\u00f3k\u00f6lcs\u00f6nz\u00e9ssel Tenerif\u00e9n<\/h4>\n<p>Tenerif\u00e9n minden kanyarban egy \u00faj felfedez\u00e9ssel tal\u00e1lkozhatunk. <strong>CanaryVIP aut\u00f3k\u00f6lcs\u00f6nz\u00e9s Tenerif\u00e9n,<\/strong>\u00a0szabadon \u00fcld\u00f6zhetsz minden naplement\u00e9t, megm\u00e1szhatsz minden hegyet, \u00e9s elmer\u00fclhetsz minden kil\u00e1t\u00e1sban. L\u00e9pjen t\u00fal az \u00fatik\u00f6nyveken, \u00e9s tegye utaz\u00e1s\u00e1t a szem\u00e9lyes \u00e9lm\u00e9nyek \u00e9s felejthetetlen eml\u00e9kek antol\u00f3gi\u00e1j\u00e1v\u00e1.<\/p>\n<h4>\u2705 K\u00f6nny\u0171v\u00e9 tett foglal\u00e1s<\/h4>\n<p>Foglal\u00e1si folyamatunk egyszer\u0171 \u00e9s felhaszn\u00e1l\u00f3bar\u00e1t. V\u00e1lassza ki a k\u00edv\u00e1nt j\u00e1rm\u0171vet, v\u00e1lassza ki a b\u00e9rleti id\u0151szakot, \u00e9s adjon hozz\u00e1 b\u00e1rmilyen extr\u00e1t, amire sz\u00fcks\u00e9ge lehet, mindezt n\u00e9h\u00e1ny kattint\u00e1ssal. C\u00e9lunk, hogy az \u00d6n <strong>aut\u00f3k\u00f6lcs\u00f6nz\u00e9s Tenerife<\/strong> a lehet\u0151 legg\u00f6rd\u00fcl\u00e9kenyebb \u00e9s legprobl\u00e9mamentesebb \u00e9lm\u00e9nyt.<\/p>\n<h4>\ud83d\udee1\ufe0f Biztons\u00e1g \u00e9s k\u00e9nyelem<\/h4>\n<p>Az \u00d6n biztons\u00e1ga \u00e9s k\u00e9nyelme a legfontosabb. Flott\u00e1nk minden egyes j\u00e1rm\u0171v\u00e9t gondosan karbantartjuk, hogy megfeleljen a legmagasabb biztons\u00e1gi \u00e9s teljes\u00edtm\u00e9nybeli k\u00f6vetelm\u00e9nyeknek. Amikor \u00d6n a <strong>aut\u00f3k\u00f6lcs\u00f6nz\u00e9s Tenerife D\u00e9l,<\/strong>\u00a0biztos lehet benne, hogy az \u00d6n k\u00e9nyelm\u00e9r\u0151l \u00e9s j\u00f3l\u00e9t\u00e9r\u0151l gondoskodunk.<\/p>\n<h4>\ud83c\udf31 Fenntarthat\u00f3 utaz\u00e1s<\/h4>\n<p>Elk\u00f6telezettek vagyunk a k\u00f6rnyezetbar\u00e1t utaz\u00e1si kezdem\u00e9nyez\u00e9sek mellett. J\u00e1rm\u0171v\u00e1laszt\u00e9kunkban olyan lehet\u0151s\u00e9geket k\u00edn\u00e1lunk, amelyek k\u00edm\u00e9lik a k\u00f6rnyezetet, \u00e9s lehet\u0151v\u00e9 teszik, hogy felfedezze Tenerife term\u00e9szeti sz\u00e9ps\u00e9geit, mik\u00f6zben minimaliz\u00e1lja sz\u00e9nl\u00e1bnyom\u00e1t.<\/p>\n<h4>\ud83d\udd11 Nyissa ki Tenerife legjobbjait<\/h4>\n<p>Tenerife a v\u00e9gtelen kalandok \u00e9s sz\u00e9ps\u00e9g szigete, a napf\u00e9nyben \u00fasz\u00f3 partokt\u00f3l a Teide misztikus magass\u00e1g\u00e1ig. A mi <strong>aut\u00f3k\u00f6lcs\u00f6nz\u0151 szolg\u00e1ltat\u00e1sok,<\/strong>\u00a0ennek a var\u00e1zslatos szigetnek minden szeglete el\u00e9rhet\u0151 k\u00f6zels\u00e9gben van. <strong>Aut\u00f3k\u00f6lcs\u00f6nz\u00e9s Tenerife<\/strong> \u00e9s induljon el a felfedez\u00e9sek \u00e9s csod\u00e1k \u00fatj\u00e1n.<\/p>\n<h3>\ud83d\udcd6 Hogyan foglaljon aut\u00f3t?<\/h3>\n<p>Az \u00d6n <strong>Aut\u00f3k\u00f6lcs\u00f6nz\u00e9s Tenerife<\/strong> csak n\u00e9h\u00e1ny kattint\u00e1snyira van. Intuit\u00edv online foglal\u00e1si rendszer\u00fcnket az \u00d6n k\u00e9nyelme \u00e9rdek\u00e9ben alak\u00edtottuk ki, \u00edgy k\u00f6nnyed\u00e9n kiv\u00e1laszthatja aut\u00f3j\u00e1t, be\u00e1ll\u00edthatja a b\u00e9rleti id\u0151szakot, \u00e9s k\u00f6nnyed\u00e9n kezelheti foglal\u00e1s\u00e1t. A visszaigazol\u00e1s gyors, \u00edgy garant\u00e1ltan k\u00e9szen \u00e1ll a felfedez\u00e9sre, amint meg\u00e9rkezik.<\/p>\n<h4>\ud83d\ude80 Kalandod v\u00e1r r\u00e1d<\/h4>\n<p>A kaland Tenerif\u00e9n nem csak a c\u00e9lpontokr\u00f3l sz\u00f3l, hanem a k\u00f6zt\u00fck l\u00e9v\u0151 utaz\u00e1sokr\u00f3l is. Minden egyes \u00fatvonal, amelyet a <strong>aut\u00f3k\u00f6lcs\u00f6nz\u00e9s Tenerife v\u00e1ros\u00e1ban<\/strong> valami \u00fajat fedez fel - egy rejtett \u00f6bl\u00f6t, egy l\u00e9legzetel\u00e1ll\u00edt\u00f3 kil\u00e1t\u00f3pontot vagy egy olyan helyi \u00e9ttermet, ahol olyan \u00edzeket k\u00f3stolhat, amilyeneket m\u00e9g sosem k\u00f3stolt. Az CanaryVIP seg\u00edts\u00e9g\u00e9vel a sziget legjobban \u0151rz\u00f6tt titkai is el\u00e9rhet\u0151v\u00e9 v\u00e1lnak, \u00edgy utaz\u00e1sa az \u00e9lm\u00e9nyek kincsvad\u00e1szat\u00e1v\u00e1 v\u00e1lik.<\/p>\n<h4>\u23f3 Minden pillanat sz\u00e1m\u00edt<\/h4>\n<p>Amikor <strong>aut\u00f3k\u00f6lcs\u00f6nz\u00e9s Tenerif\u00e9n,<\/strong>\u00a0nem csak id\u0151t takar\u00edt meg - a nyaral\u00e1s minden pillanat\u00e1t kihaszn\u00e1lja. Hajtson fel Los Gigantes leny\u0171g\u00f6z\u0151 szikl\u00e1ihoz, hogy megn\u00e9zze a naplement\u00e9t, vagy tal\u00e1ljon vigaszt az Anaga vid\u00e9ki park nyugodt \u00f6sv\u00e9nyein. A Tenerif\u00e9n elt\u00f6lt\u00f6tt id\u0151t \u00d6n t\u00f6ltheti \u00fagy, ahogyan csak szeretn\u00e9, a menetrend szerinti t\u00far\u00e1k \u00e9s a t\u00f6megk\u00f6zleked\u00e9s k\u00f6t\u00f6tts\u00e9gei n\u00e9lk\u00fcl.<\/p>\n<h4>\ud83e\uddf3 Az \u00d6n ig\u00e9nyeihez igaz\u00edtva<\/h4>\n<p>Meg\u00e9rtve, hogy minden utaz\u00f3nak egyedi ig\u00e9nyei vannak, a mi <strong>Aut\u00f3k\u00f6lcs\u00f6nz\u00e9s Tenerife<\/strong> szolg\u00e1ltat\u00e1sok sz\u00e9les v\u00e1laszt\u00e9k\u00e1t k\u00edn\u00e1lj\u00e1k, hogy minden preferenci\u00e1nak \u00e9s ig\u00e9nynek megfeleljenek. A luxus kabri\u00f3kt\u00f3l kezdve, amelyekben \u00e9rezheti az \u00f3ce\u00e1ni szell\u0151t, eg\u00e9szen a k\u00e9nyelemre berendezett, csal\u00e1dbar\u00e1t kisbuszokig, <strong>CanaryVIP<\/strong> biztos\u00edtja, hogy j\u00e1rm\u0171ve megfeleljen az \u00d6n \u00e1ltal elk\u00e9pzelt utaz\u00e1snak.<\/p>\n<h3>\ud83c\udf1f Elk\u00f6telezetts\u00e9g a kiv\u00e1l\u00f3s\u00e1g ir\u00e1nt<\/h3>\n<p>A  c\u00edmen. <strong>CanaryVIP<\/strong>, a kiv\u00e1l\u00f3s\u00e1g \u00e1ll minden tev\u00e9kenys\u00e9g\u00fcnk k\u00f6z\u00e9ppontj\u00e1ban. A j\u00e1rm\u0171veink min\u0151s\u00e9g\u00e9t\u0151l kezdve az \u00fcgyf\u00e9lszolg\u00e1latunkig arra t\u00f6reksz\u00fcnk, hogy fel\u00fclm\u00faljuk az \u00d6n elv\u00e1r\u00e1sait. Csapatunk mindig k\u00e9szen \u00e1ll arra, hogy aj\u00e1nl\u00e1sokat adjon, seg\u00edts\u00e9get ny\u00fajtson az \u00fatvonalakkal kapcsolatban, vagy b\u00e1rmilyen t\u00e1mogat\u00e1st ny\u00fajtson \u00d6nnek az \u00d6n sz\u00e1m\u00e1ra az \u00d6n <strong>aut\u00f3k\u00f6lcs\u00f6nz\u00e9s Tenerife<\/strong> tapasztalat. Mi nem csak egy szolg\u00e1ltat\u00e1s vagyunk; mi vagyunk az \u00d6n utaz\u00e1si partnere Tenerif\u00e9n.<\/p>\n<h4>\ud83d\udddd\ufe0f \u00c9ljen a lehet\u0151s\u00e9ggel<\/h4>\n<p>Tenerife sz\u00e9ps\u00e9ge senkire sem v\u00e1r, \u00e9s az CanaryVIP seg\u00edts\u00e9g\u00e9vel m\u00e9g soha nem volt ilyen egyszer\u0171 megragadni a lehet\u0151s\u00e9get, hogy felfedezze ezt a paradicsomi szigetet. Ne hagyja, hogy kics\u00fasszon a kezei k\u00f6z\u00fcl a lehet\u0151s\u00e9g, hogy megteremtse saj\u00e1t kalandj\u00e1t. <strong>Aut\u00f3k\u00f6lcs\u00f6nz\u00e9s Tenerife<\/strong> m\u00e9g ma, \u00e9s vegye kez\u00e9be az ir\u00e1ny\u00edt\u00e1st a nyaral\u00e1sa felett, olyan utaz\u00e1st tervezve, amely olyan egyedi, mint amilyen \u00d6n.<\/p>\n<h4>\u2764\ufe0f Foglalja le \u00e1lmai aut\u00f3vezet\u00e9s\u00e9t m\u00e9g ma<\/h4>\n<p>K\u00e9szen \u00e1ll felfedezni Tenerif\u00e9t a saj\u00e1t felt\u00e9telei szerint?<\/p>\n<p>L\u00e1togasson el a  oldalra. <strong>CanaryVIP<\/strong> most, hogy lefoglalja a t\u00f6k\u00e9letes aut\u00f3k\u00f6lcs\u00f6nz\u0151t. N\u00e9h\u00e1ny kattint\u00e1ssal m\u00e1ris \u00fatra kelhet egy felejthetetlen utaz\u00e1s fel\u00e9, amely tele van felfedez\u00e9ssel, szabads\u00e1ggal \u00e9s a felfedez\u00e9s tiszta \u00f6r\u00f6m\u00e9vel.<\/p>\n<p>A kaland v\u00e1r r\u00e1d az CanaryVIP Teneriffa Aut\u00f3b\u00e9rl\u00e9s szolg\u00e1ltat\u00e1s\u00e1val - foglalj most, \u00e9s fedezd fel Tenerife var\u00e1zs\u00e1t.<\/p>","protected":false},"excerpt":{"rendered":"<p><strong>\ud83d\udd0d Aut\u00f3b\u00e9rl\u00e9s Tenerife:<\/strong><br \/>\n\u2705 Biztons\u00e1gos fizet\u00e9s.<br \/>\n\ud83d\ude99 T\u00f6bb aut\u00f3 opci\u00f3.<br \/>\n\ud83d\ude80 1-t\u0151l 30 napig.<br \/>\n\u2705 Biztos\u00edt\u00e1st tartalmaz.<br \/>\n\ud83c\udfc1 Korl\u00e1tlan kilom\u00e9terek.<br \/>\n\ud83d\udc64 +25 \u00e9v vezethet.<br \/>\n\ud83e\udd11 Garant\u00e1ltan legjobb \u00e1r.<br \/>\n\ud83d\ude8d Ingyenes sz\u00e1ll\u00edt\u00e1s a sz\u00e1llod\u00e1ba.<br \/>\n\u2708\ufe0f Rep\u00fcl\u0151t\u00e9ri kisz\u00e1ll\u00edt\u00e1s \u00e9s \u00e1tv\u00e9tel.<br \/>\n\ud83d\udc6a Kedvezm\u00e9nyek aktiv\u00e1lva.<br \/>\n\ud83c\udf1f Foglaljon most \u00e9s sp\u00f3roljon!<\/p>","protected":false},"featured_media":10916,"comment_status":"open","ping_status":"closed","template":"","meta":{"_acf_changed":false},"product_brand":[],"product_cat":[83],"product_tag":[],"class_list":{"0":"post-10186","1":"product","2":"type-product","3":"status-publish","4":"has-post-thumbnail","6":"product_cat-rentals","7":"wcpa_has_options","9":"first","10":"instock","11":"virtual","12":"purchasable","13":"product-type-simple"},"acf":[],"wcpa_form_fields":{"wcpaData":{"product":{"product_price":50,"price_html":"From&nbsp;<span class=\"woocommerce-Price-amount amount\"><bdi>50,00&nbsp;<span class=\"woocommerce-Price-currencySymbol\">&euro;<\/span><\/bdi><\/span>","original_product_price":50,"price_including_tax":50,"price_excluding_tax":50,"product_id":{"parent":10186,"variation":false},"is_variable":false,"stock_status":"instock","stock_quantity":null,"parent_sku":"CV10186","product_attributes":[],"custom_fields":[],"is_taxable":false,"product_name":"Rent a Car Tenerife","hasImage":false},"fields":{"sec_4668282996d361":{"extra":{"key":"sec_4668282996d361","section_id":"sec_4668282996d361","name":"Contact us","status":1,"cl_rule":"show","enableCl":false,"relations":[],"toggle":true,"title_tag":"h3","show_title":false,"showPrice":"default","form_id":12153,"form_rules":{"exclude_from_discount":true,"fee_label":"Fee","disp_hide_options_price":true,"disp_show_section_price":false,"disp_show_field_price":true,"layout_option":"standard","pric_use_as_fee":false,"process_fee_as":"woo_fee"},"layout_option":"standard"},"fields":[[{"active":true,"col":6,"relations":false,"cl_rule":"show","enableCl":false,"price":"","enablePrice":false,"className":"","label_position":"default","desc_position":"default","type":"content","required":false,"elementId":"content_8291538701","label":"","name":"content_8291538701","contentType":"rich","value":"<p><a href=\"https:\/\/api.whatsapp.com\/send\/?phone=34629670312&amp;text&amp;type=phone_number&amp;app_absent=0\" target=\"_blank\"><strong>Contact us on WhatsApp<\/strong><\/a><strong> to get a personalized price for this activity\/excursion\/rental.<\/strong><\/p>","error":false,"subtype":"div","gt_translate_keys":["label","value"],"price_dependency":false,"cl_dependency":false}]]},"sec_16644ac1d03e64":{"extra":{"key":"sec_16644ac1d03e64","section_id":"sec_16644ac1d03e64","name":"Default","status":1,"cl_rule":"show","enableCl":false,"relations":[],"toggle":true,"title_tag":"h3","show_title":false,"showPrice":"default","form_id":11506,"form_rules":{"exclude_from_discount":true,"fee_label":"Fee","disp_hide_options_price":true,"disp_show_section_price":false,"disp_show_field_price":true,"layout_option":"standard","pric_use_as_fee":false,"process_fee_as":"woo_fee"},"layout_option":"standard"},"fields":[]}},"config":{"price_override":"","enable_recaptcha":false,"bind_quantity":false,"quantity_bind_formula":false,"disp_summ_show_option_price":true,"disp_summ_show_product_price":true,"disp_summ_show_total_price":true,"disp_summ_show_fee":true,"disp_summ_show_discount":true,"summary_title":"","options_total_label":"Options Price","total_label":"Total","options_product_label":"Product Price","fee_label":"Fee","discount_label":"Discount","has_price":true,"has_quantity_formula":false},"mc_unit":1,"tax_rate":1,"tax_rate_real":1,"discount":{"percentage":0,"fixed":0},"design":{"conf":{"LabelPosition":"above","DescPosition":"above","UploadField":"custom_1","QuantityFieldStyle":"custom_1"},"css":{"LeftLabelWidth":"120px"}},"formulas":[],"lookuptables":[],"clones":false,"cartKey":false}},"_links":{"self":[{"href":"https:\/\/canaryvip.com\/hu\/wp-json\/wp\/v2\/product\/10186","targetHints":{"allow":["GET"]}}],"collection":[{"href":"https:\/\/canaryvip.com\/hu\/wp-json\/wp\/v2\/product"}],"about":[{"href":"https:\/\/canaryvip.com\/hu\/wp-json\/wp\/v2\/types\/product"}],"replies":[{"embeddable":true,"href":"https:\/\/canaryvip.com\/hu\/wp-json\/wp\/v2\/comments?post=10186"}],"wp:featuredmedia":[{"embeddable":true,"href":"https:\/\/canaryvip.com\/hu\/wp-json\/wp\/v2\/media\/10916"}],"wp:attachment":[{"href":"https:\/\/canaryvip.com\/hu\/wp-json\/wp\/v2\/media?parent=10186"}],"wp:term":[{"taxonomy":"product_brand","embeddable":true,"href":"https:\/\/canaryvip.com\/hu\/wp-json\/wp\/v2\/product_brand?post=10186"},{"taxonomy":"product_cat","embeddable":true,"href":"https:\/\/canaryvip.com\/hu\/wp-json\/wp\/v2\/product_cat?post=10186"},{"taxonomy":"product_tag","embeddable":true,"href":"https:\/\/canaryvip.com\/hu\/wp-json\/wp\/v2\/product_tag?post=10186"}],"curies":[{"name":"wp","href":"https:\/\/api.w.org\/{rel}","templated":true}]}}