{"id":10109,"date":"2024-02-25T19:09:18","date_gmt":"2024-02-25T19:09:18","guid":{"rendered":"https:\/\/canaryvip.com\/?post_type=product&#038;p=10109"},"modified":"2025-11-25T16:28:10","modified_gmt":"2025-11-25T16:28:10","slug":"gulliver-private-yacht-charter-tenerife","status":"publish","type":"product","link":"https:\/\/canaryvip.com\/hu\/shop\/gulliver-private-yacht-charter-tenerife\/","title":{"rendered":"Gulliver: Gulliver: Yacht B\u00e9rl\u00e9s Tenerife"},"content":{"rendered":"<h2><strong>\ud83d\udee5\ufe0f Gulliver Yacht = Felejthetetlen pillanatok<\/strong><\/h2>\n<p>L\u00e9pjen be a tengeri \u00e9lvezetek vil\u00e1g\u00e1ba a Gulliver jachton, Tenerife els\u0151 sz\u00e1m\u00fa csal\u00e1dbar\u00e1t jachtj\u00e1n, amelyet \u00fagy terveztek, hogy az izgalom, a szabadid\u0151 \u00e9s az eml\u00e9kezetes \u00e9lm\u00e9nyek z\u00f6kken\u0151mentes kever\u00e9k\u00e9t k\u00edn\u00e1lja. Ez a 20 m\u00e9teres gy\u00f6ngyszem p\u00e1ratlan tengeri kalandok sz\u00ednhely\u00e9\u00fcl szolg\u00e1l, t\u00f6k\u00e9letes v\u00e1laszt\u00e1s csal\u00e1dok \u00e9s csoportok sz\u00e1m\u00e1ra, akik az \u00f3ce\u00e1ni paradicsom egy exkluz\u00edv szelet\u00e9t keresik.<\/p>\n<h3>\u2b50\ufe0f <strong>Hat\u00e1rtalan \u00f6r\u00f6m \u00e9s k\u00e9nyelem a fed\u00e9lzeten<\/strong><\/h3>\n<p><span style=\"text-decoration: underline;\"><strong>Fedezze fel a Gulliver kiv\u00e9teles tulajdons\u00e1gait:<\/strong><\/span><\/p>\n<ul>\n<li>A t\u00e1gas fed\u00e9lzetet a csal\u00e1dok t\u00f6k\u00e9letes sz\u00f3rakoz\u00e1s\u00e1ra tervezt\u00e9k.<\/li>\n<li>H\u00edvogat\u00f3 napoz\u00f3teraszok a k\u00e9nyelmes naps\u00fct\u00e9s\u00e9rt.<\/li>\n<li>Friss\u00edt\u0151 v\u00edzi j\u00e1t\u00e9kok, k\u00f6zt\u00fck felf\u00fajhat\u00f3 cs\u00faszda, evez\u0151lapok \u00e9s v\u00edz alatti roller minden koroszt\u00e1ly sz\u00e1m\u00e1ra.<\/li>\n<li>Pomp\u00e1s \u00e9tkez\u00e9si lehet\u0151s\u00e9gek a k\u00fcl\u00f6nb\u00f6z\u0151 di\u00e9t\u00e1s ig\u00e9nyeknek megfelel\u0151en, bele\u00e9rtve a glut\u00e9nmentes v\u00e1laszt\u00e9kot is.<\/li>\n<li>Korl\u00e1tlan friss\u00edt\u0151k: \u00fcd\u00edt\u0151k, bor, s\u00f6r, sangria \u00e9s cava, hogy feldobja a tengeri utaz\u00e1st.<\/li>\n<\/ul>\n<h4>\ud83d\udea4 <strong>Induljon el egy felfedez\u0151 \u00fatra<\/strong><\/h4>\n<p>A kaland kezd\u0151dik a <a href=\"https:\/\/www.google.com\/maps\/place\/Puerto+Col%C3%B3n\/@28.078002,-16.7394902,17z\/data=!3m2!4b1!5s0xc6a97433884bdf9:0x76d293b7b99db23a!4m6!3m5!1s0xc6a9743509c9ebf:0xd62345524f768247!8m2!3d28.078002!4d-16.7369153!16s%2Fg%2F11c6cqryw_?entry=ttu\" target=\"_blank\" rel=\"noopener\">Puerto Col\u00f3n<\/a>, Costa Adeje vibr\u00e1l\u00f3 tengeri \u00e9l\u0151vil\u00e1g\u00e1nak sz\u00edv\u00e9ben, ahol a Gulliver v\u00e1rja, hogy egy meghitt, 12 vend\u00e9gre korl\u00e1tozott utaz\u00e1son elrep\u00edtse \u00d6nt. Ez biztos\u00edtja a szem\u00e9lyes \u00e9s exkluz\u00edv \u00e9lm\u00e9nyt, ak\u00e1r n\u00e9h\u00e1ny \u00f3r\u00e1s vitorl\u00e1z\u00e1sra, ak\u00e1r nagy felfedez\u0151\u00fatra indul.<\/p>\n<h4>\ud83c\udf0a <strong>P\u00e1ratlan tenger\u00e9szeti tev\u00e9kenys\u00e9gekben val\u00f3 r\u00e9szv\u00e9tel<\/strong><\/h4>\n<p>Amint a Gulliver fed\u00e9lzet\u00e9re l\u00e9p, a kaland h\u00edvogat. Tenerife var\u00e1zslatos vizei az \u00d6n j\u00e1tsz\u00f3ter\u00e9v\u00e9 v\u00e1lnak, \u00e9s korl\u00e1tlan sz\u00f3rakoz\u00e1si \u00e9s felfedez\u00e9si lehet\u0151s\u00e9get k\u00edn\u00e1lnak. Mer\u00fclj\u00f6n el a tenger friss\u00edt\u0151 \u00f6lel\u00e9s\u00e9ben, lovagolja meg a hull\u00e1mokat egy evez\u0151lapon, vagy fedezze fel a v\u00edz alatti vil\u00e1got a cs\u00facsmin\u0151s\u00e9g\u0171 sznorkelfelszerel\u00e9s\u00fcnkkel. Minden tev\u00e9kenys\u00e9get \u00fagy alak\u00edtottunk ki, hogy a tengeri kaland igaz\u00e1n felejthetetlenn\u00e9 tegye, \u00e9s olyan eml\u00e9keket szerezzen, amelyek egy \u00e9letre sz\u00f3lnak.<\/p>\n<h4>\ud83d\udc2c <strong>Emelt szint\u0171 elegancia kiv\u00e9teles \u00e9rt\u00e9ken<\/strong><\/h4>\n<p>Az CanaryVIP megemeli a <a href=\"https:\/\/canaryvip.com\/hu\/tenerife\/boat-hire-tenerife\/?swcfpc=1\">jacht charter<\/a> \u00e9lm\u00e9nyt a Gulliverrel, amely a pazar luxust verhetetlen \u00e9rt\u00e9kkel \u00f6tv\u00f6zi. Fedezze fel a kalandot, ahol a megfizethet\u0151s\u00e9g tal\u00e1lkozik a kifinomults\u00e1ggal, versenyk\u00e9pes \u00e1rakkal, amelyek magukban foglalj\u00e1k a figyelemre m\u00e9lt\u00f3 tengeri utaz\u00e1shoz sz\u00fcks\u00e9ges \u00f6sszes k\u00e9nyelmet \u00e9s szolg\u00e1ltat\u00e1st.<\/p>\n<h3>\ud83d\udd52 <strong>V\u00e1lassza ki a kalandj\u00e1t: Egynapos charterekt\u0151l a hosszabb tart\u00f3zkod\u00e1sig<\/strong><\/h3>\n<ul>\n<li><b>3,5 \u00f3r\u00e1s charter: <\/b>Sz\u00f3rakoztat\u00f3 \u00e9s egyszer\u0171 m\u00f3dj\u00e1t keresi az \u00f3ce\u00e1n \u00e9lvezet\u00e9nek? Ez a 3,5 \u00f3r\u00e1s priv\u00e1t charter t\u00f6k\u00e9letes csal\u00e1dok vagy csoportok sz\u00e1m\u00e1ra, akik szeretn\u00e9nek egy nyugodt bevezet\u00e9st Tenerife leny\u0171g\u00f6z\u0151 tengerpartj\u00e1hoz. \u00dasszon, sznorkelezzen, \u00e9s \u00e9lvezze a tengeri szell\u0151t, mik\u00f6zben a lehet\u0151 legt\u00f6bbet hozza ki a fed\u00e9lzeti v\u00edzics\u00faszd\u00e1nkb\u00f3l - a gyerekek \u00e9s a feln\u0151ttek kedvence!<\/li>\n<li><b>5 \u00f3r\u00e1s charter: <\/b><span style=\"font-weight: 400;\">T\u00f6bb id\u0151re van sz\u00fcks\u00e9ge a felfedez\u00e9shez? Az 5 \u00f3r\u00e1s charter a kaland \u00e9s a pihen\u00e9s t\u00f6k\u00e9letes egyens\u00faly\u00e1t ny\u00fajtja. A part ment\u00e9n haj\u00f3zik, rejtett \u00f6bl\u00f6kben horgonyozhat, \u00e9s \u00e9lvezheti az \u00fasz\u00e1st, a b\u00fav\u00e1rkod\u00e1st \u00e9s a napoz\u00e1st. Term\u00e9szetesen a v\u00edzi cs\u00faszda mindig k\u00e9szen \u00e1ll egy kis extra sz\u00f3rakoz\u00e1sra a v\u00edzen. Ide\u00e1lis azok sz\u00e1m\u00e1ra, akik a saj\u00e1t temp\u00f3jukban szeretn\u00e9k a dolgokat int\u00e9zni.<\/span><\/li>\n<li><b>7 \u00f3r\u00e1s charter - Kir\u00e1ndul\u00e1s Los Gigantesbe: <\/b><span style=\"font-weight: 400;\">Egy igaz\u00e1n felejthetetlen napot t\u00f6lthet el a tengeren, ha 7 \u00f3r\u00e1s charter\u00fcnk eg\u00e9szen Los Gigantes dr\u00e1mai szikl\u00e1ihoz - Tenerife egyik legikonikusabb term\u00e9szeti csod\u00e1j\u00e1hoz - visz el. \u00datk\u00f6zben b\u0151ven lesz ideje \u00faszni, b\u00fav\u00e1rkodni \u00e9s \u00e9lvezni e l\u00e9legzetel\u00e1ll\u00edt\u00f3 utaz\u00e1s minden szeglet\u00e9t. A fed\u00e9lzeten tal\u00e1lhat\u00f3 v\u00edzics\u00faszda j\u00e1t\u00e9kos csavart ad a dolognak, \u00edgy ez a haj\u00f3 a csoportok, csal\u00e1dok vagy p\u00e1rok sz\u00e1m\u00e1ra is nagy sikert arat, akik Tenerif\u00e9t egy teljesen \u00faj perspekt\u00edv\u00e1b\u00f3l szeretn\u00e9k megismerni.<\/span><\/li>\n<\/ul>\n<h3>\u2705 <strong>Minden, amire sz\u00fcks\u00e9ge van egy t\u00f6k\u00e9letes naphoz a tengeren<\/strong><\/h3>\n<ul>\n<li>Ingyenes \u00ednyenc falatok \u00e9s korl\u00e1tlan italok minden koroszt\u00e1ly sz\u00e1m\u00e1ra.<\/li>\n<li>Tapasztalt, t\u00f6bbnyelv\u0171 leg\u00e9nys\u00e9g, amely k\u00e9szen \u00e1ll arra, hogy minden ig\u00e9ny\u00e9t kiel\u00e9g\u00edtse, bele\u00e9rtve egy elk\u00f6telezett pinc\u00e9rn\u0151t \u00e9s kapit\u00e1nyt.<\/li>\n<li>Teljes b\u00fav\u00e1rfelszerel\u00e9s a v\u00edz alatti kalandokhoz.<\/li>\n<li>VIP-kezel\u00e9s k\u00e9nyelmes \u00fcl\u00e9sekkel \u00e9s b\u0151s\u00e9ges t\u00e9rrel minden vend\u00e9g sz\u00e1m\u00e1ra.<\/li>\n<\/ul>\n<h3>\ud83d\udccd <strong>Indul\u00e1s Puerto Col\u00f3nb\u00f3l: Cololon: A kalandok kapuja<\/strong><\/h3>\n<p>A Costa Adeje ny\u00fczsg\u0151 sz\u00edv\u00e9ben, a 3. kapun\u00e1l tal\u00e1lhat\u00f3 Puerto Col\u00f3n t\u00f6k\u00e9letes kiindul\u00f3pont a Gulliver Yacht \u00e9lm\u00e9ny\u00e9hez. \u00c9rkezzen mind\u00f6ssze 15 perccel a tervezett indul\u00e1s el\u0151tt, hogy z\u00f6kken\u0151mentesen induljon a kaland, \u00e9s a kik\u00f6t\u0151ben k\u00e9nyelmes parkol\u00f3 \u00e1ll rendelkez\u00e9sre a k\u00f6nny\u0171 megk\u00f6zel\u00edt\u00e9s \u00e9rdek\u00e9ben.<\/p>\n<h4>\ud83d\udcdc <strong>K\u00f6nny\u0171 foglal\u00e1s \u00e9s egy\u00e9rtelm\u0171 ir\u00e1nyelvek a nyugalom\u00e9rt<\/strong><\/h4>\n<p>A Gulliver Yacht kalandj\u00e1t \u00fagy tervezt\u00fck, hogy a lehet\u0151 legz\u00f6kken\u0151mentesebb legyen, a foglal\u00e1s pillanat\u00e1t\u00f3l kezdve eg\u00e9szen addig, am\u00edg a fed\u00e9lzetre l\u00e9p. Az CanaryVIP az \u00d6n k\u00e9nyelm\u00e9t \u00e9s biztons\u00e1g\u00e1t helyezi el\u0151t\u00e9rbe, biztos\u00edtva, hogy az utaz\u00e1s minden aspektus\u00e1t tiszt\u00e1n \u00e9s gondosan kezelj\u00fck.<\/p>\n<ul>\n<li><strong>Id\u0151j\u00e1r\u00e1si garancia<\/strong>: Figyelj\u00fck a tengereket a sima haj\u00f3z\u00e1s \u00e9rdek\u00e9ben. Kedvez\u0151tlen k\u00f6r\u00fclm\u00e9nyek eset\u00e9n v\u00e1laszthat az \u00e1t\u00fctemez\u00e9s vagy a teljes visszat\u00e9r\u00edt\u00e9s k\u00f6z\u00f6tt, az \u00d6n biztons\u00e1g\u00e1t \u00e9s el\u00e9gedetts\u00e9g\u00e9t garant\u00e1lva.<\/li>\n<li><strong>Rugalmas lemond\u00e1s<\/strong>: A tervek v\u00e1ltoznak, \u00e9s mi meg\u00e9rtj\u00fck. Az utaz\u00e1s el\u0151tt legfeljebb 5 nappal lemondhatja a foglal\u00e1st, \u00e9s a teljes \u00f6sszeg visszat\u00e9r\u00edt\u00e9sre ker\u00fcl. Kevesebb, mint 5 nappal kor\u00e1bban t\u00f6rt\u00e9n\u0151 lemond\u00e1s vagy meg nem jelen\u00e9s eset\u00e9n sajnos nem \u00e1ll m\u00f3dunkban visszat\u00e9r\u00edteni a foglal\u00e1st. Felh\u00edvjuk figyelm\u00e9t, hogy a teljes befizet\u00e9s 3%-nek megfelel\u0151 \u00f6sszeg\u0171 fizet\u00e9s-feldolgoz\u00e1si d\u00edj semmilyen esetben sem t\u00e9r\u00edthet\u0151 vissza.<\/li>\n<li><strong>Easy Access jegyek<\/strong>: Tartsa k\u00e9zn\u00e9l a besz\u00e1ll\u00f3k\u00e1rty\u00e1j\u00e1t a telefonj\u00e1n vagy kinyomtatva a k\u00e9nyelem \u00e9rdek\u00e9ben. Digit\u00e1lis jegyeink biztos\u00edtj\u00e1k, hogy gond n\u00e9lk\u00fcl indulhasson \u00fatnak.<\/li>\n<li><strong>\u00c1tfog\u00f3 gondoz\u00e1s<\/strong>: Ha rosszul \u00e9rzi mag\u00e1t, vagy \u00fagy d\u00f6nt, hogy id\u0151 el\u0151tt befejezi az utaz\u00e1st, csapatunk k\u00e9szs\u00e9ggel \u00e1ll rendelkez\u00e9s\u00e9re, b\u00e1r ilyen esetekben nem tudunk visszat\u00e9r\u00edt\u00e9st biztos\u00edtani.<\/li>\n<li><strong>Fizet\u00e9si rugalmass\u00e1g<\/strong>: V\u00e1lassza ki az \u00d6nnek megfelel\u0151 fizet\u00e9si m\u00f3dot.<\/li>\n<\/ul>\n<p><strong>\ud83c\udf0a\ud83c\udf1f\ud83d\udee5\ufe0f Foglalja le a Gulliver Yacht \u00e9lm\u00e9ny\u00e9t az CanaryVIP-n\u00e9l m\u00e9g ma, \u00e9s nyissa meg az ajt\u00f3t a felejthetetlen tengeri pillanatokhoz.<\/strong><\/p>","protected":false},"excerpt":{"rendered":"<p><strong>\ud83d\udd0d Gulliver Charter:<\/strong><br \/>\n\u2705 Biztons\u00e1gos fizet\u00e9s.<br \/>\n\ud83d\udd10 Priv\u00e1t t\u00far\u00e1k.<br \/>\n<span>\ud83d\udc65 K\u00f6z\u00f6s t\u00far\u00e1k.<\/span><br \/>\n\ud83d\udee5\ufe0f 20m Yacht Comfort.<br \/>\n\u23f3 Napi 3-9 \u00f3r\u00e1s t\u00far\u00e1k.<br \/>\n\ud83d\udd59 Testreszabhat\u00f3 indul\u00e1si id\u0151k.<br \/>\n\ud83c\udf74 \u00c9tkez\u00e9st \u00e9s italokat tartalmaz.<br \/>\n\ud83d\udc65 Legfeljebb 12 vend\u00e9g.<br \/>\n\ud83e\udd29 Fun Inflatables.<br \/>\n\ud83d\udef6 Kajakok mell\u00e9kelve.<br \/>\n\ud83d\udeb2 Tengeri v\u00edzi ker\u00e9kp\u00e1rok.<br \/>\n\ud83d\udedd V\u00e9gs\u0151 v\u00edzics\u00faszda.<br \/>\n\ud83c\udfc4\u200d\u2640\ufe0f Paddle Boards Included.<br \/>\n\ud83e\udd3f Snorkel felszerel\u00e9s biztos\u00edtott.<br \/>\n\ud83d\udd0a J\u00e1tssza le a zen\u00e9j\u00e9t.<br \/>\n\ud83e\udd11 Garant\u00e1ltan legjobb \u00e1r.<br \/>\n\ud83d\udc6a Kedvezm\u00e9nyek aktiv\u00e1lva.<br \/>\n\ud83d\udd01 Ak\u00e1r 5 napos lemond\u00e1s.<br \/>\n\ud83c\udf0d T\u00f6bbnyelv\u0171 leg\u00e9nys\u00e9g.<br \/>\n\ud83c\udf1f Foglaljon kor\u00e1n \u00e9s takar\u00edtson meg!<br \/>\n\ud83d\udccd Indul\u00e1s a\u00a0<a href=\"https:\/\/maps.app.goo.gl\/ocJuu7A8R1JWjPbS9\">Puerto Colon<\/a>.<\/p>","protected":false},"featured_media":10114,"comment_status":"open","ping_status":"closed","template":"","meta":{"_acf_changed":false},"product_brand":[],"product_cat":[47],"product_tag":[],"class_list":{"0":"post-10109","1":"product","2":"type-product","3":"status-publish","4":"has-post-thumbnail","6":"product_cat-boat-hire-tenerife","7":"wcpa_has_options","9":"first","10":"instock","11":"sale","12":"virtual","13":"purchasable","14":"product-type-simple"},"acf":[],"wcpa_form_fields":{"wcpaData":{"product":{"product_price":895,"price_html":"From&nbsp;<del aria-hidden=\"true\"><span class=\"woocommerce-Price-amount amount\"><bdi>950,00&nbsp;<span class=\"woocommerce-Price-currencySymbol\">&euro;<\/span><\/bdi><\/span><\/del> <span class=\"screen-reader-text\">Az eredeti \u00e1r: 950,00&nbsp;&euro;.<\/span><ins aria-hidden=\"true\"><span class=\"woocommerce-Price-amount amount\"><bdi>895,00&nbsp;<span class=\"woocommerce-Price-currencySymbol\">&euro;<\/span><\/bdi><\/span><\/ins><span class=\"screen-reader-text\">A jelenlegi \u00e1r: 895,00&nbsp;&euro;.<\/span>","original_product_price":950,"price_including_tax":895,"price_excluding_tax":895,"product_id":{"parent":10109,"variation":false},"is_variable":false,"stock_status":"instock","stock_quantity":null,"parent_sku":"CV10109","product_attributes":[],"custom_fields":[],"is_taxable":false,"product_name":"Gulliver: Yacht Hire Tenerife","hasImage":false},"fields":{"sec_96638f078b8951":{"extra":{"key":"sec_96638f078b8951","section_id":"sec_96638f078b8951","name":"Default","status":1,"cl_rule":"show","enableCl":false,"relations":[],"toggle":true,"title_tag":"h3","show_title":false,"showPrice":"default","form_id":11398,"form_rules":{"exclude_from_discount":true,"fee_label":"Fee","disp_hide_options_price":true,"disp_show_section_price":false,"disp_show_field_price":true,"layout_option":"standard","pric_use_as_fee":false,"process_fee_as":"woo_fee"},"layout_option":"standard"},"fields":[[{"label":"\ud83d\udcc5 Date","active":true,"required":true,"elementId":"date_106638f078b8973","picker_type":"custom","picker_mode":"single","placeholder":"","description":"","tooltip":"","name":"date_106638f078b8973","label_position":"default","desc_position":"default","enablePrice":false,"className":"","enableCl":false,"relations":[{"operator":"and","rules":[{"operator":"AND","rules":{"cl_field":"radio-group_565c78ffa81208","cl_relation":"is","cl_val":"3 Hour Trip"}}]}],"date_pic_inline":true,"date_pic_inline_hide":true,"min_date":{"type":"days","val":"1"},"max_date":{"type":"days","val":"365"},"date_pic_conf":{"disabledWeeks":[],"disabledDates":["2024-06-30","2024-07-25","2024-11-28 to 2024-12-04","2025-03-29"]},"price":"","cl_rule":"show","col":6,"type":"date","error":false,"enableDesign":false,"LabelColor":"","gt_translate_keys":["label","placeholder","description","tooltip"],"price_dependency":false,"cl_dependency":false,"value":""}],[{"elementId":"separator_66638f078b898d","separatorType":"blank","className":"","height":"3","enableCl":false,"relations":false,"cl_rule":"show","col":6,"type":"separator","error":false,"gt_translate_keys":[],"price_dependency":false,"cl_dependency":false,"value":""}],[{"active":true,"col":6,"relations":false,"cl_rule":"show","enableCl":false,"price":"","enablePrice":true,"className":"","label_position":"default","desc_position":"default","type":"select","required":true,"elementId":"select_96638f078b8998","label":"\u23f3 Trip Duration","name":"select_96638f078b8998","values":[{"label":"3.5 Hours (895\u20ac)","value":"3","selected":false,"tempId":"aco_556","price":"895","gt_translate_keys":["label"]},{"label":"5 Hours (1.200\u20ac)","value":"5","selected":false,"tempId":"aco_141","price":"1200","gt_translate_keys":["label"]},{"label":"7 Hours (1.750\u20ac)","value":"7","selected":false,"tempId":"aco_151","price":"1750","gt_translate_keys":["label"]}],"dropdown_type":"basic","error":false,"placeholder":"Select Trip Duration","priceOptions":"different_for_all","pricingType":"fixed","is_show_price":false,"gt_translate_keys":["label","placeholder"],"price_dependency":false,"cl_dependency":false,"value":""}],[{"active":true,"col":6,"relations":false,"cl_rule":"show","enableCl":false,"price":"","enablePrice":true,"className":"","label_position":"default","desc_position":"default","type":"select","required":false,"elementId":"select_0041641856","label":"\ud83d\udca6 Add jet-skis?","name":"select_0041641856","values":[{"label":"2 JetSkis for 1 Hour (500\u20ac)","value":"2 x JetSki for 1 Hour","selected":false,"tempId":"aco_2502","price":"500","gt_translate_keys":["label"]},{"label":"1 JetSki for 2 Hours (500\u20ac)","value":"1 x JetSki for 2 Hours","selected":false,"tempId":"aco_2503","price":"500","gt_translate_keys":["label"]},{"label":"2 JetSkis for 2 Hours (800\u20ac)","value":"2 x JetSki for 2 Hours","selected":false,"tempId":"aco_2927","price":"800","gt_translate_keys":["label"]}],"dropdown_type":"basic","error":false,"description":"Private JetSki tour from the boat with a JetSki instructor.","placeholder":"None","priceOptions":"different_for_all","pricingType":"fixed","is_show_price":false,"isWeightTemplate":false,"isTemplate":false,"min_quantity":"1","quantity_decimal":false,"quantity_step":"1","quantity_label":"Quantity","repeater_field_label":"{field_label}","repeater_bind":"","gt_translate_keys":["label","placeholder","description","repeater_field_label","quantity_label"],"price_dependency":false,"cl_dependency":false,"value":""}],[{"elementId":"separator_16638f078b89f1","separatorType":"blank","className":"","height":"1","enableCl":false,"relations":false,"cl_rule":"show","col":6,"type":"separator","error":false,"gt_translate_keys":[],"price_dependency":false,"cl_dependency":false,"value":""}],[{"active":true,"col":6,"relations":[{"operator":false,"rules":[{"operator":"AND","rules":{"cl_field":"radio-group_565c78ffa81208","cl_relation":"is","cl_val":"3 Hour Trip"}}]}],"cl_rule":"show","enableCl":false,"price":"","enablePrice":false,"className":"","label_position":"default","desc_position":"default","type":"select","required":false,"elementId":"select_76638f078b89d4","label":"\u23f0 Departure Time","name":"select_76638f078b89d4","values":[{"label":"10:00","value":"10:00","selected":false,"tempId":"aco_1472","gt_translate_keys":["label"]},{"label":"14:00 (2:00 PM)","value":"14:00","selected":false,"tempId":"aco_1728","gt_translate_keys":["label"]},{"label":"17:30 (5:30 PM)","value":"17:30","selected":false,"tempId":"aco_28","gt_translate_keys":["label"]}],"dropdown_type":"basic","error":false,"placeholder":"Whichever Time is Best","gt_translate_keys":["label","placeholder"],"price_dependency":false,"cl_dependency":false,"value":""}],[{"elementId":"separator-2954713577","separatorType":"blank","className":"","height":"1","enableCl":false,"relations":false,"cl_rule":"show","col":6,"type":"separator","gt_translate_keys":[],"price_dependency":false,"cl_dependency":false,"value":""}],[{"label":"\u2705 Number of People","active":true,"required":true,"elementId":"select_76638f078b89e7","dropdown_type":"basic","placeholder":"Select Number of People","name":"select_76638f078b89e7","label_position":"default","desc_position":"default","enablePrice":true,"className":"","enableCl":false,"relations":[{"operator":false,"rules":[{"operator":"AND","rules":{"cl_field":"radio-group_565c78ffa81208","cl_relation":"is","cl_val":"3 Hour Trip"}}]}],"values":[{"label":"1 person","value":"1","selected":false,"tempId":"aco_1471","gt_translate_keys":["label"]},{"label":"2 people","value":"2","selected":false,"tempId":"aco_1472","gt_translate_keys":["label"]},{"label":"3 people (+10\u20ac)","value":"3","selected":false,"tempId":"aco_1500","price":"10","gt_translate_keys":["label"]},{"label":"4 people (+20\u20ac)","value":"4","selected":false,"tempId":"aco_1510","price":"20","gt_translate_keys":["label"]},{"label":"5 people (+30\u20ac)","value":"5","selected":false,"tempId":"aco_1520","price":"30","gt_translate_keys":["label"]},{"label":"6 people (+40\u20ac)","value":"6","selected":false,"tempId":"aco_1728","price":"40","gt_translate_keys":["label"]},{"label":"7 people (+50\u20ac)","value":"7","selected":false,"tempId":"aco_1738","price":"50","gt_translate_keys":["label"]},{"label":"8 people (+60\u20ac)","value":"8","selected":false,"tempId":"aco_1748","price":"60","gt_translate_keys":["label"]},{"label":"9 people (+70\u20ac)","value":"9","selected":false,"tempId":"aco_1912","price":"70","gt_translate_keys":["label"]},{"label":"10 people (+80\u20ac)","value":"10","selected":false,"tempId":"aco_1922","price":"80","gt_translate_keys":["label"]},{"label":"11 People (+90\u20ac)","value":"11","selected":false,"tempId":"aco_19","price":"90","gt_translate_keys":["label"]},{"label":"12 People (+100\u20ac)","value":"12","selected":false,"tempId":"aco_29","price":"100","gt_translate_keys":["label"]}],"price":"","cl_rule":"show","col":6,"type":"select","error":false,"priceOptions":"different_for_all","pricingType":"fixed","gt_translate_keys":["label","placeholder"],"price_dependency":false,"cl_dependency":false,"value":""}],[{"elementId":"separator_26638f078b89de","separatorType":"blank","className":"","height":"1","enableCl":false,"relations":false,"cl_rule":"show","col":6,"type":"separator","gt_translate_keys":[],"price_dependency":false,"cl_dependency":false,"value":""}]]}},"config":{"price_override":"always","enable_recaptcha":false,"bind_quantity":false,"quantity_bind_formula":false,"disp_summ_show_option_price":true,"disp_summ_show_product_price":false,"disp_summ_show_total_price":true,"disp_summ_show_fee":true,"disp_summ_show_discount":true,"summary_title":"","options_total_label":"Options Price","total_label":"Total Amount","options_product_label":"Product Price","fee_label":"Fee","discount_label":"Discount","has_price":true,"has_quantity_formula":false},"mc_unit":1,"tax_rate":1,"tax_rate_real":1,"discount":{"percentage":0,"fixed":0},"design":{"conf":{"LabelPosition":"above","DescPosition":"above","UploadField":"custom_1","QuantityFieldStyle":"custom_1"},"css":{"LeftLabelWidth":"120px"}},"formulas":{"fmla_1708360988969136756":"(({field.select_56638eb5b235ae.value}>=3)?(1200):(({field.select_56638eb5b235ae.value}>=2)?(850):(({field.select_56638eb5b235ae.value}>=1)?(540):(0))))","fmla_1708364241278155361":"(({field.select_5841412719.value}>=8)?({field.select_5841412719.price}):(({field.select_5841412719.value}>=5)?({field.select_5841412719.price}):(({field.select_5841412719.value}>=3)?({field.select_5841412719.price}):(0))))"},"lookuptables":[],"clones":false,"cartKey":false}},"_links":{"self":[{"href":"https:\/\/canaryvip.com\/hu\/wp-json\/wp\/v2\/product\/10109","targetHints":{"allow":["GET"]}}],"collection":[{"href":"https:\/\/canaryvip.com\/hu\/wp-json\/wp\/v2\/product"}],"about":[{"href":"https:\/\/canaryvip.com\/hu\/wp-json\/wp\/v2\/types\/product"}],"replies":[{"embeddable":true,"href":"https:\/\/canaryvip.com\/hu\/wp-json\/wp\/v2\/comments?post=10109"}],"wp:featuredmedia":[{"embeddable":true,"href":"https:\/\/canaryvip.com\/hu\/wp-json\/wp\/v2\/media\/10114"}],"wp:attachment":[{"href":"https:\/\/canaryvip.com\/hu\/wp-json\/wp\/v2\/media?parent=10109"}],"wp:term":[{"taxonomy":"product_brand","embeddable":true,"href":"https:\/\/canaryvip.com\/hu\/wp-json\/wp\/v2\/product_brand?post=10109"},{"taxonomy":"product_cat","embeddable":true,"href":"https:\/\/canaryvip.com\/hu\/wp-json\/wp\/v2\/product_cat?post=10109"},{"taxonomy":"product_tag","embeddable":true,"href":"https:\/\/canaryvip.com\/hu\/wp-json\/wp\/v2\/product_tag?post=10109"}],"curies":[{"name":"wp","href":"https:\/\/api.w.org\/{rel}","templated":true}]}}