{"id":9195,"date":"2024-01-28T19:23:23","date_gmt":"2024-01-28T19:23:23","guid":{"rendered":"https:\/\/canaryvip.com\/?page_id=9195"},"modified":"2026-03-04T18:17:48","modified_gmt":"2026-03-04T18:17:48","slug":"collaborate-with-canaryvip","status":"publish","type":"page","link":"https:\/\/canaryvip.com\/hu\/collaborate-with-canaryvip\/","title":{"rendered":"Partner az CanaryVIP-vel: Aj\u00e1nlja \u00e9lm\u00e9nyeit a nemzetk\u00f6zi utaz\u00f3knak"},"content":{"rendered":"<p>Legyen az CanaryVIP partnere, \u00e9s mutassa be tev\u00e9kenys\u00e9geit a vil\u00e1g minden t\u00e1j\u00e1r\u00f3l \u00e9rkez\u0151 utaz\u00f3knak. Mivel a platformunk folyamatosan n\u00f6vekszik Tenerife, Gran Canaria, Fuerteventura, Lanzarote, La Palma \u00e9s El Hierro ter\u00fclet\u00e9n, akt\u00edvan keress\u00fck a professzion\u00e1lis tev\u00e9kenys\u00e9gszolg\u00e1ltat\u00f3kkal \u00e9s utaz\u00e1sszervez\u0151kkel val\u00f3 egy\u00fcttm\u0171k\u00f6d\u00e9st.<\/p>\n<p>C\u00e9lunk egyszer\u0171: \u00f6sszek\u00f6tni a magas sz\u00ednvonal\u00fa helyi \u00e9lm\u00e9nyeket a nemzetk\u00f6zi l\u00e1togat\u00f3kkal, akik szeretn\u00e9k felfedezni a Kan\u00e1ri-szigetek legjobbjait.<\/p>\n<h2>T\u00fara- \u00e9s tev\u00e9kenys\u00e9gszervez\u0151k<\/h2>\n<p>Ha kir\u00e1ndul\u00e1sokat, haj\u00f3kir\u00e1ndul\u00e1sokat, szabadt\u00e9ri kalandokat, v\u00edzi sportokat, vezetett \u00e9lm\u00e9nyeket vagy b\u00e1rmilyen egyedi tev\u00e9kenys\u00e9get k\u00edn\u00e1l a Kan\u00e1ri-szigeteken, az CanaryVIP seg\u00edthet abban, hogy sz\u00e9lesebb k\u00f6z\u00f6ns\u00e9get \u00e9rjen el.<\/p>\n<p>A platformunkon kereszt\u00fcl az \u00d6n tev\u00e9kenys\u00e9ge l\u00e1that\u00f3v\u00e1 v\u00e1lhat a nemzetk\u00f6zi utaz\u00f3k k\u00f6r\u00e9ben, akik akt\u00edvan keresik a Kan\u00e1ri-szigeteken val\u00f3 tart\u00f3zkod\u00e1suk sor\u00e1n elv\u00e9gzend\u0151 dolgokat.<\/p>\n<p>Az CanaryVIP-vel val\u00f3 egy\u00fcttm\u0171k\u00f6d\u00e9ssel az \u00d6n tev\u00e9kenys\u00e9ge a k\u00f6vetkez\u0151kb\u0151l profit\u00e1lhat:<\/p>\n<p>- Nagyobb kitetts\u00e9g a nemzetk\u00f6zi l\u00e1togat\u00f3k sz\u00e1m\u00e1ra<br \/>\n- Tov\u00e1bbi foglal\u00e1sok online platformunkon kereszt\u00fcl<br \/>\n- Prom\u00f3ci\u00f3 a digit\u00e1lis marketing csatorn\u00e1inkon kereszt\u00fcl<br \/>\n- Egyszer\u0171 \u00e9s \u00e1tl\u00e1that\u00f3 egy\u00fcttm\u0171k\u00f6d\u00e9si modell<\/p>\n<p>Gondosan kiv\u00e1lasztott partnerekkel dolgozunk egy\u00fctt, akik professzion\u00e1lis, biztons\u00e1gos \u00e9s eml\u00e9kezetes \u00e9lm\u00e9nyeket ny\u00fajtanak a l\u00e1togat\u00f3knak.<\/p>\n<h2>Az egy\u00fcttm\u0171k\u00f6d\u00e9s k\u00f6vetelm\u00e9nyei<\/h2>\n<p>Annak \u00e9rdek\u00e9ben, hogy \u00fcgyfeleink sz\u00e1m\u00e1ra a legjobb \u00e9lm\u00e9nyt biztos\u00edtsuk, olyan \u00fczemeltet\u0151kkel dolgozunk egy\u00fctt, akik megfelelnek a szakmai \u00e9s jogi el\u0151\u00edr\u00e1soknak. Ez mag\u00e1ban foglalja a megfelel\u0151 enged\u00e9lyek megl\u00e9t\u00e9t, a biztos\u00edt\u00e1st \u00e9s adott esetben a helyi el\u0151\u00edr\u00e1sok betart\u00e1s\u00e1t.<\/p>\n<p>Nagyra \u00e9rt\u00e9kelj\u00fck azokat a partnereket, akik megb\u00edzhat\u00f3ak, vil\u00e1gosan kommunik\u00e1lnak, \u00e9s magas szint\u0171 szolg\u00e1ltat\u00e1st ny\u00fajtanak a vend\u00e9gek sz\u00e1m\u00e1ra.<\/p>\n<h2>Tev\u00e9kenys\u00e9gek, amelyeket keres\u00fcnk<\/h2>\n<p>A Kan\u00e1ri-szigeteken a tev\u00e9kenys\u00e9gi szolg\u00e1ltat\u00f3k sz\u00e9les sk\u00e1l\u00e1j\u00e1val szeretn\u00e9nk egy\u00fcttm\u0171k\u00f6dni, t\u00f6bbek k\u00f6z\u00f6tt a k\u00f6vetkez\u0151kkel:<\/p>\n<p>- Haj\u00f3s t\u00far\u00e1k \u00e9s priv\u00e1t jacht charterek<br \/>\n- B\u00e1lna- \u00e9s delfinmegfigyel\u0151 kir\u00e1ndul\u00e1sok<br \/>\n- Jet-ski \u00e9s v\u00edzi sportok<br \/>\n- Quad \u00e9s buggy kalandok<br \/>\n- T\u00far\u00e1z\u00e1s \u00e9s term\u00e9szetj\u00e1r\u00e1s<br \/>\n- Kultur\u00e1lis \u00e9s vezetett \u00e9lm\u00e9nyek<br \/>\n- B\u00fav\u00e1rkod\u00e1s, snorkeling \u00e9s \u00f3ce\u00e1ni tev\u00e9kenys\u00e9gek<\/p>\n<p>Ha olyan egyedi \u00e9lm\u00e9nyt k\u00edn\u00e1l, amelyet a Kan\u00e1ri-szigetekre l\u00e1togat\u00f3k \u00e9lvezn\u00e9nek, \u00f6r\u00f6mmel hallan\u00e1nk \u00d6nr\u0151l.<\/p>\n<h2>N\u00f6velje foglal\u00e1sait az CanaryVIP-vel<\/h2>\n<p>K\u00fcldet\u00e9s\u00fcnk, hogy t\u00e1mogassuk a helyi v\u00e1llalkoz\u00f3kat, mik\u00f6zben megk\u00f6nny\u00edtj\u00fck az utaz\u00f3k sz\u00e1m\u00e1ra, hogy felfedezz\u00e9k \u00e9s lefoglalj\u00e1k a Kan\u00e1ri-szigetek autentikus \u00e9lm\u00e9nyeit.<\/p>\n<p>Ha szeretn\u00e9, hogy kir\u00e1ndul\u00e1sai vagy szolg\u00e1ltat\u00e1sai szerepeljenek az CanaryVIP-n, l\u00e9pjen kapcsolatba csapatunkkal, \u00e9s mes\u00e9ljen nek\u00fcnk tev\u00e9kenys\u00e9g\u00e9r\u0151l.<\/p>\n<p><strong>\u00c9rdekli a k\u00f6z\u00f6s munka? Vegye fel vel\u00fcnk a kapcsolatot m\u00e9g ma, \u00e9s vizsg\u00e1ljuk meg, hogyan tudn\u00e1nk egy\u00fctt fejl\u0151dni.<\/strong><\/p>","protected":false},"excerpt":{"rendered":"<p>Become a partner of CanaryVIP and showcase your activities to travelers from around the world. As our platform continues to grow across Tenerife, Gran Canaria, Fuerteventura, Lanzarote, La Palma, and El Hierro, we are actively looking to collaborate with professional activity providers and tour operators. Our goal is simple: connect high-quality local experiences with international&#8230;<\/p>","protected":false},"author":1,"featured_media":0,"parent":0,"menu_order":0,"comment_status":"closed","ping_status":"closed","template":"","meta":{"_acf_changed":false,"footnotes":""},"class_list":["post-9195","page","type-page","status-publish","hentry"],"acf":[],"_links":{"self":[{"href":"https:\/\/canaryvip.com\/hu\/wp-json\/wp\/v2\/pages\/9195","targetHints":{"allow":["GET"]}}],"collection":[{"href":"https:\/\/canaryvip.com\/hu\/wp-json\/wp\/v2\/pages"}],"about":[{"href":"https:\/\/canaryvip.com\/hu\/wp-json\/wp\/v2\/types\/page"}],"author":[{"embeddable":true,"href":"https:\/\/canaryvip.com\/hu\/wp-json\/wp\/v2\/users\/1"}],"replies":[{"embeddable":true,"href":"https:\/\/canaryvip.com\/hu\/wp-json\/wp\/v2\/comments?post=9195"}],"version-history":[{"count":8,"href":"https:\/\/canaryvip.com\/hu\/wp-json\/wp\/v2\/pages\/9195\/revisions"}],"predecessor-version":[{"id":16786,"href":"https:\/\/canaryvip.com\/hu\/wp-json\/wp\/v2\/pages\/9195\/revisions\/16786"}],"wp:attachment":[{"href":"https:\/\/canaryvip.com\/hu\/wp-json\/wp\/v2\/media?parent=9195"}],"curies":[{"name":"wp","href":"https:\/\/api.w.org\/{rel}","templated":true}]}}