{"id":9191,"date":"2024-01-28T19:00:41","date_gmt":"2024-01-28T19:00:41","guid":{"rendered":"https:\/\/canaryvip.com\/?page_id=9191"},"modified":"2026-03-07T10:38:22","modified_gmt":"2026-03-07T10:38:22","slug":"privacy-policy","status":"publish","type":"page","link":"https:\/\/canaryvip.com\/hu\/privacy-policy\/","title":{"rendered":"Adatv\u00e9delmi ir\u00e1nyelvek"},"content":{"rendered":"<section class=\"l-section wpb_row us_custom_4af741be height_auto\"><div class=\"l-section-h i-cf\"><div class=\"g-cols vc_row via_flex valign_top type_default stacking_default\"><div class=\"vc_col-sm-12 wpb_column vc_column_container\"><div class=\"vc_column-inner us_custom_5cd26a65\"><div class=\"wpb_wrapper\"><div class=\"wpb_text_column\"><div class=\"wpb_wrapper\"><h2>1. Bevezet\u00e9s<\/h2>\n<p>\u00dcdv\u00f6z\u00f6lj\u00fck az CanaryVIP.com oldalon. Az \u00d6n szem\u00e9lyes adatainak \u00e9s mag\u00e1n\u00e9let\u00e9nek v\u00e9delme alapvet\u0151 priorit\u00e1s sz\u00e1munkra. Ez az adatv\u00e9delmi szab\u00e1lyzat ismerteti az \u00e1ltalunk gy\u0171jt\u00f6tt szem\u00e9lyes adatok kateg\u00f3ri\u00e1it, az \u00e1ltalunk haszn\u00e1lt c\u00e9lokat, az adatok megoszt\u00e1s\u00e1nak \u00e9s t\u00e1rol\u00e1s\u00e1nak m\u00f3dj\u00e1t, valamint a biztons\u00e1g \u00e9rdek\u00e9ben alkalmazott biztons\u00e1gi int\u00e9zked\u00e9seket. Minden feldolgoz\u00e1si tev\u00e9kenys\u00e9get az alkalmazand\u00f3 adatv\u00e9delmi jogszab\u00e1lyokkal, k\u00f6zt\u00fck az \u00e1ltal\u00e1nos adatv\u00e9delmi rendelettel (GDPR) \u00f6sszhangban v\u00e9gz\u00fcnk.<\/p>\n<h2>2. Adatkezel\u0151<\/h2>\n<p>A GDPR \u00e9rtelm\u00e9ben az \u00d6n szem\u00e9lyes adatainak feldolgoz\u00e1s\u00e1\u00e9rt felel\u0151s szervezet:<\/p>\n<p><img decoding=\"async\" class=\"alignnone wp-image-15255\" src=\"https:\/\/canaryvip.com\/wp-content\/uploads\/2025\/07\/canaryvipcompany.png\" alt=\"CanaryVIP\" width=\"400\" height=\"145\" srcset=\"https:\/\/canaryvip.com\/wp-content\/uploads\/2025\/07\/canaryvipcompany.png 772w, https:\/\/canaryvip.com\/wp-content\/uploads\/2025\/07\/canaryvipcompany-300x109.png 300w, https:\/\/canaryvip.com\/wp-content\/uploads\/2025\/07\/canaryvipcompany-18x7.png 18w, https:\/\/canaryvip.com\/wp-content\/uploads\/2025\/07\/canaryvipcompany-600x218.png 600w\" sizes=\"(max-width: 400px) 100vw, 400px\" title=\"\"><\/p>\n<h2>3. A feldolgoz\u00e1s jogalapja<\/h2>\n<p>A GDPR 6. cikk\u00e9vel \u00f6sszhangban az CanaryVIP a k\u00f6vetkez\u0151 jogalapokra t\u00e1maszkodik a szem\u00e9lyes adatok feldolgoz\u00e1s\u00e1hoz:<\/p>\n<h3>3.1 A szerz\u0151d\u00e9s teljes\u00edt\u00e9se (6.1.b cikk)<\/h3>\n<p>Szem\u00e9lyes adatokat akkor dolgozunk fel, ha ez sz\u00fcks\u00e9ges az \u00d6nnel k\u00f6t\u00f6tt szerz\u0151d\u00e9s teljes\u00edt\u00e9s\u00e9hez vagy ahhoz, hogy az \u00d6n k\u00e9r\u00e9s\u00e9re l\u00e9p\u00e9seket tegy\u00fcnk a szerz\u0151d\u00e9s megk\u00f6t\u00e9se el\u0151tt. Ez a k\u00f6vetkez\u0151kre terjed ki:<\/p>\n<ul>\n<li>Foglal\u00e1sok feldolgoz\u00e1sa \u00e9s a foglal\u00e1sok kezel\u00e9se.<\/li>\n<li>\u00dcgyf\u00e9lszolg\u00e1lat ny\u00fajt\u00e1sa a lefoglalt szolg\u00e1ltat\u00e1sokkal kapcsolatban.<\/li>\n<li>Lemond\u00e1sok, visszat\u00e9r\u00edt\u00e9sek \u00e9s \u00fatvonalm\u00f3dos\u00edt\u00e1sok kezel\u00e9se.<\/li>\n<\/ul>\n<h3>3.2 Hozz\u00e1j\u00e1rul\u00e1s (6. cikk (1) bekezd\u00e9s a) pont)<\/h3>\n<p>Ahol a t\u00f6rv\u00e9ny el\u0151\u00edrja, a szem\u00e9lyes adatok feldolgoz\u00e1sa el\u0151tt az \u00d6n kifejezett hozz\u00e1j\u00e1rul\u00e1s\u00e1t k\u00e9rj\u00fck be. Ez k\u00fcl\u00f6n\u00f6sen a k\u00f6vetkez\u0151kre vonatkozik:<\/p>\n<ul>\n<li>Prom\u00f3ci\u00f3s e-mailek, h\u00edrlevelek vagy marketingk\u00f6zlem\u00e9nyek k\u00fcld\u00e9se.<\/li>\n<li>Tov\u00e1bbi inform\u00e1ci\u00f3k gy\u0171jt\u00e9se a weboldalunkon tal\u00e1lhat\u00f3 opcion\u00e1lis \u0171rlapokon kereszt\u00fcl.<\/li>\n<\/ul>\n<p>\u00d6n b\u00e1rmikor visszavonhatja a hozz\u00e1j\u00e1rul\u00e1s\u00e1t an\u00e9lk\u00fcl, hogy ez befoly\u00e1soln\u00e1 a visszavon\u00e1s el\u0151tt v\u00e9gzett adatkezel\u00e9s jogszer\u0171s\u00e9g\u00e9t.<\/p>\n<h3>3.3 Jogi k\u00f6telezetts\u00e9g (6. cikk (1) bekezd\u00e9s c) pont)<\/h3>\n<p>Szem\u00e9lyes adatokat kezelhet\u00fcnk az CanaryVIP-re k\u00f6telez\u0151 jogi k\u00f6telezetts\u00e9geknek val\u00f3 megfelel\u00e9s \u00e9rdek\u00e9ben, bele\u00e9rtve:<\/p>\n<ul>\n<li>A sz\u00e1ml\u00e1z\u00e1ssal \u00e9s tranzakci\u00f3kkal kapcsolatos ad\u00f3- \u00e9s p\u00e9nz\u00fcgyi el\u0151\u00edr\u00e1sok.<\/li>\n<li>Fogyaszt\u00f3v\u00e9delmi jogszab\u00e1lyok.<\/li>\n<li>Hat\u00f3s\u00e1gok vagy b\u0171n\u00fcld\u00f6z\u0151 szervek t\u00f6rv\u00e9nyes megkeres\u00e9seire val\u00f3 v\u00e1laszad\u00e1s.<\/li>\n<\/ul>\n<h3>3.4 Jogos \u00e9rdek (6.1.f cikk)<\/h3>\n<p>Az adatokat jogos \u00fczleti \u00e9rdekeink alapj\u00e1n kezelhetj\u00fck, felt\u00e9ve, hogy az \u00d6n jogai \u00e9s szabads\u00e1gai nem \u00edrj\u00e1k fel\u00fcl ezeket az \u00e9rdekeket. Ilyen p\u00e9ld\u00e1ul:<\/p>\n<ul>\n<li>Szolg\u00e1ltat\u00e1saink jav\u00edt\u00e1sa az \u00fcgyfelek visszajelz\u00e9sei \u00e9s elemz\u00e9sei r\u00e9v\u00e9n.<\/li>\n<li>Csal\u00e1smegel\u0151z\u00e9s \u00e9s kiberbiztons\u00e1g.<\/li>\n<li>\u00c1ltal\u00e1nos megkeres\u00e9sek \u00e9s \u00fcgyf\u00e9lszolg\u00e1lati k\u00e9r\u00e9sek megv\u00e1laszol\u00e1sa.<\/li>\n<\/ul>\n<p>\u00d6n b\u00e1rmikor jogosult tiltakozni a jogos \u00e9rdeken alapul\u00f3 adatkezel\u00e9s ellen. E jog\u00e1nak gyakorl\u00e1s\u00e1hoz l\u00e9pjen kapcsolatba vel\u00fcnk a k\u00f6vetkez\u0151 c\u00edmen <strong><a href=\"mailto:info@canaryvip.com\">info@canaryvip.com<\/a><\/strong>.<\/p>\n<hr \/>\n<h2>4. Az \u00e1ltalunk gy\u0171jt\u00f6tt inform\u00e1ci\u00f3k \u00e9s felhaszn\u00e1l\u00e1suk m\u00f3dja<\/h2>\n<h3>4.1 A szem\u00e9lyes adatok kateg\u00f3ri\u00e1i<\/h3>\n<p>A k\u00f6vetkez\u0151 t\u00edpus\u00fa szem\u00e9lyes adatokat gy\u0171jthetj\u00fck \u00e9s dolgozhatjuk fel:<\/p>\n<ul>\n<li><strong>Szem\u00e9lyazonoss\u00e1gi adatok:<\/strong> N\u00e9v, vezet\u00e9kn\u00e9v, sz\u00fclet\u00e9si d\u00e1tum.<\/li>\n<li><strong>Kapcsolattart\u00e1si adatok:<\/strong> E-mail c\u00edm, telefonsz\u00e1m.<\/li>\n<li><strong>Foglal\u00e1si adatok:<\/strong> A kir\u00e1ndul\u00e1s r\u00e9szletei, foglal\u00e1si inform\u00e1ci\u00f3k \u00e9s a kapcsol\u00f3d\u00f3 kifizet\u00e9sek.<\/li>\n<li><strong>Kommunik\u00e1ci\u00f3s adatok:<\/strong> E-mailek, \u00fczenetek \u00e9s az \u00fcgyf\u00e9lszolg\u00e1lati interakci\u00f3k feljegyz\u00e9sei.<\/li>\n<li><strong>Tranzakci\u00f3s adatok:<\/strong> Fizet\u00e9si inform\u00e1ci\u00f3k biztons\u00e1gos feldolgoz\u00e1sa harmadik f\u00e9l fizet\u00e9si szolg\u00e1ltat\u00f3kon kereszt\u00fcl.<\/li>\n<\/ul>\n<h3>4.2 Az adatkezel\u00e9s c\u00e9ljai<\/h3>\n<p>Az \u00e1ltalunk gy\u0171jt\u00f6tt szem\u00e9lyes adatokat a k\u00f6vetkez\u0151 c\u00e9lokra haszn\u00e1ljuk fel:<\/p>\n<ul>\n<li>Foglal\u00e1sok \u00e9s foglal\u00e1sok feldolgoz\u00e1sa \u00e9s kezel\u00e9se.<\/li>\n<li>\u00dcgyf\u00e9lszolg\u00e1lat biztos\u00edt\u00e1sa a kir\u00e1ndul\u00e1sok el\u0151tt, alatt \u00e9s ut\u00e1n.<\/li>\n<li>Szolg\u00e1ltat\u00e1ssal kapcsolatos kommunik\u00e1ci\u00f3 k\u00fcld\u00e9se (visszaigazol\u00e1sok, eml\u00e9keztet\u0151k, friss\u00edt\u00e9sek).<\/li>\n<li>Jogi \u00e9s szab\u00e1lyoz\u00e1si k\u00f6telezetts\u00e9gek teljes\u00edt\u00e9se.<\/li>\n<\/ul>\n<hr \/>\n<h2>5. Adatmegoszt\u00e1s \u00e9s adatmeg\u0151rz\u00e9s<\/h2>\n<h3>5.1 Mikor osztjuk meg az adatokat<\/h3>\n<p>Szem\u00e9lyes adatokat csak akkor osztunk meg, ha az felt\u00e9tlen\u00fcl sz\u00fcks\u00e9ges, \u00e9s mindig a GDPR-nak megfelel\u0151en. A c\u00edmzettek k\u00f6z\u00e9 tartozhatnak:<\/p>\n<ul>\n<li><strong>Fizet\u00e9si feldolgoz\u00f3k:<\/strong> A tranzakci\u00f3k biztons\u00e1gos feldolgoz\u00e1sa. (pl. Stripe, PayPal).<\/li>\n<li><strong>Szab\u00e1lyoz\u00f3 hat\u00f3s\u00e1gok:<\/strong> Ha a k\u00f6zz\u00e9t\u00e9telt t\u00f6rv\u00e9ny \u00edrja el\u0151.<\/li>\n<li><strong>Szolg\u00e1ltat\u00f3k:<\/strong> Csal\u00e1smegel\u0151z\u00e9s, biztons\u00e1g \u00e9s m\u0171k\u00f6d\u00e9si t\u00e1mogat\u00e1s.<\/li>\n<\/ul>\n<p>A s\u00fctik \u00e9s a nyomk\u00f6vet\u0151 technol\u00f3gi\u00e1k \u00e1ltal megosztott adatokkal kapcsolatos inform\u00e1ci\u00f3k\u00e9rt k\u00e9rj\u00fck, olvassa el a k\u00f6vetkez\u0151 weboldalunkat <strong><a href=\"https:\/\/canaryvip.com\/hu\/cookie-policy\/\" target=\"_blank\" rel=\"noopener\">Cookie szab\u00e1lyzat<\/a><\/strong>.<\/p>\n<h3>5.2 Nemzetk\u00f6zi adattov\u00e1bb\u00edt\u00e1sok<\/h3>\n<p>Szolg\u00e1ltat\u00e1saink ny\u00fajt\u00e1sa \u00e9rdek\u00e9ben az CanaryVIP szem\u00e9lyes adatokat oszthat meg az Eur\u00f3pai Gazdas\u00e1gi T\u00e9rs\u00e9gen (EGT) k\u00edv\u00fcl tal\u00e1lhat\u00f3 harmadik f\u00e9l szolg\u00e1ltat\u00f3kkal. Ha erre sor ker\u00fcl, megfelel\u0151 jogi biztos\u00edt\u00e9kok r\u00e9v\u00e9n biztos\u00edtjuk a GDPR 44-50. cikk\u00e9nek val\u00f3 megfelel\u00e9st:<\/p>\n<ul>\n<li>Egyes szolg\u00e1ltat\u00f3k, k\u00f6zt\u00fck <strong>Google, Meta (Facebook \u00e9s Instagram) \u00e9s TikTok<\/strong>, sz\u00e9khelye az Egyes\u00fclt \u00c1llamokban van, \u00e9s r\u00e9szt vesznek a <strong>Az EU \u00e9s az USA k\u00f6z\u00f6tti adatv\u00e9delmi keretrendszer (DPF)<\/strong>.<\/li>\n<li>A DPF \u00e1ltal nem fedezett szolg\u00e1ltat\u00f3k eset\u00e9ben, mint p\u00e9ld\u00e1ul <strong>Stripe \u00e9s PayPal<\/strong>, t\u00e1maszkodunk <strong>Szabv\u00e1nyos szerz\u0151d\u00e9si felt\u00e9telek (SCC)<\/strong> az Eur\u00f3pai Bizotts\u00e1g \u00e1ltal j\u00f3v\u00e1hagyott, a megfelel\u0151 szint\u0171 adatv\u00e9delem garant\u00e1l\u00e1s\u00e1ra szolg\u00e1l\u00f3 rendszer.<\/li>\n<\/ul>\n<p>Ha k\u00e9rd\u00e9se van a nemzetk\u00f6zi adattov\u00e1bb\u00edt\u00e1ssal kapcsolatban, k\u00e9rj\u00fck, l\u00e9pjen kapcsolatba vel\u00fcnk a k\u00f6vetkez\u0151 c\u00edmen <strong><a href=\"mailto:info@canaryvip.com\">info@canaryvip.com<\/a><\/strong>.<\/p>\n<h3>5.3 Mennyi ideig t\u00e1roljuk az \u00d6n adatait<\/h3>\n<ul>\n<li>A szem\u00e9lyes adatokat csak addig \u0151rizz\u00fck meg, am\u00edg az e szab\u00e1lyzatban le\u00edrt c\u00e9lok teljes\u00edt\u00e9s\u00e9hez sz\u00fcks\u00e9ges.<\/li>\n<li>A foglal\u00e1si nyilv\u00e1ntart\u00e1st legal\u00e1bb <strong>5 \u00e9v<\/strong> a jogi \u00e9s ad\u00f3z\u00e1si k\u00f6telezetts\u00e9geknek val\u00f3 megfelel\u00e9s.<\/li>\n<li>\u00d6n b\u00e1rmikor k\u00e9rheti adatai t\u00f6rl\u00e9s\u00e9t, az esetlegesen alkalmazand\u00f3 jogi meg\u0151rz\u00e9si k\u00f6vetelm\u00e9nyekre is figyelemmel.<\/li>\n<\/ul>\n<hr \/>\n<h2>6. Adatbiztons\u00e1g<\/h2>\n<p>Technikai \u00e9s szervez\u00e9si int\u00e9zked\u00e9seket alkalmazunk a szem\u00e9lyes adatok jogosulatlan hozz\u00e1f\u00e9r\u00e9s, elveszt\u00e9s, megv\u00e1ltoztat\u00e1s vagy nyilv\u00e1noss\u00e1gra hozatal elleni v\u00e9delme \u00e9rdek\u00e9ben. Ezek az int\u00e9zked\u00e9sek a k\u00f6vetkez\u0151k:<\/p>\n<ul>\n<li><strong>SSL\/TLS titkos\u00edt\u00e1s:<\/strong> A weboldalunkon kereszt\u00fcl tov\u00e1bb\u00edtott \u00f6sszes adatot titkos\u00edtjuk a sz\u00e1ll\u00edt\u00e1s sor\u00e1n.<\/li>\n<li><strong>Cloudflare v\u00e9delem:<\/strong> A Cloudflare biztons\u00e1gi szolg\u00e1ltat\u00e1sait haszn\u00e1ljuk, bele\u00e9rtve a DDoS-cs\u00f6kkent\u00e9st, a webes alkalmaz\u00e1s t\u0171zfalat \u00e9s a bot-sz\u0171r\u00e9st.<\/li>\n<li><strong>Hozz\u00e1f\u00e9r\u00e9s-ellen\u0151rz\u00e9s:<\/strong> Az \u00e9rz\u00e9keny adatokhoz csak a jogosults\u00e1ggal rendelkez\u0151, jogos sz\u00fcks\u00e9gletekkel rendelkez\u0151 szem\u00e9lyzet f\u00e9rhet hozz\u00e1.<\/li>\n<li><strong>Adatminimaliz\u00e1l\u00e1s:<\/strong> Csak a felt\u00e9tlen\u00fcl sz\u00fcks\u00e9ges szem\u00e9lyes adatokat gy\u0171jtj\u00fck \u00e9s t\u00e1roljuk.<\/li>\n<\/ul>\n<hr \/>\n<h2>7. Az \u00d6n GDPR szerinti jogai<\/h2>\n<p>Az \u00e1ltal\u00e1nos adatv\u00e9delmi rendelet a k\u00f6vetkez\u0151 jogokat biztos\u00edtja \u00d6nnek szem\u00e9lyes adatai felett:<\/p>\n<ul>\n<li><strong>Hozz\u00e1f\u00e9r\u00e9si jog:<\/strong> \u00d6n meger\u0151s\u00edt\u00e9st k\u00e9rhet arr\u00f3l, hogy kezelj\u00fck-e az \u00d6n adatait, \u00e9s m\u00e1solatot kaphat azokr\u00f3l.<\/li>\n<li><strong>A helyesb\u00edt\u00e9shez val\u00f3 jog:<\/strong> K\u00e9rheti az \u00d6nr\u0151l t\u00e1rolt pontatlan vagy hi\u00e1nyos adatok helyesb\u00edt\u00e9s\u00e9t.<\/li>\n<li><strong>T\u00f6rl\u00e9shez val\u00f3 jog:<\/strong> \u00d6n k\u00e9rheti t\u0151l\u00fcnk szem\u00e9lyes adatainak t\u00f6rl\u00e9s\u00e9t, az alkalmazand\u00f3 jogi meg\u0151rz\u00e9si k\u00f6telezetts\u00e9gekre is figyelemmel.<\/li>\n<li><strong>Korl\u00e1toz\u00e1shoz val\u00f3 jog:<\/strong> \u00d6n k\u00e9rheti, hogy bizonyos k\u00f6r\u00fclm\u00e9nyek k\u00f6z\u00f6tt korl\u00e1tozzuk az adatai feldolgoz\u00e1s\u00e1nak m\u00f3dj\u00e1t.<\/li>\n<li><strong>Tiltakoz\u00e1si jog:<\/strong> \u00d6n tiltakozhat a jogos \u00e9rdek alapj\u00e1n v\u00e9gzett adatkezel\u00e9s ellen.<\/li>\n<li><strong>Az adathordozhat\u00f3s\u00e1ghoz val\u00f3 jog:<\/strong> \u00d6n k\u00e9rheti adatainak m\u00e1solat\u00e1t struktur\u00e1lt, \u00e1ltal\u00e1nosan haszn\u00e1lt \u00e9s g\u00e9ppel olvashat\u00f3 form\u00e1tumban.<\/li>\n<\/ul>\n<p>Ezen jogok b\u00e1rmelyik\u00e9nek gyakorl\u00e1s\u00e1hoz l\u00e9pjen kapcsolatba vel\u00fcnk a k\u00f6vetkez\u0151 c\u00edmen <strong><a href=\"mailto:info@canaryvip.com\">info@canaryvip.com<\/a><\/strong>.<\/p>\n<hr \/>\n<h2>8. A jelen szab\u00e1lyzat m\u00f3dos\u00edt\u00e1sai<\/h2>\n<p>Szolg\u00e1ltat\u00e1saink ig\u00e9nybev\u00e9tel\u00e9vel \u00d6n hozz\u00e1j\u00e1rul szem\u00e9lyes adatainak a jelen szab\u00e1lyzatban le\u00edrtak szerinti gy\u0171jt\u00e9s\u00e9hez \u00e9s felhaszn\u00e1l\u00e1s\u00e1hoz.<\/p>\n<p>Az CanaryVIP fenntartja a jogot, hogy b\u00e1rmikor friss\u00edtse ezt az Adatv\u00e9delmi szab\u00e1lyzatot. A v\u00e1ltoz\u00e1sokat ezen az oldalon k\u00f6zz\u00e9tessz\u00fck. Javasoljuk, hogy rendszeresen tekintse \u00e1t ezt a szab\u00e1lyzatot, hogy t\u00e1j\u00e9kozott maradjon.<\/p>\n<p><strong>Ez az Adatv\u00e9delmi szab\u00e1lyzat nem terjed ki a s\u00fctik vagy a nyomk\u00f6vet\u0151 technol\u00f3gi\u00e1k haszn\u00e1lat\u00e1ra. K\u00e9rj\u00fck, olvassa el a <a href=\"https:\/\/canaryvip.com\/hu\/cookie-policy\/\" target=\"_blank\" rel=\"noopener\">Cookie szab\u00e1lyzat<\/a> az eml\u00edtett t\u00e9m\u00e1kkal kapcsolatos r\u00e9szletek\u00e9rt.<\/strong><\/p>\n<hr \/>\n<h2>9. Kapcsolat<\/h2>\n<p>Ha b\u00e1rmilyen k\u00e9rd\u00e9se van a jelen Adatv\u00e9delmi ir\u00e1nyelvekkel vagy azzal kapcsolatban, hogy hogyan kezelj\u00fck szem\u00e9lyes adatait, a k\u00f6vetkez\u0151 c\u00edmen \u00e9rhet el minket:<\/p>\n<p>\ud83d\udce7 <strong>E-mail:<\/strong> <a href=\"mailto:info@canaryvip.com\">info@canaryvip.com<\/a><br \/>\n\ud83c\udf0d <strong>Weboldal:<\/strong> <a href=\"https:\/\/canaryvip.com\/hu\/\" target=\"_blank\" rel=\"noopener\">www.canaryvip.com<\/a><\/p>\n<\/div><\/div><\/div><\/div><\/div><\/div><\/div><\/section>","protected":false},"excerpt":{"rendered":"1. Introduction Welcome to CanaryVIP.com. The protection of your personal data and your privacy are fundamental priorities for us. This Privacy Policy describes the categories of personal information we collect, the purposes for which we use it, how we share and store it, and the security measures we apply to keep it safe. All processing...","protected":false},"author":1,"featured_media":0,"parent":0,"menu_order":0,"comment_status":"closed","ping_status":"closed","template":"","meta":{"_acf_changed":false,"footnotes":""},"class_list":["post-9191","page","type-page","status-publish","hentry"],"acf":[],"_links":{"self":[{"href":"https:\/\/canaryvip.com\/hu\/wp-json\/wp\/v2\/pages\/9191","targetHints":{"allow":["GET"]}}],"collection":[{"href":"https:\/\/canaryvip.com\/hu\/wp-json\/wp\/v2\/pages"}],"about":[{"href":"https:\/\/canaryvip.com\/hu\/wp-json\/wp\/v2\/types\/page"}],"author":[{"embeddable":true,"href":"https:\/\/canaryvip.com\/hu\/wp-json\/wp\/v2\/users\/1"}],"replies":[{"embeddable":true,"href":"https:\/\/canaryvip.com\/hu\/wp-json\/wp\/v2\/comments?post=9191"}],"version-history":[{"count":18,"href":"https:\/\/canaryvip.com\/hu\/wp-json\/wp\/v2\/pages\/9191\/revisions"}],"predecessor-version":[{"id":16863,"href":"https:\/\/canaryvip.com\/hu\/wp-json\/wp\/v2\/pages\/9191\/revisions\/16863"}],"wp:attachment":[{"href":"https:\/\/canaryvip.com\/hu\/wp-json\/wp\/v2\/media?parent=9191"}],"curies":[{"name":"wp","href":"https:\/\/api.w.org\/{rel}","templated":true}]}}