{"id":14018,"date":"2025-03-20T01:29:58","date_gmt":"2025-03-20T01:29:58","guid":{"rendered":"https:\/\/canaryvip.com\/?page_id=14018"},"modified":"2026-03-07T10:04:29","modified_gmt":"2026-03-07T10:04:29","slug":"cookie-policy","status":"publish","type":"page","link":"https:\/\/canaryvip.com\/hu\/cookie-policy\/","title":{"rendered":"Cookie szab\u00e1lyzat"},"content":{"rendered":"<section class=\"l-section wpb_row us_custom_5cd26a65 height_auto\"><div class=\"l-section-h i-cf\"><div class=\"g-cols vc_row via_flex valign_top type_default stacking_default\"><div class=\"vc_col-sm-12 wpb_column vc_column_container\"><div class=\"vc_column-inner\"><div class=\"wpb_wrapper\"><div class=\"wpb_text_column\"><div class=\"wpb_wrapper\"><h2>1. Mire terjed ki ez a biztos\u00edt\u00e1si k\u00f6tv\u00e9ny<\/h2>\n<p>Ez a Cookie-szab\u00e1lyzat elmagyar\u00e1zza, hogy az CanaryVIP.com hogyan haszn\u00e1lja a cookie-kat \u00e9s hasonl\u00f3 nyomon k\u00f6vet\u00e9si technol\u00f3gi\u00e1kat, amikor \u00d6n megl\u00e1togatja a weboldalunkat. Azzal, hogy tov\u00e1bbra is b\u00f6ng\u00e9szi oldalunkat, \u00d6n elfogadja a cookie-k haszn\u00e1lat\u00e1t a jelen dokumentumban le\u00edrtak szerint.<\/p>\n<p>A s\u00fctik olyan kis sz\u00f6veges f\u00e1jlok, amelyek egy weboldal megl\u00e1togat\u00e1sakor ker\u00fclnek az \u00d6n eszk\u00f6z\u00e9re. Ezek k\u00fcl\u00f6nb\u00f6z\u0151 c\u00e9lokat szolg\u00e1lnak: a b\u00f6ng\u00e9sz\u00e9si \u00e9lm\u00e9ny jav\u00edt\u00e1s\u00e1t, a webhely haszn\u00e1lat\u00e1nak elemz\u00e9s\u00e9t, \u00e9s lehet\u0151v\u00e9 teszik sz\u00e1munkra, hogy relev\u00e1nsabb tartalmat ny\u00fajtsunk. Egyes s\u00fctik felt\u00e9tlen\u00fcl sz\u00fcks\u00e9gesek ahhoz, hogy a weboldal egy\u00e1ltal\u00e1n m\u0171k\u00f6dj\u00f6n.<\/p>\n<hr \/>\n<h2>2. Az \u00e1ltalunk haszn\u00e1lt s\u00fctik t\u00edpusai<\/h2>\n<h3>2.1 Alapvet\u0151 s\u00fctik (szigor\u00faan sz\u00fcks\u00e9gesek)<\/h3>\n<p>Ezek a s\u00fctik n\u00e9lk\u00fcl\u00f6zhetetlenek weboldalunk alapvet\u0151 funkci\u00f3ihoz. Olyan alapvet\u0151 funkci\u00f3kat tesznek lehet\u0151v\u00e9, mint az oldalmozg\u00e1s, a biztons\u00e1gos ter\u00fcletekhez val\u00f3 hozz\u00e1f\u00e9r\u00e9s \u00e9s a fizet\u00e9s feldolgoz\u00e1sa. A weboldal n\u00e9lk\u00fcl\u00fck nem tud megfelel\u0151en m\u0171k\u00f6dni, \u00e9s nem lehet letiltani \u0151ket.<\/p>\n<h3>2.2 Analytics s\u00fctik<\/h3>\n<p>Az analitikai s\u00fctik lehet\u0151v\u00e9 teszik sz\u00e1munkra, hogy meg\u00e9rts\u00fck, hogyan l\u00e9pnek kapcsolatba a l\u00e1togat\u00f3k a weboldalunkkal. Seg\u00edtenek a tartalom teljes\u00edtm\u00e9ny\u00e9nek m\u00e9r\u00e9s\u00e9ben, a haszn\u00e1lati mint\u00e1k azonos\u00edt\u00e1s\u00e1ban \u00e9s az \u00e1ltal\u00e1nos felhaszn\u00e1l\u00f3i \u00e9lm\u00e9ny jav\u00edt\u00e1s\u00e1ban. Haszn\u00e1ljuk <strong>Google Analytics<\/strong> erre a c\u00e9lra (<a href=\"https:\/\/policies.google.com\/privacy\" target=\"_blank\" rel=\"noopener\">Google adatv\u00e9delmi ir\u00e1nyelvek<\/a>).<\/p>\n<h3>2.3 Rekl\u00e1m \u00e9s marketing s\u00fctik<\/h3>\n<p>Ezek a s\u00fctik az\u00e9rt ker\u00fclnek elhelyez\u00e9sre, hogy az \u00d6n b\u00f6ng\u00e9sz\u00e9si tev\u00e9kenys\u00e9ge alapj\u00e1n az \u00d6n \u00e9rdekl\u0151d\u00e9si k\u00f6r\u00e9nek megfelel\u0151 hirdet\u00e9seket jelen\u00edtsenek meg. Harmadik f\u00e9l hirdet\u00e9si platformokkal dolgozunk egy\u00fctt, t\u00f6bbek k\u00f6z\u00f6tt <strong>Google hirdet\u00e9sek<\/strong>, <strong>Meta (Facebook \u00e9s Instagram)<\/strong>, \u00e9s <strong>TikTok hirdet\u00e9sek<\/strong> szem\u00e9lyre szabott rekl\u00e1mok kiszolg\u00e1l\u00e1sa. A Meta adatkezel\u00e9si gyakorlat\u00e1t a k\u00f6vetkez\u0151 weboldalon tekintheti meg <a href=\"https:\/\/www.facebook.com\/privacy\/policy\" target=\"_blank\" rel=\"noopener\">Adatv\u00e9delmi ir\u00e1nyelvek<\/a>.<\/p>\n<h3>2.4 Preferencia s\u00fctik<\/h3>\n<p>A preferencias\u00fctik eml\u00e9keznek az \u00d6n \u00e1ltal az oldalunkon tett v\u00e1laszt\u00e1sokra, mint p\u00e9ld\u00e1ul a nyelv, a p\u00e9nznem, a helymeghat\u00e1roz\u00e1si be\u00e1ll\u00edt\u00e1sok, a prefer\u00e1lt fizet\u00e9si m\u00f3d vagy az akt\u00edv bejelentkez\u00e9si munkamenet. Ezek lehet\u0151v\u00e9 teszik sz\u00e1munkra, hogy szem\u00e9lyre szabottabb \u00e9lm\u00e9nyt ny\u00fajtsunk a visszat\u00e9r\u0151 l\u00e1togat\u00e1sok alkalm\u00e1val.<\/p>\n<hr \/>\n<h2>3. Hogyan szerezz\u00fck be az \u00d6n hozz\u00e1j\u00e1rul\u00e1s\u00e1t<\/h2>\n<p>Amikor el\u0151sz\u00f6r l\u00e1togat el weboldalunkra, egy cookie-banner jelenik meg, amely a k\u00f6vetkez\u0151 lehet\u0151s\u00e9geket k\u00edn\u00e1lja \u00d6nnek:<\/p>\n<ul>\n<li><strong>Minden cookie elfogad\u00e1sa<\/strong> a teljes k\u00f6r\u0171 funkcionalit\u00e1s \u00e9s szem\u00e9lyre szabhat\u00f3s\u00e1g \u00e9rdek\u00e9ben.<\/li>\n<li><strong>Nem alapvet\u0151 fontoss\u00e1g\u00fa s\u00fctik elutas\u00edt\u00e1sa<\/strong> hogy a nyomon k\u00f6vet\u00e9st csak a felt\u00e9tlen\u00fcl sz\u00fcks\u00e9gesre korl\u00e1tozza.<\/li>\n<li><strong>Testreszabhatja a preferenci\u00e1it<\/strong> hogy pontosan kiv\u00e1laszthassa, mely s\u00fctik kateg\u00f3ri\u00e1it enged\u00e9lyezi.<\/li>\n<\/ul>\n<p>A cookie-be\u00e1ll\u00edt\u00e1sait b\u00e1rmikor megv\u00e1ltoztathatja a <strong>\u201cCookie be\u00e1ll\u00edt\u00e1sok\u201d<\/strong> weboldalunk l\u00e1bl\u00e9c\u00e9ben tal\u00e1lhat\u00f3 linket.<\/p>\n<hr \/>\n<h2>4. A s\u00fctik kezel\u00e9se \u00e9s t\u00f6rl\u00e9se<\/h2>\n<p>A legt\u00f6bb b\u00f6ng\u00e9sz\u0151 lehet\u0151v\u00e9 teszi a s\u00fctik ellen\u0151rz\u00e9s\u00e9t vagy blokkol\u00e1s\u00e1t a be\u00e1ll\u00edt\u00e1sokon kereszt\u00fcl. Az al\u00e1bbiakban k\u00f6zvetlen linkek tal\u00e1lhat\u00f3k a leggyakoribb b\u00f6ng\u00e9sz\u0151k cookie-kezel\u00e9si utas\u00edt\u00e1saihoz:<\/p>\n<ul>\n<li><strong>Google Chrome:<\/strong> <a href=\"https:\/\/support.google.com\/accounts\/answer\/32050\" target=\"_blank\" rel=\"noopener\">S\u00fctik kezel\u00e9se<\/a><\/li>\n<li><strong>Mozilla Firefox:<\/strong> <a href=\"https:\/\/support.mozilla.org\/en-US\/kb\/enable-and-disable-cookies-website-preferences\" target=\"_blank\" rel=\"noopener\">S\u00fctik kezel\u00e9se<\/a><\/li>\n<li><strong>Szafari:<\/strong> <a href=\"https:\/\/support.apple.com\/en-us\/HT201265\" target=\"_blank\" rel=\"noopener\">S\u00fctik kezel\u00e9se<\/a><\/li>\n<li><strong>Microsoft Edge:<\/strong> <a href=\"https:\/\/support.microsoft.com\/en-us\/help\/4027947\/microsoft-edge-delete-cookies\" target=\"_blank\" rel=\"noopener\">S\u00fctik kezel\u00e9se<\/a><\/li>\n<\/ul>\n<p>Ha kifejezetten a Google Analytics nyomon k\u00f6vet\u00e9s\u00e9t szeretn\u00e9 letiltani, akkor ezt itt teheti meg: <a href=\"https:\/\/tools.google.com\/dlpage\/gaoptout\" target=\"_blank\" rel=\"noopener\">Google Analytics Opt-Out b\u00f6ng\u00e9sz\u0151 kieg\u00e9sz\u00edt\u0151<\/a>.<\/p>\n<hr \/>\n<h2>5. Harmadik f\u00e9lt\u0151l sz\u00e1rmaz\u00f3 s\u00fctik<\/h2>\n<p>Egyes, a weboldalunkba integr\u00e1lt harmadik f\u00e9lt\u0151l sz\u00e1rmaz\u00f3 szolg\u00e1ltat\u00e1sok saj\u00e1t s\u00fctiket helyezhetnek el az \u00d6n eszk\u00f6z\u00e9n. Ezek a szolg\u00e1ltat\u00e1sok a k\u00f6vetkez\u0151k:<\/p>\n<ul>\n<li><strong>Google Analytics<\/strong> (<a href=\"https:\/\/policies.google.com\/privacy\" target=\"_blank\" rel=\"noopener\">Adatv\u00e9delmi ir\u00e1nyelvek<\/a>)<\/li>\n<li><strong>Meta (Facebook \u00e9s Instagram hirdet\u00e9sek)<\/strong> (<a href=\"https:\/\/www.facebook.com\/privacy\/policy\" target=\"_blank\" rel=\"noopener\">Adatv\u00e9delmi ir\u00e1nyelvek<\/a>)<\/li>\n<li><strong>TikTok hirdet\u00e9sek<\/strong> (<a href=\"https:\/\/www.tiktok.com\/legal\/privacy-policy\" target=\"_blank\" rel=\"noopener\">Adatv\u00e9delmi ir\u00e1nyelvek<\/a>)<\/li>\n<\/ul>\n<p>E v\u00e1llalatok mindegyike saj\u00e1t adatv\u00e9delmi ir\u00e1nyelvek alapj\u00e1n kezeli az adatokat. Az CanaryVIP nem ellen\u0151rzi, hogy ezek a harmadik felek hogyan kezelik a s\u00fctik \u00e1ltal gy\u0171jt\u00f6tt adatokat.<\/p>\n<hr \/>\n<h2>6. A jelen szab\u00e1lyzat friss\u00edt\u00e9sei<\/h2>\n<p>Az CanaryVIP id\u0151r\u0151l id\u0151re fel\u00fclvizsg\u00e1lhatja ezt a Cookie szab\u00e1lyzatot. Minden friss\u00edt\u00e9st k\u00f6zz\u00e9tesz\u00fcnk ezen az oldalon. Javasoljuk, hogy rendszeresen ellen\u0151rizze ezt a szab\u00e1lyzatot, hogy t\u00e1j\u00e9koz\u00f3djon arr\u00f3l, hogyan haszn\u00e1ljuk a cookie-kat.<\/p>\n<hr \/>\n<h2>7. Kapcsolat<\/h2>\n<p>Ha b\u00e1rmilyen k\u00e9rd\u00e9se van ezzel a Cookie-szab\u00e1lyzattal vagy a cookie-k weboldalunkon t\u00f6rt\u00e9n\u0151 haszn\u00e1lat\u00e1val kapcsolatban, a k\u00f6vetkez\u0151 c\u00edmen \u00e9rhet el minket:<\/p>\n<p>\ud83d\udce7 <strong>E-mail:<\/strong> <a href=\"mailto:info@canaryvip.com\">info@canaryvip.com<\/a><\/p>\n<\/div><\/div><\/div><\/div><\/div><\/div><\/div><\/section>","protected":false},"excerpt":{"rendered":"1. What This Policy Covers This Cookie Policy explains how CanaryVIP.com uses cookies and similar tracking technologies when you visit our website. By continuing to browse our site, you agree to the use of cookies as described in this document. Cookies are small text files that are placed on your device when you visit a...","protected":false},"author":1,"featured_media":0,"parent":0,"menu_order":0,"comment_status":"closed","ping_status":"closed","template":"","meta":{"_acf_changed":false,"footnotes":""},"class_list":["post-14018","page","type-page","status-publish","hentry"],"acf":[],"_links":{"self":[{"href":"https:\/\/canaryvip.com\/hu\/wp-json\/wp\/v2\/pages\/14018","targetHints":{"allow":["GET"]}}],"collection":[{"href":"https:\/\/canaryvip.com\/hu\/wp-json\/wp\/v2\/pages"}],"about":[{"href":"https:\/\/canaryvip.com\/hu\/wp-json\/wp\/v2\/types\/page"}],"author":[{"embeddable":true,"href":"https:\/\/canaryvip.com\/hu\/wp-json\/wp\/v2\/users\/1"}],"replies":[{"embeddable":true,"href":"https:\/\/canaryvip.com\/hu\/wp-json\/wp\/v2\/comments?post=14018"}],"version-history":[{"count":4,"href":"https:\/\/canaryvip.com\/hu\/wp-json\/wp\/v2\/pages\/14018\/revisions"}],"predecessor-version":[{"id":16858,"href":"https:\/\/canaryvip.com\/hu\/wp-json\/wp\/v2\/pages\/14018\/revisions\/16858"}],"wp:attachment":[{"href":"https:\/\/canaryvip.com\/hu\/wp-json\/wp\/v2\/media?parent=14018"}],"curies":[{"name":"wp","href":"https:\/\/api.w.org\/{rel}","templated":true}]}}