{"id":13824,"date":"2025-02-24T13:59:27","date_gmt":"2025-02-24T13:59:27","guid":{"rendered":"https:\/\/canaryvip.com\/?page_id=13824"},"modified":"2025-02-24T15:06:00","modified_gmt":"2025-02-24T15:06:00","slug":"about-us","status":"publish","type":"page","link":"https:\/\/canaryvip.com\/hu\/about-us\/","title":{"rendered":"R\u00f3lunk"},"content":{"rendered":"<section class=\"l-section wpb_row height_medium width_custom\" style=\"--site-content-width:700px;\"><div class=\"l-section-h i-cf\"><div class=\"g-cols vc_row via_flex valign_top type_default stacking_default\"><div class=\"vc_col-sm-12 wpb_column vc_column_container\"><div class=\"vc_column-inner\"><div class=\"wpb_wrapper\"><h1 class=\"w-text\"><span class=\"w-text-h\"><span class=\"w-text-value\">R\u00f3lunk - CanaryVIP<\/span><\/span><\/h1><h2 class=\"w-text us_custom_fe162ea1\"><span class=\"w-text-h\"><span class=\"w-text-value\">Kik vagyunk<\/span><\/span><\/h2><div class=\"wpb_text_column\"><div class=\"wpb_wrapper\"><p>Az CanaryVIP egy els\u0151sz\u00e1m\u00fa online platform, amely a Kan\u00e1ri-szigetek legjobb tev\u00e9kenys\u00e9geit \u00e9s kir\u00e1ndul\u00e1sait k\u00edn\u00e1lja. Az Tu Nido Tenerife r\u00e9szek\u00e9nt, amely Tenerife egyik legjobb ingatlan\u00fcgyn\u00f6ks\u00e9ge, t\u00f6bb mint 20 \u00e9ves tapasztalattal rendelkezik az ingatlanok \u00e9s az ingatlan\u00e9p\u00edt\u00e9s ter\u00fclet\u00e9n, 2010 \u00f3ta k\u00edn\u00e1lunk felejthetetlen \u00e9lm\u00e9nyeket a Kan\u00e1ri-szigeteken.<\/p>\n<\/div><\/div><\/div><\/div><\/div><div class=\"vc_col-sm-12 wpb_column vc_column_container\"><div class=\"vc_column-inner\"><div class=\"wpb_wrapper\"><h2 class=\"w-text us_custom_9d8033b1\"><span class=\"w-text-h\"><span class=\"w-text-value\">Utaz\u00e1sunk<\/span><\/span><\/h2><div class=\"wpb_text_column\"><div class=\"wpb_wrapper\"><p data-pm-slice=\"1 1 &#091;&#093;\"><span>C\u00e9g\u00fcnk 2003 \u00f3ta foglalkozik \u00e9p\u00edt\u0151iparral Tenerif\u00e9n, \u00e9s er\u0151s alapokat teremtett az ingatlanszektorban. 2010-ben Tu Nido Tenerife n\u00e9ven kib\u0151v\u00edtett\u00fck szolg\u00e1ltat\u00e1sainkat, \u00e9s Playa Fa\u00f1ab\u00e9ban m\u0171k\u00f6d\u0151 irod\u00e1nkban v\u00e9gezz\u00fck tev\u00e9kenys\u00e9g\u00fcnket. \u00dczleti tev\u00e9kenys\u00e9g\u00fcnk n\u00f6veked\u00e9s\u00e9vel a Plaza Fa\u00f1ab\u00e9ba k\u00f6lt\u00f6zt\u00fcnk, majd k\u00e9s\u0151bb egy m\u00e1sodik irod\u00e1val b\u0151v\u00fclt\u00fcnk Vista Surban. Ma \u00faj sz\u00e9khely\u00fcnk Madro\u00f1al de Fa\u00f1ab\u00e9ban tal\u00e1lhat\u00f3, ahol az Tu Nido Tenerife \u00e9s az CanaryVIP is m\u0171k\u00f6dik, tov\u00e1bbra is magas szint\u0171 szolg\u00e1ltat\u00e1sokat ny\u00fajtva \u00fcgyfeleinknek.<\/span><\/p>\n<\/div><\/div><\/div><\/div><\/div><div class=\"vc_col-sm-12 wpb_column vc_column_container\"><div class=\"vc_column-inner\"><div class=\"wpb_wrapper\"><div class=\"w-image us_custom_af6a9b6a align_none\"><div class=\"w-image-h\"><img decoding=\"async\" width=\"1024\" height=\"683\" src=\"https:\/\/canaryvip.com\/wp-content\/uploads\/2025\/02\/TuNido-Office_Web-1.webp\" class=\"attachment-large size-large\" alt=\"Iroda\" loading=\"lazy\" srcset=\"https:\/\/canaryvip.com\/wp-content\/uploads\/2025\/02\/TuNido-Office_Web-1.webp 1024w, https:\/\/canaryvip.com\/wp-content\/uploads\/2025\/02\/TuNido-Office_Web-1-300x200.webp 300w, https:\/\/canaryvip.com\/wp-content\/uploads\/2025\/02\/TuNido-Office_Web-1-18x12.webp 18w, https:\/\/canaryvip.com\/wp-content\/uploads\/2025\/02\/TuNido-Office_Web-1-600x400.webp 600w\" sizes=\"auto, (max-width: 1024px) 100vw, 1024px\" title=\"\"><\/div><\/div><h2 class=\"w-text us_custom_9d8033b1\"><span class=\"w-text-h\"><span class=\"w-text-value\">Az CanaryVIP sz\u00fclet\u00e9se<\/span><\/span><\/h2><div class=\"wpb_text_column\"><div class=\"wpb_wrapper\"><p data-pm-slice=\"1 1 &#091;&#093;\"><span>2024-ben strat\u00e9giai d\u00f6nt\u00e9st hoztunk arr\u00f3l, hogy a tev\u00e9kenys\u00e9gekkel \u00e9s kir\u00e1ndul\u00e1sokkal foglalkoz\u00f3 \u00fczlet\u00e1gunkat lev\u00e1lasztjuk az Tu Nido Tenerife-r\u0151l, \u00e9s l\u00e9trehozzuk az CanaryVIP-t, mint \u00f6n\u00e1ll\u00f3 m\u00e1rk\u00e1t, amely kiz\u00e1r\u00f3lag a Kan\u00e1ri-szigetek turisztikai \u00e9lm\u00e9nyeinek szenteli mag\u00e1t. M\u00edg az Tu Nido Tenerife tov\u00e1bbra is j\u00f3l ismert n\u00e9v marad a <a href=\"https:\/\/www.tunidotenerife.com\/en\/inmobiliaria-tenerife\/\" target=\"_blank\" rel=\"noopener\">ingatlan Tenerife<\/a> \u00e1gazat, <strong>CanaryVIP<\/strong> gyorsan vezet\u0151 online m\u00e1rk\u00e1v\u00e1 n\u0151tte ki mag\u00e1t, \u00e9s minden eddigin\u00e9l k\u00f6nnyebb\u00e9 tette a l\u00e1togat\u00f3k sz\u00e1m\u00e1ra a hihetetlen tev\u00e9kenys\u00e9gek, t\u00far\u00e1k \u00e9s kalandok lefoglal\u00e1s\u00e1t a szigeteken.<\/span><\/p>\n<\/div><\/div><div class=\"w-html us_custom_af6a9b6a\"><iframe src=\"https:\/\/www.google.com\/maps\/embed?pb=!1m18!1m12!1m3!1d5215.387122659485!2d-16.72642792321668!3d28.09472697596261!2m3!1f0!2f0!3f0!3m2!1i1024!2i768!4f13.1!3m3!1m2!1s0xc6a996288a2335b%3A0x6e5358268b00a79!2sCanaryVIP%20-%20Tours%20and%20Excursions!5e1!3m2!1sen!2ses!4v1740406697434!5m2!1sen!2ses\" width=\"700\" height=\"300\" style=\"border:0;\" allowfullscreen=\"\" loading=\"lazy\" referrerpolicy=\"no-referrer-when-downgrade\"><\/iframe><\/div><\/div><\/div><\/div><div class=\"vc_col-sm-12 wpb_column vc_column_container\"><div class=\"vc_column-inner\"><div class=\"wpb_wrapper\"><h2 class=\"w-text us_custom_9d8033b1\"><span class=\"w-text-h\"><span class=\"w-text-value\">K\u00fcldet\u00e9s\u00fcnk<\/span><\/span><\/h2><div class=\"wpb_text_column\"><div class=\"wpb_wrapper\"><p data-pm-slice=\"1 1 &#091;&#093;\"><span>Az CanaryVIP-n\u00e9l szenved\u00e9ly\u00fcnk az egyedi, magas sz\u00ednvonal\u00fa \u00e9lm\u00e9nyek ny\u00fajt\u00e1sa, amelyek a Kan\u00e1ri-szigetek legjav\u00e1t mutatj\u00e1k be. Ak\u00e1r haj\u00f3s t\u00far\u00e1kat, v\u00edzi sportokat, t\u00far\u00e1z\u00e1si kalandokat vagy exkluz\u00edv priv\u00e1t kir\u00e1ndul\u00e1sokat keres, mi az \u00d6n ig\u00e9nyeihez igaz\u00edtott, felejthetetlen utaz\u00e1st biztos\u00edtunk.<\/span><\/p>\n<\/div><\/div><div class=\"w-separator size_medium\"><\/div><\/div><\/div><\/div><\/div><\/div><\/section>","protected":false},"excerpt":{"rendered":"R\u00f3lunk - CanaryVIPKik vagyunk Az CanaryVIP egy els\u0151sz\u00e1m\u00fa online platform, amely a Kan\u00e1ri-szigetek legjobb tev\u00e9kenys\u00e9geit \u00e9s kir\u00e1ndul\u00e1sait k\u00edn\u00e1lja. Az Tu Nido Tenerife r\u00e9szek\u00e9nt, amely Tenerife egyik legjobb ingatlan\u00fcgyn\u00f6ks\u00e9ge, t\u00f6bb mint 20 \u00e9ves tapasztalattal rendelkezik az ingatlanok \u00e9s az ingatlan\u00e9p\u00edt\u00e9s ter\u00fclet\u00e9n, felejthetetlen...","protected":false},"author":1,"featured_media":0,"parent":0,"menu_order":0,"comment_status":"closed","ping_status":"closed","template":"","meta":{"_acf_changed":false,"footnotes":""},"class_list":["post-13824","page","type-page","status-publish","hentry"],"acf":[],"_links":{"self":[{"href":"https:\/\/canaryvip.com\/hu\/wp-json\/wp\/v2\/pages\/13824","targetHints":{"allow":["GET"]}}],"collection":[{"href":"https:\/\/canaryvip.com\/hu\/wp-json\/wp\/v2\/pages"}],"about":[{"href":"https:\/\/canaryvip.com\/hu\/wp-json\/wp\/v2\/types\/page"}],"author":[{"embeddable":true,"href":"https:\/\/canaryvip.com\/hu\/wp-json\/wp\/v2\/users\/1"}],"replies":[{"embeddable":true,"href":"https:\/\/canaryvip.com\/hu\/wp-json\/wp\/v2\/comments?post=13824"}],"version-history":[{"count":5,"href":"https:\/\/canaryvip.com\/hu\/wp-json\/wp\/v2\/pages\/13824\/revisions"}],"predecessor-version":[{"id":13832,"href":"https:\/\/canaryvip.com\/hu\/wp-json\/wp\/v2\/pages\/13824\/revisions\/13832"}],"wp:attachment":[{"href":"https:\/\/canaryvip.com\/hu\/wp-json\/wp\/v2\/media?parent=13824"}],"curies":[{"name":"wp","href":"https:\/\/api.w.org\/{rel}","templated":true}]}}