{"id":9938,"date":"2024-02-19T15:00:26","date_gmt":"2024-02-19T15:00:26","guid":{"rendered":"https:\/\/canaryvip.com\/?post_type=product&#038;p=9938"},"modified":"2025-08-13T23:29:03","modified_gmt":"2025-08-13T22:29:03","slug":"no-worries-private-yacht-charter-tenerife","status":"publish","type":"product","link":"https:\/\/canaryvip.com\/fr\/shop\/no-worries-private-yacht-charter-tenerife\/","title":{"rendered":"No Worries Location de bateaux Tenerife"},"content":{"rendered":"<h2><strong>\ud83c\udf0a D\u00e9couvrez la location de bateaux sans soucis \u00e0 Tenerife<\/strong><\/h2>\n<p>Monter \u00e0 bord <strong>Pas d'inqui\u00e9tude,<\/strong> l'\u00e9l\u00e9gante <strong>Antares 42 yacht,<\/strong>\u00a0et embarquez pour un voyage spectaculaire le long des superbes c\u00f4tes de T\u00e9n\u00e9rife. Cette location de bateau \u00e0 T\u00e9n\u00e9rife est une oasis personnelle de luxe, de confort et d'aventures \u00e0 sensations fortes, qui vous offre une exp\u00e9rience intime et personnalis\u00e9e.<\/p>\n<p>Profitez d'une foule d'\u00e9quipements haut de gamme et d'activit\u00e9s attrayantes, afin que chaque moment pass\u00e9 \u00e0 bord soit con\u00e7u pour d\u00e9passer vos attentes et vous faire vivre une aventure maritime extraordinaire.<\/p>\n<h3>\u2b50\ufe0f <strong>Confort sup\u00e9rieur et intimit\u00e9 exclusive<\/strong><\/h3>\n<p><span style=\"text-decoration: underline;\"><strong>Un confort exceptionnel qui rend cette location de bateau \u00e0 T\u00e9n\u00e9rife unique :<\/strong><\/span><\/p>\n<ul>\n<li>Coussins luxueux \u00e0 l'avant du bateau et Fly Bridge spacieux, id\u00e9al pour se d\u00e9tendre et prendre un bain de soleil.<\/li>\n<li>Les salles de bains contemporaines sont \u00e9quip\u00e9es de douches.<\/li>\n<li>Une vari\u00e9t\u00e9 d'\u00e9quipements haut de gamme con\u00e7us pour rehausser votre temps \u00e0 bord.<\/li>\n<\/ul>\n<h3>\ud83d\udd52 <strong>Des options d'affr\u00e8tement flexibles pour r\u00e9pondre \u00e0 tous les souhaits<\/strong><\/h3>\n<ul>\n<li><strong>Circuit de d\u00e9couverte de 2 heures<\/strong>: Un aper\u00e7u bref mais inoubliable de la beaut\u00e9 marine de Tenerife, pouvant accueillir jusqu'\u00e0 10 passagers. Cette excursion comprend toutes les boissons, les baguettes, les tapas, les fruits frais, l'\u00e9quipement de plong\u00e9e avec tuba, les planches \u00e0 pagaie et un serveur d\u00e9vou\u00e9.<\/li>\n<li><strong>Voyage signature de 3 heures<\/strong>: Plongez dans les splendeurs c\u00f4ti\u00e8res de Tenerife avec cette excursion de trois heures, qui comprend \u00e9galement toutes les boissons, les baguettes, les tapas, les fruits frais, l'\u00e9quipement de plong\u00e9e avec tuba, les planches \u00e0 pagaie et un serveur attitr\u00e9.<\/li>\n<li><strong>Voyage prolong\u00e9 de 4 heures<\/strong>: Offrant plus de temps sur l'eau, ce charter comprend toutes les commodit\u00e9s des tours plus courts, plus un club de plage flottant pour une relaxation et un plaisir accrus. Toutes les boissons, les baguettes, les tapas, les fruits frais, l'\u00e9quipement de plong\u00e9e avec tuba et les planches \u00e0 pagaie sont fournis, ainsi qu'un serveur pour r\u00e9pondre \u00e0 vos besoins.<\/li>\n<li><strong>Exploration Premium de 6 heures<\/strong>: Ce voyage prolong\u00e9 permet une exploration plus approfondie des c\u00f4tes enchanteresses de l'\u00eele, avec un club de plage flottant et des options de menu suppl\u00e9mentaires telles que le poulet r\u00f4ti canarien avec pommes de terre et salade ou la paella, ainsi que toutes les boissons, les baguettes, les tapas, l'\u00e9quipement de plong\u00e9e avec tuba et les planches \u00e0 pagaie. Un serveur d\u00e9vou\u00e9 est inclus pour am\u00e9liorer votre exp\u00e9rience.<\/li>\n<li><strong>Aventure ultime de 8 heures<\/strong>: L'option d'affr\u00e8tement la plus compl\u00e8te disponible pour un maximum de 10 passagers, avec les m\u00eames \u00e9quipements luxueux que l'excursion de six heures, y compris le club de plage flottant, diverses options de restauration et tout l'\u00e9quipement essentiel pour une journ\u00e9e remplie de luxe et d'exploration.<\/li>\n<li>Des options personnalisables et des menus alternatifs, notamment des sushis, des plats de poisson, des menus v\u00e9g\u00e9tariens et des champagnes et spiritueux exclusifs, sont disponibles pour que votre voyage corresponde parfaitement \u00e0 vos pr\u00e9f\u00e9rences.<\/li>\n<\/ul>\n<h4>\ud83d\udea4 <strong>Aventures de voile sur mesure avec notre \u00e9quipage d'experts<\/strong><\/h4>\n<p>Notre \u00e9quipage exp\u00e9riment\u00e9 et multilingue s'engage \u00e0 vous offrir une exp\u00e9rience de navigation pr\u00e9cis\u00e9ment adapt\u00e9e \u00e0 vos go\u00fbts, en vous guidant \u00e0 travers certains des sites les plus \u00e9poustouflants des \u00eeles Canaries, pour un voyage profond\u00e9ment personnel.<\/p>\n<h4>\ud83c\udf0a <strong>Un \u00e9quipement de navigation avanc\u00e9 pour une navigation sans effort<\/strong><\/h4>\n<p><strong>Pas d'inqui\u00e9tude<\/strong> dispose d'une technologie de navigation de pointe pour garantir un voyage fluide et serein sur les eaux azur\u00e9es de T\u00e9n\u00e9riffe, rendant votre voyage \u00e0 la fois palpitant et tranquille.<\/p>\n<h3>\u2705 <strong>Caract\u00e9ristiques exclusives de No Worries<\/strong><\/h3>\n<ul>\n<li>Un luxe tout compris : des boissons premium illimit\u00e9es aux plats gastronomiques en passant par diverses activit\u00e9s comme le paddle board et la plong\u00e9e avec masque et tuba, chaque d\u00e9tail est minutieusement organis\u00e9 pour votre plus grand plaisir.<\/li>\n<li>Des adaptations di\u00e9t\u00e9tiques sp\u00e9ciales sont disponibles sur demande, offrant ainsi une exp\u00e9rience gastronomique sur mesure.<\/li>\n<li>Un point de rencontre facilement accessible \u00e0 <a href=\"https:\/\/www.google.com\/maps\/place\/Puerto+Col%C3%B3n\/@28.0780067,-16.7394902,17z\/data=!3m2!4b1!5s0xc6a97433884bdf9:0x76d293b7b99db23a!4m6!3m5!1s0xc6a9743509c9ebf:0xd62345524f768247!8m2!3d28.078002!4d-16.7369153!16s%2Fg%2F11c6cqryw_?entry=tts&amp;g_ep=EgoyMDI0MDUwNS4wKgBIAVAD\" target=\"_blank\" rel=\"noopener\">Puerto Col\u00f3n,<\/a> Costa Adeje, avec des possibilit\u00e9s de stationnement simples.<\/li>\n<\/ul>\n<h4>\ud83d\udd53 <strong>Processus de r\u00e9servation et d'int\u00e9gration sans effort<\/strong><\/h4>\n<ul>\n<li>R\u00e9servez votre voyage \u00e0 l'avance pour \u00eatre s\u00fbr d'obtenir la date souhait\u00e9e et vivez une exp\u00e9rience d'un luxe in\u00e9gal\u00e9.<\/li>\n<li>Arriver 15 minutes avant le d\u00e9part garantit un d\u00e9part en douceur pour votre voyage de luxe.<\/li>\n<\/ul>\n<h4>\ud83d\udcdc <strong>Flexibilit\u00e9 totale en mati\u00e8re de r\u00e9servation et d'annulation<\/strong><\/h4>\n<ul>\n<li><strong>Un plan d'urgence m\u00e9t\u00e9orologique solide :<\/strong> Choisissez une autre date ou remboursez-vous int\u00e9gralement si les conditions ne sont pas favorables \u00e0 la navigation.<\/li>\n<li><strong>Conditions d'annulation souples :<\/strong> Vous pouvez annuler jusqu'\u00e0 4 jours avant un voyage de courte dur\u00e9e et jusqu'\u00e0 6 jours avant un voyage de longue dur\u00e9e, sans aucune p\u00e9nalit\u00e9.<\/li>\n<li>Informez-nous de toute restriction alimentaire 48 heures avant votre vol afin de personnaliser votre exp\u00e9rience culinaire.<\/li>\n<\/ul>\n<p>Embarquez pour un voyage extraordinaire de luxe, d'intimit\u00e9 et d'aventure avec le yacht priv\u00e9 No Worries.<\/p>\n<p><a href=\"https:\/\/canaryvip.com\/fr\/tenerife\/boat-hire-tenerife\/\">Louer un bateau \u00e0 Tenerife<\/a> aujourd'hui et explorez le moyen ultime de d\u00e9couvrir les eaux majestueuses de Tenerife. \ud83c\udf1f\ud83d\udee5\ufe0f\ud83c\udf0a<\/p>","protected":false},"excerpt":{"rendered":"<p><strong>\ud83d\udd0d No Worries Boat :<\/strong><br \/>\n\u2705 Paiement s\u00e9curis\u00e9.<br \/>\n\ud83d\udee5\ufe0f 13.5m Yacht Comfort.<br \/>\n\u23f3 Visites quotidiennes de 2 \u00e0 12 heures.<br \/>\n\ud83d\udd59 Heures de d\u00e9part personnalisables.<br \/>\n\ud83c\udf74 Repas et boissons inclus.<br \/>\n\ud83d\udc65 Jusqu'\u00e0 10 personnes.<br \/>\nToboggan aquatique pour les circuits de +6H.<br \/>\n\ud83c\udfc4\u200d\u2640\ufe0f Planches \u00e0 pagaie incluses.<br \/>\n\ud83e\udd3f L'\u00e9quipement de plong\u00e9e avec tuba est fourni.<br \/>\n\ud83d\udd0a \u00c9coutez votre musique.<br \/>\n\ud83e\udd11 Meilleur prix garanti.<br \/>\n\ud83d\udc6a R\u00e9ductions activ\u00e9es.<br \/>\n\ud83d\udd01 Annulation jusqu'\u00e0 4 jours.<br \/>\n\ud83c\udf0d \u00c9quipage multilingue.<br \/>\n\ud83c\udf1f R\u00e9servez t\u00f4t et \u00e9conomisez !<br \/>\n\ud83d\udccd D\u00e9part de\u00a0<a href=\"https:\/\/maps.app.goo.gl\/ocJuu7A8R1JWjPbS9\">Puerto Colon<\/a>.<\/p>","protected":false},"featured_media":13629,"comment_status":"open","ping_status":"closed","template":"","meta":{"_acf_changed":false},"product_brand":[],"product_cat":[47],"product_tag":[],"class_list":{"0":"post-9938","1":"product","2":"type-product","3":"status-publish","4":"has-post-thumbnail","6":"product_cat-boat-hire-tenerife","7":"wcpa_has_options","9":"first","10":"instock","11":"sale","12":"virtual","13":"purchasable","14":"product-type-simple"},"acf":[],"wcpa_form_fields":{"wcpaData":{"product":{"product_price":745,"price_html":"From&nbsp;<del aria-hidden=\"true\"><span class=\"woocommerce-Price-amount amount\"><bdi>800,00&nbsp;<span class=\"woocommerce-Price-currencySymbol\">&euro;<\/span><\/bdi><\/span><\/del> <span class=\"screen-reader-text\">Le prix initial \u00e9tait\u00a0: 800,00&nbsp;&euro;.<\/span><ins aria-hidden=\"true\"><span class=\"woocommerce-Price-amount amount\"><bdi>745,00&nbsp;<span class=\"woocommerce-Price-currencySymbol\">&euro;<\/span><\/bdi><\/span><\/ins><span class=\"screen-reader-text\">Le prix actuel est\u00a0: 745,00&nbsp;&euro;.<\/span>","original_product_price":800,"price_including_tax":745,"price_excluding_tax":745,"product_id":{"parent":9938,"variation":false},"is_variable":false,"stock_status":"instock","stock_quantity":null,"parent_sku":"CV9938","product_attributes":[],"custom_fields":[],"is_taxable":false,"product_name":"No Worries Yacht Charter Tenerife","hasImage":false},"fields":{"sec_7663b89a2e2f8f":{"extra":{"key":"sec_7663b89a2e2f8f","section_id":"sec_7663b89a2e2f8f","name":"Default","status":1,"cl_rule":"show","enableCl":false,"relations":[],"toggle":true,"title_tag":"h3","show_title":false,"showPrice":"default","form_id":11415,"form_rules":{"exclude_from_discount":true,"fee_label":"Fee","disp_hide_options_price":true,"disp_show_section_price":false,"disp_show_field_price":true,"layout_option":"standard","pric_use_as_fee":false,"process_fee_as":"woo_fee"},"layout_option":"standard"},"fields":[[{"label":"\ud83d\udcc5 Date","active":true,"required":true,"elementId":"date_9663b89a2e2faf","picker_type":"custom","picker_mode":"single","placeholder":"","description":"","tooltip":"","name":"date_9663b89a2e2faf","label_position":"default","desc_position":"default","enablePrice":false,"className":"","enableCl":false,"relations":[{"operator":"and","rules":[{"operator":"AND","rules":{"cl_field":"radio-group_565c78ffa81208","cl_relation":"is","cl_val":"3 Hour Trip"}}]}],"date_pic_inline":true,"date_pic_inline_hide":true,"min_date":{"type":"days","val":"2"},"max_date":{"type":"days","val":"365"},"date_pic_conf":{"disabledWeeks":[],"disabledDates":["2025-08-25","2025-08-28 to 2025-08-29"]},"price":"","cl_rule":"show","col":6,"type":"date","error":false,"enableDesign":false,"LabelColor":"","isWeightTemplate":false,"isTemplate":false,"min_quantity":"1","quantity_decimal":false,"quantity_step":"1","quantity_label":"Quantity","repeater_field_label":"{field_label}","repeater_bind":"","gt_translate_keys":["label","placeholder","description","tooltip","repeater_field_label","quantity_label"],"price_dependency":false,"cl_dependency":false,"value":""}],[{"contentType":"rich","active":true,"label":"","elementId":"content_4663b89a2e2fbd","value":"<p>\ud83c\udf9f\ufe0f <strong>Reservation<\/strong>: Pay only a deposit now to reserve; the rest is due on the day of the activity upon arrival.<\/p>","inline":false,"name":"content_4663b89a2e2fbd","enablePrice":false,"className":"","subtype":"p","enableCl":false,"relations":false,"price":"","cl_rule":"show","col":6,"type":"content","error":false,"pricingType":"custom","isTemplate":false,"is_show_price":true,"show_in_checkout":true,"gt_translate_keys":["label","value"],"price_dependency":false,"cl_dependency":false}],[{"elementId":"separator_2663b89a2e2fc9","separatorType":"blank","className":"","height":"3","enableCl":false,"relations":false,"cl_rule":"show","col":6,"type":"separator","error":false,"gt_translate_keys":[],"price_dependency":false,"cl_dependency":false,"value":""}],[{"active":true,"col":6,"relations":false,"cl_rule":"show","enableCl":false,"price":"","enablePrice":true,"className":"","label_position":"default","desc_position":"default","type":"select","required":true,"elementId":"select_2663b89a2e2fd3","label":"\u23f3 Trip Duration","name":"select_2663b89a2e2fd3","values":[{"label":"2 Hours (745\u20ac)","value":"2","selected":false,"tempId":"aco_212","price":"745","gt_translate_keys":["label"]},{"label":"3 Hours (825\u20ac)","value":"3","selected":false,"tempId":"aco_556","price":"825","gt_translate_keys":["label"]},{"label":"4 Hours (1.065\u20ac)","value":"4","selected":false,"tempId":"aco_640","price":"1065","gt_translate_keys":["label"]},{"label":"5 Hours (1.330\u20ac","value":"5","selected":false,"tempId":"aco_100","price":"1330","gt_translate_keys":["label"]},{"label":"6 Hours (1.595\u20ac)","value":"6","selected":false,"tempId":"aco_660","price":"1595","gt_translate_keys":["label"]},{"label":"8 Hours (1.995\u20ac)","value":"8","selected":false,"tempId":"aco_19","price":"1995","gt_translate_keys":["label"]}],"dropdown_type":"basic","error":false,"placeholder":"Select Trip Duration","priceOptions":"different_for_all","pricingType":"fixed","is_show_price":true,"isWeightTemplate":false,"isTemplate":false,"min_quantity":"1","quantity_decimal":false,"quantity_step":"1","quantity_label":"Quantity","repeater_field_label":"{field_label}","repeater_bind":"","gt_translate_keys":["label","placeholder","repeater_field_label","quantity_label"],"price_dependency":["content_3663b89a2e2ff1","content_7663b89a2e2ffb"],"cl_dependency":false,"value":""}],[{"label":"\u2705 Number of People","active":true,"required":true,"elementId":"select_10663b89a2e2fdd","dropdown_type":"basic","placeholder":"Select Number of People","name":"select_10663b89a2e2fdd","label_position":"default","desc_position":"default","enablePrice":false,"className":"","enableCl":false,"relations":[{"operator":false,"rules":[{"operator":"AND","rules":{"cl_field":"radio-group_565c78ffa81208","cl_relation":"is","cl_val":"3 Hour Trip"}}]}],"values":[{"label":"1 person","value":"1","selected":false,"tempId":"aco_1471","price":"0","gt_translate_keys":["label"]},{"label":"2 people","value":"2","selected":false,"tempId":"aco_1472","price":"0","gt_translate_keys":["label"]},{"label":"3 people","value":"3","selected":false,"tempId":"aco_1500","price":"0","gt_translate_keys":["label"]},{"label":"4 people","value":"4","selected":false,"tempId":"aco_1510","price":"0","gt_translate_keys":["label"]},{"label":"5 people","value":"5","selected":false,"tempId":"aco_1520","price":"0","gt_translate_keys":["label"]},{"label":"6 people","value":"6","selected":false,"tempId":"aco_1728","price":"0","gt_translate_keys":["label"]},{"label":"7 people","value":"7","selected":false,"tempId":"aco_1738","price":"20","gt_translate_keys":["label"]},{"label":"8 people","value":"8","selected":false,"tempId":"aco_1748","price":"40","gt_translate_keys":["label"]},{"label":"9 people","value":"9","selected":false,"tempId":"aco_1912","price":"60","gt_translate_keys":["label"]},{"label":"10 people","value":"10","selected":false,"tempId":"aco_1922","price":"80","gt_translate_keys":["label"]}],"price":"","cl_rule":"show","col":6,"type":"select","error":false,"priceOptions":"different_for_all","pricingType":"fixed","is_show_price":true,"isWeightTemplate":false,"isTemplate":false,"min_quantity":"1","quantity_decimal":false,"quantity_step":"1","quantity_label":"Quantity","repeater_field_label":"{field_label}","repeater_bind":"","gt_translate_keys":["label","placeholder","repeater_field_label","quantity_label"],"price_dependency":false,"cl_dependency":false,"value":""}],[{"active":true,"col":6,"relations":false,"cl_rule":"show","enableCl":false,"price":"","enablePrice":true,"className":"","label_position":"default","desc_position":"default","type":"select","required":false,"elementId":"select_8764721131","label":"\ud83d\udca6 Add jet-skis?","name":"select_8764721131","values":[{"label":"1 JetSki for 1 Hour (250\u20ac)","value":"1JetSki 1H","selected":false,"tempId":"aco_167","price":"250","gt_translate_keys":["label"]},{"label":"2 JetSkis for 1 Hour (500\u20ac)","value":"2JetSkis 1H","selected":false,"tempId":"aco_168","price":"500","gt_translate_keys":["label"]}],"isWeightTemplate":false,"error":false,"isTemplate":false,"min_quantity":"1","quantity_decimal":false,"quantity_step":"1","quantity_label":"Quantity","repeater_field_label":"{field_label}","repeater_bind":"","dropdown_type":"basic","description":"Private JetSki tour from the boat with a JetSki instructor.","placeholder":"None","priceOptions":"different_for_all","pricingType":"fixed","is_show_price":true,"gt_translate_keys":["label","placeholder","description","repeater_field_label","quantity_label"],"price_dependency":["content_3663b89a2e2ff1"],"cl_dependency":false,"value":""}],[{"elementId":"separator_6663b89a2e2fe7","separatorType":"fill","className":"","height":"6","enableCl":false,"relations":false,"cl_rule":"show","col":6,"type":"separator","error":false,"separatorColor":"#66a6b6","gt_translate_keys":[],"price_dependency":false,"cl_dependency":false,"value":""}],[{"active":true,"col":6,"relations":false,"cl_rule":"show","enableCl":false,"price":"(({field.select_2663b89a2e2fd3.price})*0.20)+({field.select_8764721131.price})","enablePrice":true,"className":"","label_position":"default","desc_position":"default","type":"content","required":false,"elementId":"content_3663b89a2e2ff1","label":"Deposit Payment","name":"content_3663b89a2e2ff1","contentType":"plain","value":"","error":false,"pricingType":"custom","isTemplate":false,"is_show_price":false,"enableDesign":true,"scrollBar":false,"use_as_fee":false,"fee_label":"Payment Now","inline":true,"show_in_checkout":true,"subtype":"div","formulaId":"fmla_1708364241278155361","LabelSize":"14px","gt_translate_keys":["label","value"],"price_dependency":["content_3663b89a2e3004"],"cl_dependency":false}],[{"contentType":"plain","active":true,"label":"Payment at Arrival","elementId":"content_7663b89a2e2ffb","value":"","inline":true,"show_in_checkout":true,"name":"content_7663b89a2e2ffb","enablePrice":true,"className":"","fee_label":"Payment at Arrival","subtype":"div","enableCl":false,"relations":false,"scrollBar":false,"enableDesign":true,"pricingType":"custom","isTemplate":false,"price":"({field.select_2663b89a2e2fd3.price})*0.80","use_as_fee":false,"is_show_price":true,"cl_rule":"show","col":6,"type":"content","error":false,"formulaId":"fmla_1708360988969136756","LabelSize":"14px","gt_translate_keys":["label","value"],"price_dependency":["content_3663b89a2e3004"],"cl_dependency":false}],[{"contentType":"plain","active":true,"label":"Total Price","elementId":"content_3663b89a2e3004","value":"","inline":true,"show_in_checkout":true,"name":"content_3663b89a2e3004","enablePrice":true,"className":"","fee_label":"Payment at Arrival","subtype":"div","enableCl":false,"relations":false,"scrollBar":false,"enableDesign":true,"LabelSize":"14px","pricingType":"custom","isTemplate":false,"price":"({field.content_3663b89a2e2ff1.price}) + ({field.content_7663b89a2e2ffb.price})","formulaId":"fmla_1708360988969136756","use_as_fee":false,"is_show_price":true,"cl_rule":"show","col":6,"type":"content","error":false,"gt_translate_keys":["label","value"],"price_dependency":false,"cl_dependency":false}],[{"elementId":"separator_10663b89a2e300e","separatorType":"blank","className":"","height":"3","enableCl":false,"relations":false,"cl_rule":"show","col":6,"type":"separator","error":false,"gt_translate_keys":[],"price_dependency":false,"cl_dependency":false,"value":""}],[{"active":true,"col":6,"relations":[{"operator":false,"rules":[{"operator":"AND","rules":{"cl_field":"radio-group_565c78ffa81208","cl_relation":"is","cl_val":"3 Hour Trip"}}]}],"cl_rule":"show","enableCl":false,"price":"","enablePrice":false,"className":"","label_position":"default","desc_position":"default","type":"select","required":false,"elementId":"select_2663b89a2e3017","label":"\u23f0 Departure","name":"select_2663b89a2e3017","values":[{"label":"09:00","value":"09:00","selected":false,"tempId":"aco_1471","gt_translate_keys":["label"]},{"label":"10:00","value":"10:00","selected":false,"tempId":"aco_1472","gt_translate_keys":["label"]},{"label":"11:00","value":"11:00","selected":false,"tempId":"aco_1500","gt_translate_keys":["label"]},{"label":"12:00","value":"12:00","selected":false,"tempId":"aco_1510","gt_translate_keys":["label"]},{"label":"13:00 (1:00 PM)","value":"13:00","selected":false,"tempId":"aco_1520","gt_translate_keys":["label"]},{"label":"14:00 (2:00 PM)","value":"14:00","selected":false,"tempId":"aco_1728","gt_translate_keys":["label"]},{"label":"15:00 (3:00 PM)","value":"15:00","selected":false,"tempId":"aco_1738","gt_translate_keys":["label"]},{"label":"16:30 (4:30 PM)","value":"16:30","selected":false,"tempId":"aco_100","gt_translate_keys":["label"]}],"dropdown_type":"basic","error":false,"placeholder":"Whichever Time is Best","isWeightTemplate":false,"isTemplate":false,"min_quantity":"1","quantity_decimal":false,"quantity_step":"1","quantity_label":"Quantity","repeater_field_label":"{field_label}","repeater_bind":"","gt_translate_keys":["label","placeholder","repeater_field_label","quantity_label"],"price_dependency":false,"cl_dependency":false,"value":""}],[{"elementId":"separator_8663b89a2e3021","separatorType":"blank","className":"","height":"1","enableCl":false,"relations":false,"cl_rule":"show","col":6,"type":"separator","error":false,"gt_translate_keys":[],"price_dependency":false,"cl_dependency":false,"value":""}]]}},"config":{"price_override":"always","enable_recaptcha":false,"bind_quantity":false,"quantity_bind_formula":false,"disp_summ_show_option_price":true,"disp_summ_show_product_price":false,"disp_summ_show_total_price":false,"disp_summ_show_fee":true,"disp_summ_show_discount":true,"summary_title":"","options_total_label":"Options Price","total_label":"Deposit Amount","options_product_label":"Product Price","fee_label":"Fee","discount_label":"Discount","has_price":true,"has_quantity_formula":false},"mc_unit":1,"tax_rate":1,"tax_rate_real":1,"discount":{"percentage":0,"fixed":0},"design":{"conf":{"LabelPosition":"above","DescPosition":"above","UploadField":"custom_1","QuantityFieldStyle":"custom_1"},"css":{"LeftLabelWidth":"120px"}},"formulas":{"fmla_1708360988969136756":"(({field.select_2663a0ecdc488f.value}>=5)?(640):(({field.select_2663a0ecdc488f.value}>=4)?(520):(({field.select_2663a0ecdc488f.value}>=3)?(440):(0))))","fmla_1708364241278155361":"(({field.select_5841412719.value}>=8)?({field.select_5841412719.price}):(({field.select_5841412719.value}>=5)?({field.select_5841412719.price}):(({field.select_5841412719.value}>=3)?({field.select_5841412719.price}):(0))))"},"lookuptables":[],"clones":false,"cartKey":false}},"_links":{"self":[{"href":"https:\/\/canaryvip.com\/fr\/wp-json\/wp\/v2\/product\/9938","targetHints":{"allow":["GET"]}}],"collection":[{"href":"https:\/\/canaryvip.com\/fr\/wp-json\/wp\/v2\/product"}],"about":[{"href":"https:\/\/canaryvip.com\/fr\/wp-json\/wp\/v2\/types\/product"}],"replies":[{"embeddable":true,"href":"https:\/\/canaryvip.com\/fr\/wp-json\/wp\/v2\/comments?post=9938"}],"wp:featuredmedia":[{"embeddable":true,"href":"https:\/\/canaryvip.com\/fr\/wp-json\/wp\/v2\/media\/13629"}],"wp:attachment":[{"href":"https:\/\/canaryvip.com\/fr\/wp-json\/wp\/v2\/media?parent=9938"}],"wp:term":[{"taxonomy":"product_brand","embeddable":true,"href":"https:\/\/canaryvip.com\/fr\/wp-json\/wp\/v2\/product_brand?post=9938"},{"taxonomy":"product_cat","embeddable":true,"href":"https:\/\/canaryvip.com\/fr\/wp-json\/wp\/v2\/product_cat?post=9938"},{"taxonomy":"product_tag","embeddable":true,"href":"https:\/\/canaryvip.com\/fr\/wp-json\/wp\/v2\/product_tag?post=9938"}],"curies":[{"name":"wp","href":"https:\/\/api.w.org\/{rel}","templated":true}]}}