{"id":9834,"date":"2024-02-15T22:11:39","date_gmt":"2024-02-15T22:11:39","guid":{"rendered":"https:\/\/canaryvip.com\/?post_type=product&#038;p=9834"},"modified":"2025-08-09T12:53:55","modified_gmt":"2025-08-09T11:53:55","slug":"forestal-park-tenerife","status":"publish","type":"product","link":"https:\/\/canaryvip.com\/fr\/shop\/forestal-park-tenerife\/","title":{"rendered":"Parc forestier de T\u00e9n\u00e9rife"},"content":{"rendered":"<h2><strong>\ud83c\udf32 Forestal Park Tenerife : Plongez dans le terrain de jeu de la nature !<\/strong><\/h2>\n<p>Embarquez pour une aventure sans pr\u00e9c\u00e9dent \u00e0 <strong>Parc forestier de T\u00e9n\u00e9rife,<\/strong> o\u00f9 les sensations fortes du plein air rencontrent la beaut\u00e9 sereine des for\u00eats de pins centenaires. Vivez l'exp\u00e9rience de naviguer dans le plus grand parc de tyroliennes et d'aventures des \u00eeles Canaries. Avec plus de 90 d\u00e9fis uniques en haute altitude, y compris des ponts suspendus, des filets, des lianes et des tyroliennes \u00e0 couper le souffle, votre esprit d'aventure atteindra de nouveaux sommets.<\/p>\n<h3><strong>\ud83c\udfa2 Pourquoi choisir notre aventure ?<\/strong><\/h3>\n<ul>\n<li><strong>Amusement garanti :<\/strong> R\u00e9servez votre place \u00e0 l'avance et \u00e9vitez la d\u00e9ception d'un parc plein.<\/li>\n<li><strong>R\u00e9ductions exclusives :<\/strong> Profitez de r\u00e9ductions exclusives pour r\u00e9server votre prochaine aventure avec nous !<\/li>\n<li><strong>Des plans flexibles :<\/strong> Changement de programme ? Notre politique d'annulation souple vous couvre.<\/li>\n<li><strong>Conseils d'initi\u00e9s :<\/strong> Profitez de nos exp\u00e9riences de premi\u00e8re main et de nos recommandations pour la meilleure aventure.<\/li>\n<\/ul>\n<h3><strong>\ud83d\udc65 Team Building et aventures en groupe<\/strong><\/h3>\n<p>Renforcez la camaraderie et forgez des liens durables au sein de votre groupe gr\u00e2ce \u00e0 nos diverses aventures de renforcement de l'esprit d'\u00e9quipe. <strong>Parc forestier de T\u00e9n\u00e9rife<\/strong> offre une toile de fond distinctive, id\u00e9ale pour renforcer l'esprit d'\u00e9quipe parmi les membres de l'\u00e9quipe. <strong>les groupes d'entreprises,<\/strong>\u00a0c\u00e9l\u00e9brer des moments particuliers avec <strong>amis,<\/strong>\u00a0marquant des \u00e9tapes importantes comme <strong>anniversaires,<\/strong>\u00a0ou d'apporter <strong>les grandes r\u00e9unions de famille<\/strong> plus proches les uns des autres.<\/p>\n<p>plus proches les uns des autres. Nos d\u00e9fis soigneusement \u00e9labor\u00e9s ne se contentent pas de divertir, ils favorisent \u00e9galement le travail d'\u00e9quipe, la communication et un sentiment partag\u00e9 de triomphe et d'unit\u00e9 au sein de tous les types de groupes. Que vous cherchiez \u00e0 renforcer des \u00e9quipes d'entreprise, \u00e0 cr\u00e9er des souvenirs d'anniversaire inoubliables, \u00e0 unir des amis dans l'aventure ou \u00e0 rassembler des familles \u00e9largies pour une journ\u00e9e de plaisir, notre parc garantit une exp\u00e9rience inclusive, engageante et m\u00e9morable pour tout le monde.<\/p>\n<h3><strong>\ud83d\udee0\ufe0f Se pr\u00e9parer \u00e0 l'aventure<\/strong><\/h3>\n<ul>\n<li><strong>R\u00e9server \u00e0 l'avance :<\/strong> Garantissez votre entr\u00e9e en r\u00e9servant \u00e0 l'avance.<\/li>\n<li><strong>Conseils pour l'arriv\u00e9e<\/strong>: Situ\u00e9 \u00e0 La Esperanza, nous conseillons aux clients s\u00e9journant \u00e0 Tenerife Sud de planifier m\u00e9ticuleusement leur visite \u00e0 l'avance, car le trajet en voiture dure au moins une heure. Veuillez tenir compte des retards potentiels dus aux cyclistes locaux et \u00e0 l'\u00e9tat des routes de montagne pour garantir une arriv\u00e9e en douceur et en temps voulu.<\/li>\n<li><strong>Habillez-vous bien :<\/strong> Portez des v\u00eatements appropri\u00e9s pour une journ\u00e9e active en plein air.<\/li>\n<li><strong>Pr\u00e9-visite :<\/strong> Enregistrez-vous 30 minutes avant votre r\u00e9servation pour vous familiariser avec les installations du parc.<\/li>\n<\/ul>\n<h3><strong>\ud83c\udf33 L'aventure vous attend \u00e0 chaque coin de rue<\/strong><\/h3>\n<ul>\n<li><strong>Des d\u00e9fis vari\u00e9s :<\/strong> Des promenades sereines aux sensations fortes, notre parc s'adresse \u00e0 tous les niveaux d'amateurs d'aventure.<\/li>\n<li><strong>S\u00e9curit\u00e9 constante :<\/strong> Notre \u00e9quipe de professionnels veille \u00e0 ce que vous soyez toujours connect\u00e9 en toute s\u00e9curit\u00e9, pour une exp\u00e9rience sans souci.<\/li>\n<li><strong>Plus d'informations \u00e0 d\u00e9couvrir :<\/strong> D\u00e9couvrez le vaste \u00e9ventail d'aventures que Tenerife a \u00e0 offrir au-del\u00e0 de la cime des arbres.<\/li>\n<\/ul>\n<h3><strong>\ud83c\udfde\ufe0f Caract\u00e9ristiques de notre parc ext\u00e9rieur<\/strong><\/h3>\n<ul>\n<li><strong>Nature exquise :<\/strong> Plongez dans la biodiversit\u00e9 luxuriante des for\u00eats de T\u00e9n\u00e9riffe.<\/li>\n<li><strong>Activit\u00e9s pour tous :<\/strong> Profitez d'une vari\u00e9t\u00e9 de d\u00e9fis dans les arbres qui conviennent \u00e0 tous les \u00e2ges et \u00e0 tous les niveaux de comp\u00e9tence.<\/li>\n<li><strong>Conseils d'experts :<\/strong> Nos instructeurs qualifi\u00e9s garantissent une aventure amusante et s\u00fbre pour tout le monde.<\/li>\n<li><strong>Conscience \u00e9cologique :<\/strong> Notre engagement en faveur de la durabilit\u00e9 signifie profiter de la nature sans lui nuire.<\/li>\n<li><strong>Am\u00e9nagements :<\/strong> Faites le plein \u00e0 notre caf\u00e9 et profitez de nos installations propres pour passer une journ\u00e9e confortable.<\/li>\n<\/ul>\n<h3><strong>\ud83d\udcc5 Planifiez votre visite<\/strong><\/h3>\n<ul>\n<li><strong>Heures d'aventure :<\/strong> Ouvert tous les jours de 10h00 \u00e0 18h00. Veillez \u00e0 arriver avant 16h30 pour la derni\u00e8re entr\u00e9e.<\/li>\n<li><strong>R\u00e9servation en ligne facile :<\/strong> \u00c9vitez les files d'attente en r\u00e9servant vos billets en ligne. V\u00e9rifiez les tarifs sp\u00e9ciaux et les r\u00e9ductions !<\/li>\n<\/ul>\n<h3><strong>\ud83d\udee1\ufe0f R\u00e9servation Tranquillit\u00e9 d'esprit<\/strong><\/h3>\n<ul>\n<li><strong>Confirmation instantan\u00e9e :<\/strong> Recevez un courriel de confirmation avec les d\u00e9tails de votre r\u00e9servation et un num\u00e9ro de r\u00e9f\u00e9rence unique.<\/li>\n<li><strong>Offres sp\u00e9ciales :<\/strong> Toutes les r\u00e9servations sont assorties d'une r\u00e9duction sp\u00e9ciale pour votre prochaine aventure, ainsi que de r\u00e9ductions pour les groupes.<\/li>\n<li><strong>Engagement en mati\u00e8re de s\u00e9curit\u00e9 :<\/strong> Le respect de nos consignes de s\u00e9curit\u00e9 est essentiel pour une visite amusante et s\u00fbre.<\/li>\n<li><strong>Annulation r\u00e9fl\u00e9chie :<\/strong> Politique d'annulation flexible permettant des changements gratuits jusqu'\u00e0 48 heures avant la r\u00e9servation. Les annulations dans les 48 heures sont soumises \u00e0 des frais de 50%, et les non-pr\u00e9sentations ne sont pas remboursables.<\/li>\n<\/ul>\n<h4><strong>\ud83c\udf04 Pr\u00eat \u00e0 vivre l'ultime aventure en plein air ?<\/strong><\/h4>\n<p>Rejoignez-nous pour un voyage \u00e0 travers les cimes des arbres et d\u00e9couvrez la beaut\u00e9 naturelle de Tenerife vue du ciel. R\u00e9servez votre aventure d\u00e8s maintenant et entrez dans un monde d'excitation et de d\u00e9couverte ! \ud83c\udf32\ud83c\udfde\ufe0f<\/p>","protected":false},"excerpt":{"rendered":"<p>\ud83d\udd0d <strong>Parc forestier de T\u00e9n\u00e9rife<\/strong>:<br \/>\n\u2705 Paiement s\u00e9curis\u00e9.<br \/>\n\ud83c\udf32 Le plus grand parc de tyroliennes et d'aventures.<br \/>\n\ud83d\udc64 Activit\u00e9s pour tous les \u00e2ges.<br \/>\n\ud83d\udd56 Ouvert de 10h00 \u00e0 18h00.<br \/>\n\ud83d\udcc5 Ven, sam et dim.<br \/>\n\ud83d\ude97 Parking disponible pour les visiteurs.<br \/>\n\ud83e\udd7e \u00c9quipement de s\u00e9curit\u00e9 fourni.<br \/>\n\ud83e\udd11 Meilleur prix garanti.<br \/>\n\ud83d\udc68\u200d\ud83d\udc69\u200d\ud83d\udc67\u200d\ud83d\udc66 R\u00e9ductions pour les groupes et les familles.<br \/>\n\ud83c\udf10 Personnel multilingue.<br \/>\n\ud83c\udf32 R\u00e9servation \u00e0 l'avance recommand\u00e9e.<br \/>\n\ud83d\udccd Situ\u00e9 \u00e0 <a href=\"https:\/\/maps.app.goo.gl\/JbRxgrnnevPucnau9\">La Esperanza, Tenerife<\/a>.<\/p>","protected":false},"featured_media":9837,"comment_status":"open","ping_status":"closed","template":"","meta":{"_acf_changed":false},"product_brand":[],"product_cat":[82],"product_tag":[],"class_list":{"0":"post-9834","1":"product","2":"type-product","3":"status-publish","4":"has-post-thumbnail","6":"product_cat-fun-activities","7":"wcpa_has_options","9":"first","10":"instock","11":"virtual","12":"purchasable","13":"product-type-simple"},"acf":[],"wcpa_form_fields":{"wcpaData":{"product":{"product_price":26,"price_html":"From&nbsp;<span class=\"woocommerce-Price-amount amount\"><bdi>26,00&nbsp;<span class=\"woocommerce-Price-currencySymbol\">&euro;<\/span><\/bdi><\/span>","original_product_price":26,"price_including_tax":26,"price_excluding_tax":26,"product_id":{"parent":9834,"variation":false},"is_variable":false,"stock_status":"instock","stock_quantity":null,"parent_sku":"CV9834","product_attributes":[],"custom_fields":[],"is_taxable":false,"product_name":"Forestal Park Tenerife","hasImage":false},"fields":{"sec_465e50fd642ff4":{"extra":{"key":"sec_465e50fd642ff4","section_id":"sec_465e50fd642ff4","name":"Default","status":1,"cl_rule":"show","enableCl":false,"relations":[],"toggle":true,"title_tag":"h3","show_title":false,"showPrice":"default","form_id":10220,"form_rules":{"exclude_from_discount":true,"fee_label":"Fee","disp_hide_options_price":true,"disp_show_section_price":false,"disp_show_field_price":true,"layout_option":"standard","pric_use_as_fee":false,"process_fee_as":"woo_fee"},"layout_option":"standard"},"fields":[[{"label":"\ud83d\udcc5 Date","active":true,"required":true,"elementId":"date_365e50fd643030","picker_type":"custom","picker_mode":"single","placeholder":"","description":"","tooltip":"","name":"date_365e50fd643030","label_position":"default","desc_position":"default","enablePrice":false,"className":"","enableCl":false,"relations":[{"operator":"and","rules":[{"operator":"AND","rules":{"cl_field":"radio-group_365e50fd643015","cl_relation":"is","cl_val":"3 Hour Trip"}}]}],"date_pic_inline":true,"date_pic_inline_hide":true,"min_date":{"type":"days","val":"2"},"max_date":{"type":"days","val":"365"},"date_pic_conf":{"disabledWeeks":[1,2,3,4]},"price":"","cl_rule":"show","col":6,"type":"date","error":false,"enableDesign":false,"LabelColor":"","gt_translate_keys":["label","placeholder","description","tooltip"],"price_dependency":false,"cl_dependency":false,"value":""}],[{"active":true,"col":6,"relations":[{"operator":false,"rules":[{"operator":"AND","rules":{"cl_field":"","cl_relation":"","cl_val":""}}]}],"cl_rule":"show","enableCl":false,"price":"","enablePrice":false,"className":"","label_position":"default","desc_position":"default","type":"radio-group","required":true,"elementId":"radio-group_365e50fd643015","label":"\ud83c\udf1f Type of Ticket","name":"radio-group_365e50fd643015","values":[{"label":"Regular Tickets (26\u20ac)","value":"Regular Tickets","selected":false,"tempId":"aco_28","description":"Regular Admission Tickets.","gt_translate_keys":["label","description"]},{"label":"Resident Tickets (22\u20ac)","value":"Resident Tickets","selected":false,"tempId":"aco_30","description":"Regular Tickets for Canary Island Residents. You must present a valid document as proof of residency.","gt_translate_keys":["label","description"]}],"layOut":"","error":false,"checkUi":"toggle","enableDesign":false,"scrollBar":false,"description":"","other":false,"options_description":true,"show_selected_option":false,"gt_translate_keys":["label","description"],"price_dependency":false,"cl_dependency":[false,false],"value":""}]]},"sec_665e50fd643017":{"extra":{"key":"sec_665e50fd643017","section_id":"sec_665e50fd643017","name":"Regular Tickets","status":1,"cl_rule":"show","enableCl":true,"relations":[{"operator":false,"rules":[{"operator":"AND","rules":{"cl_field":"radio-group_365e50fd643015","cl_relation":"is","cl_val":"Regular Tickets"}}]}],"toggle":true,"title_tag":"h4","show_title":false,"showPrice":"default","form_id":10220,"form_rules":{"exclude_from_discount":true,"fee_label":"Fee","disp_hide_options_price":true,"disp_show_section_price":false,"disp_show_field_price":true,"layout_option":"standard","pric_use_as_fee":false,"process_fee_as":"woo_fee"},"layout_option":"standard"},"fields":[[{"elementId":"separator_1065e50fd64303b","separatorType":"blank","className":"","height":"10","enableCl":false,"relations":false,"cl_rule":"show","col":6,"type":"separator","gt_translate_keys":[],"price_dependency":false,"cl_dependency":false,"value":""}],[{"active":true,"col":6,"relations":false,"cl_rule":"show","enableCl":false,"price":"","enablePrice":false,"className":"","label_position":"default","desc_position":"default","type":"content","required":false,"elementId":"content_565e50fd643045","label":"People","name":"content_565e50fd643045","contentType":"plain","value":"","error":false,"show_in_checkout":true,"inline":false,"gt_translate_keys":["label","value"],"price_dependency":false,"cl_dependency":false}],[{"active":true,"col":6,"relations":[{"operator":false,"rules":[{"operator":"AND","rules":{"cl_field":"","cl_relation":"","cl_val":""}}]}],"cl_rule":"show","enableCl":true,"price":"26","enablePrice":true,"className":"","label_position":"default","desc_position":"default","type":"radio-group","required":false,"elementId":"radio-group_565e50fd643051","label":"","name":"radio-group_565e50fd643051","values":[{"label":"\ud83d\udc64 Adult (26\u20ac)","value":"Adult (26<\u20ac)","selected":true,"tempId":"aco_32","tooltip":"+13 Years","description":"","gt_translate_keys":["label","tooltip","description"]}],"layOut":"","error":false,"checkUi":"button","priceOptions":"fixed_for_all","pricingType":"fixed","enable_quantity":true,"quantity_label":"","min_quantity":"0","options_tooltip":true,"options_description":true,"gt_translate_keys":["label","quantity_label"],"price_dependency":false,"cl_dependency":false,"value":""}],[{"label":"","active":true,"required":false,"elementId":"radio-group_965e50fd64305c","name":"radio-group_965e50fd64305c","label_position":"default","desc_position":"default","enablePrice":true,"className":"","enableCl":false,"relations":false,"enable_quantity":true,"quantity_label":"","min_quantity":"0","checkUi":"button","layOut":"","values":[{"label":"\ud83d\udc66 Child (21\u20ac)","value":"Child (21\u20ac)","selected":true,"tempId":"aco_32","tooltip":"5-12 Years","description":"","gt_translate_keys":["label","tooltip","description"]}],"priceOptions":"fixed_for_all","pricingType":"fixed","price":"21","cl_rule":"show","col":6,"type":"radio-group","error":false,"options_tooltip":true,"options_description":true,"gt_translate_keys":["label","quantity_label"],"price_dependency":false,"cl_dependency":false,"value":""}]]},"sec_965e50fd6430a4":{"extra":{"key":"sec_965e50fd6430a4","section_id":"sec_965e50fd6430a4","name":"Resident Tickets","status":1,"cl_rule":"show","enableCl":true,"relations":[{"operator":false,"rules":[{"operator":"AND","rules":{"cl_field":"radio-group_365e50fd643015","cl_relation":"is","cl_val":"Resident Tickets"}}]}],"toggle":true,"title_tag":"h4","show_title":false,"showPrice":"default","form_id":10220,"form_rules":{"exclude_from_discount":true,"fee_label":"Fee","disp_hide_options_price":true,"disp_show_section_price":false,"disp_show_field_price":true,"layout_option":"standard","pric_use_as_fee":false,"process_fee_as":"woo_fee"},"layout_option":"standard"},"fields":[[{"elementId":"separator_465e50fd6430c1","separatorType":"blank","className":"","height":"10","enableCl":false,"relations":false,"cl_rule":"show","col":6,"type":"separator","gt_translate_keys":[],"price_dependency":false,"cl_dependency":false,"value":""}],[{"contentType":"plain","active":true,"label":"People","elementId":"content_865e50fd6430cb","value":"","inline":false,"show_in_checkout":true,"name":"content_865e50fd6430cb","enablePrice":false,"className":"","enableCl":false,"relations":false,"price":"","cl_rule":"show","col":6,"type":"content","gt_translate_keys":["label","value"],"price_dependency":false,"cl_dependency":false}],[{"label":"","active":true,"required":false,"elementId":"radio-group_665e50fd6430d6","name":"radio-group_665e50fd6430d6","label_position":"default","desc_position":"default","enablePrice":true,"className":"","enableCl":true,"relations":[{"operator":false,"rules":[{"operator":"AND","rules":{"cl_field":"","cl_relation":"","cl_val":""}}]}],"enable_quantity":true,"quantity_label":"","min_quantity":"0","checkUi":"button","layOut":"","options_tooltip":true,"values":[{"label":"\ud83d\udc64 Adult (22\u20ac)","value":"Adult (22\u20ac)","selected":true,"tempId":"aco_32","tooltip":"+13 Years","gt_translate_keys":["label","tooltip"]}],"priceOptions":"fixed_for_all","pricingType":"fixed","price":"22","cl_rule":"show","col":6,"type":"radio-group","error":false,"gt_translate_keys":["label","quantity_label"],"price_dependency":false,"cl_dependency":false,"value":""}],[{"label":"","active":true,"required":false,"elementId":"radio-group_465e50fd6430e0","name":"radio-group_465e50fd6430e0","label_position":"default","desc_position":"default","enablePrice":true,"className":"","enableCl":false,"relations":false,"enable_quantity":true,"quantity_label":"","min_quantity":"0","checkUi":"button","layOut":"","options_tooltip":true,"values":[{"label":"\ud83d\udc66 Child (15\u20ac)","value":"Children (15\u20ac)","selected":true,"tempId":"aco_32","tooltip":"5-12 Years","gt_translate_keys":["label","tooltip"]}],"priceOptions":"fixed_for_all","pricingType":"fixed","price":"15","cl_rule":"show","col":6,"type":"radio-group","error":false,"gt_translate_keys":["label","quantity_label"],"price_dependency":false,"cl_dependency":false,"value":""}]]}},"config":{"price_override":"always","enable_recaptcha":false,"bind_quantity":false,"quantity_bind_formula":false,"disp_summ_show_option_price":true,"disp_summ_show_product_price":false,"disp_summ_show_total_price":true,"disp_summ_show_fee":true,"disp_summ_show_discount":true,"summary_title":"","options_total_label":"Options Price","total_label":"Total Amount","options_product_label":"Product Price","fee_label":"Fee","discount_label":"Discount","has_price":true,"has_quantity_formula":false},"mc_unit":1,"tax_rate":1,"tax_rate_real":1,"discount":{"percentage":0,"fixed":0},"design":{"conf":{"LabelPosition":"above","DescPosition":"above","UploadField":"custom_1","QuantityFieldStyle":"custom_1"},"css":{"LeftLabelWidth":"120px"}},"formulas":[],"lookuptables":[],"clones":false,"cartKey":false}},"_links":{"self":[{"href":"https:\/\/canaryvip.com\/fr\/wp-json\/wp\/v2\/product\/9834","targetHints":{"allow":["GET"]}}],"collection":[{"href":"https:\/\/canaryvip.com\/fr\/wp-json\/wp\/v2\/product"}],"about":[{"href":"https:\/\/canaryvip.com\/fr\/wp-json\/wp\/v2\/types\/product"}],"replies":[{"embeddable":true,"href":"https:\/\/canaryvip.com\/fr\/wp-json\/wp\/v2\/comments?post=9834"}],"wp:featuredmedia":[{"embeddable":true,"href":"https:\/\/canaryvip.com\/fr\/wp-json\/wp\/v2\/media\/9837"}],"wp:attachment":[{"href":"https:\/\/canaryvip.com\/fr\/wp-json\/wp\/v2\/media?parent=9834"}],"wp:term":[{"taxonomy":"product_brand","embeddable":true,"href":"https:\/\/canaryvip.com\/fr\/wp-json\/wp\/v2\/product_brand?post=9834"},{"taxonomy":"product_cat","embeddable":true,"href":"https:\/\/canaryvip.com\/fr\/wp-json\/wp\/v2\/product_cat?post=9834"},{"taxonomy":"product_tag","embeddable":true,"href":"https:\/\/canaryvip.com\/fr\/wp-json\/wp\/v2\/product_tag?post=9834"}],"curies":[{"name":"wp","href":"https:\/\/api.w.org\/{rel}","templated":true}]}}