{"id":9654,"date":"2024-02-11T16:27:15","date_gmt":"2024-02-11T16:27:15","guid":{"rendered":"https:\/\/canaryvip.com\/?post_type=product&#038;p=9654"},"modified":"2026-03-26T13:04:23","modified_gmt":"2026-03-26T13:04:23","slug":"book-scandal-dinner-show","status":"publish","type":"product","link":"https:\/\/canaryvip.com\/fr\/shop\/book-scandal-dinner-show\/","title":{"rendered":"Scandal D\u00eener-spectacle Tenerife"},"content":{"rendered":"<h2><strong>\ud83c\udfad Scandal D\u00eener-spectacle burlesque<\/strong><\/h2>\n<p>Une soir\u00e9e de luxe, d'humour et de spectacles captivants est propos\u00e9e \u00e0 la <strong>Scandal D\u00eener-spectacle burlesque.<\/strong> Cet \u00e9v\u00e9nement, con\u00e7u pour ceux qui recherchent une sortie nocturne de haut niveau, combine l'attrait du burlesque avec des num\u00e9ros de com\u00e9die, de magie et de musique attrayants. <strong>CanaryVIP<\/strong> invite les habitants et les visiteurs \u00e0 vivre une exp\u00e9rience m\u00e9morable.<\/p>\n<h3><strong>\ud83c\udf7d\ufe0f D\u00eener luxueux au GF Victoria 5*<\/strong><\/h3>\n<ul>\n<li><strong>Localisation :<\/strong> La prestigieuse <a href=\"https:\/\/www.google.com\/maps\/place\/GF+Victoria\/@28.0917871,-16.7412967,17z\/data=!3m1!4b1!4m9!3m8!1s0xc6a974d01c4268f:0x3c0e40669a61bb47!5m2!4m1!1i2!8m2!3d28.0917871!4d-16.7387218!16s%2Fg%2F11bvv59vv2?entry=tts&amp;g_ep=EgoyMDI0MDUwOC4wKgBIAVAD\" target=\"_blank\" rel=\"noopener\">GF Victoria<\/a> Un h\u00f4tel 5* \u00e0 Costa Adeje sert de lieu de r\u00e9ception, offrant un m\u00e9lange parfait de commodit\u00e9 et de grandeur pour une soir\u00e9e inoubliable.<\/li>\n<li><strong>Cuisine :<\/strong> Les h\u00f4tes peuvent d\u00e9guster un somptueux repas de 5 plats, m\u00e9ticuleusement pr\u00e9par\u00e9s \u00e0 partir des meilleurs ingr\u00e9dients et servis avec une \u00e9l\u00e9gance professionnelle. Chaque plat promet d'enchanter les papilles avec des d\u00e9lices culinaires.<\/li>\n<\/ul>\n<h3><strong>\ud83d\udd70\ufe0f Itin\u00e9raire de la soir\u00e9e<\/strong><\/h3>\n<ul>\n<li><strong>Horaire :<\/strong> La soir\u00e9e d\u00e9bute \u00e0 20h00, les repr\u00e9sentations commencent \u00e0 20h30 et durent environ 3 heures. Apr\u00e8s le spectacle, les invit\u00e9s sont convi\u00e9s au Skybar de l'h\u00f4tel pour une longue nuit de d\u00e9tente et de cocktails dans un d\u00e9cor \u00e9poustouflant.<\/li>\n<li><strong>Tenue vestimentaire :<\/strong> Les invit\u00e9s sont encourag\u00e9s \u00e0 porter une tenue de soir\u00e9e \u00e9l\u00e9gante, refl\u00e9tant l'ambiance sophistiqu\u00e9e de l'\u00e9v\u00e9nement. Ce rassemblement est destin\u00e9 aux invit\u00e9s \u00e2g\u00e9s de 16 ans et plus, ce qui garantit une exp\u00e9rience mature et \u00e9l\u00e9gante.<\/li>\n<\/ul>\n<h3><strong>\ud83c\udf9f\ufe0f Choisissez votre soir\u00e9e parfaite<\/strong><\/h3>\n<ul>\n<li><strong>Golden Pass :<\/strong> Plongez dans le spectacle avec un menu de d\u00e9gustation gastronomique, accompagn\u00e9 d'un \u00e9ventail de boissons \u00e0 volont\u00e9 pour une nuit vraiment indulgente.<\/li>\n<li><strong>Exp\u00e9rience platine :<\/strong> Pour un luxe suppl\u00e9mentaire, l'exp\u00e9rience Platinum comprend tous les avantages du Golden Pass, ainsi que l'intimit\u00e9 de votre propre table, ce qui rend la soir\u00e9e encore plus sp\u00e9ciale.<\/li>\n<\/ul>\n<h3><strong>\ud83d\udccd Your Seat to the Spectacle<\/strong><\/h3>\n<ul>\n<li>La salle est am\u00e9nag\u00e9e de mani\u00e8re \u00e0 ce que chaque invit\u00e9 ait une vue d\u00e9gag\u00e9e sur la sc\u00e8ne, ce qui rend chaque spectacle intimement agr\u00e9able, quel que soit l'angle sous lequel on se trouve.<\/li>\n<\/ul>\n<h3><strong>\ud83c\udf89 C\u00e9l\u00e9brations sur mesure<\/strong><\/h3>\n<ul>\n<li>Les occasions sp\u00e9ciales, des anniversaires aux r\u00e9unions d'entreprise, pouvant accueillir des groupes de 30 \u00e0 150 personnes, peuvent \u00eatre marqu\u00e9es. L'\u00e9quipe charg\u00e9e des \u00e9v\u00e9nements est pr\u00eate \u00e0 organiser des soir\u00e9es sur mesure.<\/li>\n<\/ul>\n<h3><strong>\ud83c\udf1f L'essence du spectacle burlesque :<\/strong><\/h3>\n<ul>\n<li><strong>Divertissement interactif :<\/strong> Les artistes s'engagent directement avec le public, favorisant une atmosph\u00e8re intime et vivante qui captive et ravit.<\/li>\n<li><strong>Une grande vari\u00e9t\u00e9 d'actes :<\/strong> Le spectacle offre une exp\u00e9rience vari\u00e9e et palpitante \u00e0 chaque num\u00e9ro, du burlesque classique aux interpr\u00e9tations contemporaines.<\/li>\n<\/ul>\n<h3><strong>\ud83c\udf72 Un menu pour tous les palais :<\/strong><\/h3>\n<p>Un menu vari\u00e9 est propos\u00e9, con\u00e7u pour r\u00e9pondre \u00e0 tous les go\u00fbts, y compris des options v\u00e9g\u00e9tariennes et v\u00e9g\u00e9taliennes sur demande. Les plats propos\u00e9s sont exquis :<\/p>\n<ul>\n<li>Des d\u00e9lices croustillants accompagn\u00e9s de ra\u00efta, de cr\u00e8me de ma\u00efs fum\u00e9 avec une pointe de coriandre, et de succulentes bajoues de porc ib\u00e9rique.<\/li>\n<li>P\u00e2tes paccheri d\u00e9licatement pr\u00e9par\u00e9es avec un riche rago\u00fbt de champignons, rehauss\u00e9 de touches de marinade.<\/li>\n<li>Porc noir tendrement cuit avec une sauce satay, accompagn\u00e9 d'un faux risotto pr\u00e9sent\u00e9 de mani\u00e8re cr\u00e9ative.<\/li>\n<li>Un dessert final compos\u00e9 de macarons aux fruits rouges et au chocolat blanc.<\/li>\n<\/ul>\n<h3><strong>\u2696\ufe0f Politique de r\u00e9servation et d'annulation :<\/strong><\/h3>\n<ul>\n<li><strong>R\u00e9servez \u00e0 l'avance pour b\u00e9n\u00e9ficier des avantages :<\/strong> R\u00e9server \u00e0 l'avance permet de b\u00e9n\u00e9ficier des meilleurs tarifs et de simplifier le processus de planification.<\/li>\n<li><strong>Annulations flexibles :<\/strong> Les annulations gratuites sont offertes jusqu'\u00e0 48 heures avant l'heure pr\u00e9vue du spectacle, ce qui permet une certaine souplesse dans les plans.<\/li>\n<li><strong>Les r\u00e9servations de groupe simplifi\u00e9es :<\/strong> Pour les f\u00eates de plus de 6 personnes, une politique d'annulation simple est appliqu\u00e9e jusqu'\u00e0 4 jours avant l'\u00e9v\u00e9nement. Les annulations effectu\u00e9es entre 2 et 4 jours avant l'\u00e9v\u00e9nement donnent droit \u00e0 un remboursement 50%.<\/li>\n<\/ul>\n<h3><strong>\ud83c\udf92 Se pr\u00e9parer pour la nuit :<\/strong><\/h3>\n<ul>\n<li><strong>Code vestimentaire :<\/strong> Il est conseill\u00e9 aux invit\u00e9s de porter leur plus belle tenue de soir\u00e9e pour s'adapter au cadre \u00e9l\u00e9gant de l'\u00e9v\u00e9nement. Les jeans et les t-shirts sont acceptables, mais les tenues de sport et les shorts sont d\u00e9conseill\u00e9s pour pr\u00e9server l'atmosph\u00e8re haut de gamme.<\/li>\n<li><strong>Informations sur le stationnement :<\/strong> Un parking pratique est disponible pr\u00e8s du centre commercial Plaza del Duque, \u00e0 quelques minutes de marche de l'\u00e9tablissement, ce qui permet \u00e0 tous les clients d'y acc\u00e9der facilement.<\/li>\n<\/ul>\n<h4><strong>\ud83c\udf1f Une soir\u00e9e inoubliable vous attend<\/strong><\/h4>\n<p>Le Scandal Burlesque <a href=\"https:\/\/canaryvip.com\/fr\/tenerife\/evening-shows\/\">D\u00eener-spectacle<\/a> promet d'\u00eatre le point culminant de votre visite \u00e0 T\u00e9n\u00e9riffe avec <strong>CanaryVIP.<\/strong>\u00a0R\u00e9servez vos billets d\u00e8s maintenant pour un m\u00e9lange in\u00e9gal\u00e9 de divertissement, de restauration et de vues panoramiques. \ud83c\udf0c\ud83c\udf78<\/p>","protected":false},"excerpt":{"rendered":"<p><strong>\ud83d\udd0d Scandal Show Highlights :<\/strong><br \/>\n\u2705 Paiement s\u00e9curis\u00e9.<br \/>\n\ud83d\udc83 Burlesque-Style Show.<br \/>\n\ud83d\udd59 Tous les samedis \u00e0 20h30.<br \/>\n\ud83c\udf5b D\u00eener inclus.<br \/>\n\ud83c\udf77 Le vin et les boissons non alcoolis\u00e9es sont inclus.<br \/>\n\ud83c\udf0d Anglais et espagnol Animateur.<br \/>\n\u2705 +16 Adultes seulement.<br \/>\n\ud83d\ude80 Tr\u00e8s populaire !<br \/>\n\ud83e\udd11 Meilleur prix garanti.<br \/>\n\ud83d\udc6a R\u00e9ductions pour les r\u00e9servations de groupe.<br \/>\n\ud83d\udd01 Annulation gratuite jusqu'\u00e0 48h.<br \/>\n\ud83c\udf1f R\u00e9servez t\u00f4t, les places se remplissent vite!<br \/>\n\ud83d\udccd Lieu \u00e0 <a href=\"https:\/\/maps.app.goo.gl\/boB3JcWYHb8AiGY58\">H\u00f4tel GF Victoria<\/a>.<\/p>","protected":false},"featured_media":9659,"comment_status":"open","ping_status":"closed","template":"","meta":{"_acf_changed":false},"product_brand":[],"product_cat":[59],"product_tag":[],"class_list":{"0":"post-9654","1":"product","2":"type-product","3":"status-publish","4":"has-post-thumbnail","6":"product_cat-evening-shows","7":"wcpa_has_options","9":"first","10":"instock","11":"virtual","12":"purchasable","13":"product-type-simple"},"acf":[],"wcpa_form_fields":{"wcpaData":{"product":{"product_price":94,"price_html":"From&nbsp;<span class=\"woocommerce-Price-amount amount\"><bdi>94,00&nbsp;<span class=\"woocommerce-Price-currencySymbol\">&euro;<\/span><\/bdi><\/span>","original_product_price":94,"price_including_tax":94,"price_excluding_tax":94,"product_id":{"parent":9654,"variation":false},"is_variable":false,"stock_status":"instock","stock_quantity":null,"parent_sku":"CV9654","product_attributes":[],"custom_fields":[],"is_taxable":false,"product_name":"Scandal Dinner Show Tenerife","hasImage":false},"fields":{"sec_165e506ca90d2c":{"extra":{"key":"sec_165e506ca90d2c","section_id":"sec_165e506ca90d2c","name":"Default","status":1,"cl_rule":"show","enableCl":false,"relations":[],"toggle":true,"title_tag":"h3","show_title":false,"showPrice":"default","form_id":10217,"form_rules":{"exclude_from_discount":true,"fee_label":"Fee","disp_hide_options_price":true,"disp_show_section_price":false,"disp_show_field_price":true,"layout_option":"standard","pric_use_as_fee":false,"process_fee_as":"woo_fee"},"layout_option":"standard"},"fields":[[{"label":"\ud83d\udcc5 Date","active":true,"required":true,"elementId":"date_265e506ca90d6a","picker_type":"custom","picker_mode":"single","placeholder":"","description":"","tooltip":"","name":"date_265e506ca90d6a","label_position":"default","desc_position":"default","enablePrice":false,"className":"","enableCl":false,"relations":[{"operator":"and","rules":[{"operator":"AND","rules":{"cl_field":"radio-group_765e506ca90d4e","cl_relation":"is_not_empty","cl_val":"3 Hour Trip"}}]}],"date_pic_inline":true,"date_pic_inline_hide":true,"min_date":{"type":"days","val":"1"},"max_date":{"type":"days","val":"180"},"date_pic_conf":{"disabledWeeks":[0,1,2,3,4,5],"disabledDates":["2024-05-25","2024-08-10","2024-11-02","2024-12-14","2024-12-27 to 2024-12-28","2026-04-17"]},"price":"","cl_rule":"show","col":6,"type":"date","error":false,"enableDesign":false,"LabelColor":"","date_conf_custom":{"minDate":"let d = new Date();\nif (d.getHours() >= 18) {\n  d.setDate(d.getDate() + 3);\n} else if (d.getHours() >= 12) {\n  d.setDate(d.getDate() + 1);\n} else {\nd.setDate(d.getDate());\n}\nreturn d;"},"isWeightTemplate":false,"isTemplate":false,"min_quantity":"1","quantity_decimal":false,"quantity_step":"1","quantity_label":"Quantity","repeater_field_label":"{field_label}","repeater_bind":"","gt_translate_keys":["label","placeholder","description","tooltip","repeater_field_label","quantity_label"],"price_dependency":false,"cl_dependency":["radio-group_765e506ca90d4e","radio-group_765e506ca90d4e"],"value":""}],[{"active":true,"col":6,"relations":[{"operator":false,"rules":[{"operator":"AND","rules":{"cl_field":"","cl_relation":"","cl_val":""}}]}],"cl_rule":"show","enableCl":false,"price":"","enablePrice":false,"className":"","label_position":"default","desc_position":"default","type":"radio-group","required":true,"elementId":"radio-group_765e506ca90d4e","label":"\ud83c\udf1f Type of Ticket","name":"radio-group_765e506ca90d4e","values":[{"label":"Gold Entrance (94\u20ac)","value":"Gold Entrance","selected":false,"tempId":"aco_28","description":"Enjoy the live show, tasting menu, and unlimited drinks.","gt_translate_keys":["label","description"]},{"label":"Platinum Entrance (114\u20ac)","value":"Platinum Entrance","selected":false,"tempId":"aco_29","description":"Enjoy the live show, tasting menu, unlimited drinks, and a private table.","options_cl":true,"relations":[{"operator":false,"rules":[{"operator":"or","rules":{"cl_field":"date_265e506ca90d6a","cl_relation":"is","cl_val":"2026-04-02"}},{"operator":false,"rules":{"cl_field":"date_265e506ca90d6a","cl_relation":"is","cl_val":"2026-03-26"}}]}],"cl_rule":"hide","gt_translate_keys":["label","description"]}],"layOut":"","error":false,"checkUi":"toggle","enableDesign":false,"scrollBar":false,"description":"","other":false,"options_description":true,"show_selected_option":false,"isWeightTemplate":false,"isTemplate":false,"min_quantity":"1","quantity_decimal":false,"quantity_step":"1","quantity_label":"Quantity","repeater_field_label":"{field_label}","repeater_bind":"","gt_translate_keys":["label","description","repeater_field_label","quantity_label"],"price_dependency":false,"cl_dependency":[false,false],"value":""}]]},"sec_965e506ca90d50":{"extra":{"key":"sec_965e506ca90d50","section_id":"sec_965e506ca90d50","name":"Gold","status":1,"cl_rule":"show","enableCl":true,"relations":[{"operator":false,"rules":[{"operator":"AND","rules":{"cl_field":"radio-group_765e506ca90d4e","cl_relation":"is","cl_val":"Gold Entrance"}}]}],"toggle":true,"title_tag":"h4","show_title":false,"showPrice":"default","form_id":10217,"form_rules":{"exclude_from_discount":true,"fee_label":"Fee","disp_hide_options_price":true,"disp_show_section_price":false,"disp_show_field_price":true,"layout_option":"standard","pric_use_as_fee":false,"process_fee_as":"woo_fee"},"layout_option":"standard"},"fields":[[{"elementId":"separator_765e506ca90d74","separatorType":"blank","className":"","height":"10","enableCl":false,"relations":false,"cl_rule":"show","col":6,"type":"separator","gt_translate_keys":[],"price_dependency":false,"cl_dependency":false,"value":""}],[{"active":true,"col":6,"relations":false,"cl_rule":"show","enableCl":false,"price":"","enablePrice":false,"className":"","label_position":"default","desc_position":"default","type":"content","required":false,"elementId":"content_365e506ca90d7f","label":"People","name":"content_365e506ca90d7f","contentType":"plain","value":"","error":false,"show_in_checkout":true,"inline":false,"gt_translate_keys":["label","value"],"price_dependency":false,"cl_dependency":false}],[{"active":true,"col":6,"relations":[{"operator":false,"rules":[{"operator":"AND","rules":{"cl_field":"","cl_relation":"","cl_val":""}}]}],"cl_rule":"show","enableCl":true,"price":"94","enablePrice":true,"className":"","label_position":"default","desc_position":"default","type":"radio-group","required":false,"elementId":"radio-group_265e506ca90d8a","label":"","name":"radio-group_265e506ca90d8a","values":[{"label":"\ud83d\udc64 Adult (94\u20ac)","value":"Adult","selected":true,"tempId":"aco_32","tooltip":"+16 Years","description":"","gt_translate_keys":["label","tooltip","description"]}],"layOut":"","error":false,"checkUi":"button","priceOptions":"fixed_for_all","pricingType":"fixed","enable_quantity":true,"quantity_label":"","min_quantity":"0","options_tooltip":true,"options_description":true,"gt_translate_keys":["label","quantity_label"],"price_dependency":false,"cl_dependency":false,"value":""}]]},"sec_365e506ca90da0":{"extra":{"key":"sec_365e506ca90da0","section_id":"sec_365e506ca90da0","name":"Platinum","status":1,"cl_rule":"show","enableCl":true,"relations":[{"operator":false,"rules":[{"operator":"AND","rules":{"cl_field":"radio-group_765e506ca90d4e","cl_relation":"is","cl_val":"Platinum Entrance"}}]}],"toggle":true,"title_tag":"h4","show_title":false,"showPrice":"default","form_id":10217,"form_rules":{"exclude_from_discount":true,"fee_label":"Fee","disp_hide_options_price":true,"disp_show_section_price":false,"disp_show_field_price":true,"layout_option":"standard","pric_use_as_fee":false,"process_fee_as":"woo_fee"},"layout_option":"standard"},"fields":[[{"elementId":"separator_565e506ca90daa","separatorType":"blank","className":"","height":"8","enableCl":false,"relations":false,"cl_rule":"show","col":6,"type":"separator","error":false,"gt_translate_keys":[],"price_dependency":false,"cl_dependency":false,"value":""}],[{"contentType":"plain","active":true,"label":"People","elementId":"content_365e506ca90dc6","value":"","inline":false,"show_in_checkout":true,"name":"content_365e506ca90dc6","enablePrice":false,"className":"","enableCl":false,"relations":false,"price":"","cl_rule":"show","col":6,"type":"content","gt_translate_keys":["label","value"],"price_dependency":false,"cl_dependency":false}],[{"label":"","active":true,"required":false,"elementId":"radio-group_365e506ca90dd1","name":"radio-group_365e506ca90dd1","label_position":"default","desc_position":"default","enablePrice":true,"className":"","enableCl":false,"relations":[{"operator":false,"rules":[{"operator":"AND","rules":{"cl_field":"","cl_relation":"","cl_val":""}}]}],"enable_quantity":true,"quantity_label":"","min_quantity":"0","checkUi":"button","layOut":"","options_tooltip":true,"values":[{"label":"\ud83d\udc64 Adult (114\u20ac)","value":"Adult","selected":true,"tempId":"aco_32","tooltip":"+16 Years","gt_translate_keys":["label","tooltip"]}],"priceOptions":"fixed_for_all","pricingType":"fixed","price":"114","cl_rule":"show","col":6,"type":"radio-group","error":false,"isWeightTemplate":false,"isTemplate":false,"quantity_decimal":false,"quantity_step":"1","repeater_field_label":"{field_label}","repeater_bind":"","gt_translate_keys":["label","repeater_field_label","quantity_label"],"price_dependency":false,"cl_dependency":false,"value":""}]]}},"config":{"price_override":"always","enable_recaptcha":false,"bind_quantity":false,"quantity_bind_formula":false,"disp_summ_show_option_price":true,"disp_summ_show_product_price":false,"disp_summ_show_total_price":true,"disp_summ_show_fee":true,"disp_summ_show_discount":true,"summary_title":"","options_total_label":"Options Price","total_label":"Total Amount","options_product_label":"Product Price","fee_label":"Fee","discount_label":"Discount","has_price":true,"has_quantity_formula":false},"mc_unit":1,"tax_rate":1,"tax_rate_real":1,"discount":{"percentage":0,"fixed":0},"design":{"conf":{"LabelPosition":"above","DescPosition":"above","UploadField":"custom_1","QuantityFieldStyle":"custom_1"},"css":{"LeftLabelWidth":"120px"}},"formulas":[],"lookuptables":[],"clones":false,"cartKey":false}},"_links":{"self":[{"href":"https:\/\/canaryvip.com\/fr\/wp-json\/wp\/v2\/product\/9654","targetHints":{"allow":["GET"]}}],"collection":[{"href":"https:\/\/canaryvip.com\/fr\/wp-json\/wp\/v2\/product"}],"about":[{"href":"https:\/\/canaryvip.com\/fr\/wp-json\/wp\/v2\/types\/product"}],"replies":[{"embeddable":true,"href":"https:\/\/canaryvip.com\/fr\/wp-json\/wp\/v2\/comments?post=9654"}],"wp:featuredmedia":[{"embeddable":true,"href":"https:\/\/canaryvip.com\/fr\/wp-json\/wp\/v2\/media\/9659"}],"wp:attachment":[{"href":"https:\/\/canaryvip.com\/fr\/wp-json\/wp\/v2\/media?parent=9654"}],"wp:term":[{"taxonomy":"product_brand","embeddable":true,"href":"https:\/\/canaryvip.com\/fr\/wp-json\/wp\/v2\/product_brand?post=9654"},{"taxonomy":"product_cat","embeddable":true,"href":"https:\/\/canaryvip.com\/fr\/wp-json\/wp\/v2\/product_cat?post=9654"},{"taxonomy":"product_tag","embeddable":true,"href":"https:\/\/canaryvip.com\/fr\/wp-json\/wp\/v2\/product_tag?post=9654"}],"curies":[{"name":"wp","href":"https:\/\/api.w.org\/{rel}","templated":true}]}}