{"id":9623,"date":"2024-02-11T01:34:38","date_gmt":"2024-02-11T01:34:38","guid":{"rendered":"https:\/\/canaryvip.com\/?post_type=product&#038;p=9623"},"modified":"2025-08-09T12:57:36","modified_gmt":"2025-08-09T11:57:36","slug":"tenerife-island-guided-bus-tour","status":"publish","type":"product","link":"https:\/\/canaryvip.com\/fr\/shop\/tenerife-island-guided-bus-tour\/","title":{"rendered":"Tour de l'\u00eele de Tenerife : Excursion guid\u00e9e en bus"},"content":{"rendered":"<h2>\ud83d\ude8c <strong>Visite guid\u00e9e de l'\u00eele de Tenerife en bus<\/strong><\/h2>\n<p>D\u00e9couvrez le c\u0153ur de Tenerife avec <strong>CanaryVIP<\/strong> dans le cadre d'une visite guid\u00e9e en bus d'une journ\u00e9e qui couvre l'ensemble de l'\u00eele. De l'impressionnant <a href=\"https:\/\/www.google.com\/maps\/place\/Acantilados+de+Los+Gigantes,+Santa+Cruz+de+Tenerife\/@28.244027,-16.8456497,15z\/data=!3m1!4b1!4m6!3m5!1s0xc6a8c153fdc6811:0xa0340f674cf6610!8m2!3d28.2408828!4d-16.8377834!16s%2Fm%2F026dqlb?entry=ttu\" target=\"_blank\" rel=\"noopener\">Falaises de Los Gigantes<\/a> aux rues historiques de <a href=\"https:\/\/www.google.com\/maps\/place\/La+Orotava,+Santa+Cruz+de+Tenerife\/@28.3929248,-16.5287568,15z\/data=!3m1!4b1!4m6!3m5!1s0xc402aae32ddf575:0x27206a076b427988!8m2!3d28.3892926!4d-16.525264!16zL20vMDdrcmx5?entry=ttu\" target=\"_blank\" rel=\"noopener\">La Orotava<\/a>Ce voyage promet une riche tapisserie des divers paysages et des tr\u00e9sors culturels de T\u00e9n\u00e9riffe.<\/p>\n<h3><strong>Points forts de la visite : Une exploration de l'\u00eele<\/strong><\/h3>\n<ul>\n<li>\ud83c\udf04 <strong>Falaises de Los Gigantes<\/strong>: Commencez votre aventure par une visite des falaises de Los Gigantes, o\u00f9 la grandeur de la nature s'exprime pleinement.<\/li>\n<li>\ud83d\udc40 <strong>Mirador de Garachico<\/strong>: Continuez jusqu'au Mirador de Garachico, qui offre une vue imprenable sur la beaut\u00e9 de la c\u00f4te nord de T\u00e9n\u00e9riffe.<\/li>\n<li>\ud83c\udf33 <strong>Icod de los Vinos<\/strong>: Explorez Icod de los Vinos et admirez le dragonnier mill\u00e9naire, un monument naturel charg\u00e9 d'histoire.<\/li>\n<li>\ud83c\udfd8\ufe0f <strong>La Orotava<\/strong>: D\u00e9couvrez les charmes de La Orotava en visitant la c\u00e9l\u00e8bre Casa de los Balcones, symbole de l'architecture et de la tradition canariennes.<\/li>\n<li>\ud83d\udecd\ufe0f <strong>Puerto de la Cruz<\/strong>: Temps libre \u00e0 Puerto de la Cruz pour faire du shopping, visiter la ville et d\u00e9jeuner (la nourriture n'est pas incluse dans l'excursion).<\/li>\n<li>\ud83d\ude4f <strong>Candelaria<\/strong>: Un dernier arr\u00eat \u00e0 Candelaria pour rendre hommage \u00e0 la patronne des \u00eeles Canaries cl\u00f4turera cette journ\u00e9e d'exploration et de d\u00e9couverte.<\/li>\n<\/ul>\n<h3><strong>Votre voyage avec CanaryVIP comprend :<\/strong><\/h3>\n<ul>\n<li>\ud83d\ude8c A <strong>trajet en bus confortable et pittoresque<\/strong> dans toute l'\u00eele de Tenerife, garantissant un voyage aussi agr\u00e9able que les destinations elles-m\u00eames.<\/li>\n<li>\ud83c\udfe8 <strong>Service pratique de prise en charge et de d\u00e9p\u00f4t<\/strong> \u00e0 votre h\u00f4tel, pour une exp\u00e9rience de voyage sans stress du d\u00e9but \u00e0 la fin.<\/li>\n<li>\ud83d\udde3\ufe0f <strong>Des guides touristiques multilingues qui vous guideront de mani\u00e8re captivante<\/strong>Enrichissez votre exp\u00e9rience en d\u00e9couvrant des aspects fascinants de chaque lieu.<\/li>\n<li>\ud83d\udd52 An <strong>Circuit d'environ 8 heures<\/strong>L'itin\u00e9raire est con\u00e7u pour vous permettre d'explorer au mieux les paysages \u00e9poustouflants et le patrimoine culturel de T\u00e9n\u00e9riffe.<\/li>\n<li>\ud83d\udcf8 Countless <strong>opportunit\u00e9s photographiques<\/strong> sur des terrains vari\u00e9s, garantissant des souvenirs qui dureront toute une vie.<\/li>\n<li>\ud83d\udcb0 La promesse CanaryVIP de l'Union europ\u00e9enne <strong>meilleur prix<\/strong>Les services de l'h\u00f4tel sont disponibles \u00e0 tout moment, avec une politique d'annulation flexible pour votre commodit\u00e9.<\/li>\n<\/ul>\n<h3><strong>D\u00e9tails essentiels de la visite :<\/strong><\/h3>\n<ul>\n<li>\ud83c\udf9f\ufe0f Conservez votre billet CanaryVIP sous forme num\u00e9rique ou imprim\u00e9e pour une exp\u00e9rience de visite sans faille.<\/li>\n<li>\ud83e\udde5 Habillez-vous confortablement et pensez \u00e0 porter plusieurs couches de v\u00eatements, car vous rencontrerez diff\u00e9rents climats sur l'\u00eele.<\/li>\n<li>\ud83c\udf7d\ufe0f Faites une pause d\u00e9jeuner \u00e0 Puerto de la Cruz, avec une vari\u00e9t\u00e9 d'options de restauration \u00e0 choisir. (Le d\u00e9jeuner n'est pas inclus dans le prix)<\/li>\n<li>\ud83d\udccc Les heures et lieux de ramassage seront confirm\u00e9s apr\u00e8s la r\u00e9servation. Assurez-vous que les d\u00e9tails de votre h\u00e9bergement sont exacts pour faciliter l'organisation du voyage.<\/li>\n<\/ul>\n<h3><strong>Politique d'annulation :<\/strong><\/h3>\n<ul>\n<li>\ud83d\udd04 <strong>Annulation adaptable pour les particuliers :<\/strong> Notre politique tient compte de l'impr\u00e9visibilit\u00e9 de la vie, en autorisant les annulations jusqu'\u00e0 24 heures avant la date pr\u00e9vue de la visite pour un remboursement complet. Cette flexibilit\u00e9 vous permet de modifier votre itin\u00e9raire en cas de besoin, sans aucun probl\u00e8me.<\/li>\n<li>\ud83d\udd52 <strong>Options d'annulation pour les groupes :<\/strong> Pour ceux qui voyagent en groupe, nous proposons des conditions d'annulation adapt\u00e9es. Les petits groupes de 5 \u00e0 7 personnes peuvent annuler sans frais jusqu'\u00e0 48 heures avant l'excursion. Les groupes de taille moyenne, de 8 \u00e0 14 personnes, peuvent annuler jusqu'\u00e0 4 jours avant le voyage pour un remboursement complet, tandis que les groupes plus importants, de 15 personnes ou plus, sont pri\u00e9s d'annuler au moins 6 jours \u00e0 l'avance pour \u00e9viter les frais d'annulation. Ces lignes directrices ont pour but de faciliter la planification pour les groupes de toutes tailles.<\/li>\n<li>\ud83d\udca1 <strong>Proc\u00e9dure d'annulation simple :<\/strong> L'annulation de votre voyage, que vous soyez seul ou en groupe, est tr\u00e8s simple. Il vous suffit de nous contacter par le biais de notre site web, par courriel ou par t\u00e9l\u00e9phone. Nous garantissons une proc\u00e9dure de remboursement rapide, pour une exp\u00e9rience d'annulation en douceur et sans souci.<\/li>\n<li>\ud83d\udd0d <strong>V\u00e9rification des r\u00e9servations :<\/strong> Il est conseill\u00e9 de v\u00e9rifier les d\u00e9tails de votre r\u00e9servation bien avant la date de votre tourn\u00e9e. Vous pourrez ainsi proc\u00e9der \u00e0 des ajustements ou \u00e0 des annulations dans les d\u00e9lais impartis, ce qui vous \u00e9vitera d'avoir \u00e0 payer des frais.<\/li>\n<\/ul>\n<h4><strong>Assistance et responsabilit\u00e9 en cours de route :<\/strong><\/h4>\n<ul>\n<li>\u2714\ufe0f CanaryVIP s'efforce de garantir une exp\u00e9rience touristique m\u00e9morable et sans faille, depuis la r\u00e9servation jusqu'\u00e0 l'exploration.<\/li>\n<li>\ud83d\udde3\ufe0f <strong>Communication directe :<\/strong> Nos guides sont \u00e0 votre disposition pour r\u00e9pondre \u00e0 vos questions ou \u00e0 vos besoins pendant votre visite.<\/li>\n<li>\ud83d\udcb0 <strong>Politique de remboursement transparente :<\/strong> Nous nous engageons \u00e0 adopter une approche ax\u00e9e sur le client et \u00e0 r\u00e9soudre tout probl\u00e8me rapidement et \u00e9quitablement.<\/li>\n<\/ul>\n<h4><strong>\ud83d\ude8c\ud83c\udf04\ud83c\udfdb\ufe0f R\u00e9servez d\u00e8s maintenant votre aventure sur l'\u00eele !<\/strong><\/h4>\n<p>Saisissez cette occasion unique d'explorer l'immense beaut\u00e9 et la riche culture de T\u00e9n\u00e9riffe avec CanaryVIP. R\u00e9servez votre place sur l'\u00eele de Tenerife <a href=\"https:\/\/canaryvip.com\/fr\/tenerife\/guided-tours\/bus-tours\/\">Visite guid\u00e9e en bus<\/a> et embarquez pour un voyage inoubliable \u00e0 travers les sites les plus embl\u00e9matiques et les joyaux cach\u00e9s de l'\u00eele.<\/p>\n<p>L'aventure vous attend !<\/p>","protected":false},"excerpt":{"rendered":"<p><strong>\ud83d\udd0d Tour de l'\u00eele de T\u00e9n\u00e9riffe :<\/strong><br \/>\n\u2705 Paiement s\u00e9curis\u00e9.<br \/>\n\u26f0\ufe0f Visite de la falaise de Los Gigantes.<br \/>\n\ud83d\udc09 Explorer le dragonnier d'Icod.<br \/>\n\ud83d\udca6 D\u00e9couvrir Garachico.<br \/>\n\ud83d\udee4\ufe0f Visite de La Orotava.<br \/>\n\ud83d\udecd\ufe0f Profitez de Puerto de la Cruz.<br \/>\n\u26ea\ufe0f Visite de Candelaria.<br \/>\nLes mardis et samedis.<br \/>\n\u23f0 Dur\u00e9e Environ 8h.<br \/>\n\ud83d\ude8c Prise en charge et retour \u00e0 l'h\u00f4tel.<br \/>\n\ud83d\udd04 Annulation gratuite 24 heures sur 24.<br \/>\n\ud83e\udd11 Meilleur prix garanti.<br \/>\n\ud83c\udf81 Des r\u00e9ductions pour les groupes sont possibles.<br \/>\n\ud83c\udf0d Guide dans votre langue.<br \/>\n\ud83c\udf1f R\u00e9servez maintenant et \u00e9conomisez !<\/p>","protected":false},"featured_media":9624,"comment_status":"open","ping_status":"closed","template":"","meta":{"_acf_changed":false},"product_brand":[],"product_cat":[68,52],"product_tag":[],"class_list":{"0":"post-9623","1":"product","2":"type-product","3":"status-publish","4":"has-post-thumbnail","6":"product_cat-guided-tours","7":"product_cat-bus-tours","8":"wcpa_has_options","10":"first","11":"instock","12":"virtual","13":"purchasable","14":"product-type-simple"},"acf":[],"wcpa_form_fields":{"wcpaData":{"product":{"product_price":48,"price_html":"From&nbsp;<span class=\"woocommerce-Price-amount amount\"><bdi>48,00&nbsp;<span class=\"woocommerce-Price-currencySymbol\">&euro;<\/span><\/bdi><\/span>","original_product_price":48,"price_including_tax":48,"price_excluding_tax":48,"product_id":{"parent":9623,"variation":false},"is_variable":false,"stock_status":"instock","stock_quantity":null,"parent_sku":"CV9623","product_attributes":[],"custom_fields":[],"is_taxable":false,"product_name":"Tenerife Island Tour: Guided Bus Trip","hasImage":false},"fields":{"sec_265e50550df885":{"extra":{"key":"sec_265e50550df885","section_id":"sec_265e50550df885","name":"South Tenerife","status":1,"cl_rule":"show","enableCl":false,"relations":[{"operator":false,"rules":[{"operator":"AND","rules":{"cl_field":"radio-group_665df45fcbc30b","cl_relation":"is","cl_val":"Siam Park Regular Tickets"}}]}],"toggle":true,"title_tag":"h4","show_title":false,"showPrice":"default","form_id":10216,"form_rules":{"exclude_from_discount":true,"fee_label":"Fee","disp_hide_options_price":true,"disp_show_section_price":false,"disp_show_field_price":true,"layout_option":"standard","pric_use_as_fee":false,"process_fee_as":"woo_fee"},"layout_option":"standard"},"fields":[[{"label":"\ud83d\udcc5 Date","active":true,"required":true,"elementId":"date_365e50550df8bb","picker_type":"custom","picker_mode":"single","placeholder":"","description":"","tooltip":"","name":"date_365e50550df8bb","label_position":"default","desc_position":"default","enablePrice":false,"className":"","enableCl":false,"relations":[{"operator":"and","rules":[{"operator":"AND","rules":{"cl_field":"radio-group_665df45fcbc30b","cl_relation":"is","cl_val":"3 Hour Trip"}}]}],"date_pic_inline":true,"date_pic_inline_hide":true,"min_date":{"type":"days","val":"1"},"max_date":{"type":"days","val":"365"},"date_pic_conf":{"disabledWeeks":[0,1,3,4,5,6]},"price":"","cl_rule":"show","col":6,"type":"date","error":false,"enableDesign":false,"LabelColor":"","gt_translate_keys":["label","placeholder","description","tooltip"],"price_dependency":false,"cl_dependency":false,"value":""}],[{"elementId":"separator_665e50550df8cb","separatorType":"blank","className":"","height":"10","enableCl":false,"relations":false,"cl_rule":"show","col":6,"type":"separator","gt_translate_keys":[],"price_dependency":false,"cl_dependency":false,"value":""}],[{"active":true,"col":6,"relations":false,"cl_rule":"show","enableCl":false,"price":"","enablePrice":false,"className":"","label_position":"default","desc_position":"default","type":"content","required":false,"elementId":"content_565e50550df8e4","label":"People","name":"content_565e50550df8e4","contentType":"plain","value":"","error":false,"show_in_checkout":true,"inline":false,"gt_translate_keys":["label","value"],"price_dependency":false,"cl_dependency":false}],[{"active":true,"col":6,"relations":[{"operator":false,"rules":[{"operator":"AND","rules":{"cl_field":"","cl_relation":"","cl_val":""}}]}],"cl_rule":"show","enableCl":true,"price":"50","enablePrice":true,"className":"","label_position":"default","desc_position":"default","type":"radio-group","required":false,"elementId":"radio-group_665e50550df8f0","label":"","name":"radio-group_665e50550df8f0","values":[{"label":"\ud83d\udc64 Adult (50\u20ac)","value":"Adult","selected":true,"tempId":"aco_32","tooltip":"+12 Years","description":"","gt_translate_keys":["label","tooltip","description"]}],"layOut":"","error":false,"checkUi":"button","priceOptions":"fixed_for_all","pricingType":"fixed","enable_quantity":true,"quantity_label":"","min_quantity":"0","options_tooltip":true,"options_description":true,"gt_translate_keys":["label","quantity_label"],"price_dependency":false,"cl_dependency":false,"value":""}],[{"label":"","active":true,"required":false,"elementId":"radio-group_665e50550df8fb","name":"radio-group_665e50550df8fb","label_position":"default","desc_position":"default","enablePrice":true,"className":"","enableCl":false,"relations":false,"enable_quantity":true,"quantity_label":"","min_quantity":"0","checkUi":"button","layOut":"","values":[{"label":"\ud83d\udc66 Child (31\u20ac)","value":"Child","selected":true,"tempId":"aco_32","tooltip":"2-11 Years","description":"","gt_translate_keys":["label","tooltip","description"]}],"priceOptions":"fixed_for_all","pricingType":"fixed","price":"31","cl_rule":"show","col":6,"type":"radio-group","error":false,"options_tooltip":true,"options_description":true,"gt_translate_keys":["label","quantity_label"],"price_dependency":false,"cl_dependency":false,"value":""}],[{"active":true,"col":6,"relations":false,"cl_rule":"show","enableCl":false,"price":"","enablePrice":false,"className":"","label_position":"default","desc_position":"default","type":"select","required":false,"elementId":"select_265e50550df905","label":"\ud83c\udf0e Language","name":"select_265e50550df905","values":[{"label":"English","value":"English","selected":false,"tempId":"aco_310","gt_translate_keys":["label"]},{"label":"Spanish","value":"Spanish","selected":false,"tempId":"aco_311","gt_translate_keys":["label"]},{"label":"French","value":"French","selected":false,"tempId":"aco_312","gt_translate_keys":["label"]}],"dropdown_type":"basic","error":false,"gt_translate_keys":["label"],"price_dependency":false,"cl_dependency":false,"value":""}],[{"active":true,"col":6,"relations":false,"cl_rule":"show","enableCl":false,"price":"","enablePrice":false,"className":"","label_position":"default","desc_position":"default","type":"separator","required":false,"elementId":"separator_665e50550df90f","label":"Separator Field","height":"7","separatorType":"blank","error":false,"gt_translate_keys":["label"],"price_dependency":false,"cl_dependency":false,"value":""}],[{"active":true,"col":6,"relations":false,"cl_rule":"show","enableCl":false,"price":"","enablePrice":false,"className":"","label_position":"default","desc_position":"default","type":"text","subtype":"text","required":false,"elementId":"text_565e50550df918","label":"\ud83d\ude8c Pickup Location","name":"text_565e50550df918","value":"","description":"Pick-up service in South Tenerife. Simply provide your address or hotel name.","error":false,"gt_translate_keys":["label","description","value"],"price_dependency":false,"cl_dependency":false}]]}},"config":{"price_override":"always","enable_recaptcha":false,"bind_quantity":false,"quantity_bind_formula":false,"disp_summ_show_option_price":true,"disp_summ_show_product_price":false,"disp_summ_show_total_price":true,"disp_summ_show_fee":true,"disp_summ_show_discount":true,"summary_title":"","options_total_label":"Options Price","total_label":"Total Amount","options_product_label":"Product Price","fee_label":"Fee","discount_label":"Discount","has_price":true,"has_quantity_formula":false},"mc_unit":1,"tax_rate":1,"tax_rate_real":1,"discount":{"percentage":0,"fixed":0},"design":{"conf":{"LabelPosition":"above","DescPosition":"above","UploadField":"custom_1","QuantityFieldStyle":"custom_1"},"css":{"LeftLabelWidth":"120px"}},"formulas":[],"lookuptables":[],"clones":false,"cartKey":false}},"_links":{"self":[{"href":"https:\/\/canaryvip.com\/fr\/wp-json\/wp\/v2\/product\/9623","targetHints":{"allow":["GET"]}}],"collection":[{"href":"https:\/\/canaryvip.com\/fr\/wp-json\/wp\/v2\/product"}],"about":[{"href":"https:\/\/canaryvip.com\/fr\/wp-json\/wp\/v2\/types\/product"}],"replies":[{"embeddable":true,"href":"https:\/\/canaryvip.com\/fr\/wp-json\/wp\/v2\/comments?post=9623"}],"wp:featuredmedia":[{"embeddable":true,"href":"https:\/\/canaryvip.com\/fr\/wp-json\/wp\/v2\/media\/9624"}],"wp:attachment":[{"href":"https:\/\/canaryvip.com\/fr\/wp-json\/wp\/v2\/media?parent=9623"}],"wp:term":[{"taxonomy":"product_brand","embeddable":true,"href":"https:\/\/canaryvip.com\/fr\/wp-json\/wp\/v2\/product_brand?post=9623"},{"taxonomy":"product_cat","embeddable":true,"href":"https:\/\/canaryvip.com\/fr\/wp-json\/wp\/v2\/product_cat?post=9623"},{"taxonomy":"product_tag","embeddable":true,"href":"https:\/\/canaryvip.com\/fr\/wp-json\/wp\/v2\/product_tag?post=9623"}],"curies":[{"name":"wp","href":"https:\/\/api.w.org\/{rel}","templated":true}]}}