{"id":9493,"date":"2024-02-05T22:56:26","date_gmt":"2024-02-05T22:56:26","guid":{"rendered":"https:\/\/canaryvip.com\/?post_type=product&#038;p=9493"},"modified":"2025-08-09T12:59:18","modified_gmt":"2025-08-09T11:59:18","slug":"jungle-park-tickets","status":"publish","type":"product","link":"https:\/\/canaryvip.com\/fr\/shop\/jungle-park-tickets\/","title":{"rendered":"Acheter des billets pour Jungle Park"},"content":{"rendered":"<h2>\ud83e\udd85 <strong>Jungle Park Tenerife : Une aventure safari et un refuge pour la faune et la flore<\/strong><\/h2>\n<p><strong>\u23f0 Explorer chaque jour :<\/strong> L'aventure vous attend de 10 h \u00e0 17 h 30, pour une journ\u00e9e compl\u00e8te d'exploration et de d\u00e9couverte.<\/p>\n<p>\ud83d\udccd <strong>Votre safari vous attend :<\/strong> D\u00e9couvrez le c\u00f4t\u00e9 sauvage de Tenerife au Chayofa's Jungle Park, une exp\u00e9rience immersive m\u00ealant un zoo et un jardin botanique \u00e0 un vaste paysage de jungle. Planifiez votre visite en <a href=\"https:\/\/maps.app.goo.gl\/K7g47iUPFiKyfYdU9\" target=\"_blank\" rel=\"noopener\">trouver le parc sur Google Maps<\/a>.<\/p>\n<p>\ud83c\udf92 <strong>Les essentiels de l'aventure :<\/strong> Pr\u00e9parez une journ\u00e9e dans la jungle avec de la cr\u00e8me solaire, des chaussures de marche confortables et n'oubliez pas votre appareil photo pour les nombreuses occasions de prendre des photos d'animaux exotiques et de paysages luxuriants.<\/p>\n<p>\ud83d\udca7 <strong>Se rafra\u00eechir et faire le plein d'\u00e9nergie :<\/strong> \u00c0 l'int\u00e9rieur du parc, vous trouverez diverses possibilit\u00e9s de vous hydrater et de vous restaurer, ce qui permettra \u00e0 chacun de passer une journ\u00e9e agr\u00e9able et confortable.<\/p>\n<p>\ud83c\udfab <strong>Acc\u00e8s rapide :<\/strong> Les billets CanaryVIP achet\u00e9s \u00e0 l'avance permettent d'\u00e9viter l'attente et offrent une entr\u00e9e plus rapide \u00e0 ceux qui viennent pr\u00e9par\u00e9s, par rapport aux visiteurs qui ach\u00e8tent leurs billets \u00e0 l'arriv\u00e9e.<\/p>\n<p>\ud83d\ude8c <strong>La navette vers la jungle :<\/strong> Profitez du service de navette gratuit qui effectue des trajets depuis le sud de Tenerife, assurant un itin\u00e9raire direct et pratique vers le Jungle Park.<\/p>\n<p>\ud83c\udf1f <strong>Exclusivit\u00e9s CanaryVIP :<\/strong> La r\u00e9servation aupr\u00e8s de CanaryVIP permet non seulement de s\u00e9curiser votre entr\u00e9e, mais aussi d'acc\u00e9der \u00e0 des r\u00e9ductions sp\u00e9ciales, \u00e0 des entr\u00e9es prioritaires et \u00e0 bien d'autres choses encore, afin d'am\u00e9liorer votre visite au Jungle Park.<\/p>\n<ul>\n<li><strong>\u00c9conomies instantan\u00e9es :<\/strong> D\u00e9bloquez des r\u00e9ductions exclusives d\u00e8s que vous r\u00e9servez avec nous.<\/li>\n<li><strong>Plus pour moins :<\/strong> Consultez nos offres de billets combin\u00e9s pour r\u00e9aliser des \u00e9conomies encore plus importantes et doubler le plaisir.<\/li>\n<li><strong>Planification sans souci :<\/strong> Profitez d'une tranquillit\u00e9 d'esprit en ayant la possibilit\u00e9 d'annuler jusqu'\u00e0 72 heures avant la date pr\u00e9vue de votre visite.<\/li>\n<\/ul>\n<p>\ud83d\udc3e <strong>Rencontrez nos animaux vedettes :<\/strong> Le Jungle Park abrite une grande vari\u00e9t\u00e9 d'animaux sauvages, depuis les jeux des orangs-outans, des gibbons et des capucins dans notre refuge pour primates jusqu'aux majestueux l\u00e9opards et jaguars de notre sanctuaire pour grands f\u00e9lins. Ne manquez pas les pingouins, les lions de mer, les suricates, les ratons laveurs et notre impressionnante collection de reptiles comprenant des serpents, des tortues, des crocodiles et des ca\u00efmans.<\/p>\n<p>\ud83e\udd9c <strong>Faits marquants de l'\u00e9mission Showtime :<\/strong> Le spectacle quotidien des otaries, \u00e0 13h30, est une v\u00e9ritable partie de plaisir, tandis que le spectacle des oiseaux de proie, \u00e0 12h30, montre l'incroyable agilit\u00e9 de nos amis \u00e0 plumes, dont le magnifique aigle \u00e0 t\u00eate blanche. Ces spectacles ne sont pas seulement divertissants, ils sont aussi \u00e9ducatifs, car ils permettent de mieux comprendre la vie de ces cr\u00e9atures \u00e9tonnantes.<\/p>\n<p>\ud83d\udc68\u200d\ud83d\udc69\u200d\ud83d\udc67\u200d\ud83d\udc66 <strong>Une aventure familiale :<\/strong> Jungle Park propose des safaris palpitants, des promenades sereines dans la nature et des rencontres interactives avec les animaux, parfaits pour les visiteurs de tous \u00e2ges. Participez \u00e0 des excursions sp\u00e9ciales dans le parc ou, pour plus d'excitation, essayez notre piste de bobsleigh qui se faufile \u00e0 travers la jungle.<\/p>\n<h3>\ud83d\ude8c Service de ramassage gratuit<\/h3>\n<p><strong>Connexion de la navette sans couture :<\/strong> Utilisez notre service de navette gratuit pour un voyage sans stress du sud de Tenerife \u00e0 Jungle Park. Assurez-vous que votre aventure commence et se termine sans encombre.<\/p>\n<p><strong>Horaire des navettes et retours :<\/strong> Vous pouvez profiter de ramassages pratiques depuis Costa Adeje, Playa de Las Am\u00e9ricas et Los Cristianos, facilitant ainsi votre visite \u00e0 Jungle Park. Notre service de bus quotidien gratuit vous relie sans effort :<\/p>\n<ul>\n<li><a href=\"https:\/\/canaryvip.com\/fr\/shop\/aqualand-tickets\/\">Aqualand<\/a> Costa Adeje : 9:30 | 10:45<\/li>\n<li>H. Labranda Suites Costa Adeje : 9:35 | 10:50<\/li>\n<li>Centre commercial The Duke Shops : 9:35 | 10:55<\/li>\n<li>H\u00f4tel Sunwing Fa\u00f1ab\u00e9 : 9:40 | 11:00<\/li>\n<li>H\u00f4tel Allsun Hibiscos : 9:45 | 11:05<\/li>\n<li>Calle Llanos De Troya : 9:50 | 11:35<\/li>\n<li>Bar Leonardo's : 9:55 | 11:40<\/li>\n<li>H\u00f4tel Best Tenerife : 10:00 | 11:45<\/li>\n<li>Centre commercial Pasarela \"La Pepa\" : 10:10 | 11:50<\/li>\n<li>H\u00f4tel Sol Arona Tenerife : 10:15 | 11:55<\/li>\n<\/ul>\n<p><strong>Temps de retour<\/strong>: 16:30 | 17:30.<\/p>\n<p>Veuillez noter que les places \u00e0 bord de la navette sont limit\u00e9es et disponibles sur la base du premier arriv\u00e9, premier servi, sans r\u00e9servation pr\u00e9alable.<\/p>\n<h3>\ud83d\udd25 <strong>R\u00e9servez d\u00e8s maintenant pour b\u00e9n\u00e9ficier d'offres exclusives de Jungle Park<\/strong><\/h3>\n<p>Plongez dans la beaut\u00e9 sauvage du Jungle Park de Tenerife avec CanaryVIP. Obtenez les meilleures offres, profitez d'un acc\u00e8s sans tracas et cr\u00e9ez des souvenirs inoubliables dans le cadre luxuriant de Chayofa.<\/p>\n<p>Plongez dans un monde o\u00f9 la faune et l'aventure se rejoignent dans le Jungle Park de Tenerife, o\u00f9 chaque chemin m\u00e8ne \u00e0 la d\u00e9couverte et o\u00f9 chaque rencontre est une histoire qui attend d'\u00eatre racont\u00e9e. R\u00e9servez votre voyage d\u00e8s aujourd'hui et lib\u00e9rez l'explorateur qui sommeille en vous !<\/p>","protected":false},"excerpt":{"rendered":"<p><strong>\ud83d\udd0d Jungle Park Highligts :<\/strong><br \/>\n\u2705 Paiement s\u00e9curis\u00e9.<br \/>\n\ud83d\ude80 Entr\u00e9e rapide pour les titulaires d'un laissez-passer.<br \/>\n\ud83e\udd85 Admission \u00e0 tous les spectacles.<br \/>\n\ud83d\udd59 Ouvert de 10h00 \u00e0 17h30.<br \/>\n\ud83e\udd11 Meilleur prix garanti.<br \/>\n\ud83d\ude8d Navette gratuite.<br \/>\n\ud83d\udc6a R\u00e9ductions pour les r\u00e9servations de groupe.<br \/>\n\ud83d\udd01 Jusqu'\u00e0 72h Annulation.<br \/>\n\ud83c\udf0d Prise en charge dans plusieurs langues.<br \/>\n\ud83c\udf1f R\u00e9servez maintenant et \u00e9conomisez !<br \/>\n\ud83d\udccd Trouver <a href=\"https:\/\/maps.app.goo.gl\/K7g47iUPFiKyfYdU9\">Jungle Park sur les cartes<\/a>.<\/p>","protected":false},"featured_media":9501,"comment_status":"open","ping_status":"closed","template":"","meta":{"_acf_changed":false},"product_brand":[],"product_cat":[54],"product_tag":[],"class_list":{"0":"post-9493","1":"product","2":"type-product","3":"status-publish","4":"has-post-thumbnail","6":"product_cat-theme-parks","7":"wcpa_has_options","9":"first","10":"instock","11":"virtual","12":"purchasable","13":"product-type-simple"},"acf":[],"wcpa_form_fields":{"wcpaData":{"product":{"product_price":35,"price_html":"From&nbsp;<span class=\"woocommerce-Price-amount amount\"><bdi>35,00&nbsp;<span class=\"woocommerce-Price-currencySymbol\">&euro;<\/span><\/bdi><\/span>","original_product_price":35,"price_including_tax":35,"price_excluding_tax":35,"product_id":{"parent":9493,"variation":false},"is_variable":false,"stock_status":"instock","stock_quantity":null,"parent_sku":"CV9493","product_attributes":[],"custom_fields":[],"is_taxable":false,"product_name":"Buy Jungle Park Tickets","hasImage":false},"fields":{"sec_065df48f68f816":{"extra":{"key":"sec_065df48f68f816","section_id":"sec_065df48f68f816","name":"Jungle Park Tickets","status":1,"cl_rule":"show","enableCl":false,"relations":[{"operator":false,"rules":[{"operator":"AND","rules":{"cl_field":"radio-group_665df45fcbc30b","cl_relation":"is","cl_val":"Siam Park Regular Tickets"}}]}],"toggle":true,"title_tag":"h4","show_title":false,"showPrice":"default","form_id":10144,"form_rules":{"exclude_from_discount":true,"fee_label":"Fee","disp_hide_options_price":true,"disp_show_section_price":false,"disp_show_field_price":true,"layout_option":"standard","pric_use_as_fee":false,"process_fee_as":"woo_fee"},"layout_option":"standard"},"fields":[[{"label":"\ud83d\udcc5 Date","active":true,"required":true,"elementId":"date_365df48f68f836","picker_type":"custom","picker_mode":"single","placeholder":"","description":"","tooltip":"","name":"date_365df48f68f836","label_position":"default","desc_position":"default","enablePrice":false,"className":"","enableCl":false,"relations":[{"operator":"and","rules":[{"operator":"AND","rules":{"cl_field":"radio-group_665df45fcbc30b","cl_relation":"is","cl_val":"3 Hour Trip"}}]}],"date_pic_inline":true,"date_pic_inline_hide":true,"min_date":{"type":"days","val":"0"},"max_date":{"type":"days","val":"365"},"date_pic_conf":{"disabledWeeks":[]},"price":"","cl_rule":"show","col":6,"type":"date","error":false,"enableDesign":false,"LabelColor":"","gt_translate_keys":["label","placeholder","description","tooltip"],"price_dependency":false,"cl_dependency":false,"value":""}],[{"elementId":"separator_765df48f68f845","separatorType":"blank","className":"","height":"10","enableCl":false,"relations":false,"cl_rule":"show","col":6,"type":"separator","gt_translate_keys":[],"price_dependency":false,"cl_dependency":false,"value":""}],[{"active":true,"col":6,"relations":false,"cl_rule":"show","enableCl":false,"price":"","enablePrice":false,"className":"","label_position":"default","desc_position":"default","type":"content","required":false,"elementId":"content_265df48f68f851","label":"People","name":"content_265df48f68f851","contentType":"plain","value":"","error":false,"show_in_checkout":true,"inline":false,"gt_translate_keys":["label","value"],"price_dependency":false,"cl_dependency":false}],[{"active":true,"col":6,"relations":[{"operator":false,"rules":[{"operator":"AND","rules":{"cl_field":"","cl_relation":"","cl_val":""}}]}],"cl_rule":"show","enableCl":true,"price":"35","enablePrice":true,"className":"","label_position":"default","desc_position":"default","type":"radio-group","required":false,"elementId":"radio-group_165df48f68f85d","label":"","name":"radio-group_165df48f68f85d","values":[{"label":"\ud83d\udc64 Adult (35\u20ac)","value":"Adult","selected":true,"tempId":"aco_32","tooltip":"+11 Years","description":"","gt_translate_keys":["label","tooltip","description"]}],"layOut":"","error":false,"checkUi":"button","priceOptions":"fixed_for_all","pricingType":"fixed","enable_quantity":true,"quantity_label":"","min_quantity":"0","options_tooltip":true,"options_description":true,"gt_translate_keys":["label","quantity_label"],"price_dependency":false,"cl_dependency":false,"value":""}],[{"label":"","active":true,"required":false,"elementId":"radio-group_265df48f68f868","name":"radio-group_265df48f68f868","label_position":"default","desc_position":"default","enablePrice":true,"className":"","enableCl":false,"relations":false,"enable_quantity":true,"quantity_label":"","min_quantity":"0","checkUi":"button","layOut":"","values":[{"label":"\ud83d\udc66 Child (29\u20ac)","value":"Child","selected":true,"tempId":"aco_32","tooltip":"5-10 Years","description":"","gt_translate_keys":["label","tooltip","description"]}],"priceOptions":"fixed_for_all","pricingType":"fixed","price":"29","cl_rule":"show","col":6,"type":"radio-group","error":false,"options_tooltip":true,"options_description":true,"gt_translate_keys":["label","quantity_label"],"price_dependency":false,"cl_dependency":false,"value":""}],[{"label":"","active":true,"required":false,"elementId":"radio-group_1065df48f68f873","name":"radio-group_1065df48f68f873","label_position":"default","desc_position":"default","enablePrice":true,"className":"","enableCl":false,"relations":false,"enable_quantity":true,"quantity_label":"","min_quantity":"0","checkUi":"button","layOut":"","values":[{"label":"\ud83d\udc76 Toddler (16\u20ac)","value":"Toddler","selected":true,"tempId":"aco_32","tooltip":"3-4 Years","gt_translate_keys":["label","tooltip"]}],"priceOptions":"fixed_for_all","pricingType":"fixed","price":"16","cl_rule":"show","col":6,"type":"radio-group","error":false,"options_tooltip":true,"gt_translate_keys":["label","quantity_label"],"price_dependency":false,"cl_dependency":false,"value":""}]]}},"config":{"price_override":"always","enable_recaptcha":false,"bind_quantity":false,"quantity_bind_formula":false,"disp_summ_show_option_price":true,"disp_summ_show_product_price":false,"disp_summ_show_total_price":true,"disp_summ_show_fee":true,"disp_summ_show_discount":true,"summary_title":"","options_total_label":"Options Price","total_label":"Total Amount","options_product_label":"Product Price","fee_label":"Fee","discount_label":"Discount","has_price":true,"has_quantity_formula":false},"mc_unit":1,"tax_rate":1,"tax_rate_real":1,"discount":{"percentage":0,"fixed":0},"design":{"conf":{"LabelPosition":"above","DescPosition":"above","UploadField":"custom_1","QuantityFieldStyle":"custom_1"},"css":{"LeftLabelWidth":"120px"}},"formulas":[],"lookuptables":[],"clones":false,"cartKey":false}},"_links":{"self":[{"href":"https:\/\/canaryvip.com\/fr\/wp-json\/wp\/v2\/product\/9493","targetHints":{"allow":["GET"]}}],"collection":[{"href":"https:\/\/canaryvip.com\/fr\/wp-json\/wp\/v2\/product"}],"about":[{"href":"https:\/\/canaryvip.com\/fr\/wp-json\/wp\/v2\/types\/product"}],"replies":[{"embeddable":true,"href":"https:\/\/canaryvip.com\/fr\/wp-json\/wp\/v2\/comments?post=9493"}],"wp:featuredmedia":[{"embeddable":true,"href":"https:\/\/canaryvip.com\/fr\/wp-json\/wp\/v2\/media\/9501"}],"wp:attachment":[{"href":"https:\/\/canaryvip.com\/fr\/wp-json\/wp\/v2\/media?parent=9493"}],"wp:term":[{"taxonomy":"product_brand","embeddable":true,"href":"https:\/\/canaryvip.com\/fr\/wp-json\/wp\/v2\/product_brand?post=9493"},{"taxonomy":"product_cat","embeddable":true,"href":"https:\/\/canaryvip.com\/fr\/wp-json\/wp\/v2\/product_cat?post=9493"},{"taxonomy":"product_tag","embeddable":true,"href":"https:\/\/canaryvip.com\/fr\/wp-json\/wp\/v2\/product_tag?post=9493"}],"curies":[{"name":"wp","href":"https:\/\/api.w.org\/{rel}","templated":true}]}}