{"id":9488,"date":"2024-02-05T21:54:37","date_gmt":"2024-02-05T21:54:37","guid":{"rendered":"https:\/\/canaryvip.com\/?post_type=product&#038;p=9488"},"modified":"2025-08-09T13:00:03","modified_gmt":"2025-08-09T12:00:03","slug":"aqualand-tickets","status":"publish","type":"product","link":"https:\/\/canaryvip.com\/fr\/shop\/aqualand-tickets\/","title":{"rendered":"Acheter des billets pour Aqualand"},"content":{"rendered":"<h2>\ud83c\udf0a <strong>Aqualand Costa Adeje : Plongez dans le plaisir et l'aventure !<\/strong><\/h2>\n<ul>\n<li><strong>Ouvert tous les jours :<\/strong> De 10 h \u00e0 17 h, les enfants peuvent s'amuser et jouer, ce qui leur assure une journ\u00e9e pleine de plaisir et d'excitation.<\/li>\n<li><strong>Id\u00e9alement situ\u00e9 :<\/strong> Situ\u00e9 dans la r\u00e9gion anim\u00e9e de Costa Adeje, Aqualand promet une journ\u00e9e facilement accessible \u00e0 tous.<\/li>\n<li><strong>Flexibilit\u00e9 des billets :<\/strong> Votre aventure vous attend avec des billets valables pendant 90 jours \u00e0 compter de la date d'achat, ce qui vous laisse la libert\u00e9 de choisir le jour id\u00e9al pour votre visite.<\/li>\n<\/ul>\n<p>\ud83d\udccd <strong>Point de mire :<\/strong> Aqualand est situ\u00e9 dans la station baln\u00e9aire anim\u00e9e de Costa Adeje, une destination de choix pour les amateurs de parcs aquatiques.<br \/>\nPour les directions, sans effort <a href=\"https:\/\/maps.app.goo.gl\/A5TcFcUtHUGD1ykJ7\" target=\"_blank\" rel=\"noopener\">Trouver Aqualand sur Google Maps<\/a> et planifiez \u00e0 l'avance votre journ\u00e9e d'\u00e9claboussures.<\/p>\n<p>\ud83c\udf92 <strong>Se pr\u00e9parer \u00e0 l'aventure :<\/strong> N'oubliez pas votre cr\u00e8me solaire, votre maillot de bain et votre serviette pour une journ\u00e9e de plaisir ensoleill\u00e9. Des casiers peuvent \u00eatre lou\u00e9s pour garder vos affaires en s\u00e9curit\u00e9.<\/p>\n<p>\ud83d\udca7 <strong>Station d'hydratation :<\/strong> Apportez de l'eau pour vous hydrater sous le soleil. Des possibilit\u00e9s de se restaurer et de se d\u00e9salt\u00e9rer sont disponibles \u00e0 l'int\u00e9rieur du parc.<\/p>\n<p>\ud83c\udfab <strong>Entr\u00e9e sans couture :<\/strong> Avec les billets CanaryVIP, \u00e9vitez les files d'attente pour l'achat de billets sur place et profitez d'un acc\u00e8s plus rapide. Les billets achet\u00e9s \u00e0 l'avance vous permettent de commencer votre aventure \u00e0 Aqualand en toute simplicit\u00e9.<\/p>\n<p>\ud83d\ude8c <strong>Navette Aqualand gratuite :<\/strong> Profitez du service exclusif de navettes gratuites d'Aqualand pour vous d\u00e9placer facilement depuis diff\u00e9rents points du sud de T\u00e9n\u00e9rife.<\/p>\n<p>\ud83c\udf1f <strong>Avantages exclusifs de CanaryVIP :<\/strong> Profitez de r\u00e9ductions et d'avantages sp\u00e9ciaux lorsque vous r\u00e9servez vos billets pour Aqualand avec nous ! Adultes et enfants peuvent se r\u00e9jouir d'une journ\u00e9e d'amusement incomparable \u00e0 des prix comp\u00e9titifs.<\/p>\n<ul>\n<li><strong>R\u00e9ductions instantan\u00e9es :<\/strong> R\u00e9servez vos billets aupr\u00e8s de CanaryVIP et profitez d'\u00e9conomies imm\u00e9diates.<\/li>\n<li><strong>Acc\u00e8s prioritaire :<\/strong> \u00c9vitez les files d'attente et plongez directement dans l'action.<\/li>\n<li><strong>Offres de valeur :<\/strong> Restez \u00e0 l'aff\u00fbt de nos offres combin\u00e9es avec <a href=\"https:\/\/canaryvip.com\/fr\/shop\/aqualand-jungle-park-2park\/\">Aqualand et Jungle Park<\/a>Le syst\u00e8me de gestion de l'information de la Commission europ\u00e9enne permet de maximiser votre plaisir tout en vous faisant \u00e9conomiser de l'argent.<\/li>\n<li><strong>Annulation flexible :<\/strong> Les plans ont chang\u00e9 ? Annulez jusqu'\u00e0 72 heures avant votre visite et vous serez int\u00e9gralement rembours\u00e9.<\/li>\n<\/ul>\n<p>\ud83d\udc2c <strong>Spectacle de dauphins \u00e0 ne pas manquer :<\/strong> Ne manquez pas les spectacles envo\u00fbtants des dauphins \u00e0 15h30 tous les jours, inclus gratuitement dans votre billet d'entr\u00e9e au parc.<\/p>\n<p>\ud83d\udc6a <strong>Amusement en famille :<\/strong> Aqualand offre un m\u00e9lange parfait de toboggans \u00e0 sensations pour les amateurs d'adr\u00e9naline et d'aires de jeux douces pour les plus petits, garantissant une journ\u00e9e m\u00e9morable pour toute la famille.<\/p>\n<h2>\ud83d\ude8c Service exclusif de navette Aqualand<\/h2>\n<p><strong>Une exp\u00e9rience sans faille de la navette :<\/strong> Am\u00e9liorez votre visite \u00e0 Aqualand gr\u00e2ce \u00e0 notre service de navette gratuit, qui vous permet de vous rendre au parc sans stress. Profitez de la facilit\u00e9 de notre service de bus gratuit, qui relie Los Cristianos, Playa De las Am\u00e9ricas et Costa Adeje, pour une journ\u00e9e agr\u00e9able sans effort.<\/p>\n<p><span style=\"text-decoration: underline;\"><strong>Horaire des navettes gratuites :<\/strong><\/span><\/p>\n<ul>\n<li><strong>Itin\u00e9raires :<\/strong> Los Cristianos - Playa De las Am\u00e9ricas - Costa Adeje<\/li>\n<li><strong>Arr\u00eats et heures de bus :<\/strong>\n<ul>\n<li>Centre commercial Pasarela : 9:30 | 10:30 | 11:30<\/li>\n<li>Hotel Sol Arona Tenerife : 9:35 | 10:35 | 11:35<\/li>\n<li>H\u00f4tel Best Tenerife : 9:40 | 10:40 | 11:40<\/li>\n<li>Bar Leonardo's : 9:45 | 10:45 | 11:45<\/li>\n<li>Rue Llanos de Troya : 9:50 | 10:50 | 11:50<\/li>\n<li>H. Labranda Suites Costa Adeje : 10:05 | 11:05 | 12:05<\/li>\n<li>Centre commercial The Duke Shops : 10:05 | 11:05 | 12:05<\/li>\n<li>H\u00f4tel Sunwing Fa\u00f1ab\u00e9 : 10:10 | 11:10 | 12:10<\/li>\n<\/ul>\n<\/li>\n<\/ul>\n<p><strong>Temps de retour :<\/strong> 16 h 30 et 17 h 15.<\/p>\n<p>Veuillez noter que les places \u00e0 bord de chaque navette sont limit\u00e9es et qu'elles sont attribu\u00e9es selon le principe du premier arriv\u00e9, premier servi, sans r\u00e9servation pr\u00e9alable. Veillez \u00e0 ce que votre aventure \u00e0 Aqualand commence et se termine sans encombre en arrivant \u00e0 l'avance au point de ramassage d\u00e9sign\u00e9.<\/p>\n<h3>\ud83d\udd25 <strong>Ne manquez pas cette occasion : Offres exclusives sur CanaryVIP.com<\/strong><\/h3>\n<p>Pr\u00eat pour une journ\u00e9e d'excitation \u00e0 Aqualand Costa Adeje ?<\/p>\n<p>Livre avec <strong>CanaryVIP<\/strong> pour b\u00e9n\u00e9ficier des meilleurs prix et d'une exp\u00e9rience sans souci, avec des offres sp\u00e9ciales et une politique d'annulation conviviale. Faites des vagues et cr\u00e9ez des souvenirs inoubliables !<\/p>","protected":false},"excerpt":{"rendered":"<p><strong>\ud83d\udd0d Passes d'entr\u00e9e \u00e0 Aqualand :<\/strong><br \/>\n\u2705 Paiement s\u00e9curis\u00e9.<br \/>\n\ud83d\ude80 Entr\u00e9e rapide pour les titulaires d'un laissez-passer.<br \/>\n\ud83c\udf0a Acc\u00e8s \u00e0 tous les man\u00e8ges passionnants.<br \/>\n\ud83d\udc2c Spectacle de dauphins inclus.<br \/>\n\ud83d\udd59 Ouvert de 10h00 \u00e0 17h00.<br \/>\n\ud83e\udd11 Meilleur prix garanti.<br \/>\n\ud83d\ude8d Navette gratuite.<br \/>\n\ud83d\udc6a R\u00e9ductions pour les r\u00e9servations de groupe.<br \/>\n\ud83d\udd01 Jusqu'\u00e0 72h Annulation.<br \/>\n\ud83c\udf0d Prise en charge dans plusieurs langues.<br \/>\n\ud83c\udf1f R\u00e9servez maintenant et \u00e9conomisez !<br \/>\n\ud83d\udccd Trouver <a href=\"https:\/\/maps.app.goo.gl\/A5TcFcUtHUGD1ykJ7\">Aqualand sur les cartes<\/a>.<\/p>","protected":false},"featured_media":9492,"comment_status":"open","ping_status":"closed","template":"","meta":{"_acf_changed":false},"product_brand":[],"product_cat":[54],"product_tag":[],"class_list":{"0":"post-9488","1":"product","2":"type-product","3":"status-publish","4":"has-post-thumbnail","6":"product_cat-theme-parks","7":"wcpa_has_options","9":"first","10":"instock","11":"virtual","12":"purchasable","13":"product-type-simple"},"acf":[],"wcpa_form_fields":{"wcpaData":{"product":{"product_price":36,"price_html":"From&nbsp;<span class=\"woocommerce-Price-amount amount\"><bdi>36,00&nbsp;<span class=\"woocommerce-Price-currencySymbol\">&euro;<\/span><\/bdi><\/span>","original_product_price":36,"price_including_tax":36,"price_excluding_tax":36,"product_id":{"parent":9488,"variation":false},"is_variable":false,"stock_status":"instock","stock_quantity":null,"parent_sku":"CV9488","product_attributes":[],"custom_fields":[],"is_taxable":false,"product_name":"Buy Aqualand Tickets","hasImage":false},"fields":{"sec_665df45fcbc30e":{"extra":{"key":"sec_665df45fcbc30e","section_id":"sec_665df45fcbc30e","name":"Aqualand Tickets","status":1,"cl_rule":"show","enableCl":false,"relations":[{"operator":false,"rules":[{"operator":"AND","rules":{"cl_field":"radio-group_665df45fcbc30b","cl_relation":"is","cl_val":"Siam Park Regular Tickets"}}]}],"toggle":true,"title_tag":"h4","show_title":false,"showPrice":"default","form_id":10143,"form_rules":{"exclude_from_discount":true,"fee_label":"Fee","disp_hide_options_price":true,"disp_show_section_price":false,"disp_show_field_price":true,"layout_option":"standard","pric_use_as_fee":false,"process_fee_as":"woo_fee"},"layout_option":"standard"},"fields":[[{"label":"\ud83d\udcc5 Date","active":true,"required":true,"elementId":"date_365df45fcbc347","picker_type":"custom","picker_mode":"single","placeholder":"","description":"","tooltip":"","name":"date_365df45fcbc347","label_position":"default","desc_position":"default","enablePrice":false,"className":"","enableCl":false,"relations":[{"operator":"and","rules":[{"operator":"AND","rules":{"cl_field":"radio-group_665df45fcbc30b","cl_relation":"is","cl_val":"3 Hour Trip"}}]}],"date_pic_inline":true,"date_pic_inline_hide":true,"min_date":{"type":"days","val":"0"},"max_date":{"type":"days","val":"365"},"date_pic_conf":{"disabledWeeks":[]},"price":"","cl_rule":"show","col":6,"type":"date","error":false,"enableDesign":false,"LabelColor":"","gt_translate_keys":["label","placeholder","description","tooltip"],"price_dependency":false,"cl_dependency":false,"value":""}],[{"elementId":"separator_865df45fcbc360","separatorType":"blank","className":"","height":"10","enableCl":false,"relations":false,"cl_rule":"show","col":6,"type":"separator","gt_translate_keys":[],"price_dependency":false,"cl_dependency":false,"value":""}],[{"active":true,"col":6,"relations":false,"cl_rule":"show","enableCl":false,"price":"","enablePrice":false,"className":"","label_position":"default","desc_position":"default","type":"content","required":false,"elementId":"content_265df45fcbc377","label":"People","name":"content_265df45fcbc377","contentType":"plain","value":"","error":false,"show_in_checkout":true,"inline":false,"gt_translate_keys":["label","value"],"price_dependency":false,"cl_dependency":false}],[{"active":true,"col":6,"relations":[{"operator":false,"rules":[{"operator":"AND","rules":{"cl_field":"","cl_relation":"","cl_val":""}}]}],"cl_rule":"show","enableCl":true,"price":"36","enablePrice":true,"className":"","label_position":"default","desc_position":"default","type":"radio-group","required":false,"elementId":"radio-group_365df45fcbc390","label":"","name":"radio-group_365df45fcbc390","values":[{"label":"\ud83d\udc64 Adult (36\u20ac)","value":"Adult","selected":true,"tempId":"aco_32","tooltip":"+11 Years","description":"","gt_translate_keys":["label","tooltip","description"]}],"layOut":"","error":false,"checkUi":"button","priceOptions":"fixed_for_all","pricingType":"fixed","enable_quantity":true,"quantity_label":"","min_quantity":"0","options_tooltip":true,"options_description":true,"gt_translate_keys":["label","quantity_label"],"price_dependency":false,"cl_dependency":false,"value":""}],[{"label":"","active":true,"required":false,"elementId":"radio-group_565df45fcbc3a8","name":"radio-group_565df45fcbc3a8","label_position":"default","desc_position":"default","enablePrice":true,"className":"","enableCl":false,"relations":false,"enable_quantity":true,"quantity_label":"","min_quantity":"0","checkUi":"button","layOut":"","values":[{"label":"\ud83d\udc66 Child (29\u20ac)","value":"Child","selected":true,"tempId":"aco_32","tooltip":"5-10 Years","description":"","gt_translate_keys":["label","tooltip","description"]}],"priceOptions":"fixed_for_all","pricingType":"fixed","price":"29","cl_rule":"show","col":6,"type":"radio-group","error":false,"options_tooltip":true,"options_description":true,"gt_translate_keys":["label","quantity_label"],"price_dependency":false,"cl_dependency":false,"value":""}],[{"label":"","active":true,"required":false,"elementId":"radio-group_865df45fcbc3bf","name":"radio-group_865df45fcbc3bf","label_position":"default","desc_position":"default","enablePrice":true,"className":"","enableCl":false,"relations":false,"enable_quantity":true,"quantity_label":"","min_quantity":"0","checkUi":"button","layOut":"","values":[{"label":"\ud83d\udc76 Toddler (16\u20ac)","value":"Toddler","selected":true,"tempId":"aco_32","tooltip":"3-4 Years","gt_translate_keys":["label","tooltip"]}],"priceOptions":"fixed_for_all","pricingType":"fixed","price":"16","cl_rule":"show","col":6,"type":"radio-group","error":false,"options_tooltip":true,"gt_translate_keys":["label","quantity_label"],"price_dependency":false,"cl_dependency":false,"value":""}]]}},"config":{"price_override":"always","enable_recaptcha":false,"bind_quantity":false,"quantity_bind_formula":false,"disp_summ_show_option_price":true,"disp_summ_show_product_price":false,"disp_summ_show_total_price":true,"disp_summ_show_fee":true,"disp_summ_show_discount":true,"summary_title":"","options_total_label":"Options Price","total_label":"Total Amount","options_product_label":"Product Price","fee_label":"Fee","discount_label":"Discount","has_price":true,"has_quantity_formula":false},"mc_unit":1,"tax_rate":1,"tax_rate_real":1,"discount":{"percentage":0,"fixed":0},"design":{"conf":{"LabelPosition":"above","DescPosition":"above","UploadField":"custom_1","QuantityFieldStyle":"custom_1"},"css":{"LeftLabelWidth":"120px"}},"formulas":[],"lookuptables":[],"clones":false,"cartKey":false}},"_links":{"self":[{"href":"https:\/\/canaryvip.com\/fr\/wp-json\/wp\/v2\/product\/9488","targetHints":{"allow":["GET"]}}],"collection":[{"href":"https:\/\/canaryvip.com\/fr\/wp-json\/wp\/v2\/product"}],"about":[{"href":"https:\/\/canaryvip.com\/fr\/wp-json\/wp\/v2\/types\/product"}],"replies":[{"embeddable":true,"href":"https:\/\/canaryvip.com\/fr\/wp-json\/wp\/v2\/comments?post=9488"}],"wp:featuredmedia":[{"embeddable":true,"href":"https:\/\/canaryvip.com\/fr\/wp-json\/wp\/v2\/media\/9492"}],"wp:attachment":[{"href":"https:\/\/canaryvip.com\/fr\/wp-json\/wp\/v2\/media?parent=9488"}],"wp:term":[{"taxonomy":"product_brand","embeddable":true,"href":"https:\/\/canaryvip.com\/fr\/wp-json\/wp\/v2\/product_brand?post=9488"},{"taxonomy":"product_cat","embeddable":true,"href":"https:\/\/canaryvip.com\/fr\/wp-json\/wp\/v2\/product_cat?post=9488"},{"taxonomy":"product_tag","embeddable":true,"href":"https:\/\/canaryvip.com\/fr\/wp-json\/wp\/v2\/product_tag?post=9488"}],"curies":[{"name":"wp","href":"https:\/\/api.w.org\/{rel}","templated":true}]}}