{"id":9435,"date":"2024-02-05T14:39:59","date_gmt":"2024-02-05T14:39:59","guid":{"rendered":"https:\/\/canaryvip.com\/?post_type=product&#038;p=9435"},"modified":"2025-08-09T13:00:56","modified_gmt":"2025-08-09T12:00:56","slug":"tenerife-north-guided-bus-tour","status":"publish","type":"product","link":"https:\/\/canaryvip.com\/fr\/shop\/tenerife-north-guided-bus-tour\/","title":{"rendered":"Visite guid\u00e9e en bus du nord de T\u00e9n\u00e9rife"},"content":{"rendered":"<h2>\ud83d\ude8c <strong>Tour de Tenerife Nord en bus : Santa Cruz + Taganana + La Laguna<\/strong><\/h2>\n<p>Embarquez pour un voyage captivant avec <strong>CanaryVIP<\/strong> pour explorer les tr\u00e9sors du nord de T\u00e9n\u00e9riffe. Cette visite guid\u00e9e en bus d'une journ\u00e9e compl\u00e8te vous emm\u00e8ne de la capitale anim\u00e9e de Santa Cruz au charmant village de Taganana, en passant par le site de La Laguna, inscrit au patrimoine mondial de l'UNESCO. Plongez au c\u0153ur de la culture, de l'histoire et des paysages \u00e9poustouflants de T\u00e9n\u00e9riffe.<\/p>\n<h3><strong>Points forts de la visite : Une tapisserie des tr\u00e9sors de T\u00e9n\u00e9riffe<\/strong><\/h3>\n<ul>\n<li>\ud83c\udfd9\ufe0f <a href=\"https:\/\/www.google.com\/maps\/place\/Santa+Cruz+de+Tenerife\/@28.4670039,-16.2853105,13z\/data=!4m6!3m5!1s0xc41cceccc254171:0x43111473d277e52e!8m2!3d28.4636296!4d-16.2518467!16zL20vMDFyc2pz?entry=ttu\" target=\"_blank\" rel=\"noopener\"><strong>Santa Cruz<\/strong><\/a>: Commencez votre aventure au nord de T\u00e9n\u00e9rife en vous plongeant dans la vieille ville historique de la capitale, en vous immergeant dans ses rues charmantes et en d\u00e9couvrant le riche patrimoine culturel que cette ville anim\u00e9e a \u00e0 offrir.<\/li>\n<li>\ud83c\udf0a <strong><a href=\"https:\/\/www.google.com\/maps\/place\/Playa+de+Las+Teresitas+(Santa+Cruz+de+Tenerife)\/@28.5080068,-16.1869497,17z\/data=!3m1!4b1!4m6!3m5!1s0xc41ca38d1d9c17f:0x5694f9ae1bd14e6b!8m2!3d28.5097119!4d-16.1847441!16s%2Fm%2F0c416zk?entry=ttu\" target=\"_blank\" rel=\"noopener\">Playa de las Teresitas<\/a>:<\/strong> Vous passerez devant les sables dor\u00e9s de Las Teresitas (sans arr\u00eat), pour apercevoir l'une des plus belles plages de l'\u00eele.<\/li>\n<li>\ud83c\udf7d\ufe0f <strong><a href=\"https:\/\/www.google.com\/maps\/place\/Taganana,+Santa+Cruz+de+Tenerife\/@28.5555629,-16.2355488,14z\/data=!3m1!4b1!4m6!3m5!1s0xc41c91b2021132f:0xbc8e645ff453ea87!8m2!3d28.5605853!4d-16.2181647!16s%2Fg%2F121pw4ll?entry=ttu\" target=\"_blank\" rel=\"noopener\">Village de Taganana<\/a>:<\/strong> Savourez la cuisine locale dans ce pittoresque village canarien, o\u00f9 l'essence de la tradition et de l'esprit reste intacte. (Repas non inclus dans le prix)<\/li>\n<li>\ud83c\udf32 <strong><a href=\"https:\/\/www.google.com\/maps\/place\/Monte+de+las+Mercedes\/@28.5383325,-16.3344664,15z\/data=!3m1!4b1!4m6!3m5!1s0xc41ce3f4722ad77:0x4e14fd9dc5ce9ff!8m2!3d28.5383333!4d-16.3241667!16s%2Fg%2F11cn5qs82s?entry=ttu\" target=\"_blank\" rel=\"noopener\">Monte de las Mercedes<\/a>:<\/strong> Traversez des paysages spectaculaires, o\u00f9 la beaut\u00e9 de la nature se d\u00e9ploie au c\u0153ur de T\u00e9n\u00e9riffe.<\/li>\n<li>\ud83c\udfdb\ufe0f <strong><a href=\"https:\/\/www.google.com\/maps\/place\/La+Laguna,+Santa+Cruz+de+Tenerife\/@28.4697954,-16.3289548,14z\/data=!3m1!4b1!4m6!3m5!1s0xc41cdeccdcfeaf5:0x54a9fe4642667870!8m2!3d28.4874009!4d-16.3159061!16zL20vMDZ3Znh6?entry=ttu\" target=\"_blank\" rel=\"noopener\">La Laguna<\/a>:<\/strong> Terminez votre voyage dans la ville universitaire historique et pittoresque, class\u00e9e au patrimoine mondial de l'UNESCO et r\u00e9put\u00e9e pour sa beaut\u00e9 unique.<\/li>\n<\/ul>\n<h3><strong>Votre voyage avec CanaryVIP comprend :<\/strong><\/h3>\n<ul>\n<li>\ud83d\ude8c A scenic and <strong>Le trajet en bus est confortable,<\/strong>\u00a0Le voyage est donc agr\u00e9able et permet de d\u00e9couvrir les paysages du nord de T\u00e9n\u00e9riffe.<\/li>\n<li>\ud83c\udfe8 Convenient <strong>service de ramassage et de d\u00e9p\u00f4t<\/strong> de votre h\u00f4tel, pour une exp\u00e9rience sans tracas.<\/li>\n<li>\ud83d\udde3\ufe0f Perspicace <strong>des guides touristiques multilingues,<\/strong>\u00a0La visite est enrichie d'histoires et de faits passionnants.<\/li>\n<li>\ud83d\udd52 An <strong>Circuit de 8 heures<\/strong> Le programme est rempli de nombreuses occasions d'explorer, de d\u00eener et de saisir l'essence de T\u00e9n\u00e9riffe.<\/li>\n<li>\ud83d\udcf8 <strong>Des moments parfaits<\/strong> \u00e0 chaque instant, pour que vous puissiez ramener chez vous des souvenirs qui dureront toute une vie.<\/li>\n<li>\ud83d\udcb0 La promesse CanaryVIP de l'Union europ\u00e9enne <strong>le meilleur prix,<\/strong>\u00a0Les services de l'h\u00f4tel sont disponibles \u00e0 tout moment, avec une politique d'annulation flexible pour votre tranquillit\u00e9 d'esprit.<\/li>\n<\/ul>\n<h3><strong>D\u00e9tails essentiels de la visite :<\/strong><\/h3>\n<ul>\n<li>\ud83c\udf9f\ufe0f Gardez votre billet CanaryVIP \u00e0 port\u00e9e de main, sous forme num\u00e9rique ou imprim\u00e9e, pour une exp\u00e9rience de visite fluide.<\/li>\n<li>\ud83e\udde5 Habillez-vous par couches ; les paysages vari\u00e9s de T\u00e9n\u00e9riffe impliquent des conditions m\u00e9t\u00e9orologiques changeantes.<\/li>\n<li>\ud83c\udf7d\ufe0f Profitez d'une pause pour d\u00e9jeuner \u00e0 Taganana, avec la libert\u00e9 de choisir parmi les restaurants locaux. (Le d\u00e9jeuner n'est pas inclus dans le prix)<\/li>\n<li>\ud83d\udccc Des horaires de prise en charge sp\u00e9cifiques, adapt\u00e9s \u00e0 votre h\u00f4tel ou au lieu de prise en charge, seront confirm\u00e9s apr\u00e8s la r\u00e9servation. Assurez-vous que les d\u00e9tails de votre h\u00e9bergement sont pr\u00e9cis pour une organisation de voyage sans faille.<\/li>\n<\/ul>\n<h3><strong>Politique d'annulation :<\/strong><\/h3>\n<ul>\n<li>\ud83d\udd04 <strong>Annulations individuelles flexibles :<\/strong> Comprenez l'impr\u00e9visibilit\u00e9 de la vie gr\u00e2ce \u00e0 notre politique d'annulation simple. Annulez jusqu'\u00e0 24 heures avant votre voyage et vous serez int\u00e9gralement rembours\u00e9, ce qui vous permettra d'ajuster vos plans en toute simplicit\u00e9.<\/li>\n<li>\ud83d\udd52 <strong>Flexibilit\u00e9 en mati\u00e8re d'annulation de groupe :<\/strong> Vous voyagez en groupe ? Nous sommes l\u00e0 pour vous aider. Pour les groupes de 5 \u00e0 7 personnes, l'annulation est gratuite jusqu'\u00e0 48 heures avant la visite. Les groupes de 8 \u00e0 14 personnes doivent annuler au moins 4 jours \u00e0 l'avance pour obtenir un remboursement int\u00e9gral, et les groupes de 15 personnes ou plus doivent donner un pr\u00e9avis de 6 jours avant le voyage pour \u00e9viter les frais d'annulation. Ces conditions sont con\u00e7ues pour r\u00e9pondre aux besoins des groupes plus nombreux, ce qui facilite l'organisation du voyage pour toutes les personnes concern\u00e9es.<\/li>\n<li>\ud83d\udca1 <strong>Processus d'annulation simple :<\/strong> Que vous annuliez individuellement ou en groupe, la proc\u00e9dure est simple. Contactez-nous via notre site web, par courrier \u00e9lectronique ou par t\u00e9l\u00e9phone. Nous nous occuperons rapidement de votre remboursement, afin de vous garantir une exp\u00e9rience sans tracas.<\/li>\n<li>\ud83d\udd0d <strong>V\u00e9rifiez votre r\u00e9servation :<\/strong> Nous vous encourageons \u00e0 v\u00e9rifier les d\u00e9tails de votre r\u00e9servation \u00e0 l'avance. Cette d\u00e9marche proactive permet de s'assurer que toute modification ou annulation peut \u00eatre effectu\u00e9e dans les d\u00e9lais requis, \u00e9vitant ainsi des frais inutiles.<\/li>\n<\/ul>\n<h4><strong>Assistance et responsabilit\u00e9 en cours de route :<\/strong><\/h4>\n<ul>\n<li>\u2714\ufe0f CanaryVIP s'efforce d'offrir une exp\u00e9rience touristique m\u00e9morable et fluide, de la r\u00e9servation \u00e0 l'exploration.<\/li>\n<li>\ud83d\udde3\ufe0f <strong>Communication directe :<\/strong> Des questions ou des besoins pendant la visite ? Nos guides sont l\u00e0 pour vous aider \u00e0 chaque \u00e9tape.<\/li>\n<li>\ud83d\udcb0 <strong>Politique de remboursement claire :<\/strong> En cas de probl\u00e8me, nous nous engageons \u00e0 le r\u00e9soudre conform\u00e9ment \u00e0 notre politique de priorit\u00e9 au client.<\/li>\n<\/ul>\n<h4><strong>\ud83c\udfd9\ufe0f \ud83c\udf7d\ufe0f \ud83c\udfdb\ufe0f R\u00e9servez d\u00e8s maintenant votre aventure nordique !<\/strong><\/h4>\n<p>Ne laissez pas passer cette occasion unique d'explorer les joyaux du nord de T\u00e9n\u00e9riffe. R\u00e9servez votre place sur l'itin\u00e9raire Tenerife Nord <a href=\"https:\/\/canaryvip.com\/fr\/tenerife\/guided-tours\/bus-tours\/?swcfpc=1\">Visite guid\u00e9e en bus<\/a> avec CanaryVIP aujourd'hui et pr\u00e9parez-vous \u00e0 une exploration inoubliable de la culture, de l'histoire et de la beaut\u00e9 naturelle. Votre aventure \u00e0 travers Santa Cruz, Taganana et La Laguna vous attend !<\/p>","protected":false},"excerpt":{"rendered":"<p><strong>\ud83d\udd0d Tenerife North Tour :<\/strong><br \/>\n\u2705 Paiement s\u00e9curis\u00e9.<br \/>\n\ud83d\ude80 Profitez d'une visite guid\u00e9e.<br \/>\n\ud83c\udfe2 D\u00e9couvrir Santa Cruz.<br \/>\n\ud83c\udf33 D\u00e9couvrez le parc Anaga \u00e0 Taganana.<br \/>\n\ud83c\udff0 D\u00e9couvrir La Laguna.<br \/>\n\ud83d\udcc5 Les lundis et jeudis.<br \/>\n\ud83d\udd59 8h Aventure.<br \/>\n\u23f0 Commence vers 8h00.<br \/>\n\ud83e\udd11 Meilleur prix garanti.<br \/>\n\ud83d\ude8d Prise en charge et retour \u00e0 l'h\u00f4tel.<br \/>\n\ud83d\udc6a R\u00e9ductions pour les r\u00e9servations de groupe.<br \/>\n\ud83d\udd01 Annulation gratuite jusqu'\u00e0 24h.<br \/>\n\ud83c\udf0d Guide dans votre langue.<br \/>\n\ud83c\udf1f R\u00e9servez maintenant et \u00e9conomisez !<\/p>","protected":false},"featured_media":9439,"comment_status":"open","ping_status":"closed","template":"","meta":{"_acf_changed":false},"product_brand":[],"product_cat":[68,52],"product_tag":[],"class_list":{"0":"post-9435","1":"product","2":"type-product","3":"status-publish","4":"has-post-thumbnail","6":"product_cat-guided-tours","7":"product_cat-bus-tours","8":"wcpa_has_options","10":"first","11":"instock","12":"virtual","13":"purchasable","14":"product-type-simple"},"acf":[],"wcpa_form_fields":{"wcpaData":{"product":{"product_price":46,"price_html":"From&nbsp;<span class=\"woocommerce-Price-amount amount\"><bdi>46,00&nbsp;<span class=\"woocommerce-Price-currencySymbol\">&euro;<\/span><\/bdi><\/span>","original_product_price":46,"price_including_tax":46,"price_excluding_tax":46,"product_id":{"parent":9435,"variation":false},"is_variable":false,"stock_status":"instock","stock_quantity":null,"parent_sku":"CV9435","product_attributes":[],"custom_fields":[],"is_taxable":false,"product_name":"North Tenerife Guided Bus Tour","hasImage":false},"fields":{"sec_hf2n2q14254":{"extra":{"key":"sec_hf2n2q14254","section_id":"sec_hf2n2q14254","name":"\ud83d\ude8c Pick-up Location","status":1,"cl_rule":"show","enableCl":false,"relations":[],"toggle":true,"title_tag":"h4","show_title":false,"showPrice":"default","form_id":10215,"form_rules":{"exclude_from_discount":true,"fee_label":"Fee","disp_hide_options_price":true,"disp_show_section_price":false,"disp_show_field_price":true,"layout_option":"standard","pric_use_as_fee":false,"process_fee_as":"woo_fee"},"layout_option":"standard"},"fields":[[{"active":true,"col":6,"relations":false,"cl_rule":"show","enableCl":false,"price":"","enablePrice":false,"className":"","label_position":"default","desc_position":"default","type":"radio-group","required":false,"elementId":"radio_9884051252","label":"\ud83d\ude8c Pick-up Location","name":"radio_9884051252","values":[{"label":"Pickup from South Tenerife (48\u20ac)","value":"Pickup from South Tenerife","selected":false,"tempId":"aco_343","description":"Available Mondays and Thursdays.","gt_translate_keys":["label","description"]},{"label":"Pickup from Puerto de la Cruz (48\u20ac)","value":"Pickup from North Tenerife","selected":false,"tempId":"aco_344","description":"Available Daily.","gt_translate_keys":["label","description"]}],"layOut":"","error":false,"checkUi":"toggle","description":"\u00bfAre you staying in South Tenerife or Puerto de la Cruz?","options_description":true,"isWeightTemplate":false,"isTemplate":false,"min_quantity":"1","quantity_decimal":false,"quantity_step":"1","quantity_label":"Quantity","repeater_field_label":"{field_label}","repeater_bind":"","gt_translate_keys":["label","description","repeater_field_label","quantity_label"],"price_dependency":false,"cl_dependency":[false,false],"value":""}]]},"sec_265e4c5e6ca654":{"extra":{"key":"sec_265e4c5e6ca654","section_id":"sec_265e4c5e6ca654","name":"South Tenerife","status":1,"cl_rule":"show","enableCl":true,"relations":[{"operator":false,"rules":[{"operator":"AND","rules":{"cl_field":"radio_9884051252","cl_relation":"is","cl_val":"Pickup from South Tenerife"}}]}],"toggle":true,"title_tag":"h4","show_title":false,"showPrice":"default","form_id":10215,"form_rules":{"exclude_from_discount":true,"fee_label":"Fee","disp_hide_options_price":true,"disp_show_section_price":false,"disp_show_field_price":true,"layout_option":"standard","pric_use_as_fee":false,"process_fee_as":"woo_fee"},"layout_option":"standard"},"fields":[[{"label":"\ud83d\udcc5 Date","active":true,"required":true,"elementId":"date_065e4c5e6ca673","picker_type":"custom","picker_mode":"single","placeholder":"","description":"","tooltip":"","name":"date_065e4c5e6ca673","label_position":"default","desc_position":"default","enablePrice":false,"className":"","enableCl":false,"relations":[{"operator":"and","rules":[{"operator":"AND","rules":{"cl_field":"radio-group_665df45fcbc30b","cl_relation":"is","cl_val":"3 Hour Trip"}}]}],"date_pic_inline":true,"date_pic_inline_hide":true,"min_date":{"type":"days","val":"1"},"max_date":{"type":"days","val":"365"},"date_pic_conf":{"disabledWeeks":[0,2,3,5,6]},"price":"","cl_rule":"show","col":6,"type":"date","error":false,"enableDesign":false,"LabelColor":"","isWeightTemplate":false,"isTemplate":false,"min_quantity":"1","quantity_decimal":false,"quantity_step":"1","quantity_label":"Quantity","repeater_field_label":"{field_label}","repeater_bind":"","gt_translate_keys":["label","placeholder","description","tooltip","repeater_field_label","quantity_label"],"price_dependency":false,"cl_dependency":false,"value":""}],[{"elementId":"separator_965e4c5e6ca683","separatorType":"blank","className":"","height":"10","enableCl":false,"relations":false,"cl_rule":"show","col":6,"type":"separator","gt_translate_keys":[],"price_dependency":false,"cl_dependency":false,"value":""}],[{"active":true,"col":6,"relations":false,"cl_rule":"show","enableCl":false,"price":"","enablePrice":false,"className":"","label_position":"default","desc_position":"default","type":"content","required":false,"elementId":"content_165e4c5e6ca690","label":"People","name":"content_165e4c5e6ca690","contentType":"plain","value":"","error":false,"show_in_checkout":true,"inline":false,"gt_translate_keys":["label","value"],"price_dependency":false,"cl_dependency":false}],[{"active":true,"col":6,"relations":[{"operator":false,"rules":[{"operator":"AND","rules":{"cl_field":"","cl_relation":"","cl_val":""}}]}],"cl_rule":"show","enableCl":true,"price":"48","enablePrice":true,"className":"","label_position":"default","desc_position":"default","type":"radio-group","required":false,"elementId":"radio-group_265e4c5e6ca69d","label":"","name":"radio-group_265e4c5e6ca69d","values":[{"label":"\ud83d\udc64 Adult (48\u20ac)","value":"Adult (48\u20ac)","selected":true,"tempId":"aco_32","tooltip":"+12 Years","description":"","gt_translate_keys":["label","tooltip","description"]}],"layOut":"","error":false,"checkUi":"button","priceOptions":"fixed_for_all","pricingType":"fixed","enable_quantity":true,"quantity_label":"","min_quantity":"0","options_tooltip":true,"options_description":true,"gt_translate_keys":["label","quantity_label"],"price_dependency":false,"cl_dependency":false,"value":""}],[{"label":"","active":true,"required":false,"elementId":"radio-group_965e4c5e6ca6a9","name":"radio-group_965e4c5e6ca6a9","label_position":"default","desc_position":"default","enablePrice":true,"className":"","enableCl":false,"relations":false,"enable_quantity":true,"quantity_label":"","min_quantity":"0","checkUi":"button","layOut":"","values":[{"label":"\ud83d\udc66 Child (30\u20ac)","value":"Child (30\u20ac)","selected":true,"tempId":"aco_32","tooltip":"2-11 Years","description":"","gt_translate_keys":["label","tooltip","description"]}],"priceOptions":"fixed_for_all","pricingType":"fixed","price":"30","cl_rule":"show","col":6,"type":"radio-group","error":false,"options_tooltip":true,"options_description":true,"gt_translate_keys":["label","quantity_label"],"price_dependency":false,"cl_dependency":false,"value":""}],[{"active":true,"col":6,"relations":false,"cl_rule":"show","enableCl":false,"price":"","enablePrice":false,"className":"","label_position":"default","desc_position":"default","type":"select","required":false,"elementId":"select_165e4c5e6ca6b3","label":"\ud83c\udf0e Language","name":"select_165e4c5e6ca6b3","values":[{"label":"English (Mon, Thu)","value":"English","selected":false,"tempId":"aco_596","gt_translate_keys":["label"]},{"label":"Spanish (Mon, Thu)","value":"Spanish","selected":false,"tempId":"aco_597","gt_translate_keys":["label"]},{"label":"German (Thu)","value":"German","selected":false,"tempId":"aco_598","gt_translate_keys":["label"]},{"label":"French (Mon)","value":"French","selected":false,"tempId":"aco_145","gt_translate_keys":["label"]}],"dropdown_type":"basic","error":false,"gt_translate_keys":["label"],"price_dependency":false,"cl_dependency":false,"value":""}],[{"active":true,"col":6,"relations":false,"cl_rule":"show","enableCl":false,"price":"","enablePrice":false,"className":"","label_position":"default","desc_position":"default","type":"separator","required":false,"elementId":"separator_1065e4c5e6ca6be","label":"Separator Field","height":"7","separatorType":"blank","error":false,"gt_translate_keys":["label"],"price_dependency":false,"cl_dependency":false,"value":""}],[{"active":true,"col":6,"relations":false,"cl_rule":"show","enableCl":false,"price":"","enablePrice":false,"className":"","label_position":"default","desc_position":"default","type":"text","subtype":"text","required":false,"elementId":"text_465e4c5e6ca6c8","label":"\ud83d\ude8c Pickup Location","name":"text_465e4c5e6ca6c8","value":"","description":"Pick-up service in South Tenerife. Simply provide your address or hotel name.","error":false,"gt_translate_keys":["label","description","value"],"price_dependency":false,"cl_dependency":false}]]},"sec_hf2o0212l0":{"extra":{"key":"sec_hf2o0212l0","section_id":"sec_hf2o0212l0","name":"North Tenerife","status":1,"cl_rule":"show","enableCl":true,"relations":[{"operator":false,"rules":[{"operator":"AND","rules":{"cl_field":"radio_9884051252","cl_relation":"is","cl_val":"Pickup from North Tenerife"}}]}],"toggle":true,"title_tag":"h4","show_title":false,"showPrice":"default","form_id":10215,"form_rules":{"exclude_from_discount":true,"fee_label":"Fee","disp_hide_options_price":true,"disp_show_section_price":false,"disp_show_field_price":true,"layout_option":"standard","pric_use_as_fee":false,"process_fee_as":"woo_fee"},"layout_option":"standard"},"fields":[[{"label":"\ud83d\udcc5 Date","active":true,"required":true,"elementId":"date-0739311162","picker_type":"custom","picker_mode":"single","placeholder":"","description":"","tooltip":"","name":"date-0739311162","label_position":"default","desc_position":"default","enablePrice":false,"className":"","enableCl":false,"relations":[{"operator":"and","rules":[{"operator":"AND","rules":{"cl_field":"radio-group_665df45fcbc30b","cl_relation":"is","cl_val":"3 Hour Trip"}}]}],"enableDesign":false,"LabelColor":"","date_pic_inline":true,"date_pic_inline_hide":true,"min_date":{"type":"days","val":"2"},"max_date":{"type":"days","val":"365"},"date_pic_conf":{"disabledWeeks":[]},"price":"","cl_rule":"show","col":6,"type":"date","error":false,"gt_translate_keys":["label","placeholder","description","tooltip"],"price_dependency":false,"cl_dependency":false,"value":""}],[{"elementId":"separator-0739321163","separatorType":"blank","className":"","height":"10","enableCl":false,"relations":false,"cl_rule":"show","col":6,"type":"separator","gt_translate_keys":[],"price_dependency":false,"cl_dependency":false,"value":""}],[{"contentType":"plain","active":true,"label":"People","elementId":"content-0739321164","value":"","inline":false,"show_in_checkout":true,"name":"content-0739321164","enablePrice":false,"className":"","enableCl":false,"relations":false,"price":"","cl_rule":"show","col":6,"type":"content","gt_translate_keys":["label","value"],"price_dependency":false,"cl_dependency":false}],[{"label":"","active":true,"required":false,"elementId":"radio-group-0739321165","name":"radio-group-0739321165","label_position":"default","desc_position":"default","enablePrice":true,"className":"","enableCl":true,"relations":[{"operator":false,"rules":[{"operator":"AND","rules":{"cl_field":"","cl_relation":"","cl_val":""}}]}],"enable_quantity":true,"quantity_label":"","min_quantity":"0","checkUi":"button","layOut":"","options_tooltip":true,"options_description":true,"values":[{"label":"\ud83d\udc64 Adult (48\u20ac)","value":"Adult (48\u20ac)","selected":true,"tempId":"aco_32","tooltip":"+12 Years","description":"","gt_translate_keys":["label","tooltip","description"]}],"priceOptions":"fixed_for_all","pricingType":"fixed","price":"48","cl_rule":"show","col":6,"type":"radio-group","gt_translate_keys":["label","quantity_label"],"price_dependency":false,"cl_dependency":false,"value":""}],[{"label":"","active":true,"required":false,"elementId":"radio-group-0739331166","name":"radio-group-0739331166","label_position":"default","desc_position":"default","enablePrice":true,"className":"","enableCl":false,"relations":false,"enable_quantity":true,"quantity_label":"","min_quantity":"0","checkUi":"button","layOut":"","options_tooltip":true,"options_description":true,"values":[{"label":"\ud83d\udc66 Child (24,50\u20ac)","value":"Child","selected":true,"tempId":"aco_32","tooltip":"2-11 Years","description":"","gt_translate_keys":["label","tooltip","description"]}],"priceOptions":"fixed_for_all","pricingType":"fixed","price":"24,50","cl_rule":"show","col":6,"type":"radio-group","error":false,"gt_translate_keys":["label","quantity_label"],"price_dependency":false,"cl_dependency":false,"value":""}],[{"label":"\ud83c\udf0e Language","active":true,"required":false,"elementId":"select-0739351167","dropdown_type":"basic","name":"select-0739351167","label_position":"default","desc_position":"default","enablePrice":false,"className":"","enableCl":false,"relations":false,"values":[{"label":"English","value":"English","selected":false,"tempId":"aco_596","gt_translate_keys":["label"]},{"label":"Spanish","value":"Spanish","selected":false,"tempId":"aco_597","gt_translate_keys":["label"]},{"label":"German","value":"German","selected":false,"tempId":"aco_598","gt_translate_keys":["label"]},{"label":"French","value":"French","selected":false,"tempId":"aco_145","gt_translate_keys":["label"]}],"price":"","cl_rule":"show","col":6,"type":"select","error":false,"gt_translate_keys":["label"],"price_dependency":false,"cl_dependency":false,"value":""}],[{"elementId":"separator-0739351168","separatorType":"blank","className":"","height":"7","enableCl":false,"relations":false,"cl_rule":"show","col":6,"type":"separator","gt_translate_keys":[],"price_dependency":false,"cl_dependency":false,"value":""}],[{"label":"\ud83d\ude8c Pickup Location","active":true,"required":false,"elementId":"text-0739351169","value":"","description":"Pick-up service in North Tenerife. Simply provide your address or hotel name.","name":"text-0739351169","label_position":"default","desc_position":"default","enablePrice":false,"className":"","enableCl":false,"relations":false,"subtype":"text","price":"","cl_rule":"show","col":6,"type":"text","error":false,"gt_translate_keys":["label","description","value"],"price_dependency":false,"cl_dependency":false}]]}},"config":{"price_override":"always","enable_recaptcha":false,"bind_quantity":false,"quantity_bind_formula":false,"disp_summ_show_option_price":true,"disp_summ_show_product_price":false,"disp_summ_show_total_price":true,"disp_summ_show_fee":true,"disp_summ_show_discount":true,"summary_title":"","options_total_label":"Options Price","total_label":"Total Amount","options_product_label":"Product Price","fee_label":"Fee","discount_label":"Discount","has_price":true,"has_quantity_formula":false},"mc_unit":1,"tax_rate":1,"tax_rate_real":1,"discount":{"percentage":0,"fixed":0},"design":{"conf":{"LabelPosition":"above","DescPosition":"above","UploadField":"custom_1","QuantityFieldStyle":"custom_1"},"css":{"LeftLabelWidth":"120px"}},"formulas":[],"lookuptables":[],"clones":false,"cartKey":false}},"_links":{"self":[{"href":"https:\/\/canaryvip.com\/fr\/wp-json\/wp\/v2\/product\/9435","targetHints":{"allow":["GET"]}}],"collection":[{"href":"https:\/\/canaryvip.com\/fr\/wp-json\/wp\/v2\/product"}],"about":[{"href":"https:\/\/canaryvip.com\/fr\/wp-json\/wp\/v2\/types\/product"}],"replies":[{"embeddable":true,"href":"https:\/\/canaryvip.com\/fr\/wp-json\/wp\/v2\/comments?post=9435"}],"wp:featuredmedia":[{"embeddable":true,"href":"https:\/\/canaryvip.com\/fr\/wp-json\/wp\/v2\/media\/9439"}],"wp:attachment":[{"href":"https:\/\/canaryvip.com\/fr\/wp-json\/wp\/v2\/media?parent=9435"}],"wp:term":[{"taxonomy":"product_brand","embeddable":true,"href":"https:\/\/canaryvip.com\/fr\/wp-json\/wp\/v2\/product_brand?post=9435"},{"taxonomy":"product_cat","embeddable":true,"href":"https:\/\/canaryvip.com\/fr\/wp-json\/wp\/v2\/product_cat?post=9435"},{"taxonomy":"product_tag","embeddable":true,"href":"https:\/\/canaryvip.com\/fr\/wp-json\/wp\/v2\/product_tag?post=9435"}],"curies":[{"name":"wp","href":"https:\/\/api.w.org\/{rel}","templated":true}]}}