{"id":9428,"date":"2024-02-05T13:40:56","date_gmt":"2024-02-05T13:40:56","guid":{"rendered":"https:\/\/canaryvip.com\/?post_type=product&#038;p=9428"},"modified":"2025-08-09T13:01:57","modified_gmt":"2025-08-09T12:01:57","slug":"gran-canaria-experience-with-poema-del-mar","status":"publish","type":"product","link":"https:\/\/canaryvip.com\/fr\/shop\/gran-canaria-experience-with-poema-del-mar\/","title":{"rendered":"Visite guid\u00e9e de la Grande Canarie avec Poema del Mar depuis Tenerife"},"content":{"rendered":"<h2>\ud83d\udc20 <strong>L'exp\u00e9rience de la Grande Canarie : Une journ\u00e9e compl\u00e8te d'exploration<\/strong><\/h2>\n<ul>\n<li><strong>\ud83c\udfe8 Prise en charge et retour \u00e0 l'h\u00f4tel :<\/strong> Commencez et terminez votre journ\u00e9e en toute commodit\u00e9. Notre service comprend le transport depuis votre h\u00f4tel jusqu'au ferry et retour.<\/li>\n<li><strong>\ud83d\udea2 Voyage en ferry :<\/strong> Voyagez confortablement avec Fred Olsen de Santa Cruz de Tenerife \u00e0 <a href=\"https:\/\/www.google.com\/maps\/place\/Fred.+Olsen\/@28.0998592,-15.708991,15.51z\/data=!4m15!1m8!3m7!1s0xc408b65894cde91:0x2a021e37bef00582!2sAgaete,+Las+Palmas!3b1!8m2!3d28.1002592!4d-15.6996738!16zL20vMDNtczVu!3m5!1s0xc4095471a4e3083:0x7763d59b2d7b3eaf!8m2!3d28.0994937!4d-15.7121943!16s%2Fg%2F1q5bmfyx3?entry=ttu\" target=\"_blank\" rel=\"noopener\">Agaete<\/a>La beaut\u00e9 de la mer est \u00e0 l'honneur.<\/li>\n<li><strong>\ud83c\udf79 D\u00e9couverte de la distillerie Arehucas :<\/strong> D\u00e9couvrez les secrets de la production de rhum exquis en visitant l'une des plus anciennes caves \u00e0 rhum d'Europe et profitez d'une d\u00e9licieuse exp\u00e9rience de d\u00e9gustation.<\/li>\n<li><strong>\ud83d\udc20 Plongez dans le Poema del Mar :<\/strong> Explorez la vaste vie marine dans un aquarium ultramoderne, dot\u00e9 du plus grand panneau d'observation incurv\u00e9 au monde, situ\u00e9 dans le quartier anim\u00e9 de Las Palmas.<\/li>\n<\/ul>\n<p>\ud83d\udccd <strong>Sites incontournables :<\/strong> Du riche patrimoine d'Arehucas aux merveilles aquatiques de Poema del Mar, chacun offre un aper\u00e7u unique de la culture et de la beaut\u00e9 naturelle de la Grande Canarie.<\/p>\n<p>\ud83c\udf92 <strong>Les essentiels de l'aventure :<\/strong> Apportez votre sens de l'\u00e9merveillement, des chaussures de marche confortables et n'oubliez pas votre appareil photo pour immortaliser les moments m\u00e9morables de la journ\u00e9e.<\/p>\n<p>\ud83d\udca1 <strong>Aper\u00e7us culturels :<\/strong> Apprenez des choses fascinantes sur l'art de la fabrication du rhum et admirez la biodiversit\u00e9 dans les expositions modernes de Poema del Mar.<\/p>\n<p>\ud83c\udfab <strong>Aventure tout compris :<\/strong> Cette excursion d'une journ\u00e9e compl\u00e8te comprend la prise en charge et le retour \u00e0 l'h\u00f4tel, le voyage en ferry Fred Olsen, l'entr\u00e9e au Poema del Mar et une visite guid\u00e9e \u00e0 pied de la ville. <a href=\"https:\/\/www.google.com\/maps\/place\/Vegueta,+35001+Las+Palmas+de+Gran+Canaria,+Las+Palmas\/@28.0980197,-15.4181459,17z\/data=!3m1!4b1!4m6!3m5!1s0xc40958cfffd3b6f:0x14a4665fe84d3b40!8m2!3d28.0980197!4d-15.415571!16s%2Fg%2F11bzq2sgf3?entry=ttu\" target=\"_blank\" rel=\"noopener\">Quartier historique de Vegueta<\/a>. <span style=\"text-decoration: underline;\">Veuillez noter que les repas ne sont pas inclus, ce qui vous permet de d\u00eener \u00e0 votre guise.<\/span><\/p>\n<p>\ud83d\udeb6\u200d\u2642\ufe0f<strong>Vegueta historique \u00e0 pied :<\/strong> Terminez la journ\u00e9e par une promenade guid\u00e9e dans les charmantes rues de Vegueta, pour vous impr\u00e9gner de la riche histoire et de l'architecture \u00e9tonnante de la vieille ville de Gran Canaria.<\/p>\n<p>\ud83d\udd57 <strong>Heures de d\u00e9but et de fin :<\/strong> Votre aventure d'une journ\u00e9e commence par une prise en charge \u00e0 votre h\u00f4tel vers 8h00, \u00e0 quelques minutes pr\u00e8s, en fonction de votre h\u00f4tel ou de votre lieu de prise en charge. La journ\u00e9e s'ach\u00e8ve par un retour \u00e0 l'h\u00f4tel vers 20 h 30, l\u00e0 encore avec une l\u00e9g\u00e8re variation en fonction de votre h\u00f4tel. Nous vous assurons une journ\u00e9e compl\u00e8te d'exploration et de plaisir, en g\u00e9rant tous les d\u00e9tails afin que vous puissiez vous immerger dans l'exp\u00e9rience sans aucun souci.<\/p>\n<p>\ud83c\udf1f <strong>Avantages exclusifs CanaryVIP :<\/strong> Profitez d'une journ\u00e9e de d\u00e9couverte bien remplie \u00e0 un prix comp\u00e9titif, avec toutes les exp\u00e9riences essentielles incluses. Comptez sur nous pour une exp\u00e9rience sans faille, avec un soutien attentif du d\u00e9but \u00e0 la fin.<\/p>\n<p><strong>\ud83d\udd17 Pr\u00eat pour l'aventure ?<\/strong> Ne manquez pas ce programme complet <a href=\"https:\/\/canaryvip.com\/fr\/tenerife\/guided-tours\/bus-tours\/?swcfpc=1\">visite guid\u00e9e en bus<\/a> de la Grande Canarie, des profondeurs historiques de la distillerie Arehucas \u00e0 la splendeur naturelle de Poema del Mar. R\u00e9servez votre place d\u00e8s maintenant pour une journ\u00e9e pleine d'exploration et d'enchantement !<\/p>","protected":false},"excerpt":{"rendered":"<p><strong>\ud83d\udd0d L'exp\u00e9rience de la Grande Canarie :<\/strong><br \/>\n\u2705 Paiement s\u00e9curis\u00e9.<br \/>\n\ud83d\udcc5 Tous les vendredis.<br \/>\n\ud83d\udef3\ufe0f D\u00e9part de T\u00e9n\u00e9riffe.<br \/>\n\ud83d\ude80 Profitez d'une visite guid\u00e9e.<br \/>\n\ud83d\udc20 D\u00e9couvrir Poema del Mar.<br \/>\n\ud83e\udd43 D\u00e9couvrez la distillerie Arehucas.<br \/>\n\ud83c\udff0 Explorer la ville historique de Vegueta.<br \/>\n\ud83d\udd59 12h Aventure d'une journ\u00e9e compl\u00e8te.<br \/>\n\ud83e\udd11 Meilleur prix garanti.<br \/>\n\ud83d\ude8c Prise en charge et retour \u00e0 l'h\u00f4tel.<br \/>\n\ud83d\udc6a R\u00e9ductions pour les r\u00e9servations de groupe.<br \/>\n\ud83d\udd01 Annulation gratuite jusqu'\u00e0 72h.<br \/>\n\ud83c\udf0d Prise en charge multilingue.<br \/>\n\ud83c\udf1f R\u00e9servez maintenant et \u00e9conomisez !<br \/>\n\ud83d\udccd Trouver <a href=\"https:\/\/maps.app.goo.gl\/FMkYHCdfK35bQLag9\">Poema del Mar en cartes<\/a>!<\/p>","protected":false},"featured_media":9433,"comment_status":"open","ping_status":"closed","template":"","meta":{"_acf_changed":false},"product_brand":[],"product_cat":[68,52],"product_tag":[],"class_list":{"0":"post-9428","1":"product","2":"type-product","3":"status-publish","4":"has-post-thumbnail","6":"product_cat-guided-tours","7":"product_cat-bus-tours","8":"wcpa_has_options","10":"first","11":"instock","12":"virtual","13":"purchasable","14":"product-type-simple"},"acf":[],"wcpa_form_fields":{"wcpaData":{"product":{"product_price":125,"price_html":"From&nbsp;<span class=\"woocommerce-Price-amount amount\"><bdi>125,00&nbsp;<span class=\"woocommerce-Price-currencySymbol\">&euro;<\/span><\/bdi><\/span>","original_product_price":125,"price_including_tax":125,"price_excluding_tax":125,"product_id":{"parent":9428,"variation":false},"is_variable":false,"stock_status":"instock","stock_quantity":null,"parent_sku":"CV9428","product_attributes":[],"custom_fields":[],"is_taxable":false,"product_name":"Gran Canaria Guided Tour with Poema del Mar from Tenerife","hasImage":false},"fields":{"sec_465e4c52d01ea2":{"extra":{"key":"sec_465e4c52d01ea2","section_id":"sec_465e4c52d01ea2","name":"Tickets","status":1,"cl_rule":"show","enableCl":false,"relations":[{"operator":false,"rules":[{"operator":"AND","rules":{"cl_field":"radio-group_665df45fcbc30b","cl_relation":"is","cl_val":"Siam Park Regular Tickets"}}]}],"toggle":true,"title_tag":"h4","show_title":false,"showPrice":"default","form_id":10213,"form_rules":{"exclude_from_discount":true,"fee_label":"Fee","disp_hide_options_price":true,"disp_show_section_price":false,"disp_show_field_price":true,"layout_option":"standard","pric_use_as_fee":false,"process_fee_as":"woo_fee"},"layout_option":"standard"},"fields":[[{"label":"\ud83d\udcc5 Date","active":true,"required":true,"elementId":"date_865e4c52d01ec0","picker_type":"custom","picker_mode":"single","placeholder":"","description":"","tooltip":"","name":"date_865e4c52d01ec0","label_position":"default","desc_position":"default","enablePrice":false,"className":"","enableCl":false,"relations":[{"operator":"and","rules":[{"operator":"AND","rules":{"cl_field":"radio-group_665df45fcbc30b","cl_relation":"is","cl_val":"3 Hour Trip"}}]}],"date_pic_inline":true,"date_pic_inline_hide":true,"min_date":{"type":"days","val":"2"},"max_date":{"type":"days","val":"365"},"date_pic_conf":{"disabledWeeks":[0,1,2,3,4,6]},"price":"","cl_rule":"show","col":6,"type":"date","error":false,"enableDesign":false,"LabelColor":"","gt_translate_keys":["label","placeholder","description","tooltip"],"price_dependency":false,"cl_dependency":false,"value":""}],[{"elementId":"separator_665e4c52d01ece","separatorType":"blank","className":"","height":"10","enableCl":false,"relations":false,"cl_rule":"show","col":6,"type":"separator","gt_translate_keys":[],"price_dependency":false,"cl_dependency":false,"value":""}],[{"active":true,"col":6,"relations":false,"cl_rule":"show","enableCl":false,"price":"","enablePrice":false,"className":"","label_position":"default","desc_position":"default","type":"content","required":false,"elementId":"content_765e4c52d01eda","label":"People","name":"content_765e4c52d01eda","contentType":"plain","value":"","error":false,"show_in_checkout":true,"inline":false,"gt_translate_keys":["label","value"],"price_dependency":false,"cl_dependency":false}],[{"active":true,"col":6,"relations":[{"operator":false,"rules":[{"operator":"AND","rules":{"cl_field":"","cl_relation":"","cl_val":""}}]}],"cl_rule":"show","enableCl":true,"price":"130","enablePrice":true,"className":"","label_position":"default","desc_position":"default","type":"radio-group","required":false,"elementId":"radio-group_065e4c52d01ee6","label":"","name":"radio-group_065e4c52d01ee6","values":[{"label":"\ud83d\udc64 Adult (130\u20ac)","value":"Adult","selected":true,"tempId":"aco_32","tooltip":"+12 Years","description":"","gt_translate_keys":["label","tooltip","description"]}],"layOut":"","error":false,"checkUi":"button","priceOptions":"fixed_for_all","pricingType":"fixed","enable_quantity":true,"quantity_label":"","min_quantity":"0","options_tooltip":true,"options_description":true,"gt_translate_keys":["label","quantity_label"],"price_dependency":false,"cl_dependency":false,"value":""}],[{"label":"","active":true,"required":false,"elementId":"radio-group_665e4c52d01ef1","name":"radio-group_665e4c52d01ef1","label_position":"default","desc_position":"default","enablePrice":true,"className":"","enableCl":false,"relations":false,"enable_quantity":true,"quantity_label":"","min_quantity":"0","checkUi":"button","layOut":"","values":[{"label":"\ud83d\udc66 Child (30\u20ac)","value":"Child","selected":true,"tempId":"aco_32","tooltip":"3-11 Years","description":"","gt_translate_keys":["label","tooltip","description"]}],"priceOptions":"fixed_for_all","pricingType":"fixed","price":"30","cl_rule":"show","col":6,"type":"radio-group","error":false,"options_tooltip":true,"options_description":true,"gt_translate_keys":["label","quantity_label"],"price_dependency":false,"cl_dependency":false,"value":""}],[{"label":"","active":true,"required":false,"elementId":"radio-group_1065e4c52d01efb","name":"radio-group_1065e4c52d01efb","label_position":"default","desc_position":"default","enablePrice":true,"className":"","enableCl":false,"relations":false,"enable_quantity":true,"quantity_label":"","min_quantity":"0","checkUi":"button","layOut":"","options_tooltip":true,"options_description":true,"values":[{"label":"\ud83d\udc76 Toddler (20\u20ac)","value":"Toddler","selected":true,"tempId":"aco_32","tooltip":"0-2 Years","description":"","gt_translate_keys":["label","tooltip","description"]}],"priceOptions":"fixed_for_all","pricingType":"fixed","price":"20","cl_rule":"show","col":6,"type":"radio-group","error":false,"gt_translate_keys":["label","quantity_label"],"price_dependency":false,"cl_dependency":false,"value":""}],[{"active":true,"col":6,"relations":false,"cl_rule":"show","enableCl":false,"price":"","enablePrice":false,"className":"","label_position":"default","desc_position":"default","type":"select","required":false,"elementId":"select_565e4c52d01f05","label":"\ud83c\udf0e Language","name":"select_565e4c52d01f05","values":[{"label":"English","value":"English","selected":false,"tempId":"aco_1213","gt_translate_keys":["label"]},{"label":"German","value":"German","selected":false,"tempId":"aco_302","gt_translate_keys":["label"]},{"label":"Spanish","value":"Spanish","selected":false,"tempId":"aco_312","gt_translate_keys":["label"]}],"dropdown_type":"basic","error":false,"gt_translate_keys":["label"],"price_dependency":false,"cl_dependency":false,"value":""}],[{"active":true,"col":6,"relations":false,"cl_rule":"show","enableCl":false,"price":"","enablePrice":false,"className":"","label_position":"default","desc_position":"default","type":"separator","required":false,"elementId":"separator_865e4c52d01f0f","label":"Separator Field","height":"7","separatorType":"blank","error":false,"gt_translate_keys":["label"],"price_dependency":false,"cl_dependency":false,"value":""}],[{"active":true,"col":6,"relations":false,"cl_rule":"show","enableCl":false,"price":"","enablePrice":false,"className":"","label_position":"default","desc_position":"default","type":"text","subtype":"text","required":false,"elementId":"text_865e4c52d01f18","label":"\ud83d\ude8c Pickup Location","name":"text_865e4c52d01f18","value":"","description":"Free pick-up service in North Tenerife and South Tenerife. Simply provide your address or hotel name.","error":false,"gt_translate_keys":["label","description","value"],"price_dependency":false,"cl_dependency":false}]]}},"config":{"price_override":"always","enable_recaptcha":false,"bind_quantity":false,"quantity_bind_formula":false,"disp_summ_show_option_price":true,"disp_summ_show_product_price":false,"disp_summ_show_total_price":true,"disp_summ_show_fee":true,"disp_summ_show_discount":true,"summary_title":"","options_total_label":"Options Price","total_label":"Total Amount","options_product_label":"Product Price","fee_label":"Fee","discount_label":"Discount","has_price":true,"has_quantity_formula":false},"mc_unit":1,"tax_rate":1,"tax_rate_real":1,"discount":{"percentage":0,"fixed":0},"design":{"conf":{"LabelPosition":"above","DescPosition":"above","UploadField":"custom_1","QuantityFieldStyle":"custom_1"},"css":{"LeftLabelWidth":"120px"}},"formulas":[],"lookuptables":[],"clones":false,"cartKey":false}},"_links":{"self":[{"href":"https:\/\/canaryvip.com\/fr\/wp-json\/wp\/v2\/product\/9428","targetHints":{"allow":["GET"]}}],"collection":[{"href":"https:\/\/canaryvip.com\/fr\/wp-json\/wp\/v2\/product"}],"about":[{"href":"https:\/\/canaryvip.com\/fr\/wp-json\/wp\/v2\/types\/product"}],"replies":[{"embeddable":true,"href":"https:\/\/canaryvip.com\/fr\/wp-json\/wp\/v2\/comments?post=9428"}],"wp:featuredmedia":[{"embeddable":true,"href":"https:\/\/canaryvip.com\/fr\/wp-json\/wp\/v2\/media\/9433"}],"wp:attachment":[{"href":"https:\/\/canaryvip.com\/fr\/wp-json\/wp\/v2\/media?parent=9428"}],"wp:term":[{"taxonomy":"product_brand","embeddable":true,"href":"https:\/\/canaryvip.com\/fr\/wp-json\/wp\/v2\/product_brand?post=9428"},{"taxonomy":"product_cat","embeddable":true,"href":"https:\/\/canaryvip.com\/fr\/wp-json\/wp\/v2\/product_cat?post=9428"},{"taxonomy":"product_tag","embeddable":true,"href":"https:\/\/canaryvip.com\/fr\/wp-json\/wp\/v2\/product_tag?post=9428"}],"curies":[{"name":"wp","href":"https:\/\/api.w.org\/{rel}","templated":true}]}}