{"id":8821,"date":"2024-01-15T13:32:07","date_gmt":"2024-01-15T13:32:07","guid":{"rendered":"https:\/\/canaryvip.com\/?post_type=product&#038;p=8821"},"modified":"2025-09-19T12:00:06","modified_gmt":"2025-09-19T11:00:06","slug":"siam-park-vip-house","status":"publish","type":"product","link":"https:\/\/canaryvip.com\/fr\/shop\/siam-park-vip-house\/","title":{"rendered":"Siam Park VIP House"},"content":{"rendered":"<section class=\"l-section wpb_row height_medium\"><div class=\"l-section-h i-cf\"><div class=\"g-cols vc_row via_flex valign_top type_default stacking_default\"><div class=\"vc_col-sm-12 wpb_column vc_column_container\"><div class=\"vc_column-inner\"><div class=\"wpb_wrapper\"><div class=\"wpb_text_column\"><div class=\"wpb_wrapper\"><p>\ud83c\udfdd\ufe0f <strong>Siam Park VIP House Experience avec CanaryVIP<\/strong><\/p>\n<div class=\"min-h-&#091;20px&#093; text-message flex flex-col items-start gap-3 whitespace-pre-wrap break-words &#091;.text-message+&amp;&#093;:mt-5 overflow-x-auto\" data-message-author-role=\"assistant\" data-message-id=\"8a8a1897-a3c1-4569-9988-c0ed1c1bc6da\">\n<div class=\"markdown prose w-full break-words dark:prose-invert light\">\n<p>Bienvenue \u00e0 Siam Park, un paradis pour les amateurs d'eau \u00e0 Tenerife. R\u00e9put\u00e9 pour ses attractions \u00e0 sensations et ses paysages pittoresques, le parc offre une aventure sans pareille. De l'exaltante <strong>Tour de force<\/strong> \u00e0 la tranquillit\u00e9 <strong>Rivi\u00e8re Mai Thai,<\/strong>\u00a0Il y a une exp\u00e9rience pour chaque type d'amateur de sensations fortes. Maintenant, \u00e9levez votre visite avec <strong>L'exp\u00e9rience exclusive de la maison VIP de CanaryVIP,<\/strong>\u00a0o\u00f9 le luxe rencontre l'aventure.<\/p>\n<h3>\ud83c\udf1f <strong>Commodit\u00e9s de la maison VIP Premium<\/strong><\/h3>\n<ul>\n<li><strong>L'\u00e9l\u00e9gance tha\u00eflandaise<\/strong>: Inspir\u00e9e par l'esth\u00e9tique tha\u00eflandaise, la VIP House offre une oasis de calme et de luxe.<\/li>\n<li><strong>Confort sup\u00e9rieur<\/strong>: D\u00e9tendez-vous avec style gr\u00e2ce aux canap\u00e9s en peluche, aux douches priv\u00e9es sur la terrasse et aux chaises longues.<\/li>\n<li><strong>Serviettes et douche<\/strong>: Des serviettes fra\u00eeches vous attendent, et chaque maison dispose d'une douche priv\u00e9e pour plus de commodit\u00e9.<\/li>\n<li><strong>Contr\u00f4le du climat<\/strong>: Restez au frais gr\u00e2ce \u00e0 nos ventilateurs de pointe.<\/li>\n<li><strong>S\u00e9curit\u00e9 des objets de valeur<\/strong>: Conservez vos effets personnels en toute s\u00e9curit\u00e9 dans le coffre-fort fourni.<\/li>\n<li><strong>Terrasse avec chaises longues<\/strong>: Profitez du soleil ou de l'ombre sur votre terrasse priv\u00e9e, \u00e9quip\u00e9e de chaises longues confortables.<\/li>\n<li><strong>Terrasse priv\u00e9e Jacuzzi<\/strong>: Offrez-vous une d\u00e9tente ultime dans votre jacuzzi exclusif, le joyau de la couronne du confort.<\/li>\n<\/ul>\n<h3>\ud83c\udfa5 <strong>Divertissement et d\u00e9tente sur place<\/strong><\/h3>\n<ul>\n<li><strong>TV et salon<\/strong>: D\u00e9tendez-vous en regardant vos \u00e9missions pr\u00e9f\u00e9r\u00e9es sur la t\u00e9l\u00e9vision de l'h\u00f4tel et installez-vous dans le canap\u00e9 confortable.<\/li>\n<li><strong>Minibar<\/strong>: Un minibar rempli d'une vari\u00e9t\u00e9 de boissons pour \u00e9tancher toute soif.<\/li>\n<li><strong>Service tout compris<\/strong>: Savourez un large \u00e9ventail de d\u00e9lices culinaires dans nos restaurants.<\/li>\n<li><strong>Boissons et glaces<\/strong>: Boissons non alcoolis\u00e9es, bi\u00e8res, eau et glaces \u00e0 volont\u00e9.<\/li>\n<\/ul>\n<h3>\ud83c\udfa2 <strong>Acc\u00e8s exclusif avec le Fast Pass VIP<\/strong><\/h3>\n<ul>\n<li><strong>Fast Pass toute la journ\u00e9e<\/strong>: Acc\u00e9dez imm\u00e9diatement \u00e0 toutes les attractions sans faire la queue, ce qui vous permettra de vous amuser davantage.<\/li>\n<\/ul>\n<h3>\ud83c\udf74 <strong>Repas et boissons tout compris<\/strong><\/h3>\n<ul>\n<li><strong>Vastes possibilit\u00e9s culinaires<\/strong>: Une pl\u00e9thore de choix de restauration dans le parc permet de satisfaire tous les palais.<\/li>\n<li><strong>Boissons illimit\u00e9es<\/strong>: Une gamme de boissons gratuites vous permettra de vous rafra\u00eechir.<\/li>\n<\/ul>\n<h3>\ud83d\udcb0 <strong>Prix et valeur exceptionnels<\/strong><\/h3>\n<\/div>\n<\/div>\n<div class=\"min-h-&#091;20px&#093; text-message flex flex-col items-start gap-3 whitespace-pre-wrap break-words &#091;.text-message+&amp;&#093;:mt-5 overflow-x-auto\" data-message-author-role=\"assistant\" data-message-id=\"cc56ef15-39ff-4986-80a9-f3d468fc7369\">\n<div class=\"markdown prose w-full break-words dark:prose-invert light\">\n<ul>\n<li><strong>Tarif forfaitaire<\/strong>: La Maison VIP est propos\u00e9e au prix de 910 \u20ac et peut accueillir jusqu'\u00e0 6 personnes. Ce prix garantit l'exclusivit\u00e9 et l'intimit\u00e9 pour les petits comme pour les grands groupes.<\/li>\n<li><strong>Flexibilit\u00e9 suppl\u00e9mentaire pour les invit\u00e9s<\/strong>: La maison peut accueillir jusqu'\u00e0 10 personnes. Un suppl\u00e9ment de 151\u20ac par personne est factur\u00e9 pour chaque invit\u00e9 au-del\u00e0 des six premiers.<\/li>\n<\/ul>\n<h3>\ud83d\ude8c <strong>Transport pratique et gratuit<\/strong><\/h3>\n<ul>\n<li><strong>Transit sans stress<\/strong>: Profitez du service de bus gratuit de Siam Park pour vous d\u00e9placer facilement.<\/li>\n<li><strong>Couverture \u00e9tendue<\/strong>: Plusieurs points de ramassage dans toute l'\u00eele de T\u00e9n\u00e9rife pour un acc\u00e8s pratique.<\/li>\n<\/ul>\n<h3>\u23f0 <strong>Planifiez votre exp\u00e9rience ultime<\/strong><\/h3>\n<ul>\n<li><strong>Disponibilit\u00e9 tout au long de l'ann\u00e9e<\/strong>: Ouvert en \u00e9t\u00e9 (10 h - 18 h) et en hiver (10 h - 17 h).<\/li>\n<li><strong>Situation privil\u00e9gi\u00e9e<\/strong>: Situ\u00e9 dans le quartier anim\u00e9 de Costa Adeje, il offre une vue magnifique et un acc\u00e8s facile.<\/li>\n<\/ul>\n<h3><b>\u274c Politique d'annulation<\/b><\/h3>\n<ul>\n<li style=\"font-weight: 400;\" aria-level=\"1\"><span style=\"font-weight: 400;\">Annulations effectu\u00e9es <\/span><b>30 jours ou plus avant la date de l'activit\u00e9<\/b><span style=\"font-weight: 400;\"> n'encourt aucune p\u00e9nalit\u00e9.<\/span>&nbsp;<\/li>\n<li style=\"font-weight: 400;\" aria-level=\"1\"><span style=\"font-weight: 400;\">Annulations effectu\u00e9es <\/span><b>entre 30 jours et 7 jours avant la date pr\u00e9vue<\/b><span style=\"font-weight: 400;\"> se traduira par une <\/span><b>60% charge<\/b><span style=\"font-weight: 400;\"> du montant de la r\u00e9servation.<\/span>&nbsp;<\/li>\n<li style=\"font-weight: 400;\" aria-level=\"1\"><span style=\"font-weight: 400;\">Annulations effectu\u00e9es <\/span><b>moins de 7 jours avant l'activit\u00e9<\/b><span style=\"font-weight: 400;\"> se traduira par une <\/span><b>100% charge<\/b><span style=\"font-weight: 400;\"> du montant de la r\u00e9servation.<\/span><\/li>\n<\/ul>\n<h4>\ud83d\udd14 <strong>Votre aventure luxueuse avec CanaryVIP<\/strong><\/h4>\n<ul>\n<li><strong>Entrez dans l'opulence<\/strong>: Am\u00e9liorez votre visite du parc Siam en s\u00e9journant dans la maison VIP.<\/li>\n<li><strong>Cr\u00e9er des souvenirs durables<\/strong>: R\u00e9servez d\u00e8s maintenant pour un voyage rempli de luxe, d'excitation et de moments inoubliables.<\/li>\n<\/ul>\n<\/div>\n<\/div>\n<\/div><\/div><\/div><\/div><\/div><\/div><\/div><\/section>","protected":false},"excerpt":{"rendered":"<p><strong>\ud83d\udd0d Siam Park House :<\/strong><br \/>\n\u2705 Paiement s\u00e9curis\u00e9.<br \/>\n\ud83d\ude80 Carte d'acc\u00e8s rapide VIP pour toute la journ\u00e9e.<br \/>\n\ud83d\udc68\u200d\ud83d\udc69\u200d\ud83d\udc66 Prix pour 6 personnes.<br \/>\n\ud83d\udc65 Peut accueillir jusqu'\u00e0 10 personnes.<br \/>\n\ud83d\udca6 Terrasse priv\u00e9e avec jacuzzi.<br \/>\n\ud83d\udd10 Casier et serviettes inclus.<br \/>\n\ud83c\udf54 Nourriture illimit\u00e9e.<br \/>\n\ud83c\udf7a Boissons non alcoolis\u00e9es et bi\u00e8re \u00e0 volont\u00e9.<br \/>\n\ud83c\udfe0 Plus d'espace ? <a href=\"https:\/\/canaryvip.com\/fr\/shop\/siam-park-vip-villa\/\">D\u00e9couvrez la Siam Park Villa<\/a>.<br \/>\n\ud83e\udd11 Meilleur prix garanti.<br \/>\n\ud83d\ude8d Navette gratuite.<br \/>\n\ud83c\udf0d Prise en charge dans plusieurs langues.<br \/>\n\ud83c\udf1f R\u00e9servez maintenant et \u00e9conomisez !<br \/>\n\ud83d\udc32 D\u00e9couvrir <a href=\"https:\/\/canaryvip.com\/fr\/product-category\/tenerife\/theme-parks-tenerife\/siam-park-tickets\/\">tous les billets pour Siam Park ici<\/a>!<br \/>\n\ud83d\udccd Trouver <a href=\"https:\/\/maps.app.goo.gl\/UfftQG3CrqW5R81r9\">Siam Park sur Google Maps<\/a>!<\/p>","protected":false},"featured_media":8827,"comment_status":"open","ping_status":"closed","template":"","meta":{"_acf_changed":false},"product_brand":[],"product_cat":[54,55],"product_tag":[],"class_list":{"0":"post-8821","1":"product","2":"type-product","3":"status-publish","4":"has-post-thumbnail","6":"product_cat-theme-parks","7":"product_cat-siam-park-tickets","8":"wcpa_has_options","10":"first","11":"instock","12":"virtual","13":"purchasable","14":"product-type-simple"},"acf":[],"wcpa_form_fields":{"wcpaData":{"product":{"product_price":990,"price_html":"From&nbsp;<span class=\"woocommerce-Price-amount amount\"><bdi>990,00&nbsp;<span class=\"woocommerce-Price-currencySymbol\">&euro;<\/span><\/bdi><\/span>","original_product_price":990,"price_including_tax":990,"price_excluding_tax":990,"product_id":{"parent":8821,"variation":false},"is_variable":false,"stock_status":"instock","stock_quantity":null,"parent_sku":"CV8821","product_attributes":[],"custom_fields":[],"is_taxable":false,"product_name":"Siam Park VIP House","hasImage":false},"fields":{"sec_865dcbfa9364bf":{"extra":{"key":"sec_865dcbfa9364bf","section_id":"sec_865dcbfa9364bf","name":"Default","status":1,"cl_rule":"show","enableCl":false,"relations":[],"toggle":true,"title_tag":"h3","show_title":false,"showPrice":"default","form_id":10123,"form_rules":{"exclude_from_discount":true,"fee_label":"Fee","disp_hide_options_price":true,"disp_show_section_price":false,"disp_show_field_price":true,"layout_option":"standard","pric_use_as_fee":false,"process_fee_as":"woo_fee"},"layout_option":"standard"},"fields":[[{"active":true,"col":6,"relations":false,"cl_rule":"show","enableCl":false,"price":"","enablePrice":false,"className":"","label_position":"default","desc_position":"default","type":"date","required":false,"elementId":"date_565dcbfa9364dd","name":"date_565dcbfa9364dd","label":"\ud83d\udcc5 Date","picker_type":"custom","picker_mode":"single","error":false,"date_pic_inline":true,"date_pic_inline_hide":true,"min_date":{"type":"days","val":"3"},"max_date":{"type":"days_from_min","val":"500"},"date_pic_conf":{"disabledDates":["2024-06-18 to 2024-06-30","2024-07-01 to 2024-08-15","2024-08-16 to 2024-08-20","2024-08-21","2024-08-22 to 2024-08-23","2024-08-24","2024-08-25 to 2024-08-29","2024-08-30","2025-05-26 to 2025-05-29","2025-06-02","2025-06-20","2025-06-21 to 2025-06-24","2025-06-25","2025-06-26 to 2025-06-27","2025-06-30","2025-07-01","2025-07-03","2025-07-04","2025-07-06","2025-07-07 to 2025-07-08","2025-07-09","2025-07-10 to 2025-07-13","2025-07-14 to 2025-07-15","2025-07-16 to 2025-07-17","2025-07-18","2025-07-19","2025-07-20","2025-07-21","2025-07-22","2025-07-23","2025-07-24","2025-07-25","2025-07-26","2025-07-27","2025-07-28 to 2025-07-31","2025-08-01","2025-08-02","2025-08-03","2025-08-04","2025-08-05","2025-08-06","2025-08-07","2025-08-08 to 2025-08-09","2025-08-10","2025-08-11 to 2025-08-12","2025-08-13","2025-08-14","2025-08-15","2025-08-16 to 2025-08-18","2025-08-19","2025-08-20","2025-08-21","2025-08-22","2025-08-23","2025-08-24","2025-08-25","2025-08-26","2025-08-27","2025-08-28 to 2025-08-31","2026-03-31 to 2026-04-11"]},"isWeightTemplate":false,"isTemplate":false,"min_quantity":"1","quantity_decimal":false,"quantity_step":"1","quantity_label":"Quantity","repeater_field_label":"{field_label}","repeater_bind":"","gt_translate_keys":["label","repeater_field_label","quantity_label"],"price_dependency":false,"cl_dependency":false,"value":""}],[{"active":true,"col":6,"relations":false,"cl_rule":"show","enableCl":false,"price":"","enablePrice":true,"className":"","label_position":"default","desc_position":"default","type":"select","required":false,"elementId":"select_965dcbfa9364eb","label":"\ud83d\udc64 Group Size","name":"select_965dcbfa9364eb","values":[{"label":"1 Person (990\u20ac)","value":"1 Person","selected":false,"tempId":"aco_670","price":"990","gt_translate_keys":["label"]},{"label":"2 People (990\u20ac)","value":"2 People","selected":false,"tempId":"aco_671","price":"990","gt_translate_keys":["label"]},{"label":"3 People (990\u20ac)","value":"3 People","selected":false,"tempId":"aco_672","price":"990","gt_translate_keys":["label"]},{"label":"4 People (990\u20ac)","value":"4 People","selected":false,"tempId":"aco_898","price":"990","gt_translate_keys":["label"]},{"label":"5 People (990\u20ac)","value":"5 People","selected":false,"tempId":"aco_908","price":"990","gt_translate_keys":["label"]},{"label":"6 People (990\u20ac)","value":"6 People","selected":false,"tempId":"aco_1062","price":"990","gt_translate_keys":["label"]},{"label":"\u2500 Beyond 6 people, each extra person costs \u20ac165 \u2500","value":"\u2500 Beyond 6 people, each extra person costs \u20ac165 \u2500","selected":false,"tempId":"aco_1784","price":"990","gt_translate_keys":["label"]},{"label":"7 People (1.155\u20ac)","value":"7 People","selected":false,"tempId":"aco_2967","price":"1155","gt_translate_keys":["label"]},{"label":"8 People (1.320\u20ac)","value":"8 People","selected":false,"tempId":"aco_3049","price":"1320","gt_translate_keys":["label"]},{"label":"9 People (1.485\u20ac)","value":"9 People","selected":false,"tempId":"aco_3131","price":"1485","gt_translate_keys":["label"]},{"label":"10 People (1.650\u20ac)","value":"10 People","selected":false,"tempId":"aco_3213","price":"1650","gt_translate_keys":["label"]}],"dropdown_type":"basic","error":false,"placeholder":"None","priceOptions":"different_for_all","pricingType":"fixed","gt_translate_keys":["label","placeholder"],"price_dependency":false,"cl_dependency":false,"value":""}]]}},"config":{"price_override":"always","enable_recaptcha":false,"bind_quantity":false,"quantity_bind_formula":false,"disp_summ_show_option_price":false,"disp_summ_show_product_price":false,"disp_summ_show_total_price":true,"disp_summ_show_fee":false,"disp_summ_show_discount":false,"summary_title":"","options_total_label":"Options Price","total_label":"Total","options_product_label":"Product Price","fee_label":"Fee","discount_label":"Discount","has_price":true,"has_quantity_formula":false},"mc_unit":1,"tax_rate":1,"tax_rate_real":1,"discount":{"percentage":0,"fixed":0},"design":{"conf":{"LabelPosition":"above","DescPosition":"above","UploadField":"custom_1","QuantityFieldStyle":"custom_1"},"css":{"LeftLabelWidth":"120px"}},"formulas":[],"lookuptables":[],"clones":false,"cartKey":false}},"_links":{"self":[{"href":"https:\/\/canaryvip.com\/fr\/wp-json\/wp\/v2\/product\/8821","targetHints":{"allow":["GET"]}}],"collection":[{"href":"https:\/\/canaryvip.com\/fr\/wp-json\/wp\/v2\/product"}],"about":[{"href":"https:\/\/canaryvip.com\/fr\/wp-json\/wp\/v2\/types\/product"}],"replies":[{"embeddable":true,"href":"https:\/\/canaryvip.com\/fr\/wp-json\/wp\/v2\/comments?post=8821"}],"wp:featuredmedia":[{"embeddable":true,"href":"https:\/\/canaryvip.com\/fr\/wp-json\/wp\/v2\/media\/8827"}],"wp:attachment":[{"href":"https:\/\/canaryvip.com\/fr\/wp-json\/wp\/v2\/media?parent=8821"}],"wp:term":[{"taxonomy":"product_brand","embeddable":true,"href":"https:\/\/canaryvip.com\/fr\/wp-json\/wp\/v2\/product_brand?post=8821"},{"taxonomy":"product_cat","embeddable":true,"href":"https:\/\/canaryvip.com\/fr\/wp-json\/wp\/v2\/product_cat?post=8821"},{"taxonomy":"product_tag","embeddable":true,"href":"https:\/\/canaryvip.com\/fr\/wp-json\/wp\/v2\/product_tag?post=8821"}],"curies":[{"name":"wp","href":"https:\/\/api.w.org\/{rel}","templated":true}]}}