{"id":8817,"date":"2024-01-15T12:16:37","date_gmt":"2024-01-15T12:16:37","guid":{"rendered":"https:\/\/canaryvip.com\/?post_type=product&#038;p=8817"},"modified":"2025-09-19T12:01:26","modified_gmt":"2025-09-19T11:01:26","slug":"siam-park-vip-cabin","status":"publish","type":"product","link":"https:\/\/canaryvip.com\/fr\/shop\/siam-park-vip-cabin\/","title":{"rendered":"Cabine VIP du Siam Park"},"content":{"rendered":"<section class=\"l-section wpb_row height_medium\"><div class=\"l-section-h i-cf\"><div class=\"g-cols vc_row via_flex valign_top type_default stacking_default\"><div class=\"vc_col-sm-12 wpb_column vc_column_container\"><div class=\"vc_column-inner\"><div class=\"wpb_wrapper\"><div class=\"wpb_text_column\"><div class=\"wpb_wrapper\"><h2><strong>\ud83c\udfdd\ufe0f Siam Park VIP Cabana Experience avec CanaryVIP<\/strong><\/h2>\n<p>Bienvenue \u00e0 Siam Park, le premier royaume aquatique de T\u00e9n\u00e9rife, r\u00e9put\u00e9 pour ses man\u00e8ges \u00e0 sensations, ses paysages \u00e9poustouflants et l'ultime aventure aquatique. De la mont\u00e9e d'adr\u00e9naline <strong>Tour de force<\/strong> \u00e0 la d\u00e9tente <strong>Rivi\u00e8re Mai Thai,<\/strong>\u00a0il y en a pour tous les go\u00fbts. Plongez dans un monde o\u00f9 l'excitation c\u00f4toie la d\u00e9tente, et rendez votre visite vraiment inoubliable gr\u00e2ce \u00e0 la <strong>Exp\u00e9rience de la cabane VIP. <\/strong><\/p>\n<p>D\u00e9couvrez pourquoi Siam Park est la destination ultime pour s'amuser en famille, se d\u00e9tendre et partir \u00e0 l'aventure dans un paradis tropical. D\u00e9couvrez le meilleur du divertissement aquatique et cr\u00e9ez des souvenirs qui dureront toute une vie.<\/p>\n<h3><strong>\ud83c\udf1f S\u00e9lection exclusive de cabanes<\/strong><\/h3>\n<ul>\n<li><strong>Th\u00e8mes d'inspiration tha\u00eflandaise<\/strong>: Choisissez le Cabana Phuket, Chiang Mai ou Rataburi, chacun \u00e9tant un sanctuaire serein d'inspiration tha\u00eflandaise.<\/li>\n<li><strong>Un confort in\u00e9gal\u00e9<\/strong>: Des canap\u00e9s moelleux, des douches priv\u00e9es sur la terrasse et des chaises longues sont le summum de la d\u00e9tente et du luxe.<\/li>\n<li><strong>Serviettes incluses<\/strong>: Vous n'avez pas \u00e0 vous soucier d'emporter des serviettes, elles sont fournies pour votre commodit\u00e9.<\/li>\n<li><strong>Un ventilateur pour le confort<\/strong>: Restez au frais gr\u00e2ce au ventilateur inclus.<\/li>\n<li><strong>S\u00e9curisez vos biens<\/strong>: Utilisez le coffre-fort pour votre tranquillit\u00e9 d'esprit.<\/li>\n<\/ul>\n<h3><strong>\ud83c\udfa5 Divertissement et confort dans la cabine<\/strong><\/h3>\n<ul>\n<li><strong>TV et lecteur DVD<\/strong>: Chaque cabane est \u00e9quip\u00e9e d'une t\u00e9l\u00e9vision et d'un lecteur DVD pour vous divertir.<\/li>\n<li><strong>Rafra\u00eechissements \u00e0 port\u00e9e de main<\/strong>: Un minibar rempli d'une vari\u00e9t\u00e9 de boissons pour r\u00e9pondre \u00e0 vos pr\u00e9f\u00e9rences.<\/li>\n<\/ul>\n<h3><strong>Acc\u00e8s prioritaire avec Fast Pass VIP<\/strong><\/h3>\n<ul>\n<li><strong>Entr\u00e9e d'attraction instantan\u00e9e<\/strong>: Gr\u00e2ce aux bracelets sp\u00e9ciaux pour les invit\u00e9s VIP, b\u00e9n\u00e9ficiez d'un acc\u00e8s imm\u00e9diat \u00e0 toutes les attractions, en \u00e9vitant les files d'attente et en maximisant votre temps de divertissement.<\/li>\n<\/ul>\n<h3>\ud83c\udf74 <strong>Repas et boissons tout compris<\/strong><\/h3>\n<ul>\n<li><strong>Diverses options de restauration<\/strong>: Le parc offre un large \u00e9ventail de choix culinaires pour tous les go\u00fbts.<\/li>\n<li><strong>Boissons illimit\u00e9es<\/strong>: Des boissons non alcoolis\u00e9es, des bi\u00e8res, de l'eau et des glaces vous sont offertes gratuitement, afin de garantir votre hydratation et votre satisfaction.<\/li>\n<\/ul>\n<h3><strong>\ud83d\udcb0 Prix et valeur exceptionnels<\/strong><\/h3>\n<ul>\n<li><strong>Taux global<\/strong>: La cabane VIP est propos\u00e9e au prix de 610 \u20ac et peut accueillir de 1 \u00e0 4 personnes. Qu'il s'agisse d'une aventure en solo ou d'un groupe de quatre personnes, le prix reste le m\u00eame, ce qui garantit l'exclusivit\u00e9 et l'intimit\u00e9.<\/li>\n<li><strong>Flexibilit\u00e9 suppl\u00e9mentaire pour les invit\u00e9s<\/strong>: Si votre groupe compte plus de quatre personnes, vous avez la possibilit\u00e9 d'ajouter jusqu'\u00e0 deux invit\u00e9s suppl\u00e9mentaires pour 151 \u20ac chacun, ce qui permet de s'adapter \u00e0 des groupes de diff\u00e9rentes tailles.<\/li>\n<li><strong>Tarifs sp\u00e9ciaux pour l'\u00e9t\u00e9 :<\/strong> Vous pouvez b\u00e9n\u00e9ficier de ces tarifs m\u00eame pendant les mois d'\u00e9t\u00e9 tr\u00e8s charg\u00e9s de juillet et d'ao\u00fbt.<\/li>\n<li><strong>Avantage de la r\u00e9servation anticip\u00e9e :<\/strong> \u00c9vitez les hausses de prix en r\u00e9servant d\u00e8s maintenant. Vous b\u00e9n\u00e9ficierez ainsi du tarif d'aujourd'hui pour votre prochaine visite !<\/li>\n<\/ul>\n<h3><strong>\ud83d\ude8c Transport pratique et gratuit<\/strong><\/h3>\n<ul>\n<li><strong>Voyage sans stress<\/strong>: Profitez du service de bus gratuit de Siam Park, qui offre un transport r\u00e9gulier et pratique.<\/li>\n<li><strong>Large couverture<\/strong>: Plusieurs points de ramassage \u00e0 travers T\u00e9n\u00e9rife pour faciliter l'acc\u00e8s au parc et le retour.<\/li>\n<\/ul>\n<h3><strong>\u23f0 Planifiez votre exp\u00e9rience ultime<\/strong><\/h3>\n<ul>\n<li><strong>Ouvert toute l'ann\u00e9e<\/strong>: \u00c9t\u00e9 (10 h - 18 h), Hiver (10 h - 17 h).<\/li>\n<li><strong>Accessible et panoramique<\/strong>: Situ\u00e9 dans le quartier anim\u00e9 de Costa Adeje, il allie des vues magnifiques \u00e0 un acc\u00e8s facile.<\/li>\n<\/ul>\n<h3><strong>\ud83d\udd14 Votre aventure luxueuse vous attend avec CanaryVIP<\/strong><\/h3>\n<ul>\n<li><strong>Entrez dans le luxe<\/strong>: Rehaussez votre visite au Siam Park en s\u00e9journant dans une cabane VIP.<\/li>\n<li><strong>Cr\u00e9er des souvenirs inoubliables<\/strong>: R\u00e9servez d\u00e8s aujourd'hui et embarquez pour un voyage de luxe, d'excitation et de moments inoubliables.<\/li>\n<\/ul>\n<h3><b>\u274c Conditions d'annulation<\/b><\/h3>\n<ul>\n<li style=\"font-weight: 400;\" aria-level=\"1\"><span style=\"font-weight: 400;\">R\u00e9servations annul\u00e9es <\/span><b>un mois ou plus avant la date de l'activit\u00e9<\/b><span style=\"font-weight: 400;\"> ne sera pas factur\u00e9.<\/span>&nbsp;<\/li>\n<li style=\"font-weight: 400;\" aria-level=\"1\"><span style=\"font-weight: 400;\">R\u00e9servations annul\u00e9es <\/span><b>entre un mois et 7 jours avant<\/b><span style=\"font-weight: 400;\"> sera factur\u00e9 <\/span><b>60% du montant total<\/b><span style=\"font-weight: 400;\">.<\/span>&nbsp;<\/li>\n<li style=\"font-weight: 400;\" aria-level=\"1\"><span style=\"font-weight: 400;\">R\u00e9servations annul\u00e9es <\/span><b>moins de 7 jours \u00e0 l'avance<\/b><span style=\"font-weight: 400;\"> sera factur\u00e9 <\/span><b>le montant total (100%)<\/b><span style=\"font-weight: 400;\">.<\/span><\/li>\n<\/ul>\n<h3>\ud83c\udf1f \u00c9levez votre aventure avec CanaryVIP<\/h3>\n<p>R\u00e9servez d\u00e8s aujourd'hui votre exp\u00e9rience VIP Cabana avec CanaryVIP et faites en sorte que votre visite \u00e0 Siam Park soit synonyme de luxe et de moments inoubliables. Profitez d'avantages exclusifs, d'un acc\u00e8s prioritaire et d'un confort exceptionnel, pour que chaque moment de votre aventure soit vraiment sp\u00e9cial.<\/p>\n<p>Ne manquez pas cette occasion de cr\u00e9er des souvenirs inoubliables dans le premier royaume aquatique de T\u00e9n\u00e9rife. R\u00e9servez votre cabane VIP d\u00e8s maintenant et embarquez pour un voyage ultime de d\u00e9tente, d'excitation et de luxe !<\/p>\n<\/div><\/div><\/div><\/div><\/div><\/div><\/div><\/section>","protected":false},"excerpt":{"rendered":"<p><strong>\ud83d\udd0d Siam Park Cabana :<\/strong><br \/>\n\u2705 Paiement s\u00e9curis\u00e9.<br \/>\n\ud83d\ude80 Carte d'acc\u00e8s rapide VIP pour toute la journ\u00e9e.<br \/>\n\ud83d\udc68\u200d\ud83d\udc69\u200d\ud83d\udc66 Prix pour 4 personnes.<br \/>\n\ud83d\udc65 Peut accueillir jusqu'\u00e0 6 personnes.<br \/>\n\ud83d\udd10 Casier et serviettes inclus.<br \/>\n\ud83c\udf54 Nourriture illimit\u00e9e.<br \/>\n\ud83c\udf7a Boissons non alcoolis\u00e9es et bi\u00e8re \u00e0 volont\u00e9.<br \/>\n\ud83c\udfe0 Plus d'espace ? Jetez un coup d'\u0153il \u00e0 la <a href=\"https:\/\/canaryvip.com\/fr\/shop\/siam-park-vip-house\/\">Siam Park House<\/a>.<br \/>\n\ud83e\udd11 Meilleur prix garanti.<br \/>\n\ud83d\ude8d Navette gratuite.<br \/>\n\ud83c\udf0d Prise en charge dans plusieurs langues.<br \/>\n\ud83c\udf1f R\u00e9servez maintenant et \u00e9conomisez !<br \/>\n\ud83d\udc32 D\u00e9couvrir <a href=\"https:\/\/canaryvip.com\/fr\/product-category\/tenerife\/theme-parks-tenerife\/siam-park-tickets\/\">tous les billets pour Siam Park ici<\/a>!<br \/>\n\ud83d\udccd Trouver <a href=\"https:\/\/maps.app.goo.gl\/UfftQG3CrqW5R81r9\">Siam Park sur Google Maps<\/a>!<\/p>","protected":false},"featured_media":8819,"comment_status":"open","ping_status":"closed","template":"","meta":{"_acf_changed":false},"product_brand":[],"product_cat":[55,54],"product_tag":[],"class_list":{"0":"post-8817","1":"product","2":"type-product","3":"status-publish","4":"has-post-thumbnail","6":"product_cat-siam-park-tickets","7":"product_cat-theme-parks","8":"wcpa_has_options","10":"first","11":"instock","12":"virtual","13":"purchasable","14":"product-type-simple"},"acf":[],"wcpa_form_fields":{"wcpaData":{"product":{"product_price":660,"price_html":"From&nbsp;<span class=\"woocommerce-Price-amount amount\"><bdi>660,00&nbsp;<span class=\"woocommerce-Price-currencySymbol\">&euro;<\/span><\/bdi><\/span>","original_product_price":660,"price_including_tax":660,"price_excluding_tax":660,"product_id":{"parent":8817,"variation":false},"is_variable":false,"stock_status":"instock","stock_quantity":null,"parent_sku":"CV8817","product_attributes":[],"custom_fields":[],"is_taxable":false,"product_name":"Siam Park VIP Cabin","hasImage":false},"fields":{"sec_765dcbaa6daedc":{"extra":{"key":"sec_765dcbaa6daedc","section_id":"sec_765dcbaa6daedc","name":"Default","status":1,"cl_rule":"show","enableCl":false,"relations":[],"toggle":true,"title_tag":"h3","show_title":false,"showPrice":"default","form_id":10122,"form_rules":{"exclude_from_discount":true,"fee_label":"Fee","disp_hide_options_price":true,"disp_show_section_price":false,"disp_show_field_price":true,"layout_option":"standard","pric_use_as_fee":false,"process_fee_as":"woo_fee"},"layout_option":"standard"},"fields":[[{"active":true,"col":6,"relations":false,"cl_rule":"show","enableCl":false,"price":"","enablePrice":false,"className":"","label_position":"default","desc_position":"default","type":"date","required":false,"elementId":"date_9651671511","name":"date_9651671511","label":"\ud83d\udcc5 Date","picker_type":"custom","picker_mode":"single","error":false,"date_pic_inline":true,"date_pic_inline_hide":true,"min_date":{"type":"days","val":"3"},"max_date":{"type":"days_from_min","val":"700"},"date_pic_conf":{"disabledDates":["2025-07-01 to 2025-08-31","2025-10-01 to 2025-11-01","2026-04-01","2026-04-02 to 2026-04-07","2026-04-08"],"enabledDates":[]},"isWeightTemplate":false,"isTemplate":false,"min_quantity":"1","quantity_decimal":false,"quantity_step":"1","quantity_label":"Quantity","repeater_field_label":"{field_label}","repeater_bind":"","gt_translate_keys":["label","repeater_field_label","quantity_label"],"price_dependency":false,"cl_dependency":false,"value":""}],[{"active":true,"col":6,"relations":false,"cl_rule":"show","enableCl":false,"price":"","enablePrice":true,"className":"","label_position":"default","desc_position":"default","type":"select","required":false,"elementId":"select_5229375457","label":"\ud83d\udc64 Group Size","name":"select_5229375457","values":[{"label":"1 Person (660\u20ac)","value":"1 Person","selected":false,"tempId":"aco_670","price":"660","gt_translate_keys":["label"]},{"label":"2 People (660\u20ac)","value":"2 People","selected":false,"tempId":"aco_671","price":"660","gt_translate_keys":["label"]},{"label":"3 People (660\u20ac)","value":"3 People","selected":false,"tempId":"aco_672","price":"660","gt_translate_keys":["label"]},{"label":"4 People (660\u20ac)","value":"4 People","selected":false,"tempId":"aco_898","price":"660","gt_translate_keys":["label"]},{"label":"\u2500 Beyond 4 people, each extra person costs \u20ac165 \u2500","value":"\u2500 Beyond 4 people, each extra person costs \u20ac165 \u2500","selected":false,"tempId":"aco_1784","price":"660","gt_translate_keys":["label"]},{"label":"5 People (825\u20ac)","value":"5 People","selected":false,"tempId":"aco_908","price":"825","gt_translate_keys":["label"]},{"label":"6 People (990\u20ac)","value":"6 People","selected":false,"tempId":"aco_1062","price":"990","gt_translate_keys":["label"]}],"dropdown_type":"basic","error":false,"placeholder":"None","priceOptions":"different_for_all","pricingType":"fixed","gt_translate_keys":["label","placeholder"],"price_dependency":false,"cl_dependency":false,"value":""}]]}},"config":{"price_override":"always","enable_recaptcha":false,"bind_quantity":false,"quantity_bind_formula":false,"disp_summ_show_option_price":false,"disp_summ_show_product_price":false,"disp_summ_show_total_price":true,"disp_summ_show_fee":false,"disp_summ_show_discount":false,"summary_title":"","options_total_label":"Options Price","total_label":"Total","options_product_label":"Product Price","fee_label":"Fee","discount_label":"Discount","has_price":true,"has_quantity_formula":false},"mc_unit":1,"tax_rate":1,"tax_rate_real":1,"discount":{"percentage":0,"fixed":0},"design":{"conf":{"LabelPosition":"above","DescPosition":"above","UploadField":"custom_1","QuantityFieldStyle":"custom_1"},"css":{"LeftLabelWidth":"120px"}},"formulas":[],"lookuptables":[],"clones":false,"cartKey":false}},"_links":{"self":[{"href":"https:\/\/canaryvip.com\/fr\/wp-json\/wp\/v2\/product\/8817","targetHints":{"allow":["GET"]}}],"collection":[{"href":"https:\/\/canaryvip.com\/fr\/wp-json\/wp\/v2\/product"}],"about":[{"href":"https:\/\/canaryvip.com\/fr\/wp-json\/wp\/v2\/types\/product"}],"replies":[{"embeddable":true,"href":"https:\/\/canaryvip.com\/fr\/wp-json\/wp\/v2\/comments?post=8817"}],"wp:featuredmedia":[{"embeddable":true,"href":"https:\/\/canaryvip.com\/fr\/wp-json\/wp\/v2\/media\/8819"}],"wp:attachment":[{"href":"https:\/\/canaryvip.com\/fr\/wp-json\/wp\/v2\/media?parent=8817"}],"wp:term":[{"taxonomy":"product_brand","embeddable":true,"href":"https:\/\/canaryvip.com\/fr\/wp-json\/wp\/v2\/product_brand?post=8817"},{"taxonomy":"product_cat","embeddable":true,"href":"https:\/\/canaryvip.com\/fr\/wp-json\/wp\/v2\/product_cat?post=8817"},{"taxonomy":"product_tag","embeddable":true,"href":"https:\/\/canaryvip.com\/fr\/wp-json\/wp\/v2\/product_tag?post=8817"}],"curies":[{"name":"wp","href":"https:\/\/api.w.org\/{rel}","templated":true}]}}