{"id":16530,"date":"2026-01-17T17:42:14","date_gmt":"2026-01-17T17:42:14","guid":{"rendered":"https:\/\/canaryvip.com\/?post_type=product&#038;p=16530"},"modified":"2026-02-03T12:44:44","modified_gmt":"2026-02-03T12:44:44","slug":"bubble-room-experience-in-tenerife-with-private-jacuzzi","status":"publish","type":"product","link":"https:\/\/canaryvip.com\/fr\/shop\/bubble-room-experience-in-tenerife-with-private-jacuzzi\/","title":{"rendered":"Exp\u00e9rience de la chambre \u00e0 bulles \u00e0 T\u00e9n\u00e9rife avec jacuzzi priv\u00e9"},"content":{"rendered":"<h2><strong>\u2728 Une nuit romantique entour\u00e9e de nature et de vues sur l'oc\u00e9an<\/strong><\/h2>\n<p>Profitez d'un s\u00e9jour vraiment diff\u00e9rent avec cette <strong>Chambre \u00e0 bulles Exp\u00e9rience \u00e0 T\u00e9n\u00e9rife<\/strong>, L'h\u00f4tel est con\u00e7u pour les couples \u00e0 la recherche d'intimit\u00e9, de confort et d'une atmosph\u00e8re particuli\u00e8re. Cette exp\u00e9rience exclusive offre <strong>une nuit pour deux personnes<\/strong> dans une suite de bulles transparentes avec <strong>jacuzzi priv\u00e9<\/strong>, L'h\u00f4tel offre des vues panoramiques sur l'oc\u00e9an et une connexion totale avec la nature.<\/p>\n<p>Situ\u00e9 dans un quartier calme de l'\u00eele, cet h\u00f4tel est un lieu d'accueil id\u00e9al pour les personnes \u00e0 mobilit\u00e9 r\u00e9duite. <strong>L'exp\u00e9rience des bulles d'air \u00e0 T\u00e9n\u00e9rife<\/strong> est id\u00e9al si vous recherchez quelque chose de romantique, d'intime et d'inoubliable.<\/p>\n<h3><strong>\u2b50 Un s\u00e9jour unique dans une chambre \u00e0 bulles \u00e0 Tenerife<\/strong><\/h3>\n<p>Ces suites \u00e0 bulles ont \u00e9t\u00e9 cr\u00e9\u00e9es pour les clients qui veulent plus qu'une nuit d'h\u00f4tel normale. Dormir \u00e0 la belle \u00e9toile avec une vue \u00e0 180\u00b0 sur l'oc\u00e9an et les \u00eeles voisines rend cette exp\u00e9rience vraiment sp\u00e9ciale.<\/p>\n<ul>\n<li>Suite exclusive de bulles d'air <strong>25 m\u00b2<\/strong>.<\/li>\n<li>Con\u00e7u pour <strong>2 personnes<\/strong>.<\/li>\n<li><strong>Jacuzzi priv\u00e9<\/strong> inclus.<\/li>\n<li>Lit balinais ext\u00e9rieur priv\u00e9.<\/li>\n<li>Vues panoramiques sur l'oc\u00e9an et les \u00eeles environnantes.<\/li>\n<li>Lit rond et atmosph\u00e8re intime.<\/li>\n<\/ul>\n<p>Il s'agit d'un choix id\u00e9al pour les couples \u00e0 la recherche d'une chambre d'h\u00f4tes. <strong>chambre \u00e0 bulles Tenerife<\/strong> qui se sent priv\u00e9, paisible et diff\u00e9rent de tout ce qui existe sur l'\u00eele.<\/p>\n<h3><strong>\ud83d\udcab Confort, intimit\u00e9 et d\u00e9tails bien pens\u00e9s<\/strong><\/h3>\n<p>Chaque chambre \u00e0 bulles comprend tout ce qui est n\u00e9cessaire \u00e0 un s\u00e9jour confortable et relaxant.<\/p>\n<ul>\n<li>Salle de bain priv\u00e9e dans la suite.<\/li>\n<li>Climatisation.<\/li>\n<li>T\u00e9l\u00e9vision.<\/li>\n<li>WiFi et internet.<\/li>\n<li>Serviettes et s\u00e8che-cheveux.<\/li>\n<li>\u00c9quipements de salle de bains.<\/li>\n<li>R\u00e9frig\u00e9rateur dans la chambre.<\/li>\n<\/ul>\n<p>Les h\u00f4tes ont \u00e9galement acc\u00e8s \u00e0 des espaces communs qui compl\u00e8tent l'exp\u00e9rience :<\/p>\n<ul>\n<li>Piscine \u00e0 d\u00e9bordement.<\/li>\n<li>Coin cuisine commun.<\/li>\n<li>Parking priv\u00e9 inclus.<\/li>\n<\/ul>\n<h3><strong>\ud83d\udc96 Parfait pour les escapades romantiques<\/strong><\/h3>\n<p>Le pr\u00e9sent <strong>L'exp\u00e9rience des bulles d'air \u00e0 T\u00e9n\u00e9rife<\/strong> est particuli\u00e8rement appr\u00e9ci\u00e9e :<\/p>\n<ul>\n<li>Escapades romantiques.<\/li>\n<li>Anniversaires.<\/li>\n<li>Propositions de mariage.<\/li>\n<li>C\u00e9l\u00e9brations sp\u00e9ciales.<\/li>\n<li>D\u00e9connexion totale et relaxation.<\/li>\n<\/ul>\n<p>Des extras, des d\u00e9corations romantiques et des services suppl\u00e9mentaires peuvent \u00eatre ajout\u00e9s pour personnaliser le s\u00e9jour et cr\u00e9er une exp\u00e9rience encore plus m\u00e9morable.<\/p>\n<h3><strong>\ud83d\udd52 Informations sur l'enregistrement et le d\u00e9part<\/strong><\/h3>\n<ul>\n<li><strong>Enregistrement :<\/strong> A partir de 14h00.<\/li>\n<li><strong>Check-out :<\/strong> Avant 12h00.<\/li>\n<\/ul>\n<p>Si une bulle est disponible le jour de l'arriv\u00e9e, il est possible d'arriver plus t\u00f4t. Dans le cas contraire, les clients sont invit\u00e9s \u00e0 arriver plus t\u00f4t et \u00e0 profiter de la piscine et des espaces communs jusqu'\u00e0 ce que la bulle soit pr\u00eate.<\/p>\n<h3><strong>\ud83d\udccd Emplacement<\/strong><\/h3>\n<p>Les salles de bulles sont situ\u00e9es \u00e0 <strong>Alaya Resort Tenerife<\/strong>, L'h\u00f4tel est situ\u00e9 \u00e0 Gu\u00eda de Isora, une zone paisible et priv\u00e9e connue pour sa beaut\u00e9 naturelle et ses vues d\u00e9gag\u00e9es.<\/p>\n<ul>\n<li>Endroit calme et isol\u00e9.<\/li>\n<li>Vue panoramique sur l'oc\u00e9an et les \u00eeles.<\/li>\n<li>Route d'acc\u00e8s enti\u00e8rement goudronn\u00e9e, avec quelques virages.<\/li>\n<li>Voiture recommand\u00e9e, car le voyage jusqu'\u00e0 cet endroit sp\u00e9cial fait partie du charme de l'endroit.<\/li>\n<\/ul>\n<h3><strong>\ud83d\udcdc Politique de r\u00e9servation et d'annulation<\/strong><\/h3>\n<p>Veuillez lire attentivement les conditions avant de r\u00e9server cette exp\u00e9rience dans une chambre \u00e0 bulles \u00e0 T\u00e9n\u00e9rife.<\/p>\n<ul>\n<li><strong>Annulation gratuite jusqu'\u00e0 14 jours avant l'arriv\u00e9e.<\/strong><\/li>\n<li>Les annulations effectu\u00e9es apr\u00e8s cette p\u00e9riode ne sont pas remboursables.<\/li>\n<li>Il est interdit de fumer \u00e0 l'int\u00e9rieur des chambres \u00e0 bulles.<\/li>\n<li>Les animaux domestiques ne sont pas autoris\u00e9s.<\/li>\n<\/ul>\n<h3><strong>\ud83c\udf0c Une autre fa\u00e7on de d\u00e9couvrir Tenerife<\/strong><\/h3>\n<p>Si vous \u00eates \u00e0 la recherche d'une nuit romantique, d'un s\u00e9jour unique ou d'une exp\u00e9rience m\u00e9morable, nous vous invitons \u00e0 nous contacter. <strong>chambre \u00e0 bulles Tenerife<\/strong>, Cette exp\u00e9rience offre intimit\u00e9, confort et un cadre magique difficile \u00e0 \u00e9galer.<\/p>\n<p>Au <strong>CanaryVIP<\/strong>, Nous s\u00e9lectionnons avec soin et offrons des exp\u00e9riences uniques comme celle-ci <strong>L'exp\u00e9rience des bulles d'air \u00e0 T\u00e9n\u00e9rife<\/strong>, Le site Internet de la Commission europ\u00e9enne, qui facilite les r\u00e9servations gr\u00e2ce \u00e0 des informations claires et \u00e0 des partenaires de confiance, a \u00e9t\u00e9 con\u00e7u pour faciliter les r\u00e9servations.<\/p>\n<p>\u2728 R\u00e9servez votre <strong>Bubble Room Experience Tenerife<\/strong> et profitez d'une nuit inoubliable \u00e0 deux sous les \u00e9toiles.<\/p>","protected":false},"excerpt":{"rendered":"<p>\ud83d\udd0d <strong>Exp\u00e9rience de la bulle :<br \/>\n<\/strong>\u2705 Paiement s\u00e9curis\u00e9.<br \/>\n\ud83d\udc65 Jusqu'\u00e0 2 par salle de bulles.<br \/>\n\ud83d\ude80 Exp\u00e9rience unique \u00e0 Tenerife.<br \/>\n\u2764\ufe0f D\u00e9coration romantique possible.<br \/>\n\ud83d\udcc5 Chambres disponibles tous les jours.<br \/>\n\ud83e\udd11 Garantie du meilleur prix.<br \/>\n\ud83d\udc6a Convient aux couples.<br \/>\n\ud83d\udd01 Politique d'annulation de 7 jours.<br \/>\n\ud83c\udf1f R\u00e9servez t\u00f4t et \u00e9conomisez !<br \/>\n\ud83d\udccdLocalisation dans le sud de T\u00e9n\u00e9riffe.<\/p>","protected":false},"featured_media":16584,"comment_status":"open","ping_status":"closed","template":"","meta":{"_acf_changed":false},"product_brand":[],"product_cat":[146],"product_tag":[],"class_list":{"0":"post-16530","1":"product","2":"type-product","3":"status-publish","4":"has-post-thumbnail","6":"product_cat-experiences-stays","7":"wcpa_has_options","9":"first","10":"instock","11":"sale","12":"virtual","13":"purchasable","14":"product-type-simple"},"acf":[],"wcpa_form_fields":{"wcpaData":{"product":{"product_price":220,"price_html":"From&nbsp;<del aria-hidden=\"true\"><span class=\"woocommerce-Price-amount amount\"><bdi>300,00&nbsp;<span class=\"woocommerce-Price-currencySymbol\">&euro;<\/span><\/bdi><\/span><\/del> <span class=\"screen-reader-text\">Le prix initial \u00e9tait\u00a0: 300,00&nbsp;&euro;.<\/span><ins aria-hidden=\"true\"><span class=\"woocommerce-Price-amount amount\"><bdi>220,00&nbsp;<span class=\"woocommerce-Price-currencySymbol\">&euro;<\/span><\/bdi><\/span><\/ins><span class=\"screen-reader-text\">Le prix actuel est\u00a0: 220,00&nbsp;&euro;.<\/span>","original_product_price":300,"price_including_tax":220,"price_excluding_tax":220,"product_id":{"parent":16530,"variation":false},"is_variable":false,"stock_status":"instock","stock_quantity":null,"parent_sku":"CV16530","product_attributes":[],"custom_fields":[],"is_taxable":false,"product_name":"Bubble Room Experience in Tenerife with Private Jacuzzi","hasImage":false},"fields":{"sec_9696bca7546921":{"extra":{"key":"sec_9696bca7546921","section_id":"sec_9696bca7546921","name":"Default","status":1,"cl_rule":"show","enableCl":false,"relations":[],"toggle":true,"title_tag":"h3","show_title":false,"showPrice":"default","form_id":16576,"form_rules":{"exclude_from_discount":true,"fee_label":"Fee","disp_hide_options_price":true,"disp_show_section_price":false,"disp_show_field_price":true,"layout_option":"standard","pric_use_as_fee":false,"process_fee_as":"woo_fee"},"layout_option":"standard"},"fields":[[{"active":true,"col":6,"relations":false,"cl_rule":"show","enableCl":false,"price":"","enablePrice":true,"className":"","label_position":"default","desc_position":"default","type":"select","required":false,"elementId":"select_2543581118","label":"Number of Nights","name":"select_2543581118","values":[{"label":"1 Night (220\u20ac)","value":"1 night","selected":false,"tempId":"aco_452","price":"220","gt_translate_keys":["label"]},{"label":"2 Nights (430\u20ac)","value":"2 nights","selected":false,"tempId":"aco_453","price":"430","gt_translate_keys":["label"]},{"label":"3 Night (610\u20ac)","value":"3 nights","selected":false,"tempId":"aco_454","price":"610","gt_translate_keys":["label"]},{"label":"4 Nights (800\u20ac)","value":"4 nights","selected":false,"tempId":"aco_797","price":"800","gt_translate_keys":["label"]}],"isWeightTemplate":false,"error":false,"isTemplate":false,"min_quantity":"1","quantity_decimal":false,"quantity_step":"1","quantity_label":"Quantity","repeater_field_label":"{field_label}","repeater_bind":"","dropdown_type":"basic","priceOptions":"different_for_all","pricingType":"fixed","enableDesign":false,"gt_translate_keys":["label","repeater_field_label","quantity_label"],"price_dependency":false,"cl_dependency":false,"value":""}],[{"active":true,"col":6,"relations":false,"cl_rule":"show","enableCl":false,"price":"","enablePrice":false,"className":"","label_position":"default","desc_position":"default","type":"separator","required":false,"elementId":"separator_7826151522","label":"Separator Field","height":"3","separatorType":"blank","error":false,"gt_translate_keys":["label"],"price_dependency":false,"cl_dependency":false,"value":""}],[{"active":true,"col":6,"relations":false,"cl_rule":"show","enableCl":false,"price":"","enablePrice":false,"className":"","label_position":"default","desc_position":"default","type":"content","required":false,"elementId":"content_2250022845","label":"","name":"content_2250022845","contentType":"rich","value":"<p>Offer an unforgettable experience in Tenerife with Bubble Rooms. A unique getaway featuring a private jacuzzi, a heated beach-style pool, spectacular views and a one-of-a-kind stay designed to relax and disconnect.<\/p>\n<p>Once the gift voucher is purchased, the recipient must contact the accommodation directly to select the preferred dates for the stay. The voucher is valid for 6 months from the date of purchase.<\/p>\n<p>The voucher is valid for the standard rate and cannot be used on special dates such as Valentine\u2019s Day, public holidays or other periods with different pricing. If the stay is booked on a date with a higher rate, the corresponding price difference must be paid.<\/p>","isTemplate":false,"error":false,"enableDesign":true,"DescSize":"14","gt_translate_keys":["label","value"],"price_dependency":false,"cl_dependency":false}]]}},"config":{"price_override":"if_gt_zero","enable_recaptcha":false,"bind_quantity":false,"quantity_bind_formula":false,"disp_summ_show_option_price":true,"disp_summ_show_product_price":true,"disp_summ_show_total_price":true,"disp_summ_show_fee":true,"disp_summ_show_discount":true,"summary_title":"","options_total_label":"Options Price","total_label":"Total","options_product_label":"Product Price","fee_label":"Fee","discount_label":"Discount","has_price":true,"has_quantity_formula":false},"mc_unit":1,"tax_rate":1,"tax_rate_real":1,"discount":{"percentage":0,"fixed":0},"design":{"conf":{"LabelPosition":"above","DescPosition":"above","UploadField":"custom_1","QuantityFieldStyle":"custom_1"},"css":{"LeftLabelWidth":"120px"}},"formulas":[],"lookuptables":[],"clones":false,"cartKey":false}},"_links":{"self":[{"href":"https:\/\/canaryvip.com\/fr\/wp-json\/wp\/v2\/product\/16530","targetHints":{"allow":["GET"]}}],"collection":[{"href":"https:\/\/canaryvip.com\/fr\/wp-json\/wp\/v2\/product"}],"about":[{"href":"https:\/\/canaryvip.com\/fr\/wp-json\/wp\/v2\/types\/product"}],"replies":[{"embeddable":true,"href":"https:\/\/canaryvip.com\/fr\/wp-json\/wp\/v2\/comments?post=16530"}],"wp:featuredmedia":[{"embeddable":true,"href":"https:\/\/canaryvip.com\/fr\/wp-json\/wp\/v2\/media\/16584"}],"wp:attachment":[{"href":"https:\/\/canaryvip.com\/fr\/wp-json\/wp\/v2\/media?parent=16530"}],"wp:term":[{"taxonomy":"product_brand","embeddable":true,"href":"https:\/\/canaryvip.com\/fr\/wp-json\/wp\/v2\/product_brand?post=16530"},{"taxonomy":"product_cat","embeddable":true,"href":"https:\/\/canaryvip.com\/fr\/wp-json\/wp\/v2\/product_cat?post=16530"},{"taxonomy":"product_tag","embeddable":true,"href":"https:\/\/canaryvip.com\/fr\/wp-json\/wp\/v2\/product_tag?post=16530"}],"curies":[{"name":"wp","href":"https:\/\/api.w.org\/{rel}","templated":true}]}}