{"id":16199,"date":"2025-12-09T15:19:55","date_gmt":"2025-12-09T15:19:55","guid":{"rendered":"https:\/\/canaryvip.com\/?post_type=product&#038;p=16199"},"modified":"2025-12-09T15:35:17","modified_gmt":"2025-12-09T15:35:17","slug":"fast-boat-tour-from-los-cristianos-to-los-gigantes","status":"publish","type":"product","link":"https:\/\/canaryvip.com\/fr\/shop\/fast-boat-tour-from-los-cristianos-to-los-gigantes\/","title":{"rendered":"Excursion en bateau rapide de Los Cristianos \u00e0 Los Gigantes"},"content":{"rendered":"<h3>\ud83d\udea4 Vivez une excursion unique en bateau rapide de Los Cristianos \u00e0 Los Gigantes.<\/h3>\n<p>Rejoignez CanaryVIP pour une aventure palpitante le long de la c\u00f4te sud-ouest de T\u00e9n\u00e9rife \u00e0 bord d'un bateau rapide moderne de 32 places. Cette exclusivit\u00e9 <strong>excursion en bateau \u00e0 Los Gigantes<\/strong> est le seul \u00e0 partir directement de l'a\u00e9roport <strong>Port de Los Cristianos<\/strong>, alliant sensations fortes, confort et paysages \u00e0 couper le souffle dans un voyage de 3 heures que vous n'oublierez jamais.<\/p>\n<p>Alors que nous longeons la c\u00f4te, vous serez entour\u00e9 de paysages volcaniques et d'eaux turquoise, en direction de l'imposante <strong>Falaises de Los Gigantes<\/strong> qui s'\u00e9l\u00e8vent \u00e0 plus de 600 m\u00e8tres au-dessus de l'oc\u00e9an Atlantique.<\/p>\n<h3>\ud83c\udf0a Points forts de l'exp\u00e9rience<\/h3>\n<ul>\n<li><strong>Bateau rapide et confortable<\/strong>: Un puissant bateau \u00e0 moteur con\u00e7u pour une navigation fluide et confortable, pouvant accueillir jusqu'\u00e0 32 passagers.<\/li>\n<li><strong>Vues impressionnantes<\/strong>: Profitez d'une vue panoramique sur la c\u00f4te sauvage de Tenerife et les majestueuses falaises de Los Gigantes.<\/li>\n<li><strong>Arr\u00eat baignade \u00e0 la baie de Masca<\/strong>: Plongez dans les eaux cristallines de cette charmante baie cach\u00e9e pour vous rafra\u00eechir.<\/li>\n<li><strong>Restauration l\u00e9g\u00e8re incluse<\/strong>: Des sandwichs et des bouteilles d'eau sont servis \u00e0 bord pour rendre votre voyage encore plus agr\u00e9able.<\/li>\n<li><strong>Guide local<\/strong>: D\u00e9couvrez des anecdotes et des curiosit\u00e9s sur la c\u00f4te sud de Tenerife gr\u00e2ce \u00e0 notre guide bilingue et sympathique.<\/li>\n<\/ul>\n<h3>\ud83d\udee5\ufe0f Le bateau rapide vers Los Gigantes<\/h3>\n<ul>\n<li><strong>Dur\u00e9e de l'accord<\/strong>: Environ 3 heures (aller-retour).<\/li>\n<li><strong>Calendrier<\/strong>: D\u00e9parts tous les lundis, mercredis, vendredis, samedis et dimanches \u00e0 10 h.<\/li>\n<li><strong>Point de d\u00e9part<\/strong>: <a href=\"https:\/\/www.google.com\/maps\/place\/Puerto+de+Los+Cristianos\/\" target=\"_blank\" rel=\"noopener\">Port de Los Cristianos<\/a>. Veuillez arriver 15 minutes avant le d\u00e9part.<\/li>\n<\/ul>\n<h3>\ud83d\udc2c Excursion en bateau dans la baie de Masca : un paradis cach\u00e9<\/h3>\n<p>Dans le cadre de cette <strong>Excursion en bateau dans la baie de Masca<\/strong>, nous jetterons l'ancre dans l'une des criques les plus pittoresques de Tenerife. Entour\u00e9e de falaises et d'eaux turquoise, c'est l'endroit id\u00e9al pour nager, faire de la plong\u00e9e avec tuba ou simplement se d\u00e9tendre \u00e0 bord tout en profitant de l'atmosph\u00e8re paisible de l'Atlantique.<\/p>\n<p>Le mat\u00e9riel de plong\u00e9e n'est pas inclus, mais vous pouvez le louer \u00e0 bord pour seulement 15 \u20ac par personne.<\/p>\n<h3>\ud83c\udf74 Ce qui est inclus<\/h3>\n<ul>\n<li>3 heures <strong>Excursion en bateau de Los Cristianos \u00e0 Los Gigantes<\/strong>.<\/li>\n<li>Si\u00e8ges confortables pouvant accueillir jusqu'\u00e0 32 passagers.<\/li>\n<li>Sandwich et bouteille d'eau (options v\u00e9g\u00e9tariennes disponibles sur demande).<\/li>\n<li>Guide local bilingue (espagnol et anglais).<\/li>\n<li>Faites une halte pour vous baigner et faire de la plong\u00e9e libre dans la baie de Masca.<\/li>\n<li>Assurance voyage et \u00e9quipement de s\u00e9curit\u00e9 complet \u00e0 bord.<\/li>\n<\/ul>\n<h3>\u274c Non inclus<\/h3>\n<ul>\n<li>Location de mat\u00e9riel de plong\u00e9e (disponible \u00e0 bord pour 15 \u20ac par personne).<\/li>\n<li>Boissons ou collations suppl\u00e9mentaires.<\/li>\n<li>Prise en charge et retour \u00e0 l'h\u00f4tel (transfert facultatif disponible moyennant un suppl\u00e9ment).<\/li>\n<li>Serviettes et effets personnels.<\/li>\n<\/ul>\n<h3>\ud83d\udcf8 Informations utiles<\/h3>\n<ul>\n<li><strong>Capacit\u00e9<\/strong>: Limit\u00e9 \u00e0 32 passagers pour une exp\u00e9rience confortable et personnalis\u00e9e.<\/li>\n<li><strong>Recommandations<\/strong>: Apportez votre maillot de bain, une serviette, des lunettes de soleil, de la cr\u00e8me solaire et votre appareil photo pour immortaliser les vues imprenables.<\/li>\n<li><strong>Restrictions<\/strong>: Il est interdit de fumer \u00e0 bord. Les enfants de moins de 18 ans doivent \u00eatre accompagn\u00e9s d'un adulte.<\/li>\n<\/ul>\n<h3>\ud83d\udcbc R\u00e9servez facilement avec CanaryVIP<\/h3>\n<ul>\n<li><strong>R\u00e9servation simple<\/strong>: R\u00e9servez vos places en ligne et assurez-vous imm\u00e9diatement une place.<\/li>\n<li><strong>Forte demande<\/strong>: Ceci <strong>bateau rapide pour Los Gigantes<\/strong> se remplit rapidement, nous vous recommandons donc de r\u00e9server \u00e0 l'avance.<\/li>\n<li><strong>Paiements flexibles<\/strong>: Plusieurs modes de paiement s\u00e9curis\u00e9s sont disponibles pour votre confort.<\/li>\n<\/ul>\n<h3>\ud83d\udd52 Politique d'annulation<\/h3>\n<p>Nous savons que les plans peuvent changer, c'est pourquoi nous proposons une politique d'annulation flexible pour cette excursion en bateau \u00e0 Tenerife.<\/p>\n<ul>\n<li><strong>Annulation gratuite jusqu'\u00e0 48 heures avant le d\u00e9part<\/strong>: Obtenez un remboursement complet si vous annulez au moins 48 heures avant le d\u00e9but de votre visite.<\/li>\n<li><strong>Moins de 48 heures avant le d\u00e9part<\/strong>Malheureusement, aucun remboursement ne peut \u00eatre accord\u00e9 pour les annulations de derni\u00e8re minute.<\/li>\n<li><strong>Force Majeure<\/strong>: Dans les rares cas de mauvais temps, de mer agit\u00e9e ou de probl\u00e8mes op\u00e9rationnels, nous vous proposerons une nouvelle date ou un remboursement complet.<\/li>\n<\/ul>\n<h3>\ud83c\udf34 Pourquoi r\u00e9server avec CanaryVIP ?<\/h3>\n<p>Chez CanaryVIP, nous travaillons uniquement avec des op\u00e9rateurs certifi\u00e9s et de confiance afin de garantir que chaque <strong>Excursion en bateau \u00e0 T\u00e9n\u00e9rife<\/strong> r\u00e9pond \u00e0 nos normes de qualit\u00e9. Nous sommes l\u00e0 pour vous aider \u00e0 choisir la meilleure exp\u00e9rience pour votre s\u00e9jour et vous assister avant, pendant et apr\u00e8s votre r\u00e9servation.<\/p>\n<p>Que vous recherchiez l'aventure, des paysages \u00e0 couper le souffle ou simplement une matin\u00e9e de d\u00e9tente en mer, ce <strong>excursion en bateau \u00e0 Los Gigantes<\/strong> est l'un des moyens les plus m\u00e9morables d'explorer la c\u00f4te sud de Tenerife.<\/p>\n<p>R\u00e9servez votre place d\u00e8s aujourd'hui et passez une journ\u00e9e inoubliable en mer !<\/p>","protected":false},"excerpt":{"rendered":"<p><strong>\ud83d\udd0d Excursion en bateau rapide :<br \/>\n<\/strong>\ud83d\udea4 Bateau rapide vers Los Gigantes.<br \/>\n<span>\u2705 Paiement s\u00e9curis\u00e9.<\/span><br \/>\n<span>\ud83d\udc65 Des visites partag\u00e9es sont possibles.<\/span><br \/>\n<span>\ud83d\udd10 Visites priv\u00e9es possibles.<\/span><br \/>\n<span>\ud83d\udc0b Observation de baleines et de dauphins.<\/span><br \/>\n<span>\ud83d\ude80 Visites guid\u00e9es de 3 heures.<\/span><br \/>\n<span>\ud83d\udd59 Tous les jours \u00e0 10 h.<\/span><br \/>\n<span>\ud83e\uddc3 Sandwich et eau inclus.<br \/>\n<\/span>\ud83d\udd75\ud83c\udffc\u200d\u2642\ufe0f Guide expert local.<br \/>\n<span>\ud83d\udc65 Jusqu'\u00e0 32 personnes.<\/span><br \/>\n<span>\ud83e\udd3f Location d'\u00e9quipement de plong\u00e9e avec tuba.<\/span><br \/>\n<span>\ud83e\udd11 Meilleur prix garanti.<\/span><br \/>\n<span>\ud83d\udc6a R\u00e9ductions activ\u00e9es.<\/span><br \/>\n<span>\ud83d\udd01 Jusqu'\u00e0 48h Annulation.<\/span><br \/>\n<span>\ud83c\udf0d Guides multilingues.<\/span><br \/>\n<span>\ud83c\udf1f R\u00e9servez maintenant et \u00e9conomisez !<\/span><br \/>\n<span>\ud83d\udccd D\u00e9part de <a href=\"https:\/\/maps.app.goo.gl\/h1kp26zsNCk2tWjZA\">Los Cristianos<\/a>.<\/span><\/p>","protected":false},"featured_media":16353,"comment_status":"open","ping_status":"closed","template":"","meta":{"_acf_changed":false},"product_brand":[],"product_cat":[46],"product_tag":[],"class_list":{"0":"post-16199","1":"product","2":"type-product","3":"status-publish","4":"has-post-thumbnail","6":"product_cat-boat-excursions","7":"wcpa_has_options","9":"first","10":"instock","11":"virtual","12":"purchasable","13":"product-type-simple"},"acf":[],"wcpa_form_fields":{"wcpaData":{"product":{"product_price":39,"price_html":"From&nbsp;<span class=\"woocommerce-Price-amount amount\"><bdi>39,00&nbsp;<span class=\"woocommerce-Price-currencySymbol\">&euro;<\/span><\/bdi><\/span>","original_product_price":39,"price_including_tax":39,"price_excluding_tax":39,"product_id":{"parent":16199,"variation":false},"is_variable":false,"stock_status":"instock","stock_quantity":null,"parent_sku":"CV16199","product_attributes":[],"custom_fields":[],"is_taxable":false,"product_name":"Fast Boat Tour from Los Cristianos to Los Gigantes","hasImage":false},"fields":{"sec_36938408c284bc":{"extra":{"key":"sec_36938408c284bc","section_id":"sec_36938408c284bc","name":"3H Shared Trip","status":1,"cl_rule":"show","enableCl":false,"relations":[{"operator":false,"rules":[{"operator":"AND","rules":{"cl_field":"radio-group_26938408c284ba","cl_relation":"is","cl_val":"3 Hour Trip"}}]}],"toggle":true,"title_tag":"h4","show_title":false,"showPrice":"default","repeater_section_field_label":"{field_label}","repeater_section_label":"{section_name}","repeater_bind":"","form_id":16357,"form_rules":{"exclude_from_discount":true,"fee_label":"Fee","disp_hide_options_price":true,"disp_show_section_price":false,"disp_show_field_price":true,"layout_option":"standard","pric_use_as_fee":false,"process_fee_as":"woo_fee"},"layout_option":"standard"},"fields":[[{"active":true,"col":6,"relations":false,"cl_rule":"show","enableCl":false,"price":"","enablePrice":false,"className":"","label_position":"default","desc_position":"default","type":"content","required":false,"elementId":"content_4254462101","label":"3 Hour Shared Tour","name":"content_4254462101","contentType":"rich","value":"<p>Whale and dolphin sightings. Includes a sandwich and water. Daily at 10:00.<\/p>","isTemplate":false,"error":false,"gt_translate_keys":["label","value"],"price_dependency":false,"cl_dependency":false}],[{"label":"\ud83d\udcc5 Date","active":true,"required":true,"elementId":"date_66938408c284ca","picker_type":"custom","picker_mode":"single","placeholder":"","description":"","tooltip":"","name":"date_66938408c284ca","label_position":"default","desc_position":"default","enablePrice":false,"className":"","enableCl":false,"relations":[{"operator":"and","rules":[{"operator":"AND","rules":{"cl_field":"radio-group_26938408c284ba","cl_relation":"is","cl_val":"3 Hour Trip"}}]}],"enableDesign":false,"LabelColor":"","date_pic_inline":true,"date_pic_inline_hide":true,"min_date":{"type":"days","val":"1"},"max_date":{"type":"days","val":"365"},"date_pic_conf":{"disabledWeeks":[],"disabledDates":[]},"price":"","cl_rule":"show","col":6,"type":"date","error":false,"date_conf_custom":{},"isWeightTemplate":false,"isTemplate":false,"min_quantity":"1","quantity_decimal":false,"quantity_step":"1","quantity_label":"Quantity","repeater_field_label":"{field_label}","repeater_bind":"","gt_translate_keys":["label","placeholder","description","tooltip","repeater_field_label","quantity_label"],"price_dependency":false,"cl_dependency":false,"value":""}],[{"label":"\u23f0 Departure","active":true,"required":true,"elementId":"select_16938408c284d6","dropdown_type":"basic","name":"select_16938408c284d6","label_position":"default","desc_position":"default","enablePrice":false,"className":"","enableCl":false,"relations":[{"operator":false,"rules":[{"operator":"AND","rules":{"cl_field":"date_66938408c284ca","cl_relation":"week_day_is","cl_val":[1]}}]}],"values":[{"label":"10:00","value":"10:00","selected":true,"tempId":"aco_2695","options_cl":false,"relations":[{"operator":false,"rules":[{"operator":"AND","rules":{"cl_field":"date_66938408c284ca","cl_relation":"week_day_is","cl_val":[5]}}]}],"cl_rule":"show","gt_translate_keys":["label"]}],"price":"","cl_rule":"show","col":6,"type":"select","error":false,"placeholder":"","isWeightTemplate":false,"isTemplate":false,"min_quantity":"1","quantity_decimal":false,"quantity_step":"1","quantity_label":"Quantity","repeater_field_label":"{field_label}","repeater_bind":"","gt_translate_keys":["label","placeholder","repeater_field_label","quantity_label"],"price_dependency":false,"cl_dependency":false,"value":""}],[{"active":true,"col":6,"relations":false,"cl_rule":"show","enableCl":false,"price":"","enablePrice":false,"className":"","label_position":"default","desc_position":"default","type":"content","required":false,"elementId":"content_26938408c284f4","label":"People","name":"content_26938408c284f4","contentType":"plain","value":"","error":false,"show_in_checkout":true,"inline":false,"isTemplate":false,"gt_translate_keys":["label","value"],"price_dependency":false,"cl_dependency":false}],[{"active":true,"col":6,"relations":[{"operator":false,"rules":[{"operator":"AND","rules":{"cl_field":"","cl_relation":"","cl_val":""}}]}],"cl_rule":"show","enableCl":false,"price":"39","enablePrice":true,"className":"","label_position":"default","desc_position":"default","type":"radio-group","required":false,"elementId":"radio-group_66938408c28500","label":"","name":"radio-group_66938408c28500","values":[{"label":"\ud83d\udc64 Adult (39\u20ac)","value":"Adult","selected":true,"tempId":"aco_32","tooltip":"+12 Years","description":"","gt_translate_keys":["label","tooltip","description"]}],"layOut":"","error":false,"checkUi":"button","priceOptions":"fixed_for_all","pricingType":"fixed","enable_quantity":true,"quantity_label":"","min_quantity":"0","options_tooltip":true,"options_description":true,"is_show_price":false,"isWeightTemplate":false,"isTemplate":false,"quantity_decimal":false,"quantity_step":"1","repeater_field_label":"{field_label}","repeater_bind":"","gt_translate_keys":["label","repeater_field_label","quantity_label"],"price_dependency":false,"cl_dependency":false,"value":""}],[{"label":"","active":true,"required":false,"elementId":"radio-group_96938408c2850b","name":"radio-group_96938408c2850b","label_position":"default","desc_position":"default","enablePrice":true,"className":"","enableCl":false,"relations":false,"enable_quantity":true,"quantity_label":"","min_quantity":"0","checkUi":"button","layOut":"","values":[{"label":"\ud83d\udc66 Child (21\u20ac)","value":"Child","selected":true,"tempId":"aco_32","tooltip":"3-11 Years","description":"","gt_translate_keys":["label","tooltip","description"]}],"priceOptions":"fixed_for_all","pricingType":"fixed","price":"21","cl_rule":"show","col":6,"type":"radio-group","error":false,"options_tooltip":true,"options_description":true,"is_show_price":false,"isWeightTemplate":false,"isTemplate":false,"quantity_decimal":false,"quantity_step":"1","repeater_field_label":"{field_label}","repeater_bind":"","gt_translate_keys":["label","repeater_field_label","quantity_label"],"price_dependency":false,"cl_dependency":false,"value":""}]]}},"config":{"price_override":"always","enable_recaptcha":false,"bind_quantity":false,"quantity_bind_formula":false,"disp_summ_show_option_price":true,"disp_summ_show_product_price":false,"disp_summ_show_total_price":true,"disp_summ_show_fee":true,"disp_summ_show_discount":true,"summary_title":"","options_total_label":"Options Price","total_label":"Total Amount Now","options_product_label":"Product Price","fee_label":"Fee","discount_label":"Discount","has_price":true,"has_quantity_formula":false},"mc_unit":1,"tax_rate":1,"tax_rate_real":1,"discount":{"percentage":0,"fixed":0},"design":{"conf":{"LabelPosition":"above","DescPosition":"above","UploadField":"custom_1","QuantityFieldStyle":"custom_1"},"css":{"LeftLabelWidth":"120px"}},"formulas":{"fmla_1708364241278155361":"(({field.select_16938408c2853d.value}>=8)?(335.50):(({field.select_16938408c2853d.value}>=6)?(269):(({field.select_16938408c2853d.value}>=5)?(252.50):(({field.select_16938408c2853d.value}>=4)?(282.50):(({field.select_16938408c2853d.value}>=3)?(193.50):(0))))))","fmla_1741607919311571987":"(({field.select_16938408c2853d.value}>=8)?(1334.50):(({field.select_16938408c2853d.value}>=6)?(1071):(({field.select_16938408c2853d.value}>=5)?(977.50):(({field.select_16938408c2853d.value}>=4)?(807.50):(({field.select_16938408c2853d.value}>=3)?(756.50):(0))))))"},"lookuptables":[],"clones":false,"cartKey":false}},"_links":{"self":[{"href":"https:\/\/canaryvip.com\/fr\/wp-json\/wp\/v2\/product\/16199","targetHints":{"allow":["GET"]}}],"collection":[{"href":"https:\/\/canaryvip.com\/fr\/wp-json\/wp\/v2\/product"}],"about":[{"href":"https:\/\/canaryvip.com\/fr\/wp-json\/wp\/v2\/types\/product"}],"replies":[{"embeddable":true,"href":"https:\/\/canaryvip.com\/fr\/wp-json\/wp\/v2\/comments?post=16199"}],"wp:featuredmedia":[{"embeddable":true,"href":"https:\/\/canaryvip.com\/fr\/wp-json\/wp\/v2\/media\/16353"}],"wp:attachment":[{"href":"https:\/\/canaryvip.com\/fr\/wp-json\/wp\/v2\/media?parent=16199"}],"wp:term":[{"taxonomy":"product_brand","embeddable":true,"href":"https:\/\/canaryvip.com\/fr\/wp-json\/wp\/v2\/product_brand?post=16199"},{"taxonomy":"product_cat","embeddable":true,"href":"https:\/\/canaryvip.com\/fr\/wp-json\/wp\/v2\/product_cat?post=16199"},{"taxonomy":"product_tag","embeddable":true,"href":"https:\/\/canaryvip.com\/fr\/wp-json\/wp\/v2\/product_tag?post=16199"}],"curies":[{"name":"wp","href":"https:\/\/api.w.org\/{rel}","templated":true}]}}