{"id":15796,"date":"2025-09-01T21:32:54","date_gmt":"2025-09-01T20:32:54","guid":{"rendered":"https:\/\/canaryvip.com\/?post_type=product&#038;p=15796"},"modified":"2025-12-09T16:40:27","modified_gmt":"2025-12-09T16:40:27","slug":"royal-ocean-private-yacht-tenerife","status":"publish","type":"product","link":"https:\/\/canaryvip.com\/fr\/shop\/royal-ocean-private-yacht-tenerife\/","title":{"rendered":"Royal Ocean Private Yacht Tenerife"},"content":{"rendered":"<h2><strong>\ud83c\udf0a Royal Ocean Private Yacht Charter \u00e0 Tenerife<\/strong><\/h2>\n<p>Montez \u00e0 bord du <strong>Oc\u00e9an royal<\/strong>, une \u00e9l\u00e9gante <strong>Princess 440 Flybridge yacht<\/strong> de 14 m\u00e8tres, et s'\u00e9lancer dans un spectaculaire voyage de <a href=\"https:\/\/canaryvip.com\/fr\/tenerife\/boat-hire-tenerife\/\">location de bateaux \u00e0 Tenerife<\/a>. Cette exp\u00e9rience haut de gamme allie \u00e9l\u00e9gance, confort et aventure, ce qui en fait le choix id\u00e9al pour une escapade romantique, une sortie en famille ou une f\u00eate entre amis.<\/p>\n<p>En naviguant le long de la c\u00f4te sud de T\u00e9n\u00e9riffe, prot\u00e9g\u00e9e des vents par de majestueuses montagnes, vous profiterez d'une mer calme, du soleil presque toute l'ann\u00e9e et d'une observation de la faune et de la flore marines parmi les meilleures des \u00eeles Canaries.<\/p>\n<h3>\u2b50\ufe0f <strong>Confort in\u00e9gal\u00e9 et exp\u00e9rience gastronomique<\/strong><\/h3>\n<p><span style=\"text-decoration: underline;\"><strong>Pourquoi cette location de yacht \u00e0 T\u00e9n\u00e9rife est vraiment sp\u00e9ciale :<\/strong><\/span><\/p>\n<ul>\n<li>Spacieux <strong>Princess 440 Flybridge<\/strong> d'une longueur de 14 m\u00e8tres, avec salon int\u00e9rieur, Flybridge et bains de soleil, pouvant accueillir jusqu'\u00e0 10 personnes.<\/li>\n<li>Restauration haut de gamme : plats pr\u00e9par\u00e9s par le chef, sp\u00e9cialit\u00e9s canariennes et d\u00e9lices frais.<\/li>\n<li>Boissons illimit\u00e9es, y compris cava, cocktails et boissons non alcoolis\u00e9es.<\/li>\n<li>Transferts de luxe disponibles avec un minibus Mercedes pouvant accueillir jusqu'\u00e0 8 passagers.<\/li>\n<\/ul>\n<h3>\ud83d\udd52 <strong>Options flexibles d'affr\u00e8tement priv\u00e9<\/strong><\/h3>\n<p>Choisissez l'itin\u00e9raire et la dur\u00e9e qui vous conviennent le mieux :<\/p>\n<ul>\n<li><strong>3-4 Heures Los Cristianos Itin\u00e9raire<\/strong>: Rep\u00e9rez les baleines et les dauphins avant de longer la c\u00f4te sud. Ancrez-vous dans une baie cach\u00e9e pr\u00e8s de Los Cristianos ou de Yellow Mountain pour nager, faire du snorkeling et du paddleboard, avec des tapas, des fruits frais et des boissons \u00e0 bord.<\/li>\n<li><strong>5-6 Heures Puertito Itin\u00e9raire<\/strong>: Prolongez votre aventure en passant plus de temps en mer. Apr\u00e8s l'observation de la vie marine, vous pourrez d\u00e9guster des entr\u00e9es gastronomiques avec du jambon, des fromages et du saumon sur le chemin de la baie de Puertito. Nagez, faites de la plong\u00e9e avec masque et tuba ou d\u00e9tendez-vous avant d'explorer une autre crique isol\u00e9e.<\/li>\n<li><strong>7-8 Heures Los Gigantes Itin\u00e9raire<\/strong>: L'ultime option de location de bateau \u00e0 T\u00e9n\u00e9rife. Faites une croisi\u00e8re vers les imposantes falaises de Los Gigantes, jetez l'ancre dans la baie de Masca et profitez de la plong\u00e9e en apn\u00e9e, du paddleboard et d'un menu complet pour le d\u00e9jeuner. En chemin, admirez les grottes, les plages cach\u00e9es et les vues \u00e0 couper le souffle sur le Teide.<\/li>\n<li><strong>Croisi\u00e8re priv\u00e9e au coucher du soleil<\/strong>: Une soir\u00e9e romantique. Admirez le coucher de soleil sur l'Atlantique tout en savourant du cava, des cocktails et des plats pr\u00e9par\u00e9s par le chef. Parfait pour les demandes en mariage, les anniversaires ou tout simplement pour profiter des vues les plus magiques de T\u00e9n\u00e9rife.<\/li>\n<\/ul>\n<h4>\ud83d\udc2c <strong>Observation des baleines sous le drapeau de Barco Azul<\/strong><\/h4>\n<p>Les <strong>Oc\u00e9an royal<\/strong> navigue fi\u00e8rement sous le pavillon officiel de l'Union europ\u00e9enne. <em>Barco Azul<\/em> garantissant une observation \u00e9thique et durable des baleines et des dauphins. Avec un taux de r\u00e9ussite de 99%, vous rencontrerez probablement des globic\u00e9phales et des grands dauphins tout au long de l'ann\u00e9e, ainsi que des esp\u00e8ces migratrices \u00e0 certaines p\u00e9riodes de l'ann\u00e9e.<\/p>\n<h3>\u2705 <strong>Les points forts de votre location de yacht priv\u00e9 \u00e0 Tenerife<\/strong><\/h3>\n<ul>\n<li>Des itin\u00e9raires personnalis\u00e9s et des horaires flexibles con\u00e7us en fonction de vos pr\u00e9f\u00e9rences.<\/li>\n<li>Des \u00e9quipements haut de gamme \u00e0 bord, notamment des planches de SUP, du mat\u00e9riel de plong\u00e9e avec tuba et des aires de repos spacieuses.<\/li>\n<li>Un \u00e9quipage professionnel assurant la s\u00e9curit\u00e9, le confort et un service attentif tout au long du voyage.<\/li>\n<li>Vues inoubliables du Teide, des falaises de Los Cristianos, de la baie de Masca et de la c\u00f4te sud de T\u00e9n\u00e9riffe.<\/li>\n<\/ul>\n<h4>\ud83c\udf89 <strong>Parfait pour les \u00e9v\u00e9nements et les c\u00e9l\u00e9brations sp\u00e9ciales<\/strong><\/h4>\n<p>L'affr\u00e8tement de la <strong>Oc\u00e9an royal<\/strong> n'est pas seulement une question de navigation, c'est aussi une fa\u00e7on extraordinaire de c\u00e9l\u00e9brer les plus grands moments de la vie. Qu'il s'agisse d'un anniversaire, d'une demande en mariage, d'une lune de miel, d'un enterrement de vie de gar\u00e7on ou de jeune fille ou d'un anniversaire, cette option de location de yacht \u00e0 Tenerife cr\u00e9e des souvenirs qui durent toute une vie. Les invit\u00e9s peuvent profiter d'un repas de qualit\u00e9, de boissons de luxe et de l'oc\u00e9an Atlantique en toile de fond.<\/p>\n<p>Sur demande, un photographe professionnel peut \u00e9galement \u00eatre invit\u00e9 \u00e0 bord pour immortaliser chaque instant.<\/p>\n<h4>\ud83d\ude90 <strong>Transferts sans couture<\/strong><\/h4>\n<p>Pour plus de confort, Royal Ocean propose un service de transfert de luxe avec un minibus Mercedes pour les groupes jusqu'\u00e0 8 personnes, vous amenant directement \u00e0 la marina.<\/p>\n<h4>\ud83d\udcdc <strong>Politique de r\u00e9servation et d'annulation<\/strong><\/h4>\n<ul>\n<li><strong>Des annulations souples :<\/strong> Annulation gratuite jusqu'\u00e0 4 jours avant les circuits courts (3-4 heures). Pour les circuits plus longs (5-8 heures), les annulations jusqu'\u00e0 6 jours \u00e0 l'avance sont gratuites. Les NO SHOWS ne sont pas remboursables.<\/li>\n<li>Informez-nous de vos besoins alimentaires au moins 48 heures avant le d\u00e9part afin que nous puissions pr\u00e9parer un menu sur mesure.<\/li>\n<\/ul>\n<h4>\ud83d\udd53 <strong>Embarquement facile<\/strong><\/h4>\n<ul>\n<li>D\u00e9part de Marina del Sur, Las Galletas.<\/li>\n<li>Veuillez vous pr\u00e9senter au point de rencontre 15 minutes avant le d\u00e9part pour un embarquement en douceur.<\/li>\n<\/ul>\n<p>Chez CanaryVIP, nous simplifions la location de bateaux \u00e0 T\u00e9n\u00e9rife et nous vous permettons de vivre les exp\u00e9riences les plus exclusives de l'\u00eele. Avec Royal Ocean, vous d\u00e9couvrirez pourquoi la location de bateaux \u00e0 Tenerife est l'une des fa\u00e7ons les plus inoubliables d'explorer l'oc\u00e9an Atlantique.<\/p>\n<p>\ud83c\udf1f R\u00e9servez votre <strong>Royal Ocean Private Yacht Charter<\/strong> et transformez vos vacances \u00e0 Tenerife en une luxueuse aventure en mer.<\/p>","protected":false},"excerpt":{"rendered":"<p><span>\ud83d\udd0d <\/span><strong>Royal Ocean Yacht :<\/strong><br \/>\n<span>\u2705 Paiement s\u00e9curis\u00e9.<br \/>\n<\/span>\ud83d\udc65 Visites partag\u00e9es.<br \/>\n<span>\ud83d\udd10 Visites priv\u00e9es.<\/span><br \/>\n<span>\ud83d\udee5\ufe0f Yacht de 14 m\u00e8tres.<\/span><br \/>\n<span>\u23f3 Visites quotidiennes de 3 \u00e0 8 heures.<\/span><br \/>\n<span>\ud83d\udd59 Heures de d\u00e9part personnalisables.<\/span><br \/>\n<span>\ud83c\udf74 Repas et boissons inclus.<\/span><br \/>\n<span>\ud83d\udc65 Jusqu'\u00e0 10 personnes.<\/span><br \/>\n<span>\ud83c\udfc4\u200d\u2640\ufe0f Planche \u00e0 pagaie incluse.<\/span><br \/>\n<span>\ud83e\udd3f L'\u00e9quipement de plong\u00e9e avec tuba est fourni.<\/span><br \/>\n<span>\ud83d\udd0a \u00c9coutez votre musique.<\/span><br \/>\n<span>\ud83d\ude97 Service de transport inclus.<\/span><br \/>\n<span>\ud83e\udd11 Meilleur prix garanti.<\/span><br \/>\n<span>\ud83d\udc6a R\u00e9ductions activ\u00e9es.<\/span><br \/>\n<span>\ud83d\udd01 Annulation jusqu'\u00e0 4 jours.<\/span><br \/>\n<span>\ud83c\udf0d \u00c9quipage multilingue.<\/span><br \/>\n<span>\ud83c\udf1f R\u00e9servez t\u00f4t et \u00e9conomisez !<\/span><br \/>\n<span>\ud83d\udccd D\u00e9part de\u00a0<\/span><a href=\"https:\/\/www.google.com\/maps\/place\/Marina+del+Sur+Tenerife.+Puerto+de+Las+Galletas.\/@28.0069667,-16.6636839,16z\/data=!3m1!4b1!4m6!3m5!1s0xc6aa271048d957b:0x66913daf70f663b3!8m2!3d28.006962!4d-16.661109!16s%2Fg%2F1tfzyr98?entry=tts\">Las Galletas<\/a><span>.<\/span><\/p>","protected":false},"featured_media":15937,"comment_status":"open","ping_status":"closed","template":"","meta":{"_acf_changed":false},"product_brand":[],"product_cat":[47,46],"product_tag":[],"class_list":{"0":"post-15796","1":"product","2":"type-product","3":"status-publish","4":"has-post-thumbnail","6":"product_cat-boat-hire-tenerife","7":"product_cat-boat-excursions","8":"wcpa_has_options","10":"first","11":"instock","12":"virtual","13":"purchasable","14":"product-type-simple"},"acf":[],"wcpa_form_fields":{"wcpaData":{"product":{"product_price":750,"price_html":"From&nbsp;<span class=\"woocommerce-Price-amount amount\"><bdi>750,00&nbsp;<span class=\"woocommerce-Price-currencySymbol\">&euro;<\/span><\/bdi><\/span>","original_product_price":750,"price_including_tax":750,"price_excluding_tax":750,"product_id":{"parent":15796,"variation":false},"is_variable":false,"stock_status":"instock","stock_quantity":null,"parent_sku":"CV15796","product_attributes":[],"custom_fields":[],"is_taxable":false,"product_name":"Royal Ocean Private Yacht Tenerife","hasImage":false},"fields":{"sec_868cd7750f2713":{"extra":{"key":"sec_868cd7750f2713","section_id":"sec_868cd7750f2713","name":"Default","status":1,"cl_rule":"show","enableCl":false,"relations":[],"toggle":true,"title_tag":"h3","show_title":false,"showPrice":"default","form_id":15949,"form_rules":{"exclude_from_discount":true,"fee_label":"Fee","disp_hide_options_price":true,"disp_show_section_price":false,"disp_show_field_price":true,"layout_option":"standard","pric_use_as_fee":false,"process_fee_as":"woo_fee"},"layout_option":"standard"},"fields":[[{"active":true,"col":6,"relations":[{"operator":false,"rules":[{"operator":"AND","rules":{"cl_field":"","cl_relation":"","cl_val":""}}]}],"cl_rule":"show","enableCl":false,"price":"","enablePrice":false,"className":"","label_position":"default","desc_position":"default","type":"radio-group","required":true,"elementId":"radio-group_1068cd7750f2744","label":"\u231b\ufe0f Trip Duration","name":"radio-group_1068cd7750f2744","values":[{"label":"3 Hour Shared Trip (86\u20ac)","value":"3 Hour Trip","selected":false,"tempId":"aco_32","description":"Whale and dolphin sightings. Includes food and drinks. Daily at Different Hours.","gt_translate_keys":["label","description"]},{"label":"Private Charter (From 750\u20ac)","value":"Private Charter (From 670\u20ac)","selected":false,"tempId":"aco_33","description":"Explore Tenerife\u2019s coast on a luxury yacht. Private charters include drinks, tapas, swim stops, whale watching and flexible routes from 3\u20138 hours.","gt_translate_keys":["label","description"]}],"layOut":"","error":false,"checkUi":"toggle","enableDesign":false,"scrollBar":false,"description":"","other":false,"options_description":true,"show_selected_option":false,"isWeightTemplate":false,"isTemplate":false,"min_quantity":"1","quantity_decimal":false,"quantity_step":"1","quantity_label":"Quantity","repeater_field_label":"{field_label}","repeater_bind":"","gt_translate_keys":["label","description","repeater_field_label","quantity_label"],"price_dependency":false,"cl_dependency":[false,false],"value":""}]]},"sec_468cd7750f2746":{"extra":{"key":"sec_468cd7750f2746","section_id":"sec_468cd7750f2746","name":"3H Shared Trip","status":1,"cl_rule":"show","enableCl":true,"relations":[{"operator":false,"rules":[{"operator":"AND","rules":{"cl_field":"radio-group_1068cd7750f2744","cl_relation":"is","cl_val":"3 Hour Trip"}}]}],"toggle":true,"title_tag":"h4","show_title":false,"showPrice":"default","form_id":15949,"form_rules":{"exclude_from_discount":true,"fee_label":"Fee","disp_hide_options_price":true,"disp_show_section_price":false,"disp_show_field_price":true,"layout_option":"standard","pric_use_as_fee":false,"process_fee_as":"woo_fee"},"layout_option":"standard"},"fields":[[{"label":"\ud83d\udcc5 Date","active":true,"required":true,"elementId":"date_268cd7750f2754","picker_type":"custom","picker_mode":"single","placeholder":"","description":"","tooltip":"","name":"date_268cd7750f2754","label_position":"default","desc_position":"default","enablePrice":false,"className":"","enableCl":false,"relations":[{"operator":"and","rules":[{"operator":"AND","rules":{"cl_field":"radio-group_1068cd7750f2744","cl_relation":"is","cl_val":"3 Hour Trip"}}]}],"enableDesign":false,"LabelColor":"","date_pic_inline":true,"date_pic_inline_hide":true,"min_date":{"type":"days","val":"2"},"max_date":{"type":"days","val":"365"},"date_pic_conf":{"disabledWeeks":[],"disabledDates":["2025-09-19","2025-09-21","2025-09-23","2025-09-29","2025-10-07","2025-10-12","2025-10-13","2025-10-19","2025-10-20"]},"price":"","cl_rule":"show","col":6,"type":"date","error":false,"date_conf_custom":{},"isWeightTemplate":false,"isTemplate":false,"min_quantity":"1","quantity_decimal":false,"quantity_step":"1","quantity_label":"Quantity","repeater_field_label":"{field_label}","repeater_bind":"","gt_translate_keys":["label","placeholder","description","tooltip","repeater_field_label","quantity_label"],"price_dependency":false,"cl_dependency":false,"value":""}],[{"label":"\u23f0 Departure","active":true,"required":true,"elementId":"select_1068cd7750f275f","dropdown_type":"basic","name":"select_1068cd7750f275f","label_position":"default","desc_position":"default","enablePrice":false,"className":"","enableCl":false,"relations":[{"operator":false,"rules":[{"operator":"AND","rules":{"cl_field":"date_268cd7750f2754","cl_relation":"week_day_is","cl_val":[1]}}]}],"values":[{"label":"10:00","value":"10:00","selected":false,"tempId":"aco_2695","options_cl":true,"relations":[],"cl_rule":"show","gt_translate_keys":["label"]},{"label":"14:00","value":"14:00","selected":false,"tempId":"aco_2696","options_cl":true,"relations":[],"cl_rule":"show","gt_translate_keys":["label"]}],"price":"","cl_rule":"show","col":6,"type":"select","error":false,"placeholder":"Select Departure Time","isWeightTemplate":false,"isTemplate":false,"min_quantity":"1","quantity_decimal":false,"quantity_step":"1","quantity_label":"Quantity","repeater_field_label":"{field_label}","repeater_bind":"","gt_translate_keys":["label","placeholder","repeater_field_label","quantity_label"],"price_dependency":false,"cl_dependency":false,"value":""}],[{"active":true,"col":6,"relations":false,"cl_rule":"show","enableCl":false,"price":"","enablePrice":false,"className":"","label_position":"default","desc_position":"default","type":"content","required":false,"elementId":"content_268cd7750f277e","label":"People","name":"content_268cd7750f277e","contentType":"plain","value":"","error":false,"show_in_checkout":true,"inline":false,"gt_translate_keys":["label","value"],"price_dependency":false,"cl_dependency":false}],[{"active":true,"col":6,"relations":[{"operator":false,"rules":[{"operator":"AND","rules":{"cl_field":"","cl_relation":"","cl_val":""}}]}],"cl_rule":"show","enableCl":false,"price":"89","enablePrice":true,"className":"","label_position":"default","desc_position":"default","type":"radio-group","required":false,"elementId":"radio-group_868cd7750f2789","label":"","name":"radio-group_868cd7750f2789","values":[{"label":"\ud83d\udc64 Adult (89\u20ac)","value":"Adult","selected":true,"tempId":"aco_32","tooltip":"+12 Years","description":"","gt_translate_keys":["label","tooltip","description"]}],"layOut":"","error":false,"checkUi":"button","priceOptions":"fixed_for_all","pricingType":"fixed","enable_quantity":true,"quantity_label":"","min_quantity":"0","options_tooltip":true,"options_description":true,"is_show_price":false,"isWeightTemplate":false,"isTemplate":false,"quantity_decimal":false,"quantity_step":"1","repeater_field_label":"{field_label}","repeater_bind":"","gt_translate_keys":["label","repeater_field_label","quantity_label"],"price_dependency":false,"cl_dependency":false,"value":""}],[{"label":"","active":true,"required":false,"elementId":"radio-group_568cd7750f2794","name":"radio-group_568cd7750f2794","label_position":"default","desc_position":"default","enablePrice":true,"className":"","enableCl":false,"relations":false,"enable_quantity":true,"quantity_label":"","min_quantity":"0","checkUi":"button","layOut":"","values":[{"label":"\ud83d\udc66 Child (66\u20ac)","value":"Child","selected":true,"tempId":"aco_32","tooltip":"3-11 Years","description":"","gt_translate_keys":["label","tooltip","description"]}],"priceOptions":"fixed_for_all","pricingType":"fixed","price":"66","cl_rule":"show","col":6,"type":"radio-group","error":false,"options_tooltip":true,"options_description":true,"is_show_price":false,"isWeightTemplate":false,"isTemplate":false,"quantity_decimal":false,"quantity_step":"1","repeater_field_label":"{field_label}","repeater_bind":"","gt_translate_keys":["label","repeater_field_label","quantity_label"],"price_dependency":false,"cl_dependency":false,"value":""}]]},"sec_1068cd7750f27a0":{"extra":{"key":"sec_1068cd7750f27a0","section_id":"sec_1068cd7750f27a0","name":"Private Charter","status":1,"cl_rule":"show","enableCl":true,"relations":[{"operator":false,"rules":[{"operator":"AND","rules":{"cl_field":"radio-group_1068cd7750f2744","cl_relation":"is","cl_val":"Private Charter (From 670\u20ac)"}}]}],"toggle":true,"title_tag":"h4","show_title":false,"showPrice":"default","form_id":15949,"form_rules":{"exclude_from_discount":true,"fee_label":"Fee","disp_hide_options_price":true,"disp_show_section_price":false,"disp_show_field_price":true,"layout_option":"standard","pric_use_as_fee":false,"process_fee_as":"woo_fee"},"layout_option":"standard"},"fields":[[{"label":"\ud83d\udcc5 Date","active":true,"required":true,"elementId":"date-4966732090","picker_type":"custom","picker_mode":"single","placeholder":"","description":"","tooltip":"","name":"date-4966732090","label_position":"default","desc_position":"default","enablePrice":false,"className":"","enableCl":false,"relations":[{"operator":"and","rules":[{"operator":"AND","rules":{"cl_field":"radio-group_1068cd7750f2744","cl_relation":"is","cl_val":"3 Hour Trip"}}]}],"repeater_bind":"","repeater_field_label":"{field_label}","enableDesign":false,"LabelColor":"","quantity_label":"Quantity","quantity_step":"1","quantity_decimal":false,"min_quantity":"1","date_pic_inline":true,"date_pic_inline_hide":true,"min_date":{"type":"days","val":"1"},"max_date":{"type":"days","val":"365"},"date_pic_conf":{"disabledWeeks":[],"disabledDates":["2025-09-19","2025-09-21","2025-09-23","2025-09-29","2025-10-07","2025-10-12","2025-10-13","2025-10-19","2025-10-20"]},"date_conf_custom":{},"isTemplate":false,"price":"","isWeightTemplate":false,"cl_rule":"show","col":6,"type":"date","error":false,"gt_translate_keys":["label","placeholder","description","tooltip","repeater_field_label","quantity_label"],"price_dependency":false,"cl_dependency":false,"value":""}],[{"label":"\u23f0 Departure","active":true,"required":true,"elementId":"select_068cd7750f27b3","dropdown_type":"basic","placeholder":"Select Departure Time","name":"select_068cd7750f27b3","label_position":"default","desc_position":"default","enablePrice":false,"className":"","enableCl":false,"relations":[{"operator":false,"rules":[{"operator":"AND","rules":{"cl_field":"date_268cd7750f2754","cl_relation":"week_day_is","cl_val":[1]}}]}],"values":[{"label":"10:00","value":"10:00","selected":false,"tempId":"aco_2696","gt_translate_keys":["label"]},{"label":"14:00","value":"14:00","selected":false,"tempId":"aco_2457","gt_translate_keys":["label"]},{"label":"18:00","value":"18:00","selected":false,"tempId":"aco_91","gt_translate_keys":["label"]}],"price":"","cl_rule":"show","col":6,"type":"select","error":false,"isWeightTemplate":false,"isTemplate":false,"min_quantity":"1","quantity_decimal":false,"quantity_step":"1","quantity_label":"Quantity","repeater_field_label":"{field_label}","repeater_bind":"","gt_translate_keys":["label","placeholder","repeater_field_label","quantity_label"],"price_dependency":false,"cl_dependency":false,"value":""}],[{"label":"\ud83d\udc65 Amount of People","active":true,"required":true,"elementId":"select_1068cd7750f27bc","dropdown_type":"basic","placeholder":"Select Departure Time","name":"select_1068cd7750f27bc","label_position":"default","desc_position":"default","enablePrice":false,"className":"","enableCl":false,"relations":[{"operator":false,"rules":[{"operator":"AND","rules":{"cl_field":"date_268cd7750f2754","cl_relation":"week_day_is","cl_val":[1]}}]}],"values":[{"label":"1 Person","value":"1 Person","selected":false,"tempId":"aco_2695","gt_translate_keys":["label"]},{"label":"2 People","value":"2 People","selected":false,"tempId":"aco_2696","gt_translate_keys":["label"]},{"label":"3 People","value":"3 People","selected":false,"tempId":"aco_3399","gt_translate_keys":["label"]},{"label":"4 People","value":"4 People","selected":false,"tempId":"aco_3409","gt_translate_keys":["label"]},{"label":"5 People","value":"5 People","selected":false,"tempId":"aco_3519","gt_translate_keys":["label"]},{"label":"6 People","value":"6 People","selected":false,"tempId":"aco_3529","gt_translate_keys":["label"]},{"label":"7 People","value":"7 People","selected":false,"tempId":"aco_3557","gt_translate_keys":["label"]},{"label":"8 People","value":"8 People","selected":false,"tempId":"aco_3594","gt_translate_keys":["label"]},{"label":"9 People","value":"9 People","selected":false,"tempId":"aco_3604","gt_translate_keys":["label"]},{"label":"10 People","value":"10 People","selected":false,"tempId":"aco_3722","gt_translate_keys":["label"]}],"price":"","cl_rule":"show","col":6,"type":"select","error":false,"isWeightTemplate":false,"isTemplate":false,"min_quantity":"1","quantity_decimal":false,"quantity_step":"1","quantity_label":"Quantity","repeater_field_label":"{field_label}","repeater_bind":"","gt_translate_keys":["label","placeholder","repeater_field_label","quantity_label"],"price_dependency":false,"cl_dependency":false,"value":""}],[{"active":true,"col":6,"relations":false,"cl_rule":"show","enableCl":false,"price":"","enablePrice":true,"className":"","label_position":"default","desc_position":"default","type":"select","required":false,"elementId":"select_668cd7750f27c5","label":"\u231b\ufe0f Charter Duration (From 750\u20ac)","name":"select_668cd7750f27c5","values":[{"label":"3 Hours (750\u20ac)","value":"3","selected":false,"tempId":"aco_3241","price":"750","gt_translate_keys":["label"]},{"label":"4 Hours (880\u20ac)","value":"4","selected":false,"tempId":"aco_349","price":"880","gt_translate_keys":["label"]},{"label":"5 Hours (1.050\u20ac)","value":"5","selected":false,"tempId":"aco_2139","price":"1050","gt_translate_keys":["label"]},{"label":"6 Hours (1.230\u20ac)","value":"6","selected":false,"tempId":"aco_2149","price":"1230","gt_translate_keys":["label"]},{"label":"7 Hours (1.400\u20ac)","value":"7","selected":false,"tempId":"aco_1706","price":"1400","gt_translate_keys":["label"]},{"label":"8 Hours (1.570\u20ac)","value":"8","selected":false,"tempId":"aco_2393","price":"1570","gt_translate_keys":["label"]}],"dropdown_type":"basic","error":false,"placeholder":"Select Duration Time","priceOptions":"different_for_all","pricingType":"fixed","is_show_price":false,"isWeightTemplate":false,"isTemplate":false,"min_quantity":"1","quantity_decimal":false,"quantity_step":"1","quantity_label":"Quantity","repeater_field_label":"{field_label}","repeater_bind":"","gt_translate_keys":["label","placeholder","repeater_field_label","quantity_label"],"price_dependency":false,"cl_dependency":false,"value":""}],[{"active":true,"col":6,"relations":false,"cl_rule":"show","enableCl":false,"price":"","enablePrice":false,"className":"","label_position":"default","desc_position":"default","type":"separator","required":false,"elementId":"separator_768cd7750f27d0","label":"Separator Field","height":"3","separatorType":"blank","error":false,"gt_translate_keys":["label"],"price_dependency":false,"cl_dependency":false,"value":""}]]}},"config":{"price_override":"always","enable_recaptcha":false,"bind_quantity":false,"quantity_bind_formula":false,"disp_summ_show_option_price":true,"disp_summ_show_product_price":false,"disp_summ_show_total_price":true,"disp_summ_show_fee":true,"disp_summ_show_discount":true,"summary_title":"","options_total_label":"Options Price","total_label":"Total Amount Now","options_product_label":"Product Price","fee_label":"Fee","discount_label":"Discount","has_price":true,"has_quantity_formula":false},"mc_unit":1,"tax_rate":1,"tax_rate_real":1,"discount":{"percentage":0,"fixed":0},"design":{"conf":{"LabelPosition":"above","DescPosition":"above","UploadField":"custom_1","QuantityFieldStyle":"custom_1"},"css":{"LeftLabelWidth":"120px"}},"formulas":{"fmla_1708364241278155361":"(({field.select_668cd7750f27c5.value}>=8)?(335.50):(({field.select_668cd7750f27c5.value}>=6)?(269):(({field.select_668cd7750f27c5.value}>=5)?(252.50):(({field.select_668cd7750f27c5.value}>=4)?(282.50):(({field.select_668cd7750f27c5.value}>=3)?(193.50):(0))))))","fmla_1741607919311571987":"(({field.select_668cd7750f27c5.value}>=8)?(1334.50):(({field.select_668cd7750f27c5.value}>=6)?(1071):(({field.select_668cd7750f27c5.value}>=5)?(977.50):(({field.select_668cd7750f27c5.value}>=4)?(807.50):(({field.select_668cd7750f27c5.value}>=3)?(756.50):(0))))))"},"lookuptables":[],"clones":false,"cartKey":false}},"_links":{"self":[{"href":"https:\/\/canaryvip.com\/fr\/wp-json\/wp\/v2\/product\/15796","targetHints":{"allow":["GET"]}}],"collection":[{"href":"https:\/\/canaryvip.com\/fr\/wp-json\/wp\/v2\/product"}],"about":[{"href":"https:\/\/canaryvip.com\/fr\/wp-json\/wp\/v2\/types\/product"}],"replies":[{"embeddable":true,"href":"https:\/\/canaryvip.com\/fr\/wp-json\/wp\/v2\/comments?post=15796"}],"wp:featuredmedia":[{"embeddable":true,"href":"https:\/\/canaryvip.com\/fr\/wp-json\/wp\/v2\/media\/15937"}],"wp:attachment":[{"href":"https:\/\/canaryvip.com\/fr\/wp-json\/wp\/v2\/media?parent=15796"}],"wp:term":[{"taxonomy":"product_brand","embeddable":true,"href":"https:\/\/canaryvip.com\/fr\/wp-json\/wp\/v2\/product_brand?post=15796"},{"taxonomy":"product_cat","embeddable":true,"href":"https:\/\/canaryvip.com\/fr\/wp-json\/wp\/v2\/product_cat?post=15796"},{"taxonomy":"product_tag","embeddable":true,"href":"https:\/\/canaryvip.com\/fr\/wp-json\/wp\/v2\/product_tag?post=15796"}],"curies":[{"name":"wp","href":"https:\/\/api.w.org\/{rel}","templated":true}]}}