{"id":15724,"date":"2025-08-24T11:35:32","date_gmt":"2025-08-24T10:35:32","guid":{"rendered":"https:\/\/canaryvip.com\/?post_type=product&#038;p=15724"},"modified":"2025-09-06T09:56:39","modified_gmt":"2025-09-06T08:56:39","slug":"neptuno-yacht-charter-tenerife","status":"publish","type":"product","link":"https:\/\/canaryvip.com\/fr\/shop\/neptuno-yacht-charter-tenerife\/","title":{"rendered":"Neptuno Yacht Charter Tenerife"},"content":{"rendered":"<h2>\ud83d\udee5\ufe0f Neptuno Location de bateaux Tenerife<\/h2>\n<p>Au <strong>CanaryVIP<\/strong> nous vous offrons la possibilit\u00e9 de vivre une aventure exclusive \u00e0 bord du <strong>Neptuno Yacht,<\/strong> l'un des rares yachts priv\u00e9s de T\u00e9n\u00e9rife autoris\u00e9 \u00e0 naviguer sur les eaux de l'\u00eele. <strong>l'observation des baleines et des dauphins.<\/strong> Pouvant accueillir jusqu'\u00e0 <strong>22 passagers,<\/strong> ce yacht est une option rare \u00e0 Tenerife, o\u00f9 la plupart des bateaux priv\u00e9s sont limit\u00e9s \u00e0 12 personnes. C'est le choix id\u00e9al pour les grands groupes qui souhaitent partager une journ\u00e9e inoubliable en mer.<\/p>\n<p>Le yacht pr\u00e9sente les caract\u00e9ristiques suivantes <strong>deux terrasses ouvertes,<\/strong> un petit salon int\u00e9rieur et des toilettes pour votre confort. Construit \u00e0 l'origine en 1973 et enti\u00e8rement r\u00e9nov\u00e9 en 2018, le Neptuno allie un design intemporel \u00e0 des mises \u00e0 jour modernes pour une atmosph\u00e8re unique et d\u00e9tendue.<\/p>\n<h3>\ud83c\udf0a Charters priv\u00e9s de 3 \u00e0 8 heures<\/h3>\n<p>Choisissez la dur\u00e9e de votre charter priv\u00e9 en fonction de vos projets :<\/p>\n<ul>\n<li><strong>3 heures :<\/strong> Une exp\u00e9rience courte mais compl\u00e8te avec l'observation des baleines et des dauphins, la natation et la plong\u00e9e avec masque et tuba dans des baies magnifiques.<\/li>\n<li><strong>4-5 heures :<\/strong> Plus de temps pour se d\u00e9tendre, prendre des bains de soleil et explorer la c\u00f4te sud tout en profitant de nombreuses occasions d'observer la faune et la flore.<\/li>\n<li><strong>6-7 heures :<\/strong> Une aventure d'une journ\u00e9e enti\u00e8re avec des arr\u00eats plus longs, parfaite pour c\u00e9l\u00e9brer des occasions sp\u00e9ciales en famille ou entre amis.<\/li>\n<li><strong>8 heures :<\/strong> Le nec plus ultra des locations de yachts priv\u00e9s \u00e0 T\u00e9n\u00e9rife, avec une journ\u00e9e enti\u00e8re pour d\u00e9couvrir des criques cach\u00e9es et profiter de l'oc\u00e9an \u00e0 votre propre rythme.<\/li>\n<\/ul>\n<h3>\ud83d\udc2c Observation des baleines et des dauphins<\/h3>\n<p>L'un des points forts du Neptuno Yacht est sa licence officielle pour l'observation des baleines et des dauphins. Au d\u00e9part de <strong>Puerto de Los Cristianos<\/strong> (Excursion Pier, Zone B), le yacht vous emm\u00e8ne dans des zones o\u00f9 vivent toute l'ann\u00e9e des globic\u00e9phales noirs et des dauphins \u00e0 gros nez. Tenerife est consid\u00e9r\u00e9e comme l'une des meilleures destinations au monde pour cette activit\u00e9, et le fait de la vivre sur un yacht priv\u00e9 la rend encore plus sp\u00e9ciale.<\/p>\n<h3>\ud83c\udf7d\ufe0f Nourriture et boissons \u00e0 bord<\/h3>\n<p>Profitez de repas fra\u00eechement pr\u00e9par\u00e9s, de fruits et d'une s\u00e9lection de boissons comprenant de l'eau, des boissons non alcoolis\u00e9es, de la bi\u00e8re, du vin et du cava.<\/p>\n<p>Des rafra\u00eechissements sont disponibles tout au long de l'excursion, ce qui permet \u00e0 chacun de se sentir \u00e0 l'aise pendant la croisi\u00e8re.<\/p>\n<h3>\ud83c\udfa3 Activit\u00e9s et extras<\/h3>\n<ul>\n<li>\u00c9quipement de plong\u00e9e avec tuba fourni pour les arr\u00eats de baignade.<\/li>\n<li>Des cannes \u00e0 p\u00eache de loisir sont disponibles sur demande.<\/li>\n<li>Beaucoup d'espace sur le pont pour bronzer, se d\u00e9tendre et faire la f\u00eate \u00e0 bord.<\/li>\n<\/ul>\n<h3>\ud83d\udccd Neptuno Yacht Details<\/h3>\n<ul>\n<li><strong>Longueur :<\/strong> 13 m\u00e8tres<\/li>\n<li><strong>Capacit\u00e9 maximale :<\/strong> 22 passagers<\/li>\n<\/ul>\n<h3>\ud83d\udcbc Ce qu'il faut apporter<\/h3>\n<ul>\n<li>Cr\u00e8me solaire, lunettes de soleil, serviette et appareil photo pour immortaliser la faune et les paysages.<\/li>\n<li>Une veste l\u00e9g\u00e8re est recommand\u00e9e pendant les mois les plus frais.<\/li>\n<\/ul>\n<h3>\ud83d\udccb Politique d'annulation<\/h3>\n<p>Nous comprenons que les plans peuvent changer. Voici les conditions d'annulation pour le Neptuno Yacht :<\/p>\n<ul>\n<li><strong>Charters priv\u00e9s :<\/strong> Annuler plus de 7 jours avant le d\u00e9part pour un remboursement complet. Pas de remboursement en cas d'annulation \u00e0 moins de 7 jours ou de non-pr\u00e9sentation.<\/li>\n<li><strong>Mauvais temps :<\/strong> Si le capitaine estime que les conditions ne sont pas s\u00fbres, il vous proposera de reporter votre voyage ou vous remboursera int\u00e9gralement.<\/li>\n<li><strong>Premiers retours :<\/strong> Les voyages \u00e9court\u00e9s \u00e0 la demande du client (par exemple en cas de mal de mer) ne sont pas remboursables.<\/li>\n<\/ul>\n<h3>\ud83c\udf89 Pourquoi r\u00e9server un yacht Neptuno avec CanaryVIP ?<\/h3>\n<ul>\n<li><strong>Licence d'observation des baleines et des dauphins :<\/strong> L'un des rares yachts priv\u00e9s de Tenerife autoris\u00e9s \u00e0 approcher ces animaux \u00e9tonnants.<\/li>\n<li><strong>Espace pour les grands groupes :<\/strong> Autoris\u00e9 \u00e0 accueillir jusqu'\u00e0 22 personnes, il est parfait pour les anniversaires, les \u00e9v\u00e9nements d'entreprise ou les r\u00e9unions de famille.<\/li>\n<li><strong>Excellent rapport qualit\u00e9-prix :<\/strong> Un confort <a href=\"https:\/\/canaryvip.com\/fr\/tenerife\/yacht-tenerife\/\">yacht Tenerife<\/a> avec de la nourriture, des boissons et un \u00e9quipage local exp\u00e9riment\u00e9.<\/li>\n<\/ul>\n<h3>R\u00e9flexions finales<\/h3>\n<p>Les <strong>Neptuno Yacht Charter Tenerife<\/strong> est plus qu'une simple location de bateau. C'est votre porte d'entr\u00e9e pour observer les baleines, rencontrer des dauphins, nager et vous d\u00e9tendre avec vos amis ou votre famille en toute intimit\u00e9. Avec des charters de 3 \u00e0 8 heures, un service de restauration flexible et une capacit\u00e9 de 22 personnes, c'est l'un des meilleurs moyens d'observer les baleines et de rencontrer les dauphins. <a href=\"https:\/\/canaryvip.com\/fr\/tenerife\/rent-a-boat-tenerife\/\">louer un bateau \u00e0 Tenerife<\/a> avec assurance et style.<\/p>\n<p>R\u00e9servez d\u00e8s aujourd'hui aupr\u00e8s de <strong>CanaryVIP<\/strong> et vivez une exp\u00e9rience unique en yacht priv\u00e9 sur l'Atlantique.<\/p>","protected":false},"excerpt":{"rendered":"<p><strong>\ud83d\udd0d Neptuno Yacht Tenerife :<\/strong><br \/>\n\u2705 Paiement s\u00e9curis\u00e9.<br \/>\n\ud83d\udd10 Possibilit\u00e9 de visites priv\u00e9es<br \/>\n\ud83d\udc0b Observation de baleines et de dauphins.<br \/>\n\ud83d\ude80 Visites quotidiennes<br \/>\n\ud83c\udf05 Des visites guid\u00e9es au coucher du soleil sont propos\u00e9es.<br \/>\n\ud83e\uddc3 Nourriture et boissons incluses.<br \/>\nJusqu'\u00e0 22 personnes.<br \/>\n\ud83d\udebd Toilette \u00e0 bord.<br \/>\n\ud83e\udd3f \u00c9quipement de plong\u00e9e avec tuba fourni.<br \/>\n\ud83e\udd11 Meilleur prix garanti.<br \/>\n\ud83d\udc6a R\u00e9ductions activ\u00e9es.<br \/>\n\ud83d\udd01 Annulation jusqu'\u00e0 5 jours.<br \/>\n\ud83c\udf0d Guides multilingues.<br \/>\n\ud83c\udf1f R\u00e9servez maintenant et \u00e9conomisez !<br \/>\n\ud83d\udccd D\u00e9part de <a href=\"https:\/\/maps.app.goo.gl\/HatmLZkFA7oLCfX57\">Los Cristianos<\/a>.<\/p>","protected":false},"featured_media":15725,"comment_status":"open","ping_status":"closed","template":"","meta":{"_acf_changed":false},"product_brand":[],"product_cat":[47],"product_tag":[],"class_list":{"0":"post-15724","1":"product","2":"type-product","3":"status-publish","4":"has-post-thumbnail","6":"product_cat-boat-hire-tenerife","7":"wcpa_has_options","9":"first","10":"instock","11":"sale","12":"virtual","13":"purchasable","14":"product-type-simple"},"acf":[],"wcpa_form_fields":{"wcpaData":{"product":{"product_price":765,"price_html":"From&nbsp;<del aria-hidden=\"true\"><span class=\"woocommerce-Price-amount amount\"><bdi>900,00&nbsp;<span class=\"woocommerce-Price-currencySymbol\">&euro;<\/span><\/bdi><\/span><\/del> <span class=\"screen-reader-text\">Le prix initial \u00e9tait\u00a0: 900,00&nbsp;&euro;.<\/span><ins aria-hidden=\"true\"><span class=\"woocommerce-Price-amount amount\"><bdi>765,00&nbsp;<span class=\"woocommerce-Price-currencySymbol\">&euro;<\/span><\/bdi><\/span><\/ins><span class=\"screen-reader-text\">Le prix actuel est\u00a0: 765,00&nbsp;&euro;.<\/span>","original_product_price":900,"price_including_tax":765,"price_excluding_tax":765,"product_id":{"parent":15724,"variation":false},"is_variable":false,"stock_status":"instock","stock_quantity":null,"parent_sku":"CV15724","product_attributes":[],"custom_fields":[],"is_taxable":false,"product_name":"Neptuno Yacht Charter Tenerife","hasImage":false},"fields":{"sec_068b85c6eaafb2":{"extra":{"key":"sec_068b85c6eaafb2","section_id":"sec_068b85c6eaafb2","name":"Private Charter","status":1,"cl_rule":"show","enableCl":false,"relations":[{"operator":false,"rules":[{"operator":"AND","rules":{"cl_field":"radio-group_768b85c6eaaf46","cl_relation":"is","cl_val":"Private Charter"}}]}],"toggle":true,"title_tag":"h4","show_title":false,"showPrice":"default","repeater_section_field_label":"{field_label}","repeater_section_label":"{section_name}","repeater_bind":"","form_id":15819,"form_rules":{"exclude_from_discount":true,"fee_label":"Fee","disp_hide_options_price":true,"disp_show_section_price":false,"disp_show_field_price":true,"layout_option":"standard","pric_use_as_fee":false,"process_fee_as":"woo_fee"},"layout_option":"standard"},"fields":[[{"label":"\ud83d\udcc5 Date","active":true,"required":true,"elementId":"date_368b85c6eaafbc","picker_type":"custom","picker_mode":"single","placeholder":"","description":"","tooltip":"","name":"date_368b85c6eaafbc","label_position":"default","desc_position":"default","enablePrice":false,"className":"","enableCl":false,"relations":[{"operator":"and","rules":[{"operator":"AND","rules":{"cl_field":"radio-group_367e16bf8dd4f5","cl_relation":"is","cl_val":"3 Hour Trip"}}]}],"enableDesign":false,"LabelColor":"","date_pic_inline":true,"date_pic_inline_hide":true,"min_date":{"type":"days","val":"2"},"max_date":{"type":"days","val":"365"},"date_pic_conf":{"disabledWeeks":[]},"price":"","cl_rule":"show","col":6,"type":"date","error":false,"isWeightTemplate":false,"isTemplate":false,"min_quantity":"1","quantity_decimal":false,"quantity_step":"1","quantity_label":"Quantity","repeater_field_label":"{field_label}","repeater_bind":"","gt_translate_keys":["label","placeholder","description","tooltip","repeater_field_label","quantity_label"],"price_dependency":false,"cl_dependency":false,"value":""}],[{"active":true,"col":6,"relations":false,"cl_rule":"show","enableCl":false,"price":"","enablePrice":true,"className":"","label_position":"default","desc_position":"default","type":"select","required":false,"elementId":"select_668b85c6eaafc6","label":"\u231b\ufe0f Charter Duration (From 765\u20ac)","name":"select_668b85c6eaafc6","values":[{"label":"3 Hours (From 765\u20ac)","value":"3","selected":false,"tempId":"aco_3241","price":"765","options_cl":false,"relations":[{"operator":false,"rules":[{"operator":"AND","rules":{"cl_field":"","cl_relation":"","cl_val":""}}]}],"cl_rule":"show","gt_translate_keys":["label"]},{"label":"4 Hours (From 985\u20ac)","value":"4","selected":false,"tempId":"aco_2149","price":"985","gt_translate_keys":["label"]},{"label":"5 Hours (From 1.225\u20ac)","value":"5","selected":false,"tempId":"aco_468","price":"1225","gt_translate_keys":["label"]},{"label":"6 Hours (From 1.465\u20ac)","value":"6","selected":false,"tempId":"aco_505","price":"1465","gt_translate_keys":["label"]},{"label":"7 Hours (From 1.700\u20ac)","value":"7","selected":false,"tempId":"aco_542","price":"1700","gt_translate_keys":["label"]},{"label":"8 Hours (From 1.960\u20ac)","value":"8","selected":false,"tempId":"aco_579","price":"1960","gt_translate_keys":["label"]}],"dropdown_type":"basic","error":false,"placeholder":"Select Duration Time","priceOptions":"different_for_all","pricingType":"fixed","is_show_price":false,"isWeightTemplate":false,"isTemplate":false,"min_quantity":"1","quantity_decimal":false,"quantity_step":"1","quantity_label":"Quantity","repeater_field_label":"{field_label}","repeater_bind":"","gt_translate_keys":["label","placeholder","repeater_field_label","quantity_label"],"price_dependency":false,"cl_dependency":false,"value":""}],[{"label":"\u23f0 Departure","active":true,"required":true,"elementId":"select_468b85c6eaafd0","dropdown_type":"basic","placeholder":"Select Departure Time","name":"select_468b85c6eaafd0","label_position":"default","desc_position":"default","enablePrice":true,"className":"","enableCl":false,"relations":[{"operator":false,"rules":[{"operator":"AND","rules":{"cl_field":"date_367e16bf8dd504","cl_relation":"week_day_is","cl_val":[1]}}]}],"values":[{"label":"9:30","value":"9:30","selected":false,"tempId":"aco_2695","price":"0","gt_translate_keys":["label"]},{"label":"12:30","value":"12:30","selected":false,"tempId":"aco_2329","price":"0","gt_translate_keys":["label"]},{"label":"15:30","value":"15:30","selected":false,"tempId":"aco_2457","price":"0","gt_translate_keys":["label"]},{"label":"17:00","value":"17:00","selected":false,"tempId":"aco_19","price":"100","gt_translate_keys":["label"]}],"price":"","cl_rule":"show","col":6,"type":"select","error":false,"priceOptions":"different_for_all","pricingType":"fixed","is_show_price":true,"isWeightTemplate":false,"isTemplate":false,"min_quantity":"1","quantity_decimal":false,"quantity_step":"1","quantity_label":"Quantity","repeater_field_label":"{field_label}","repeater_bind":"","gt_translate_keys":["label","placeholder","repeater_field_label","quantity_label"],"price_dependency":false,"cl_dependency":false,"value":""}],[{"active":true,"col":6,"relations":false,"cl_rule":"show","enableCl":false,"price":"","enablePrice":true,"className":"","label_position":"default","desc_position":"default","type":"select","required":false,"elementId":"select_3142719928","label":"\ud83d\udc65 Amount of People","name":"select_3142719928","values":[{"label":"1 Person","value":"1 Person","selected":false,"tempId":"aco_1169","options_cl":false,"relations":[{"operator":false,"rules":[{"operator":"AND","rules":{"cl_field":"","cl_relation":"","cl_val":""}}]}],"cl_rule":"show","gt_translate_keys":["label"]},{"label":"2 People","value":"2 People","selected":false,"tempId":"aco_1170","gt_translate_keys":["label"]},{"label":"3 People","value":"3 People","selected":false,"tempId":"aco_1171","gt_translate_keys":["label"]},{"label":"4 People","value":"4 People","selected":false,"tempId":"aco_1397","gt_translate_keys":["label"]},{"label":"5 People (+20\u20ac)","value":"5 People","selected":false,"tempId":"aco_2351","price":"20","gt_translate_keys":["label"]},{"label":"6 People (+30\u20ac)","value":"6 People","selected":false,"tempId":"aco_1461","price":"30","gt_translate_keys":["label"]},{"label":"7 People (+40\u20ac)","value":"7 People","selected":false,"tempId":"aco_1507","price":"40","gt_translate_keys":["label"]},{"label":"8 People (+50\u20ac)","value":"8 People","selected":false,"tempId":"aco_1553","price":"50","gt_translate_keys":["label"]},{"label":"9 People (+60\u20ac)","value":"9 People","selected":false,"tempId":"aco_1563","price":"60","gt_translate_keys":["label"]},{"label":"10 People (+70\u20ac)","value":"10 People","selected":false,"tempId":"aco_1573","price":"70","gt_translate_keys":["label"]},{"label":"11 People (+80\u20ac)","value":"11 People","selected":false,"tempId":"aco_1583","price":"80","gt_translate_keys":["label"]},{"label":"12 People (+90\u20ac)","value":"12 People","selected":false,"tempId":"aco_1746","price":"90","gt_translate_keys":["label"]},{"label":"13 People (+100\u20ac)","value":"13 People","selected":false,"tempId":"aco_1756","price":"100","gt_translate_keys":["label"]},{"label":"14 People (+110\u20ac)","value":"14 People","selected":false,"tempId":"aco_1766","price":"110","gt_translate_keys":["label"]},{"label":"15 People (+120\u20ac)","value":"15 People","selected":false,"tempId":"aco_1911","price":"120","gt_translate_keys":["label"]},{"label":"16 People (+130\u20ac)","value":"16 People","selected":false,"tempId":"aco_1957","price":"130","gt_translate_keys":["label"]},{"label":"17 People (+140\u20ac)","value":"17 People","selected":false,"tempId":"aco_2003","price":"140","gt_translate_keys":["label"]},{"label":"18 People (+150\u20ac)","value":"18 People","selected":false,"tempId":"aco_2049","price":"150","gt_translate_keys":["label"]},{"label":"19 People (+160\u20ac)","value":"19 People","selected":false,"tempId":"aco_2113","price":"160","gt_translate_keys":["label"]},{"label":"20 People (+170\u20ac)","value":"20 People","selected":false,"tempId":"aco_2159","price":"170","gt_translate_keys":["label"]},{"label":"21 People (+180\u20ac)","value":"21 People","selected":false,"tempId":"aco_2205","price":"180","gt_translate_keys":["label"]},{"label":"22 People (+190\u20ac)","value":"22 People","selected":false,"tempId":"aco_2269","price":"190","gt_translate_keys":["label"]}],"isWeightTemplate":false,"error":false,"isTemplate":false,"min_quantity":"1","quantity_decimal":false,"quantity_step":"1","quantity_label":"Quantity","repeater_field_label":"{field_label}","repeater_bind":"","dropdown_type":"basic","priceOptions":"different_for_all","pricingType":"fixed","is_show_price":false,"gt_translate_keys":["label","repeater_field_label","quantity_label"],"price_dependency":false,"cl_dependency":false,"value":""}],[{"active":true,"col":6,"relations":false,"cl_rule":"show","enableCl":false,"price":"","enablePrice":false,"className":"","label_position":"default","desc_position":"default","type":"separator","required":false,"elementId":"separator_368b85c6eaafe4","label":"Separator Field","height":"3","separatorType":"blank","error":false,"gt_translate_keys":["label"],"price_dependency":false,"cl_dependency":false,"value":""}],[{"active":true,"col":6,"relations":[{"operator":false,"rules":[{"operator":"AND","rules":{"cl_field":"","cl_relation":"","cl_val":""}}]}],"cl_rule":"show","enableCl":false,"price":"","enablePrice":false,"className":"","label_position":"default","desc_position":"default","type":"content","required":false,"elementId":"content_1542895609","label":"","name":"content_1542895609","contentType":"rich","value":"<p>Please note that any tour that remains on the water after 17:00 will have an additional cost of \u20ac100, to be paid directly on the boat.<\/p>","isTemplate":false,"error":false,"enableDesign":true,"DescColor":"#0042ff","show_in_checkout":true,"gt_translate_keys":["label","value"],"price_dependency":false,"cl_dependency":false}]]}},"config":{"price_override":"always","enable_recaptcha":false,"bind_quantity":false,"quantity_bind_formula":false,"disp_summ_show_option_price":true,"disp_summ_show_product_price":false,"disp_summ_show_total_price":true,"disp_summ_show_fee":true,"disp_summ_show_discount":true,"summary_title":"","options_total_label":"Options Price","total_label":"Total Amount Now","options_product_label":"Product Price","fee_label":"Fee","discount_label":"Discount","has_price":true,"has_quantity_formula":false},"mc_unit":1,"tax_rate":1,"tax_rate_real":1,"discount":{"percentage":0,"fixed":0},"design":{"conf":{"LabelPosition":"above","DescPosition":"above","UploadField":"custom_1","QuantityFieldStyle":"custom_1"},"css":{"LeftLabelWidth":"120px"}},"formulas":{"fmla_1708364241278155361":"(({field.select_668b85c6eaafc6.value}>=4)?(150+({field.number_268b85c6eaafd9.value}*5)):(({field.select_668b85c6eaafc6.value}>=3)?(100+({field.number_268b85c6eaafd9.value}*5)):(0)))","fmla_1742826688120818082":"(({field.select_668b85c6eaafc6.value}>=4)?(1500+{field.select_468b85c6eaafd0.price}):(({field.select_668b85c6eaafc6.value}>=3)?(750+{field.select_468b85c6eaafd0.price}):(0)))"},"lookuptables":[],"clones":false,"cartKey":false}},"_links":{"self":[{"href":"https:\/\/canaryvip.com\/fr\/wp-json\/wp\/v2\/product\/15724","targetHints":{"allow":["GET"]}}],"collection":[{"href":"https:\/\/canaryvip.com\/fr\/wp-json\/wp\/v2\/product"}],"about":[{"href":"https:\/\/canaryvip.com\/fr\/wp-json\/wp\/v2\/types\/product"}],"replies":[{"embeddable":true,"href":"https:\/\/canaryvip.com\/fr\/wp-json\/wp\/v2\/comments?post=15724"}],"wp:featuredmedia":[{"embeddable":true,"href":"https:\/\/canaryvip.com\/fr\/wp-json\/wp\/v2\/media\/15725"}],"wp:attachment":[{"href":"https:\/\/canaryvip.com\/fr\/wp-json\/wp\/v2\/media?parent=15724"}],"wp:term":[{"taxonomy":"product_brand","embeddable":true,"href":"https:\/\/canaryvip.com\/fr\/wp-json\/wp\/v2\/product_brand?post=15724"},{"taxonomy":"product_cat","embeddable":true,"href":"https:\/\/canaryvip.com\/fr\/wp-json\/wp\/v2\/product_cat?post=15724"},{"taxonomy":"product_tag","embeddable":true,"href":"https:\/\/canaryvip.com\/fr\/wp-json\/wp\/v2\/product_tag?post=15724"}],"curies":[{"name":"wp","href":"https:\/\/api.w.org\/{rel}","templated":true}]}}