{"id":15386,"date":"2025-08-07T14:09:56","date_gmt":"2025-08-07T13:09:56","guid":{"rendered":"https:\/\/canaryvip.com\/?post_type=product&#038;p=15386"},"modified":"2025-08-09T13:45:20","modified_gmt":"2025-08-09T12:45:20","slug":"crazy-ufo-twister-tenerife","status":"publish","type":"product","link":"https:\/\/canaryvip.com\/fr\/shop\/crazy-ufo-twister-tenerife\/","title":{"rendered":"Ovni fou et tornade \u00e0 T\u00e9n\u00e9rife"},"content":{"rendered":"<h2><strong>\ud83d\ude80 Crazy UFO Tenerife - Fun \u00e0 grande vitesse sur l'eau<\/strong><\/h2>\n<p>Envie d'une balade endiabl\u00e9e ? Montez \u00e0 bord du <strong>Ovni fou \u00e0 T\u00e9n\u00e9rife<\/strong> et pr\u00e9parez-vous \u00e0 un m\u00e9lange intense de vitesse, d'\u00e9claboussures et d'adr\u00e9naline pure. C'est l'une des exp\u00e9riences les plus excitantes. <strong>Sports nautiques \u00e0 Tenerife<\/strong>L'h\u00f4tel est id\u00e9al pour les familles, les couples ou les groupes d'amis \u00e0 la recherche d'une activit\u00e9 inoubliable \u00e0 Costa Adeje.<\/p>\n<h3><strong>\ud83c\udf0a D\u00e9part de Puerto Col\u00f3n<\/strong><\/h3>\n<ul>\n<li><strong>Acc\u00e8s facile :<\/strong> Votre aventure commence \u00e0 <a href=\"https:\/\/maps.app.goo.gl\/bkqEhAxsobcjz9wG9\" target=\"_blank\" rel=\"noopener\">Puerto Col\u00f3n<\/a>L'un des ports les plus populaires du sud de T\u00e9n\u00e9rife. Il est facile d'acc\u00e8s et entour\u00e9 de superbes plages.<\/li>\n<li><strong>Briefing rapide :<\/strong> Avant le d\u00e9part, l'\u00e9quipage exp\u00e9riment\u00e9 vous donnera des consignes de s\u00e9curit\u00e9 afin de s'assurer que tout est pr\u00eat pour une exp\u00e9rience s\u00fbre et amusante.<\/li>\n<\/ul>\n<h3><strong>\u2728 Pourquoi choisir la balade en OVNI \u00e0 Tenerife ?<\/strong><\/h3>\n<ul>\n<li><strong>Adr\u00e9naline intense :<\/strong> Il ne s'agit pas d'un simple man\u00e8ge gonflable. Le Crazy UFO tourne, glisse et saute au-dessus des vagues d'une mani\u00e8re qui vous fera rire et hurler \u00e0 la fois.<\/li>\n<li><strong>Parfait pour tout le monde :<\/strong> Pas besoin d'\u00eatre un pro. Qu'il s'agisse de votre premi\u00e8re activit\u00e9 aquatique ou de votre dixi\u00e8me, cette balade est s\u00fbre et amusante pour tous les niveaux de comp\u00e9tence, des d\u00e9butants aux amateurs de sensations fortes.<\/li>\n<li><strong>Une vue imprenable :<\/strong> Pendant que vous traversez l'oc\u00e9an, prenez le temps d'admirer le magnifique littoral de Playa de las Am\u00e9ricas et les eaux scintillantes de l'Atlantique.<\/li>\n<\/ul>\n<h3><strong>\ud83d\udcb6 Un bon rapport qualit\u00e9-prix pour une balade courte mais intense<\/strong><\/h3>\n<ul>\n<li><strong>Dur\u00e9e de l'enqu\u00eate :<\/strong> Un tour complet de 15 minutes rempli d'action.<\/li>\n<li><strong>Prix abordable :<\/strong> Une option amusante et abordable pour ceux qui veulent s'essayer \u00e0 l'excitation. <strong>Activit\u00e9s nautiques \u00e0 Tenerife<\/strong> sans d\u00e9penser une fortune.<\/li>\n<li><strong>Photos disponibles :<\/strong> N'oubliez pas de jeter un coup d'\u0153il aux photos de votre v\u00e9hicule disponibles \u00e0 l'achat - vous voudrez une preuve de ces visages sauvages !<\/li>\n<\/ul>\n<h3><strong>\u2696\ufe0f R\u00e9servation et annulation flexibles<\/strong><\/h3>\n<ul>\n<li><strong>Facile \u00e0 r\u00e9server :<\/strong> Chez CanaryVIP, nous faisons en sorte que la r\u00e9servation de votre tour d'OVNI en folie soit simple et rapide. Il vous suffit de choisir votre date et de r\u00e9server votre place.<\/li>\n<li><strong>Annulation gratuite :<\/strong> Changement de programme ? Pas de probl\u00e8me. Vous pouvez annuler votre r\u00e9servation jusqu'\u00e0 24 heures avant l'activit\u00e9 et \u00eatre int\u00e9gralement rembours\u00e9. Pas de stress, pas de soucis.<\/li>\n<\/ul>\n<h3><strong>\u2705 Que comprend l'excursion \u00e0 bord du Crazy UFO Tenerife ?<\/strong><\/h3>\n<ul>\n<li>Gilets de sauvetage et \u00e9quipement de s\u00e9curit\u00e9 pour tous les participants.<\/li>\n<li>15 minutes d'action \u00e0 grande vitesse sur la structure gonflable Crazy UFO.<\/li>\n<li>Un personnel professionnel et amical pour garantir un moment s\u00fbr et amusant.<\/li>\n<li>Photos facultatives de votre trajet pour garder des souvenirs vivants.<\/li>\n<\/ul>\n<h3><strong>\ud83c\udfaf Pourquoi r\u00e9server avec CanaryVIP ?<\/strong><\/h3>\n<ul>\n<li>Nous travaillons avec les entreprises de sports nautiques les mieux cot\u00e9es de T\u00e9n\u00e9rife afin de vous offrir les meilleures exp\u00e9riences et les plus s\u00fbres.<\/li>\n<li>Nous sommes bas\u00e9s \u00e0 Tenerife et nous sommes \u00e0 votre disposition pour vous donner des conseils sur place, avant et apr\u00e8s votre r\u00e9servation.<\/li>\n<li>Vous pouvez combiner cela avec d'autres <strong>Activit\u00e9s nautiques \u00e0 Tenerife<\/strong> comme <a href=\"https:\/\/canaryvip.com\/fr\/shop\/jetski-tenerife\/\">balades en jet ski<\/a>, <a href=\"https:\/\/canaryvip.com\/fr\/shop\/parasailing-tenerife\/\">parachute ascensionnel<\/a> ou <a href=\"https:\/\/canaryvip.com\/fr\/tenerife\/boat-excursions\/\">excursions en bateau<\/a>-Tous dans la m\u00eame r\u00e9gion !<\/li>\n<\/ul>\n<h3><strong>\ud83c\udf92 Ce qu'il faut apporter<\/strong><\/h3>\n<ul>\n<li><strong>Maillots de bain :<\/strong> Tu vas te mouiller ! Venez habill\u00e9s pour l'eau et pr\u00eats \u00e0 vous amuser.<\/li>\n<li><strong>Protection solaire :<\/strong> Apportez de la cr\u00e8me solaire, surtout les jours ensoleill\u00e9s.<\/li>\n<li><strong>Laissez vos objets de valeur derri\u00e8re vous :<\/strong> Le port dispose de zones de stockage s\u00e9curis\u00e9es o\u00f9 vous pouvez laisser vos affaires pendant le trajet.<\/li>\n<\/ul>\n<h3>\u2753 <strong>Questions fr\u00e9quemment pos\u00e9es<\/strong><\/h3>\n<ul>\n<li><strong>L'ovni fou est-il en s\u00e9curit\u00e9 ?<\/strong> Absolument. La s\u00e9curit\u00e9 est une priorit\u00e9 absolue. L'excursion est supervis\u00e9e par des professionnels qualifi\u00e9s et tous les participants portent des gilets de sauvetage.<\/li>\n<li><strong>Dois-je savoir nager ?<\/strong> Aucune exp\u00e9rience de la natation n'est requise. Vous porterez un gilet de sauvetage en permanence.<\/li>\n<li><strong>Quel est l'\u00e2ge minimum ?<\/strong> Les enfants \u00e2g\u00e9s de 10 ans et plus peuvent g\u00e9n\u00e9ralement monter \u00e0 bord, mais il est toujours pr\u00e9f\u00e9rable de nous demander avant de r\u00e9server si vous n'\u00eates pas s\u00fbr.<\/li>\n<\/ul>\n<h4><strong>Pr\u00e9parez-vous \u00e0 crier, \u00e0 rire et \u00e0 \u00e9clabousser !<\/strong><\/h4>\n<p>Ne manquez pas l'un des \u00e9v\u00e9nements les plus amusants <strong>Sports nautiques \u00e0 Tenerife<\/strong>. R\u00e9servez votre <strong>Ovni fou \u00e0 T\u00e9n\u00e9rife<\/strong> Montez aujourd'hui avec CanaryVIP et vivez l'\u00e9motion de voler au-dessus des vagues dans l'une des activit\u00e9s nautiques les plus excitantes que l'\u00eele ait \u00e0 offrir.<\/p>","protected":false},"excerpt":{"rendered":"<p>\ud83d\udd0d<strong> Crazy UFO &amp; Twister Tenerife :<br \/>\n<\/strong>\u2705 Paiement s\u00e9curis\u00e9.<br \/>\n\ud83d\udc65 Jusqu'\u00e0 8 personnes par trajet.<br \/>\n\ud83d\ude80 Les trajets durent 15 minutes.<br \/>\n\ud83c\udfde\ufe0f Routes \u00e0 grande vitesse.<br \/>\n\ud83d\udd59 Tout au long de la journ\u00e9e.<br \/>\n\ud83d\udcc5 Disponible tous les jours.<br \/>\n\ud83e\udd11 Meilleur prix garanti.<br \/>\n\ud83d\udc6a R\u00e9ductions pour les groupes.<br \/>\n\ud83d\udd01 24h Politique d'annulation.<br \/>\n\ud83c\udf0d Prise en charge multilingue.<br \/>\n\ud83c\udf1f R\u00e9servez \u00e0 l'avance pour \u00e9conomiser.<br \/>\n\ud83d\udccd D\u00e9part de <a href=\"https:\/\/maps.app.goo.gl\/bkqEhAxsobcjz9wG9\">Puerto Col\u00f3n<\/a>.<\/p>","protected":false},"featured_media":15388,"comment_status":"open","ping_status":"closed","template":"","meta":{"_acf_changed":false},"product_brand":[],"product_cat":[53],"product_tag":[],"class_list":{"0":"post-15386","1":"product","2":"type-product","3":"status-publish","4":"has-post-thumbnail","6":"product_cat-water-sports","7":"wcpa_has_options","9":"first","10":"instock","11":"virtual","12":"purchasable","13":"product-type-simple"},"acf":[],"wcpa_form_fields":{"wcpaData":{"product":{"product_price":18,"price_html":"From&nbsp;<span class=\"woocommerce-Price-amount amount\"><bdi>18,00&nbsp;<span class=\"woocommerce-Price-currencySymbol\">&euro;<\/span><\/bdi><\/span>","original_product_price":18,"price_including_tax":18,"price_excluding_tax":18,"product_id":{"parent":15386,"variation":false},"is_variable":false,"stock_status":"instock","stock_quantity":null,"parent_sku":"CV15386","product_attributes":[],"custom_fields":[],"is_taxable":false,"product_name":"Crazy UFO & Twister Tenerife","hasImage":false},"fields":{"sec_16894ab7dd6246":{"extra":{"key":"sec_16894ab7dd6246","section_id":"sec_16894ab7dd6246","name":"Default","status":1,"cl_rule":"show","enableCl":false,"relations":[],"toggle":true,"title_tag":"h3","show_title":false,"showPrice":"default","form_id":15391,"form_rules":{"exclude_from_discount":true,"fee_label":"Fee","disp_hide_options_price":true,"disp_show_section_price":false,"disp_show_field_price":true,"layout_option":"standard","pric_use_as_fee":false,"process_fee_as":"woo_fee"},"layout_option":"standard"},"fields":[[{"label":"\ud83d\udcc5 Date","active":true,"required":true,"elementId":"date_26894ab7dd6265","picker_type":"custom","picker_mode":"single","placeholder":"","description":"","tooltip":"","name":"date_26894ab7dd6265","label_position":"default","desc_position":"default","enablePrice":false,"className":"","enableCl":false,"relations":[{"operator":"and","rules":[{"operator":"AND","rules":{"cl_field":"radio-group_5661bc90f5e8f5","cl_relation":"is_not_empty","cl_val":"3 Hour Trip"}}]}],"date_pic_inline":true,"date_pic_inline_hide":true,"min_date":{"type":"days","val":"1"},"max_date":{"type":"days","val":"365"},"date_pic_conf":{"disabledWeeks":[]},"price":"","cl_rule":"show","col":6,"type":"date","error":false,"enableDesign":false,"LabelColor":"","isWeightTemplate":false,"isTemplate":false,"min_quantity":"1","quantity_decimal":false,"quantity_step":"1","quantity_label":"Quantity","repeater_field_label":"{field_label}","repeater_bind":"","gt_translate_keys":["label","placeholder","description","tooltip","repeater_field_label","quantity_label"],"price_dependency":false,"cl_dependency":false,"value":""}],[{"active":true,"col":6,"relations":false,"cl_rule":"show","enableCl":false,"price":"","enablePrice":false,"className":"","label_position":"default","desc_position":"default","type":"select","required":true,"elementId":"select_66894ab7dd6273","label":"\u23f0 Departure Time","name":"select_66894ab7dd6273","values":[{"label":"Whichever Time is Best","value":"Whichever Time is Best","selected":false,"tempId":"aco_312","gt_translate_keys":["label"]},{"label":"10:00","value":"10:00","selected":false,"tempId":"aco_313","gt_translate_keys":["label"]},{"label":"11:00","value":"11:00","selected":false,"tempId":"aco_314","gt_translate_keys":["label"]},{"label":"12:00","value":"12:00","selected":false,"tempId":"aco_711","gt_translate_keys":["label"]},{"label":"13:00","value":"13:00","selected":false,"tempId":"aco_721","gt_translate_keys":["label"]},{"label":"14:00","value":"14:00","selected":false,"tempId":"aco_983","gt_translate_keys":["label"]},{"label":"15:00","value":"15:00","selected":false,"tempId":"aco_993","gt_translate_keys":["label"]},{"label":"16:00","value":"16:00","selected":false,"tempId":"aco_1183","gt_translate_keys":["label"]}],"dropdown_type":"basic","error":false,"multiple":false,"placeholder":"None","isWeightTemplate":false,"isTemplate":false,"min_quantity":"1","quantity_decimal":false,"quantity_step":"1","quantity_label":"Quantity","repeater_field_label":"{field_label}","repeater_bind":"","gt_translate_keys":["label","placeholder","repeater_field_label","quantity_label"],"price_dependency":false,"cl_dependency":false,"value":""}],[{"active":true,"col":6,"relations":[{"operator":false,"rules":[{"operator":"AND","rules":{"cl_field":"","cl_relation":"","cl_val":""}}]}],"cl_rule":"show","enableCl":true,"price":"18","enablePrice":true,"className":"","label_position":"default","desc_position":"default","type":"radio-group","required":false,"elementId":"radio-group_76894ab7dd6281","label":"","name":"radio-group_76894ab7dd6281","values":[{"label":"\ud83d\udc64 People (18\u20ac)","value":"People","selected":true,"tempId":"aco_32","tooltip":"","description":"","gt_translate_keys":["label","tooltip","description"]}],"layOut":"","error":false,"checkUi":"button","priceOptions":"fixed_for_all","pricingType":"fixed","enable_quantity":true,"quantity_label":"","min_quantity":"0","options_tooltip":true,"options_description":true,"is_show_price":true,"isWeightTemplate":false,"isTemplate":false,"quantity_decimal":false,"quantity_step":"1","repeater_field_label":"{field_label}","repeater_bind":"","gt_translate_keys":["label","repeater_field_label","quantity_label"],"price_dependency":false,"cl_dependency":false,"value":""}],[{"active":true,"col":6,"relations":false,"cl_rule":"show","enableCl":false,"price":"","enablePrice":false,"className":"","label_position":"default","desc_position":"default","type":"separator","required":false,"elementId":"separator_16894ab7dd628d","label":"Separator Field","height":"6","separatorType":"fill","error":false,"separatorColor":"#66a5b6","gt_translate_keys":["label"],"price_dependency":false,"cl_dependency":false,"value":""}],[{"active":true,"col":6,"relations":false,"cl_rule":"show","enableCl":false,"price":"{field.radio-group_76894ab7dd6281.quantity}*6","enablePrice":true,"className":"","label_position":"default","desc_position":"default","type":"content","required":false,"elementId":"content_66894ab7dd6297","label":"Deposit Now","name":"content_66894ab7dd6297","contentType":"plain","value":"","error":false,"subtype":"div","inline":true,"show_in_checkout":true,"pricingType":"custom","isTemplate":false,"gt_translate_keys":["label","value"],"price_dependency":false,"cl_dependency":false}],[{"contentType":"plain","active":true,"label":"Payment at Arrival","elementId":"content_96894ab7dd62a1","value":"","inline":true,"show_in_checkout":true,"name":"content_96894ab7dd62a1","enablePrice":true,"className":"","subtype":"div","enableCl":false,"relations":false,"pricingType":"custom","isTemplate":false,"price":"{field.radio-group_76894ab7dd6281.quantity}*12","is_show_price":true,"cl_rule":"show","col":6,"type":"content","error":false,"gt_translate_keys":["label","value"],"price_dependency":false,"cl_dependency":false}],[{"contentType":"plain","active":true,"label":"Total Price","elementId":"content_76894ab7dd62ab","value":"","inline":true,"show_in_checkout":true,"name":"content_76894ab7dd62ab","enablePrice":true,"className":"","subtype":"div","enableCl":false,"relations":false,"pricingType":"custom","isTemplate":false,"price":"{field.radio-group_76894ab7dd6281.quantity}*18","is_show_price":true,"cl_rule":"show","col":6,"type":"content","error":false,"gt_translate_keys":["label","value"],"price_dependency":false,"cl_dependency":false}]]}},"config":{"price_override":"always","enable_recaptcha":false,"bind_quantity":false,"quantity_bind_formula":false,"disp_summ_show_option_price":true,"disp_summ_show_product_price":false,"disp_summ_show_total_price":true,"disp_summ_show_fee":true,"disp_summ_show_discount":true,"summary_title":"","options_total_label":"Options Price","total_label":"Total Amount","options_product_label":"Product Price","fee_label":"Fee","discount_label":"Discount","has_price":true,"has_quantity_formula":false},"mc_unit":1,"tax_rate":1,"tax_rate_real":1,"discount":{"percentage":0,"fixed":0},"design":{"conf":{"LabelPosition":"above","DescPosition":"above","UploadField":"custom_1","QuantityFieldStyle":"custom_1"},"css":{"LeftLabelWidth":"120px"}},"formulas":[],"lookuptables":[],"clones":false,"cartKey":false}},"_links":{"self":[{"href":"https:\/\/canaryvip.com\/fr\/wp-json\/wp\/v2\/product\/15386","targetHints":{"allow":["GET"]}}],"collection":[{"href":"https:\/\/canaryvip.com\/fr\/wp-json\/wp\/v2\/product"}],"about":[{"href":"https:\/\/canaryvip.com\/fr\/wp-json\/wp\/v2\/types\/product"}],"replies":[{"embeddable":true,"href":"https:\/\/canaryvip.com\/fr\/wp-json\/wp\/v2\/comments?post=15386"}],"wp:featuredmedia":[{"embeddable":true,"href":"https:\/\/canaryvip.com\/fr\/wp-json\/wp\/v2\/media\/15388"}],"wp:attachment":[{"href":"https:\/\/canaryvip.com\/fr\/wp-json\/wp\/v2\/media?parent=15386"}],"wp:term":[{"taxonomy":"product_brand","embeddable":true,"href":"https:\/\/canaryvip.com\/fr\/wp-json\/wp\/v2\/product_brand?post=15386"},{"taxonomy":"product_cat","embeddable":true,"href":"https:\/\/canaryvip.com\/fr\/wp-json\/wp\/v2\/product_cat?post=15386"},{"taxonomy":"product_tag","embeddable":true,"href":"https:\/\/canaryvip.com\/fr\/wp-json\/wp\/v2\/product_tag?post=15386"}],"curies":[{"name":"wp","href":"https:\/\/api.w.org\/{rel}","templated":true}]}}