{"id":15373,"date":"2025-08-07T12:36:55","date_gmt":"2025-08-07T11:36:55","guid":{"rendered":"https:\/\/canaryvip.com\/?post_type=product&#038;p=15373"},"modified":"2025-10-23T10:52:49","modified_gmt":"2025-10-23T09:52:49","slug":"bellini-luxury-yacht-tenerife","status":"publish","type":"product","link":"https:\/\/canaryvip.com\/fr\/shop\/bellini-luxury-yacht-tenerife\/","title":{"rendered":"Bellini Luxury Yacht Tenerife"},"content":{"rendered":"<h2><strong>\ud83d\udee5\ufe0f Bellini Location d'un yacht de luxe \u00e0 Tenerife<\/strong><\/h2>\n<p class=\"translation-block\">Vivez l'une des aventures de location de bateau les plus exclusives de l'\u00eele avec le <strong>Bellini Luxury Yacht Tenerife<\/strong>. Au d\u00e9part de la pittoresque marina de <a href=\"https:\/\/maps.app.goo.gl\/Xq4LkTRqPjHQzRBE8\" target=\"_blank\" rel=\"noopener\">Puerto de Los Gigantes<\/a>, cette location priv\u00e9e offre un acc\u00e8s direct \u00e0 certains des paysages les plus \u00e9poustouflants de Tenerife, notamment les falaises imposantes de Los Gigantes et le littoral immacul\u00e9 de Masca.<\/p>\n<p class=\"translation-block\">Que vous c\u00e9l\u00e9briez une occasion sp\u00e9ciale ou que vous cherchiez simplement \u00e0 <strong>louer un yacht \u00e0 Tenerife<\/strong> pour une escapade de luxe, Bellini est le choix id\u00e9al pour l'\u00e9l\u00e9gance, le confort et des vues inoubliables.<\/p>\n<h3>\u2b50\ufe0f <strong>Pourquoi Bellini est l'un des meilleurs yachts de luxe \u00e0 Tenerife<\/strong><\/h3>\n<p><span style=\"text-decoration: underline;\"><strong>Ce qui distingue Bellini :<\/strong><\/span><\/p>\n<p><strong>Bienvenue en exclusivit\u00e9 :<\/strong> Chaque charter commence par un accueil chaleureux avec une s\u00e9lection de fruits tropicaux fra\u00eechement servis et du jambon ib\u00e9rique 5J de premi\u00e8re qualit\u00e9, donnant ainsi le ton d'une exp\u00e9rience de navigation haut de gamme.<\/p>\n<p><strong>Open Bar :<\/strong> Boissons \u00e0 volont\u00e9 : vin, bi\u00e8re, eau, jus de fruits, boissons non alcoolis\u00e9es et cava.<\/p>\n<p><strong>Acc\u00e8s priv\u00e9 aux plages cach\u00e9es :<\/strong> Gr\u00e2ce \u00e0 son service de canots pneumatiques, le Bellini permet aux clients d'acc\u00e9der \u00e0 des criques et des plages cach\u00e9es pour une escale vraiment exclusive le long de la c\u00f4te.<\/p>\n<h4>\ud83c\udf0a <strong>Activit\u00e9s incluses \u00e0 bord<\/strong><\/h4>\n<p class=\"translation-block\">Ce <strong>yacht de luxe \u00e0 Tenerife<\/strong> ne se contente pas de naviguer, il permet de cr\u00e9er des souvenirs :<\/p>\n<ul>\n<li><strong>\ud83c\udfc4 Paddle Surf :<\/strong> Amusez-vous sur l'eau avec les planches de stand-up paddle, faciles pour les d\u00e9butants et relaxantes pour tout le monde.<\/li>\n<li><strong>\ud83e\udd3f Mat\u00e9riel de plong\u00e9e avec tuba :<\/strong> Plongez et d\u00e9couvrez le monde sous-marin de Tenerife, rempli de vie marine et d'eaux bleues transparentes.<\/li>\n<li><strong>\ud83d\udcf8 GoPro et Polaroid :<\/strong> Utilisez nos cam\u00e9ras embarqu\u00e9es pour immortaliser tous les moments forts de votre exp\u00e9rience, aussi bien au-dessus qu'au-dessous de l'eau.<\/li>\n<\/ul>\n<h4>\ud83c\udf7d\ufe0f <strong>Paella gourmande de la 5e heure<\/strong><\/h4>\n<p>Pour les charters d'une dur\u00e9e de cinq heures ou plus, une paella fra\u00eechement pr\u00e9par\u00e9e est incluse. Choisissez entre viande, poulet, v\u00e9g\u00e9tarien ou fruits de mer, pr\u00e9par\u00e9s selon vos go\u00fbts et servis frais \u00e0 bord.<\/p>\n<h3>\ud83d\udc8e <strong>Des extras en option pour personnaliser votre exp\u00e9rience<\/strong><\/h3>\n<p class=\"translation-block\">Faites passer votre <strong>location de bateau \u00e0 Tenerife<\/strong> \u00e0 un niveau sup\u00e9rieur gr\u00e2ce \u00e0 ces extras exclusifs (disponibles sur demande et sous r\u00e9serve de disponibilit\u00e9) :<\/p>\n<ul>\n<li><strong>Chef priv\u00e9 :<\/strong> Un chef professionnel cuisine en direct \u00e0 bord, adaptant le menu \u00e0 vos pr\u00e9f\u00e9rences.<\/li>\n<li><strong>Chef japonais Exp\u00e9rience :<\/strong> Savourez des sushis et d'autres plats japonais fra\u00eechement pr\u00e9par\u00e9s avec des ingr\u00e9dients de premi\u00e8re qualit\u00e9 et une technique experte.<\/li>\n<li><strong>Chef \u00e9toil\u00e9 :<\/strong> D\u00e9gustez la haute cuisine d'un chef associ\u00e9 au Guide Michelin, servie directement \u00e0 bord.<\/li>\n<li><strong>D\u00e9gustation de champagne et de caviar :<\/strong> Champagne de premi\u00e8re qualit\u00e9 parfaitement associ\u00e9 \u00e0 une s\u00e9lection de caviar haut de gamme.<\/li>\n<li><strong>Accord mets-vins et conserves gourmandes :<\/strong> D\u00e9gustation de vins \u00e9l\u00e9gants accompagn\u00e9s de conserves de premier choix comme les moules, les coques ou la ventr\u00e8che de thon.<\/li>\n<li><strong>Location de jet ski :<\/strong> Disponible lors du mouillage pr\u00e8s de La Caleta, Masca ou Arme\u00f1ime.<\/li>\n<li><strong>Exp\u00e9rience Flyboard :<\/strong> Volez au-dessus de l'oc\u00e9an en toute s\u00e9curit\u00e9 et sous surveillance.<\/li>\n<li><strong>Jouets d'eau gonflables :<\/strong> Amusement en groupe avec des bateaux bananes et autres, remorqu\u00e9s par le bateau support.<\/li>\n<li><strong>Plong\u00e9e :<\/strong> Plong\u00e9e d\u00e9couverte avec un instructeur (aucune exp\u00e9rience requise) ou plong\u00e9e certifi\u00e9e avec un guide local.<\/li>\n<li><strong>P\u00eache sportive :<\/strong> Tout l'\u00e9quipement n\u00e9cessaire est fourni pour la p\u00eache en haute mer avec une assistance \u00e0 bord.<\/li>\n<\/ul>\n<h3>\ud83d\udea4 <strong>Choisissez la dur\u00e9e qui vous convient le mieux<\/strong><\/h3>\n<p>Bellini propose de multiples options pour que vous puissiez concevoir le produit id\u00e9al. <strong>location de bateaux \u00e0 Tenerife<\/strong>:<\/p>\n<ul>\n<li><strong>Charte de 3 heures :<\/strong> Une petite escapade de luxe avec des vues spectaculaires, des boissons et des snacks \u00e0 bord.<\/li>\n<li><strong>Charte de 5 heures :<\/strong> Comprend tous les \u00e9l\u00e9ments essentiels, plus la paella et du temps suppl\u00e9mentaire pour profiter de l'eau et de la c\u00f4te.<\/li>\n<li><strong>Charte de 8 heures :<\/strong> Une journ\u00e9e compl\u00e8te en mer pour explorer Los Gigantes, Masca et plus encore ! Id\u00e9al pour ceux qui veulent vivre l'exp\u00e9rience Bellini dans son int\u00e9gralit\u00e9.<\/li>\n<\/ul>\n<h3>\u2705 <strong>Ce qui est inclus dans l'affr\u00e8tement<\/strong><\/h3>\n<ul>\n<li>Plateau de fruits frais de bienvenue<\/li>\n<li>Jambon ib\u00e9rique 5J et charcuterie de premi\u00e8re qualit\u00e9<\/li>\n<li>Open bar : cava, vin, bi\u00e8re, eau, jus de fruits et boissons non alcoolis\u00e9es<\/li>\n<li>Toast de bienvenue avec Chandon Spritz.<\/li>\n<li>Paddle surf, snorkel, utilisation de GoPro et Polaroid<\/li>\n<li>Paella gourmande (incluse \u00e0 partir de la 5\u00e8me heure)<\/li>\n<li>Acc\u00e8s \u00e0 la plage en canot pneumatique<\/li>\n<li>Bains de soleil et zones ombrag\u00e9es \u00e0 bord<\/li>\n<li>\u00c9quipage exp\u00e9riment\u00e9 et multilingue<\/li>\n<\/ul>\n<h3>\ud83d\udccd <strong>D\u00e9part de Puerto de Los Gigantes<\/strong><\/h3>\n<p class=\"translation-block\">Bellini part de la c\u00f4te ouest de T\u00e9n\u00e9riffe, plus pr\u00e9cis\u00e9ment de <a href=\"https:\/\/maps.app.goo.gl\/Xq4LkTRqPjHQzRBE8\" target=\"_blank\" rel=\"noopener\">Puerto de Los Gigantes<\/a>. Cet emplacement offre un acc\u00e8s privil\u00e9gi\u00e9 aux majestueuses falaises de Los Gigantes et \u00e0 l'\u00e9poustouflant littoral de Masca, qui comptent parmi les endroits les plus embl\u00e9matiques et les plus recul\u00e9s de l'\u00eele. Le port est facilement accessible en voiture, et nous recommandons d'arriver 15 minutes avant le d\u00e9part.<\/p>\n<h4>\ud83d\udcdc <strong>R\u00e9servation simple et politique d'annulation flexible<\/strong><\/h4>\n<p>Chez CanaryVIP, nous voulons que votre exp\u00e9rience soit agr\u00e9able d\u00e8s le d\u00e9part. Nos conditions d'annulation sont claires et \u00e9quitables :<\/p>\n<ul>\n<li><strong>Garantie m\u00e9t\u00e9orologique :<\/strong> Si les conditions de mer ne sont pas s\u00fbres, vous pouvez reporter votre voyage ou demander un remboursement int\u00e9gral.<\/li>\n<li><strong>Annulations gratuites :<\/strong> Vous pouvez annuler ou reporter votre voyage sans frais jusqu'\u00e0 4 jours avant votre d\u00e9part. Les arrhes ne sont pas remboursables en cas d'annulation \u00e0 moins de 4 jours du d\u00e9part.<\/li>\n<\/ul>\n<h3>\ud83d\udd52 <strong>Options de nuit et de plusieurs jours disponibles<\/strong><\/h3>\n<p>Bellini n'est pas r\u00e9serv\u00e9 aux charters d'un jour - rendez votre escapade encore plus sp\u00e9ciale :<\/p>\n<ul>\n<li>Passez la nuit \u00e0 bord et r\u00e9veillez-vous au son de l'oc\u00e9an.<\/li>\n<li>Cr\u00e9ez votre itin\u00e9raire personnalis\u00e9 pour des escapades romantiques, des c\u00e9l\u00e9brations ou des aventures de navigation de plusieurs jours.<\/li>\n<\/ul>\n<h3>\ud83d\udc68\u200d\u2708\ufe0f <strong>Avant l'embarquement - Conseils rapides<\/strong><\/h3>\n<p>Pour profiter au mieux de votre voyage :<\/p>\n<ul>\n<li>Pr\u00e9parez votre confirmation CanaryVIP (imprim\u00e9e ou num\u00e9rique).<\/li>\n<li>Apportez un maillot de bain, une serviette et de la cr\u00e8me solaire.<\/li>\n<li>Mangez quelque chose de l\u00e9ger et \u00e9vitez l'alcool au pr\u00e9alable pour pr\u00e9venir le mal de mer.<\/li>\n<li>Choisissez votre endroit pr\u00e9f\u00e9r\u00e9 - soleil ou ombre - et pr\u00e9parez-vous \u00e0 vous d\u00e9tendre.<\/li>\n<\/ul>\n<h3>\ud83d\udcac <strong>R\u00e9servez maintenant avec CanaryVIP<\/strong><\/h3>\n<p>Chez CanaryVIP, nous mettons en relation les voyageurs avec les exp\u00e9riences les mieux not\u00e9es \u00e0 Tenerife. Si vous cherchez \u00e0 <strong>louer un yacht de luxe \u00e0 Tenerife<\/strong> et d\u00e9couvrir Los Gigantes ou Masca dans un style authentique, Bellini est l'une des meilleures options disponibles.<br \/>\n\ud83d\udc49 <a href=\"https:\/\/canaryvip.com\/fr\/tenerife\/boat-hire-tenerife\/\">V\u00e9rifiez les disponibilit\u00e9s et r\u00e9servez votre location de bateau d\u00e8s maintenant<\/a> - votre aventure de luxe n'est qu'\u00e0 quelques clics.<\/p>","protected":false},"excerpt":{"rendered":"<p><strong>\ud83d\udd0d Bellini Yacht Charter :<\/strong><br \/>\n\u2705 Paiement s\u00e9curis\u00e9.<br \/>\n\ud83d\udee5\ufe0f 14m Yacht Comfort.<br \/>\n\u23f3 Visites quotidiennes de 3 \u00e0 8 heures.<br \/>\n\ud83d\udd59 Heures de d\u00e9part personnalisables.<br \/>\n\ud83c\udf74 Repas et boissons inclus.<br \/>\n\ud83d\udc65 Jusqu'\u00e0 10 personnes.<br \/>\n\ud83c\udfc4\u200d\u2640\ufe0f Planches \u00e0 pagaie incluses.<br \/>\n\ud83e\udd3f L'\u00e9quipement de plong\u00e9e avec tuba est fourni.<br \/>\n\ud83e\udd11 Meilleur prix garanti.<br \/>\n\ud83d\udc6a R\u00e9ductions activ\u00e9es.<br \/>\n\ud83d\udd01 Annulation jusqu'\u00e0 4 jours.<br \/>\n\ud83c\udf0d \u00c9quipage multilingue.<br \/>\n\ud83c\udf1f R\u00e9servez t\u00f4t et \u00e9conomisez !<br \/>\n\ud83d\udccd D\u00e9part de <a href=\"https:\/\/maps.app.goo.gl\/Xq4LkTRqPjHQzRBE8\">Les g\u00e9ants<\/a>.<\/p>","protected":false},"featured_media":15376,"comment_status":"open","ping_status":"closed","template":"","meta":{"_acf_changed":false},"product_brand":[],"product_cat":[47],"product_tag":[],"class_list":{"0":"post-15373","1":"product","2":"type-product","3":"status-publish","4":"has-post-thumbnail","6":"product_cat-boat-hire-tenerife","7":"wcpa_has_options","9":"first","10":"instock","11":"virtual","12":"purchasable","13":"product-type-simple"},"acf":[],"wcpa_form_fields":{"wcpaData":{"product":{"product_price":1060,"price_html":"From&nbsp;<span class=\"woocommerce-Price-amount amount\"><bdi>1.060,00&nbsp;<span class=\"woocommerce-Price-currencySymbol\">&euro;<\/span><\/bdi><\/span>","original_product_price":1060,"price_including_tax":1060,"price_excluding_tax":1060,"product_id":{"parent":15373,"variation":false},"is_variable":false,"stock_status":"instock","stock_quantity":null,"parent_sku":"CV15373","product_attributes":[],"custom_fields":[],"is_taxable":false,"product_name":"Bellini Luxury Yacht Tenerife","hasImage":false},"fields":{"sec_968949ba2884ff":{"extra":{"key":"sec_968949ba2884ff","section_id":"sec_968949ba2884ff","name":"Default","status":1,"cl_rule":"show","enableCl":false,"relations":[],"toggle":true,"title_tag":"h3","show_title":false,"showPrice":"default","form_id":15383,"form_rules":{"exclude_from_discount":true,"fee_label":"Fee","disp_hide_options_price":true,"disp_show_section_price":false,"disp_show_field_price":true,"layout_option":"standard","pric_use_as_fee":false,"process_fee_as":"woo_fee"},"layout_option":"standard"},"fields":[[{"label":"\ud83d\udcc5 Date","active":true,"required":true,"elementId":"date_868949ba288522","picker_type":"custom","picker_mode":"single","placeholder":"","description":"","tooltip":"","name":"date_868949ba288522","label_position":"default","desc_position":"default","enablePrice":false,"className":"","enableCl":false,"relations":[{"operator":"and","rules":[{"operator":"AND","rules":{"cl_field":"radio-group_565c78ffa81208","cl_relation":"is","cl_val":"3 Hour Trip"}}]}],"date_pic_inline":true,"date_pic_inline_hide":true,"min_date":{"type":"days","val":"1"},"max_date":{"type":"days","val":"365"},"date_pic_conf":{"disabledWeeks":[],"disabledDates":["2025-04-18 to 2025-04-24"]},"price":"","cl_rule":"show","col":6,"type":"date","error":false,"enableDesign":false,"LabelColor":"","isWeightTemplate":false,"isTemplate":false,"min_quantity":"1","quantity_decimal":false,"quantity_step":"1","quantity_label":"Quantity","repeater_field_label":"{field_label}","repeater_bind":"","gt_translate_keys":["label","placeholder","description","tooltip","repeater_field_label","quantity_label"],"price_dependency":false,"cl_dependency":false,"value":""}],[{"elementId":"separator_268949ba28853d","separatorType":"blank","className":"","height":"3","enableCl":false,"relations":false,"cl_rule":"show","col":6,"type":"separator","error":false,"gt_translate_keys":[],"price_dependency":false,"cl_dependency":false,"value":""}],[{"active":true,"col":6,"relations":[{"operator":false,"rules":[{"operator":"AND","rules":{"cl_field":"radio-group_565c78ffa81208","cl_relation":"is","cl_val":"3 Hour Trip"}}]}],"cl_rule":"show","enableCl":false,"price":"","enablePrice":false,"className":"","label_position":"default","desc_position":"default","type":"select","required":false,"elementId":"select_468949ba288577","label":"\u23f0 Departure Time","name":"select_468949ba288577","values":[{"label":"09:00","value":"09:00","selected":false,"tempId":"aco_1471","gt_translate_keys":["label"]},{"label":"10:00","value":"10:00","selected":false,"tempId":"aco_1472","gt_translate_keys":["label"]},{"label":"11:00","value":"11:00","selected":false,"tempId":"aco_1500","gt_translate_keys":["label"]},{"label":"12:00","value":"12:00","selected":false,"tempId":"aco_1510","gt_translate_keys":["label"]},{"label":"13:00 (1:00 PM)","value":"13:00","selected":false,"tempId":"aco_1520","gt_translate_keys":["label"]},{"label":"14:00 (2:00 PM)","value":"14:00","selected":false,"tempId":"aco_1728","gt_translate_keys":["label"]},{"label":"15:00 (3:00 PM)","value":"15:00","selected":false,"tempId":"aco_1738","gt_translate_keys":["label"]}],"dropdown_type":"basic","error":false,"placeholder":"Whichever Time is Best","isWeightTemplate":false,"isTemplate":false,"min_quantity":"1","quantity_decimal":false,"quantity_step":"1","quantity_label":"Quantity","repeater_field_label":"{field_label}","repeater_bind":"","gt_translate_keys":["label","placeholder","repeater_field_label","quantity_label"],"price_dependency":false,"cl_dependency":false,"value":""}],[{"active":true,"col":6,"relations":false,"cl_rule":"show","enableCl":false,"price":"","enablePrice":true,"className":"","label_position":"default","desc_position":"default","type":"select","required":true,"elementId":"select_1068949ba288548","label":"\u23f3 Trip Duration","name":"select_1068949ba288548","values":[{"label":"3 Hours (1.060\u20ac)","value":"3h","selected":false,"tempId":"aco_556","price":"1060","gt_translate_keys":["label"]},{"label":"4 Hours (1.275\u20ac)","value":"4H","selected":false,"tempId":"aco_181","price":"1275","gt_translate_keys":["label"]},{"label":"5 Hours (1.490\u20ac)","value":"5h","selected":false,"tempId":"aco_281","price":"1490","gt_translate_keys":["label"]},{"label":"6 Hours (1.700\u20ac)","value":"6h","selected":false,"tempId":"aco_605","price":"1700","gt_translate_keys":["label"]},{"label":"7 Hours (1.915\u20ac)","value":"7h","selected":false,"tempId":"aco_381","price":"1915","gt_translate_keys":["label"]},{"label":"8 Hours (2.130\u20ac)","value":"8h","selected":false,"tempId":"aco_724","price":"2130","gt_translate_keys":["label"]}],"dropdown_type":"basic","error":false,"placeholder":"Select Trip Duration","priceOptions":"different_for_all","pricingType":"fixed","is_show_price":false,"isWeightTemplate":false,"isTemplate":false,"min_quantity":"1","quantity_decimal":false,"quantity_step":"1","quantity_label":"Quantity","repeater_field_label":"{field_label}","repeater_bind":"","gt_translate_keys":["label","placeholder","repeater_field_label","quantity_label"],"price_dependency":false,"cl_dependency":false,"value":""}],[{"label":"\u2705 Number of People","active":true,"required":true,"elementId":"select_168949ba28858b","dropdown_type":"basic","placeholder":"Select Number of People","name":"select_168949ba28858b","label_position":"default","desc_position":"default","enablePrice":true,"className":"","enableCl":false,"relations":[{"operator":false,"rules":[{"operator":"AND","rules":{"cl_field":"radio-group_565c78ffa81208","cl_relation":"is","cl_val":"3 Hour Trip"}}]}],"values":[{"label":"1 person","value":"1","selected":false,"tempId":"aco_1471","price":"0","gt_translate_keys":["label"]},{"label":"2 people","value":"2","selected":false,"tempId":"aco_1472","price":"0","gt_translate_keys":["label"]},{"label":"3 people","value":"3","selected":false,"tempId":"aco_1500","price":"0","gt_translate_keys":["label"]},{"label":"4 people","value":"4","selected":false,"tempId":"aco_1510","price":"0","gt_translate_keys":["label"]},{"label":"5 people","value":"5","selected":false,"tempId":"aco_1520","price":"0","gt_translate_keys":["label"]},{"label":"6 people (+120\u20ac)","value":"6","selected":false,"tempId":"aco_1728","price":"120","gt_translate_keys":["label"]},{"label":"7 people (+240\u20ac)","value":"7","selected":false,"tempId":"aco_1738","price":"240","gt_translate_keys":["label"]},{"label":"8 people (+360\u20ac)","value":"8","selected":false,"tempId":"aco_1922","price":"360","gt_translate_keys":["label"]},{"label":"9 People (+480\u20ac)","value":"9","selected":false,"tempId":"aco_220","price":"480","gt_translate_keys":["label"]},{"label":"10 People (+600\u20ac)","value":"10","selected":false,"tempId":"aco_311","price":"600","gt_translate_keys":["label"]}],"price":"","cl_rule":"show","col":6,"type":"select","error":false,"isWeightTemplate":false,"isTemplate":false,"min_quantity":"1","quantity_decimal":false,"quantity_step":"1","quantity_label":"Quantity","repeater_field_label":"{field_label}","repeater_bind":"","priceOptions":"different_for_all","pricingType":"fixed","gt_translate_keys":["label","placeholder","repeater_field_label","quantity_label"],"price_dependency":false,"cl_dependency":false,"value":""}],[{"active":true,"col":6,"relations":false,"cl_rule":"show","enableCl":false,"price":"","enablePrice":true,"className":"","label_position":"default","desc_position":"default","type":"select","required":false,"elementId":"select_368949ba288551","label":"\ud83d\udca6 Add jet-skis?","name":"select_368949ba288551","values":[{"label":"1 JetSki for 1 Hour (345\u20ac)","value":"1 x Jetski for 1 Hour","selected":false,"tempId":"aco_2501","price":"345","gt_translate_keys":["label"]},{"label":"2 JetSkis for 1 Hour (690\u20ac)","value":"2 x JetSki for 1 Hour","selected":false,"tempId":"aco_2502","price":"690","gt_translate_keys":["label"]}],"dropdown_type":"basic","error":false,"description":"Private JetSki tour from the boat with a JetSki instructor.","placeholder":"None","priceOptions":"different_for_all","pricingType":"fixed","is_show_price":false,"isWeightTemplate":false,"isTemplate":false,"min_quantity":"1","quantity_decimal":false,"quantity_step":"1","quantity_label":"Quantity","repeater_field_label":"{field_label}","repeater_bind":"","gt_translate_keys":["label","placeholder","description","repeater_field_label","quantity_label"],"price_dependency":false,"cl_dependency":false,"value":""}]]}},"config":{"price_override":"always","enable_recaptcha":false,"bind_quantity":false,"quantity_bind_formula":false,"disp_summ_show_option_price":true,"disp_summ_show_product_price":false,"disp_summ_show_total_price":true,"disp_summ_show_fee":true,"disp_summ_show_discount":true,"summary_title":"","options_total_label":"Options Price","total_label":"Total Amount","options_product_label":"Product Price","fee_label":"Fee","discount_label":"Discount","has_price":true,"has_quantity_formula":false},"mc_unit":1,"tax_rate":1,"tax_rate_real":1,"discount":{"percentage":0,"fixed":0},"design":{"conf":{"LabelPosition":"above","DescPosition":"above","UploadField":"custom_1","QuantityFieldStyle":"custom_1"},"css":{"LeftLabelWidth":"120px"}},"formulas":{"fmla_1708360988969136756":"(({field.select_56638eb5b235ae.value}>=3)?(1200):(({field.select_56638eb5b235ae.value}>=2)?(850):(({field.select_56638eb5b235ae.value}>=1)?(540):(0))))","fmla_1708364241278155361":"(({field.select_5841412719.value}>=8)?({field.select_5841412719.price}):(({field.select_5841412719.value}>=5)?({field.select_5841412719.price}):(({field.select_5841412719.value}>=3)?({field.select_5841412719.price}):(0))))"},"lookuptables":[],"clones":false,"cartKey":false}},"_links":{"self":[{"href":"https:\/\/canaryvip.com\/fr\/wp-json\/wp\/v2\/product\/15373","targetHints":{"allow":["GET"]}}],"collection":[{"href":"https:\/\/canaryvip.com\/fr\/wp-json\/wp\/v2\/product"}],"about":[{"href":"https:\/\/canaryvip.com\/fr\/wp-json\/wp\/v2\/types\/product"}],"replies":[{"embeddable":true,"href":"https:\/\/canaryvip.com\/fr\/wp-json\/wp\/v2\/comments?post=15373"}],"wp:featuredmedia":[{"embeddable":true,"href":"https:\/\/canaryvip.com\/fr\/wp-json\/wp\/v2\/media\/15376"}],"wp:attachment":[{"href":"https:\/\/canaryvip.com\/fr\/wp-json\/wp\/v2\/media?parent=15373"}],"wp:term":[{"taxonomy":"product_brand","embeddable":true,"href":"https:\/\/canaryvip.com\/fr\/wp-json\/wp\/v2\/product_brand?post=15373"},{"taxonomy":"product_cat","embeddable":true,"href":"https:\/\/canaryvip.com\/fr\/wp-json\/wp\/v2\/product_cat?post=15373"},{"taxonomy":"product_tag","embeddable":true,"href":"https:\/\/canaryvip.com\/fr\/wp-json\/wp\/v2\/product_tag?post=15373"}],"curies":[{"name":"wp","href":"https:\/\/api.w.org\/{rel}","templated":true}]}}