{"id":14185,"date":"2025-04-11T10:44:51","date_gmt":"2025-04-11T09:44:51","guid":{"rendered":"https:\/\/canaryvip.com\/?post_type=product&#038;p=14185"},"modified":"2025-08-09T13:53:28","modified_gmt":"2025-08-09T12:53:28","slug":"jetski-circuit-tenerife","status":"publish","type":"product","link":"https:\/\/canaryvip.com\/fr\/shop\/jetski-circuit-tenerife\/","title":{"rendered":"JetSki Circuit Tenerife"},"content":{"rendered":"<h2>\ud83d\udea4 20 minutes Circuit Jetski Tenerife<\/h2>\n<p>Vous cherchez une activit\u00e9 rapide et passionnante pour rendre vos vacances \u00e0 Tenerife encore plus inoubliables ? Le <strong>Circuit Jetski Tenerife<\/strong> est le choix id\u00e9al si vous recherchez la vitesse, la mer et l'adr\u00e9naline sans passer des heures sur un circuit. Il s'agit d'une exp\u00e9rience de 20 minutes qui vous donne la libert\u00e9 de piloter un jet-ski \u00e0 votre rythme, dans un cadre s\u00fbr et contr\u00f4l\u00e9, en plein oc\u00e9an, pr\u00e8s de Playa Fa\u00f1ab\u00e9.<\/p>\n<h3>\ud83c\udf0a Qu'est-ce que le circuit Jetski ?<\/h3>\n<p>Il ne s'agit pas d'un <a href=\"https:\/\/canaryvip.com\/fr\/shop\/jetski-tenerife\/\">Excursion c\u00f4ti\u00e8re guid\u00e9e en JetSki<\/a> ou safari. Le circuit de jetski est une boucle balis\u00e9e par des bou\u00e9es en mer, pr\u00e8s du littoral entre Puerto Col\u00f3n et Playa Fa\u00f1ab\u00e9. Vous ferez le tour de ce circuit autant de fois que vous le souhaitez au cours de votre session de 20 minutes. La zone est surveill\u00e9e par des instructeurs, ce qui vous permet de profiter des sensations fortes en toute s\u00e9r\u00e9nit\u00e9.<\/p>\n<p>C'est le moyen id\u00e9al d'essayer le jet ski si vous manquez de temps ou si vous voulez simplement vous amuser rapidement. Que vous le fassiez en solo, avec des amis ou en couple, c'est un regain d'\u00e9nergie garanti pendant votre journ\u00e9e \u00e0 la plage.<\/p>\n<h3>\ud83d\udccd O\u00f9 \u00e7a se passe et comment y arriver<\/h3>\n<p>L'activit\u00e9 se d\u00e9roule dans l'oc\u00e9an, juste au large de <a href=\"https:\/\/maps.app.goo.gl\/n9D5BT5K5VsxNcbH7\" target=\"_blank\" rel=\"noopener\"><strong>Puerto Col\u00f3n,<\/strong><\/a> Le port de plaisance de Costa Adeje est l'un des principaux ports de plaisance de Costa Adeje. Vous pouvez facilement vous y rendre \u00e0 pied ou en taxi, mais si vous \u00eates \u00e0 la plage, nous vous facilitons encore plus la t\u00e2che en vous proposant un service de navette. <strong>ramassage gratuit des bateaux<\/strong> service de plusieurs plages \u00e0 proximit\u00e9 :<\/p>\n<ul>\n<li>\ud83c\udfd6\ufe0f Playa de Troya<\/li>\n<li>\ud83c\udfd6\ufe0f Playa Fa\u00f1ab\u00e9<\/li>\n<li>\ud83c\udfd6\ufe0f Playa Torviscas<\/li>\n<li>\ud83c\udfd6\ufe0f Playa del Duque<\/li>\n<li>\u26f5 Puerto Col\u00f3n m\u00eame<\/li>\n<\/ul>\n<p>Il suffit de nous indiquer votre plage de ramassage pr\u00e9f\u00e9r\u00e9e lors de la r\u00e9servation, et l'un des membres de l'\u00e9quipe viendra en bateau pour vous amener au point de d\u00e9part. C'est rapide, facile et cela fait partie de l'exp\u00e9rience.<\/p>\n<h3>\u2699\ufe0f Ce qui est inclus<\/h3>\n<p>Tout ce dont vous avez besoin pour vous amuser et rouler en toute s\u00e9curit\u00e9 est inclus :<\/p>\n<ul>\n<li>20 minutes de jet ski sur un circuit balis\u00e9 en eau libre<\/li>\n<li>\u2705 Jet skis Yamaha modernes, faciles \u00e0 manier et tr\u00e8s stables<\/li>\n<li>Gilet de sauvetage pour tous les participants.<\/li>\n<li>Briefing sur la s\u00e9curit\u00e9 et supervision par des instructeurs qualifi\u00e9s<\/li>\n<\/ul>\n<p>Aucune exp\u00e9rience pr\u00e9alable n'est n\u00e9cessaire. Avant de commencer, notre \u00e9quipe vous expliquera comment tout fonctionne afin que vous vous sentiez en confiance et pr\u00eat \u00e0 profiter de l'exp\u00e9rience d\u00e8s la premi\u00e8re seconde.<\/p>\n<h3>\ud83d\udc65 Qui peut adh\u00e9rer ?<\/h3>\n<p>Cette activit\u00e9 convient \u00e0 presque tout le monde, \u00e0 condition d'\u00eatre \u00e0 l'aise dans l'eau. C'est une excellente option pour les personnes qui recherchent un peu d'aventure sans s'engager dans un plan d'une journ\u00e9e enti\u00e8re.<\/p>\n<ul>\n<li>\u2714\ufe0f Les conducteurs doivent \u00eatre \u00e2g\u00e9s d'au moins 16 ans et disposer d'une autorisation parentale \u00e9crite.<\/li>\n<li>\u2714\ufe0f Les jeunes participants peuvent \u00eatre accompagn\u00e9s d'un adulte en tant que passager.<\/li>\n<li>\ud83d\udeab Ne convient pas aux femmes enceintes.<\/li>\n<\/ul>\n<h3>\ud83d\udccb Bon \u00e0 savoir avant de partir<\/h3>\n<ul>\n<li>\ud83d\udd52 Veuillez arriver 30 minutes avant l'heure pr\u00e9vue.<\/li>\n<li>\ud83c\udf7d\ufe0f \u00c9vitez de manger des repas lourds avant l'activit\u00e9 pour \u00e9viter les malaises.<\/li>\n<li>\ud83d\udc59 Apportez un maillot de bain, une serviette et de la cr\u00e8me solaire.<\/li>\n<li>\ud83d\udc63 Vos chaussures et vos effets personnels seront stock\u00e9s en toute s\u00e9curit\u00e9 pendant le trajet.<\/li>\n<\/ul>\n<h3>\ud83d\udcac Pourquoi choisir le Jetski Circuit Tenerife ?<\/h3>\n<p>Cette exp\u00e9rience est rapide, abordable et passionnante. Elle est parfaite si vous voulez go\u00fbter au jet ski sans passer la moiti\u00e9 de votre journ\u00e9e sur l'eau. Le circuit est proche de la c\u00f4te, facile d'acc\u00e8s et id\u00e9al pour les d\u00e9butants ou pour tous ceux qui veulent un peu d'action pendant leurs vacances.<\/p>\n<p>Vous obtiendrez les m\u00eames sensations qu'avec une excursion plus longue, mais dans une session courte et cibl\u00e9e qui s'int\u00e8gre parfaitement dans vos plans. Que vous s\u00e9journiez dans les environs ou que vous soyez de passage pour la journ\u00e9e, c'est l'une des meilleures aventures rapides \u00e0 Costa Adeje.<\/p>\n<h3>\u2696\ufe0f Politique d'annulation<\/h3>\n<p>Nous comprenons que les plans peuvent changer, surtout en vacances. C'est pourquoi nous proposons une politique d'annulation flexible pour le circuit Jetski :<\/p>\n<ul>\n<li>Annulation gratuite jusqu'\u00e0 24 heures avant la date pr\u00e9vue de la session.<\/li>\n<li>Remboursement int\u00e9gral si l'activit\u00e9 est annul\u00e9e en raison des conditions m\u00e9t\u00e9orologiques ou de s\u00e9curit\u00e9.<\/li>\n<li>\u274c Les annulations effectu\u00e9es moins de 24 heures avant l'activit\u00e9 ne seront pas rembours\u00e9es.<\/li>\n<li>\u274c Les personnes qui ne se pr\u00e9sentent pas ne sont en aucun cas remboursables.<\/li>\n<\/ul>\n<p>Si vous devez annuler ou reporter votre visite, contactez-nous d\u00e8s que possible pour que nous puissions vous aider. Nous sommes l\u00e0 pour vous aider \u00e0 profiter de votre exp\u00e9rience en toute s\u00e9r\u00e9nit\u00e9.<\/p>\n<h3>\ud83c\udf1e R\u00e9servez d\u00e8s maintenant votre circuit Jetski<\/h3>\n<p>Ne manquez pas l'occasion de surfer sur les vagues dans l'un des plus beaux endroits de Tenerife. Que vous veniez seul ou accompagn\u00e9, le <strong>Circuit Jetski Tenerife<\/strong> est le moyen id\u00e9al pour ajouter de l'adr\u00e9naline et du plaisir \u00e0 votre s\u00e9jour sur l'\u00eele.<\/p>\n<p><strong>R\u00e9servez votre place d\u00e8s aujourd'hui<\/strong> et pr\u00e9parez-vous \u00e0 20 minutes d'action non-stop dans les eaux de Puerto Col\u00f3n.<\/p>","protected":false},"excerpt":{"rendered":"<p><strong>\ud83d\udd0d JetSki Circuit Tenerife :<\/strong><br \/>\n<span>\u2705 Paiement s\u00e9curis\u00e9.<\/span><br \/>\n<span>\ud83c\udf1f Une exp\u00e9rience inoubliable.<\/span><br \/>\n<span>\ud83d\ude80 Circuit de 20 minutes.<\/span><br \/>\n<span>\ud83d\udcc6 Disponible tous les jours.<\/span><br \/>\n<span>\ud83d\udd59 Plusieurs cadres temporels.<\/span><br \/>\n<span>\ud83d\udc66 +7 Years can Join.<\/span><br \/>\n<span>\ud83d\udc64 +16 ans peuvent rouler.<\/span><br \/>\n<span>\ud83e\udd11 Meilleur prix garanti.<\/span><br \/>\n<span>\ud83d\udc6a R\u00e9ductions activ\u00e9es.<\/span><br \/>\n<span>\ud83d\udd01 Jusqu'\u00e0 24h Annulation.<\/span><br \/>\n<span>\ud83c\udf1f R\u00e9servez maintenant et \u00e9conomisez !<\/span><span><br \/>\n\ud83d\udea4 Plusieurs points d'enl\u00e8vement.<br \/>\n\ud83d\udccd Emplacement : Puerto Col\u00f3n.<br \/>\n<\/span><\/p>","protected":false},"featured_media":14189,"comment_status":"open","ping_status":"closed","template":"","meta":{"_acf_changed":false},"product_brand":[],"product_cat":[53],"product_tag":[],"class_list":{"0":"post-14185","1":"product","2":"type-product","3":"status-publish","4":"has-post-thumbnail","6":"product_cat-water-sports","7":"wcpa_has_options","9":"first","10":"instock","11":"virtual","12":"purchasable","13":"product-type-simple"},"acf":[],"wcpa_form_fields":{"wcpaData":{"product":{"product_price":60,"price_html":"From&nbsp;<span class=\"woocommerce-Price-amount amount\"><bdi>60,00&nbsp;<span class=\"woocommerce-Price-currencySymbol\">&euro;<\/span><\/bdi><\/span>","original_product_price":60,"price_including_tax":60,"price_excluding_tax":60,"product_id":{"parent":14185,"variation":false},"is_variable":false,"stock_status":"instock","stock_quantity":null,"parent_sku":"CV14185","product_attributes":[],"custom_fields":[],"is_taxable":false,"product_name":"JetSki Circuit Tenerife","hasImage":false},"fields":{"sec_867f8e4dbaf8ed":{"extra":{"key":"sec_867f8e4dbaf8ed","section_id":"sec_867f8e4dbaf8ed","name":"Default","status":1,"cl_rule":"show","enableCl":false,"relations":[],"toggle":true,"title_tag":"h3","show_title":false,"showPrice":"default","form_id":14187,"form_rules":{"exclude_from_discount":true,"fee_label":"Fee","disp_hide_options_price":true,"disp_show_section_price":false,"disp_show_field_price":true,"layout_option":"standard","pric_use_as_fee":false,"process_fee_as":"woo_fee"},"layout_option":"standard"},"fields":[[{"label":"\ud83d\udcc5 Date","active":true,"required":true,"elementId":"date_1067f8e4dbaf91a","picker_type":"custom","picker_mode":"single","placeholder":"","description":"","tooltip":"","name":"date_1067f8e4dbaf91a","label_position":"default","desc_position":"default","enablePrice":false,"className":"","enableCl":false,"relations":[{"operator":"and","rules":[{"operator":"AND","rules":{"cl_field":"radio-group_667e15d3bd15b0","cl_relation":"is","cl_val":"3 Hour Trip"}}]}],"date_pic_inline":true,"date_pic_inline_hide":true,"min_date":{"type":"days","val":"0"},"max_date":{"type":"days","val":"365"},"date_pic_conf":{"disabledWeeks":[]},"price":"","cl_rule":"show","col":6,"type":"date","error":false,"enableDesign":false,"LabelColor":"","gt_translate_keys":["label","placeholder","description","tooltip"],"price_dependency":false,"cl_dependency":false,"value":""}],[{"active":true,"col":6,"relations":false,"cl_rule":"show","enableCl":false,"price":"","enablePrice":false,"className":"","label_position":"default","desc_position":"default","type":"select","required":false,"elementId":"select_067f8e4dbaf935","label":"\ud83d\udccd Departure Point","name":"select_067f8e4dbaf935","values":[{"label":"Puerto Col\u00f3n","value":"Puerto Col\u00f3n","selected":true,"tempId":"aco_841","gt_translate_keys":["label"]},{"label":"Troya Beach","value":"Troya Beach","selected":false,"tempId":"aco_481","gt_translate_keys":["label"]},{"label":"Fa\u00f1ab\u00e9 Beach","value":"Fa\u00f1ab\u00e9 Beach","selected":false,"tempId":"aco_482","gt_translate_keys":["label"]},{"label":"Torviscas Beach","value":"Torviscas Beach","selected":false,"tempId":"aco_515","gt_translate_keys":["label"]},{"label":"El Duque Beach","value":"El Duque Beach","selected":false,"tempId":"aco_678","gt_translate_keys":["label"]}],"dropdown_type":"basic","error":false,"gt_translate_keys":["label"],"price_dependency":false,"cl_dependency":false,"value":""}],[{"active":true,"col":6,"relations":[{"operator":false,"rules":[{"operator":"AND","rules":{"cl_field":"radio-group_667e15d3bd15b0","cl_relation":"is","cl_val":"3 Hour Trip"}}]}],"cl_rule":"show","enableCl":false,"price":"","enablePrice":false,"className":"","label_position":"default","desc_position":"default","type":"select","required":true,"elementId":"select_067f8e4dbaf94d","label":"\u23f0 Departure Time","name":"select_067f8e4dbaf94d","values":[{"label":"11:00","value":"11:00","selected":false,"tempId":"aco_281","gt_translate_keys":["label"]},{"label":"12:00","value":"12:00","selected":false,"tempId":"aco_381","gt_translate_keys":["label"]},{"label":"13:00","value":"13:00","selected":false,"tempId":"aco_1058","gt_translate_keys":["label"]},{"label":"15:00","value":"15:00","selected":false,"tempId":"aco_444","gt_translate_keys":["label"]},{"label":"16:00","value":"16:00","selected":false,"tempId":"aco_454","gt_translate_keys":["label"]}],"dropdown_type":"basic","error":false,"placeholder":"Select Departure Time","priceOptions":"different_for_all","pricingType":"custom","isTemplate":false,"is_show_price":true,"gt_translate_keys":["label","placeholder"],"price_dependency":false,"cl_dependency":false,"value":""}]]},"sec_767f8e4dbaf94e":{"extra":{"key":"sec_767f8e4dbaf94e","section_id":"sec_767f8e4dbaf94e","name":"20 min Circuit Puerto Col\u00f3n","status":1,"cl_rule":"show","enableCl":false,"relations":[{"operator":false,"rules":[{"operator":"AND","rules":{"cl_field":"radio-group_667e15d3bd15b0","cl_relation":"is","cl_val":"1 Hour Trip"}}]}],"toggle":true,"title_tag":"h4","show_title":false,"showPrice":"default","form_id":14187,"form_rules":{"exclude_from_discount":true,"fee_label":"Fee","disp_hide_options_price":true,"disp_show_section_price":false,"disp_show_field_price":true,"layout_option":"standard","pric_use_as_fee":false,"process_fee_as":"woo_fee"},"layout_option":"standard"},"fields":[[{"contentType":"rich","active":true,"label":"","elementId":"content_667f8e4dbaf968","value":"<p>\ud83c\udf9f\ufe0f <strong>Reservation<\/strong>: Pay only a deposit now to reserve; the rest is due on the day of the activity upon arrival.<\/p>","inline":true,"name":"content_667f8e4dbaf968","enablePrice":false,"className":"","subtype":"div","enableCl":false,"relations":false,"price":"","cl_rule":"show","col":6,"type":"content","error":false,"show_in_checkout":true,"enableDesign":true,"LabelSize":"14px","DescSize":"14px","gt_translate_keys":["label","value"],"price_dependency":false,"cl_dependency":false}],[{"active":true,"col":6,"relations":false,"cl_rule":"show","enableCl":false,"price":"","enablePrice":false,"className":"","label_position":"default","desc_position":"default","type":"content","required":false,"elementId":"content_567f8e4dbaf980","label":"Number of Jet Skis","name":"content_567f8e4dbaf980","contentType":"plain","value":"","error":false,"show_in_checkout":true,"inline":false,"gt_translate_keys":["label","value"],"price_dependency":false,"cl_dependency":false}],[{"active":true,"col":6,"relations":[{"operator":false,"rules":[{"operator":"AND","rules":{"cl_field":"","cl_relation":"","cl_val":""}}]}],"cl_rule":"show","enableCl":false,"price":"60","enablePrice":true,"className":"","label_position":"default","desc_position":"default","type":"radio-group","required":false,"elementId":"radio-group_667f8e4dbaf99e","label":"","name":"radio-group_667f8e4dbaf99e","values":[{"label":"\ud83d\udc64 Single JetSki (60\u20ac)","value":"Single JetSki","selected":true,"tempId":"aco_32","tooltip":"1 Person on the JetSki.","description":"","gt_translate_keys":["label","tooltip","description"]}],"layOut":"","error":false,"checkUi":"button","priceOptions":"fixed_for_all","pricingType":"fixed","enable_quantity":true,"quantity_label":"","min_quantity":"0","options_tooltip":true,"options_description":true,"is_show_price":true,"gt_translate_keys":["label","quantity_label"],"price_dependency":["content_467f8e4dbaf9f8","content_067f8e4dbafa11","content_467f8e4dbafa29"],"cl_dependency":false,"value":""}],[{"label":"","active":true,"required":false,"elementId":"radio-group_367f8e4dbaf9bb","name":"radio-group_367f8e4dbaf9bb","label_position":"default","desc_position":"default","enablePrice":true,"className":"","enableCl":false,"relations":false,"enable_quantity":true,"quantity_label":"","min_quantity":"0","checkUi":"button","layOut":"","values":[{"label":"\ud83d\udc65 Double JetSki (70\u20ac)","value":"Double JetSki","selected":true,"tempId":"aco_32","tooltip":"2 People on the same JetSki.","description":"","gt_translate_keys":["label","tooltip","description"]}],"priceOptions":"fixed_for_all","pricingType":"fixed","price":"70","cl_rule":"show","col":6,"type":"radio-group","error":false,"options_tooltip":true,"options_description":true,"is_show_price":true,"quantity_decimal":false,"quantity_step":"1","gt_translate_keys":["label","quantity_label"],"price_dependency":["content_467f8e4dbaf9f8","content_067f8e4dbafa11","content_467f8e4dbafa29"],"cl_dependency":false,"value":""}],[{"elementId":"separator_367f8e4dbaf9d6","separatorType":"fill","separatorColor":"#66a6b6","className":"","height":"3","enableCl":false,"relations":false,"cl_rule":"show","col":6,"type":"separator","gt_translate_keys":[],"price_dependency":false,"cl_dependency":false,"value":""}],[{"active":true,"col":6,"relations":false,"cl_rule":"show","enableCl":false,"price":"({field.radio-group_667f8e4dbaf99e.price}*0.30) + ({field.radio-group_367f8e4dbaf9bb.price}*0.30)","enablePrice":true,"className":"","label_position":"default","desc_position":"default","type":"content","required":false,"elementId":"content_467f8e4dbaf9f8","label":"Deposit Now","name":"content_467f8e4dbaf9f8","contentType":"plain","value":"","error":false,"pricingType":"custom","isTemplate":false,"is_show_price":false,"enableDesign":true,"scrollBar":false,"use_as_fee":false,"fee_label":"","inline":true,"show_in_checkout":true,"subtype":"div","LabelSize":"14px","LabelColor":"","gt_translate_keys":["label","value"],"price_dependency":false,"cl_dependency":false}],[{"contentType":"plain","active":true,"label":"Payment at Arrival","elementId":"content_067f8e4dbafa11","value":"","inline":true,"show_in_checkout":true,"name":"content_067f8e4dbafa11","enablePrice":true,"className":"","fee_label":"","subtype":"div","enableCl":false,"relations":[{"operator":false,"rules":[{"operator":"AND","rules":{"cl_field":"content_467f8e4dbaf9f8","cl_relation":"is_not_empty","cl_val":""}}]}],"scrollBar":false,"enableDesign":true,"pricingType":"custom","isTemplate":false,"price":"({field.radio-group_667f8e4dbaf99e.price}*0.70) + ({field.radio-group_367f8e4dbaf9bb.price}*0.70)","use_as_fee":false,"is_show_price":true,"cl_rule":"disable","col":6,"type":"content","error":false,"LabelSize":"14px","LabelColor":"","gt_translate_keys":["label","value"],"price_dependency":false,"cl_dependency":false}],[{"contentType":"plain","active":true,"label":"Total Amount","elementId":"content_467f8e4dbafa29","value":"","inline":true,"show_in_checkout":true,"name":"content_467f8e4dbafa29","enablePrice":true,"className":"","fee_label":"","subtype":"div","enableCl":false,"relations":[{"operator":false,"rules":[{"operator":"AND","rules":{"cl_field":"content_467f8e4dbaf9f8","cl_relation":"is_not_empty","cl_val":""}}]}],"scrollBar":false,"enableDesign":true,"LabelColor":"","LabelSize":"14px","pricingType":"custom","isTemplate":false,"price":"({field.radio-group_667f8e4dbaf99e.price}) + ({field.radio-group_367f8e4dbaf9bb.price})","use_as_fee":false,"is_show_price":true,"cl_rule":"disable","col":6,"type":"content","error":false,"gt_translate_keys":["label","value"],"price_dependency":false,"cl_dependency":false}]]},"sec_367f8e4dbafa2b":{"extra":{"key":"sec_367f8e4dbafa2b","section_id":"sec_367f8e4dbafa2b","name":"Pickup Location","status":1,"cl_rule":"show","enableCl":true,"relations":[{"operator":false,"rules":[{"operator":"AND","rules":{"cl_field":"radio-group_667e15d3bd15b0","cl_relation":"is_not","cl_val":"2.5 Hour Trip"}}]}],"toggle":true,"title_tag":"h4","show_title":false,"showPrice":"default","form_id":14187,"form_rules":{"exclude_from_discount":true,"fee_label":"Fee","disp_hide_options_price":true,"disp_show_section_price":false,"disp_show_field_price":true,"layout_option":"standard","pric_use_as_fee":false,"process_fee_as":"woo_fee"},"layout_option":"standard"},"fields":[[{"active":true,"col":6,"relations":false,"cl_rule":"show","enableCl":false,"price":"","enablePrice":false,"className":"","label_position":"default","desc_position":"default","type":"separator","required":false,"elementId":"separator_367f8e4dbafa53","label":"Separator Field","height":"1","separatorType":"blank","error":false,"gt_translate_keys":["label"],"price_dependency":false,"cl_dependency":false,"value":""}],[{"active":true,"col":6,"relations":[{"operator":false,"rules":[{"operator":false,"rules":{"cl_field":"radio-group_667e15d3bd15b0","cl_relation":"is_not","cl_val":"4.5 Hour Trip from North Tenerife"}}]}],"cl_rule":"show","enableCl":false,"price":"","enablePrice":false,"className":"","label_position":"default","desc_position":"default","type":"text","subtype":"text","required":false,"elementId":"text_867f8e4dbafa67","label":"\ud83d\ude8c Pickup Location","name":"text_867f8e4dbafa67","value":"","error":false,"description":"Pick-up service in some locations. Simply provide your address or hotel name. (+2\u20ac\/person paid at pickup to the driver)","repeater":false,"repeater_field_label":"{field_label}","repeater_bind":"","gt_translate_keys":["label","description","value","repeater_field_label"],"price_dependency":false,"cl_dependency":false}]]}},"config":{"price_override":"always","enable_recaptcha":false,"bind_quantity":false,"quantity_bind_formula":false,"disp_summ_show_option_price":true,"disp_summ_show_product_price":false,"disp_summ_show_total_price":false,"disp_summ_show_fee":true,"disp_summ_show_discount":true,"summary_title":"","options_total_label":"Options Price","total_label":"Deposit Amount","options_product_label":"Product Price","fee_label":"Fee","discount_label":"Discount","has_price":true,"has_quantity_formula":false},"mc_unit":1,"tax_rate":1,"tax_rate_real":1,"discount":{"percentage":0,"fixed":0},"design":{"conf":{"LabelPosition":"above","DescPosition":"above","UploadField":"custom_1","QuantityFieldStyle":"custom_1"},"css":{"LeftLabelWidth":"120px"}},"formulas":[],"lookuptables":[],"clones":false,"cartKey":false}},"_links":{"self":[{"href":"https:\/\/canaryvip.com\/fr\/wp-json\/wp\/v2\/product\/14185","targetHints":{"allow":["GET"]}}],"collection":[{"href":"https:\/\/canaryvip.com\/fr\/wp-json\/wp\/v2\/product"}],"about":[{"href":"https:\/\/canaryvip.com\/fr\/wp-json\/wp\/v2\/types\/product"}],"replies":[{"embeddable":true,"href":"https:\/\/canaryvip.com\/fr\/wp-json\/wp\/v2\/comments?post=14185"}],"wp:featuredmedia":[{"embeddable":true,"href":"https:\/\/canaryvip.com\/fr\/wp-json\/wp\/v2\/media\/14189"}],"wp:attachment":[{"href":"https:\/\/canaryvip.com\/fr\/wp-json\/wp\/v2\/media?parent=14185"}],"wp:term":[{"taxonomy":"product_brand","embeddable":true,"href":"https:\/\/canaryvip.com\/fr\/wp-json\/wp\/v2\/product_brand?post=14185"},{"taxonomy":"product_cat","embeddable":true,"href":"https:\/\/canaryvip.com\/fr\/wp-json\/wp\/v2\/product_cat?post=14185"},{"taxonomy":"product_tag","embeddable":true,"href":"https:\/\/canaryvip.com\/fr\/wp-json\/wp\/v2\/product_tag?post=14185"}],"curies":[{"name":"wp","href":"https:\/\/api.w.org\/{rel}","templated":true}]}}