{"id":12949,"date":"2024-08-19T12:56:56","date_gmt":"2024-08-19T11:56:56","guid":{"rendered":"https:\/\/canaryvip.com\/?post_type=product&#038;p=12949"},"modified":"2025-08-09T13:58:46","modified_gmt":"2025-08-09T12:58:46","slug":"sunkiss-boat-charter-gran-canaria","status":"publish","type":"product","link":"https:\/\/canaryvip.com\/fr\/shop\/sunkiss-boat-charter-gran-canaria\/","title":{"rendered":"Sunkiss Boat Charter<br\/>Grande Canarie"},"content":{"rendered":"<h2>\ud83d\udee5\ufe0f Sunkiss Boat Charter Gran Canaria<\/h2>\n<p>D\u00e9couvrez la beaut\u00e9 de la Grande Canarie depuis le confort de l'h\u00f4tel. <strong>Sunkiss Boat Charter<\/strong>L'h\u00f4tel est un moyen priv\u00e9 et luxueux d'explorer l'\u00e9tonnante c\u00f4te sud de l'\u00eele. Pouvant accueillir jusqu'\u00e0 8 passagers, ce bateau exclusif est une fa\u00e7on priv\u00e9e et luxueuse d'explorer la magnifique c\u00f4te sud de l'\u00eele. <strong>location de bateaux \u00e0 Gran Canaria<\/strong> est id\u00e9al pour les couples, les familles ou les petits groupes \u00e0 la recherche d'une aventure unique et relaxante.<\/p>\n<p>Chez CanaryVIP, nous faisons de la r\u00e9servation votre priorit\u00e9. <a href=\"https:\/\/canaryvip.com\/fr\/gran-canaria\/\"><strong>louer un bateau Puerto Mog\u00e1n<\/strong><\/a> L'exp\u00e9rience est facile et agr\u00e9able, et chaque d\u00e9tail est pris en compte pour que vous passiez une journ\u00e9e parfaite sur l'eau.<\/p>\n<h3>\u2b50\ufe0f Pourquoi choisir Sunkiss Boat Charter \u00e0 Gran Canaria ?<\/h3>\n<p>Voici pourquoi la <strong>Sunkiss Boat Charter<\/strong> est l'une des meilleures options pour une journ\u00e9e en mer priv\u00e9e et inoubliable :<\/p>\n<h4><strong>Exp\u00e9rience priv\u00e9e et intime<\/strong><\/h4>\n<p>Profitez d'un voyage exclusif avec votre seul groupe. D'une capacit\u00e9 maximale de 8 personnes, ce yacht priv\u00e9 offre un cadre personnel et paisible, id\u00e9al pour les occasions sp\u00e9ciales ou une escapade relaxante.<\/p>\n<h4><strong>Confort \u00e9l\u00e9gant<\/strong><\/h4>\n<p>Naviguez \u00e0 bord d'un yacht de 12 m\u00e8tres magnifiquement entretenu, dot\u00e9 de si\u00e8ges confortables, de zones ombrag\u00e9es et d'un pont spacieux pour les bains de soleil. Admirez les superbes vues panoramiques du littoral de la Grande Canarie tout en vous relaxant avec style.<\/p>\n<h4><strong>Aventure de plong\u00e9e en apn\u00e9e<\/strong><\/h4>\n<p>Jetez l'ancre dans une crique isol\u00e9e pour nager dans des eaux cristallines et faire de la plong\u00e9e avec masque et tuba \u00e0 l'aide du mat\u00e9riel fourni. D\u00e9couvrez la vie marine vibrante de la Grande Canarie, ou d\u00e9tendez-vous simplement sur le pont et profitez de l'atmosph\u00e8re sereine.<\/p>\n<h3>\ud83d\udea4 Options d'excursion en bateau \u00e0 Sunkiss<\/h3>\n<p>Choisissez la dur\u00e9e du voyage qui correspond \u00e0 votre emploi du temps et \u00e0 vos envies :<\/p>\n<ul>\n<li><strong>Charte priv\u00e9e de 3 heures :<\/strong> Une escapade parfaite pour explorer le littoral de Gran Canaria et profiter d'une baignade rafra\u00eechissante ou d'une plong\u00e9e avec masque et tuba.<\/li>\n<li><strong>Charte priv\u00e9e de 6 heures :<\/strong> Plongez au c\u0153ur de la beaut\u00e9 naturelle de l'\u00eele et disposez de plus de temps pour vous d\u00e9tendre et explorer les endroits cach\u00e9s.<\/li>\n<li><strong>Charte priv\u00e9e de 8 heures :<\/strong> Une aventure d'une journ\u00e9e compl\u00e8te qui vous permet de vivre le summum de la d\u00e9tente et de l'exploration, avec du temps suppl\u00e9mentaire pour visiter plusieurs criques et profiter du meilleur de la Grande Canarie.<\/li>\n<\/ul>\n<h3>\ud83e\udd42 Ce qui est inclus dans votre charte Sunkiss<\/h3>\n<p>Votre <strong>location de bateaux \u00e0 Gran Canaria<\/strong> comprend :<\/p>\n<ul>\n<li>Des en-cas, y compris des chips et des noix.<\/li>\n<li>Les boissons telles que la bi\u00e8re, les boissons non alcoolis\u00e9es et l'eau.<\/li>\n<li>Mat\u00e9riel de snorkeling (masques et palmes) pour explorer le monde sous-marin.<\/li>\n<li>Une assurance pour une exp\u00e9rience sans souci.<\/li>\n<li>Transport facultatif depuis et vers les h\u00f4tels du sud de la Grande Canarie.<\/li>\n<li>D\u00e9jeuner facultatif (10 \u20ac par personne, \u00e0 demander lors de la r\u00e9servation).<\/li>\n<\/ul>\n<h3>\ud83d\udccd D\u00e9tails du d\u00e9part<\/h3>\n<ul>\n<li><strong>Localisation :<\/strong> <a href=\"https:\/\/maps.app.goo.gl\/Xhe545W98um3rx6W8\" target=\"_new\" rel=\"noopener\"><span>Puerto<\/span><span> Mog\u00e1n<\/span><span>, Gran<\/span><span> Canaries<\/span><\/a>.<\/li>\n<li><strong>Heures de d\u00e9part :<\/strong> 09h00, 12h00 et 15h00.<\/li>\n<li><strong>Transport :<\/strong> Un service de ramassage est disponible pour plus de commodit\u00e9.<\/li>\n<\/ul>\n<p>Nous vous recommandons d'arriver au moins 15 minutes avant le d\u00e9part pour que votre aventure commence en douceur.<\/p>\n<h3>\u2705 Politique d'annulation transparente<\/h3>\n<p>Nous donnons la priorit\u00e9 \u00e0 votre tranquillit\u00e9 d'esprit en vous proposant des options d'annulation claires et flexibles :<\/p>\n<ul>\n<li><strong>Garantie m\u00e9t\u00e9orologique :<\/strong> En cas de conditions m\u00e9t\u00e9orologiques d\u00e9favorables, il est possible de reporter l'\u00e9v\u00e9nement ou d'obtenir un remboursement int\u00e9gral.<\/li>\n<li><strong>Annulations flexibles :<\/strong> Vous pouvez annuler ou reprogrammer gratuitement votre voyage jusqu'\u00e0 8 jours avant la date pr\u00e9vue. Les arrhes ne sont pas remboursables en cas d'annulation \u00e0 moins de 8 jours du d\u00e9part pr\u00e9vu.<\/li>\n<\/ul>\n<h3>\ud83d\udc68\u200d\u2708\ufe0f Conseils pour votre aventure en bateau Sunkiss<\/h3>\n<p>Tirez le meilleur parti de votre journ\u00e9e gr\u00e2ce \u00e0 ces conseils simples :<\/p>\n<ul>\n<li>Apportez un maillot de bain, de la cr\u00e8me solaire et une serviette.<\/li>\n<li>Portez des v\u00eatements confortables et adapt\u00e9s \u00e0 la m\u00e9t\u00e9o.<\/li>\n<li>Pr\u00e9parez votre billet CanaryVIP, sur votre t\u00e9l\u00e9phone ou imprim\u00e9.<\/li>\n<li>Mangez un repas l\u00e9ger au pr\u00e9alable pour \u00e9viter le mal de mer.<\/li>\n<\/ul>\n<h3>\ud83c\udf1f Pourquoi r\u00e9server avec CanaryVIP<\/h3>\n<p>Chez CanaryVIP, nous sommes sp\u00e9cialis\u00e9s dans l'offre des meilleurs <strong>louer un bateau Puerto Mog\u00e1n<\/strong> et <strong>Location de yachts de luxe \u00e0 Gran Canaria<\/strong>. Des charters priv\u00e9s comme Sunkiss aux exp\u00e9riences sur mesure, nous veillons \u00e0 ce que chaque moment pass\u00e9 sur l'eau soit inoubliable.<\/p>\n<p>R\u00e9servez votre <strong>Sunkiss Boat Charter<\/strong> et profitez d'un voyage rempli de d\u00e9tente, d'aventure et de vues \u00e0 couper le souffle de la Grande Canarie.<\/p>\n<p>\ud83d\udc49 <a href=\"https:\/\/canaryvip.com\/fr\/\" target=\"_new\" rel=\"noopener\"><span>R\u00e9serve<\/span><span> Maintenant<\/span><\/a> et cr\u00e9ez des souvenirs qui dureront toute une vie !<\/p>","protected":false},"excerpt":{"rendered":"<p><strong>\ud83d\udd0d Magic Island Gran Canaria :<\/strong><br \/>\n\u2705 Paiement s\u00e9curis\u00e9.<br \/>\n\ud83d\udd10 Visites priv\u00e9es.<br \/>\n\ud83d\udee5\ufe0f 12m Yacht Comfort.<br \/>\n\u23f3 Visites quotidiennes de 3H, 6H et 8H.<br \/>\n\ud83d\udd59 Diff\u00e9rentes heures de d\u00e9part.<br \/>\n\ud83d\udc65 Jusqu'\u00e0 8 personnes.<br \/>\n\ud83e\udd3f L'\u00e9quipement de plong\u00e9e avec tuba est fourni.<br \/>\n\ud83d\ude8c Prise en charge et d\u00e9pose.<br \/>\n\ud83e\udd11 Meilleur prix garanti.<br \/>\n\ud83d\udc6a R\u00e9ductions activ\u00e9es.<br \/>\n\ud83d\udd01 Annulation jusqu'\u00e0 8 jours.<br \/>\n\ud83c\udf0d \u00c9quipage multilingue.<br \/>\n\ud83c\udf1f R\u00e9servez t\u00f4t et \u00e9conomisez !<br \/>\n\ud83d\udccd D\u00e9part de <a href=\"https:\/\/maps.app.goo.gl\/4TJkgAg6UBpnsyhm9\">Puerto de Mog\u00e1n<\/a>.<\/p>","protected":false},"featured_media":12950,"comment_status":"open","ping_status":"closed","template":"","meta":{"_acf_changed":false},"product_brand":[],"product_cat":[132],"product_tag":[],"class_list":{"0":"post-12949","1":"product","2":"type-product","3":"status-publish","4":"has-post-thumbnail","6":"product_cat-boat-hire-gran-canaria","7":"wcpa_has_options","9":"first","10":"instock","11":"virtual","12":"purchasable","13":"product-type-simple"},"acf":[],"wcpa_form_fields":{"wcpaData":{"product":{"product_price":399,"price_html":"From&nbsp;<span class=\"woocommerce-Price-amount amount\"><bdi>399,00&nbsp;<span class=\"woocommerce-Price-currencySymbol\">&euro;<\/span><\/bdi><\/span>","original_product_price":399,"price_including_tax":399,"price_excluding_tax":399,"product_id":{"parent":12949,"variation":false},"is_variable":false,"stock_status":"instock","stock_quantity":null,"parent_sku":"CV12949","product_attributes":[],"custom_fields":[],"is_taxable":false,"product_name":"Sunkiss Boat Charter<br\/>Gran Canaria","hasImage":false},"fields":{"sec_667811df8760f9":{"extra":{"key":"sec_667811df8760f9","section_id":"sec_667811df8760f9","name":"Default","status":1,"cl_rule":"show","enableCl":false,"relations":[],"toggle":true,"title_tag":"h3","show_title":false,"showPrice":"default","form_id":13536,"form_rules":{"exclude_from_discount":true,"fee_label":"Fee","disp_hide_options_price":true,"disp_show_section_price":false,"disp_show_field_price":true,"layout_option":"standard","pric_use_as_fee":false,"process_fee_as":"woo_fee"},"layout_option":"standard"},"fields":[[{"label":"\ud83d\udcc5 Date","active":true,"required":true,"elementId":"date_567811df876119","picker_type":"custom","picker_mode":"single","placeholder":"","description":"","tooltip":"","name":"date_567811df876119","label_position":"default","desc_position":"default","enablePrice":false,"className":"","enableCl":false,"relations":[{"operator":"and","rules":[{"operator":"AND","rules":{"cl_field":"radio-group_565c78ffa81208","cl_relation":"is","cl_val":"3 Hour Trip"}}]}],"date_pic_inline":true,"date_pic_inline_hide":true,"min_date":{"type":"days","val":"2"},"max_date":{"type":"days","val":"365"},"date_pic_conf":{"disabledWeeks":[]},"price":"","cl_rule":"show","col":6,"type":"date","error":false,"enableDesign":false,"LabelColor":"","gt_translate_keys":["label","placeholder","description","tooltip"],"price_dependency":false,"cl_dependency":false,"value":""}],[{"elementId":"separator_267811df876128","separatorType":"blank","className":"","height":"3","enableCl":false,"relations":false,"cl_rule":"show","col":6,"type":"separator","error":false,"gt_translate_keys":[],"price_dependency":false,"cl_dependency":false,"value":""}],[{"active":true,"col":6,"relations":false,"cl_rule":"show","enableCl":false,"price":"","enablePrice":true,"className":"","label_position":"default","desc_position":"default","type":"select","required":true,"elementId":"select_267811df876133","label":"\u23f3 Trip Duration","name":"select_267811df876133","values":[{"label":"3 Hours (399\u20ac)","value":"3","selected":false,"tempId":"aco_556","price":"399","gt_translate_keys":["label"]},{"label":"6 Hours (700\u20ac)","value":"6","selected":false,"tempId":"aco_122","price":"700","gt_translate_keys":["label"]},{"label":"8 Hours (900\u20ac)","value":"8","selected":false,"tempId":"aco_41","price":"900","gt_translate_keys":["label"]}],"dropdown_type":"basic","error":false,"placeholder":"Select Trip Duration","priceOptions":"different_for_all","pricingType":"fixed","is_show_price":false,"gt_translate_keys":["label","placeholder"],"price_dependency":false,"cl_dependency":false,"value":""}],[{"label":"\u2705 Number of People","active":true,"required":true,"elementId":"select_667811df87613d","dropdown_type":"basic","placeholder":"Select Number of People","name":"select_667811df87613d","label_position":"default","desc_position":"default","enablePrice":false,"className":"","enableCl":false,"relations":[{"operator":false,"rules":[{"operator":"AND","rules":{"cl_field":"radio-group_565c78ffa81208","cl_relation":"is","cl_val":"3 Hour Trip"}}]}],"values":[{"label":"1 person","value":"1","selected":false,"tempId":"aco_1471","price":"0","gt_translate_keys":["label"]},{"label":"2 people","value":"2","selected":false,"tempId":"aco_1472","price":"0","gt_translate_keys":["label"]},{"label":"3 people","value":"3","selected":false,"tempId":"aco_1500","price":"0","gt_translate_keys":["label"]},{"label":"4 people","value":"4","selected":false,"tempId":"aco_1510","price":"0","gt_translate_keys":["label"]},{"label":"5 people","value":"5","selected":false,"tempId":"aco_1520","price":"0","gt_translate_keys":["label"]},{"label":"6 people","value":"6","selected":false,"tempId":"aco_1728","price":"0","gt_translate_keys":["label"]},{"label":"7 people","value":"7","selected":false,"tempId":"aco_1738","price":"0","gt_translate_keys":["label"]},{"label":"8 people","value":"8","selected":false,"tempId":"aco_1748","price":"0","gt_translate_keys":["label"]}],"price":"","cl_rule":"show","col":6,"type":"select","error":false,"priceOptions":"different_for_all","pricingType":"fixed","is_show_price":false,"gt_translate_keys":["label","placeholder"],"price_dependency":["select_067811df876146"],"cl_dependency":false,"value":""}],[{"active":true,"col":6,"relations":false,"cl_rule":"show","enableCl":false,"price":"","enablePrice":true,"className":"","label_position":"default","desc_position":"default","type":"select","required":false,"elementId":"select_067811df876146","label":"\ud83c\udf57 Meal (+10\u20ac\/person)","name":"select_067811df876146","values":[{"label":"No","value":"No","selected":false,"tempId":"aco_2562","price":"","gt_translate_keys":["label"]},{"label":"Yes (+10\u20ac\/person)","value":"Yes","selected":false,"tempId":"aco_2563","price":"{field.select_667811df87613d.value}*10","gt_translate_keys":["label"]}],"dropdown_type":"basic","error":false,"description":"Snacks and drinks are included. If you want an extra meal, please select this option. The meal is marinated chicken with mojo potatoes and coleslaw. Payment due at arrival the day of the tour.","priceOptions":"different_for_all","pricingType":"custom","isTemplate":false,"is_show_price":true,"gt_translate_keys":["label","description"],"price_dependency":false,"cl_dependency":false,"value":""}]]},"sec_167811df876147":{"extra":{"key":"sec_167811df876147","section_id":"sec_167811df876147","name":"Pickup Location","status":1,"cl_rule":"show","enableCl":false,"relations":[],"toggle":true,"title_tag":"h4","show_title":false,"showPrice":"default","form_id":13536,"form_rules":{"exclude_from_discount":true,"fee_label":"Fee","disp_hide_options_price":true,"disp_show_section_price":false,"disp_show_field_price":true,"layout_option":"standard","pric_use_as_fee":false,"process_fee_as":"woo_fee"},"layout_option":"standard"},"fields":[[{"elementId":"separator_1067811df876152","separatorType":"blank","className":"","height":"3","enableCl":false,"relations":false,"cl_rule":"show","col":6,"type":"separator","error":false,"gt_translate_keys":[],"price_dependency":false,"cl_dependency":false,"value":""}],[{"active":true,"col":6,"relations":[{"operator":false,"rules":[{"operator":"AND","rules":{"cl_field":"radio-group_565c78ffa81208","cl_relation":"is","cl_val":"3 Hour Trip"}}]}],"cl_rule":"show","enableCl":false,"price":"","enablePrice":false,"className":"","label_position":"default","desc_position":"default","type":"select","required":false,"elementId":"select_667811df87615b","label":"\u23f0 Departure","name":"select_667811df87615b","values":[{"label":"09:00","value":"09:00","selected":false,"tempId":"aco_1471","gt_translate_keys":["label"]},{"label":"12:00","value":"12:00","selected":false,"tempId":"aco_1510","gt_translate_keys":["label"]},{"label":"15:00","value":"15:00","selected":false,"tempId":"aco_1738","gt_translate_keys":["label"]}],"dropdown_type":"basic","error":false,"placeholder":"Whichever Time is Best","gt_translate_keys":["label","placeholder"],"price_dependency":false,"cl_dependency":false,"value":""}],[{"elementId":"separator_767811df876165","separatorType":"blank","className":"","height":"1","enableCl":false,"relations":false,"cl_rule":"show","col":6,"type":"separator","gt_translate_keys":[],"price_dependency":false,"cl_dependency":false,"value":""}],[{"elementId":"separator_967811df876170","separatorType":"blank","className":"","height":"1","enableCl":false,"relations":false,"cl_rule":"show","col":6,"type":"separator","error":false,"gt_translate_keys":[],"price_dependency":false,"cl_dependency":false,"value":""}],[{"active":true,"col":6,"relations":false,"cl_rule":"show","enableCl":false,"price":"","enablePrice":false,"className":"","label_position":"default","desc_position":"default","type":"text","subtype":"text","required":false,"elementId":"text_967811df876178","label":"\ud83d\ude8c Pickup Location","name":"text_967811df876178","value":"","error":false,"description":"Pick-up service in some locations. Simply provide your address or hotel name. (+2\u20ac\/person paid at pickup to the driver)","gt_translate_keys":["label","description","value"],"price_dependency":false,"cl_dependency":false}]]}},"config":{"price_override":"always","enable_recaptcha":false,"bind_quantity":false,"quantity_bind_formula":false,"disp_summ_show_option_price":true,"disp_summ_show_product_price":false,"disp_summ_show_total_price":true,"disp_summ_show_fee":true,"disp_summ_show_discount":true,"summary_title":"","options_total_label":"Options Price","total_label":"Total Amount","options_product_label":"Product Price","fee_label":"Fee","discount_label":"Discount","has_price":true,"has_quantity_formula":false},"mc_unit":1,"tax_rate":1,"tax_rate_real":1,"discount":{"percentage":0,"fixed":0},"design":{"conf":{"LabelPosition":"above","DescPosition":"above","UploadField":"custom_1","QuantityFieldStyle":"custom_1"},"css":{"LeftLabelWidth":"120px"}},"formulas":{"fmla_1708364241278155361":"(({field.select_3666b1eb2b11fe.value}>=8)?(1400):(({field.select_3666b1eb2b11fe.value}>=7)?(1225):(({field.select_3666b1eb2b11fe.value}>=6)?(1050):(({field.select_3666b1eb2b11fe.value}>=5)?(875):(({field.select_3666b1eb2b11fe.value}>=4)?(700):(({field.select_3666b1eb2b11fe.value}>=3)?(500):(0)))))))","fmla_1718295979528641619":"(({field.select_3666b1eb2b11fe.value}>=8)?(280):(({field.select_3666b1eb2b11fe.value}>=7)?(205):(({field.select_3666b1eb2b11fe.value}>=6)?(150):(({field.select_3666b1eb2b11fe.value}>=5)?(175):(({field.select_3666b1eb2b11fe.value}>=4)?(200):(({field.select_3666b1eb2b11fe.value}>=3)?(150):(0)))))))"},"lookuptables":[],"clones":false,"cartKey":false}},"_links":{"self":[{"href":"https:\/\/canaryvip.com\/fr\/wp-json\/wp\/v2\/product\/12949","targetHints":{"allow":["GET"]}}],"collection":[{"href":"https:\/\/canaryvip.com\/fr\/wp-json\/wp\/v2\/product"}],"about":[{"href":"https:\/\/canaryvip.com\/fr\/wp-json\/wp\/v2\/types\/product"}],"replies":[{"embeddable":true,"href":"https:\/\/canaryvip.com\/fr\/wp-json\/wp\/v2\/comments?post=12949"}],"wp:featuredmedia":[{"embeddable":true,"href":"https:\/\/canaryvip.com\/fr\/wp-json\/wp\/v2\/media\/12950"}],"wp:attachment":[{"href":"https:\/\/canaryvip.com\/fr\/wp-json\/wp\/v2\/media?parent=12949"}],"wp:term":[{"taxonomy":"product_brand","embeddable":true,"href":"https:\/\/canaryvip.com\/fr\/wp-json\/wp\/v2\/product_brand?post=12949"},{"taxonomy":"product_cat","embeddable":true,"href":"https:\/\/canaryvip.com\/fr\/wp-json\/wp\/v2\/product_cat?post=12949"},{"taxonomy":"product_tag","embeddable":true,"href":"https:\/\/canaryvip.com\/fr\/wp-json\/wp\/v2\/product_tag?post=12949"}],"curies":[{"name":"wp","href":"https:\/\/api.w.org\/{rel}","templated":true}]}}