{"id":12784,"date":"2024-08-05T16:50:08","date_gmt":"2024-08-05T15:50:08","guid":{"rendered":"https:\/\/canaryvip.com\/?post_type=product&#038;p=12784"},"modified":"2025-08-09T14:08:37","modified_gmt":"2025-08-09T13:08:37","slug":"self-drive-boat-hire-tenerife","status":"publish","type":"product","link":"https:\/\/canaryvip.com\/fr\/shop\/self-drive-boat-hire-tenerife\/","title":{"rendered":"Location de bateaux avec chauffeur Tenerife"},"content":{"rendered":"<h2>\ud83d\udea4 Louer un bateau sans permis \u00e0 Tenerife<\/h2>\n<p>Lancez-vous dans l'aventure aquatique en louant un bateau autopropuls\u00e9 \u00e0 <a href=\"https:\/\/canaryvip.com\/fr\/tenerife\/\">Tenerife<\/a>L'espace de travail est id\u00e9al pour ceux qui recherchent la libert\u00e9 d'une navigation en solitaire.<\/p>\n<p>Partez de la ville pittoresque de <a href=\"https:\/\/www.google.com\/maps\/place\/Puerto+Col%C3%B3n\/@28.078002,-16.7394902,1078m\/data=!3m2!1e3!4b1!4m6!3m5!1s0xc6a9743509c9ebf:0xd62345524f768247!8m2!3d28.078002!4d-16.7369153!16s%2Fg%2F11c6cqryw_?authuser=0&amp;entry=tts&amp;g_ep=EgoyMDI0MDgwNC4wKgBIAVAD\" target=\"_blank\" rel=\"noopener\">Puerto Col\u00f3n<\/a>o\u00f9 vous pourrez d\u00e9couvrir des endroits isol\u00e9s, vous pr\u00e9lasser au soleil ou faire un pique-nique sur l'eau, entour\u00e9 des vagues cristallines de l'Atlantique.<\/p>\n<p>Imaginez l'\u00e9motion de prendre la barre vous-m\u00eame, en naviguant sur les eaux magnifiques de T\u00e9n\u00e9riffe. Sentez le vent dans vos cheveux et le soleil sur votre visage tandis que vous fixez votre propre cap. Nos bateaux peuvent accueillir jusqu'\u00e0 5 passagers, ce qui les rend parfaits pour des locations d'une demi-journ\u00e9e ou des aventures d'une journ\u00e9e enti\u00e8re.<\/p>\n<h3>\ud83d\udea4 Your Journey, Your Command<\/h3>\n<ul>\n<li><strong>Conception compacte :<\/strong> Profitez d'une navigation \u00e9l\u00e9gante et confortable gr\u00e2ce \u00e0 nos bateaux bien entretenus.<\/li>\n<li><strong>Des paysages \u00e9poustouflants :<\/strong> Naviguez \u00e0 proximit\u00e9 de la magnifique plage de La Caleta ou de Diego Hernandez, tout en profitant d'une faune et d'une flore marines dynamiques.<\/li>\n<li><strong style=\"letter-spacing: 0em;\">Les trempes priv\u00e9es :<\/strong><span style=\"letter-spacing: 0em;\"> Jetez l'ancre dans des criques cach\u00e9es, id\u00e9ales pour nager, faire de la plong\u00e9e avec masque et tuba ou prendre un bain de soleil.<\/span><\/li>\n<li><strong>Collations en mer :<\/strong> La libert\u00e9 d'apporter et de d\u00e9guster votre propre nourriture \u00e0 bord enrichit cette exp\u00e9rience personnelle de location de bateau autoguid\u00e9 \u00e0 T\u00e9n\u00e9rife.<\/li>\n<li><strong>Maniement sans effort :<\/strong> Avec une conception conviviale et des capacit\u00e9s de croisi\u00e8re stables, nos bateaux rendent la navigation de plaisance accessible \u00e0 tous.<\/li>\n<\/ul>\n<h3>\u2728 D\u00e9tails cl\u00e9s de votre location de bateau autoguid\u00e9<\/h3>\n<p><strong>Adapt\u00e9 \u00e0 vos pr\u00e9f\u00e9rences :<\/strong> Parfaits pour une retraite en couple ou une sortie en groupe, nos bateaux, qui peuvent accueillir jusqu'\u00e0 5 personnes, sont pr\u00eats \u00e0 accueillir n'importe quel \u00e9v\u00e9nement. Des instructions d\u00e9taill\u00e9es sont fournies pour garantir une exp\u00e9rience s\u00fbre et agr\u00e9able sur l'eau.<\/p>\n<p><strong>Un choix polyvalent pour tous :<\/strong> Id\u00e9al pour les familles, les amis ou les explorateurs solitaires, nos bateaux autoguid\u00e9s sans permis vous permettent d'exp\u00e9rimenter un m\u00e9lange d'autonomie et de luxe pittoresque avec en toile de fond le littoral de T\u00e9n\u00e9riffe.<\/p>\n<h3>\ud83d\udea4 Se pr\u00e9parer pour l'excursion<\/h3>\n<p>Pr\u00e9parez-vous \u00e0 passer une journ\u00e9e inoubliable en mer en vous munissant des \u00e9l\u00e9ments essentiels tels que maillots de bain et cr\u00e8me solaire. Nous fournissons tous les outils de navigation n\u00e9cessaires pour que vous puissiez vous concentrer uniquement sur le plaisir de la d\u00e9couverte.<\/p>\n<p>N'oubliez pas votre appareil photo pour immortaliser les vues \u00e9poustouflantes des c\u00f4tes de T\u00e9n\u00e9rife et la vie aquatique qui s'y \u00e9panouit.<\/p>\n<h3>\ud83d\udcdc Politiques d'annulation et d'embarquement<\/h3>\n<p><strong>Location de bateau priv\u00e9 :<\/strong> Annulez gratuitement jusqu'\u00e0 96 heures avant votre d\u00e9part. Si vous annulez moins de 72 heures \u00e0 l'avance, votre acompte ne sera pas rembours\u00e9.<\/p>\n<p><strong>Voyage partag\u00e9 :<\/strong> Annulation gratuite jusqu'\u00e0 48 heures avant le d\u00e9part pr\u00e9vu. Si vous annulez plus tard ou si vous ne vous pr\u00e9sentez pas, l'acompte sera perdu.<\/p>\n<p><strong>\ud83c\udf26\ufe0f M\u00e9t\u00e9o et nombre minimum de participants :<\/strong> En cas de mauvais temps ou si le nombre de participants est insuffisant, vous pouvez opter pour un remboursement int\u00e9gral ou reporter votre voyage \u00e0 une autre date.<\/p>\n<p><strong>\ud83d\udea2 R\u00e8gles \u00e0 bord :<\/strong> Veuillez arriver \u00e0 l'heure ! Aucun remboursement n'est accord\u00e9 en cas d'arriv\u00e9e tardive ou de changement d'itin\u00e9raire d\u00fb au mal de mer.<\/p>\n<h3>\ud83d\ude99 Point de d\u00e9part et parking<\/h3>\n<p><strong>Commencer \u00e0 <a href=\"https:\/\/www.google.com\/maps\/place\/Puerto+Col%C3%B3n\/@28.078002,-16.7394902,1078m\/data=!3m2!1e3!4b1!4m6!3m5!1s0xc6a9743509c9ebf:0xd62345524f768247!8m2!3d28.078002!4d-16.7369153!16s%2Fg%2F11c6cqryw_?authuser=0&amp;entry=tts&amp;g_ep=EgoyMDI0MDgwNC4wKgBIAVAD\" target=\"_blank\" rel=\"noopener\">Puerto Col\u00f3n<\/a>:<\/strong> Votre aventure maritime commence \u00e0 <strong>Puerto Col\u00f3n<\/strong>Le vaste parking du port vous permet de commencer facilement votre journ\u00e9e. Arrivez un peu plus t\u00f4t pour commencer votre voyage sans pr\u00e9cipitation.<\/p>\n<h3>\ud83c\udf1f CanaryVIP's Pledge to You (L'engagement de CanaryVIP)<\/h3>\n<p>Chez CanaryVIP, votre satisfaction est notre priorit\u00e9 absolue. Profitez de politiques d'annulation adaptables qui offrent une s\u00e9curit\u00e9 lorsque vous r\u00e9servez votre location de bateau autopilot\u00e9. Nous nous engageons \u00e0 fournir un service exceptionnel, en mettant l'accent sur la s\u00e9curit\u00e9 et le d\u00e9sir d'am\u00e9liorer votre exp\u00e9rience des eaux majestueuses de T\u00e9n\u00e9rife.<\/p>\n<p>Partez \u00e0 l'aventure avec un bateau autopilot\u00e9 sans permis, en naviguant sur les magnifiques mers de T\u00e9n\u00e9riffe et en d\u00e9couvrant les joyaux cach\u00e9s le long de la c\u00f4te de l'\u00eele de T\u00e9n\u00e9riffe. <strong>Puerto Col\u00f3n.<\/strong><\/p>\n<p>R\u00e9servez d\u00e8s aujourd'hui pour une aventure nautique exclusive qui allie ind\u00e9pendance, confort et beaut\u00e9 immacul\u00e9e des \u00eeles Canaries. R\u00e9servez d\u00e8s maintenant et cr\u00e9ez des souvenirs inoubliables en mer !<\/p>","protected":false},"excerpt":{"rendered":"<p><strong>\ud83d\udd0d Bateau autoguid\u00e9 :<\/strong><br \/>\n<span>\u2705 Paiement s\u00e9curis\u00e9.<\/span><br \/>\n<span>\ud83e\udeaa Sans permis bateau.<\/span><br \/>\n<span>\ud83d\udee5\ufe0f 5 m\u00e8tres de long.<\/span><br \/>\n<span>\u23f3 Location journali\u00e8re de 2 \u00e0 8h.<br \/>\n\u26fd Essence incluse<\/span><br \/>\n<span>\ud83d\udd59 Heures de d\u00e9part personnalisables.<\/span><br \/>\n<span>\ud83d\udc65 Jusqu'\u00e0 5 personnes.<\/span><br \/>\n<span>\ud83e\udd3f \u00c9quipement de plong\u00e9e avec tuba.<\/span><br \/>\n<span>\ud83e\udd11 Meilleur prix garanti.<\/span><br \/>\n<span>\ud83d\udc6a R\u00e9ductions activ\u00e9es.<\/span><br \/>\n<span>\ud83d\udd01 Annulation jusqu'\u00e0 4 jours.<\/span><br \/>\n<span>\ud83c\udf0d Prise en charge multilingue.<\/span><br \/>\n<span>\ud83c\udf1f R\u00e9servez t\u00f4t et \u00e9conomisez !<br \/>\n\ud83d\udccd D\u00e9part de <a href=\"https:\/\/maps.app.goo.gl\/3EAT9KE3yNKvnqsz7\" target=\"_blank\" rel=\"noopener\">Puerto Col\u00f3n<\/a>.<br \/>\n<\/span><\/p>","protected":false},"featured_media":14654,"comment_status":"open","ping_status":"closed","template":"","meta":{"_acf_changed":false},"product_brand":[],"product_cat":[130],"product_tag":[],"class_list":{"0":"post-12784","1":"product","2":"type-product","3":"status-publish","4":"has-post-thumbnail","6":"product_cat-self-drive-boat-hire","7":"wcpa_has_options","9":"first","10":"instock","11":"sale","12":"virtual","13":"purchasable","14":"product-type-simple"},"acf":[],"wcpa_form_fields":{"wcpaData":{"product":{"product_price":180,"price_html":"From&nbsp;<del aria-hidden=\"true\"><span class=\"woocommerce-Price-amount amount\"><bdi>200,00&nbsp;<span class=\"woocommerce-Price-currencySymbol\">&euro;<\/span><\/bdi><\/span><\/del> <span class=\"screen-reader-text\">Le prix initial \u00e9tait\u00a0: 200,00&nbsp;&euro;.<\/span><ins aria-hidden=\"true\"><span class=\"woocommerce-Price-amount amount\"><bdi>180,00&nbsp;<span class=\"woocommerce-Price-currencySymbol\">&euro;<\/span><\/bdi><\/span><\/ins><span class=\"screen-reader-text\">Le prix actuel est\u00a0: 180,00&nbsp;&euro;.<\/span>","original_product_price":200,"price_including_tax":180,"price_excluding_tax":180,"product_id":{"parent":12784,"variation":false},"is_variable":false,"stock_status":"instock","stock_quantity":null,"parent_sku":"CV12784","product_attributes":[],"custom_fields":[],"is_taxable":false,"product_name":"Self Drive Boat Hire Tenerife","hasImage":false},"fields":{"sec_666b2beb820739":{"extra":{"key":"sec_666b2beb820739","section_id":"sec_666b2beb820739","name":"Default","status":1,"cl_rule":"show","enableCl":false,"relations":[],"toggle":true,"title_tag":"h3","show_title":false,"showPrice":"default","form_id":12811,"form_rules":{"exclude_from_discount":true,"fee_label":"Fee","disp_hide_options_price":true,"disp_show_section_price":false,"disp_show_field_price":true,"layout_option":"standard","pric_use_as_fee":false,"process_fee_as":"woo_fee"},"layout_option":"standard"},"fields":[[{"label":"\ud83d\udcc5 Date","active":true,"required":true,"elementId":"date_466b2beb820758","picker_type":"custom","picker_mode":"single","placeholder":"","description":"","tooltip":"","name":"date_466b2beb820758","label_position":"default","desc_position":"default","enablePrice":false,"className":"","enableCl":false,"relations":[{"operator":"and","rules":[{"operator":"AND","rules":{"cl_field":"radio-group_565c78ffa81208","cl_relation":"is","cl_val":"3 Hour Trip"}}]}],"date_pic_inline":true,"date_pic_inline_hide":true,"min_date":{"type":"days","val":"0"},"max_date":{"type":"days","val":"365"},"date_pic_conf":{"disabledWeeks":[],"disabledDates":[]},"price":"","cl_rule":"show","col":6,"type":"date","error":false,"enableDesign":false,"LabelColor":"","gt_translate_keys":["label","placeholder","description","tooltip"],"price_dependency":false,"cl_dependency":false,"value":""}],[{"contentType":"rich","active":true,"label":"","elementId":"content_466b2beb820766","value":"<p>\ud83c\udf9f\ufe0f <strong>Reservation<\/strong>: Pay only a deposit now to reserve; the rest is due on the day of the activity upon arrival.<\/p>","inline":false,"name":"content_466b2beb820766","enablePrice":false,"className":"","subtype":"p","enableCl":false,"relations":false,"price":"","cl_rule":"show","col":6,"type":"content","error":false,"pricingType":"custom","isTemplate":false,"is_show_price":true,"show_in_checkout":true,"gt_translate_keys":["label","value"],"price_dependency":false,"cl_dependency":false}],[{"active":true,"col":6,"relations":false,"cl_rule":"show","enableCl":false,"price":"","enablePrice":true,"className":"","label_position":"default","desc_position":"default","type":"select","required":true,"elementId":"select_366b2beb82077c","label":"\u23f3 Trip Duration","name":"select_366b2beb82077c","values":[{"label":"2 Hours (180\u20ac)","value":"2","selected":false,"tempId":"aco_85","price":"180","gt_translate_keys":["label"]},{"label":"3 Hours (250\u20ac)","value":"3","selected":false,"tempId":"aco_556","price":"250","gt_translate_keys":["label"]},{"label":"4 Hours (320\u20ac)","value":"4","selected":false,"tempId":"aco_605","price":"320","gt_translate_keys":["label"]},{"label":"5 Hours (390\u20ac)","value":"5","selected":false,"tempId":"aco_724","price":"390","gt_translate_keys":["label"]},{"label":"6 Hours (460\u20ac)","value":"6","selected":false,"tempId":"aco_401","price":"460","gt_translate_keys":["label"]}],"dropdown_type":"basic","error":false,"placeholder":"Select Trip Duration","priceOptions":"different_for_all","pricingType":"fixed","is_show_price":true,"gt_translate_keys":["label","placeholder"],"price_dependency":["content_266b2beb82078f","content_266b2beb820799"],"cl_dependency":false,"value":""}],[{"active":true,"col":6,"relations":false,"cl_rule":"show","enableCl":false,"price":"","enablePrice":false,"className":"","label_position":"default","desc_position":"default","type":"separator","required":false,"elementId":"separator_8240912106","label":"Separator Field","height":"3","separatorType":"fill","error":false,"separatorColor":"#66a5b6","gt_translate_keys":["label"],"price_dependency":false,"cl_dependency":false,"value":""}],[{"active":true,"col":6,"relations":false,"cl_rule":"show","enableCl":false,"price":"({field.select_366b2beb82077c.price}*0.2)+({field.select_166b2beb820786.price}*0.1)","enablePrice":true,"className":"","label_position":"default","desc_position":"default","type":"content","required":false,"elementId":"content_266b2beb82078f","label":"Deposit Payment","name":"content_266b2beb82078f","contentType":"plain","value":"","error":false,"pricingType":"custom","isTemplate":true,"is_show_price":false,"enableDesign":true,"scrollBar":false,"use_as_fee":false,"fee_label":"Payment Now","inline":true,"show_in_checkout":true,"subtype":"div","formulaId":"fmla_1708364241278155361","LabelSize":"14px","gt_translate_keys":["label","value"],"price_dependency":["content_466b2beb8207a2"],"cl_dependency":false}],[{"contentType":"plain","active":true,"label":"Payment at Arrival","elementId":"content_266b2beb820799","value":"","inline":true,"show_in_checkout":true,"name":"content_266b2beb820799","enablePrice":true,"className":"","fee_label":"Payment at Arrival","subtype":"div","enableCl":false,"relations":false,"scrollBar":false,"enableDesign":true,"pricingType":"custom","isTemplate":true,"price":"({field.select_366b2beb82077c.price}*0.8)+({field.select_166b2beb820786.price}*0.9)","use_as_fee":false,"is_show_price":true,"cl_rule":"show","col":6,"type":"content","error":false,"formulaId":"fmla_172299064258378161","LabelSize":"14px","gt_translate_keys":["label","value"],"price_dependency":["content_466b2beb8207a2"],"cl_dependency":false}],[{"contentType":"plain","active":true,"label":"Total Price","elementId":"content_466b2beb8207a2","value":"","inline":true,"show_in_checkout":true,"name":"content_466b2beb8207a2","enablePrice":true,"className":"","fee_label":"Payment at Arrival","subtype":"div","enableCl":false,"relations":false,"scrollBar":false,"enableDesign":true,"LabelSize":"14px","pricingType":"custom","isTemplate":false,"price":"({field.content_266b2beb82078f.price})+({field.content_266b2beb820799.price})","formulaId":"fmla_1708360988969136756","use_as_fee":false,"is_show_price":true,"cl_rule":"show","col":6,"type":"content","error":false,"gt_translate_keys":["label","value"],"price_dependency":false,"cl_dependency":false}],[{"elementId":"separator-8320172123","separatorType":"fill","separatorColor":"#66a5b6","className":"","height":"3","enableCl":false,"relations":false,"cl_rule":"show","col":6,"type":"separator","gt_translate_keys":[],"price_dependency":false,"cl_dependency":false,"value":""}],[{"active":true,"col":6,"relations":[{"operator":false,"rules":[{"operator":"AND","rules":{"cl_field":"radio-group_565c78ffa81208","cl_relation":"is","cl_val":"3 Hour Trip"}}]}],"cl_rule":"show","enableCl":false,"price":"","enablePrice":false,"className":"","label_position":"default","desc_position":"default","type":"select","required":false,"elementId":"select_866b2beb8207ab","label":"\u23f0 Departure Time","name":"select_866b2beb8207ab","values":[{"label":"9:30","value":"9:30","selected":false,"tempId":"aco_1471","gt_translate_keys":["label"]},{"label":"10:30","value":"10:30","selected":false,"tempId":"aco_1472","gt_translate_keys":["label"]},{"label":"11:30","value":"11:30","selected":false,"tempId":"aco_1500","gt_translate_keys":["label"]},{"label":"12:30","value":"12:30","selected":false,"tempId":"aco_1510","gt_translate_keys":["label"]},{"label":"13:30","value":"13:30","selected":false,"tempId":"aco_1520","gt_translate_keys":["label"]},{"label":"14:30","value":"14:30","selected":false,"tempId":"aco_1728","gt_translate_keys":["label"]},{"label":"15:30","value":"15:30","selected":false,"tempId":"aco_1738","gt_translate_keys":["label"]}],"dropdown_type":"basic","error":false,"placeholder":"Whichever Time is Best","gt_translate_keys":["label","placeholder"],"price_dependency":false,"cl_dependency":false,"value":""}],[{"elementId":"separator_266b2beb8207b5","separatorType":"blank","className":"","height":"1","enableCl":false,"relations":false,"cl_rule":"show","col":6,"type":"separator","gt_translate_keys":[],"price_dependency":false,"cl_dependency":false,"value":""}],[{"label":"\u2705 Number of People","active":true,"required":true,"elementId":"select_466b2beb8207be","dropdown_type":"basic","placeholder":"Select Number of People","name":"select_466b2beb8207be","label_position":"default","desc_position":"default","enablePrice":false,"className":"","enableCl":false,"relations":[{"operator":false,"rules":[{"operator":"AND","rules":{"cl_field":"radio-group_565c78ffa81208","cl_relation":"is","cl_val":"3 Hour Trip"}}]}],"values":[{"label":"1 person","value":"1","selected":false,"tempId":"aco_1471","gt_translate_keys":["label"]},{"label":"2 people","value":"2","selected":false,"tempId":"aco_1472","gt_translate_keys":["label"]},{"label":"3 people","value":"3","selected":false,"tempId":"aco_1500","gt_translate_keys":["label"]},{"label":"4 people","value":"4","selected":false,"tempId":"aco_1510","gt_translate_keys":["label"]},{"label":"5 people","value":"5","selected":false,"tempId":"aco_1520","gt_translate_keys":["label"]},{"label":"6 people","value":"6","selected":false,"tempId":"aco_2006","gt_translate_keys":["label"]}],"price":"","cl_rule":"show","col":6,"type":"select","error":false,"gt_translate_keys":["label","placeholder"],"price_dependency":false,"cl_dependency":false,"value":""}]]}},"config":{"price_override":"always","enable_recaptcha":false,"bind_quantity":false,"quantity_bind_formula":false,"disp_summ_show_option_price":true,"disp_summ_show_product_price":false,"disp_summ_show_total_price":false,"disp_summ_show_fee":true,"disp_summ_show_discount":true,"summary_title":"","options_total_label":"Options Price","total_label":"Total Amount","options_product_label":"Product Price","fee_label":"Fee","discount_label":"Discount","has_price":true,"has_quantity_formula":false},"mc_unit":1,"tax_rate":1,"tax_rate_real":1,"discount":{"percentage":0,"fixed":0},"design":{"conf":{"LabelPosition":"above","DescPosition":"above","UploadField":"custom_1","QuantityFieldStyle":"custom_1"},"css":{"LeftLabelWidth":"120px"}},"formulas":{"fmla_1708364241278155361":"(({field.select_366b2beb82077c.value}>=6)?(130):(({field.select_366b2beb82077c.value}>=5)?(110):(({field.select_366b2beb82077c.value}>=4)?(90):(({field.select_366b2beb82077c.value}>=3)?(70):(({field.select_366b2beb82077c.value}>=2)?(60):(0))))))","fmla_172299064258378161":"(({field.select_366b2beb82077c.value}>=6)?(330):(({field.select_366b2beb82077c.value}>=5)?(280):(({field.select_366b2beb82077c.value}>=4)?(230):(({field.select_366b2beb82077c.value}>=3)?(180):(({field.select_366b2beb82077c.value}>=2)?(120):(0))))))"},"lookuptables":[],"clones":false,"cartKey":false}},"_links":{"self":[{"href":"https:\/\/canaryvip.com\/fr\/wp-json\/wp\/v2\/product\/12784","targetHints":{"allow":["GET"]}}],"collection":[{"href":"https:\/\/canaryvip.com\/fr\/wp-json\/wp\/v2\/product"}],"about":[{"href":"https:\/\/canaryvip.com\/fr\/wp-json\/wp\/v2\/types\/product"}],"replies":[{"embeddable":true,"href":"https:\/\/canaryvip.com\/fr\/wp-json\/wp\/v2\/comments?post=12784"}],"wp:featuredmedia":[{"embeddable":true,"href":"https:\/\/canaryvip.com\/fr\/wp-json\/wp\/v2\/media\/14654"}],"wp:attachment":[{"href":"https:\/\/canaryvip.com\/fr\/wp-json\/wp\/v2\/media?parent=12784"}],"wp:term":[{"taxonomy":"product_brand","embeddable":true,"href":"https:\/\/canaryvip.com\/fr\/wp-json\/wp\/v2\/product_brand?post=12784"},{"taxonomy":"product_cat","embeddable":true,"href":"https:\/\/canaryvip.com\/fr\/wp-json\/wp\/v2\/product_cat?post=12784"},{"taxonomy":"product_tag","embeddable":true,"href":"https:\/\/canaryvip.com\/fr\/wp-json\/wp\/v2\/product_tag?post=12784"}],"curies":[{"name":"wp","href":"https:\/\/api.w.org\/{rel}","templated":true}]}}