{"id":12210,"date":"2024-07-03T15:52:34","date_gmt":"2024-07-03T14:52:34","guid":{"rendered":"https:\/\/canaryvip.com\/?post_type=product&#038;p=12210"},"modified":"2025-08-09T14:02:34","modified_gmt":"2025-08-09T13:02:34","slug":"magic-island-yacht-charter-gran-canaria","status":"publish","type":"product","link":"https:\/\/canaryvip.com\/fr\/shop\/magic-island-yacht-charter-gran-canaria\/","title":{"rendered":"Magic Island : Location de bateaux<br\/> Grande Canarie"},"content":{"rendered":"<h2>\ud83d\udee5\ufe0f Magic Island Location de bateaux Gran Canaria avec CanaryVIP<\/h2>\n<p>D\u00e9couvrez la beaut\u00e9 des \u00eeles Canaries dans le confort d'un h\u00f4tel. <strong>yacht de luxe<\/strong> avec notre yacht de location Magic Island \u00e0 Gran Canaria. Cette <strong>excursion en bateau priv\u00e9<\/strong> L'excursion en mer le long de l'\u00e9poustouflante c\u00f4te sud-ouest de la Grande Canarie est parfaite pour les familles, les amis ou toute personne \u00e0 la recherche d'une aventure VIP. Chez CanaryVIP, nous vous garantissons une exp\u00e9rience de r\u00e9servation sans faille pour votre journ\u00e9e de r\u00eave en mer.<\/p>\n<h3>\u2b50\ufe0f Pourquoi choisir la location de bateaux Magic Island \u00e0 Gran Canaria ?<\/h3>\n<p>Voici ce qui fait du yacht Magic Island un choix exceptionnel pour votre prochain voyage. <strong>Location de bateaux \u00e0 Gran Canaria<\/strong>:<\/p>\n<h4><strong>Exp\u00e9rience priv\u00e9e exclusive<\/strong><\/h4>\n<p>Profitez des eaux cristallines de l'Atlantique en toute intimit\u00e9. Pouvant accueillir jusqu'\u00e0 12 personnes, le yacht Magic Island est id\u00e9al pour les c\u00e9l\u00e9brations, les sorties en famille ou m\u00eame les \u00e9v\u00e9nements professionnels.<\/p>\n<h4><strong>Confort et style<\/strong><\/h4>\n<p>D\u00e9tendez-vous dans l'int\u00e9rieur confortable et \u00e9l\u00e9gant, qui comprend une petite chambre, des toilettes, des si\u00e8ges confortables et une salle \u00e0 manger. Profitez du soleil des Canaries sur la terrasse sup\u00e9rieure ou installez-vous \u00e0 l'ombre pendant que vous naviguez le long de la c\u00f4te volcanique.<\/p>\n<h4><strong>Activit\u00e9s nautiques passionnantes<\/strong><\/h4>\n<p>Am\u00e9liorez votre exp\u00e9rience avec des activit\u00e9s amusantes incluses dans votre r\u00e9servation :<\/p>\n<ul>\n<li><strong>\ud83e\udd3f Mat\u00e9riel de plong\u00e9e avec tuba :<\/strong> Explorez le monde sous-marin avec l'\u00e9quipement fourni \u00e0 bord.<\/li>\n<li><strong>\ud83c\udf4c Promenade en bateau banane :<\/strong> Ajoutez de l'adr\u00e9naline \u00e0 votre voyage avec cette activit\u00e9 passionnante, incluse sans frais suppl\u00e9mentaires.<\/li>\n<\/ul>\n<h3>\ud83d\udea4 Magic Island Yacht Trip Options<\/h3>\n<p>Vous avez le choix entre deux dur\u00e9es de voyage qui correspondent \u00e0 votre emploi du temps et \u00e0 vos pr\u00e9f\u00e9rences :<\/p>\n<ul>\n<li><strong>Visite de 3 heures :<\/strong> Id\u00e9al pour une introduction courte mais douce \u00e0 la beaut\u00e9 c\u00f4ti\u00e8re de la Grande Canarie. Nagez, faites de la plong\u00e9e avec tuba et profitez du soleil.<\/li>\n<li><strong>Visite de 5 heures :<\/strong> Pour une exp\u00e9rience plus immersive, prenez le temps d'explorer la c\u00f4te, de profiter des activit\u00e9s nautiques et de vous d\u00e9tendre \u00e0 bord avec des collations et des boissons.<\/li>\n<\/ul>\n<h3>\ud83e\udd42 Ce qui est inclus dans votre location de bateau<\/h3>\n<p>Votre <strong>location de bateaux \u00e0 Gran Canaria<\/strong> comprend :<\/p>\n<ul>\n<li>Des en-cas tels que des chips et des noix.<\/li>\n<li>Boissons provenant d'un bar ouvert, y compris bi\u00e8re, boissons non alcoolis\u00e9es, eau et jus de fruits.<\/li>\n<li>Mat\u00e9riel de plong\u00e9e avec masque et tuba et une amusante promenade en bateau banane.<\/li>\n<li>D\u00e9jeuner disponible sur demande (10 \u20ac par personne, \u00e0 mentionner lors de la r\u00e9servation).<\/li>\n<li>Un \u00e9quipage professionnel parlant couramment l'anglais et l'espagnol, assurant votre confort et votre s\u00e9curit\u00e9 tout au long du voyage.<\/li>\n<\/ul>\n<h3>\ud83d\udccd D\u00e9tails du d\u00e9part<\/h3>\n<ul>\n<li><strong>Localisation :<\/strong> <a href=\"https:\/\/maps.app.goo.gl\/iZBybc3i384tdR816\" target=\"_blank\" rel=\"noopener\">Puerto Base \u00e0 Porto Rico<\/a>, Gran Canaria.<\/li>\n<li><strong>Les temps :<\/strong> Choisissez entre un d\u00e9part \u00e0 9h00 ou \u00e0 14h00.<\/li>\n<li><strong>Transport :<\/strong> Service de ramassage optionnel disponible pour seulement 2 \u20ac par personne.<\/li>\n<\/ul>\n<p>Nous vous recommandons d'arriver au moins 15 minutes avant le d\u00e9part pour que votre aventure commence en douceur.<\/p>\n<h3>\u2705 Politique d'annulation transparente<\/h3>\n<p>Nous savons que les plans peuvent changer, c'est pourquoi nos politiques d'annulation sont con\u00e7ues pour vous offrir la tranquillit\u00e9 d'esprit :<\/p>\n<ul>\n<li><strong>Garantie m\u00e9t\u00e9orologique :<\/strong> Si les conditions m\u00e9t\u00e9orologiques ne sont pas s\u00fbres, vous aurez la possibilit\u00e9 de reporter la date ou d'\u00eatre int\u00e9gralement rembours\u00e9.<\/li>\n<li><strong>Annulations flexibles :<\/strong> Vous pouvez annuler ou reprogrammer gratuitement votre voyage jusqu'\u00e0 8 jours avant la date pr\u00e9vue. Les arrhes ne sont pas remboursables en cas d'annulation \u00e0 moins de 8 jours du d\u00e9part pr\u00e9vu.<\/li>\n<\/ul>\n<h3>\ud83d\udc68\u200d\u2708\ufe0f Conseils pour votre aventure Magic Island<\/h3>\n<p>Tirez le meilleur parti de votre journ\u00e9e gr\u00e2ce \u00e0 ces conseils simples :<\/p>\n<ul>\n<li>Apportez un maillot de bain, une serviette et de la cr\u00e8me solaire.<\/li>\n<li>Portez des v\u00eatements confortables et adapt\u00e9s \u00e0 la m\u00e9t\u00e9o.<\/li>\n<li>Pr\u00e9parez votre ticket CanaryVIP sur votre t\u00e9l\u00e9phone ou imprimez-le.<\/li>\n<li>Mangez un repas l\u00e9ger au pr\u00e9alable pour \u00e9viter le mal de mer.<\/li>\n<\/ul>\n<h3>\ud83c\udf1f Pourquoi r\u00e9server avec CanaryVIP<\/h3>\n<p>Chez CanaryVIP, nous sommes sp\u00e9cialis\u00e9s dans la fourniture des meilleures options pour <a href=\"https:\/\/canaryvip.com\/fr\/gran-canaria\/\"><strong>location de bateaux \u00e0 Gran Canaria<\/strong><\/a>. Des yachts luxueux comme le Magic Island aux excursions sur mesure, nous vous permettons de cr\u00e9er facilement des souvenirs inoubliables sur l'eau.<\/p>\n<p>R\u00e9servez votre <strong>Magic Island Location de bateaux<\/strong> et embarquez pour une journ\u00e9e remplie d'amusement, de d\u00e9tente et de vues \u00e0 couper le souffle sur le magnifique littoral de la Grande Canarie.<\/p>\n<p>\ud83d\udc49 <span>R\u00e9serve<\/span><span> Maintenant<\/span> et am\u00e9liorez votre exp\u00e9rience des vacances !<\/p>","protected":false},"excerpt":{"rendered":"<p><strong>\ud83d\udd0d Magic Island Gran Canaria :<\/strong><br \/>\n\u2705 Paiement s\u00e9curis\u00e9.<br \/>\n\ud83d\udd10 Visites priv\u00e9es.<br \/>\n\ud83d\udee5\ufe0f 18m Yacht Comfort.<br \/>\n\u23f3 Visites quotidiennes de 3H et 5H.<br \/>\n\ud83d\udd59 Heures de d\u00e9part personnalisables.<br \/>\n\ud83d\udc65 Jusqu'\u00e0 12 personnes.<br \/>\n\ud83c\udfc4\u200d\u2640\ufe0f Planches \u00e0 pagaie incluses.<br \/>\n\ud83e\udd3f L'\u00e9quipement de plong\u00e9e avec tuba est fourni.<br \/>\n\ud83d\udd0a \u00c9coutez votre musique.<br \/>\n\ud83d\ude8c Prise en charge et d\u00e9pose.<br \/>\n\ud83e\udd11 Meilleur prix garanti.<br \/>\n\ud83d\udc6a R\u00e9ductions activ\u00e9es.<br \/>\n\ud83d\udd01 Annulation jusqu'\u00e0 8 jours.<br \/>\n\ud83c\udf0d \u00c9quipage multilingue.<br \/>\n\ud83c\udf1f R\u00e9servez t\u00f4t et \u00e9conomisez !<br \/>\n\ud83d\udccd D\u00e9part de <a href=\"https:\/\/maps.app.goo.gl\/836RSsqAzbptb2Qy5\">Puerto Base<\/a>.<\/p>","protected":false},"featured_media":12212,"comment_status":"open","ping_status":"closed","template":"","meta":{"_acf_changed":false},"product_brand":[],"product_cat":[132],"product_tag":[],"class_list":{"0":"post-12210","1":"product","2":"type-product","3":"status-publish","4":"has-post-thumbnail","6":"product_cat-boat-hire-gran-canaria","7":"wcpa_has_options","9":"first","10":"instock","11":"virtual","12":"purchasable","13":"product-type-simple"},"acf":[],"wcpa_form_fields":{"wcpaData":{"product":{"product_price":550,"price_html":"From&nbsp;<span class=\"woocommerce-Price-amount amount\"><bdi>550,00&nbsp;<span class=\"woocommerce-Price-currencySymbol\">&euro;<\/span><\/bdi><\/span>","original_product_price":550,"price_including_tax":550,"price_excluding_tax":550,"product_id":{"parent":12210,"variation":false},"is_variable":false,"stock_status":"instock","stock_quantity":null,"parent_sku":"CV12210","product_attributes":[],"custom_fields":[],"is_taxable":false,"product_name":"Magic Island: Yacht Hire<br\/> Gran Canaria","hasImage":false},"fields":{"sec_26686cb82841ff":{"extra":{"key":"sec_26686cb82841ff","section_id":"sec_26686cb82841ff","name":"Default","status":1,"cl_rule":"show","enableCl":false,"relations":[],"toggle":true,"title_tag":"h3","show_title":false,"showPrice":"default","form_id":12242,"form_rules":{"exclude_from_discount":true,"fee_label":"Fee","disp_hide_options_price":true,"disp_show_section_price":false,"disp_show_field_price":true,"layout_option":"standard","pric_use_as_fee":false,"process_fee_as":"woo_fee"},"layout_option":"standard"},"fields":[[{"label":"\ud83d\udcc5 Date","active":true,"required":true,"elementId":"date_56686cb8284220","picker_type":"custom","picker_mode":"single","placeholder":"","description":"","tooltip":"","name":"date_56686cb8284220","label_position":"default","desc_position":"default","enablePrice":false,"className":"","enableCl":false,"relations":[{"operator":"and","rules":[{"operator":"AND","rules":{"cl_field":"radio-group_565c78ffa81208","cl_relation":"is","cl_val":"3 Hour Trip"}}]}],"date_pic_inline":true,"date_pic_inline_hide":true,"min_date":{"type":"days","val":"2"},"max_date":{"type":"days","val":"365"},"date_pic_conf":{"disabledWeeks":[]},"price":"","cl_rule":"show","col":6,"type":"date","error":false,"enableDesign":false,"LabelColor":"","gt_translate_keys":["label","placeholder","description","tooltip"],"price_dependency":false,"cl_dependency":false,"value":""}],[{"elementId":"separator_26686cb828423c","separatorType":"blank","className":"","height":"3","enableCl":false,"relations":false,"cl_rule":"show","col":6,"type":"separator","error":false,"gt_translate_keys":[],"price_dependency":false,"cl_dependency":false,"value":""}],[{"active":true,"col":6,"relations":false,"cl_rule":"show","enableCl":false,"price":"","enablePrice":true,"className":"","label_position":"default","desc_position":"default","type":"select","required":true,"elementId":"select_36686cb8284247","label":"\u23f3 Trip Duration","name":"select_36686cb8284247","values":[{"label":"3 Hours (550\u20ac)","value":"3","selected":false,"tempId":"aco_556","price":"550","gt_translate_keys":["label"]},{"label":"5 Hours (995\u20ac)","value":"5","selected":false,"tempId":"aco_122","price":"995","gt_translate_keys":["label"]}],"dropdown_type":"basic","error":false,"placeholder":"Select Trip Duration","priceOptions":"different_for_all","pricingType":"fixed","is_show_price":false,"gt_translate_keys":["label","placeholder"],"price_dependency":false,"cl_dependency":false,"value":""}],[{"label":"\u2705 Number of People","active":true,"required":true,"elementId":"select_76686cb828429b","dropdown_type":"basic","placeholder":"Select Number of People","name":"select_76686cb828429b","label_position":"default","desc_position":"default","enablePrice":true,"className":"","enableCl":false,"relations":[{"operator":false,"rules":[{"operator":"AND","rules":{"cl_field":"radio-group_565c78ffa81208","cl_relation":"is","cl_val":"3 Hour Trip"}}]}],"values":[{"label":"1 person","value":"1","selected":false,"tempId":"aco_1471","price":"0","gt_translate_keys":["label"]},{"label":"2 people","value":"2","selected":false,"tempId":"aco_1472","price":"0","gt_translate_keys":["label"]},{"label":"3 people","value":"3","selected":false,"tempId":"aco_1500","price":"0","gt_translate_keys":["label"]},{"label":"4 people","value":"4","selected":false,"tempId":"aco_1510","price":"0","gt_translate_keys":["label"]},{"label":"5 people","value":"5","selected":false,"tempId":"aco_1520","price":"0","gt_translate_keys":["label"]},{"label":"6 people","value":"6","selected":false,"tempId":"aco_1728","price":"0","gt_translate_keys":["label"]},{"label":"7 people","value":"7","selected":false,"tempId":"aco_1738","price":"0","gt_translate_keys":["label"]},{"label":"8 people","value":"8","selected":false,"tempId":"aco_1748","price":"0","gt_translate_keys":["label"]},{"label":"9 people (+50\u20ac)","value":"9","selected":false,"tempId":"aco_1912","price":"50","gt_translate_keys":["label"]},{"label":"10 people (+100\u20ac)","value":"10","selected":false,"tempId":"aco_1922","price":"100","gt_translate_keys":["label"]},{"label":"11 people (+150\u20ac)","value":"11","selected":false,"tempId":"aco_84","price":"150","gt_translate_keys":["label"]},{"label":"12 people (+200\u20ac)","value":"12","selected":false,"tempId":"aco_94","price":"200","gt_translate_keys":["label"]}],"price":"","cl_rule":"show","col":6,"type":"select","error":false,"priceOptions":"different_for_all","pricingType":"fixed","is_show_price":false,"gt_translate_keys":["label","placeholder"],"price_dependency":["select_5959492541"],"cl_dependency":false,"value":""}],[{"active":true,"col":6,"relations":false,"cl_rule":"show","enableCl":false,"price":"","enablePrice":true,"className":"","label_position":"default","desc_position":"default","type":"select","required":false,"elementId":"select_5959492541","label":"\ud83c\udf57 Meal (+10\u20ac\/person)","name":"select_5959492541","values":[{"label":"No","value":"No","selected":false,"tempId":"aco_2562","price":"","gt_translate_keys":["label"]},{"label":"Yes (+10\u20ac\/person)","value":"Yes","selected":false,"tempId":"aco_2563","price":"{field.select_76686cb828429b.value}*10","gt_translate_keys":["label"]}],"dropdown_type":"basic","error":false,"description":"Snacks and drinks are included. For an extra meal, please select marinated chicken with mojo potatoes and coleslaw. Paella is available at a different price upon request. Meals are paid for on the day of the tour on the boat.","priceOptions":"different_for_all","pricingType":"custom","isTemplate":false,"is_show_price":true,"gt_translate_keys":["label","description"],"price_dependency":false,"cl_dependency":false,"value":""}]]},"sec_36686cb8284272":{"extra":{"key":"sec_36686cb8284272","section_id":"sec_36686cb8284272","name":"Pickup Location","status":1,"cl_rule":"show","enableCl":false,"relations":[],"toggle":true,"title_tag":"h4","show_title":false,"showPrice":"default","form_id":12242,"form_rules":{"exclude_from_discount":true,"fee_label":"Fee","disp_hide_options_price":true,"disp_show_section_price":false,"disp_show_field_price":true,"layout_option":"standard","pric_use_as_fee":false,"process_fee_as":"woo_fee"},"layout_option":"standard"},"fields":[[{"elementId":"separator_16686cb828427d","separatorType":"blank","className":"","height":"3","enableCl":false,"relations":false,"cl_rule":"show","col":6,"type":"separator","error":false,"gt_translate_keys":[],"price_dependency":false,"cl_dependency":false,"value":""}],[{"active":true,"col":6,"relations":[{"operator":false,"rules":[{"operator":"AND","rules":{"cl_field":"radio-group_565c78ffa81208","cl_relation":"is","cl_val":"3 Hour Trip"}}]}],"cl_rule":"show","enableCl":false,"price":"","enablePrice":false,"className":"","label_position":"default","desc_position":"default","type":"select","required":false,"elementId":"select_86686cb8284287","label":"\u23f0 Departure","name":"select_86686cb8284287","values":[{"label":"09:00","value":"09:00","selected":false,"tempId":"aco_1471","gt_translate_keys":["label"]},{"label":"12:00","value":"12:00","selected":false,"tempId":"aco_1510","gt_translate_keys":["label"]},{"label":"15:00","value":"15:00","selected":false,"tempId":"aco_1738","gt_translate_keys":["label"]}],"dropdown_type":"basic","error":false,"placeholder":"Whichever Time is Best","gt_translate_keys":["label","placeholder"],"price_dependency":false,"cl_dependency":false,"value":""}],[{"elementId":"separator_56686cb8284291","separatorType":"blank","className":"","height":"1","enableCl":false,"relations":false,"cl_rule":"show","col":6,"type":"separator","gt_translate_keys":[],"price_dependency":false,"cl_dependency":false,"value":""}],[{"elementId":"separator_76686cb82842a6","separatorType":"blank","className":"","height":"1","enableCl":false,"relations":false,"cl_rule":"show","col":6,"type":"separator","error":false,"gt_translate_keys":[],"price_dependency":false,"cl_dependency":false,"value":""}],[{"active":true,"col":6,"relations":false,"cl_rule":"show","enableCl":false,"price":"","enablePrice":false,"className":"","label_position":"default","desc_position":"default","type":"text","subtype":"text","required":false,"elementId":"text_06686cb82842af","label":"\ud83d\ude8c Pickup Location","name":"text_06686cb82842af","value":"","error":false,"description":"Pick-up service in some locations. Simply provide your address or hotel name. (+2\u20ac\/person paid at pickup to the driver)","gt_translate_keys":["label","description","value"],"price_dependency":false,"cl_dependency":false}]]}},"config":{"price_override":"always","enable_recaptcha":false,"bind_quantity":false,"quantity_bind_formula":false,"disp_summ_show_option_price":true,"disp_summ_show_product_price":false,"disp_summ_show_total_price":true,"disp_summ_show_fee":true,"disp_summ_show_discount":true,"summary_title":"","options_total_label":"Options Price","total_label":"Total Amount","options_product_label":"Product Price","fee_label":"Fee","discount_label":"Discount","has_price":true,"has_quantity_formula":false},"mc_unit":1,"tax_rate":1,"tax_rate_real":1,"discount":{"percentage":0,"fixed":0},"design":{"conf":{"LabelPosition":"above","DescPosition":"above","UploadField":"custom_1","QuantityFieldStyle":"custom_1"},"css":{"LeftLabelWidth":"120px"}},"formulas":{"fmla_1708364241278155361":"(({field.select_3666b1eb2b11fe.value}>=8)?(1400):(({field.select_3666b1eb2b11fe.value}>=7)?(1225):(({field.select_3666b1eb2b11fe.value}>=6)?(1050):(({field.select_3666b1eb2b11fe.value}>=5)?(875):(({field.select_3666b1eb2b11fe.value}>=4)?(700):(({field.select_3666b1eb2b11fe.value}>=3)?(500):(0)))))))","fmla_1718295979528641619":"(({field.select_3666b1eb2b11fe.value}>=8)?(280):(({field.select_3666b1eb2b11fe.value}>=7)?(205):(({field.select_3666b1eb2b11fe.value}>=6)?(150):(({field.select_3666b1eb2b11fe.value}>=5)?(175):(({field.select_3666b1eb2b11fe.value}>=4)?(200):(({field.select_3666b1eb2b11fe.value}>=3)?(150):(0)))))))"},"lookuptables":[],"clones":false,"cartKey":false}},"_links":{"self":[{"href":"https:\/\/canaryvip.com\/fr\/wp-json\/wp\/v2\/product\/12210","targetHints":{"allow":["GET"]}}],"collection":[{"href":"https:\/\/canaryvip.com\/fr\/wp-json\/wp\/v2\/product"}],"about":[{"href":"https:\/\/canaryvip.com\/fr\/wp-json\/wp\/v2\/types\/product"}],"replies":[{"embeddable":true,"href":"https:\/\/canaryvip.com\/fr\/wp-json\/wp\/v2\/comments?post=12210"}],"wp:featuredmedia":[{"embeddable":true,"href":"https:\/\/canaryvip.com\/fr\/wp-json\/wp\/v2\/media\/12212"}],"wp:attachment":[{"href":"https:\/\/canaryvip.com\/fr\/wp-json\/wp\/v2\/media?parent=12210"}],"wp:term":[{"taxonomy":"product_brand","embeddable":true,"href":"https:\/\/canaryvip.com\/fr\/wp-json\/wp\/v2\/product_brand?post=12210"},{"taxonomy":"product_cat","embeddable":true,"href":"https:\/\/canaryvip.com\/fr\/wp-json\/wp\/v2\/product_cat?post=12210"},{"taxonomy":"product_tag","embeddable":true,"href":"https:\/\/canaryvip.com\/fr\/wp-json\/wp\/v2\/product_tag?post=12210"}],"curies":[{"name":"wp","href":"https:\/\/api.w.org\/{rel}","templated":true}]}}