{"id":12147,"date":"2024-07-01T09:53:41","date_gmt":"2024-07-01T08:53:41","guid":{"rendered":"https:\/\/canaryvip.com\/?post_type=product&#038;p=12147"},"modified":"2025-08-09T14:07:45","modified_gmt":"2025-08-09T13:07:45","slug":"siam-night","status":"publish","type":"product","link":"https:\/\/canaryvip.com\/fr\/shop\/siam-night\/","title":{"rendered":"Acheter des billets Siam Night"},"content":{"rendered":"<h2>\ud83c\udf0c <strong>Siam Night : Plongez dans l'ultime aventure aquatique nocturne !<\/strong><\/h2>\n<ul>\n<li><strong>Nuits d'\u00e9t\u00e9 (du 2 juillet au 31 ao\u00fbt) :<\/strong> De 20h00 \u00e0 00h00. Du mardi au samedi.<\/li>\n<li><strong>Soir\u00e9es inoubliables :<\/strong> D\u00e9couvrez Siam Park comme jamais auparavant avec des man\u00e8ges \u00e0 sensations et une atmosph\u00e8re magique.<\/li>\n<\/ul>\n<p>\ud83d\udccd <strong>Localisation :<\/strong> Situ\u00e9 au c\u0153ur de Costa Adeje, au sud de T\u00e9n\u00e9riffe. Vous pouvez nous trouver facilement sur <a href=\"https:\/\/maps.app.goo.gl\/UfftQG3CrqW5R81r9\" target=\"_blank\" rel=\"noopener\">Google Maps<\/a>.<\/p>\n<p>\ud83c\udf92 <strong>Faites vos valises pour une soir\u00e9e de plaisir :<\/strong> Apportez votre maillot de bain, une serviette et une veste l\u00e9g\u00e8re pour vous rafra\u00eechir apr\u00e8s la course. Des casiers peuvent \u00eatre lou\u00e9s pour seulement 10 \u20ac.<\/p>\n<p>\ud83d\udca7 <strong>Restez \u00e0 l'aise :<\/strong> L'eau est chauff\u00e9e \u00e0 24\u00baC, ce qui est parfait pour les \u00e9claboussures nocturnes.<\/p>\n<p>\ud83c\udfab <strong>Billets flexibles :<\/strong> Votre billet Siam Night est valable n'importe quel jour pendant la p\u00e9riode de l'\u00e9v\u00e9nement. R\u00e9servez par l'interm\u00e9diaire de CanaryVIP pour b\u00e9n\u00e9ficier des meilleurs prix et d'un acc\u00e8s facile.<\/p>\n<p>\ud83c\udf1f <strong>R\u00e9server avec CanaryVIP :<\/strong> R\u00e9servez vos billets \u00e0 des prix imbattables. Adultes pour 45\u20ac, enfants (3-11 ans) pour 32\u20ac. L'entr\u00e9e est gratuite pour les enfants en bas \u00e2ge !<\/p>\n<ul>\n<li><strong>Garantie du meilleur prix :<\/strong> Obtenez la meilleure offre en r\u00e9servant par l'interm\u00e9diaire de CanaryVIP.<\/li>\n<li><strong>Avantage aux premiers arriv\u00e9s :<\/strong> \u00c9vitez les hausses de prix en r\u00e9servant d\u00e8s maintenant.<\/li>\n<li><strong>Annulation flexible :<\/strong> Annulez jusqu'\u00e0 48 heures avant votre visite et vous serez int\u00e9gralement rembours\u00e9.<\/li>\n<\/ul>\n<p>\ud83d\udd25 <strong>Ne manquez pas cette occasion : R\u00e9servez d\u00e8s maintenant pour b\u00e9n\u00e9ficier d'offres sp\u00e9ciales sur CanaryVIP.com !<\/strong> Pr\u00e9parez-vous \u00e0 passer une nuit inoubliable \u00e0 Siam Park avec CanaryVIP. Plongez dans un monde de lumi\u00e8res, de musique et d'attractions aquatiques !<\/p>\n<h3>\ud83d\udc6f <strong>Billet jumel\u00e9 sp\u00e9cial : Loro Parque + Siam Park<\/strong><\/h3>\n<p>Combinez vos aventures avec notre <a href=\"https:\/\/canaryvip.com\/fr\/shop\/twin-ticket-siam-park-and-loro-parque\/\">Offre de billets jumel\u00e9s<\/a>!<\/p>\n<p>Faites l'exp\u00e9rience du palpitant Siam Park et de l'enchanteur Loro Parque \u00e0 un tarif pr\u00e9f\u00e9rentiel.<\/p>\n<ul>\n<li><strong>Doublez le plaisir :<\/strong> Un seul billet, deux parcs extraordinaires.<\/li>\n<li><strong>Plus d'\u00e9conomies :<\/strong> Profitez des deux attractions \u00e0 un prix combin\u00e9 inf\u00e9rieur.<\/li>\n<li><strong>Une exp\u00e9rience sans faille :<\/strong> Un seul achat pour deux exp\u00e9riences inoubliables.<\/li>\n<\/ul>\n<p><a href=\"https:\/\/canaryvip.com\/fr\/shop\/twin-ticket-siam-park-and-loro-parque\/\" target=\"_new\" rel=\"noopener\">Cliquez ici pour en savoir plus et \u00e9conomiser gr\u00e2ce \u00e0 notre offre de billets jumel\u00e9s !<\/a><\/p>\n<h3>\ud83c\udf9f\ufe0f <strong>Pourquoi choisir CanaryVIP pour les billets Siam Park ?<\/strong><\/h3>\n<ul>\n<li><strong>R\u00e9servation facile :<\/strong> Obtenir des billets et des moyens de transport en une seule fois.<\/li>\n<li><strong>Offres exclusives :<\/strong> Acc\u00e9dez \u00e0 des offres qui ne sont pas disponibles ailleurs.<\/li>\n<li><strong>Support d\u00e9di\u00e9 :<\/strong> Notre \u00e9quipe est \u00e0 votre disposition pour toute question ou modification.<\/li>\n<\/ul>\n<p><strong>\ud83d\udd17 Explorez Siam Park avec confort et facilit\u00e9 !<\/strong><br \/>\nCanaryVIP s'efforce de rendre votre visite \u00e0 Siam Park aussi agr\u00e9able et facile que possible. Des transferts pratiques aux offres de billets exclusives, nous avons tout pr\u00e9vu. Pr\u00e9parez-vous \u00e0 passer une nuit extraordinaire au Siam Park avec CanaryVIP !<\/p>\n<h3>\ud83c\udf1f <strong>Experience Siam Night - FAQs<\/strong><\/h3>\n<ul>\n<li><strong>Heures d'ouverture :<\/strong> De 20h00 \u00e0 00h00. Du mardi au samedi (du 2 juillet au 31 ao\u00fbt).<\/li>\n<li><strong>Prix des billets :<\/strong> 45\u20ac pour les adultes, 32\u20ac pour les enfants (3-11 ans).<\/li>\n<li><strong>Admission pour les enfants :<\/strong> Oui, mais les enfants de moins de 16 ans doivent \u00eatre accompagn\u00e9s d'un adulte.<\/li>\n<li><strong>Toutes les attractions sont ouvertes :<\/strong> Tous les grands man\u00e8ges, sauf ceux destin\u00e9s aux enfants en bas \u00e2ge.<\/li>\n<li><strong>Temp\u00e9rature :<\/strong> L'eau est chauff\u00e9e \u00e0 24\u00baC, mais pr\u00e9voyez une veste pour apr\u00e8s les promenades.<\/li>\n<li><strong>Atmosph\u00e8re :<\/strong> Anim\u00e9 par des DJ en direct, il est parfait pour les groupes d'amis.<\/li>\n<li><strong>Politique d'annulation :<\/strong> Annulation gratuite jusqu'\u00e0 72 heures avant la visite.<\/li>\n<\/ul>\n<p>Pr\u00e9parez-vous \u00e0 une nuit palpitante sous les \u00e9toiles \u00e0 Siam Park avec CanaryVIP !<\/p>","protected":false},"excerpt":{"rendered":"<p><strong>\ud83d\udd0d Cartes d'entr\u00e9e au parc de Siam :<\/strong><br \/>\n\u2705 Paiement s\u00e9curis\u00e9.<br \/>\n\ud83d\udd59 Ouvert de 20h00 \u00e0 00h00.<br \/>\n\ud83c\udf05 Seulement pendant l'\u00e9t\u00e9.<br \/>\n\ud83d\udca6 Eau chauff\u00e9e \u00e0 24\u00baC.<br \/>\n\ud83c\udf0a Acc\u00e8s \u00e0 tous les man\u00e8ges passionnants.<br \/>\n\ud83d\udcaf Meilleur parc aquatique d'Europe.<br \/>\n\ud83e\udd11 Meilleur prix garanti.<br \/>\n\ud83d\udc6a R\u00e9ductions pour les r\u00e9servations de groupe.<br \/>\n\ud83d\udd01 Jusqu'\u00e0 72h Annulation.<br \/>\n\ud83c\udf0d Prise en charge dans plusieurs langues.<br \/>\n\ud83c\udf1f R\u00e9servez maintenant et \u00e9conomisez !<br \/>\n2\ufe0f\u20e3 V\u00e9rifier l'offre <a href=\"https:\/\/canaryvip.com\/fr\/shop\/twin-ticket-siam-park-and-loro-parque\/\">Siam + Loro Parque<\/a>.<br \/>\n\ud83d\udc32 D\u00e9couvrir <a href=\"https:\/\/canaryvip.com\/fr\/tenerife\/theme-parks\/siam-park-tickets\/\">tous les billets pour Siam Park ici<\/a>!<br \/>\n\ud83d\udccd Trouver <a href=\"https:\/\/maps.app.goo.gl\/UfftQG3CrqW5R81r9\">Siam Park sur Google Maps<\/a>!<\/p>","protected":false},"featured_media":12151,"comment_status":"open","ping_status":"closed","template":"","meta":{"_acf_changed":false},"product_brand":[],"product_cat":[54,55],"product_tag":[],"class_list":{"0":"post-12147","1":"product","2":"type-product","3":"status-publish","4":"has-post-thumbnail","6":"product_cat-theme-parks","7":"product_cat-siam-park-tickets","8":"wcpa_has_options","10":"first","11":"instock","12":"virtual","13":"purchasable","14":"product-type-simple"},"acf":[],"wcpa_form_fields":{"wcpaData":{"product":{"product_price":48,"price_html":"From&nbsp;<span class=\"woocommerce-Price-amount amount\"><bdi>48,00&nbsp;<span class=\"woocommerce-Price-currencySymbol\">&euro;<\/span><\/bdi><\/span>","original_product_price":48,"price_including_tax":48,"price_excluding_tax":48,"product_id":{"parent":12147,"variation":false},"is_variable":false,"stock_status":"instock","stock_quantity":null,"parent_sku":"CV12147","product_attributes":[],"custom_fields":[],"is_taxable":false,"product_name":"Buy Siam Night Tickets","hasImage":false},"fields":{"sec_1066827b72b689a":{"extra":{"key":"sec_1066827b72b689a","section_id":"sec_1066827b72b689a","name":"Default","status":1,"cl_rule":"show","enableCl":false,"relations":[],"toggle":true,"title_tag":"h3","show_title":false,"showPrice":"default","form_id":12152,"form_rules":{"exclude_from_discount":true,"fee_label":"Fee","disp_hide_options_price":true,"disp_show_section_price":false,"disp_show_field_price":true,"layout_option":"standard","pric_use_as_fee":false,"process_fee_as":"woo_fee"},"layout_option":"standard"},"fields":[[{"label":"\ud83d\udcc5 Date","active":true,"required":true,"elementId":"date_066827b72b68b9","picker_type":"custom","picker_mode":"single","placeholder":"","description":"","tooltip":"","name":"date_066827b72b68b9","label_position":"default","desc_position":"default","enablePrice":false,"className":"","enableCl":false,"relations":[{"operator":"and","rules":[{"operator":"AND","rules":{"cl_field":"radio-group_666827b72b68c8","cl_relation":"is","cl_val":"3 Hour Trip"}}]}],"date_pic_inline":true,"date_pic_inline_hide":true,"min_date":{"type":"date","val":"2025-07-01"},"max_date":{"type":"date","val":"2025-08-31"},"date_pic_conf":{"disabledWeeks":[1,0],"enabledDates":[]},"price":"","cl_rule":"show","col":6,"type":"date","error":false,"enableDesign":false,"LabelColor":"","gt_translate_keys":["label","placeholder","description","tooltip"],"price_dependency":false,"cl_dependency":false,"value":""}]]},"sec_166827b72b68c9":{"extra":{"key":"sec_166827b72b68c9","section_id":"sec_166827b72b68c9","name":"Siam Park Regular Tickets","status":1,"cl_rule":"show","enableCl":false,"relations":[{"operator":false,"rules":[{"operator":"AND","rules":{"cl_field":"radio-group_666827b72b68c8","cl_relation":"is","cl_val":"Siam Park Regular Tickets"}}]}],"toggle":true,"title_tag":"h4","show_title":false,"showPrice":"default","layout_option":"standard","form_id":12152,"form_rules":{"exclude_from_discount":true,"fee_label":"Fee","disp_hide_options_price":true,"disp_show_section_price":false,"disp_show_field_price":true,"layout_option":"standard","pric_use_as_fee":false,"process_fee_as":"woo_fee"}},"fields":[[{"elementId":"separator_266827b72b68d5","separatorType":"blank","className":"","height":"10","enableCl":false,"relations":false,"cl_rule":"show","col":6,"type":"separator","gt_translate_keys":[],"price_dependency":false,"cl_dependency":false,"value":""}],[{"active":true,"col":6,"relations":false,"cl_rule":"show","enableCl":false,"price":"","enablePrice":false,"className":"","label_position":"default","desc_position":"default","type":"content","required":false,"elementId":"content_166827b72b68e0","label":"People","name":"content_166827b72b68e0","contentType":"plain","value":"","error":false,"show_in_checkout":true,"inline":false,"gt_translate_keys":["label","value"],"price_dependency":false,"cl_dependency":false}],[{"label":"","active":true,"required":false,"elementId":"radio-group_366827b72b68f5","name":"radio-group_366827b72b68f5","label_position":"default","desc_position":"default","enablePrice":true,"className":"","enableCl":false,"relations":[{"operator":false,"rules":[{"operator":"or","rules":{"cl_field":"date_066827b72b68b9","cl_relation":"month_is","cl_val":[1,2,3,4,5,6,10,11,12,9]}},{"operator":"AND","rules":{"cl_field":"date_066827b72b68b9","cl_relation":"is_empty","cl_val":""}}]}],"enable_quantity":true,"quantity_label":"","min_quantity":"0","checkUi":"button","layOut":"","options_tooltip":true,"options_description":true,"values":[{"label":"\ud83d\udc64 Adult (48\u20ac)","value":"Adult","selected":true,"tempId":"aco_32","tooltip":"+12 Years","description":"","gt_translate_keys":["label","tooltip","description"]}],"priceOptions":"fixed_for_all","pricingType":"fixed","price":"48","cl_rule":"hide","col":6,"type":"radio-group","error":false,"gt_translate_keys":["label","quantity_label"],"price_dependency":false,"cl_dependency":false,"value":""}],[{"label":"","active":true,"required":false,"elementId":"radio-group_166827b72b690a","name":"radio-group_166827b72b690a","label_position":"default","desc_position":"default","enablePrice":true,"className":"","enableCl":false,"relations":[{"operator":false,"rules":[{"operator":"or","rules":{"cl_field":"date_066827b72b68b9","cl_relation":"month_is","cl_val":[1,2,3,4,5,6,9,10,11,12]}},{"operator":"AND","rules":{"cl_field":"date_066827b72b68b9","cl_relation":"is_empty","cl_val":""}}]}],"enable_quantity":true,"quantity_label":"","min_quantity":"0","checkUi":"button","layOut":"","options_tooltip":true,"options_description":true,"values":[{"label":"\ud83d\udc66 Child (36\u20ac)","value":"Child","selected":true,"tempId":"aco_32","tooltip":"2-11 Years","description":"","gt_translate_keys":["label","tooltip","description"]}],"priceOptions":"fixed_for_all","pricingType":"fixed","price":"36","cl_rule":"hide","col":6,"type":"radio-group","error":false,"gt_translate_keys":["label","quantity_label"],"price_dependency":false,"cl_dependency":false,"value":""}],[{"label":"","active":true,"required":false,"elementId":"radio-group_866827b72b6914","name":"radio-group_866827b72b6914","label_position":"default","desc_position":"default","enablePrice":true,"className":"","enableCl":false,"relations":false,"enable_quantity":true,"quantity_label":"","min_quantity":"0","checkUi":"button","layOut":"","values":[{"label":"\ud83d\udc76 Infant (Free)","value":"Infant (Free)","selected":true,"tempId":"aco_32","tooltip":"0-1 Years","gt_translate_keys":["label","tooltip"]}],"priceOptions":"fixed_for_all","pricingType":"fixed","price":"0","cl_rule":"show","col":6,"type":"radio-group","error":false,"options_tooltip":true,"gt_translate_keys":["label","quantity_label"],"price_dependency":false,"cl_dependency":false,"value":""}]]}},"config":{"price_override":"always","enable_recaptcha":false,"bind_quantity":false,"quantity_bind_formula":false,"disp_summ_show_option_price":true,"disp_summ_show_product_price":false,"disp_summ_show_total_price":true,"disp_summ_show_fee":true,"disp_summ_show_discount":true,"summary_title":"","options_total_label":"Options Price","total_label":"Total Amount","options_product_label":"Product Price","fee_label":"Fee","discount_label":"Discount","has_price":true,"has_quantity_formula":false},"mc_unit":1,"tax_rate":1,"tax_rate_real":1,"discount":{"percentage":0,"fixed":0},"design":{"conf":{"LabelPosition":"above","DescPosition":"above","UploadField":"custom_1","QuantityFieldStyle":"custom_1"},"css":{"LeftLabelWidth":"120px"}},"formulas":[],"lookuptables":[],"clones":false,"cartKey":false}},"_links":{"self":[{"href":"https:\/\/canaryvip.com\/fr\/wp-json\/wp\/v2\/product\/12147","targetHints":{"allow":["GET"]}}],"collection":[{"href":"https:\/\/canaryvip.com\/fr\/wp-json\/wp\/v2\/product"}],"about":[{"href":"https:\/\/canaryvip.com\/fr\/wp-json\/wp\/v2\/types\/product"}],"replies":[{"embeddable":true,"href":"https:\/\/canaryvip.com\/fr\/wp-json\/wp\/v2\/comments?post=12147"}],"wp:featuredmedia":[{"embeddable":true,"href":"https:\/\/canaryvip.com\/fr\/wp-json\/wp\/v2\/media\/12151"}],"wp:attachment":[{"href":"https:\/\/canaryvip.com\/fr\/wp-json\/wp\/v2\/media?parent=12147"}],"wp:term":[{"taxonomy":"product_brand","embeddable":true,"href":"https:\/\/canaryvip.com\/fr\/wp-json\/wp\/v2\/product_brand?post=12147"},{"taxonomy":"product_cat","embeddable":true,"href":"https:\/\/canaryvip.com\/fr\/wp-json\/wp\/v2\/product_cat?post=12147"},{"taxonomy":"product_tag","embeddable":true,"href":"https:\/\/canaryvip.com\/fr\/wp-json\/wp\/v2\/product_tag?post=12147"}],"curies":[{"name":"wp","href":"https:\/\/api.w.org\/{rel}","templated":true}]}}