{"id":11971,"date":"2024-06-22T22:45:14","date_gmt":"2024-06-22T21:45:14","guid":{"rendered":"https:\/\/canaryvip.com\/?post_type=product&#038;p=11971"},"modified":"2025-08-09T14:04:29","modified_gmt":"2025-08-09T13:04:29","slug":"silvia-yacht-charter-gran-canaria","status":"publish","type":"product","link":"https:\/\/canaryvip.com\/fr\/shop\/silvia-yacht-charter-gran-canaria\/","title":{"rendered":"Silvia : Location de bateaux<br\/>Grande Canarie"},"content":{"rendered":"<h2>\ud83d\udee5\ufe0f Silvia Location de bateaux Gran Canaria avec CanaryVIP<\/h2>\n<p>D\u00e9couvrez la magie des \u00eeles Canaries \u00e0 bord du <strong>Silvia Yacht Charter<\/strong>L'h\u00f4tel est un moyen exclusif et luxueux d'explorer le magnifique littoral de la Grande Canarie. Pouvant accueillir jusqu'\u00e0 8 personnes, cet \u00e9l\u00e9gant <strong>location de bateaux priv\u00e9s \u00e0 Gran Canaria<\/strong> offre l'\u00e9vasion parfaite pour les petits groupes en qu\u00eate de d\u00e9tente, d'aventure et de souvenirs inoubliables.<\/p>\n<p>Chez CanaryVIP, nous vous facilitons l'acc\u00e8s \u00e0 ce service. <strong>louer un yacht Gran Canaria<\/strong> avec un processus de r\u00e9servation sans faille et un service exceptionnel.<\/p>\n<h3>\u2b50\ufe0f Pourquoi choisir la location de bateaux Silvia \u00e0 Gran Canaria ?<\/h3>\n<p>Voici pourquoi la <strong>Silvia Yacht Charter<\/strong> est l'une des meilleures options pour votre prochaine aventure :<\/p>\n<h4><strong>Exp\u00e9rience priv\u00e9e et exclusive<\/strong><\/h4>\n<p>Avec une capacit\u00e9 totale de 8 personnes, ce yacht priv\u00e9 est parfait pour les r\u00e9unions intimes, qu'il s'agisse d'une sortie en famille, d'une escapade romantique ou d'une c\u00e9l\u00e9bration sp\u00e9ciale.<\/p>\n<h4><strong>Confort et sophistication<\/strong><\/h4>\n<p>D\u00e9tendez-vous dans ce spacieux yacht de 13 m\u00e8tres, \u00e0 l'int\u00e9rieur \u00e9l\u00e9gant et bien entretenu. Admirez les vues panoramiques depuis le salon, d\u00e9tendez-vous sur le pont ou profitez du soleil tout en \u00e9tant entour\u00e9 par la beaut\u00e9 \u00e9poustouflante du littoral de la Grande Canarie.<\/p>\n<h4><strong>Activit\u00e9s nautiques passionnantes<\/strong><\/h4>\n<p>Votre <strong>location de bateaux \u00e0 Gran Canaria<\/strong> propose de nombreuses options pour vous divertir :<\/p>\n<ul>\n<li><strong>\ud83e\udd3f Mat\u00e9riel de plong\u00e9e avec tuba :<\/strong> D\u00e9couvrez le monde sous-marin gr\u00e2ce au masque et aux palmes inclus.<\/li>\n<li><strong>\ud83c\udf4c Promenade en bateau banane :<\/strong> Ajoutez du piquant \u00e0 votre journ\u00e9e en faisant une excursion gratuite en bateau-banane.<\/li>\n<li><strong>\ud83c\udfc4\u200d\u2640\ufe0f Paddle Board Utilisation :<\/strong> Le stand-up paddleboard (planche \u00e0 pagaie) est un moyen amusant et relaxant de profiter des eaux calmes.<\/li>\n<li>Des r\u00e9ductions sur d'autres sports nautiques sont \u00e9galement disponibles pour une aventure compl\u00e8te.<\/li>\n<\/ul>\n<h3>\ud83d\udea4 Options de voyage sur le yacht Silvia<\/h3>\n<p>Vous avez le choix entre deux dur\u00e9es de voyage qui correspondent \u00e0 votre emploi du temps et \u00e0 vos pr\u00e9f\u00e9rences :<\/p>\n<ul>\n<li><strong>Charte priv\u00e9e de 3 heures :<\/strong> Une escapade courte mais luxueuse avec beaucoup de temps pour nager, faire du snorkeling et se d\u00e9tendre.\n<ul>\n<li>Heures de d\u00e9part : 09:00-12:00, 12:00-15:00, ou 15:00-18:00.<\/li>\n<\/ul>\n<\/li>\n<li><strong>Charte priv\u00e9e de 6 heures :<\/strong> Un voyage prolong\u00e9 pour s'immerger totalement dans la beaut\u00e9 naturelle de la Grande Canarie.\n<ul>\n<li>Heures de d\u00e9part : 09:00-15:00, 12:00-18:00, ou 15:00-21:00 (uniquement en \u00e9t\u00e9).<\/li>\n<\/ul>\n<\/li>\n<\/ul>\n<h3>\ud83e\udd42 Ce qui est inclus dans votre location de bateau<\/h3>\n<p>Votre <strong>louer un yacht Gran Canaria<\/strong> comprend tout ce dont vous avez besoin pour passer une journ\u00e9e m\u00e9morable en mer :<\/p>\n<ul>\n<li>Des en-cas comme les chips et les noix.<\/li>\n<li>Boissons provenant d'un bar ouvert, y compris bi\u00e8re, boissons non alcoolis\u00e9es et eau.<\/li>\n<li>Equipement de plong\u00e9e avec tuba, utilisation de paddleboard et balade gratuite en bateau banane.<\/li>\n<li>Transport depuis et vers les h\u00f4tels du sud de la Grande Canarie (sur demande).<\/li>\n<li>Une assurance pour votre tranquillit\u00e9 d'esprit.<\/li>\n<li>D\u00e9jeuner facultatif (10 \u20ac par personne, \u00e0 demander lors de la r\u00e9servation).<\/li>\n<\/ul>\n<h3>\ud83d\udccd D\u00e9tails du d\u00e9part<\/h3>\n<ul>\n<li><strong>Localisation :<\/strong> <a href=\"https:\/\/maps.app.goo.gl\/Xhe545W98um3rx6W8\" target=\"_blank\" rel=\"noopener\">Puerto de Mog\u00e1n<\/a>, Gran Canaria.<\/li>\n<li><strong>Transport :<\/strong> Un service de ramassage est disponible en option pour plus de commodit\u00e9.<\/li>\n<li><strong>Les temps :<\/strong> Plusieurs d\u00e9parts quotidiens pour s'adapter \u00e0 votre emploi du temps.<\/li>\n<\/ul>\n<h3>\u2705 Politique d'annulation transparente<\/h3>\n<p>Nous accordons la priorit\u00e9 \u00e0 votre tranquillit\u00e9 d'esprit en mettant en place des politiques d'annulation claires et flexibles :<\/p>\n<ul>\n<li><strong>Garantie m\u00e9t\u00e9orologique :<\/strong> En cas de conditions m\u00e9t\u00e9orologiques d\u00e9favorables, vous pouvez reporter la date ou \u00eatre int\u00e9gralement rembours\u00e9.<\/li>\n<li><strong>Annulations flexibles :<\/strong> Vous pouvez annuler ou reprogrammer gratuitement votre voyage jusqu'\u00e0 8 jours avant la date pr\u00e9vue. Les arrhes ne sont pas remboursables en cas d'annulation \u00e0 moins de 8 jours du d\u00e9part pr\u00e9vu.<\/li>\n<\/ul>\n<h3>\ud83d\udc68\u200d\u2708\ufe0f Conseils pour votre aventure sur le yacht Silvia<\/h3>\n<p>Ces conseils vous permettront d'optimiser votre journ\u00e9e en mer :<\/p>\n<ul>\n<li>Apportez un maillot de bain, une serviette et de la cr\u00e8me solaire.<\/li>\n<li>Portez des v\u00eatements confortables et adapt\u00e9s \u00e0 la m\u00e9t\u00e9o.<\/li>\n<li>Pr\u00e9parez votre billet CanaryVIP, sur votre t\u00e9l\u00e9phone ou imprim\u00e9.<\/li>\n<li>Mangez un repas l\u00e9ger au pr\u00e9alable pour \u00e9viter le mal de mer.<\/li>\n<\/ul>\n<h3>\ud83c\udf1f Pourquoi r\u00e9server avec CanaryVIP<\/h3>\n<p>Chez CanaryVIP, nous sommes passionn\u00e9s par la cr\u00e9ation d'exp\u00e9riences inoubliables sur l'eau. Que vous soyez \u00e0 la recherche d'un <strong>yacht de luxe \u00e0 Gran Canaria<\/strong> ou d'une aventure amusante, nous offrons la meilleure <a href=\"https:\/\/canaryvip.com\/fr\/shop\/magic-island-yacht-charter-gran-canaria\/\"><strong>location de bateaux \u00e0 Gran Canaria<\/strong><\/a> options, adapt\u00e9es \u00e0 vos besoins.<\/p>\n<p>R\u00e9servez votre <strong>Silvia Yacht Charter<\/strong> et embarquez pour un voyage de d\u00e9tente, d'aventure et de vues \u00e0 couper le souffle.<\/p>\n<p>\ud83d\udc49 <a href=\"https:\/\/canaryvip.com\/fr\/\" target=\"_new\" rel=\"noopener\"><span>R\u00e9serve<\/span><span> Maintenant<\/span><\/a> et am\u00e9liorez votre exp\u00e9rience des vacances !<\/p>","protected":false},"excerpt":{"rendered":"<p><strong>\ud83d\udd0d Magic Island Gran Canaria :<\/strong><br \/>\n\u2705 Paiement s\u00e9curis\u00e9.<br \/>\n\ud83d\udd10 Visites priv\u00e9es.<br \/>\n\ud83d\udee5\ufe0f 13m Yacht Comfort.<br \/>\n\u23f3 Visites quotidiennes de 3H et 6H.<br \/>\n\ud83d\udd59 Diff\u00e9rentes heures de d\u00e9part.<br \/>\n\ud83d\udc65 Jusqu'\u00e0 12 personnes.<br \/>\n\ud83e\udd3f L'\u00e9quipement de plong\u00e9e avec tuba est fourni.<br \/>\n\ud83d\ude8c Prise en charge et d\u00e9pose.<br \/>\n\ud83e\udd11 Meilleur prix garanti.<br \/>\n\ud83d\udc6a R\u00e9ductions activ\u00e9es.<br \/>\n\ud83d\udd01 Annulation jusqu'\u00e0 8 jours.<br \/>\n\ud83c\udf0d \u00c9quipage multilingue.<br \/>\n\ud83c\udf1f R\u00e9servez t\u00f4t et \u00e9conomisez !<br \/>\n\ud83d\udccd D\u00e9part de <a href=\"https:\/\/maps.app.goo.gl\/4TJkgAg6UBpnsyhm9\">Puerto de Mog\u00e1n<\/a>.<\/p>","protected":false},"featured_media":12219,"comment_status":"open","ping_status":"closed","template":"","meta":{"_acf_changed":false},"product_brand":[],"product_cat":[132],"product_tag":[],"class_list":{"0":"post-11971","1":"product","2":"type-product","3":"status-publish","4":"has-post-thumbnail","6":"product_cat-boat-hire-gran-canaria","7":"wcpa_has_options","9":"first","10":"instock","11":"virtual","12":"purchasable","13":"product-type-simple"},"acf":[],"wcpa_form_fields":{"wcpaData":{"product":{"product_price":450,"price_html":"From&nbsp;<span class=\"woocommerce-Price-amount amount\"><bdi>450,00&nbsp;<span class=\"woocommerce-Price-currencySymbol\">&euro;<\/span><\/bdi><\/span>","original_product_price":450,"price_including_tax":450,"price_excluding_tax":450,"product_id":{"parent":11971,"variation":false},"is_variable":false,"stock_status":"instock","stock_quantity":null,"parent_sku":"CV11971","product_attributes":[],"custom_fields":[],"is_taxable":false,"product_name":"Silvia: Yacht Charter<br\/>Gran Canaria","hasImage":false},"fields":{"sec_26687d4f04b1a4":{"extra":{"key":"sec_26687d4f04b1a4","section_id":"sec_26687d4f04b1a4","name":"Default","status":1,"cl_rule":"show","enableCl":false,"relations":[],"toggle":true,"title_tag":"h3","show_title":false,"showPrice":"default","form_id":12255,"form_rules":{"exclude_from_discount":true,"fee_label":"Fee","disp_hide_options_price":true,"disp_show_section_price":false,"disp_show_field_price":true,"layout_option":"standard","pric_use_as_fee":false,"process_fee_as":"woo_fee"},"layout_option":"standard"},"fields":[[{"label":"\ud83d\udcc5 Date","active":true,"required":true,"elementId":"date_106687d4f04b1c4","picker_type":"custom","picker_mode":"single","placeholder":"","description":"","tooltip":"","name":"date_106687d4f04b1c4","label_position":"default","desc_position":"default","enablePrice":false,"className":"","enableCl":false,"relations":[{"operator":"and","rules":[{"operator":"AND","rules":{"cl_field":"radio-group_565c78ffa81208","cl_relation":"is","cl_val":"3 Hour Trip"}}]}],"date_pic_inline":true,"date_pic_inline_hide":true,"min_date":{"type":"days","val":"2"},"max_date":{"type":"days","val":"365"},"date_pic_conf":{"disabledWeeks":[]},"price":"","cl_rule":"show","col":6,"type":"date","error":false,"enableDesign":false,"LabelColor":"","gt_translate_keys":["label","placeholder","description","tooltip"],"price_dependency":false,"cl_dependency":false,"value":""}],[{"elementId":"separator_76687d4f04b1e0","separatorType":"blank","className":"","height":"3","enableCl":false,"relations":false,"cl_rule":"show","col":6,"type":"separator","error":false,"gt_translate_keys":[],"price_dependency":false,"cl_dependency":false,"value":""}],[{"active":true,"col":6,"relations":false,"cl_rule":"show","enableCl":false,"price":"","enablePrice":true,"className":"","label_position":"default","desc_position":"default","type":"select","required":true,"elementId":"select_96687d4f04b1ea","label":"\u23f3 Trip Duration","name":"select_96687d4f04b1ea","values":[{"label":"3 Hours (450\u20ac)","value":"3","selected":false,"tempId":"aco_556","price":"450","gt_translate_keys":["label"]},{"label":"6 Hours (800\u20ac)","value":"6","selected":false,"tempId":"aco_122","price":"800","gt_translate_keys":["label"]}],"dropdown_type":"basic","error":false,"placeholder":"Select Trip Duration","priceOptions":"different_for_all","pricingType":"fixed","is_show_price":false,"gt_translate_keys":["label","placeholder"],"price_dependency":false,"cl_dependency":false,"value":""}],[{"label":"\u2705 Number of People","active":true,"required":true,"elementId":"select_86687d4f04b1f4","dropdown_type":"basic","placeholder":"Select Number of People","name":"select_86687d4f04b1f4","label_position":"default","desc_position":"default","enablePrice":false,"className":"","enableCl":false,"relations":[{"operator":false,"rules":[{"operator":"AND","rules":{"cl_field":"radio-group_565c78ffa81208","cl_relation":"is","cl_val":"3 Hour Trip"}}]}],"values":[{"label":"1 person","value":"1","selected":false,"tempId":"aco_1471","price":"0","gt_translate_keys":["label"]},{"label":"2 people","value":"2","selected":false,"tempId":"aco_1472","price":"0","gt_translate_keys":["label"]},{"label":"3 people","value":"3","selected":false,"tempId":"aco_1500","price":"0","gt_translate_keys":["label"]},{"label":"4 people","value":"4","selected":false,"tempId":"aco_1510","price":"0","gt_translate_keys":["label"]},{"label":"5 people","value":"5","selected":false,"tempId":"aco_1520","price":"0","gt_translate_keys":["label"]},{"label":"6 people","value":"6","selected":false,"tempId":"aco_1728","price":"0","gt_translate_keys":["label"]},{"label":"7 people","value":"7","selected":false,"tempId":"aco_1738","price":"0","gt_translate_keys":["label"]},{"label":"8 people","value":"8","selected":false,"tempId":"aco_1748","price":"0","gt_translate_keys":["label"]}],"price":"","cl_rule":"show","col":6,"type":"select","error":false,"priceOptions":"different_for_all","pricingType":"fixed","is_show_price":false,"gt_translate_keys":["label","placeholder"],"price_dependency":["select_86687d4f04b1fe"],"cl_dependency":false,"value":""}],[{"active":true,"col":6,"relations":false,"cl_rule":"show","enableCl":false,"price":"","enablePrice":true,"className":"","label_position":"default","desc_position":"default","type":"select","required":false,"elementId":"select_86687d4f04b1fe","label":"\ud83c\udf57 Meal (+10\u20ac\/person)","name":"select_86687d4f04b1fe","values":[{"label":"No","value":"No","selected":false,"tempId":"aco_2562","price":"","gt_translate_keys":["label"]},{"label":"Yes (+10\u20ac\/person)","value":"Yes","selected":false,"tempId":"aco_2563","price":"{field.select_86687d4f04b1f4.value}*10","gt_translate_keys":["label"]}],"dropdown_type":"basic","error":false,"description":"Snacks and drinks are included. If you want an extra meal, please select this option. The meal is marinated chicken with mojo potatoes and coleslaw.","priceOptions":"different_for_all","pricingType":"custom","isTemplate":false,"is_show_price":true,"gt_translate_keys":["label","description"],"price_dependency":false,"cl_dependency":false,"value":""}]]},"sec_106687d4f04b227":{"extra":{"key":"sec_106687d4f04b227","section_id":"sec_106687d4f04b227","name":"Pickup Location","status":1,"cl_rule":"show","enableCl":false,"relations":[],"toggle":true,"title_tag":"h4","show_title":false,"showPrice":"default","form_id":12255,"form_rules":{"exclude_from_discount":true,"fee_label":"Fee","disp_hide_options_price":true,"disp_show_section_price":false,"disp_show_field_price":true,"layout_option":"standard","pric_use_as_fee":false,"process_fee_as":"woo_fee"},"layout_option":"standard"},"fields":[[{"elementId":"separator_16687d4f04b232","separatorType":"blank","className":"","height":"3","enableCl":false,"relations":false,"cl_rule":"show","col":6,"type":"separator","error":false,"gt_translate_keys":[],"price_dependency":false,"cl_dependency":false,"value":""}],[{"active":true,"col":6,"relations":[{"operator":false,"rules":[{"operator":"AND","rules":{"cl_field":"radio-group_565c78ffa81208","cl_relation":"is","cl_val":"3 Hour Trip"}}]}],"cl_rule":"show","enableCl":false,"price":"","enablePrice":false,"className":"","label_position":"default","desc_position":"default","type":"select","required":false,"elementId":"select_66687d4f04b23c","label":"\u23f0 Departure","name":"select_66687d4f04b23c","values":[{"label":"09:00","value":"09:00","selected":false,"tempId":"aco_1471","gt_translate_keys":["label"]},{"label":"12:00","value":"12:00","selected":false,"tempId":"aco_1510","gt_translate_keys":["label"]},{"label":"15:00","value":"15:00","selected":false,"tempId":"aco_1738","gt_translate_keys":["label"]}],"dropdown_type":"basic","error":false,"placeholder":"Whichever Time is Best","gt_translate_keys":["label","placeholder"],"price_dependency":false,"cl_dependency":false,"value":""}],[{"elementId":"separator_86687d4f04b246","separatorType":"blank","className":"","height":"1","enableCl":false,"relations":false,"cl_rule":"show","col":6,"type":"separator","gt_translate_keys":[],"price_dependency":false,"cl_dependency":false,"value":""}],[{"elementId":"separator_86687d4f04b250","separatorType":"blank","className":"","height":"1","enableCl":false,"relations":false,"cl_rule":"show","col":6,"type":"separator","error":false,"gt_translate_keys":[],"price_dependency":false,"cl_dependency":false,"value":""}],[{"active":true,"col":6,"relations":false,"cl_rule":"show","enableCl":false,"price":"","enablePrice":false,"className":"","label_position":"default","desc_position":"default","type":"text","subtype":"text","required":false,"elementId":"text_66687d4f04b259","label":"\ud83d\ude8c Pickup Location","name":"text_66687d4f04b259","value":"","error":false,"description":"Pick-up service in some locations. Simply provide your address or hotel name. (+2\u20ac\/person paid at pickup to the driver)","gt_translate_keys":["label","description","value"],"price_dependency":false,"cl_dependency":false}]]}},"config":{"price_override":"always","enable_recaptcha":false,"bind_quantity":false,"quantity_bind_formula":false,"disp_summ_show_option_price":true,"disp_summ_show_product_price":false,"disp_summ_show_total_price":true,"disp_summ_show_fee":true,"disp_summ_show_discount":true,"summary_title":"","options_total_label":"Options Price","total_label":"Total Amount","options_product_label":"Product Price","fee_label":"Fee","discount_label":"Discount","has_price":true,"has_quantity_formula":false},"mc_unit":1,"tax_rate":1,"tax_rate_real":1,"discount":{"percentage":0,"fixed":0},"design":{"conf":{"LabelPosition":"above","DescPosition":"above","UploadField":"custom_1","QuantityFieldStyle":"custom_1"},"css":{"LeftLabelWidth":"120px"}},"formulas":{"fmla_1708364241278155361":"(({field.select_3666b1eb2b11fe.value}>=8)?(1400):(({field.select_3666b1eb2b11fe.value}>=7)?(1225):(({field.select_3666b1eb2b11fe.value}>=6)?(1050):(({field.select_3666b1eb2b11fe.value}>=5)?(875):(({field.select_3666b1eb2b11fe.value}>=4)?(700):(({field.select_3666b1eb2b11fe.value}>=3)?(500):(0)))))))","fmla_1718295979528641619":"(({field.select_3666b1eb2b11fe.value}>=8)?(280):(({field.select_3666b1eb2b11fe.value}>=7)?(205):(({field.select_3666b1eb2b11fe.value}>=6)?(150):(({field.select_3666b1eb2b11fe.value}>=5)?(175):(({field.select_3666b1eb2b11fe.value}>=4)?(200):(({field.select_3666b1eb2b11fe.value}>=3)?(150):(0)))))))"},"lookuptables":[],"clones":false,"cartKey":false}},"_links":{"self":[{"href":"https:\/\/canaryvip.com\/fr\/wp-json\/wp\/v2\/product\/11971","targetHints":{"allow":["GET"]}}],"collection":[{"href":"https:\/\/canaryvip.com\/fr\/wp-json\/wp\/v2\/product"}],"about":[{"href":"https:\/\/canaryvip.com\/fr\/wp-json\/wp\/v2\/types\/product"}],"replies":[{"embeddable":true,"href":"https:\/\/canaryvip.com\/fr\/wp-json\/wp\/v2\/comments?post=11971"}],"wp:featuredmedia":[{"embeddable":true,"href":"https:\/\/canaryvip.com\/fr\/wp-json\/wp\/v2\/media\/12219"}],"wp:attachment":[{"href":"https:\/\/canaryvip.com\/fr\/wp-json\/wp\/v2\/media?parent=11971"}],"wp:term":[{"taxonomy":"product_brand","embeddable":true,"href":"https:\/\/canaryvip.com\/fr\/wp-json\/wp\/v2\/product_brand?post=11971"},{"taxonomy":"product_cat","embeddable":true,"href":"https:\/\/canaryvip.com\/fr\/wp-json\/wp\/v2\/product_cat?post=11971"},{"taxonomy":"product_tag","embeddable":true,"href":"https:\/\/canaryvip.com\/fr\/wp-json\/wp\/v2\/product_tag?post=11971"}],"curies":[{"name":"wp","href":"https:\/\/api.w.org\/{rel}","templated":true}]}}