{"id":11626,"date":"2024-06-06T11:14:41","date_gmt":"2024-06-06T10:14:41","guid":{"rendered":"https:\/\/canaryvip.com\/?post_type=product&#038;p=11626"},"modified":"2026-04-10T14:33:12","modified_gmt":"2026-04-10T13:33:12","slug":"natural-pools-masca-los-gigantes-tour","status":"publish","type":"product","link":"https:\/\/canaryvip.com\/fr\/shop\/natural-pools-masca-los-gigantes-tour\/","title":{"rendered":"Piscines naturelles, Masca et Los Gigantes + pique-nique"},"content":{"rendered":"<h2>\ud83c\udf0a A propos de Masca, des piscines naturelles et de Los Gigantes<\/h2>\n<p>D\u00e9couvrez l'une des collections les plus compl\u00e8tes <strong>Visites guid\u00e9es \u00e0 Tenerife<\/strong> avec cette exp\u00e9rience inoubliable alliant nature, culture locale et panoramas \u00e0 couper le souffle. Chez CanaryVIP, nous vous offrons la possibilit\u00e9 d'explorer les joyaux cach\u00e9s de l'\u00eele gr\u00e2ce \u00e0 cette exp\u00e9rience inoubliable qui combine la nature, la culture locale et des vues \u00e0 couper le souffle. <strong>Visite guid\u00e9e de Masca<\/strong>, L'\u00eele d'Aarhus est l'une des plus belles r\u00e9gions d'Europe, avec ses falaises spectaculaires, ses villages traditionnels et ses c\u00e9l\u00e8bres <strong>piscines naturelles Tenerife<\/strong> est connu pour.<\/p>\n<p>Ce circuit est con\u00e7u pour les voyageurs qui souhaitent d\u00e9couvrir un autre aspect de T\u00e9n\u00e9rife en petit groupe, dans une atmosph\u00e8re plus personnelle et d\u00e9tendue.<\/p>\n<h3>Points forts de l'excursion : Masca, piscines naturelles et Los Gigantes<\/h3>\n<ul>\n<li>\ud83c\udf04 <strong>Point de vue panoramique :<\/strong> Profitez d'une vue imprenable sur la vall\u00e9e de Masca, l'un des paysages les plus impressionnants de T\u00e9n\u00e9riffe.<\/li>\n<li>\ud83c\udfd8\ufe0f <strong>Village de Masca :<\/strong> Passez environ une heure \u00e0 explorer ce charmant village de montagne. Promenez-vous dans ses rues \u00e9troites, d\u00e9couvrez les produits locaux et impr\u00e9gnez-vous de l'atmosph\u00e8re unique qui y r\u00e8gne.<\/li>\n<li>\ud83c\udfd4\ufe0f <strong>Falaises de Los Gigantes :<\/strong> Visitez les c\u00e9l\u00e8bres falaises qui s'\u00e9l\u00e8vent \u00e0 600 m\u00e8tres au-dessus de l'oc\u00e9an, l'un des sites naturels les plus embl\u00e9matiques de l'\u00eele.<\/li>\n<li>\ud83c\udfca <strong>Piscines naturelles volcaniques et pique-nique :<\/strong> Rafra\u00eechissez-vous dans des piscines volcaniques naturelles au bord de la mer et profitez d'un pique-nique relaxant dans un cadre c\u00f4tier magnifique.<\/li>\n<\/ul>\n<h3>Ce qui est inclus dans votre exp\u00e9rience<\/h3>\n<ul>\n<li>\ud83e\uddd1\u200d\ud83c\udfeb Guide local sp\u00e9cialis\u00e9 ayant une connaissance approfondie de la r\u00e9gion.<\/li>\n<li>\ud83d\udee0\ufe0f Tout le mat\u00e9riel n\u00e9cessaire \u00e0 l'activit\u00e9.<\/li>\n<li>\ud83d\udee1\ufe0f Une assurance activit\u00e9 pour votre tranquillit\u00e9 d'esprit.<\/li>\n<li>\ud83d\ude90 Transport depuis\/vers le point de rencontre dans une camionnette confortable de 9 places.<\/li>\n<li>\ud83d\udcf8 Des photos et des vid\u00e9os de votre exp\u00e9rience pour ramener des souvenirs inoubliables \u00e0 la maison.<\/li>\n<\/ul>\n<h3>D\u00e9tails essentiels de la visite<\/h3>\n<ul>\n<li>\ud83d\udd52 <strong>Heure de d\u00e9but :<\/strong> L'hiver \u00e0 15h00 et l'\u00e9t\u00e9 \u00e0 16h00.<\/li>\n<li>\u23f3 <strong>Dur\u00e9e de l'enqu\u00eate :<\/strong> Environ 5 heures.<\/li>\n<li>\ud83d\udc65 <strong>Exp\u00e9rience en petit groupe :<\/strong> Le nombre de places est limit\u00e9 pour une visite plus personnalis\u00e9e.<\/li>\n<li>\ud83d\udccd <strong>Transport :<\/strong> Voyage dans une confortable camionnette \u00e0 9 places.<\/li>\n<li>\ud83e\udde5 <strong>Ce qu'il faut apporter :<\/strong> Des v\u00eatements confortables, un maillot de bain et une serviette pour les piscines naturelles.<\/li>\n<\/ul>\n<h3>Informations et politiques importantes<\/h3>\n<ul>\n<li>\ud83d\udd04 <strong>Politique d'annulation :<\/strong> L'annulation gratuite est possible si elle est demand\u00e9e au moins 72 heures \u00e0 l'avance pour les r\u00e9servations jusqu'\u00e0 3 personnes. Pour les r\u00e9servations de plus de 3 personnes, un pr\u00e9avis minimum de 5 jours est requis. Pour les groupes de plus de 7 personnes, les annulations doivent \u00eatre effectu\u00e9es au moins 10 jours \u00e0 l'avance. En raison de la disponibilit\u00e9 limit\u00e9e et de la petite taille des groupes, les annulations tardives ou les absences seront factur\u00e9es en totalit\u00e9. Nous vous recommandons toujours de confirmer vos plans \u00e0 l'avance.<\/li>\n<li>\ud83d\udd52 <strong>Ponctualit\u00e9 :<\/strong> Veuillez arriver \u00e0 l'heure au point de rencontre afin d'assurer un bon d\u00e9part au groupe.<\/li>\n<li>\u26a0\ufe0f <strong>Disponibilit\u00e9 limit\u00e9e :<\/strong> Cette exp\u00e9rience se d\u00e9roule en petits groupes, les places sont donc tr\u00e8s limit\u00e9es et ont tendance \u00e0 se vendre rapidement.<\/li>\n<\/ul>\n<h4>Soutien \u00e0 la tourn\u00e9e<\/h4>\n<ul>\n<li>\u2714\ufe0f Chez CanaryVIP, nous s\u00e9lectionnons soigneusement les exp\u00e9riences pour garantir la qualit\u00e9 et la s\u00e9curit\u00e9.<\/li>\n<li>\ud83d\udde3\ufe0f Pendant la visite, vous pouvez toujours parler directement \u00e0 votre guide pour obtenir de l'aide.<\/li>\n<li>\ud83d\udcde Notre \u00e9quipe est disponible avant et apr\u00e8s votre r\u00e9servation si vous avez besoin d'aide ou si vous avez des questions.<\/li>\n<\/ul>\n<h3>\ud83c\udf0a\ud83c\udfd4\ufe0f R\u00e9servez d\u00e8s aujourd'hui votre excursion \u00e0 Masca et dans les piscines naturelles<\/h3>\n<p>Si vous \u00eates \u00e0 la recherche d'une des meilleures <strong>Visites guid\u00e9es \u00e0 Tenerife<\/strong>, Le voyage de Masca est une exp\u00e9rience qui combine tout : montagnes, oc\u00e9an, culture et d\u00e9tente. Du charme unique du village de Masca \u00e0 la fra\u00eecheur de l'eau de mer. <strong>piscines naturelles Tenerife<\/strong> Dans les offres, chaque moment est con\u00e7u pour \u00eatre m\u00e9morable.<\/p>\n<p>Chez CanaryVIP, nous rendons la r\u00e9servation simple et fiable, afin que vous puissiez vous concentrer sur votre voyage. Que vous visitiez T\u00e9n\u00e9rife pour la premi\u00e8re fois ou que vous y retourniez pour en d\u00e9couvrir davantage, ce guide vous aidera \u00e0 trouver la meilleure solution. <strong>Visite guid\u00e9e de Masca<\/strong> est une exp\u00e9rience \u00e0 ne pas manquer.<\/p>\n<p>R\u00e9servez votre place d\u00e8s maintenant et d\u00e9couvrez T\u00e9n\u00e9riffe autrement.<\/p>","protected":false},"excerpt":{"rendered":"<p><strong>\ud83d\udd0d D\u00e9tails de la visite :<\/strong><br \/>\n\u2705 Paiement s\u00e9curis\u00e9.<br \/>\n\ud83c\udf04 Explorer le village de Masca.<br \/>\n\ud83d\udca6 D\u00e9couvrir les piscines naturelles.<br \/>\n\ud83c\udfd4\ufe0f Visite de la falaise de Los Gigantes.<br \/>\n\ud83e\udd6a Pique-nique inclus.<br \/>\n\ud83d\udcc5 Tous les jours.<br \/>\nDur\u00e9e Environ 5h.<br \/>\n\ud83d\ude8c VAN jusqu'\u00e0 9 personnes.<br \/>\n\ud83d\ude90 Prise en charge et retour \u00e0 l'h\u00f4tel.<br \/>\n\ud83d\udd04 Annulation gratuite apr\u00e8s 72 heures.<br \/>\n\ud83e\udd11 Meilleur prix garanti.<br \/>\n\ud83c\udf81 Des r\u00e9ductions pour les groupes sont possibles.<br \/>\n\ud83c\udf1f R\u00e9servez maintenant et \u00e9conomisez !<\/p>","protected":false},"featured_media":16977,"comment_status":"open","ping_status":"closed","template":"","meta":{"_acf_changed":false},"product_brand":[],"product_cat":[52],"product_tag":[],"class_list":{"0":"post-11626","1":"product","2":"type-product","3":"status-publish","4":"has-post-thumbnail","6":"product_cat-bus-tours","7":"wcpa_has_options","9":"first","10":"instock","11":"sale","12":"virtual","13":"purchasable","14":"product-type-simple"},"acf":[],"wcpa_form_fields":{"wcpaData":{"product":{"product_price":85,"price_html":"From&nbsp;<del aria-hidden=\"true\"><span class=\"woocommerce-Price-amount amount\"><bdi>90,00&nbsp;<span class=\"woocommerce-Price-currencySymbol\">&euro;<\/span><\/bdi><\/span><\/del> <span class=\"screen-reader-text\">Le prix initial \u00e9tait\u00a0: 90,00&nbsp;&euro;.<\/span><ins aria-hidden=\"true\"><span class=\"woocommerce-Price-amount amount\"><bdi>85,00&nbsp;<span class=\"woocommerce-Price-currencySymbol\">&euro;<\/span><\/bdi><\/span><\/ins><span class=\"screen-reader-text\">Le prix actuel est\u00a0: 85,00&nbsp;&euro;.<\/span>","original_product_price":90,"price_including_tax":85,"price_excluding_tax":85,"product_id":{"parent":11626,"variation":false},"is_variable":false,"stock_status":"instock","stock_quantity":null,"parent_sku":"CV11626","product_attributes":[],"custom_fields":[],"is_taxable":false,"product_name":"Natural Pools, Masca & Los Gigantes Tour + Picnic","hasImage":false},"fields":{"sec_169cd3c7b1d53f":{"extra":{"key":"sec_169cd3c7b1d53f","section_id":"sec_169cd3c7b1d53f","name":"South Tenerife","status":1,"cl_rule":"show","enableCl":false,"relations":[{"operator":false,"rules":[{"operator":"AND","rules":{"cl_field":"radio-group_665df45fcbc30b","cl_relation":"is","cl_val":"Siam Park Regular Tickets"}}]}],"toggle":true,"title_tag":"h4","show_title":false,"showPrice":"default","form_id":16980,"form_rules":{"exclude_from_discount":true,"fee_label":"Fee","disp_hide_options_price":true,"disp_show_section_price":false,"disp_show_field_price":true,"layout_option":"standard","pric_use_as_fee":false,"process_fee_as":"woo_fee"},"layout_option":"standard"},"fields":[[{"label":"\ud83d\udcc5 Date","active":true,"required":true,"elementId":"date_869cd3c7b1d560","picker_type":"custom","picker_mode":"single","placeholder":"","description":"","tooltip":"","name":"date_869cd3c7b1d560","label_position":"default","desc_position":"default","enablePrice":false,"className":"","enableCl":false,"relations":[{"operator":"and","rules":[{"operator":"AND","rules":{"cl_field":"radio-group_665df45fcbc30b","cl_relation":"is","cl_val":"3 Hour Trip"}}]}],"date_pic_inline":true,"date_pic_inline_hide":true,"min_date":{"type":"days","val":"2"},"max_date":{"type":"days","val":"180"},"date_pic_conf":{"disabledWeeks":[],"enabledDates":[]},"price":"","cl_rule":"show","col":6,"type":"date","error":false,"enableDesign":false,"LabelColor":"","value":"2024-07-04","isWeightTemplate":false,"isTemplate":false,"min_quantity":"1","quantity_decimal":false,"quantity_step":"1","quantity_label":"Quantity","repeater_field_label":"{field_label}","repeater_bind":"","gt_translate_keys":["label","placeholder","description","value","tooltip","repeater_field_label","quantity_label"],"price_dependency":false,"cl_dependency":false}],[{"elementId":"separator_569cd3c7b1d57a","separatorType":"blank","className":"","height":"10","enableCl":false,"relations":false,"cl_rule":"show","col":6,"type":"separator","gt_translate_keys":[],"price_dependency":false,"cl_dependency":false,"value":""}],[{"active":true,"col":6,"relations":false,"cl_rule":"show","enableCl":false,"price":"","enablePrice":false,"className":"","label_position":"default","desc_position":"default","type":"content","required":false,"elementId":"content_369cd3c7b1d585","label":"People","name":"content_369cd3c7b1d585","contentType":"plain","value":"","error":false,"show_in_checkout":true,"inline":false,"gt_translate_keys":["label","value"],"price_dependency":false,"cl_dependency":false}],[{"active":true,"col":6,"relations":[{"operator":false,"rules":[{"operator":"AND","rules":{"cl_field":"","cl_relation":"","cl_val":""}}]}],"cl_rule":"show","enableCl":true,"price":"85","enablePrice":true,"className":"","label_position":"default","desc_position":"default","type":"radio-group","required":false,"elementId":"radio-group_969cd3c7b1d590","label":"","name":"radio-group_969cd3c7b1d590","values":[{"label":"\ud83d\udc64 People (85\u20ac)","value":"Adult","selected":true,"tempId":"aco_32","tooltip":"+12 Years","description":"","gt_translate_keys":["label","tooltip","description"]}],"layOut":"","error":false,"checkUi":"button","priceOptions":"fixed_for_all","pricingType":"fixed","enable_quantity":true,"quantity_label":"","min_quantity":"0","options_tooltip":true,"options_description":true,"isWeightTemplate":false,"isTemplate":false,"quantity_decimal":false,"quantity_step":"1","repeater_field_label":"{field_label}","repeater_bind":"","gt_translate_keys":["label","repeater_field_label","quantity_label"],"price_dependency":false,"cl_dependency":false,"value":""}],[{"active":true,"col":6,"relations":false,"cl_rule":"show","enableCl":false,"price":"","enablePrice":false,"className":"","label_position":"default","desc_position":"default","type":"separator","required":false,"elementId":"separator_269cd3c7b1d5af","label":"Separator Field","height":"7","separatorType":"blank","error":false,"gt_translate_keys":["label"],"price_dependency":false,"cl_dependency":false,"value":""}],[{"active":true,"col":6,"relations":false,"cl_rule":"show","enableCl":false,"price":"","enablePrice":false,"className":"","label_position":"default","desc_position":"default","type":"text","subtype":"text","required":false,"elementId":"text_369cd3c7b1d5b8","label":"\ud83d\ude8c Pickup Location","name":"text_369cd3c7b1d5b8","value":"","description":"Pick-up service in South Tenerife. Simply provide your address or hotel name.","error":false,"isWeightTemplate":false,"isTemplate":false,"min_quantity":"1","quantity_decimal":false,"quantity_step":"1","quantity_label":"Quantity","repeater_field_label":"{field_label}","repeater_bind":"","gt_translate_keys":["label","description","value","repeater_field_label","quantity_label"],"price_dependency":false,"cl_dependency":false}]]}},"config":{"price_override":"always","enable_recaptcha":false,"bind_quantity":false,"quantity_bind_formula":false,"disp_summ_show_option_price":true,"disp_summ_show_product_price":false,"disp_summ_show_total_price":true,"disp_summ_show_fee":true,"disp_summ_show_discount":true,"summary_title":"","options_total_label":"Options Price","total_label":"Total Amount","options_product_label":"Product Price","fee_label":"Fee","discount_label":"Discount","has_price":true,"has_quantity_formula":false},"mc_unit":1,"tax_rate":1,"tax_rate_real":1,"discount":{"percentage":0,"fixed":0},"design":{"conf":{"LabelPosition":"above","DescPosition":"above","UploadField":"custom_1","QuantityFieldStyle":"custom_1"},"css":{"LeftLabelWidth":"120px"}},"formulas":[],"lookuptables":[],"clones":false,"cartKey":false}},"_links":{"self":[{"href":"https:\/\/canaryvip.com\/fr\/wp-json\/wp\/v2\/product\/11626","targetHints":{"allow":["GET"]}}],"collection":[{"href":"https:\/\/canaryvip.com\/fr\/wp-json\/wp\/v2\/product"}],"about":[{"href":"https:\/\/canaryvip.com\/fr\/wp-json\/wp\/v2\/types\/product"}],"replies":[{"embeddable":true,"href":"https:\/\/canaryvip.com\/fr\/wp-json\/wp\/v2\/comments?post=11626"}],"wp:featuredmedia":[{"embeddable":true,"href":"https:\/\/canaryvip.com\/fr\/wp-json\/wp\/v2\/media\/16977"}],"wp:attachment":[{"href":"https:\/\/canaryvip.com\/fr\/wp-json\/wp\/v2\/media?parent=11626"}],"wp:term":[{"taxonomy":"product_brand","embeddable":true,"href":"https:\/\/canaryvip.com\/fr\/wp-json\/wp\/v2\/product_brand?post=11626"},{"taxonomy":"product_cat","embeddable":true,"href":"https:\/\/canaryvip.com\/fr\/wp-json\/wp\/v2\/product_cat?post=11626"},{"taxonomy":"product_tag","embeddable":true,"href":"https:\/\/canaryvip.com\/fr\/wp-json\/wp\/v2\/product_tag?post=11626"}],"curies":[{"name":"wp","href":"https:\/\/api.w.org\/{rel}","templated":true}]}}