{"id":11582,"date":"2024-06-03T16:40:35","date_gmt":"2024-06-03T15:40:35","guid":{"rendered":"https:\/\/canaryvip.com\/?post_type=product&#038;p=11582"},"modified":"2025-12-11T18:13:25","modified_gmt":"2025-12-11T18:13:25","slug":"stargazing-tenerife-teide-by-night","status":"publish","type":"product","link":"https:\/\/canaryvip.com\/fr\/shop\/stargazing-tenerife-teide-by-night\/","title":{"rendered":"Star Tour Tenerife :<br\/>Teide by Night + Dinner"},"content":{"rendered":"<h2>\ud83d\ude8c A propos de l'observation des \u00e9toiles \u00e0 T\u00e9n\u00e9rife : Le Teide de nuit<\/h2>\n<p>Les <strong>Teide by Night<\/strong> Cette excursion, propos\u00e9e par CanaryVIP, est l'une des fa\u00e7ons les plus originales de d\u00e9couvrir le Teide apr\u00e8s le coucher du soleil. Organis\u00e9e par un op\u00e9rateur local, elle combine un magnifique arr\u00eat pour admirer le coucher du soleil, la d\u00e9couverte de paysages volcaniques et une s\u00e9ance d'observation des \u00e9toiles dans l'un des ciels les plus clairs d'Europe. Le parc national du Teide est certifi\u00e9 \u00ab Starlight Destination \u00bb, ce qui signifie que son ciel est exceptionnellement pur et exempt de pollution lumineuse.<\/p>\n<h3>Points forts de l'excursion : Le Teide la nuit<\/h3>\n<ul>\n<li>\ud83c\udf04 <strong>Arr\u00eat au coucher du soleil<\/strong>: L'exp\u00e9rience commence par un arr\u00eat pour profiter du coucher de soleil depuis l'un des points de vue situ\u00e9s \u00e0 l'int\u00e9rieur du parc national. Les couleurs changeantes du ciel cr\u00e9ent un moment calme et m\u00e9morable, id\u00e9al pour prendre des photos avant la partie de la soir\u00e9e consacr\u00e9e \u00e0 l'observation des \u00e9toiles.<\/li>\n<li>\ud83d\udd2d <strong>Exp\u00e9rience d'observation des \u00e9toiles \u00e0 T\u00e9n\u00e9rife<\/strong>Une fois la nuit tomb\u00e9e, le guide explique les constellations de mani\u00e8re claire et conviviale \u00e0 l'aide d'un pointeur laser. Un t\u00e9lescope est \u00e0 la disposition des visiteurs afin qu'ils puissent observer les \u00e9toiles, les plan\u00e8tes et les objets du ciel profond tout en d\u00e9couvrant des anecdotes int\u00e9ressantes li\u00e9es au ciel nocturne.<\/li>\n<li>\ud83c\udfd4\ufe0f <strong>Mont Teide<\/strong>: Culminant \u00e0 3 715 m\u00e8tres, le mont Teide est le plus haut sommet d'Espagne et un <a href=\"https:\/\/whc.unesco.org\/en\/list\/1258\/\" target=\"_blank\" rel=\"noopener\">Patrimoine mondial de l'UNESCO<\/a> site. Ses paysages volcaniques semblent presque irr\u00e9els et ont servi de lieux de tournage \u00e0 plusieurs productions internationales.<\/li>\n<li>\ud83c\udf7d\ufe0f <strong>D\u00eener<\/strong>: Le d\u00eener est inclus et g\u00e9n\u00e9ralement servi dans un restaurant canarien tel que Casa Sira, bien que le restaurant exact puisse varier en fonction des disponibilit\u00e9s. Le repas est simple et local, id\u00e9al avant de poursuivre la soir\u00e9e avec l'observation des \u00e9toiles. Des options alimentaires sont g\u00e9n\u00e9ralement disponibles.<\/li>\n<\/ul>\n<h3>L'observation des \u00e9toiles \u00e0 T\u00e9n\u00e9rife comprend<\/h3>\n<ul>\n<li>\ud83d\ude8c Prise en charge et retour \u00e0 votre h\u00f4tel.<\/li>\n<li>\ud83d\udde3\ufe0f Des guides anglophones fournissent des explications tout au long de l'exp\u00e9rience.<\/li>\n<li>\ud83d\udcf8 Plusieurs arr\u00eats pour prendre des photos, en particulier au coucher du soleil.<\/li>\n<li>\ud83d\udcdc Une soir\u00e9e compl\u00e8te \u00e0 la d\u00e9couverte des paysages et du ciel nocturne du Teide.<\/li>\n<li>\ud83d\udcb0 Meilleur prix garanti et politique d'annulation flexible.<\/li>\n<\/ul>\n<h3>D\u00e9tails de l'excursion \u00e0 T\u00e9n\u00e9rife pour observer les \u00e9toiles<\/h3>\n<ul>\n<li>\ud83c\udf9f\ufe0f Apportez votre billet num\u00e9rique CanaryVIP.<\/li>\n<li>\ud83d\udeab Le car n'est pas \u00e9quip\u00e9 de toilettes et n'est pas adapt\u00e9 aux fauteuils roulants.<\/li>\n<li>\ud83c\udf7d\ufe0f Le d\u00eener est inclus.<\/li>\n<li>\u23f3 La visite dure environ 6 heures.<\/li>\n<li>\ud83e\udde5 Il est indispensable de porter des v\u00eatements chauds, car les temp\u00e9ratures baissent consid\u00e9rablement la nuit.<\/li>\n<li>\ud83d\udccc Veuillez fournir les coordonn\u00e9es exactes de l'h\u00f4tel afin de garantir le bon d\u00e9roulement des modalit\u00e9s de prise en charge.<\/li>\n<li>\ud83c\udf25\ufe0f <strong>Avis m\u00e9t\u00e9orologique<\/strong>: La visibilit\u00e9 pour l'observation des \u00e9toiles d\u00e9pend des conditions m\u00e9t\u00e9orologiques et ne peut \u00eatre enti\u00e8rement garantie. L'op\u00e9rateur fera toujours de son mieux pour vous offrir cette exp\u00e9rience.<\/li>\n<\/ul>\n<h3>Etiquette et politiques en mati\u00e8re de visites guid\u00e9es<\/h3>\n<ul>\n<li>\ud83d\udd04 <strong>Annulation souple<\/strong>: Annulation gratuite jusqu'\u00e0 48 heures avant l'exp\u00e9rience. Les groupes b\u00e9n\u00e9ficient de conditions sp\u00e9ciales : les groupes de 5 \u00e0 7 personnes peuvent annuler jusqu'\u00e0 72 heures \u00e0 l'avance. Les groupes de 8 \u00e0 14 personnes doivent pr\u00e9venir 4 jours \u00e0 l'avance. Les groupes de 15 personnes ou plus doivent annuler au moins 6 jours \u00e0 l'avance.<\/li>\n<li>\ud83d\udd52 <strong>Rapidit\u00e9 d'ex\u00e9cution<\/strong>: Veuillez vous pr\u00e9senter \u00e0 l'heure au point de rendez-vous d\u00e9sign\u00e9 afin d'\u00e9viter tout retard pour le reste du groupe.<\/li>\n<li>\ud83d\udce2 <strong>Suivre le calendrier<\/strong>: Les visiteurs doivent suivre les instructions du guide afin de garantir une exp\u00e9rience agr\u00e9able et sans encombre pour tous.<\/li>\n<\/ul>\n<h4>Assistance et responsabilit\u00e9 sur place<\/h4>\n<ul>\n<li>\u2714\ufe0f <strong>Engagement de service<\/strong>: CanaryVIP garantit un processus de r\u00e9servation fluide et une communication claire avant la visite. L'activit\u00e9 elle-m\u00eame est r\u00e9alis\u00e9e par un op\u00e9rateur local agr\u00e9\u00e9.<\/li>\n<li>\ud83d\udde3\ufe0f <strong>Assistance pendant la visite<\/strong>: Si vous avez des questions ou des pr\u00e9occupations pendant l'exp\u00e9rience, vous pouvez vous adresser directement au guide, qui est sur place pour vous aider.<\/li>\n<li>\ud83d\udcb0 <strong>Politique de remboursement en cas de probl\u00e8mes li\u00e9s au voyage<\/strong>: Si un impr\u00e9vu survient pendant l'activit\u00e9, les remboursements seront effectu\u00e9s conform\u00e9ment \u00e0 la politique \u00e9tablie, en privil\u00e9giant toujours la transparence et la satisfaction des clients.<\/li>\n<\/ul>\n<h3>\ud83c\udf0b\ud83d\ude8c\ud83c\udfde\ufe0f R\u00e9servez d\u00e8s maintenant votre excursion au Teide<\/h3>\n<p>Teide by Night est une fa\u00e7on paisible et m\u00e9morable de d\u00e9couvrir l'un des sites les plus embl\u00e9matiques de T\u00e9n\u00e9rife. Admirer le coucher de soleil depuis le parc national, puis observer le ciel nocturne fait de cette excursion un incontournable pour les couples, les familles et tous ceux qui souhaitent d\u00e9couvrir le Teide sous un autre jour.<\/p>\n<p>Si vous souhaitez \u00e9galement explorer le parc pendant la journ\u00e9e, vous pouvez consulter notre <a href=\"https:\/\/canaryvip.com\/fr\/shop\/teide-guided-bus-tour\/\">Excursion en bus d'une demi-journ\u00e9e au Teide<\/a>. Cette option diurne couvre les paysages volcaniques, les points de vue, le village de Vilaflor et les Roques de Garc\u00eda, avec une mont\u00e9e en t\u00e9l\u00e9ph\u00e9rique en option lorsque les conditions m\u00e9t\u00e9orologiques le permettent.<\/p>\n<p>En r\u00e9servant les deux circuits via CanaryVIP, vous pourrez profiter pleinement du contraste du Teide, de ses couleurs vives pendant la journ\u00e9e \u00e0 ses nuits \u00e9toil\u00e9es paisibles.<\/p>\n<p>Votre aventure au Teide est pr\u00eate quand vous l'\u00eates.<\/p>","protected":false},"excerpt":{"rendered":"<p><strong>\ud83d\udd0d Le Teide la nuit :<\/strong><br \/>\n\u2705 Paiement s\u00e9curis\u00e9.<br \/>\n\ud83d\uddfb Visite du parc national de Teide.<br \/>\n\ud83d\udd2d T\u00e9lescopes professionnels.<br \/>\n\ud83c\udf20 Regardez \u00c9toiles et Constellations.<br \/>\n\ud83c\udf7d\ufe0f Repas canariens inclus.<br \/>\n\ud83e\uddc3 Boissons incluses.<br \/>\n\ud83d\udcc5 Mar, Mer, Jeu, Ven, Dim.<br \/>\nDur\u00e9e Environ 6h.<br \/>\n\ud83d\ude8c Prise en charge et retour \u00e0 l'h\u00f4tel.<br \/>\n\ud83d\udd04 Annulation gratuite sous 48h.<br \/>\n\ud83e\udd11 Meilleur prix garanti.<br \/>\n\ud83c\udf81 Des r\u00e9ductions pour les groupes sont possibles.<br \/>\n\ud83c\udf0d Guides dans vos langues.<br \/>\n\ud83c\udf1f R\u00e9servez maintenant et \u00e9conomisez !<\/p>","protected":false},"featured_media":11584,"comment_status":"open","ping_status":"closed","template":"","meta":{"_acf_changed":false},"product_brand":[],"product_cat":[52],"product_tag":[],"class_list":{"0":"post-11582","1":"product","2":"type-product","3":"status-publish","4":"has-post-thumbnail","6":"product_cat-bus-tours","7":"wcpa_has_options","9":"first","10":"instock","11":"sale","12":"virtual","13":"purchasable","14":"product-type-simple"},"acf":[],"wcpa_form_fields":{"wcpaData":{"product":{"product_price":79,"price_html":"From&nbsp;<del aria-hidden=\"true\"><span class=\"woocommerce-Price-amount amount\"><bdi>89,00&nbsp;<span class=\"woocommerce-Price-currencySymbol\">&euro;<\/span><\/bdi><\/span><\/del> <span class=\"screen-reader-text\">Le prix initial \u00e9tait\u00a0: 89,00&nbsp;&euro;.<\/span><ins aria-hidden=\"true\"><span class=\"woocommerce-Price-amount amount\"><bdi>79,00&nbsp;<span class=\"woocommerce-Price-currencySymbol\">&euro;<\/span><\/bdi><\/span><\/ins><span class=\"screen-reader-text\">Le prix actuel est\u00a0: 79,00&nbsp;&euro;.<\/span>","original_product_price":89,"price_including_tax":79,"price_excluding_tax":79,"product_id":{"parent":11582,"variation":false},"is_variable":false,"stock_status":"instock","stock_quantity":null,"parent_sku":"CV11582","product_attributes":[],"custom_fields":[],"is_taxable":false,"product_name":"Star Tour Tenerife:<br\/>Teide by Night + Dinner","hasImage":false},"fields":{"sec_2665e36bde09f4":{"extra":{"key":"sec_2665e36bde09f4","section_id":"sec_2665e36bde09f4","name":"South Tenerife","status":1,"cl_rule":"show","enableCl":false,"relations":[{"operator":false,"rules":[{"operator":"AND","rules":{"cl_field":"radio-group_665df45fcbc30b","cl_relation":"is","cl_val":"Siam Park Regular Tickets"}}]}],"toggle":true,"title_tag":"h4","show_title":false,"showPrice":"default","form_id":11592,"form_rules":{"exclude_from_discount":true,"fee_label":"Fee","disp_hide_options_price":true,"disp_show_section_price":false,"disp_show_field_price":true,"layout_option":"standard","pric_use_as_fee":false,"process_fee_as":"woo_fee"},"layout_option":"standard"},"fields":[[{"label":"\ud83d\udcc5 Date","active":true,"required":true,"elementId":"date_10665e36bde0a12","picker_type":"custom","picker_mode":"single","placeholder":"","description":"","tooltip":"","name":"date_10665e36bde0a12","label_position":"default","desc_position":"default","enablePrice":false,"className":"","enableCl":false,"relations":[{"operator":"and","rules":[{"operator":"AND","rules":{"cl_field":"radio-group_665df45fcbc30b","cl_relation":"is","cl_val":"3 Hour Trip"}}]}],"date_pic_inline":true,"date_pic_inline_hide":true,"min_date":{"type":"days","val":"1"},"max_date":{"type":"days","val":"365"},"date_pic_conf":{"disabledWeeks":[1]},"price":"","cl_rule":"show","col":6,"type":"date","error":false,"enableDesign":false,"LabelColor":"","isWeightTemplate":false,"isTemplate":false,"min_quantity":"1","quantity_decimal":false,"quantity_step":"1","quantity_label":"Quantity","repeater_field_label":"{field_label}","repeater_bind":"","gt_translate_keys":["label","placeholder","description","tooltip","repeater_field_label","quantity_label"],"price_dependency":false,"cl_dependency":false,"value":""}],[{"elementId":"separator_8665e36bde0a21","separatorType":"blank","className":"","height":"10","enableCl":false,"relations":false,"cl_rule":"show","col":6,"type":"separator","gt_translate_keys":[],"price_dependency":false,"cl_dependency":false,"value":""}],[{"active":true,"col":6,"relations":false,"cl_rule":"show","enableCl":false,"price":"","enablePrice":false,"className":"","label_position":"default","desc_position":"default","type":"content","required":false,"elementId":"content_9665e36bde0a2d","label":"People","name":"content_9665e36bde0a2d","contentType":"plain","value":"","error":false,"show_in_checkout":true,"inline":false,"gt_translate_keys":["label","value"],"price_dependency":false,"cl_dependency":false}],[{"active":true,"col":6,"relations":[{"operator":false,"rules":[{"operator":"AND","rules":{"cl_field":"","cl_relation":"","cl_val":""}}]}],"cl_rule":"show","enableCl":true,"price":"79","enablePrice":true,"className":"","label_position":"default","desc_position":"default","type":"radio-group","required":false,"elementId":"radio-group_10665e36bde0a38","label":"","name":"radio-group_10665e36bde0a38","values":[{"label":"\ud83d\udc64 Adult (79\u20ac)","value":"Adult","selected":true,"tempId":"aco_32","tooltip":"+14 Years","description":"","gt_translate_keys":["label","tooltip","description"]}],"layOut":"","error":false,"checkUi":"button","priceOptions":"fixed_for_all","pricingType":"fixed","enable_quantity":true,"quantity_label":"","min_quantity":"0","options_tooltip":true,"options_description":true,"gt_translate_keys":["label","quantity_label"],"price_dependency":false,"cl_dependency":false,"value":""}],[{"label":"","active":true,"required":false,"elementId":"radio-group_10665e36bde0a43","name":"radio-group_10665e36bde0a43","label_position":"default","desc_position":"default","enablePrice":true,"className":"","enableCl":false,"relations":false,"enable_quantity":true,"quantity_label":"","min_quantity":"0","checkUi":"button","layOut":"","values":[{"label":"\ud83d\udc66 Child (49\u20ac)","value":"Child","selected":true,"tempId":"aco_32","tooltip":"4-13 Years","description":"","gt_translate_keys":["label","tooltip","description"]}],"priceOptions":"fixed_for_all","pricingType":"fixed","price":"49","cl_rule":"show","col":6,"type":"radio-group","error":false,"options_tooltip":true,"options_description":true,"gt_translate_keys":["label","quantity_label"],"price_dependency":false,"cl_dependency":false,"value":""}],[{"label":"","active":true,"required":false,"elementId":"radio-group-0497504259","name":"radio-group-0497504259","label_position":"default","desc_position":"default","enablePrice":true,"className":"","enableCl":false,"relations":false,"enable_quantity":true,"quantity_label":"","min_quantity":"0","checkUi":"button","layOut":"","options_tooltip":true,"options_description":true,"values":[{"label":"\ud83d\udc76 Infant (Free)","value":"Infant","selected":true,"tempId":"aco_32","tooltip":"0-3 Years","description":"","gt_translate_keys":["label","tooltip","description"]}],"priceOptions":"fixed_for_all","pricingType":"fixed","price":"0","cl_rule":"show","col":6,"type":"radio-group","error":false,"gt_translate_keys":["label","quantity_label"],"price_dependency":false,"cl_dependency":false,"value":""}],[{"active":true,"col":6,"relations":false,"cl_rule":"show","enableCl":false,"price":"","enablePrice":false,"className":"","label_position":"default","desc_position":"default","type":"select","required":false,"elementId":"select_5665e36bde0a4d","label":"\ud83c\udf0e Language","name":"select_5665e36bde0a4d","values":[{"label":"English","value":"English","selected":false,"tempId":"aco_389","gt_translate_keys":["label"]},{"label":"Spanish","value":"Spanish","selected":false,"tempId":"aco_390","gt_translate_keys":["label"]},{"label":"Deutsch","value":"Deutsch","selected":false,"tempId":"aco_409","gt_translate_keys":["label"]},{"label":"French","value":"French","selected":false,"tempId":"aco_581","gt_translate_keys":["label"]},{"label":"Dutch","value":"Dutch","selected":false,"tempId":"aco_672","gt_translate_keys":["label"]},{"label":"Italian","value":"Italian","selected":false,"tempId":"aco_700","gt_translate_keys":["label"]}],"dropdown_type":"basic","error":false,"isWeightTemplate":false,"isTemplate":false,"min_quantity":"1","quantity_decimal":false,"quantity_step":"1","quantity_label":"Quantity","repeater_field_label":"{field_label}","repeater_bind":"","placeholder":"Select Language","gt_translate_keys":["label","placeholder","repeater_field_label","quantity_label"],"price_dependency":false,"cl_dependency":false,"value":""}],[{"active":true,"col":6,"relations":false,"cl_rule":"show","enableCl":false,"price":"","enablePrice":false,"className":"","label_position":"default","desc_position":"default","type":"separator","required":false,"elementId":"separator_4665e36bde0a57","label":"Separator Field","height":"7","separatorType":"blank","error":false,"gt_translate_keys":["label"],"price_dependency":false,"cl_dependency":false,"value":""}],[{"active":true,"col":6,"relations":false,"cl_rule":"show","enableCl":false,"price":"","enablePrice":false,"className":"","label_position":"default","desc_position":"default","type":"text","subtype":"text","required":false,"elementId":"text_10665e36bde0a60","label":"\ud83d\ude8c Pickup Location","name":"text_10665e36bde0a60","value":"","description":"Included Pick-up service in South Tenerife. Simply provide your address or hotel name.","error":false,"gt_translate_keys":["label","description","value"],"price_dependency":false,"cl_dependency":false}]]}},"config":{"price_override":"always","enable_recaptcha":false,"bind_quantity":false,"quantity_bind_formula":false,"disp_summ_show_option_price":true,"disp_summ_show_product_price":false,"disp_summ_show_total_price":true,"disp_summ_show_fee":true,"disp_summ_show_discount":true,"summary_title":"","options_total_label":"Options Price","total_label":"Total Amount","options_product_label":"Product Price","fee_label":"Fee","discount_label":"Discount","has_price":true,"has_quantity_formula":false},"mc_unit":1,"tax_rate":1,"tax_rate_real":1,"discount":{"percentage":0,"fixed":0},"design":{"conf":{"LabelPosition":"above","DescPosition":"above","UploadField":"custom_1","QuantityFieldStyle":"custom_1"},"css":{"LeftLabelWidth":"120px"}},"formulas":[],"lookuptables":[],"clones":false,"cartKey":false}},"_links":{"self":[{"href":"https:\/\/canaryvip.com\/fr\/wp-json\/wp\/v2\/product\/11582","targetHints":{"allow":["GET"]}}],"collection":[{"href":"https:\/\/canaryvip.com\/fr\/wp-json\/wp\/v2\/product"}],"about":[{"href":"https:\/\/canaryvip.com\/fr\/wp-json\/wp\/v2\/types\/product"}],"replies":[{"embeddable":true,"href":"https:\/\/canaryvip.com\/fr\/wp-json\/wp\/v2\/comments?post=11582"}],"wp:featuredmedia":[{"embeddable":true,"href":"https:\/\/canaryvip.com\/fr\/wp-json\/wp\/v2\/media\/11584"}],"wp:attachment":[{"href":"https:\/\/canaryvip.com\/fr\/wp-json\/wp\/v2\/media?parent=11582"}],"wp:term":[{"taxonomy":"product_brand","embeddable":true,"href":"https:\/\/canaryvip.com\/fr\/wp-json\/wp\/v2\/product_brand?post=11582"},{"taxonomy":"product_cat","embeddable":true,"href":"https:\/\/canaryvip.com\/fr\/wp-json\/wp\/v2\/product_cat?post=11582"},{"taxonomy":"product_tag","embeddable":true,"href":"https:\/\/canaryvip.com\/fr\/wp-json\/wp\/v2\/product_tag?post=11582"}],"curies":[{"name":"wp","href":"https:\/\/api.w.org\/{rel}","templated":true}]}}