{"id":11531,"date":"2024-05-21T11:43:07","date_gmt":"2024-05-21T10:43:07","guid":{"rendered":"https:\/\/canaryvip.com\/?post_type=product&#038;p=11531"},"modified":"2025-06-29T00:06:38","modified_gmt":"2025-06-28T23:06:38","slug":"history-music-tenerife","status":"publish","type":"product","link":"https:\/\/canaryvip.com\/fr\/shop\/history-music-tenerife\/","title":{"rendered":"Histoire, L'\u00e9volution de la musique :<br\/>Spectacle nocturne de Tenerife"},"content":{"rendered":"<h2>\ud83c\udfb6 D\u00e9couvrir l'histoire, l'\u00e9volution de la musique \u00e0 Tenerife<\/h2>\n<p>Plongez dans un voyage musical inoubliable \u00e0 l'occasion du spectacle \"History : L'\u00e9volution de la musique\" \u00e0 Tenerife, pr\u00e9sent\u00e9 par l'Auditorio Pir\u00e1mide de Arona. Cet \u00e9v\u00e9nement spectaculaire, disponible gr\u00e2ce \u00e0 CanaryVIP, pr\u00e9sente les moments les plus embl\u00e9matiques de l'histoire de la musique, avec un ensemble diversifi\u00e9 de 30 artistes talentueux originaires de 15 pays diff\u00e9rents.<\/p>\n<p>Vivez une soir\u00e9e captivante de musique en direct, de danse vibrante et de chor\u00e9graphies \u00e9poustouflantes qui rendent hommage aux l\u00e9gendes de la musique, de Mozart \u00e0 Michael Jackson. Ce spectacle de deux heures, avec un entracte de 15 minutes, promet une nuit remplie de rythmes et de sons qui ont fa\u00e7onn\u00e9 notre monde.<\/p>\n<h3>\ud83c\udf1f Un voyage \u00e0 travers les \u00e9poques musicales<\/h3>\n<p><strong>L'\u00e9volution de la musique :<\/strong> Ce spectacle vous emm\u00e8ne dans un voyage envo\u00fbtant \u00e0 travers le temps, c\u00e9l\u00e9brant les \u0153uvres de Beethoven, Caruso, Elvis, les Beatles, Queen, ABBA, Pink Floyd, et bien d'autres encore. Du Moyen \u00c2ge aux tubes d'aujourd'hui, chaque \u00e9poque est anim\u00e9e par des images audiovisuelles \u00e0 couper le souffle et des costumes \u00e9blouissants.<\/p>\n<p><strong>Performance dynamique :<\/strong> Combinant musique en direct, danse, th\u00e9\u00e2tre et acrobaties, le spectacle cr\u00e9e une exp\u00e9rience dynamique et captivante adapt\u00e9e \u00e0 tous les \u00e2ges. Les performances \u00e9poustouflantes et les interpr\u00e9tations en direct de c\u00e9l\u00e8bres bandes originales et de succ\u00e8s de Broadway garantissent une soir\u00e9e m\u00e9morable \u00e0 tous les spectateurs.<\/p>\n<h3>\ud83d\udccd Lieu et horaire<\/h3>\n<p><strong>Localisation :<\/strong> Le spectacle a lieu dans l'\u00e9l\u00e9gante <a href=\"https:\/\/www.google.com\/maps\/place\/Pir%C3%A1mide+de+Arona\/@28.05472,-16.7337319,17z\/data=!3m1!4b1!4m6!3m5!1s0xc6a977926d44d3d:0x16c097dc6a370b29!8m2!3d28.05472!4d-16.731157!16s%2Fg%2F1vyxknvw?entry=tts&amp;g_ep=EgoyMDI0MDUxOC4wKgBIAVAD\" target=\"_blank\" rel=\"noopener\">Auditorium Pir\u00e1mide de Arona<\/a>L'h\u00f4tel est situ\u00e9 \u00e0 Playa de las Am\u00e9ricas, Tenerife. Un vaste parking souterrain est disponible au centre commercial Oasis, juste en face de l'\u00e9tablissement.<\/p>\n<p><strong>Horaire :<\/strong> Le spectacle est jou\u00e9 tous les samedis. Les portes ouvrent \u00e0 20h00 et la repr\u00e9sentation commence \u00e0 21h00. Les places ne sont pas attribu\u00e9es, les premiers arriv\u00e9s sont les premiers servis.<\/p>\n<h3>\ud83c\udf9f\ufe0f Options et prix des billets<\/h3>\n<p>Chez CanaryVIP, nous proposons des billets pour le spectacle \"History : L'\u00e9volution de la musique\" avec une garantie du meilleur prix. Le prix des billets est de 49 \u20ac par personne. Profitez des r\u00e9ductions de groupe pour une exp\u00e9rience plus abordable, parfaite pour les familles, les amis et les occasions sp\u00e9ciales. R\u00e9servez d\u00e8s maintenant votre place pour une soir\u00e9e inoubliable.<\/p>\n<h3>\ud83d\udcc5 Politique de r\u00e9servation et d'annulation flexible<\/h3>\n<p><strong>Annulations gratuites :<\/strong> Annulez jusqu'\u00e0 24 heures avant le spectacle et vous serez int\u00e9gralement rembours\u00e9. Si vous n'annulez pas ou si vous ne vous pr\u00e9sentez pas, vous n'aurez droit \u00e0 aucun remboursement.<\/p>\n<p><strong>Spectacles priv\u00e9s :<\/strong> Nous offrons \u00e9galement la possibilit\u00e9 de r\u00e9server des spectacles priv\u00e9s pour des sorties d'entreprise et des \u00e9v\u00e9nements sp\u00e9ciaux. <a href=\"https:\/\/canaryvip.com\/fr\/contact\/\">Contactez nous<\/a> pour plus d'informations sur l'organisation d'un \u00e9v\u00e9nement personnalis\u00e9.<\/p>\n<h3>\ud83d\udc57 Code vestimentaire et informations compl\u00e9mentaires<\/h3>\n<p><strong>Code vestimentaire :<\/strong> Une tenue d\u00e9contract\u00e9e est recommand\u00e9e pour compl\u00e9ter le cadre \u00e9l\u00e9gant. Les jeans et les t-shirts sont acceptables, mais les tenues de sport et les shorts sont d\u00e9conseill\u00e9s afin de pr\u00e9server l'ambiance sophistiqu\u00e9e du salon.<\/p>\n<p><strong>Entr\u00e9e du salon :<\/strong> Pour acc\u00e9der facilement au spectacle \"History : L'\u00e9volution de la musique\", veuillez utiliser l'entr\u00e9e d\u00e9sign\u00e9e situ\u00e9e \u00e0 gauche de l'entr\u00e9e principale de l'h\u00f4tel. Cette entr\u00e9e est sp\u00e9cifiquement r\u00e9serv\u00e9e aux participants au spectacle, ce qui garantit une entr\u00e9e fluide et sans encombre dans la salle.<\/p>\n<h3>\ud83c\udfad Rejoignez-nous pour une soir\u00e9e inoubliable<\/h3>\n<p>Vivez la magie de \"History : L'\u00e9volution de la musique\" avec CanaryVIP. Laissez-nous vous emmener dans un voyage \u00e0 travers la riche histoire de la musique, avec des spectacles en direct qui vous enchanteront et vous inspireront.<\/p>\n<p>R\u00e9servez vos billets d\u00e8s maintenant pour une soir\u00e9e d'\u00e9l\u00e9gance, de divertissement et d'immersion culturelle au c\u0153ur de T\u00e9n\u00e9riffe.<\/p>\n<p>R\u00e9servez d\u00e8s aujourd'hui vos billets pour ce spectacle nocturne incontournable \u00e0 Tenerife ! \ud83c\udf1f\ud83c\udfb6<\/p>","protected":false},"excerpt":{"rendered":"<p><strong>\ud83d\udd0d \"History\" Music Show :<\/strong><br \/>\n\u2705 Paiement s\u00e9curis\u00e9.<br \/>\n\ud83c\udfa4 Music Show.<br \/>\n\ud83c\udfb6 +30 artistes talentueux.<br \/>\n\ud83d\udcc6 Tous les samedis.<br \/>\n\u23f0 La porte s'ouvre \u00e0 20h00.<br \/>\n\ud83d\udd58 Le spectacle commence \u00e0 21h00.<br \/>\n\u23f3 Dur\u00e9e \u2248 2:15h<br \/>\n\ud83c\udf0d English Host.<br \/>\n\ud83d\ude80 Nouveau spectacle \u00e0 Tenerife !<br \/>\n\ud83e\udd11 Meilleur prix garanti.<br \/>\n\ud83d\udc6a R\u00e9ductions pour les groupes.<br \/>\n\ud83d\udd01 Annulation gratuite jusqu'\u00e0 24h.<br \/>\n\ud83d\udccd Lieu \u00e0 <a href=\"https:\/\/www.google.com\/maps\/place\/Pir%C3%A1mide+de+Arona\/@28.05472,-16.7337319,17z\/data=!3m1!4b1!4m6!3m5!1s0xc6a977926d44d3d:0x16c097dc6a370b29!8m2!3d28.05472!4d-16.731157!16s%2Fg%2F1vyxknvw?entry=tts&amp;g_ep=EgoyMDI0MDUxOC4wKgBIAVAD\">Pir\u00e1mide de Arona.<\/a><\/p>","protected":false},"featured_media":11532,"comment_status":"open","ping_status":"closed","template":"","meta":{"_acf_changed":false},"product_brand":[],"product_cat":[59],"product_tag":[],"class_list":{"0":"post-11531","1":"product","2":"type-product","3":"status-publish","4":"has-post-thumbnail","6":"product_cat-evening-shows","7":"wcpa_has_options","9":"first","10":"instock","11":"virtual","12":"purchasable","13":"product-type-simple"},"acf":[],"wcpa_form_fields":{"wcpaData":{"product":{"product_price":49,"price_html":"From&nbsp;<span class=\"woocommerce-Price-amount amount\"><bdi>49,00&nbsp;<span class=\"woocommerce-Price-currencySymbol\">&euro;<\/span><\/bdi><\/span>","original_product_price":49,"price_including_tax":49,"price_excluding_tax":49,"product_id":{"parent":11531,"variation":false},"is_variable":false,"stock_status":"instock","stock_quantity":null,"parent_sku":"CV11531","product_attributes":[],"custom_fields":[],"is_taxable":false,"product_name":"History, The Evolution of Music:<br\/>Tenerife Night Show","hasImage":false},"fields":{"sec_10664c7e1fdf7bf":{"extra":{"key":"sec_10664c7e1fdf7bf","section_id":"sec_10664c7e1fdf7bf","name":"Tickets","status":1,"cl_rule":"show","enableCl":false,"relations":[{"operator":false,"rules":[{"operator":"AND","rules":{"cl_field":"radio-group_5664c7e1fdf7be","cl_relation":"is","cl_val":"Gold Entrance"}}]}],"toggle":true,"title_tag":"h4","show_title":false,"showPrice":"default","form_id":11537,"form_rules":{"exclude_from_discount":true,"fee_label":"Fee","disp_hide_options_price":true,"disp_show_section_price":false,"disp_show_field_price":true,"layout_option":"standard","pric_use_as_fee":false,"process_fee_as":"woo_fee"},"layout_option":"standard"},"fields":[[{"label":"\ud83d\udcc5 Date","active":true,"required":true,"elementId":"date_7664c7e1fdf7ad","picker_type":"custom","picker_mode":"single","placeholder":"","description":"","tooltip":"","name":"date_7664c7e1fdf7ad","label_position":"default","desc_position":"default","enablePrice":false,"className":"","enableCl":false,"relations":[{"operator":"and","rules":[{"operator":"AND","rules":{"cl_field":"radio-group_5664c7e1fdf7be","cl_relation":"is_not_empty","cl_val":"3 Hour Trip"}}]}],"date_pic_inline":true,"date_pic_inline_hide":true,"min_date":{"type":"days","val":"0"},"max_date":{"type":"days","val":"365"},"date_pic_conf":{"disabledWeeks":[0,1,2,3,4,5],"disabledDates":["2025-09-20","2025-09-29","2025-10-04","2025-11-13 to 2025-12-13","2026-09-26","2026-10-10","2026-10-17"]},"price":"","cl_rule":"show","col":6,"type":"date","error":false,"enableDesign":false,"LabelColor":"","date_conf_custom":{"minDate":"let d = new Date();\nif (d.getHours() >= 21) {\n  d.setDate(d.getDate() + 1);\n} else {\n  d.setDate(d.getDate() + 0);\n}\nreturn d;"},"isWeightTemplate":false,"isTemplate":false,"min_quantity":"1","quantity_decimal":false,"quantity_step":"1","quantity_label":"Quantity","repeater_field_label":"{field_label}","repeater_bind":"","gt_translate_keys":["label","placeholder","description","tooltip","repeater_field_label","quantity_label"],"price_dependency":false,"cl_dependency":false,"value":""}],[{"active":true,"col":6,"relations":false,"cl_rule":"show","enableCl":false,"price":"","enablePrice":false,"className":"","label_position":"default","desc_position":"default","type":"separator","required":false,"elementId":"separator_7664c7e1fdf7cc","label":"Separator Field","height":"8","separatorType":"blank","error":false,"gt_translate_keys":["label"],"price_dependency":false,"cl_dependency":false,"value":""}],[{"active":true,"col":6,"relations":false,"cl_rule":"show","enableCl":false,"price":"","enablePrice":false,"className":"","label_position":"default","desc_position":"default","type":"content","required":false,"elementId":"content_1664c7e1fdf7d8","label":"People","name":"content_1664c7e1fdf7d8","contentType":"plain","value":"","error":false,"show_in_checkout":true,"inline":false,"gt_translate_keys":["label","value"],"price_dependency":false,"cl_dependency":false}],[{"active":true,"col":6,"relations":[{"operator":false,"rules":[{"operator":"AND","rules":{"cl_field":"","cl_relation":"","cl_val":""}}]}],"cl_rule":"show","enableCl":true,"price":"49","enablePrice":true,"className":"","label_position":"default","desc_position":"default","type":"radio-group","required":false,"elementId":"radio-group_9664c7e1fdf7e3","label":"","name":"radio-group_9664c7e1fdf7e3","values":[{"label":"\ud83d\udc64 Adult (49\u20ac)","value":"Adult (49\u20ac)","selected":true,"tempId":"aco_32","tooltip":"+16 Years","description":"","gt_translate_keys":["label","tooltip","description"]}],"layOut":"","error":false,"checkUi":"button","priceOptions":"fixed_for_all","pricingType":"fixed","enable_quantity":true,"quantity_label":"","min_quantity":"0","options_tooltip":true,"options_description":true,"gt_translate_keys":["label","quantity_label"],"price_dependency":false,"cl_dependency":false,"value":""}],[{"label":"","active":true,"required":false,"elementId":"radio-group_3664c7e1fdf7ef","name":"radio-group_3664c7e1fdf7ef","label_position":"default","desc_position":"default","enablePrice":true,"className":"","enableCl":true,"relations":[{"operator":false,"rules":[{"operator":"AND","rules":{"cl_field":"","cl_relation":"","cl_val":""}}]}],"enable_quantity":true,"quantity_label":"","min_quantity":"0","checkUi":"button","layOut":"","options_tooltip":true,"options_description":true,"values":[{"label":"\ud83d\udc66 Child (25\u20ac)","value":"Child","selected":true,"tempId":"aco_32","tooltip":"5-15 Years","description":"","gt_translate_keys":["label","tooltip","description"]}],"priceOptions":"fixed_for_all","pricingType":"fixed","price":"25","cl_rule":"show","col":6,"type":"radio-group","error":false,"gt_translate_keys":["label","quantity_label"],"price_dependency":false,"cl_dependency":false,"value":""}],[{"label":"","active":true,"required":false,"elementId":"radio-group-9164063374","name":"radio-group-9164063374","label_position":"default","desc_position":"default","enablePrice":true,"className":"","enableCl":true,"relations":[{"operator":false,"rules":[{"operator":"AND","rules":{"cl_field":"","cl_relation":"","cl_val":""}}]}],"enable_quantity":true,"quantity_label":"","min_quantity":"0","checkUi":"button","layOut":"","options_tooltip":true,"options_description":true,"values":[{"label":"\ud83d\udc76 Toddler (Free)","value":"Toddler","selected":true,"tempId":"aco_32","tooltip":"0-4 Years","description":"","gt_translate_keys":["label","tooltip","description"]}],"priceOptions":"fixed_for_all","pricingType":"fixed","price":"0","cl_rule":"show","col":6,"type":"radio-group","error":false,"gt_translate_keys":["label","quantity_label"],"price_dependency":false,"cl_dependency":false,"value":""}]]}},"config":{"price_override":"always","enable_recaptcha":false,"bind_quantity":false,"quantity_bind_formula":false,"disp_summ_show_option_price":true,"disp_summ_show_product_price":false,"disp_summ_show_total_price":true,"disp_summ_show_fee":true,"disp_summ_show_discount":true,"summary_title":"","options_total_label":"Options Price","total_label":"Total Amount","options_product_label":"Product Price","fee_label":"Fee","discount_label":"Discount","has_price":true,"has_quantity_formula":false},"mc_unit":1,"tax_rate":1,"tax_rate_real":1,"discount":{"percentage":0,"fixed":0},"design":{"conf":{"LabelPosition":"above","DescPosition":"above","UploadField":"custom_1","QuantityFieldStyle":"custom_1"},"css":{"LeftLabelWidth":"120px"}},"formulas":[],"lookuptables":[],"clones":false,"cartKey":false}},"_links":{"self":[{"href":"https:\/\/canaryvip.com\/fr\/wp-json\/wp\/v2\/product\/11531","targetHints":{"allow":["GET"]}}],"collection":[{"href":"https:\/\/canaryvip.com\/fr\/wp-json\/wp\/v2\/product"}],"about":[{"href":"https:\/\/canaryvip.com\/fr\/wp-json\/wp\/v2\/types\/product"}],"replies":[{"embeddable":true,"href":"https:\/\/canaryvip.com\/fr\/wp-json\/wp\/v2\/comments?post=11531"}],"wp:featuredmedia":[{"embeddable":true,"href":"https:\/\/canaryvip.com\/fr\/wp-json\/wp\/v2\/media\/11532"}],"wp:attachment":[{"href":"https:\/\/canaryvip.com\/fr\/wp-json\/wp\/v2\/media?parent=11531"}],"wp:term":[{"taxonomy":"product_brand","embeddable":true,"href":"https:\/\/canaryvip.com\/fr\/wp-json\/wp\/v2\/product_brand?post=11531"},{"taxonomy":"product_cat","embeddable":true,"href":"https:\/\/canaryvip.com\/fr\/wp-json\/wp\/v2\/product_cat?post=11531"},{"taxonomy":"product_tag","embeddable":true,"href":"https:\/\/canaryvip.com\/fr\/wp-json\/wp\/v2\/product_tag?post=11531"}],"curies":[{"name":"wp","href":"https:\/\/api.w.org\/{rel}","templated":true}]}}