{"id":11493,"date":"2024-05-14T14:46:09","date_gmt":"2024-05-14T13:46:09","guid":{"rendered":"https:\/\/canaryvip.com\/?post_type=product&#038;p=11493"},"modified":"2025-08-09T14:10:34","modified_gmt":"2025-08-09T13:10:34","slug":"scuba-diving-open-water-course-tenerife","status":"publish","type":"product","link":"https:\/\/canaryvip.com\/fr\/shop\/scuba-diving-open-water-course-tenerife\/","title":{"rendered":"PADI Scuba Diving : Cours d'eau libre Tenerife"},"content":{"rendered":"<h2><strong>\ud83e\udd3f PADI Open Water Diving Course Tenerife<\/strong><\/h2>\n<p>D\u00e9couvrez l'exp\u00e9rience ultime de la plong\u00e9e sous-marine avec notre cours PADI Scuba Diving Open Water \u00e0 Tenerife. Obtenez votre licence de plong\u00e9e et explorez les merveilles du monde sous-marin de Tenerife. Nos cours sont con\u00e7us pour vous pr\u00e9parer \u00e0 plonger dans toutes les conditions, ce qui fait de Tenerife l'endroit id\u00e9al pour commencer votre voyage de plong\u00e9e sous-marine.<\/p>\n<h3><strong>\u23f1\ufe0f Cours de plong\u00e9e PADI Open Water : Aucune exp\u00e9rience n'est n\u00e9cessaire !<\/strong><\/h3>\n<ul>\n<li><strong>Certification :<\/strong> Obtenez votre certificat PADI Open Water \u00e0 Tenerife, ce qui vous permettra de plonger partout dans le monde, y compris dans d'autres pays.<\/li>\n<li><strong>Localisation :<\/strong> Nos cours sont dispens\u00e9s dans une \u00e9cole de plong\u00e9e professionnelle \u00e0 Los Cristianos.<\/li>\n<li><strong>Dur\u00e9e de l'enqu\u00eate :<\/strong> Le cours s'\u00e9tend sur 2 \u00e0 3 jours et comprend 4 plong\u00e9es et des cours th\u00e9oriques complets.<\/li>\n<\/ul>\n<h3><strong>\ud83c\udf0a Le\u00e7ons de plong\u00e9e \u00e0 Tenerife<\/strong><\/h3>\n<ul>\n<li><strong>Formation :<\/strong> Apprenez \u00e0 plonger avec un instructeur PADI hautement qualifi\u00e9, jusqu'\u00e0 une profondeur maximale de 18 m\u00e8tres. D\u00e9couvrez le monde sous-marin comme jamais auparavant, en comprenant les courants oc\u00e9aniques, la vie marine et les lois sous-marines.<\/li>\n<li><strong>Cours pour enfants :<\/strong> Les jeunes plongeurs \u00e2g\u00e9s de 10 \u00e0 14 ans peuvent \u00e9galement obtenir leur certificat Junior PADI Open Water, avec des plong\u00e9es jusqu'\u00e0 12 m\u00e8tres.<\/li>\n<li>Equipement complet inclus.<\/li>\n<\/ul>\n<h3><strong>\ud83d\udc22 Conditions de plong\u00e9e \u00e0 Tenerife<\/strong><\/h3>\n<ul>\n<li><strong>Temp\u00e9rature de l'eau :<\/strong> Les conditions de plong\u00e9e sont agr\u00e9ables tout au long de l'ann\u00e9e, avec des temp\u00e9ratures comprises entre 18 et 25\u00b0C (64-77\u00b0F).<\/li>\n<li><strong>Visibilit\u00e9 :<\/strong> Vous b\u00e9n\u00e9ficiez d'une visibilit\u00e9 sous-marine de 15 \u00e0 30 m\u00e8tres, id\u00e9ale pour observer la faune et la flore marines telles que les raies, les tortues, les pieuvres et bien d'autres.<\/li>\n<li><strong>Emplacement pratique :<\/strong> L'\u00e9cole de plong\u00e9e est situ\u00e9e \u00e0 Los Cristianos, avec un acc\u00e8s facile aux meilleurs sites de plong\u00e9e et un service de ramassage optionnel dans le sud de T\u00e9n\u00e9rife.<\/li>\n<\/ul>\n<h3><strong>\u2705 Que comprend votre cours PADI \u00e0 Tenerife ?<\/strong><\/h3>\n<ul>\n<li>Service de ramassage et de d\u00e9p\u00f4t en option.<\/li>\n<li>Cours de plong\u00e9e guid\u00e9s par des instructeurs exp\u00e9riment\u00e9s.<\/li>\n<li>Casiers pour les effets personnels.<\/li>\n<li>20-45 minutes de plong\u00e9e par session.<\/li>\n<li>Guides multilingues pour des instructions claires.<\/li>\n<\/ul>\n<h3><strong>\u2696\ufe0f Politique de r\u00e9servation et d'annulation pour la plong\u00e9e sous-marine \u00e0 Tenerife<\/strong><\/h3>\n<ul>\n<li><strong>Annulations flexibles :<\/strong> Annulez jusqu'\u00e0 48 heures avant votre plong\u00e9e et vous serez int\u00e9gralement rembours\u00e9. Nous comprenons que les plans peuvent changer.<\/li>\n<li><strong>D\u00e9pend des conditions m\u00e9t\u00e9orologiques :<\/strong> En cas de mauvais temps, vous pouvez reporter l'\u00e9v\u00e9nement ou vous faire rembourser int\u00e9gralement. Nous vous en informerons au moins une heure \u00e0 l'avance.<\/li>\n<li><strong>Exigences m\u00e9dicales :<\/strong> Un formulaire m\u00e9dical doit \u00eatre rempli avant la plong\u00e9e pour s'assurer que vous \u00eates apte \u00e0 plonger.<\/li>\n<\/ul>\n<h3><strong>\ud83c\udf92 Pr\u00e9parer son aventure de plong\u00e9e<\/strong><\/h3>\n<ul>\n<li><strong>Ce qu'il faut apporter :<\/strong> Maillot de bain, tongs, serviette et votre billet CanaryVIP (imprim\u00e9 ou sur votre t\u00e9l\u00e9phone).<\/li>\n<li><strong>Sant\u00e9 et s\u00e9curit\u00e9 :<\/strong> La plong\u00e9e est d\u00e9conseill\u00e9e aux femmes enceintes de plus de 5 mois. Les participants doivent \u00eatre \u00e0 l'aise dans l'eau et savoir nager.<\/li>\n<li><strong>\u00c9quipement :<\/strong> Tout le mat\u00e9riel de plong\u00e9e n\u00e9cessaire est fourni. L'apport d'un \u00e9quipement personnel peut am\u00e9liorer votre confort.<\/li>\n<\/ul>\n<h3>\u2753 <strong>FAQs : Les r\u00e9ponses \u00e0 vos questions sur la plong\u00e9e<\/strong><\/h3>\n<ul>\n<li><strong>Dois-je avoir une exp\u00e9rience pr\u00e9alable de la plong\u00e9e ?<\/strong> Non, nos cours sont con\u00e7us pour les d\u00e9butants. Pr\u00e9parez-vous simplement \u00e0 vivre une aventure sous-marine passionnante.<\/li>\n<li><strong>Que dois-je porter ?<\/strong> Nous fournissons tous les \u00e9quipements de s\u00e9curit\u00e9 et de plong\u00e9e n\u00e9cessaires.<\/li>\n<li><strong>Y a-t-il des restrictions d'\u00e2ge ?<\/strong> Convient aux personnes \u00e2g\u00e9es de 10 ans et plus. Les enfants de 10 \u00e0 14 ans peuvent s'inscrire au cours Junior Open Water.<\/li>\n<li><strong>Et si je ne vois pas de tortues ou de raies ?<\/strong> Bien que les observations soient fr\u00e9quentes, elles ne peuvent \u00eatre garanties car elles d\u00e9pendent de la nature.<\/li>\n<\/ul>\n<h3><strong>\ud83d\udcc5 D\u00e9tails du cours<\/strong><\/h3>\n<ul>\n<li><strong>Dur\u00e9e de l'enqu\u00eate :<\/strong> Le cours dure 2 \u00e0 3 jours, avec 4 plong\u00e9es et des cours th\u00e9oriques.<\/li>\n<li><strong>\u00c2ge minimum :<\/strong> 10 ans. Les plongeurs juniors (\u00e2g\u00e9s de 10 \u00e0 14 ans) sont certifi\u00e9s pour plonger jusqu'\u00e0 12 m\u00e8tres.<\/li>\n<li><strong>Certification :<\/strong> A l'issue de cette formation, vous recevrez un certificat PADI Open Water Diver, vous permettant de plonger jusqu'\u00e0 18 m\u00e8tres n'importe o\u00f9 dans le monde, toujours avec un partenaire.<\/li>\n<li><strong>Structure du cours :<\/strong>\n<ul>\n<li><strong>Th\u00e9orie :<\/strong> Apprenez l'\u00e9quipement, la s\u00e9curit\u00e9 et la navigation sous-marine, qui peuvent \u00eatre compl\u00e9t\u00e9s en ligne avant le d\u00e9but du cours.<\/li>\n<li><strong>Exercices pratiques :<\/strong> Gagnez en confiance avec votre \u00e9quipement gr\u00e2ce \u00e0 des exercices sous l'eau et en surface.<\/li>\n<li><strong>Plong\u00e9es :<\/strong> Effectuer 4 plong\u00e9es - 2 jusqu'\u00e0 12 m\u00e8tres et 2 jusqu'\u00e0 18 m\u00e8tres, en mettant en pratique les comp\u00e9tences acquises lors des sessions th\u00e9oriques et pratiques.<\/li>\n<\/ul>\n<\/li>\n<li><strong>\u00c9quipement :<\/strong> Tout le mat\u00e9riel n\u00e9cessaire est inclus dans le prix du cours.<\/li>\n<li><strong>Certification pour les juniors :<\/strong> Les enfants \u00e2g\u00e9s de 10 \u00e0 14 ans re\u00e7oivent un certificat de Junior Open Water Diver, qui leur permet de plonger jusqu'\u00e0 12 m\u00e8tres.<\/li>\n<\/ul>\n<h4><strong>\ud83c\udf1e Pr\u00eat \u00e0 plonger ?<\/strong><\/h4>\n<p>Embarquez pour une exp\u00e9rience PADI <a href=\"https:\/\/canaryvip.com\/fr\/shop\/scuba-diving-tenerife\/\">Plong\u00e9e sous-marine<\/a> Cours d'Open Water \u00e0 Tenerife. Que vous plongiez depuis Los Cristianos, que vous observiez les tortues ou que vous exploriez la vie marine, votre aventure avec CanaryVIP promet d'\u00eatre passionnante et de laisser des souvenirs imp\u00e9rissables.<\/p>\n<p>R\u00e9servez votre place d\u00e8s aujourd'hui et plongez dans les merveilles de l'oc\u00e9an avec CanaryVIP ! \ud83e\udd3f\ud83d\udc22\ud83c\udf0a<\/p>","protected":false},"excerpt":{"rendered":"<p><strong>\ud83d\udd0d PADI Course Tenerife :<\/strong><br \/>\n\u2705 Paiement s\u00e9curis\u00e9.<br \/>\n\ud83c\udfab Obtenir un certificat PADI.<br \/>\n\ud83d\udc20 Observation de la vie marine.<br \/>\n\ud83d\ude80 2-3 jours Dur\u00e9e du cours.<br \/>\n\ud83e\udd3f Mat\u00e9riel fourni.<br \/>\n\ud83d\udd59 D\u00e9part du matin.<br \/>\n\ud83d\udcc5 Disponible tous les jours.<br \/>\n\ud83d\ude0e Aucune exp\u00e9rience de plong\u00e9e n'est n\u00e9cessaire.<br \/>\n\ud83c\udfca\ud83c\udffc Les bases de la natation sont requises.<br \/>\n\ud83e\udd11 Meilleur prix garanti.<br \/>\n\ud83d\ude8d Service de navette facultatif.<br \/>\n\ud83d\udc6a R\u00e9ductions pour les groupes.<br \/>\n\ud83d\udd01 48 Politique d'annulation.<br \/>\n\ud83c\udf0d Guides en anglais et en espagnol.<br \/>\n\ud83c\udf1f R\u00e9servez t\u00f4t et \u00e9conomisez.<br \/>\n\ud83d\udccd D\u00e9part de\u00a0<a href=\"https:\/\/maps.app.goo.gl\/g9c9rZaJv7igjr3t8\">Los Cristianos<\/a>.<\/p>","protected":false},"featured_media":11503,"comment_status":"open","ping_status":"closed","template":"","meta":{"_acf_changed":false},"product_brand":[],"product_cat":[53],"product_tag":[],"class_list":{"0":"post-11493","1":"product","2":"type-product","3":"status-publish","4":"has-post-thumbnail","6":"product_cat-water-sports","7":"wcpa_has_options","9":"first","10":"instock","11":"virtual","12":"purchasable","13":"product-type-simple"},"acf":[],"wcpa_form_fields":{"wcpaData":{"product":{"product_price":370,"price_html":"From&nbsp;<span class=\"woocommerce-Price-amount amount\"><bdi>370,00&nbsp;<span class=\"woocommerce-Price-currencySymbol\">&euro;<\/span><\/bdi><\/span>","original_product_price":370,"price_including_tax":370,"price_excluding_tax":370,"product_id":{"parent":11493,"variation":false},"is_variable":false,"stock_status":"instock","stock_quantity":null,"parent_sku":"CV11493","product_attributes":[],"custom_fields":[],"is_taxable":false,"product_name":"PADI Scuba Diving: Open Water Course Tenerife","hasImage":false},"fields":{"sec_46644afc54864b":{"extra":{"key":"sec_46644afc54864b","section_id":"sec_46644afc54864b","name":"Default","status":1,"cl_rule":"show","enableCl":false,"relations":[],"toggle":true,"title_tag":"h3","show_title":false,"showPrice":"default","form_id":11507,"form_rules":{"exclude_from_discount":true,"fee_label":"Fee","disp_hide_options_price":true,"disp_show_section_price":false,"disp_show_field_price":true,"layout_option":"standard","pric_use_as_fee":false,"process_fee_as":"woo_fee"},"layout_option":"standard"},"fields":[[{"label":"\ud83d\udcc5 Date","active":true,"required":true,"elementId":"date_96644afc54866b","picker_type":"custom","picker_mode":"single","placeholder":"","description":"","tooltip":"","name":"date_96644afc54866b","label_position":"default","desc_position":"default","enablePrice":false,"className":"","enableCl":false,"relations":[{"operator":"and","rules":[{"operator":"AND","rules":{"cl_field":"radio-group_4664295c2b9c39","cl_relation":"is","cl_val":"3 Hour Trip"}}]}],"date_pic_inline":true,"date_pic_inline_hide":true,"min_date":{"type":"days","val":"1"},"max_date":{"type":"days","val":"365"},"date_pic_conf":{"disabledWeeks":[]},"price":"","cl_rule":"show","col":6,"type":"date","error":false,"enableDesign":false,"LabelColor":"","gt_translate_keys":["label","placeholder","description","tooltip"],"price_dependency":false,"cl_dependency":false,"value":""}],[{"active":true,"col":6,"relations":false,"cl_rule":"show","enableCl":false,"price":"","enablePrice":false,"className":"","label_position":"default","desc_position":"default","type":"separator","required":false,"elementId":"separator_76644afc54867a","label":"Separator Field","height":"2","separatorType":"blank","error":false,"gt_translate_keys":["label"],"price_dependency":false,"cl_dependency":false,"value":""}]]},"sec_06644afc54875a":{"extra":{"key":"sec_06644afc54875a","section_id":"sec_06644afc54875a","name":"Dive with a License","status":1,"cl_rule":"show","enableCl":false,"relations":[{"operator":false,"rules":[{"operator":"AND","rules":{"cl_field":"radio-group_26644afc548687","cl_relation":"is","cl_val":"Dive with a License"}}]}],"toggle":true,"title_tag":"h4","show_title":false,"showPrice":"default","form_id":11507,"form_rules":{"exclude_from_discount":true,"fee_label":"Fee","disp_hide_options_price":true,"disp_show_section_price":false,"disp_show_field_price":true,"layout_option":"standard","pric_use_as_fee":false,"process_fee_as":"woo_fee"},"layout_option":"standard"},"fields":[[{"contentType":"rich","active":true,"label":"","elementId":"content_46644afc54876d","value":"<p>\ud83c\udf9f\ufe0f <strong>Reservation<\/strong>: Pay only a deposit now to reserve; the rest is due on the day of the activity upon arrival.<\/p>","inline":true,"show_in_checkout":true,"name":"content_46644afc54876d","enablePrice":false,"className":"","subtype":"div","enableCl":false,"relations":false,"price":"","cl_rule":"show","col":6,"type":"content","gt_translate_keys":["label","value"],"price_dependency":false,"cl_dependency":false}],[{"active":true,"col":6,"relations":false,"cl_rule":"show","enableCl":false,"price":"","enablePrice":true,"className":"","label_position":"default","desc_position":"default","type":"select","required":false,"elementId":"select_96644afc548776","label":"\ud83e\udeaa PADI Open Water Course","name":"select_96644afc548776","values":[{"label":"1 Person (370\u20ac)","value":"1","selected":false,"tempId":"aco_6352","price":"370","gt_translate_keys":["label"]},{"label":"2 People (740\u20ac)","value":"2","selected":false,"tempId":"aco_6353","price":"740","gt_translate_keys":["label"]},{"label":"3 People (1.110\u20ac)","value":"3","selected":false,"tempId":"aco_6354","price":"1110","gt_translate_keys":["label"]},{"label":"4 People (1.480\u20ac)","value":"4","selected":false,"tempId":"aco_922","price":"1480","gt_translate_keys":["label"]}],"dropdown_type":"basic","error":false,"priceOptions":"different_for_all","pricingType":"fixed","placeholder":"Select Amount of People","is_show_price":true,"gt_translate_keys":["label","placeholder"],"price_dependency":["content_106644afc548789","content_46644afc548793","content_76644afc54879c"],"cl_dependency":false,"value":""}],[{"elementId":"separator_106644afc548780","separatorType":"fill","separatorColor":"#66a6b6","className":"","height":"6","enableCl":false,"relations":false,"cl_rule":"show","col":6,"type":"separator","gt_translate_keys":[],"price_dependency":false,"cl_dependency":false,"value":""}],[{"contentType":"plain","active":true,"label":"Deposit Now","elementId":"content_106644afc548789","value":"","inline":true,"show_in_checkout":true,"name":"content_106644afc548789","enablePrice":true,"className":"","fee_label":"","subtype":"div","enableCl":false,"relations":false,"scrollBar":false,"enableDesign":true,"LabelColor":"","LabelSize":"14px","pricingType":"custom","isTemplate":false,"price":"{field.select_96644afc548776.price}*0.1581081","use_as_fee":false,"is_show_price":false,"cl_rule":"show","col":6,"type":"content","error":false,"formulaId":"fmla_1715641843927697789","gt_translate_keys":["label","value"],"price_dependency":false,"cl_dependency":false}],[{"contentType":"plain","active":true,"label":"Payment at Arrival","elementId":"content_46644afc548793","value":"","inline":true,"show_in_checkout":true,"name":"content_46644afc548793","enablePrice":true,"className":"","fee_label":"","subtype":"div","enableCl":false,"relations":[{"operator":false,"rules":[{"operator":"AND","rules":{"cl_field":"content_86644afc5486bd","cl_relation":"is_not_empty","cl_val":""}}]}],"scrollBar":false,"enableDesign":true,"LabelColor":"","LabelSize":"14px","pricingType":"custom","isTemplate":false,"price":"{field.select_96644afc548776.price}*0.8418919","use_as_fee":false,"is_show_price":true,"cl_rule":"disable","col":6,"type":"content","error":false,"formulaId":"fmla_1715642020961697970","gt_translate_keys":["label","value"],"price_dependency":false,"cl_dependency":false}],[{"contentType":"plain","active":true,"label":"Total Amount","elementId":"content_76644afc54879c","value":"","inline":true,"show_in_checkout":true,"name":"content_76644afc54879c","enablePrice":true,"className":"","fee_label":"","subtype":"div","enableCl":false,"relations":[{"operator":false,"rules":[{"operator":"AND","rules":{"cl_field":"content_86644afc5486bd","cl_relation":"is_not_empty","cl_val":""}}]}],"scrollBar":false,"enableDesign":true,"LabelColor":"","LabelSize":"14px","pricingType":"custom","isTemplate":false,"price":"{field.select_96644afc548776.price}","use_as_fee":false,"is_show_price":true,"cl_rule":"disable","col":6,"type":"content","error":false,"gt_translate_keys":["label","value"],"price_dependency":false,"cl_dependency":false}]]},"sec_16644afc54879d":{"extra":{"key":"sec_16644afc54879d","section_id":"sec_16644afc54879d","name":"Pickup Location","status":1,"cl_rule":"show","enableCl":false,"relations":[],"toggle":true,"title_tag":"h4","show_title":false,"showPrice":"default","form_id":11507,"form_rules":{"exclude_from_discount":true,"fee_label":"Fee","disp_hide_options_price":true,"disp_show_section_price":false,"disp_show_field_price":true,"layout_option":"standard","pric_use_as_fee":false,"process_fee_as":"woo_fee"},"layout_option":"standard"},"fields":[[{"active":true,"col":6,"relations":[{"operator":false,"rules":[{"operator":"AND","rules":{"cl_field":"radio-group_4664295c2b9c39","cl_relation":"is","cl_val":"3 Hour Trip"}}]}],"cl_rule":"show","enableCl":false,"price":"","enablePrice":false,"className":"","label_position":"default","desc_position":"default","type":"select","required":true,"elementId":"select_106644afc5487a6","label":"\u23f0 Departure Time","name":"select_106644afc5487a6","values":[{"label":"9:00 AM","value":"9:00","selected":true,"tempId":"aco_1450","gt_translate_keys":["label"]}],"dropdown_type":"basic","error":false,"placeholder":"","gt_translate_keys":["label","placeholder"],"price_dependency":false,"cl_dependency":false,"value":""}],[{"active":true,"col":6,"relations":false,"cl_rule":"show","enableCl":false,"price":"","enablePrice":false,"className":"","label_position":"default","desc_position":"default","type":"separator","required":false,"elementId":"separator_46644afc5487b0","label":"Separator Field","height":"1","separatorType":"blank","error":false,"gt_translate_keys":["label"],"price_dependency":false,"cl_dependency":false,"value":""}],[{"active":true,"col":6,"relations":[{"operator":false,"rules":[{"operator":false,"rules":{"cl_field":"radio-group_4664295c2b9c39","cl_relation":"is_not","cl_val":"4.5 Hour Trip from North Tenerife"}}]}],"cl_rule":"show","enableCl":false,"price":"","enablePrice":false,"className":"","label_position":"default","desc_position":"default","type":"text","subtype":"text","required":false,"elementId":"text_66644afc5487b9","label":"\ud83d\ude8c Pickup Location","name":"text_66644afc5487b9","value":"","error":false,"description":"Pick-up service in Tenerife South available for an extra 2\u20ac per person, to be paid on arrival. Please provide your address or hotel name to book the shuttle service; if not needed, leave it blank. | For Callao Salvaje and Palm-Mar, the extra cost is 4\u20ac per person | El M\u00e9dano: 15\u20ac per car | Golf del Sur: 10\u20ac per car.","repeater":false,"repeater_field_label":"{field_label}","repeater_bind":"","gt_translate_keys":["label","description","value","repeater_field_label"],"price_dependency":false,"cl_dependency":false}]]}},"config":{"price_override":"always","enable_recaptcha":false,"bind_quantity":false,"quantity_bind_formula":false,"disp_summ_show_option_price":true,"disp_summ_show_product_price":false,"disp_summ_show_total_price":false,"disp_summ_show_fee":true,"disp_summ_show_discount":true,"summary_title":"","options_total_label":"Options Price","total_label":"Deposit Amount","options_product_label":"Product Price","fee_label":"Fee","discount_label":"Discount","has_price":true,"has_quantity_formula":false},"mc_unit":1,"tax_rate":1,"tax_rate_real":1,"discount":{"percentage":0,"fixed":0},"design":{"conf":{"LabelPosition":"above","DescPosition":"above","UploadField":"custom_1","QuantityFieldStyle":"custom_1"},"css":{"LeftLabelWidth":"120px"}},"formulas":{"fmla_1715641843927697789":"(({field.select_5483136313.value}>=3)?(24):(({field.select_5483136313.value}>=2)?(38):(({field.select_5483136313.value}>=1)?(52):(0))))","fmla_1715642020961697970":"(({field.select_5483136313.value}>=3)?(56):(({field.select_5483136313.value}>=2)?(112):(({field.select_5483136313.value}>=1)?(168):(0))))"},"lookuptables":[],"clones":false,"cartKey":false}},"_links":{"self":[{"href":"https:\/\/canaryvip.com\/fr\/wp-json\/wp\/v2\/product\/11493","targetHints":{"allow":["GET"]}}],"collection":[{"href":"https:\/\/canaryvip.com\/fr\/wp-json\/wp\/v2\/product"}],"about":[{"href":"https:\/\/canaryvip.com\/fr\/wp-json\/wp\/v2\/types\/product"}],"replies":[{"embeddable":true,"href":"https:\/\/canaryvip.com\/fr\/wp-json\/wp\/v2\/comments?post=11493"}],"wp:featuredmedia":[{"embeddable":true,"href":"https:\/\/canaryvip.com\/fr\/wp-json\/wp\/v2\/media\/11503"}],"wp:attachment":[{"href":"https:\/\/canaryvip.com\/fr\/wp-json\/wp\/v2\/media?parent=11493"}],"wp:term":[{"taxonomy":"product_brand","embeddable":true,"href":"https:\/\/canaryvip.com\/fr\/wp-json\/wp\/v2\/product_brand?post=11493"},{"taxonomy":"product_cat","embeddable":true,"href":"https:\/\/canaryvip.com\/fr\/wp-json\/wp\/v2\/product_cat?post=11493"},{"taxonomy":"product_tag","embeddable":true,"href":"https:\/\/canaryvip.com\/fr\/wp-json\/wp\/v2\/product_tag?post=11493"}],"curies":[{"name":"wp","href":"https:\/\/api.w.org\/{rel}","templated":true}]}}