{"id":11456,"date":"2024-05-12T23:05:18","date_gmt":"2024-05-12T22:05:18","guid":{"rendered":"https:\/\/canaryvip.com\/?post_type=product&#038;p=11456"},"modified":"2026-03-05T17:06:36","modified_gmt":"2026-03-05T17:06:36","slug":"party-boat-tenerife","status":"publish","type":"product","link":"https:\/\/canaryvip.com\/fr\/shop\/party-boat-tenerife\/","title":{"rendered":"Utopia Boat Party Tenerife"},"content":{"rendered":"<h2>\ud83c\udf89 Party Boat Tenerife avec CanaryVIP<\/h2>\n<p><strong>Vivez une exp\u00e9rience inoubliable avec CanaryVIP :<\/strong> Plongez dans une aventure extraordinaire avec nos billets pour le Party Boat Tenerife. Au d\u00e9part de Puerto Col\u00f3n, ce voyage exaltant se caract\u00e9rise par une musique vibrante, un soleil \u00e9blouissant et une foule cosmopolite.<\/p>\n<p><strong>CanaryVIP<\/strong> CanaryVIP propose des billets pour les f\u00eates en bateau les plus excitantes de T\u00e9n\u00e9riffe, promettant une exp\u00e9rience unique et inoubliable, m\u00ealant une pr\u00e9-f\u00eate palpitante, une promenade en bateau \u00e9nergique et une after-party passionnante.<\/p>\n<p><strong>L'exp\u00e9rience ultime de la f\u00eate :<\/strong>\u00a0: Rejoignez-nous \u00e0 bord de cette f\u00eate pas comme les autres. M\u00e9lange remarquable de House, RnB, Hip Hop, DnB, EDM et Reggaeton, le tout aliment\u00e9 par un syst\u00e8me de sonorisation de premier ordre. Des DJs et MCs professionnels assurent un divertissement ininterrompu, ce qui en fait l'ultime exp\u00e9rience de f\u00eate sur un bateau \u00e0 Tenerife.<\/p>\n<h3>\ud83c\udf9f\ufe0f Options de billets<\/h3>\n<p>Tous les billets comprennent l'acc\u00e8s \u00e0 une f\u00eate l\u00e9gendaire de trois heures sur un bateau, avec de la musique House, RnB, Hip Hop, DnB, EDM et Reggaeton, jou\u00e9e par les meilleurs DJs et MCs r\u00e9sidents, un \u00e9norme syst\u00e8me de sonorisation Utopia de 15 000 watts, et des photos professionnelles gratuites en ligne. Choisissez parmi les options suivantes :<\/p>\n<ul>\n<li><strong>Billet de base :<\/strong> Comprend 4 boissons parmi une s\u00e9lection de spiritueux locaux (rhum, whisky, gin, vodka, liqueur de noix de coco, amaretto), la bi\u00e8re Victoria M\u00e1laga ou des boissons non alcoolis\u00e9es (cola, orange, citron, sprite).<\/li>\n<li><strong>Billet standard pour l'Open Bar :<\/strong> Comprend un open bar illimit\u00e9 de 3 heures avec de la bi\u00e8re locale, des spiritueux et des mixers.<\/li>\n<li><strong>Ticket pour les boissons Premium :<\/strong> Comprend un nombre illimit\u00e9 de spiritueux de marque tels que Absolut Vodka, Bacardi, Havana, Beefeater Gin (normal et rose), Disaronno, Malibu, Jim Beam, Ballantine's whisky, ainsi que Red Bull et des mixers de premi\u00e8re qualit\u00e9.<\/li>\n<li><strong>Billet VIP :<\/strong> Comprend tous les avantages Premium, plus l'embarquement prioritaire et l'acc\u00e8s exclusif \u00e0 un espace VIP priv\u00e9 et \u00e0 un bar d\u00e9di\u00e9 \u00e0 bord.<\/li>\n<\/ul>\n<h3>\u2728 Party Boat Tenerife D\u00e9tails<\/h3>\n<p><strong>Ensemble complet de services pour les f\u00eates :<\/strong> Votre voyage commence par une soir\u00e9e d'avant-soir\u00e9e anim\u00e9e au <a href=\"https:\/\/maps.app.goo.gl\/Vt7HqjMeKHLczpy69\" target=\"_blank\" rel=\"noopener\">Barre de perles noires,<\/a> o\u00f9 vous pourrez d\u00e9guster une boisson gratuite et rencontrer d'autres f\u00eatards. L'\u00e9v\u00e9nement principal est un <strong>Croisi\u00e8re de 3 heures<\/strong> \u00e0 bord du <strong>Bateau de f\u00eate Utopia,<\/strong>\u00a0La soir\u00e9e sera suivie d'une after-party au Black Pearl bar avec des offres exclusives.<\/p>\n<p><strong>L'inclusion pour tous :<\/strong> Cette activit\u00e9 s'adresse \u00e0 tous les amateurs de f\u00eates et garantit un m\u00e9lange \u00e9quilibr\u00e9 d'amusement, de musique et d'interaction sociale. C'est le meilleur choix pour ceux qui recherchent une f\u00eate vibrante et m\u00e9morable. <a href=\"https:\/\/canaryvip.com\/fr\/tenerife\/boat-excursions\/\">l'exp\u00e9rience de l'excursion en bateau.<\/a><\/p>\n<h3>\ud83c\udf0a A quoi s'attendre lors d'une f\u00eate en bateau \u00e0 Tenerife ?<\/h3>\n<ul>\n<li><strong>Musique et divertissement passionnants :<\/strong>\u00a0: Dansez sur les rythmes de House, RnB, Hip Hop, DnB, EDM et Reggaeton sur ce bateau de f\u00eate de Tenerife enti\u00e8rement \u00e9quip\u00e9.<\/li>\n<li><strong>Open Bar :<\/strong>\u00a0: Profitez d'un open bar de 3 heures avec une s\u00e9lection de bi\u00e8res, de spiritueux locaux et de mixers pendant votre excursion en bateau de f\u00eate \u00e0 T\u00e9n\u00e9rife.<\/li>\n<li><strong>Confort et commodit\u00e9s :<\/strong>\u00a0: D\u00e9tendez-vous avec des si\u00e8ges confortables, des installations propres et une atmosph\u00e8re anim\u00e9e.<\/li>\n<li><strong>Beaut\u00e9 du paysage : <\/strong>: La c\u00f4te de T\u00e9n\u00e9rife s'offre \u00e0 vous et vous pouvez faire la f\u00eate sur les vagues.<\/li>\n<li><strong>La s\u00e9curit\u00e9 avant tout : <\/strong>: L'\u00e9quipage donne la priorit\u00e9 \u00e0 votre s\u00e9curit\u00e9 gr\u00e2ce \u00e0 des directives claires et \u00e0 une assistance multilingue.<\/li>\n<\/ul>\n<h3>\ud83d\udee5\ufe0f Pr\u00e9paration de votre aventure en Party Boat Tenerife<\/h3>\n<p>Pour que l'exp\u00e9rience se passe bien, apportez votre maillot de bain, de la cr\u00e8me solaire et des lunettes de soleil. <strong>CanaryVIP<\/strong> billet, sous forme num\u00e9rique ou imprim\u00e9e. Il est recommand\u00e9 de prendre un repas avant le d\u00e9part et d'\u00e9viter l'alcool pour r\u00e9duire le risque de mal de mer. Pensez \u00e0 prendre un comprim\u00e9 contre le mal des transports avant le d\u00e9part pour un voyage confortable.<\/p>\n<h3>\ud83d\udea4 Party Boat Tenerife : Votre c\u00e9l\u00e9bration ultime<\/h3>\n<p>Choisissez CanaryVIP pour votre <strong>Party Boat Tenerife<\/strong> en offrant un rapport qualit\u00e9-prix imbattable et un service exceptionnel.<br \/>\nRejoignez-nous pour vivre la meilleure exp\u00e9rience de f\u00eate nautique :<\/p>\n<ul>\n<li><strong>Meilleurs tarifs garantis :<\/strong> Profitez de prix comp\u00e9titifs pour une exp\u00e9rience inoubliable sur un bateau de f\u00eate \u00e0 Tenerife.<\/li>\n<li><strong>R\u00e9ductions pour les groupes :<\/strong> \u00c9conomisez davantage gr\u00e2ce \u00e0 nos tarifs sp\u00e9ciaux pour les groupes sur notre bateau de f\u00eate \u00e0 Tenerife.<\/li>\n<li><strong>R\u00e9servations \u00e0 l'avance :<\/strong> R\u00e9servez votre place \u00e0 l'avance pour ne pas manquer ce bateau de f\u00eate exclusif \u00e0 T\u00e9n\u00e9rife !<\/li>\n<li><strong>Politique d'annulation flexible :<\/strong> B\u00e9n\u00e9ficiez de nos conditions d'annulation favorables aux clients.<\/li>\n<li><strong>Op\u00e9rateur de confiance :<\/strong> En tant que principal fournisseur de billets dans les \u00eeles Canaries, <strong>CanaryVIP<\/strong> est le choix pr\u00e9f\u00e9r\u00e9 des amateurs de bateaux de f\u00eate \u00e0 T\u00e9n\u00e9rife.<\/li>\n<\/ul>\n<h3>\ud83d\ude99 Point de rencontre et parking<\/h3>\n<p><strong>Rejoignez-nous \u00e0 Puerto Col\u00f3n :<\/strong> Rendez-vous au Black Pearl Bar pour votre aventure en bateau de f\u00eate \u00e0 Tenerife. Arrivez au moins 15 minutes avant le d\u00e9part pour garantir un embarquement en douceur. Un vaste parking est disponible au port, ce qui est pratique pour ceux qui rejoignent notre bateau de f\u00eate \u00e0 T\u00e9n\u00e9rife.<\/p>\n<h3>\ud83c\udf1f Conditions g\u00e9n\u00e9rales de CanaryVIP<\/h3>\n<p>Profitez d'une tranquillit\u00e9 d'esprit gr\u00e2ce \u00e0 nos polices compl\u00e8tes pour votre aventure. Voici ce que vous devez savoir :<\/p>\n<ul>\n<li><strong>Plans d'urgence m\u00e9t\u00e9orologiques :<\/strong> En cas de conditions m\u00e9t\u00e9orologiques dangereuses, des options de report ou de remboursement int\u00e9gral seront propos\u00e9es.<\/li>\n<li><strong>Politique d'annulation flexible :<\/strong>\n<ul>\n<li>Annulation ou report gratuit jusqu'\u00e0 7 jours \u00e0 l'avance pour les r\u00e9servations individuelles.<\/li>\n<li>Pour les groupes de plus de 10 personnes, annulation gratuite jusqu'\u00e0 12 jours avant l'\u00e9v\u00e9nement.<\/li>\n<li>Pour les groupes de plus de 20 personnes, annulation gratuite jusqu'\u00e0 16 jours avant l'\u00e9v\u00e9nement.<\/li>\n<li>Vous devez <a href=\"https:\/\/canaryvip.com\/fr\/contact\/\">nous contacter<\/a> pour les demandes d'annulation.<\/li>\n<\/ul>\n<\/li>\n<li><strong>Non pr\u00e9sentation et arriv\u00e9e tardive :<\/strong> Aucun remboursement n'est pr\u00e9vu en cas de non-pr\u00e9sentation ou d'arriv\u00e9e tardive. Veillez \u00e0 arriver \u00e0 l'heure car la f\u00eate du bateau est g\u00e9n\u00e9ralement compl\u00e8te.<\/li>\n<li><strong>Comportement \u00e0 bord :<\/strong> Les invit\u00e9s sont tenus de maintenir un environnement amusant et s\u00fbr. Un mauvais comportement peut entra\u00eener le retrait du bateau sans remboursement.<\/li>\n<li><strong>Mal de mer et changements d'itin\u00e9raire :<\/strong> Si le mal de mer survient et que l'itin\u00e9raire doit \u00eatre modifi\u00e9, aucun remboursement ne sera effectu\u00e9.<\/li>\n<li><strong>Plaintes :<\/strong> Tout probl\u00e8me doit \u00eatre abord\u00e9 avec le personnel du bateau le jour de l'\u00e9v\u00e9nement, car le personnel de CanaryVIP n'est pas pr\u00e9sent sur le bateau.<\/li>\n<\/ul>\n<p>R\u00e9servez d\u00e8s maintenant et rejoignez-nous pour une f\u00eate inoubliable sur les vagues de Tenerife !<\/p>","protected":false},"excerpt":{"rendered":"<p><strong>\ud83d\udd0d Boat Party Tenerife :<\/strong><br \/>\n\u2705 Paiement s\u00e9curis\u00e9.<br \/>\n\ud83d\ude80 3h d'excursion en bateau.<br \/>\n\ud83c\udf7b 3h OPEN BAR Inclus.<br \/>\n\ud83d\udcc6 Le samedi \u00e0 12h30.<br \/>\n\ud83c\udfb6 DJ et musique.<br \/>\n\ud83d\udeab UNIQUEMENT +18 ans.<br \/>\n\ud83e\udd11 Meilleur prix garanti.<br \/>\n\ud83c\udf1f R\u00e9servez maintenant et \u00e9conomisez !<br \/>\n\ud83d\udccd D\u00e9part de\u00a0<a href=\"https:\/\/www.google.com\/maps\/place\/Puerto+Col%C3%B3n\/@28.0783432,-16.7368735,18.52z\/data=!4m6!3m5!1s0xc6a9743509c9ebf:0xd62345524f768247!8m2!3d28.0789928!4d-16.7359737!16s%2Fg%2F11c6cqryw_?entry=tts\">Puerto Colon<\/a>.<\/p>","protected":false},"featured_media":11461,"comment_status":"open","ping_status":"closed","template":"","meta":{"_acf_changed":false},"product_brand":[],"product_cat":[46],"product_tag":[],"class_list":{"0":"post-11456","1":"product","2":"type-product","3":"status-publish","4":"has-post-thumbnail","6":"product_cat-boat-excursions","7":"wcpa_has_options","9":"first","10":"instock","11":"sale","12":"virtual","13":"purchasable","14":"product-type-simple"},"acf":[],"wcpa_form_fields":{"wcpaData":{"product":{"product_price":70,"price_html":"From&nbsp;<del aria-hidden=\"true\"><span class=\"woocommerce-Price-amount amount\"><bdi>75,00&nbsp;<span class=\"woocommerce-Price-currencySymbol\">&euro;<\/span><\/bdi><\/span><\/del> <span class=\"screen-reader-text\">Le prix initial \u00e9tait\u00a0: 75,00&nbsp;&euro;.<\/span><ins aria-hidden=\"true\"><span class=\"woocommerce-Price-amount amount\"><bdi>70,00&nbsp;<span class=\"woocommerce-Price-currencySymbol\">&euro;<\/span><\/bdi><\/span><\/ins><span class=\"screen-reader-text\">Le prix actuel est\u00a0: 70,00&nbsp;&euro;.<\/span>","original_product_price":75,"price_including_tax":70,"price_excluding_tax":70,"product_id":{"parent":11456,"variation":false},"is_variable":false,"stock_status":"instock","stock_quantity":null,"parent_sku":"CV11456","product_attributes":[],"custom_fields":[],"is_taxable":false,"product_name":"Utopia Boat Party Tenerife","hasImage":false},"fields":{"sec_06641441f5ff23":{"extra":{"key":"sec_06641441f5ff23","section_id":"sec_06641441f5ff23","name":"Default","status":1,"cl_rule":"show","enableCl":false,"relations":[],"toggle":true,"title_tag":"h3","show_title":false,"showPrice":"default","form_id":11462,"form_rules":{"exclude_from_discount":true,"fee_label":"Fee","disp_hide_options_price":true,"disp_show_section_price":false,"disp_show_field_price":true,"layout_option":"standard","pric_use_as_fee":false,"process_fee_as":"woo_fee"},"layout_option":"standard"},"fields":[[{"active":true,"col":6,"relations":false,"cl_rule":"show","enableCl":false,"price":"","enablePrice":false,"className":"oferta-especial","label_position":"default","desc_position":"default","type":"content","required":false,"elementId":"content_1421636141","label":"","name":"content_1421636141","contentType":"rich","value":"<p><strong>\ud83d\udd25 Utopia Boat Party Limited Time Offer!<br>\n<\/strong>Exclusive 5% discount automatically applied at checkout.<\/p>","error":false,"isTemplate":false,"gt_translate_keys":["label","value"],"price_dependency":false,"cl_dependency":false}],[{"label":"\ud83d\udcc5 Date","active":true,"required":true,"elementId":"date_66641441f5ff41","picker_type":"custom","picker_mode":"single","placeholder":"","description":"","tooltip":"","name":"date_66641441f5ff41","label_position":"default","desc_position":"default","enablePrice":false,"className":"","enableCl":false,"relations":[{"operator":"and","rules":[{"operator":"AND","rules":{"cl_field":"radio-group_56641441f5ff51","cl_relation":"is_not_empty","cl_val":"3 Hour Trip"}}]}],"date_pic_inline":true,"date_pic_inline_hide":true,"min_date":{"type":"days","val":"1"},"max_date":"","date_pic_conf":{"disabledWeeks":[1,2,3,4,5,0],"disabledDates":["2024-05-19","2024-05-26","2025-04-06","2025-04-13","2025-04-16","2025-04-20","2025-04-27","2025-09-01 to 2025-09-30"]},"price":"","cl_rule":"show","col":6,"type":"date","error":false,"enableDesign":false,"LabelColor":"","isWeightTemplate":false,"isTemplate":false,"min_quantity":"1","quantity_decimal":false,"quantity_step":"1","quantity_label":"Quantity","repeater_field_label":"{field_label}","repeater_bind":"","gt_translate_keys":["label","placeholder","description","tooltip","repeater_field_label","quantity_label"],"price_dependency":false,"cl_dependency":false,"value":""}],[{"active":true,"col":6,"relations":[{"operator":false,"rules":[{"operator":"AND","rules":{"cl_field":"","cl_relation":"","cl_val":""}}]}],"cl_rule":"show","enableCl":true,"price":"70","enablePrice":true,"className":"","label_position":"default","desc_position":"below","type":"radio-group","required":false,"elementId":"radio-group_86641441f5ff75","label":"","name":"radio-group_86641441f5ff75","values":[{"label":"\ud83d\udfe2 Basic Ticket (70\u20ac)","value":"Basic Ticket","selected":true,"tempId":"aco_32","tooltip":"","description":"","gt_translate_keys":["label","tooltip","description"]}],"layOut":"","error":false,"checkUi":"button","priceOptions":"fixed_for_all","pricingType":"fixed","enable_quantity":true,"quantity_label":"","min_quantity":"0","options_tooltip":true,"options_description":true,"description":"Ideal for budget-friendly fun. Includes a drinks package with 4 beverages at a discounted price.","enableDesign":false,"gt_translate_keys":["label","description","quantity_label"],"price_dependency":false,"cl_dependency":false,"value":""}],[{"active":true,"col":6,"relations":false,"cl_rule":"show","enableCl":false,"price":"","enablePrice":false,"className":"","label_position":"default","desc_position":"default","type":"separator","required":false,"elementId":"separator_1097273251","label":"Separator Field","height":"3","separatorType":"fill","error":false,"separatorColor":"#4a90e2","gt_translate_keys":["label"],"price_dependency":false,"cl_dependency":false,"value":""}],[{"label":"","active":true,"required":false,"elementId":"radio-group-0169646210","description":"Open bar with unlimited beer, local spirits, and mixers. Perfect for music and drink lovers.","name":"radio-group-0169646210","label_position":"default","desc_position":"below","enablePrice":true,"className":"","enableCl":true,"relations":[{"operator":false,"rules":[{"operator":"AND","rules":{"cl_field":"","cl_relation":"","cl_val":""}}]}],"enableDesign":false,"enable_quantity":true,"quantity_label":"","min_quantity":"0","checkUi":"button","layOut":"","options_tooltip":true,"options_description":true,"values":[{"label":"\ud83c\udf9f\ufe0f Standard Ticket (90\u20ac)","value":"Standard Ticket","selected":true,"tempId":"aco_32","tooltip":"","description":"","gt_translate_keys":["label","tooltip","description"]}],"priceOptions":"fixed_for_all","pricingType":"fixed","price":"90","cl_rule":"show","col":6,"type":"radio-group","error":false,"gt_translate_keys":["label","description","quantity_label"],"price_dependency":false,"cl_dependency":false,"value":""}],[{"elementId":"separator-0973524418","separatorType":"fill","separatorColor":"#4a90e2","className":"","height":"3","enableCl":false,"relations":false,"cl_rule":"show","col":6,"type":"separator","gt_translate_keys":[],"price_dependency":false,"cl_dependency":false,"value":""}],[{"label":"","active":true,"required":false,"elementId":"radio-group_56641441f5ffa1","name":"radio-group_56641441f5ffa1","label_position":"default","desc_position":"below","enablePrice":true,"className":"","enableCl":false,"relations":[{"operator":false,"rules":[{"operator":"AND","rules":{"cl_field":"","cl_relation":"","cl_val":""}}]}],"enable_quantity":true,"quantity_label":"","min_quantity":"0","checkUi":"button","layOut":"","options_tooltip":true,"values":[{"label":"\u2b50\ufe0f Premium Ticket (110\u20ac)","value":"Premium Ticket (95\u20ac)","selected":true,"tempId":"aco_32","tooltip":"","description":"","gt_translate_keys":["label","tooltip","description"]}],"priceOptions":"fixed_for_all","pricingType":"fixed","price":"110","cl_rule":"show","col":6,"type":"radio-group","error":false,"description":"Upgrade your experience with premium spirits like Absolut, Bacardi, Havana, and more, plus Red Bull and premium mixers.","options_description":true,"gt_translate_keys":["label","description","quantity_label"],"price_dependency":false,"cl_dependency":false,"value":""}],[{"elementId":"separator-0973774727","separatorType":"fill","separatorColor":"#4a90e2","className":"","height":"3","enableCl":false,"relations":false,"cl_rule":"show","col":6,"type":"separator","gt_translate_keys":[],"price_dependency":false,"cl_dependency":false,"value":""}],[{"label":"","active":true,"required":false,"elementId":"radio-group-1821003227","description":"The ultimate luxury experience. Access the VIP area with open bar featuring premium spirits, Red Bull, and exclusive vibes.","name":"radio-group-1821003227","label_position":"default","desc_position":"below","enablePrice":true,"className":"","enableCl":false,"relations":[{"operator":false,"rules":[{"operator":"AND","rules":{"cl_field":"","cl_relation":"","cl_val":""}}]}],"enable_quantity":true,"quantity_label":"","min_quantity":"0","checkUi":"button","layOut":"","options_tooltip":true,"options_description":true,"values":[{"label":"\ud83d\udc8e VIP Ticket (130\u20ac)","value":"VIP Ticket","selected":true,"tempId":"aco_32","tooltip":"","description":"","gt_translate_keys":["label","tooltip","description"]}],"priceOptions":"fixed_for_all","pricingType":"fixed","price":"130","cl_rule":"show","col":6,"type":"radio-group","error":false,"gt_translate_keys":["label","description","quantity_label"],"price_dependency":false,"cl_dependency":false,"value":""}],[{"elementId":"separator-0974175336","separatorType":"fill","separatorColor":"#4a90e2","className":"","height":"3","enableCl":false,"relations":false,"cl_rule":"show","col":6,"type":"separator","gt_translate_keys":[],"price_dependency":false,"cl_dependency":false,"value":""}]]}},"config":{"price_override":"always","enable_recaptcha":false,"bind_quantity":false,"quantity_bind_formula":false,"disp_summ_show_option_price":true,"disp_summ_show_product_price":false,"disp_summ_show_total_price":true,"disp_summ_show_fee":true,"disp_summ_show_discount":true,"summary_title":"","options_total_label":"Options Price","total_label":"Total Amount","options_product_label":"Product Price","fee_label":"Fee","discount_label":"Discount","has_price":true,"has_quantity_formula":false},"mc_unit":1,"tax_rate":1,"tax_rate_real":1,"discount":{"percentage":0,"fixed":0},"design":{"conf":{"LabelPosition":"above","DescPosition":"above","UploadField":"custom_1","QuantityFieldStyle":"custom_1"},"css":{"LeftLabelWidth":"120px"}},"formulas":[],"lookuptables":[],"clones":false,"cartKey":false}},"_links":{"self":[{"href":"https:\/\/canaryvip.com\/fr\/wp-json\/wp\/v2\/product\/11456","targetHints":{"allow":["GET"]}}],"collection":[{"href":"https:\/\/canaryvip.com\/fr\/wp-json\/wp\/v2\/product"}],"about":[{"href":"https:\/\/canaryvip.com\/fr\/wp-json\/wp\/v2\/types\/product"}],"replies":[{"embeddable":true,"href":"https:\/\/canaryvip.com\/fr\/wp-json\/wp\/v2\/comments?post=11456"}],"wp:featuredmedia":[{"embeddable":true,"href":"https:\/\/canaryvip.com\/fr\/wp-json\/wp\/v2\/media\/11461"}],"wp:attachment":[{"href":"https:\/\/canaryvip.com\/fr\/wp-json\/wp\/v2\/media?parent=11456"}],"wp:term":[{"taxonomy":"product_brand","embeddable":true,"href":"https:\/\/canaryvip.com\/fr\/wp-json\/wp\/v2\/product_brand?post=11456"},{"taxonomy":"product_cat","embeddable":true,"href":"https:\/\/canaryvip.com\/fr\/wp-json\/wp\/v2\/product_cat?post=11456"},{"taxonomy":"product_tag","embeddable":true,"href":"https:\/\/canaryvip.com\/fr\/wp-json\/wp\/v2\/product_tag?post=11456"}],"curies":[{"name":"wp","href":"https:\/\/api.w.org\/{rel}","templated":true}]}}