{"id":11438,"date":"2024-05-11T22:23:40","date_gmt":"2024-05-11T21:23:40","guid":{"rendered":"https:\/\/canaryvip.com\/?post_type=product&#038;p=11438"},"modified":"2025-11-04T12:52:18","modified_gmt":"2025-11-04T12:52:18","slug":"ole-flamenco-show-tenerife","status":"publish","type":"product","link":"https:\/\/canaryvip.com\/fr\/shop\/ole-flamenco-show-tenerife\/","title":{"rendered":"Spectacle de flamenco OL\u00c9 \u00e0 Tenerife"},"content":{"rendered":"<h2>\ud83c\udfad D\u00e9couvrez le meilleur spectacle de flamenco de Tenerife<\/h2>\n<p>Plongez dans l'esprit vibrant de l'Espagne au Ol\u00e9 Flamenco Show Tenerife, un spectacle de flamenco de premier plan. <a href=\"https:\/\/canaryvip.com\/fr\/tenerife\/evening-shows\/\">\u00e0 Tenerife.<\/a> Vivez une soir\u00e9e captivante de musique passionn\u00e9e, de danse \u00e9lectrisante et d'expression culturelle riche sous la direction experte du c\u00e9l\u00e8bre Fran Chafino.<\/p>\n<p>Ce spectacle de 90 minutes promet une soir\u00e9e inoubliable, m\u00ealant les styles traditionnels du flamenco au flair contemporain, le tout dans le cadre luxueux de l'h\u00f4tel GF Victoria.<\/p>\n<p>Du jeu de jambes rythmique \u00e0 la guitare et aux voix expressives, chaque \u00e9l\u00e9ment du spectacle est con\u00e7u pour enchanter et inspirer, ce qui en fait un spectacle incontournable pour les habitants et les visiteurs \u00e0 la recherche d'une exp\u00e9rience espagnole authentique.<\/p>\n<h3>\ud83c\udf7d\ufe0f Lieu de luxe \u00e0 l'h\u00f4tel GF Victoria<\/h3>\n<p><strong>Localisation :<\/strong> L'\u00e9l\u00e9gante <a href=\"https:\/\/www.google.com\/maps\/place\/GF+Victoria\/@28.0917871,-16.7412967,17z\/data=!3m1!4b1!4m9!3m8!1s0xc6a974d01c4268f:0x3c0e40669a61bb47!5m2!4m1!1i2!8m2!3d28.0917871!4d-16.7387218!16s%2Fg%2F11bvv59vv2?entry=ttu\" target=\"_new\" rel=\"noreferrer noopener\">H\u00f4tel GF Victoria<\/a> \u00e0 Costa Adeje accueille cet \u00e9v\u00e9nement enchanteur, offrant une atmosph\u00e8re sophistiqu\u00e9e pour un spectacle de flamenco m\u00e9morable \u00e0 Tenerife.<\/p>\n<p><strong>Horaire :<\/strong> Le spectacle commence \u00e0 21h00, les portes ouvrant \u00e0 20h15. Il y a un entracte de 15 minutes et le spectacle se termine \u00e0 22h30.<\/p>\n<h3>\ud83c\udf9f\ufe0f Choisissez votre soir\u00e9e parfaite<\/h3>\n<p><strong>Billets d'or :<\/strong> Au prix de 49 euros par personne, profitez de l'entr\u00e9e au spectacle. Ce si\u00e8ge offre une vue imprenable sur la sc\u00e8ne et une exp\u00e9rience vivante pour 140 invit\u00e9s.<\/p>\n<p><strong>Billets Platine :<\/strong> Pour 59 euros par personne, cette option comprend l'entr\u00e9e, un verre de vin et des collations l\u00e9g\u00e8res. La zone Platinum, plus proche de la sc\u00e8ne, offre un cadre intime pour 80 invit\u00e9s.<\/p>\n<h3>\ud83c\udf1f D\u00e9couvrez le Flamenco authentique<\/h3>\n<p><strong>Voici Fran Chafino :<\/strong> La star du spectacle, Fran Chafino, est c\u00e9l\u00e8bre pour son talent extraordinaire et donne vie \u00e0 un flamenco authentique, garantissant que chaque invit\u00e9 soit hypnotis\u00e9 par le spectacle.<\/p>\n<p><strong>Une grande vari\u00e9t\u00e9 d'actes :<\/strong> Des buler\u00edas aux alegr\u00edas, le spectacle pr\u00e9sente un m\u00e9lange dynamique de chant, de guitare et de danse, captivant le public \u00e0 chaque repr\u00e9sentation unique.<\/p>\n<p><strong>Atmosph\u00e8re interactive :<\/strong> Bien que le public ne participe pas \u00e0 la danse, l'engagement des artistes cr\u00e9e une exp\u00e9rience intime et \u00e9nergique.<\/p>\n<h3><a href=\"https:\/\/canaryvip.com\/fr\/contact\/?swcfpc=1\">\ud83d\udd70\ufe0f<\/a> Informations essentielles<\/h3>\n<p><strong>Code vestimentaire :<\/strong> Une tenue d\u00e9contract\u00e9e est recommand\u00e9e pour compl\u00e9ter le cadre \u00e9l\u00e9gant. Les jeans et les t-shirts sont acceptables, mais les tenues de sport et les shorts sont d\u00e9conseill\u00e9s afin de pr\u00e9server l'ambiance sophistiqu\u00e9e du salon.<\/p>\n<p><strong>Informations sur le stationnement :<\/strong> Un vaste parking est disponible au centre commercial Plaza del Duque, \u00e0 quelques minutes de marche de l'\u00e9tablissement.<\/p>\n<p><strong>Entr\u00e9e du salon :<\/strong> Entrez par l'entr\u00e9e d\u00e9sign\u00e9e sur le c\u00f4t\u00e9 gauche de l'entr\u00e9e principale de l'h\u00f4tel pour acc\u00e9der facilement \u00e0 la salle de spectacle Las Olas.<\/p>\n<h3>\u2696\ufe0f Politique de r\u00e9servation et d'annulation flexible<\/h3>\n<p><strong>Avantages de la r\u00e9servation anticip\u00e9e :<\/strong> Obtenez les meilleurs tarifs et simplifiez votre planification en r\u00e9servant \u00e0 l'avance.<\/p>\n<p><strong>Annulations gratuites :<\/strong> Annulez jusqu'\u00e0 48 heures avant le spectacle et vous serez int\u00e9gralement rembours\u00e9.<\/p>\n<p><strong>R\u00e9servations de groupe :<\/strong> Pour les groupes de plus de six personnes, l'annulation peut se faire jusqu'\u00e0 quatre jours \u00e0 l'avance sans frais. Les annulations effectu\u00e9es entre 2 et 4 jours avant l'\u00e9v\u00e9nement donnent lieu \u00e0 un remboursement de 50%.<\/p>\n<p><strong>Politique de non-pr\u00e9sentation :<\/strong> Aucun remboursement en cas de non-pr\u00e9sentation ou d'annulation dans les 48 heures pr\u00e9c\u00e9dant l'\u00e9v\u00e9nement.<\/p>\n<h3>\ud83c\udf89 \u00c9v\u00e9nements priv\u00e9s de flamenco<\/h3>\n<p><strong>C\u00e9l\u00e9brations exclusives :<\/strong> CanaryVIP peut organiser des spectacles de flamenco priv\u00e9s pour des anniversaires, des \u00e9v\u00e9nements d'entreprise et des r\u00e9unions sp\u00e9ciales, afin de garantir une occasion personnalis\u00e9e et m\u00e9morable. <a href=\"https:\/\/canaryvip.com\/fr\/contact\/?swcfpc=1\">Contactez-nous pour plus d'informations.<\/a><\/p>\n<h3>\ud83c\udfb6 D\u00e9couvrir l'histoire et la passion du flamenco<\/h3>\n<p><strong>Un voyage \u00e0 travers le riche h\u00e9ritage du flamenco :<\/strong> Le spectacle Ol\u00e9 Flamenco Tenerife ne se contente pas de divertir, il propose \u00e9galement une plong\u00e9e dans l'histoire et la passion du flamenco. Originaire de la r\u00e9gion andalouse de l'Espagne, le flamenco est une forme d'art dynamique qui combine le chant (cante), le jeu de guitare (toque) et la danse (baile). Cette tradition s\u00e9culaire est connue pour son intensit\u00e9 \u00e9motionnelle et sa narration expressive, refl\u00e9tant la tapisserie culturelle de l'Espagne.<\/p>\n<p><strong>La vision artistique de Fran Chafino :<\/strong> Sous la direction magistrale de Fran Chafino, le Ol\u00e9 Flamenco Show Tenerife fait revivre ce riche h\u00e9ritage avec une touche de modernit\u00e9. La chor\u00e9graphie de Fran est un m\u00e9lange de techniques traditionnelles et d'\u00e9l\u00e9ments contemporains, cr\u00e9ant un spectacle unique qui honore les racines du flamenco tout en captivant le public moderne.<\/p>\n<p><strong>Divers styles de flamenco :<\/strong> Le spectacle pr\u00e9sente une vari\u00e9t\u00e9 de styles de flamenco, tels que les buler\u00edas rapides et les alegr\u00edas joyeuses, chacun ayant son propre rythme et sa propre ambiance. Cette diversit\u00e9 garantit une exp\u00e9rience vibrante et captivante, mettant en valeur tout le spectre \u00e9motionnel et musical du flamenco.<\/p>\n<h3>\ud83c\udf1f Rejoignez-nous pour une soir\u00e9e inoubliable<\/h3>\n<p>D\u00e9couvrez la magie du spectacle de flamenco \u00e0 T\u00e9n\u00e9rife avec CanaryVIP. Plongez dans un m\u00e9lange envo\u00fbtant de musique passionn\u00e9e, de danse vibrante et de riche culture espagnole au luxueux h\u00f4tel GF Victoria.<\/p>\n<p>Ce spectacle captivant, dirig\u00e9 par le c\u00e9l\u00e8bre Fran Chafino, promet une soir\u00e9e inoubliable remplie de styles flamenco authentiques et de flair moderne. R\u00e9servez vos billets d\u00e8s maintenant pour une nuit d'\u00e9l\u00e9gance et de divertissement, et laissez-vous enchanter par les rythmes et les performances expressives. Ne manquez pas cette exp\u00e9rience culturelle unique au c\u0153ur de Tenerife.<\/p>\n<p>R\u00e9servez vos billets pour Flamenco Show Tenerife d\u00e8s aujourd'hui ! \ud83c\udf0c\ud83d\udc83<\/p>","protected":false},"excerpt":{"rendered":"<p><strong>\ud83d\udd0d Spectacle de flamenco \u00e0 T\u00e9n\u00e9rife :<\/strong><br \/>\n\u2705 Paiement s\u00e9curis\u00e9.<br \/>\n\ud83d\udc83 Authentique spectacle de flamenco.<br \/>\n\ud83d\udd59 Tous les jeudis \u00e0 20h15.<br \/>\n\u23f3 Dur\u00e9e \u2248 2h<br \/>\n\ud83d\ude80 Tr\u00e8s populaire !<br \/>\n\ud83e\udd11 Meilleur prix garanti.<br \/>\n\ud83d\udc6a R\u00e9ductions pour les r\u00e9servations de groupe.<br \/>\n\ud83d\udd01 Annulation gratuite jusqu'\u00e0 48h.<br \/>\n\ud83c\udf1f R\u00e9servez t\u00f4t, les places se remplissent vite!<br \/>\n\ud83d\udccd Lieu \u00e0\u00a0<a href=\"https:\/\/maps.app.goo.gl\/boB3JcWYHb8AiGY58\">H\u00f4tel GF Victoria<\/a>.<\/p>","protected":false},"featured_media":11440,"comment_status":"open","ping_status":"closed","template":"","meta":{"_acf_changed":false},"product_brand":[],"product_cat":[59],"product_tag":[],"class_list":{"0":"post-11438","1":"product","2":"type-product","3":"status-publish","4":"has-post-thumbnail","6":"product_cat-evening-shows","7":"wcpa_has_options","9":"first","10":"instock","11":"virtual","12":"purchasable","13":"product-type-simple"},"acf":[],"wcpa_form_fields":{"wcpaData":{"product":{"product_price":51,"price_html":"From&nbsp;<span class=\"woocommerce-Price-amount amount\"><bdi>51,00&nbsp;<span class=\"woocommerce-Price-currencySymbol\">&euro;<\/span><\/bdi><\/span>","original_product_price":51,"price_including_tax":51,"price_excluding_tax":51,"product_id":{"parent":11438,"variation":false},"is_variable":false,"stock_status":"instock","stock_quantity":null,"parent_sku":"CV11438","product_attributes":[],"custom_fields":[],"is_taxable":false,"product_name":"OL\u00c9 Flamenco Show Tenerife","hasImage":false},"fields":{"sec_5663fdb09e5296":{"extra":{"key":"sec_5663fdb09e5296","section_id":"sec_5663fdb09e5296","name":"Default","status":1,"cl_rule":"show","enableCl":false,"relations":[],"toggle":true,"title_tag":"h3","show_title":false,"showPrice":"default","form_id":11439,"form_rules":{"exclude_from_discount":true,"fee_label":"Fee","disp_hide_options_price":true,"disp_show_section_price":false,"disp_show_field_price":true,"layout_option":"standard","pric_use_as_fee":false,"process_fee_as":"woo_fee"},"layout_option":"standard"},"fields":[[{"label":"\ud83d\udcc5 Date","active":true,"required":true,"elementId":"date_2663fdb09e52b5","picker_type":"custom","picker_mode":"single","placeholder":"","description":"","tooltip":"","name":"date_2663fdb09e52b5","label_position":"default","desc_position":"default","enablePrice":false,"className":"","enableCl":false,"relations":[{"operator":"and","rules":[{"operator":"AND","rules":{"cl_field":"radio-group_4663fdb09e52c5","cl_relation":"is_not_empty","cl_val":"3 Hour Trip"}}]}],"date_pic_inline":true,"date_pic_inline_hide":true,"min_date":{"type":"days","val":"1"},"max_date":{"type":"days","val":"180"},"date_pic_conf":{"disabledWeeks":[0,1,3,5,6,2],"disabledDates":["2025-02-06","2025-06-27 to 2025-07-01","2026-01-01 to 2026-01-14","2026-03-12","2026-03-19"]},"price":"","cl_rule":"show","col":6,"type":"date","error":false,"enableDesign":false,"LabelColor":"","isWeightTemplate":false,"isTemplate":false,"min_quantity":"1","quantity_decimal":false,"quantity_step":"1","quantity_label":"Quantity","repeater_field_label":"{field_label}","repeater_bind":"","gt_translate_keys":["label","placeholder","description","tooltip","repeater_field_label","quantity_label"],"price_dependency":false,"cl_dependency":["radio-group_4663fdb09e52c5"],"value":""}],[{"active":true,"col":6,"relations":[{"operator":false,"rules":[{"operator":"AND","rules":{"cl_field":"","cl_relation":"","cl_val":""}}]}],"cl_rule":"show","enableCl":false,"price":"","enablePrice":false,"className":"","label_position":"default","desc_position":"default","type":"radio-group","required":true,"elementId":"radio-group_4663fdb09e52c5","label":"\ud83c\udf1f Type of Ticket","name":"radio-group_4663fdb09e52c5","values":[{"label":"Gold Entrance (51\u20ac)","value":"Gold Entrance","selected":false,"tempId":"aco_28","description":"Enjoy the live show.","options_cl":false,"relations":[{"operator":false,"rules":[{"operator":"AND","rules":{"cl_field":"","cl_relation":"","cl_val":""}}]}],"cl_rule":"show","gt_translate_keys":["label","description"]},{"label":"Platinum Entrance (61\u20ac)","value":"Platinum Entrance","selected":false,"tempId":"aco_29","description":"Enjoy the live show, wine, snacks and better seating.","options_cl":true,"relations":[{"operator":false,"rules":[{"operator":"AND","rules":{"cl_field":"date_2663fdb09e52b5","cl_relation":"is","cl_val":"2026-04-16"}}]}],"cl_rule":"hide","gt_translate_keys":["label","description"]}],"layOut":"","error":false,"checkUi":"toggle","enableDesign":false,"scrollBar":false,"description":"","other":false,"options_description":true,"show_selected_option":false,"isWeightTemplate":false,"isTemplate":false,"min_quantity":"1","quantity_decimal":false,"quantity_step":"1","quantity_label":"Quantity","repeater_field_label":"{field_label}","repeater_bind":"","gt_translate_keys":["label","description","repeater_field_label","quantity_label"],"price_dependency":false,"cl_dependency":[false,false],"value":""}]]},"sec_1663fdb09e52c7":{"extra":{"key":"sec_1663fdb09e52c7","section_id":"sec_1663fdb09e52c7","name":"Gold","status":1,"cl_rule":"show","enableCl":true,"relations":[{"operator":false,"rules":[{"operator":"AND","rules":{"cl_field":"radio-group_4663fdb09e52c5","cl_relation":"is","cl_val":"Gold Entrance"}}]}],"toggle":true,"title_tag":"h4","show_title":false,"showPrice":"default","form_id":11439,"form_rules":{"exclude_from_discount":true,"fee_label":"Fee","disp_hide_options_price":true,"disp_show_section_price":false,"disp_show_field_price":true,"layout_option":"standard","pric_use_as_fee":false,"process_fee_as":"woo_fee"},"layout_option":"standard"},"fields":[[{"active":true,"col":6,"relations":false,"cl_rule":"show","enableCl":false,"price":"","enablePrice":false,"className":"","label_position":"default","desc_position":"default","type":"separator","required":false,"elementId":"separator_6663fdb09e52d3","label":"Separator Field","height":"8","separatorType":"blank","error":false,"gt_translate_keys":["label"],"price_dependency":false,"cl_dependency":false,"value":""}],[{"active":true,"col":6,"relations":false,"cl_rule":"show","enableCl":false,"price":"","enablePrice":false,"className":"","label_position":"default","desc_position":"default","type":"content","required":false,"elementId":"content_6663fdb09e5310","label":"People","name":"content_6663fdb09e5310","contentType":"plain","value":"","error":false,"show_in_checkout":true,"inline":false,"gt_translate_keys":["label","value"],"price_dependency":false,"cl_dependency":false}],[{"active":true,"col":6,"relations":[{"operator":false,"rules":[{"operator":"AND","rules":{"cl_field":"","cl_relation":"","cl_val":""}}]}],"cl_rule":"show","enableCl":true,"price":"51","enablePrice":true,"className":"","label_position":"default","desc_position":"default","type":"radio-group","required":false,"elementId":"radio-group_0663fdb09e531c","label":"","name":"radio-group_0663fdb09e531c","values":[{"label":"\ud83d\udc64 Adult (51\u20ac)","value":"Adult","selected":true,"tempId":"aco_32","tooltip":"+13 Years","description":"","gt_translate_keys":["label","tooltip","description"]}],"layOut":"","error":false,"checkUi":"button","priceOptions":"fixed_for_all","pricingType":"fixed","enable_quantity":true,"quantity_label":"","min_quantity":"0","options_tooltip":true,"options_description":true,"gt_translate_keys":["label","quantity_label"],"price_dependency":false,"cl_dependency":false,"value":""}],[{"label":"","active":true,"required":false,"elementId":"radio-group-0980466659","name":"radio-group-0980466659","label_position":"default","desc_position":"default","enablePrice":true,"className":"","enableCl":true,"relations":[{"operator":false,"rules":[{"operator":"AND","rules":{"cl_field":"","cl_relation":"","cl_val":""}}]}],"enable_quantity":true,"quantity_label":"","min_quantity":"0","checkUi":"button","layOut":"","options_tooltip":true,"options_description":true,"values":[{"label":"\ud83d\udc66 Child (25,50\u20ac)","value":"Child","selected":true,"tempId":"aco_32","tooltip":"3-12 Years","description":"","gt_translate_keys":["label","tooltip","description"]}],"priceOptions":"fixed_for_all","pricingType":"fixed","price":"25,50","cl_rule":"show","col":6,"type":"radio-group","error":false,"gt_translate_keys":["label","quantity_label"],"price_dependency":false,"cl_dependency":false,"value":""}]]},"sec_2663fdb09e531d":{"extra":{"key":"sec_2663fdb09e531d","section_id":"sec_2663fdb09e531d","name":"Platinum","status":1,"cl_rule":"show","enableCl":true,"relations":[{"operator":false,"rules":[{"operator":"AND","rules":{"cl_field":"radio-group_4663fdb09e52c5","cl_relation":"is","cl_val":"Platinum Entrance"}}]}],"toggle":true,"title_tag":"h4","show_title":false,"showPrice":"default","form_id":11439,"form_rules":{"exclude_from_discount":true,"fee_label":"Fee","disp_hide_options_price":true,"disp_show_section_price":false,"disp_show_field_price":true,"layout_option":"standard","pric_use_as_fee":false,"process_fee_as":"woo_fee"},"layout_option":"standard"},"fields":[[{"elementId":"separator_6663fdb09e5327","separatorType":"blank","className":"","height":"8","enableCl":false,"relations":false,"cl_rule":"show","col":6,"type":"separator","error":false,"gt_translate_keys":[],"price_dependency":false,"cl_dependency":false,"value":""}],[{"contentType":"plain","active":true,"label":"People","elementId":"content_0663fdb09e5331","value":"","inline":false,"show_in_checkout":true,"name":"content_0663fdb09e5331","enablePrice":false,"className":"","enableCl":false,"relations":false,"price":"","cl_rule":"show","col":6,"type":"content","gt_translate_keys":["label","value"],"price_dependency":false,"cl_dependency":false}],[{"label":"","active":true,"required":false,"elementId":"radio-group_9663fdb09e533c","name":"radio-group_9663fdb09e533c","label_position":"default","desc_position":"default","enablePrice":true,"className":"","enableCl":false,"relations":[{"operator":false,"rules":[{"operator":"AND","rules":{"cl_field":"","cl_relation":"","cl_val":""}}]}],"enable_quantity":true,"quantity_label":"","min_quantity":"0","checkUi":"button","layOut":"","options_tooltip":true,"values":[{"label":"\ud83d\udc64 Adult (61\u20ac)","value":"Adult","selected":true,"tempId":"aco_32","tooltip":"+13 Years","gt_translate_keys":["label","tooltip"]}],"priceOptions":"fixed_for_all","pricingType":"fixed","price":"61","cl_rule":"show","col":6,"type":"radio-group","error":false,"gt_translate_keys":["label","quantity_label"],"price_dependency":false,"cl_dependency":false,"value":""}],[{"label":"","active":true,"required":false,"elementId":"radio-group-1037099900","name":"radio-group-1037099900","label_position":"default","desc_position":"default","enablePrice":true,"className":"","enableCl":true,"relations":[{"operator":false,"rules":[{"operator":"AND","rules":{"cl_field":"","cl_relation":"","cl_val":""}}]}],"enable_quantity":true,"quantity_label":"","min_quantity":"0","checkUi":"button","layOut":"","options_tooltip":true,"options_description":true,"values":[{"label":"\ud83d\udc66 Child (30,50\u20ac)","value":"Child","selected":true,"tempId":"aco_32","tooltip":"3-12 Years","description":"","gt_translate_keys":["label","tooltip","description"]}],"priceOptions":"fixed_for_all","pricingType":"fixed","price":"30,50","cl_rule":"show","col":6,"type":"radio-group","error":false,"gt_translate_keys":["label","quantity_label"],"price_dependency":false,"cl_dependency":false,"value":""}]]}},"config":{"price_override":"always","enable_recaptcha":false,"bind_quantity":false,"quantity_bind_formula":false,"disp_summ_show_option_price":true,"disp_summ_show_product_price":false,"disp_summ_show_total_price":true,"disp_summ_show_fee":true,"disp_summ_show_discount":true,"summary_title":"","options_total_label":"Options Price","total_label":"Total Amount","options_product_label":"Product Price","fee_label":"Fee","discount_label":"Discount","has_price":true,"has_quantity_formula":false},"mc_unit":1,"tax_rate":1,"tax_rate_real":1,"discount":{"percentage":0,"fixed":0},"design":{"conf":{"LabelPosition":"above","DescPosition":"above","UploadField":"custom_1","QuantityFieldStyle":"custom_1"},"css":{"LeftLabelWidth":"120px"}},"formulas":[],"lookuptables":[],"clones":false,"cartKey":false}},"_links":{"self":[{"href":"https:\/\/canaryvip.com\/fr\/wp-json\/wp\/v2\/product\/11438","targetHints":{"allow":["GET"]}}],"collection":[{"href":"https:\/\/canaryvip.com\/fr\/wp-json\/wp\/v2\/product"}],"about":[{"href":"https:\/\/canaryvip.com\/fr\/wp-json\/wp\/v2\/types\/product"}],"replies":[{"embeddable":true,"href":"https:\/\/canaryvip.com\/fr\/wp-json\/wp\/v2\/comments?post=11438"}],"wp:featuredmedia":[{"embeddable":true,"href":"https:\/\/canaryvip.com\/fr\/wp-json\/wp\/v2\/media\/11440"}],"wp:attachment":[{"href":"https:\/\/canaryvip.com\/fr\/wp-json\/wp\/v2\/media?parent=11438"}],"wp:term":[{"taxonomy":"product_brand","embeddable":true,"href":"https:\/\/canaryvip.com\/fr\/wp-json\/wp\/v2\/product_brand?post=11438"},{"taxonomy":"product_cat","embeddable":true,"href":"https:\/\/canaryvip.com\/fr\/wp-json\/wp\/v2\/product_cat?post=11438"},{"taxonomy":"product_tag","embeddable":true,"href":"https:\/\/canaryvip.com\/fr\/wp-json\/wp\/v2\/product_tag?post=11438"}],"curies":[{"name":"wp","href":"https:\/\/api.w.org\/{rel}","templated":true}]}}