{"id":11400,"date":"2024-05-07T12:18:46","date_gmt":"2024-05-07T11:18:46","guid":{"rendered":"https:\/\/canaryvip.com\/?post_type=product&#038;p=11400"},"modified":"2025-08-09T12:37:17","modified_gmt":"2025-08-09T11:37:17","slug":"white-heaven-tenerife","status":"publish","type":"product","link":"https:\/\/canaryvip.com\/fr\/shop\/white-heaven-tenerife\/","title":{"rendered":"Bateau White Heaven Tenerife"},"content":{"rendered":"<h2><strong>\ud83d\udee5\ufe0f White Heaven Louer un bateau \u00e0 Tenerife<\/strong><\/h2>\n<p>D\u00e9couvrez l'\u00e9l\u00e9gance et le frisson des eaux de T\u00e9n\u00e9rife avec notre location de bateau White Heaven, un bateau \u00e0 moteur luxueux disponible \u00e0 partir de <a href=\"https:\/\/www.google.com\/maps\/place\/Puerto+Col%C3%B3n\/@28.078002,-16.7394902,17z\/data=!3m2!4b1!5s0xc6a97433884bdf9:0x76d293b7b99db23a!4m6!3m5!1s0xc6a9743509c9ebf:0xd62345524f768247!8m2!3d28.078002!4d-16.7369153!16s%2Fg%2F11c6cqryw_?entry=tts&amp;g_ep=EgoyMDI0MDUwNS4wKgBIAVAD\" target=\"_blank\" rel=\"noopener\">Puerto Col\u00f3n<\/a>. Parfait pour les c\u00e9l\u00e9brations anim\u00e9es comme pour les sorties paisibles en famille, le White Heaven est con\u00e7u pour offrir un m\u00e9lange parfait de vitesse, de confort et de moments inoubliables sur l'eau, ce qui en fait un choix id\u00e9al pour tous ceux qui souhaitent <a href=\"https:\/\/canaryvip.com\/fr\/tenerife\/boat-hire-tenerife\/?swcfpc=1\">louer un bateau \u00e0 Tenerife<\/a>.<\/p>\n<h3>\u2b50\ufe0f <strong>Luxe et frissons \u00e0 bord du White Heaven<\/strong><\/h3>\n<p><span style=\"text-decoration: underline;\"><strong>Caract\u00e9ristiques principales de White Heaven :<\/strong><\/span><\/p>\n<ul>\n<li>Un moteur robuste de 700 CV assure une croisi\u00e8re rapide et efficace.<\/li>\n<li>Des si\u00e8ges luxueusement confortables et une zone ombrag\u00e9e pour profiter de la brise marine sans \u00eatre expos\u00e9 directement au soleil.<\/li>\n<li>Des en-cas gourmands et une s\u00e9lection de boissons fra\u00eeches pour vous rafra\u00eechir.<\/li>\n<li>Un capitaine et un \u00e9quipage exp\u00e9riment\u00e9s garantissent une exp\u00e9rience s\u00fbre et agr\u00e9able pour tous.<\/li>\n<\/ul>\n<h4>\ud83d\udea4 <strong>Commencez votre aventure maritime<\/strong><\/h4>\n<p>Embarquez pour votre voyage depuis Puerto Col\u00f3n \u00e0 Costa Adeje, o\u00f9 l'\u00e9l\u00e9gant White Heaven de location de bateaux \u00e0 Tenerife vous attend. Con\u00e7ue pour les groupes intimes, cette location limite le nombre d'invit\u00e9s \u00e0 11, ce qui garantit une exp\u00e9rience personnelle et exclusive dans les eaux magnifiques de T\u00e9n\u00e9rife. Cela en fait un choix de premier ordre pour ceux qui cherchent \u00e0 louer un bateau \u00e0 Tenerife.<\/p>\n<h4>\ud83c\udf0a <strong>D\u00e9couvrez la beaut\u00e9 des eaux de T\u00e9n\u00e9riffe<\/strong><\/h4>\n<p>Une fois \u00e0 bord, vous d\u00e9couvrirez que les eaux bleues enchanteresses de T\u00e9n\u00e9rife offrent plus qu'une simple vue - elles sont un terrain de jeu pour les aventuriers et les amateurs de d\u00e9tente. Que vous vous pr\u00e9lassiez au soleil sur le pont spacieux ou que vous recherchiez le confort des zones ombrag\u00e9es, chaque moment \u00e0 bord du White Heaven est con\u00e7u pour vous ravir et vous inspirer.<\/p>\n<h4>\ud83d\udc2c <strong>\u00c9l\u00e9gance et valeur combin\u00e9es<\/strong><\/h4>\n<p>Chez CanaryVIP, nous am\u00e9liorons votre exp\u00e9rience de location de bateau \u00e0 T\u00e9n\u00e9rife en associant des \u00e9quipements luxueux \u00e0 un rapport qualit\u00e9-prix exceptionnel. Explorez les c\u00f4tes pittoresques de T\u00e9n\u00e9rife \u00e0 bord du White Heaven, o\u00f9 chaque d\u00e9tail, de la s\u00e9curit\u00e9 au divertissement, est minutieusement g\u00e9r\u00e9 pour vous garantir une excursion en bateau inoubliable \u00e0 T\u00e9n\u00e9rife.<\/p>\n<h3>\ud83d\udd52 <strong>Choisissez la dur\u00e9e de votre voyage<\/strong><\/h3>\n<ul>\n<li><strong>Visite de 3 heures des tr\u00e9sors de la c\u00f4te<\/strong>: Partez pour un tour de trois heures en yacht de luxe le long de la c\u00f4te sud de T\u00e9n\u00e9riffe. Plongez dans des eaux cristallines pour faire de la plong\u00e9e avec masque et tuba, ou d\u00e9tendez-vous et admirez les vues panoramiques. Cette courte location comprend des collations, des boissons et tout le mat\u00e9riel de plong\u00e9e avec tuba n\u00e9cessaire. Elle offre un d\u00e9licieux aper\u00e7u du paradis, id\u00e9al pour une excursion rapide en bateau \u00e0 T\u00e9n\u00e9rife.<\/li>\n<li><strong>Excursion de 4 heures sur la c\u00f4te sud<\/strong>: Plongez dans le luxe et l'aventure avec ce voyage de quatre heures en yacht. Explorez la magnifique c\u00f4te sud, faites de la plong\u00e9e avec masque et tuba dans les profondeurs de l'oc\u00e9an et admirez les vues \u00e9poustouflantes d'un point de vue unique. Cette location comprend tous les repas, les boissons et l'\u00e9quipement de plong\u00e9e avec tuba, ce qui est parfait pour ceux qui cherchent \u00e0 rehausser leur escapade.<\/li>\n<li><strong>Voyage de d\u00e9couverte de 5 heures<\/strong>: Embarquez pour une aventure v\u00e9ritablement \u00e9pique avec notre excursion de cinq heures en yacht. Voyagez le long de la c\u00f4te sud pittoresque de T\u00e9n\u00e9rife, participez \u00e0 des sessions de plong\u00e9e avec tuba passionnantes et d\u00e9couvrez l'oc\u00e9an majestueux dans toute sa splendeur. Cette location compl\u00e8te comprend les repas, les boissons et le mat\u00e9riel de plong\u00e9e avec tuba, ce qui en fait le moyen id\u00e9al pour passer une journ\u00e9e inoubliable sur les eaux de T\u00e9n\u00e9riffe.<\/li>\n<\/ul>\n<p>Chaque option est con\u00e7ue pour accueillir jusqu'\u00e0 six personnes, avec la possibilit\u00e9 d'ajouter des participants suppl\u00e9mentaires moyennant un suppl\u00e9ment de 20 euros par personne, jusqu'\u00e0 un maximum de onze personnes. Cette flexibilit\u00e9 garantit que votre exp\u00e9rience sera confortable, luxueuse et m\u00e9morable, qu'il s'agisse d'une br\u00e8ve escapade ou d'une exploration prolong\u00e9e.<\/p>\n<h3>\u2705 <strong>Tout ce dont vous avez besoin pour passer une journ\u00e9e parfaite en mer<\/strong><\/h3>\n<ul>\n<li>Profitez d'un nombre illimit\u00e9 de bouch\u00e9es et de boissons gastronomiques, adapt\u00e9es \u00e0 toutes les pr\u00e9f\u00e9rences et \u00e0 tous les r\u00e9gimes alimentaires.<\/li>\n<li>Un \u00e9quipage multilingue et exp\u00e9riment\u00e9 pr\u00eat \u00e0 r\u00e9pondre \u00e0 vos besoins et \u00e0 vous garantir un voyage sans encombre et en toute s\u00e9curit\u00e9.<\/li>\n<\/ul>\n<h3>\ud83d\udccd <strong>D\u00e9part de Puerto Col\u00f3n<\/strong><\/h3>\n<p>Votre aventure en bateau \u00e0 T\u00e9n\u00e9rife commence au c\u0153ur de Costa Adeje, avec le White Heaven qui part de Puerto Col\u00f3n. Nous vous recommandons d'arriver 15 minutes avant le d\u00e9part pour commencer votre journ\u00e9e sans stress. Un parking pratique est disponible au port, ce qui facilite l'acc\u00e8s \u00e0 votre location exclusive.<\/p>\n<h4>\ud83d\udcdc <strong>Des politiques de r\u00e9servation et d'annulation claires et transparentes<\/strong><\/h4>\n<p>Obtenir une place sur le White Heaven est simple, gr\u00e2ce \u00e0 notre syst\u00e8me de r\u00e9servation convivial et \u00e0 nos politiques claires :<\/p>\n<ul>\n<li><strong>Garantie m\u00e9t\u00e9orologique<\/strong>: Nous surveillons les conditions pour garantir une navigation sans encombre. En cas d'annulation pour cause de mauvais temps, vous avez le choix entre un report ou un remboursement int\u00e9gral, la priorit\u00e9 \u00e9tant donn\u00e9e \u00e0 votre s\u00e9curit\u00e9 et \u00e0 votre satisfaction.<\/li>\n<li><strong>Annulation souple<\/strong>: La vie est impr\u00e9visible. Annulez votre r\u00e9servation jusqu'\u00e0 4 jours \u00e0 l'avance et vous serez int\u00e9gralement rembours\u00e9. Dans les 4 jours, le montant total n'est pas remboursable.<\/li>\n<li><strong>Billets num\u00e9riques<\/strong>: Acc\u00e9dez facilement \u00e0 vos cartes d'embarquement gr\u00e2ce \u00e0 votre t\u00e9l\u00e9phone ou \u00e0 une copie imprim\u00e9e pour plus de commodit\u00e9.<\/li>\n<\/ul>\n<p><strong>R\u00e9servez d\u00e8s aujourd'hui votre voyage m\u00e9morable sur le White Heaven avec CanaryVIP et voguez vers une journ\u00e9e remplie de luxe, de confort et d'aventures marines inoubliables.<\/strong><\/p>","protected":false},"excerpt":{"rendered":"<p>\ud83d\udd0d <strong>D\u00e9tails du ciel blanc :<\/strong><br \/>\n\u2705 Paiement s\u00e9curis\u00e9.<br \/>\n\ud83d\udd10 Visites priv\u00e9es.<br \/>\n\ud83d\udee5\ufe0f Bateau de 11 m\u00e8tres.<br \/>\n\u23f3 Visites quotidiennes de 3-5h.<br \/>\n\ud83d\udd59 Heures de d\u00e9part personnalisables.<br \/>\n\ud83c\udf74 Repas et boissons inclus.<br \/>\n\ud83d\udc65 Jusqu'\u00e0 11 personnes.<br \/>\n\ud83e\udd3f L'\u00e9quipement de plong\u00e9e avec tuba est fourni.<br \/>\n\ud83e\udd11 Meilleur prix garanti.<br \/>\n\ud83d\udc6a R\u00e9ductions activ\u00e9es.<br \/>\n\ud83d\udd01 Annulation jusqu'\u00e0 4 jours.<br \/>\n\ud83c\udf0d \u00c9quipage multilingue.<br \/>\n\ud83c\udf1f R\u00e9servez t\u00f4t et \u00e9conomisez !<br \/>\n\ud83d\udccd D\u00e9part de <a href=\"https:\/\/www.google.com\/maps\/place\/Puerto+Col%C3%B3n\/@28.078002,-16.7394902,17z\/data=!3m2!4b1!5s0xc6a97433884bdf9:0x76d293b7b99db23a!4m6!3m5!1s0xc6a9743509c9ebf:0xd62345524f768247!8m2!3d28.078002!4d-16.7369153!16s%2Fg%2F11c6cqryw_?entry=tts&amp;g_ep=EgoyMDI0MDUwNS4wKgBIAVAD\">Puerto Col\u00f3n<\/a>.<\/p>","protected":false},"featured_media":11401,"comment_status":"open","ping_status":"closed","template":"","meta":{"_acf_changed":false},"product_brand":[],"product_cat":[47],"product_tag":[],"class_list":{"0":"post-11400","1":"product","2":"type-product","3":"status-publish","4":"has-post-thumbnail","6":"product_cat-boat-hire-tenerife","7":"wcpa_has_options","9":"first","10":"instock","11":"virtual","12":"purchasable","13":"product-type-simple"},"acf":[],"wcpa_form_fields":{"wcpaData":{"product":{"product_price":600,"price_html":"From&nbsp;<span class=\"woocommerce-Price-amount amount\"><bdi>600,00&nbsp;<span class=\"woocommerce-Price-currencySymbol\">&euro;<\/span><\/bdi><\/span>","original_product_price":600,"price_including_tax":600,"price_excluding_tax":600,"product_id":{"parent":11400,"variation":false},"is_variable":false,"stock_status":"instock","stock_quantity":null,"parent_sku":"CV11400","product_attributes":[],"custom_fields":[],"is_taxable":false,"product_name":"White Heaven Boat Tenerife","hasImage":false},"fields":{"sec_4663a0ecdc484d":{"extra":{"key":"sec_4663a0ecdc484d","section_id":"sec_4663a0ecdc484d","name":"Default","status":1,"cl_rule":"show","enableCl":false,"relations":[],"toggle":true,"title_tag":"h3","show_title":false,"showPrice":"default","form_id":11405,"form_rules":{"exclude_from_discount":true,"fee_label":"Fee","disp_hide_options_price":true,"disp_show_section_price":false,"disp_show_field_price":true,"layout_option":"standard","pric_use_as_fee":false,"process_fee_as":"woo_fee"},"layout_option":"standard"},"fields":[[{"label":"\ud83d\udcc5 Date","active":true,"required":true,"elementId":"date_6663a0ecdc486b","picker_type":"custom","picker_mode":"single","placeholder":"","description":"","tooltip":"","name":"date_6663a0ecdc486b","label_position":"default","desc_position":"default","enablePrice":false,"className":"","enableCl":false,"relations":[{"operator":"and","rules":[{"operator":"AND","rules":{"cl_field":"radio-group_565c78ffa81208","cl_relation":"is","cl_val":"3 Hour Trip"}}]}],"date_pic_inline":true,"date_pic_inline_hide":true,"min_date":{"type":"days","val":"2"},"max_date":{"type":"days","val":"365"},"date_pic_conf":{"disabledWeeks":[]},"price":"","cl_rule":"show","col":6,"type":"date","error":false,"enableDesign":false,"LabelColor":"","gt_translate_keys":["label","placeholder","description","tooltip"],"price_dependency":false,"cl_dependency":false,"value":""}],[{"contentType":"rich","active":true,"label":"","elementId":"content_2663a0ecdc4879","value":"<p>\ud83c\udf9f\ufe0f <strong>Reservation<\/strong>: Pay only a deposit now to reserve; the rest is due on the day of the activity upon arrival.<\/p>","inline":false,"name":"content_2663a0ecdc4879","enablePrice":false,"className":"","subtype":"p","enableCl":false,"relations":false,"price":"","cl_rule":"show","col":6,"type":"content","error":false,"pricingType":"custom","isTemplate":false,"is_show_price":true,"show_in_checkout":true,"gt_translate_keys":["label","value"],"price_dependency":false,"cl_dependency":false}],[{"elementId":"separator_5663a0ecdc4885","separatorType":"blank","className":"","height":"3","enableCl":false,"relations":false,"cl_rule":"show","col":6,"type":"separator","error":false,"gt_translate_keys":[],"price_dependency":false,"cl_dependency":false,"value":""}],[{"active":true,"col":6,"relations":false,"cl_rule":"show","enableCl":false,"price":"","enablePrice":true,"className":"","label_position":"default","desc_position":"default","type":"select","required":true,"elementId":"select_2663a0ecdc488f","label":"\u23f3 Trip Duration","name":"select_2663a0ecdc488f","values":[{"label":"3 Hours (600\u20ac)","value":"3","selected":false,"tempId":"aco_556","price":"600","gt_translate_keys":["label"]},{"label":"4 Hours (800\u20ac)","value":"4","selected":false,"tempId":"aco_640","price":"800","gt_translate_keys":["label"]},{"label":"5 Hours (1000\u20ac)","value":"5","selected":false,"tempId":"aco_660","price":"1000","gt_translate_keys":["label"]}],"dropdown_type":"basic","error":false,"placeholder":"Select Trip Duration","priceOptions":"different_for_all","pricingType":"fixed","is_show_price":true,"gt_translate_keys":["label","placeholder"],"price_dependency":["content_8663a0ecdc48a2","content_9663a0ecdc48ab"],"cl_dependency":false,"value":""}],[{"label":"\u2705 Number of People","active":true,"required":true,"elementId":"select_6663a0ecdc48db","dropdown_type":"basic","placeholder":"Select Number of People","name":"select_6663a0ecdc48db","label_position":"default","desc_position":"default","enablePrice":true,"className":"","enableCl":false,"relations":[{"operator":false,"rules":[{"operator":"AND","rules":{"cl_field":"radio-group_565c78ffa81208","cl_relation":"is","cl_val":"3 Hour Trip"}}]}],"values":[{"label":"1 person","value":"1","selected":false,"tempId":"aco_1471","price":"0","gt_translate_keys":["label"]},{"label":"2 people","value":"2","selected":false,"tempId":"aco_1472","price":"0","gt_translate_keys":["label"]},{"label":"3 people","value":"3","selected":false,"tempId":"aco_1500","price":"0","gt_translate_keys":["label"]},{"label":"4 people","value":"4","selected":false,"tempId":"aco_1510","price":"0","gt_translate_keys":["label"]},{"label":"5 people","value":"5","selected":false,"tempId":"aco_1520","price":"0","gt_translate_keys":["label"]},{"label":"6 people","value":"6","selected":false,"tempId":"aco_1728","price":"0","gt_translate_keys":["label"]},{"label":"7 people (+20\u20ac)","value":"7","selected":false,"tempId":"aco_1738","price":"20","gt_translate_keys":["label"]},{"label":"8 people (+40\u20ac)","value":"8","selected":false,"tempId":"aco_1748","price":"40","gt_translate_keys":["label"]},{"label":"9 people (+60\u20ac)","value":"9","selected":false,"tempId":"aco_1912","price":"60","gt_translate_keys":["label"]},{"label":"10 people (+80\u20ac)","value":"10","selected":false,"tempId":"aco_1922","price":"80","gt_translate_keys":["label"]},{"label":"11 people (+100\u20ac)","value":"11","selected":false,"tempId":"aco_705","price":"100","gt_translate_keys":["label"]}],"price":"","cl_rule":"show","col":6,"type":"select","error":false,"priceOptions":"different_for_all","pricingType":"fixed","is_show_price":true,"gt_translate_keys":["label","placeholder"],"price_dependency":["content_8663a0ecdc48a2","content_9663a0ecdc48ab"],"cl_dependency":false,"value":""}],[{"elementId":"separator_6663a0ecdc4899","separatorType":"fill","className":"","height":"6","enableCl":false,"relations":false,"cl_rule":"show","col":6,"type":"separator","error":false,"separatorColor":"#66a6b6","gt_translate_keys":[],"price_dependency":false,"cl_dependency":false,"value":""}],[{"active":true,"col":6,"relations":false,"cl_rule":"show","enableCl":false,"price":"({field.select_2663a0ecdc488f.price} + {field.select_6663a0ecdc48db.price})*0.20","enablePrice":true,"className":"","label_position":"default","desc_position":"default","type":"content","required":false,"elementId":"content_8663a0ecdc48a2","label":"Deposit Payment","name":"content_8663a0ecdc48a2","contentType":"plain","value":"","error":false,"pricingType":"custom","isTemplate":false,"is_show_price":false,"enableDesign":true,"scrollBar":false,"use_as_fee":false,"fee_label":"Payment Now","inline":true,"show_in_checkout":true,"subtype":"div","formulaId":"fmla_1708364241278155361","LabelSize":"14px","gt_translate_keys":["label","value"],"price_dependency":["content_8663a0ecdc48b4"],"cl_dependency":false}],[{"contentType":"plain","active":true,"label":"Payment at Arrival","elementId":"content_9663a0ecdc48ab","value":"","inline":true,"show_in_checkout":true,"name":"content_9663a0ecdc48ab","enablePrice":true,"className":"","fee_label":"Payment at Arrival","subtype":"div","enableCl":false,"relations":false,"scrollBar":false,"enableDesign":true,"pricingType":"custom","isTemplate":false,"price":"({field.select_2663a0ecdc488f.price} + {field.select_6663a0ecdc48db.price})*0.80","use_as_fee":false,"is_show_price":true,"cl_rule":"show","col":6,"type":"content","error":false,"formulaId":"fmla_1708360988969136756","LabelSize":"14px","gt_translate_keys":["label","value"],"price_dependency":["content_8663a0ecdc48b4"],"cl_dependency":false}],[{"contentType":"plain","active":true,"label":"Total Price","elementId":"content_8663a0ecdc48b4","value":"","inline":true,"show_in_checkout":true,"name":"content_8663a0ecdc48b4","enablePrice":true,"className":"","fee_label":"Payment at Arrival","subtype":"div","enableCl":false,"relations":false,"scrollBar":false,"enableDesign":true,"LabelSize":"14px","pricingType":"custom","isTemplate":false,"price":"({field.content_8663a0ecdc48a2.price}) + ({field.content_9663a0ecdc48ab.price})","formulaId":"fmla_1708360988969136756","use_as_fee":false,"is_show_price":true,"cl_rule":"show","col":6,"type":"content","error":false,"gt_translate_keys":["label","value"],"price_dependency":false,"cl_dependency":false}],[{"elementId":"separator_1663a0ecdc48bf","separatorType":"blank","className":"","height":"3","enableCl":false,"relations":false,"cl_rule":"show","col":6,"type":"separator","error":false,"gt_translate_keys":[],"price_dependency":false,"cl_dependency":false,"value":""}],[{"active":true,"col":6,"relations":[{"operator":false,"rules":[{"operator":"AND","rules":{"cl_field":"radio-group_565c78ffa81208","cl_relation":"is","cl_val":"3 Hour Trip"}}]}],"cl_rule":"show","enableCl":false,"price":"","enablePrice":false,"className":"","label_position":"default","desc_position":"default","type":"select","required":false,"elementId":"select_7663a0ecdc48c8","label":"\u23f0 Departure","name":"select_7663a0ecdc48c8","values":[{"label":"09:00","value":"09:00","selected":false,"tempId":"aco_1471","gt_translate_keys":["label"]},{"label":"10:00","value":"10:00","selected":false,"tempId":"aco_1472","gt_translate_keys":["label"]},{"label":"11:00","value":"11:00","selected":false,"tempId":"aco_1500","gt_translate_keys":["label"]},{"label":"12:00","value":"12:00","selected":false,"tempId":"aco_1510","gt_translate_keys":["label"]},{"label":"13:00 (1:00 PM)","value":"13:00","selected":false,"tempId":"aco_1520","gt_translate_keys":["label"]},{"label":"14:00 (2:00 PM)","value":"14:00","selected":false,"tempId":"aco_1728","gt_translate_keys":["label"]},{"label":"15:00 (3:00 PM)","value":"15:00","selected":false,"tempId":"aco_1738","gt_translate_keys":["label"]}],"dropdown_type":"basic","error":false,"placeholder":"Whichever Time is Best","gt_translate_keys":["label","placeholder"],"price_dependency":false,"cl_dependency":false,"value":""}],[{"elementId":"separator_0663a0ecdc48d2","separatorType":"blank","className":"","height":"1","enableCl":false,"relations":false,"cl_rule":"show","col":6,"type":"separator","error":false,"gt_translate_keys":[],"price_dependency":false,"cl_dependency":false,"value":""}]]}},"config":{"price_override":"always","enable_recaptcha":false,"bind_quantity":false,"quantity_bind_formula":false,"disp_summ_show_option_price":true,"disp_summ_show_product_price":false,"disp_summ_show_total_price":false,"disp_summ_show_fee":true,"disp_summ_show_discount":true,"summary_title":"","options_total_label":"Options Price","total_label":"Deposit Amount","options_product_label":"Product Price","fee_label":"Fee","discount_label":"Discount","has_price":true,"has_quantity_formula":false},"mc_unit":1,"tax_rate":1,"tax_rate_real":1,"discount":{"percentage":0,"fixed":0},"design":{"conf":{"LabelPosition":"above","DescPosition":"above","UploadField":"custom_1","QuantityFieldStyle":"custom_1"},"css":{"LeftLabelWidth":"120px"}},"formulas":{"fmla_1708360988969136756":"(({field.select_2663a0ecdc488f.value}>=5)?(640):(({field.select_2663a0ecdc488f.value}>=4)?(520):(({field.select_2663a0ecdc488f.value}>=3)?(440):(0))))","fmla_1708364241278155361":"(({field.select_5841412719.value}>=8)?({field.select_5841412719.price}):(({field.select_5841412719.value}>=5)?({field.select_5841412719.price}):(({field.select_5841412719.value}>=3)?({field.select_5841412719.price}):(0))))"},"lookuptables":[],"clones":false,"cartKey":false}},"_links":{"self":[{"href":"https:\/\/canaryvip.com\/fr\/wp-json\/wp\/v2\/product\/11400","targetHints":{"allow":["GET"]}}],"collection":[{"href":"https:\/\/canaryvip.com\/fr\/wp-json\/wp\/v2\/product"}],"about":[{"href":"https:\/\/canaryvip.com\/fr\/wp-json\/wp\/v2\/types\/product"}],"replies":[{"embeddable":true,"href":"https:\/\/canaryvip.com\/fr\/wp-json\/wp\/v2\/comments?post=11400"}],"wp:featuredmedia":[{"embeddable":true,"href":"https:\/\/canaryvip.com\/fr\/wp-json\/wp\/v2\/media\/11401"}],"wp:attachment":[{"href":"https:\/\/canaryvip.com\/fr\/wp-json\/wp\/v2\/media?parent=11400"}],"wp:term":[{"taxonomy":"product_brand","embeddable":true,"href":"https:\/\/canaryvip.com\/fr\/wp-json\/wp\/v2\/product_brand?post=11400"},{"taxonomy":"product_cat","embeddable":true,"href":"https:\/\/canaryvip.com\/fr\/wp-json\/wp\/v2\/product_cat?post=11400"},{"taxonomy":"product_tag","embeddable":true,"href":"https:\/\/canaryvip.com\/fr\/wp-json\/wp\/v2\/product_tag?post=11400"}],"curies":[{"name":"wp","href":"https:\/\/api.w.org\/{rel}","templated":true}]}}