{"id":11386,"date":"2024-05-06T14:37:45","date_gmt":"2024-05-06T13:37:45","guid":{"rendered":"https:\/\/canaryvip.com\/?post_type=product&#038;p=11386"},"modified":"2025-08-09T12:38:08","modified_gmt":"2025-08-09T11:38:08","slug":"valkyrie-yacht-hire-tenerife","status":"publish","type":"product","link":"https:\/\/canaryvip.com\/fr\/shop\/valkyrie-yacht-hire-tenerife\/","title":{"rendered":"Location de bateaux Valkyrie Tenerife"},"content":{"rendered":"<h2>\ud83d\udee5\ufe0f Valkyrie Yacht Charter Tenerife<\/h2>\n<p>Embarquez pour une aventure en yacht priv\u00e9 \u00e0 Tenerife avec le Valkyrie Yacht de CanaryVIP, alliant luxe, d\u00e9tente et sensations fortes. <a href=\"https:\/\/canaryvip.com\/fr\/tenerife\/boat-hire-tenerife\/\">location de bateaux<\/a> le long de l'\u00e9poustouflante c\u00f4te de T\u00e9n\u00e9riffe. Ce magnifique bateau de 15 m\u00e8tres <em>Princesse 45 Mod\u00e8le r\u00e9duit<\/em> est con\u00e7u pour le confort et le style, offrant une location de yacht intime pour un maximum de 10 invit\u00e9s.<\/p>\n<h3>\u2b50\ufe0f <strong>Luxe et confort in\u00e9gal\u00e9s \u00e0 bord<\/strong><\/h3>\n<p><span style=\"text-decoration: underline;\"><strong>D\u00e9couvrez les principales caract\u00e9ristiques de la Valkyrie :<\/strong><\/span><\/p>\n<ul>\n<li>Terrasse spacieuse con\u00e7ue pour la d\u00e9tente et les vues panoramiques.<\/li>\n<li>WiFi, haut-parleurs Bluetooth et plate-forme de bain pratique.<\/li>\n<li>Cabines avec douche et toilettes priv\u00e9es, id\u00e9ales pour se changer ou se reposer.<\/li>\n<li>Mat\u00e9riel de plong\u00e9e avec tuba, palmes et planche \u00e0 pagaie pour les activit\u00e9s nautiques.<\/li>\n<\/ul>\n<h3>\ud83d\udea4 <strong>Choisissez votre excursion id\u00e9ale en bateau \u00e0 Tenerife<\/strong><\/h3>\n<h4>Voyage de 3 heures<\/h4>\n<p>Id\u00e9al pour les familles et les groupes \u00e0 la recherche d'une excursion en bateau priv\u00e9 rapide mais m\u00e9morable \u00e0 T\u00e9n\u00e9rife.<\/p>\n<ul>\n<li>Naviguez le long de la magnifique c\u00f4te de T\u00e9n\u00e9riffe et profitez-en pour observer les dauphins et les baleines.<\/li>\n<li>Ancrage pour la natation, la plong\u00e9e avec masque et tuba et le paddle-board dans les eaux claires.<\/li>\n<li>Profitez d'un open bar avec une s\u00e9lection de boissons alcoolis\u00e9es, notamment du cava, des spiritueux, des boissons m\u00e9lang\u00e9es et des bi\u00e8res, ainsi qu'une vari\u00e9t\u00e9 de boissons non alcoolis\u00e9es, chaudes et froides.<\/li>\n<li>D\u00e9gustez des pizzas cuites au four, des tortillas et des paellas chaudes \u00e0 la demande, accompagn\u00e9es d'un assortiment d'en-cas l\u00e9gers et d'amuse-gueule.<\/li>\n<\/ul>\n<h4>Exploration de 5 heures<\/h4>\n<p>D\u00e9couvrez la beaut\u00e9 de la c\u00f4te de T\u00e9n\u00e9rife et profitez de plus de temps pour faire des activit\u00e9s nautiques.<\/p>\n<ul>\n<li>Naviguez sur la remarquable c\u00f4te de T\u00e9n\u00e9riffe, en gardant un \u0153il sur la vie marine.<\/li>\n<li>Ancrage pr\u00e8s de la baie d'Arme\u00f1ime pour faire du snorkeling, nager ou se d\u00e9tendre sur le pont.<\/li>\n<li>Vous pourrez d\u00e9guster des en-cas gastronomiques, notamment des pizzas, des tortillas et des paellas chaudes personnalis\u00e9es, ainsi que des plateaux de bouch\u00e9es l\u00e9g\u00e8res et d'amuse-gueule.<\/li>\n<li>Savourez un open bar complet avec des boissons alcoolis\u00e9es et non alcoolis\u00e9es, ainsi que du caf\u00e9 chaud servi tout au long du voyage.<\/li>\n<\/ul>\n<h4>Grand tour de 8 heures<\/h4>\n<p>Plongez dans les merveilles c\u00f4ti\u00e8res de Tenerife, en vous rendant \u00e0 Los Gigantes et \u00e0 Masca.<\/p>\n<ul>\n<li>Naviguez le long de falaises et de criques spectaculaires et faites de nombreux arr\u00eats pour pratiquer des activit\u00e9s nautiques.<\/li>\n<li>Le bateau jette l'ancre dans des endroits magnifiques pour nager, manger et profiter des paysages incroyables de Tenerife.<\/li>\n<li>Profitez d'une exp\u00e9rience gastronomique compl\u00e8te avec des pizzas cuites au four, des tortillas, des paellas chaudes pr\u00e9par\u00e9es \u00e0 la demande et une vari\u00e9t\u00e9 de plateaux remplis d'en-cas l\u00e9gers et d'amuse-gueules.<\/li>\n<li>Le bar ouvert propose une vaste s\u00e9lection de boissons qui vous permettront de vous rafra\u00eechir tout au long de votre aventure.<\/li>\n<\/ul>\n<h3>\u2705 <strong>Service tout compris pour votre aventure sur un yacht priv\u00e9 \u00e0 Tenerife<\/strong><\/h3>\n<ul>\n<li>Boissons \u00e0 volont\u00e9 et snacks gourmands pour tous les \u00e2ges.<\/li>\n<li>Un \u00e9quipage amical et multilingue pr\u00eat \u00e0 vous aider, comprenant un capitaine et une serveuse.<\/li>\n<li>Des \u00e9quipements de plong\u00e9e avec tuba et des planches \u00e0 pagaie de qualit\u00e9 sup\u00e9rieure pour un plaisir sans fin.<\/li>\n<\/ul>\n<h3>\ud83d\udccd <strong>Commencez votre aventure de location de bateau \u00e0 Las Galletas<\/strong><\/h3>\n<p><a href=\"https:\/\/www.google.com\/maps\/place\/Marina+del+Sur+Tenerife.+Puerto+de+Las+Galletas.\/@28.0069667,-16.6636839,16z\/data=!3m1!4b1!4m6!3m5!1s0xc6aa271048d957b:0x66913daf70f663b3!8m2!3d28.006962!4d-16.661109!16s%2Fg%2F1tfzyr98?entry=tts\" target=\"_blank\" rel=\"noopener\">Las Galletas<\/a> est votre porte d'entr\u00e9e pour l'ultime voyage en yacht priv\u00e9 \u00e0 Tenerife, offrant un grand parking pour une exp\u00e9rience sans stress.<\/p>\n<h4>\ud83d\udcdc <strong>R\u00e9servation facile et politiques claires<\/strong><\/h4>\n<p>CanaryVIP assure un processus de r\u00e9servation sans faille avec des politiques transparentes :<\/p>\n<ul>\n<li><strong>Garantie m\u00e9t\u00e9orologique :<\/strong> Si les conditions m\u00e9t\u00e9orologiques ne sont pas favorables, vous pouvez reporter la date ou vous faire rembourser int\u00e9gralement.<\/li>\n<li><strong>Annulation flexible :<\/strong> Annulez jusqu'\u00e0 5 jours avant votre voyage pour un remboursement complet, 3-5 jours pour le 70%, et 1-3 jours pour le 35%.<\/li>\n<li><strong>Billets d'acc\u00e8s facile :<\/strong> Gardez votre carte d'embarquement \u00e0 port\u00e9e de main sur votre t\u00e9l\u00e9phone pour un embarquement sans souci.<\/li>\n<li><strong>Soins complets :<\/strong> Si vous devez mettre fin \u00e0 votre voyage plus t\u00f4t que pr\u00e9vu, l'\u00e9quipage vous aidera (bien qu'il n'y ait pas de remboursement possible).<\/li>\n<li><strong>Flexibilit\u00e9 des paiements :<\/strong> Choisissez l'option de paiement qui vous convient le mieux.<\/li>\n<\/ul>\n<p>R\u00e9servez d\u00e8s aujourd'hui votre croisi\u00e8re sur le Valkyrie Yacht avec CanaryVIP pour louer un bateau \u00e0 Tenerife et vivre une exp\u00e9rience de location de yacht priv\u00e9 comme jamais auparavant, pour des moments inoubliables en mer.<\/p>","protected":false},"excerpt":{"rendered":"<p>\ud83d\udd0d <strong>Valkyrie Yacht Charter :<\/strong><br \/>\n\u2705 Paiement s\u00e9curis\u00e9.<br \/>\n\ud83d\udd10 Visites priv\u00e9es.<br \/>\n\ud83d\udee5\ufe0f Yacht de 15 m\u00e8tres.<br \/>\n\u23f3 Visites quotidiennes de 3 \u00e0 8 heures.<br \/>\n\ud83d\udd59 Heures de d\u00e9part personnalisables.<br \/>\n\ud83c\udf74 Repas et boissons inclus.<br \/>\n\ud83d\udc65 Jusqu'\u00e0 10 personnes.<br \/>\n\ud83c\udfc4\u200d\u2640\ufe0f Planches \u00e0 pagaie incluses.<br \/>\n\ud83e\udd3f L'\u00e9quipement de plong\u00e9e avec tuba est fourni.<br \/>\n\ud83d\udd0a \u00c9coutez votre musique.<br \/>\n\ud83d\ude97 Service de transport inclus.<br \/>\n\ud83e\udd11 Meilleur prix garanti.<br \/>\n\ud83d\udc6a R\u00e9ductions activ\u00e9es.<br \/>\n\ud83d\udd01 Annulation jusqu'\u00e0 5 jours.<br \/>\n\ud83c\udf0d \u00c9quipage multilingue.<br \/>\n\ud83c\udf1f R\u00e9servez t\u00f4t et \u00e9conomisez !<br \/>\n\ud83d\udccd D\u00e9part de <a href=\"https:\/\/www.google.com\/maps\/place\/Marina+del+Sur+Tenerife.+Puerto+de+Las+Galletas.\/@28.0069667,-16.6636839,16z\/data=!3m1!4b1!4m6!3m5!1s0xc6aa271048d957b:0x66913daf70f663b3!8m2!3d28.006962!4d-16.661109!16s%2Fg%2F1tfzyr98?entry=tts\">Las Galletas<\/a>.<\/p>","protected":false},"featured_media":11387,"comment_status":"open","ping_status":"closed","template":"","meta":{"_acf_changed":false},"product_brand":[],"product_cat":[47],"product_tag":[],"class_list":{"0":"post-11386","1":"product","2":"type-product","3":"status-publish","4":"has-post-thumbnail","6":"product_cat-boat-hire-tenerife","7":"wcpa_has_options","9":"first","10":"instock","11":"virtual","12":"purchasable","13":"product-type-simple"},"acf":[],"wcpa_form_fields":{"wcpaData":{"product":{"product_price":750,"price_html":"From&nbsp;<span class=\"woocommerce-Price-amount amount\"><bdi>750,00&nbsp;<span class=\"woocommerce-Price-currencySymbol\">&euro;<\/span><\/bdi><\/span>","original_product_price":750,"price_including_tax":750,"price_excluding_tax":750,"product_id":{"parent":11386,"variation":false},"is_variable":false,"stock_status":"instock","stock_quantity":null,"parent_sku":"CV11386","product_attributes":[],"custom_fields":[],"is_taxable":false,"product_name":"Valkyrie Boat Hire Tenerife","hasImage":false},"fields":{"sec_16638eb5b2356a":{"extra":{"key":"sec_16638eb5b2356a","section_id":"sec_16638eb5b2356a","name":"Default","status":1,"cl_rule":"show","enableCl":false,"relations":[],"toggle":true,"title_tag":"h3","show_title":false,"showPrice":"default","form_id":11397,"form_rules":{"exclude_from_discount":true,"fee_label":"Fee","disp_hide_options_price":true,"disp_show_section_price":false,"disp_show_field_price":true,"layout_option":"standard","pric_use_as_fee":false,"process_fee_as":"woo_fee"},"layout_option":"standard"},"fields":[[{"label":"\ud83d\udcc5 Date","active":true,"required":true,"elementId":"date_06638eb5b2358a","picker_type":"custom","picker_mode":"single","placeholder":"","description":"","tooltip":"","name":"date_06638eb5b2358a","label_position":"default","desc_position":"default","enablePrice":false,"className":"","enableCl":false,"relations":[{"operator":"and","rules":[{"operator":"AND","rules":{"cl_field":"radio-group_565c78ffa81208","cl_relation":"is","cl_val":"3 Hour Trip"}}]}],"date_pic_inline":true,"date_pic_inline_hide":true,"min_date":{"type":"days","val":"2"},"max_date":{"type":"days","val":"365"},"date_pic_conf":{"disabledWeeks":[]},"price":"","cl_rule":"show","col":6,"type":"date","error":false,"enableDesign":false,"LabelColor":"","gt_translate_keys":["label","placeholder","description","tooltip"],"price_dependency":false,"cl_dependency":false,"value":""}],[{"contentType":"rich","active":true,"label":"","elementId":"content_86638eb5b23598","value":"<p>\ud83c\udf9f\ufe0f <strong>Reservation<\/strong>: Pay only a deposit now to reserve; the rest is due on the day of the activity upon arrival.<\/p>","inline":false,"name":"content_86638eb5b23598","enablePrice":false,"className":"","subtype":"p","enableCl":false,"relations":false,"price":"","cl_rule":"show","col":6,"type":"content","error":false,"pricingType":"custom","isTemplate":false,"is_show_price":true,"show_in_checkout":true,"gt_translate_keys":["label","value"],"price_dependency":false,"cl_dependency":false}],[{"elementId":"separator_56638eb5b235a4","separatorType":"blank","className":"","height":"3","enableCl":false,"relations":false,"cl_rule":"show","col":6,"type":"separator","error":false,"gt_translate_keys":[],"price_dependency":false,"cl_dependency":false,"value":""}],[{"active":true,"col":6,"relations":false,"cl_rule":"show","enableCl":false,"price":"","enablePrice":true,"className":"","label_position":"default","desc_position":"default","type":"select","required":true,"elementId":"select_56638eb5b235ae","label":"\u23f3 Trip Duration","name":"select_56638eb5b235ae","values":[{"label":"3 Hours (750\u20ac)","value":"1","selected":false,"tempId":"aco_556","price":"750","gt_translate_keys":["label"]},{"label":"5 Hours (1.150\u20ac)","value":"2","selected":false,"tempId":"aco_640","price":"1150","gt_translate_keys":["label"]},{"label":"8 Hours (1.600\u20ac)","value":"3","selected":false,"tempId":"aco_660","price":"1600","gt_translate_keys":["label"]}],"dropdown_type":"basic","error":false,"placeholder":"Select Trip Duration","priceOptions":"different_for_all","pricingType":"fixed","is_show_price":true,"gt_translate_keys":["label","placeholder"],"price_dependency":["content_86638eb5b235c3"],"cl_dependency":false,"value":""}],[{"elementId":"separator_86638eb5b235b9","separatorType":"fill","className":"","height":"6","enableCl":false,"relations":false,"cl_rule":"show","col":6,"type":"separator","error":false,"separatorColor":"#66a6b6","gt_translate_keys":[],"price_dependency":false,"cl_dependency":false,"value":""}],[{"active":true,"col":6,"relations":false,"cl_rule":"show","enableCl":false,"price":"{field.select_56638eb5b235ae.price}","enablePrice":true,"className":"","label_position":"default","desc_position":"default","type":"content","required":false,"elementId":"content_86638eb5b235c3","label":"Deposit Payment","name":"content_86638eb5b235c3","contentType":"plain","value":"","error":false,"pricingType":"custom","isTemplate":true,"is_show_price":false,"enableDesign":true,"scrollBar":false,"use_as_fee":false,"fee_label":"Payment Now","inline":true,"show_in_checkout":true,"subtype":"div","formulaId":"fmla_1718295979528641619","LabelSize":"14px","gt_translate_keys":["label","value"],"price_dependency":["content_36638eb5b235d5"],"cl_dependency":false}],[{"contentType":"plain","active":true,"label":"Payment at Arrival","elementId":"content_36638eb5b235cc","value":"","inline":true,"show_in_checkout":true,"name":"content_36638eb5b235cc","enablePrice":true,"className":"","fee_label":"Payment at Arrival","subtype":"div","enableCl":false,"relations":false,"scrollBar":false,"enableDesign":true,"pricingType":"custom","isTemplate":true,"price":"({field.radio-group_965c78ffa8129a.quantity}*22) + ({field.radio-group_865c78ffa812a3.quantity}*11)","use_as_fee":false,"is_show_price":true,"cl_rule":"show","col":6,"type":"content","error":false,"formulaId":"fmla_1718296441738487083","LabelSize":"14px","gt_translate_keys":["label","value"],"price_dependency":["content_36638eb5b235d5"],"cl_dependency":false}],[{"contentType":"plain","active":true,"label":"Total Price","elementId":"content_36638eb5b235d5","value":"","inline":true,"show_in_checkout":true,"name":"content_36638eb5b235d5","enablePrice":true,"className":"","fee_label":"Payment at Arrival","subtype":"div","enableCl":false,"relations":false,"scrollBar":false,"enableDesign":true,"LabelSize":"14px","pricingType":"custom","isTemplate":false,"price":"({field.content_86638eb5b235c3.price}) + ({field.content_36638eb5b235cc.price})","formulaId":"fmla_1708360988969136756","use_as_fee":false,"is_show_price":true,"cl_rule":"show","col":6,"type":"content","error":false,"gt_translate_keys":["label","value"],"price_dependency":false,"cl_dependency":false}]]},"sec_26638eb5b235d6":{"extra":{"key":"sec_26638eb5b235d6","section_id":"sec_26638eb5b235d6","name":"Pickup Location","status":1,"cl_rule":"show","enableCl":false,"relations":[],"toggle":true,"title_tag":"h4","show_title":false,"showPrice":"default","form_id":11397,"form_rules":{"exclude_from_discount":true,"fee_label":"Fee","disp_hide_options_price":true,"disp_show_section_price":false,"disp_show_field_price":true,"layout_option":"standard","pric_use_as_fee":false,"process_fee_as":"woo_fee"},"layout_option":"standard"},"fields":[[{"elementId":"separator_36638eb5b235e0","separatorType":"blank","className":"","height":"3","enableCl":false,"relations":false,"cl_rule":"show","col":6,"type":"separator","error":false,"gt_translate_keys":[],"price_dependency":false,"cl_dependency":false,"value":""}],[{"active":true,"col":6,"relations":[{"operator":false,"rules":[{"operator":"AND","rules":{"cl_field":"radio-group_565c78ffa81208","cl_relation":"is","cl_val":"3 Hour Trip"}}]}],"cl_rule":"show","enableCl":false,"price":"","enablePrice":false,"className":"","label_position":"default","desc_position":"default","type":"select","required":false,"elementId":"select_36638eb5b235e9","label":"\u23f0 Departure","name":"select_36638eb5b235e9","values":[{"label":"09:00","value":"09:00","selected":false,"tempId":"aco_1471","gt_translate_keys":["label"]},{"label":"10:00","value":"10:00","selected":false,"tempId":"aco_1472","gt_translate_keys":["label"]},{"label":"11:00","value":"11:00","selected":false,"tempId":"aco_1500","gt_translate_keys":["label"]},{"label":"12:00","value":"12:00","selected":false,"tempId":"aco_1510","gt_translate_keys":["label"]},{"label":"13:00 (1:00 PM)","value":"13:00","selected":false,"tempId":"aco_1520","gt_translate_keys":["label"]},{"label":"14:00 (2:00 PM)","value":"14:00","selected":false,"tempId":"aco_1728","gt_translate_keys":["label"]},{"label":"15:00 (3:00 PM)","value":"15:00","selected":false,"tempId":"aco_1738","gt_translate_keys":["label"]}],"dropdown_type":"basic","error":false,"placeholder":"Whichever Time is Best","gt_translate_keys":["label","placeholder"],"price_dependency":false,"cl_dependency":false,"value":""}],[{"elementId":"separator-9240792349","separatorType":"blank","className":"","height":"1","enableCl":false,"relations":false,"cl_rule":"show","col":6,"type":"separator","gt_translate_keys":[],"price_dependency":false,"cl_dependency":false,"value":""}],[{"label":"\u2705 Number of People","active":true,"required":true,"elementId":"select-6395569238","dropdown_type":"basic","placeholder":"Select Number of People","name":"select-6395569238","label_position":"default","desc_position":"default","enablePrice":false,"className":"","enableCl":false,"relations":[{"operator":false,"rules":[{"operator":"AND","rules":{"cl_field":"radio-group_565c78ffa81208","cl_relation":"is","cl_val":"3 Hour Trip"}}]}],"values":[{"label":"1 person","value":"1","selected":false,"tempId":"aco_1471","gt_translate_keys":["label"]},{"label":"2 people","value":"2","selected":false,"tempId":"aco_1472","gt_translate_keys":["label"]},{"label":"3 people","value":"3","selected":false,"tempId":"aco_1500","gt_translate_keys":["label"]},{"label":"4 people","value":"4","selected":false,"tempId":"aco_1510","gt_translate_keys":["label"]},{"label":"5 people","value":"5","selected":false,"tempId":"aco_1520","gt_translate_keys":["label"]},{"label":"6 people","value":"6","selected":false,"tempId":"aco_1728","gt_translate_keys":["label"]},{"label":"7 people","value":"7","selected":false,"tempId":"aco_1738","gt_translate_keys":["label"]},{"label":"8 people","value":"8","selected":false,"tempId":"aco_1748","gt_translate_keys":["label"]},{"label":"9 people","value":"9","selected":false,"tempId":"aco_1912","gt_translate_keys":["label"]},{"label":"10 people","value":"10","selected":false,"tempId":"aco_1922","gt_translate_keys":["label"]}],"price":"","cl_rule":"show","col":6,"type":"select","error":false,"gt_translate_keys":["label","placeholder"],"price_dependency":false,"cl_dependency":false,"value":""}],[{"elementId":"separator-8246171731","separatorType":"blank","className":"","height":"1","enableCl":false,"relations":false,"cl_rule":"show","col":6,"type":"separator","error":false,"gt_translate_keys":[],"price_dependency":false,"cl_dependency":false,"value":""}],[{"active":true,"col":6,"relations":false,"cl_rule":"show","enableCl":false,"price":"","enablePrice":false,"className":"","label_position":"default","desc_position":"default","type":"text","subtype":"text","required":false,"elementId":"text_1786063067","label":"\ud83d\ude8c Pickup Location","name":"text_1786063067","value":"","error":false,"description":"Free pick-up service in Tenerife South. Simply provide your address or hotel name.","gt_translate_keys":["label","description","value"],"price_dependency":false,"cl_dependency":false}]]}},"config":{"price_override":"always","enable_recaptcha":false,"bind_quantity":false,"quantity_bind_formula":false,"disp_summ_show_option_price":true,"disp_summ_show_product_price":false,"disp_summ_show_total_price":false,"disp_summ_show_fee":true,"disp_summ_show_discount":true,"summary_title":"","options_total_label":"Options Price","total_label":"Deposit Amount","options_product_label":"Product Price","fee_label":"Fee","discount_label":"Discount","has_price":true,"has_quantity_formula":false},"mc_unit":1,"tax_rate":1,"tax_rate_real":1,"discount":{"percentage":0,"fixed":0},"design":{"conf":{"LabelPosition":"above","DescPosition":"above","UploadField":"custom_1","QuantityFieldStyle":"custom_1"},"css":{"LeftLabelWidth":"120px"}},"formulas":{"fmla_1718295979528641619":"(({field.select_56638eb5b235ae.value}>=3)?(400):(({field.select_56638eb5b235ae.value}>=2)?(300):(({field.select_56638eb5b235ae.value}>=1)?(210):(0))))","fmla_1718296441738487083":"(({field.select_56638eb5b235ae.value}>=3)?(1200):(({field.select_56638eb5b235ae.value}>=2)?(850):(({field.select_56638eb5b235ae.value}>=1)?(540):(0))))"},"lookuptables":[],"clones":false,"cartKey":false}},"_links":{"self":[{"href":"https:\/\/canaryvip.com\/fr\/wp-json\/wp\/v2\/product\/11386","targetHints":{"allow":["GET"]}}],"collection":[{"href":"https:\/\/canaryvip.com\/fr\/wp-json\/wp\/v2\/product"}],"about":[{"href":"https:\/\/canaryvip.com\/fr\/wp-json\/wp\/v2\/types\/product"}],"replies":[{"embeddable":true,"href":"https:\/\/canaryvip.com\/fr\/wp-json\/wp\/v2\/comments?post=11386"}],"wp:featuredmedia":[{"embeddable":true,"href":"https:\/\/canaryvip.com\/fr\/wp-json\/wp\/v2\/media\/11387"}],"wp:attachment":[{"href":"https:\/\/canaryvip.com\/fr\/wp-json\/wp\/v2\/media?parent=11386"}],"wp:term":[{"taxonomy":"product_brand","embeddable":true,"href":"https:\/\/canaryvip.com\/fr\/wp-json\/wp\/v2\/product_brand?post=11386"},{"taxonomy":"product_cat","embeddable":true,"href":"https:\/\/canaryvip.com\/fr\/wp-json\/wp\/v2\/product_cat?post=11386"},{"taxonomy":"product_tag","embeddable":true,"href":"https:\/\/canaryvip.com\/fr\/wp-json\/wp\/v2\/product_tag?post=11386"}],"curies":[{"name":"wp","href":"https:\/\/api.w.org\/{rel}","templated":true}]}}