{"id":11308,"date":"2024-04-16T23:45:59","date_gmt":"2024-04-16T22:45:59","guid":{"rendered":"https:\/\/canaryvip.com\/?post_type=product&#038;p=11308"},"modified":"2025-08-09T12:39:52","modified_gmt":"2025-08-09T11:39:52","slug":"banana-boat-tenerife","status":"publish","type":"product","link":"https:\/\/canaryvip.com\/fr\/shop\/banana-boat-tenerife\/","title":{"rendered":"Banana Boat Tenerife"},"content":{"rendered":"<h2><strong>\ud83c\udf4c Banana Boat Tenerife - Vagues et rires sauvages<\/strong><\/h2>\n<p>Pr\u00e9parez-vous \u00e0 vous amuser avec notre <strong>Banana Boat Tenerife<\/strong> ! Id\u00e9ales pour les familles et les groupes, ces balades combinent vitesse, \u00e9claboussures et rires pour une journ\u00e9e m\u00e9morable sur l'eau. Nos <strong>Excursions en bateau banane<\/strong> sont une fa\u00e7on intemporelle de vivre les sensations de la mer \u00e0 Costa Adeje.<\/p>\n<h3><strong>\ud83c\udf0a Commencez votre aventure \u00e0 Puerto Col\u00f3n<\/strong><\/h3>\n<ul>\n<li><strong>Un lancement passionnant :<\/strong> Votre voyage en bateau banane commence \u00e0 <a href=\"https:\/\/maps.app.goo.gl\/bkqEhAxsobcjz9wG9\" target=\"_blank\" rel=\"noopener\">Puerto Col\u00f3n,<\/a> o\u00f9 nos guides enthousiastes vous accueilleront et vous donneront quelques consignes de s\u00e9curit\u00e9 avant que vous ne montiez \u00e0 bord de l'embl\u00e9matique radeau jaune.<\/li>\n<li><strong>Une aventure passionnante :<\/strong> Montez \u00e0 bord de la banane gonflable et accrochez-vous bien tandis que le hors-bord vous tire sur les vagues. Pr\u00e9parez-vous \u00e0 faire des plongeons et des bosses tout en riant et en criant de plaisir avec vos amis et votre famille !<\/li>\n<\/ul>\n<h3><strong>\u2728 Qu'est-ce qui rend nos promenades en bateau-banane sp\u00e9ciales ?<\/strong><\/h3>\n<ul>\n<li><strong>Amusement accessible :<\/strong> Il suffit de 15 euros par personne pour s'assurer une place dans ce sport nautique populaire, parfait pour les groupes \u00e9galement. C'est une sortie abordable et passionnante pour tout le monde !<\/li>\n<li><strong>Des \u00e9loges constants :<\/strong> Nous sommes fiers de la joie et des rires que nous procurent nos balades, comme en t\u00e9moignent les commentaires \u00e9logieux de nos clients. Votre plaisir est notre priorit\u00e9 !<\/li>\n<li><strong>R\u00e9servations flexibles :<\/strong> Changement de programme ? Vous pouvez annuler jusqu'\u00e0 24 heures \u00e0 l'avance et \u00eatre int\u00e9gralement rembours\u00e9 - nous nous engageons \u00e0 r\u00e9pondre \u00e0 vos besoins en mati\u00e8re de vacances.<\/li>\n<\/ul>\n<h3><strong>\ud83d\ude80 Faire du bateau-banane \u00e0 Tenerife<\/strong><\/h3>\n<ul>\n<li><strong>Dynamique de groupe :<\/strong> Vivez des sensations fortes avec jusqu'\u00e0 12 cavaliers. L'excitation collective et les r\u00e9actions partag\u00e9es en font une aventure inoubliable.<\/li>\n<li><strong>Sain et sauf :<\/strong> Notre \u00e9quipage qualifi\u00e9 vous garantit un voyage en toute s\u00e9curit\u00e9 du d\u00e9but \u00e0 la fin, en g\u00e9rant le bateau avec le plus grand soin afin de maximiser votre plaisir et votre s\u00e9curit\u00e9.<\/li>\n<\/ul>\n<h3><strong>\ud83c\udf1f Plus que des bananiers<\/strong><\/h3>\n<ul>\n<li>Multipliez les aventures nautiques avec des options telles que <a href=\"https:\/\/canaryvip.com\/fr\/shop\/jetski-tenerife\/\">jet ski Tenerife<\/a>, <a href=\"https:\/\/canaryvip.com\/fr\/shop\/parasailing-tenerife\/\">Parachute ascensionnel Tenerife<\/a>et m\u00eame <a href=\"https:\/\/canaryvip.com\/fr\/tenerife\/boat-excursions\/\">excursions d'observation des baleines<\/a>Le tout \u00e0 partir d'un m\u00eame lieu dynamique \u00e0 Puerto Col\u00f3n.<\/li>\n<\/ul>\n<h3>\ud83d\udcc5 <strong>R\u00e9servez d\u00e8s aujourd'hui votre balade en bateau banane \u00e0 Tenerife<\/strong><\/h3>\n<p>Que vous soyez \u00e0 la recherche de sensations fortes ou d'une activit\u00e9 de groupe amusante, nos promenades en bateau-banane offrent un m\u00e9lange parfait des deux. R\u00e9servez votre place d\u00e8s aujourd'hui et pr\u00e9parez-vous \u00e0 vivre une exp\u00e9rience exaltante sur l'eau.<\/p>\n<h3>\u2705 <strong>Qu'est-ce qui est inclus dans votre promenade en bateau banane ?<\/strong><\/h3>\n<ul>\n<li>Briefing complet sur la s\u00e9curit\u00e9 et gilets de sauvetage pour tous les participants.<\/li>\n<li>Une promenade palpitante de 10 minutes.<\/li>\n<li>Des photographies de votre aventure sont disponibles \u00e0 l'achat, pour immortaliser les moments de plaisir.<\/li>\n<\/ul>\n<h3><strong>\u2696\ufe0f R\u00e9servation fiable et annulation facile<\/strong><\/h3>\n<ul>\n<li><strong>R\u00e9servation facile :<\/strong> R\u00e9servez facilement et sachez que vous pouvez annuler jusqu'\u00e0 24 heures \u00e0 l'avance avec un remboursement complet si vos plans changent.<\/li>\n<li><strong>Tout le monde est invit\u00e9 :<\/strong> Convient aux amateurs de sensations fortes \u00e2g\u00e9s de 10 \u00e0 65 ans. Nos man\u00e8ges sont con\u00e7us pour \u00eatre accessibles \u00e0 tous et agr\u00e9ables pour tous.<\/li>\n<\/ul>\n<h3><strong>\ud83c\udf92 Pr\u00e9paration de la randonn\u00e9e<\/strong><\/h3>\n<ul>\n<li><strong>Porter un \u00e9quipement appropri\u00e9 :<\/strong> Venez en maillot de bain et soyez pr\u00eats \u00e0 vous mouiller ! N'oubliez pas d'apporter une serviette et de la cr\u00e8me solaire pour vous prot\u00e9ger du soleil.<\/li>\n<li><strong>Mettez vos objets de valeur en s\u00e9curit\u00e9 :<\/strong> Laissez vos chaussures et vos objets antid\u00e9rapants dans nos bo\u00eetes de rangement s\u00e9curis\u00e9es sur le quai. Apportez un appareil photo \u00e9tanche si vous souhaitez prendre des photos personnelles.<\/li>\n<li><strong>Sant\u00e9 et s\u00e9curit\u00e9 :<\/strong> Notre activit\u00e9 ne convient pas aux femmes enceintes, mais elle est fantastique pour presque tout le monde ! Assurez-vous d'\u00eatre pr\u00eat pour un parcours physique.<\/li>\n<\/ul>\n<h3>\u2753 <strong>Questions fr\u00e9quemment pos\u00e9es<\/strong><\/h3>\n<ul>\n<li><strong>Tout le monde peut-il participer \u00e0 une promenade en bateau-banane ?<\/strong> Oui ! Nos promenades en bateau-banane sont parfaites pour toute personne \u00e2g\u00e9e de 10 \u00e0 65 ans. Il n'est pas n\u00e9cessaire de savoir nager, car tous les participants sont \u00e9quip\u00e9s de gilets de sauvetage.<\/li>\n<li><strong>\u00c0 quoi dois-je m'attendre pendant le trajet ?<\/strong> Attendez-vous \u00e0 \u00eatre asperg\u00e9, \u00e9clabouss\u00e9 et \u00e0 rire (dans un bon esprit) ! Il s'agit avant tout de s'amuser et de vivre l'\u00e9motion de l'oc\u00e9an.<\/li>\n<\/ul>\n<h4><strong>\ud83c\udf1e Pr\u00eat \u00e0 rouler ?<\/strong><\/h4>\n<p>Plongez dans le plaisir avec nos promenades en bateau-banane \u00e0 <strong>CanaryVIP.<\/strong> R\u00e9servez d\u00e8s maintenant et pr\u00e9parez-vous \u00e0 faire des vagues dans les magnifiques mers de T\u00e9n\u00e9riffe !<\/p>","protected":false},"excerpt":{"rendered":"<p>\ud83d\udd0d <strong>Banana Boat Tenerife :<br \/>\n<\/strong>\u2705 Paiement s\u00e9curis\u00e9.<br \/>\n\ud83d\udc65 Jusqu'\u00e0 12 personnes par trajet.<br \/>\n\ud83d\ude80 Les trajets durent 10 minutes.<br \/>\n\ud83c\udfde\ufe0f Routes \u00e0 grande vitesse.<br \/>\n\ud83d\udd59 Tout au long de la journ\u00e9e.<br \/>\n\ud83d\udcc5 Disponible tous les jours.<br \/>\n\ud83e\udd11 Meilleur prix garanti.<br \/>\n\ud83d\udc6a R\u00e9ductions pour les groupes.<br \/>\n\ud83d\udd01 24h Politique d'annulation.<br \/>\n\ud83c\udf0d Prise en charge multilingue.<br \/>\n\ud83c\udf1f R\u00e9servez \u00e0 l'avance pour \u00e9conomiser.<br \/>\n\ud83d\udccd D\u00e9part de <a href=\"https:\/\/maps.app.goo.gl\/bkqEhAxsobcjz9wG9\">Puerto Col\u00f3n<\/a>.<\/p>","protected":false},"featured_media":11311,"comment_status":"open","ping_status":"closed","template":"","meta":{"_acf_changed":false},"product_brand":[],"product_cat":[53],"product_tag":[],"class_list":{"0":"post-11308","1":"product","2":"type-product","3":"status-publish","4":"has-post-thumbnail","6":"product_cat-water-sports","7":"wcpa_has_options","9":"first","10":"instock","11":"virtual","12":"purchasable","13":"product-type-simple"},"acf":[],"wcpa_form_fields":{"wcpaData":{"product":{"product_price":18,"price_html":"From&nbsp;<span class=\"woocommerce-Price-amount amount\"><bdi>18,00&nbsp;<span class=\"woocommerce-Price-currencySymbol\">&euro;<\/span><\/bdi><\/span>","original_product_price":18,"price_including_tax":18,"price_excluding_tax":18,"product_id":{"parent":11308,"variation":false},"is_variable":false,"stock_status":"instock","stock_quantity":null,"parent_sku":"CV11308","product_attributes":[],"custom_fields":[],"is_taxable":false,"product_name":"Banana Boat Tenerife","hasImage":false},"fields":{"sec_7661f1665d94fb":{"extra":{"key":"sec_7661f1665d94fb","section_id":"sec_7661f1665d94fb","name":"Default","status":1,"cl_rule":"show","enableCl":false,"relations":[],"toggle":true,"title_tag":"h3","show_title":false,"showPrice":"default","form_id":11314,"form_rules":{"exclude_from_discount":true,"fee_label":"Fee","disp_hide_options_price":true,"disp_show_section_price":false,"disp_show_field_price":true,"layout_option":"standard","pric_use_as_fee":false,"process_fee_as":"woo_fee"},"layout_option":"standard"},"fields":[[{"label":"\ud83d\udcc5 Date","active":true,"required":true,"elementId":"date_3661f1665d951b","picker_type":"custom","picker_mode":"single","placeholder":"","description":"","tooltip":"","name":"date_3661f1665d951b","label_position":"default","desc_position":"default","enablePrice":false,"className":"","enableCl":false,"relations":[{"operator":"and","rules":[{"operator":"AND","rules":{"cl_field":"radio-group_5661bc90f5e8f5","cl_relation":"is_not_empty","cl_val":"3 Hour Trip"}}]}],"date_pic_inline":true,"date_pic_inline_hide":true,"min_date":{"type":"days","val":"1"},"max_date":{"type":"days","val":"365"},"date_pic_conf":{"disabledWeeks":[]},"price":"","cl_rule":"show","col":6,"type":"date","error":false,"enableDesign":false,"LabelColor":"","gt_translate_keys":["label","placeholder","description","tooltip"],"price_dependency":false,"cl_dependency":false,"value":""}],[{"active":true,"col":6,"relations":false,"cl_rule":"show","enableCl":false,"price":"","enablePrice":false,"className":"","label_position":"default","desc_position":"default","type":"select","required":true,"elementId":"select_3477053266","label":"\u23f0 Departure Time","name":"select_3477053266","values":[{"label":"Whichever Time is Best","value":"Whichever Time is Best","selected":false,"tempId":"aco_312","gt_translate_keys":["label"]},{"label":"10:30","value":"10:30","selected":false,"tempId":"aco_313","gt_translate_keys":["label"]},{"label":"11:30","value":"11:30","selected":false,"tempId":"aco_314","gt_translate_keys":["label"]},{"label":"12:30 ","value":"12:30","selected":false,"tempId":"aco_711","gt_translate_keys":["label"]},{"label":"13:30","value":"13:30","selected":false,"tempId":"aco_721","gt_translate_keys":["label"]},{"label":"14:30","value":"14:30","selected":false,"tempId":"aco_983","gt_translate_keys":["label"]},{"label":"15:30","value":"15:30","selected":false,"tempId":"aco_993","gt_translate_keys":["label"]},{"label":"16:30","value":"16:30","selected":false,"tempId":"aco_1183","gt_translate_keys":["label"]}],"dropdown_type":"basic","error":false,"multiple":false,"placeholder":"None","gt_translate_keys":["label","placeholder"],"price_dependency":false,"cl_dependency":false,"value":""}],[{"active":true,"col":6,"relations":[{"operator":false,"rules":[{"operator":"AND","rules":{"cl_field":"","cl_relation":"","cl_val":""}}]}],"cl_rule":"show","enableCl":true,"price":"18","enablePrice":true,"className":"","label_position":"default","desc_position":"default","type":"radio-group","required":false,"elementId":"radio-group_0661f1665d9537","label":"","name":"radio-group_0661f1665d9537","values":[{"label":"\ud83d\udc64 People (18\u20ac)","value":"People","selected":true,"tempId":"aco_32","tooltip":"","description":"","gt_translate_keys":["label","tooltip","description"]}],"layOut":"","error":false,"checkUi":"button","priceOptions":"fixed_for_all","pricingType":"fixed","enable_quantity":true,"quantity_label":"","min_quantity":"0","options_tooltip":true,"options_description":true,"is_show_price":true,"gt_translate_keys":["label","quantity_label"],"price_dependency":["content_2802764779","content-8155931385","content-8167489432"],"cl_dependency":false,"value":""}],[{"active":true,"col":6,"relations":false,"cl_rule":"show","enableCl":false,"price":"","enablePrice":false,"className":"","label_position":"default","desc_position":"default","type":"separator","required":false,"elementId":"separator_2804989181","label":"Separator Field","height":"6","separatorType":"fill","error":false,"separatorColor":"#66a5b6","gt_translate_keys":["label"],"price_dependency":false,"cl_dependency":false,"value":""}],[{"active":true,"col":6,"relations":false,"cl_rule":"show","enableCl":false,"price":"{field.radio-group_0661f1665d9537.price}*0.30","enablePrice":true,"className":"","label_position":"default","desc_position":"default","type":"content","required":false,"elementId":"content_2802764779","label":"Deposit Now","name":"content_2802764779","contentType":"plain","value":"","error":false,"subtype":"div","inline":true,"show_in_checkout":true,"pricingType":"custom","isTemplate":false,"gt_translate_keys":["label","value"],"price_dependency":false,"cl_dependency":false}],[{"contentType":"plain","active":true,"label":"Payment at Arrival","elementId":"content-8155931385","value":"","inline":true,"show_in_checkout":true,"name":"content-8155931385","enablePrice":true,"className":"","subtype":"div","enableCl":false,"relations":false,"pricingType":"custom","isTemplate":false,"price":"{field.radio-group_0661f1665d9537.price}*0.70","is_show_price":true,"cl_rule":"show","col":6,"type":"content","error":false,"gt_translate_keys":["label","value"],"price_dependency":false,"cl_dependency":false}],[{"contentType":"plain","active":true,"label":"Total Price","elementId":"content-8167489432","value":"","inline":true,"show_in_checkout":true,"name":"content-8167489432","enablePrice":true,"className":"","subtype":"div","enableCl":false,"relations":false,"pricingType":"custom","isTemplate":false,"price":"{field.radio-group_0661f1665d9537.price}","is_show_price":true,"cl_rule":"show","col":6,"type":"content","error":false,"gt_translate_keys":["label","value"],"price_dependency":false,"cl_dependency":false}]]}},"config":{"price_override":"always","enable_recaptcha":false,"bind_quantity":false,"quantity_bind_formula":false,"disp_summ_show_option_price":true,"disp_summ_show_product_price":false,"disp_summ_show_total_price":true,"disp_summ_show_fee":true,"disp_summ_show_discount":true,"summary_title":"","options_total_label":"Options Price","total_label":"Total Amount","options_product_label":"Product Price","fee_label":"Fee","discount_label":"Discount","has_price":true,"has_quantity_formula":false},"mc_unit":1,"tax_rate":1,"tax_rate_real":1,"discount":{"percentage":0,"fixed":0},"design":{"conf":{"LabelPosition":"above","DescPosition":"above","UploadField":"custom_1","QuantityFieldStyle":"custom_1"},"css":{"LeftLabelWidth":"120px"}},"formulas":[],"lookuptables":[],"clones":false,"cartKey":false}},"_links":{"self":[{"href":"https:\/\/canaryvip.com\/fr\/wp-json\/wp\/v2\/product\/11308","targetHints":{"allow":["GET"]}}],"collection":[{"href":"https:\/\/canaryvip.com\/fr\/wp-json\/wp\/v2\/product"}],"about":[{"href":"https:\/\/canaryvip.com\/fr\/wp-json\/wp\/v2\/types\/product"}],"replies":[{"embeddable":true,"href":"https:\/\/canaryvip.com\/fr\/wp-json\/wp\/v2\/comments?post=11308"}],"wp:featuredmedia":[{"embeddable":true,"href":"https:\/\/canaryvip.com\/fr\/wp-json\/wp\/v2\/media\/11311"}],"wp:attachment":[{"href":"https:\/\/canaryvip.com\/fr\/wp-json\/wp\/v2\/media?parent=11308"}],"wp:term":[{"taxonomy":"product_brand","embeddable":true,"href":"https:\/\/canaryvip.com\/fr\/wp-json\/wp\/v2\/product_brand?post=11308"},{"taxonomy":"product_cat","embeddable":true,"href":"https:\/\/canaryvip.com\/fr\/wp-json\/wp\/v2\/product_cat?post=11308"},{"taxonomy":"product_tag","embeddable":true,"href":"https:\/\/canaryvip.com\/fr\/wp-json\/wp\/v2\/product_tag?post=11308"}],"curies":[{"name":"wp","href":"https:\/\/api.w.org\/{rel}","templated":true}]}}